{"id":4,"date":"2018-02-17T01:08:05","date_gmt":"2018-02-17T01:08:05","guid":{"rendered":"https:\/\/internetandtechaa.wordpress.com\/?page_id=4"},"modified":"2026-03-17T17:13:48","modified_gmt":"2026-03-18T00:13:48","slug":"home","status":"publish","type":"page","link":"https:\/\/internetaddictsanonymous.org\/haw\/","title":{"rendered":"N\u0101 mea ho\u02bbopilikia p\u016bnaewele a me ka \u02bbenehana Anonymous"},"content":{"rendered":"<p>Welina mai i ka P\u016bnaewele a me n\u0101 \u02bbIkehana \u02bbAnonymous! Hau\u02bboli m\u0101kou ua loa\u02bba i\u0101 \u02bboe m\u0101kou, a ke lana nei ko m\u0101kou mana\u02bbo e hiki i ko m\u0101kou kai\u0101ulu ke k\u014dkua i\u0101 \u02bboe e like me ia no m\u0101kou.<strong> <mark style=\"background-color:rgba(0, 0, 0, 0)\" class=\"has-inline-color has-dark-gray-color\">\u02bbO ka ITAA kahi hui \u02bbumik\u016bm\u0101lua-\u02bbanu\u02bbu o n\u0101 po\u02bbe e k\u0101ko\u02bbo ana kekahi i kekahi i ka ho\u02bb\u014dla \u02bbana mai ka ma\u02bbi p\u016bnaewele a me ka \u02bbenehana.<\/mark><\/strong> Ho\u02bbokomo p\u016b k\u0113ia i ka ma\u02bbi p\u0101pili kaiapili, ka ma\u02bbi kelepona, ka ma\u02bbi wiki\u014d, ka ma\u02bbi k\u012bw\u012b, ka ma\u02bbi p\u0101\u02bbani, ka ma\u02bbi n\u016bhou, ka ma\u02bbi ponokala, n\u0101 polokalamu pili, ka noi\u02bbi p\u016bnaewele, ke k\u016b\u02bbai p\u016bnaewele, ka ma\u02bbi AI, a i \u02bbole kekahi hana kikoho\u02bbe \u02bb\u0113 a\u02bbe e lilo i mea ho\u02bbokaumaha a pilikia.&nbsp;<\/p>\n\n\n\n<h3 class=\"wp-block-heading\">K\u014dkua manuahi no ka \u02bbAi \u02bbana i ka P\u016bnaewele a me ka \u02bbenehana<\/h3>\n\n\n\n<p>Me ka n\u0101n\u0101 \u02bbole i ka nui a i \u02bbole ka li\u02bbili\u02bbi o kou pilikia, paipai m\u0101kou i\u0101 \u02bboe e ho\u02bb\u0101\u02bbo e hele i kekahi o k\u0101 m\u0101kou mau h\u0101l\u0101wai i k\u0113l\u0101 me k\u0113ia l\u0101 e \u02bbike ai in\u0101 hiki i ka ITAA ke k\u014dkua i\u0101 \u02bboe. He manuahi k\u0101 m\u0101kou mau h\u0101l\u0101wai a wehe \u02bbia i n\u0101 mea a pau e hakak\u0101 nei me ka ho\u02bbohana p\u016bnaewele ho\u02bbopa\u02bba. Palekana, palekana, a inoa \u02bbole n\u0101 h\u0101l\u0101wai. He \u02bboko\u02bba loa ka ITAA, a aia i k\u0101 m\u0101kou mau h\u0101l\u0101wai n\u0101 l\u0101l\u0101 o n\u0101 makahiki \u0101pau, n\u0101 k\u0101ne, a me n\u0101 l\u0101hui mai ka honua holo\u02bboko\u02bba. Ma waho a\u02bbe o ka \u02bb\u014dlelo Pelekania, loa\u02bba p\u016b kekahi i\u0101 m\u0101kou n\u0101 h\u0101l\u0101wai ma <a href=\"https:\/\/internetaddictsanonymous.org\/fr\/itaa-en-francais\/\">Palani<\/a>, <a href=\"https:\/\/internetaddictsanonymous.org\/es\/espanol\/\">Kepania<\/a>, <a href=\"https:\/\/internetaddictsanonymous.org\/ru\/itaa-%d0%bd%d0%b0-%d1%80%d1%83%d1%81%d1%81%d0%ba%d0%be%d0%bc-%d1%8f%d0%b7%d1%8b%d0%ba%d0%b5\/\">Lukia<\/a>, <a href=\"https:\/\/internetaddictsanonymous.org\/de\/itaa-in-german\/\">Alemania<\/a>, <a href=\"https:\/\/internetaddictsanonymous.org\/he\/%d7%90%d7%99%d7%98%d7%90-%d7%91%d7%a2%d7%91%d7%a8%d7%99%d7%aa\/\">Hepela<\/a>, <a href=\"https:\/\/internetaddictsanonymous.org\/ar\/itaa-%d8%a8%d8%a7%d9%84%d9%84%d8%ba%d8%a9-%d8%a7%d9%84%d8%b9%d8%b1%d8%a8%d9%8a%d8%a9\/\">Apapika<\/a>, <a href=\"https:\/\/internetaddictsanonymous.org\/pt\/portuguese\/\">Pukik\u012b<\/a>, <a href=\"https:\/\/internetaddictsanonymous.org\/pl\/itaa-in-polish\/\">P\u014dlani<\/a>, <a href=\"https:\/\/internetaddictsanonymous.org\/nl\/nederlands\/\" type=\"link\" id=\"https:\/\/internetaddictsanonymous.org\/nl\/nederlands\/\">H\u014dlani<\/a> a me <a href=\"https:\/\/internetaddictsanonymous.org\/fa\/itaa-in-persian\/\">Pelekia<\/a>. Hiki paha i\u0101 \u02bboe ke loa\u02bba kahi h\u0101l\u0101wai k\u016bloko, pilikino ma <a href=\"https:\/\/internetaddictsanonymous.org\/haw\/local-internet-addiction-meetings\/\">kou k\u016blanakauhale<\/a>.<\/p>\n\n\n\n<div class=\"wp-block-buttons is-content-justification-left is-layout-flex wp-container-core-buttons-is-layout-fdcfc74e wp-block-buttons-is-layout-flex\">\n<div class=\"wp-block-button has-custom-width wp-block-button__width-50 is-style-fill\"><a class=\"wp-block-button__link has-white-color has-blue-background-color has-text-color has-background has-custom-font-size wp-element-button\" href=\"https:\/\/internetaddictsanonymous.org\/haw\/na-halawai-punaewele\/\" style=\"border-radius:100px;font-size:25px;font-style:normal;font-weight:900\">E hui p\u016b me kahi h\u0101l\u0101wai<\/a><\/div>\n<\/div>\n\n\n\n<p><br>  <\/p>\n\n\n\n<h3 class=\"wp-block-heading\">N\u0101 kumuwaiwai ho\u02bbohuihui p\u016bnaewele a me ka \u02bbenehana<\/h3>\n\n\n\n<p>In\u0101 \u02bboe e no\u02bbono\u02bbo nei in\u0101 he mea ho\u02bbohui p\u016bnaewele a me ka \u02bbenehana paha k\u0101u, hiki i\u0101 \u02bboe ke n\u0101n\u0101 i k\u0101 m\u0101kou mau n\u012bnau n\u012bnau no <a href=\"https:\/\/internetaddictsanonymous.org\/haw\/ka-ho%ca%bbopili-%ca%bbana-i-ka-punaewele-a-me-ka-%ca%bbenehana\/\">ka ma\u02bbi \u02bbona p\u016bnaewele<\/a>, <a href=\"https:\/\/internetaddictsanonymous.org\/haw\/ka-ho%ca%bbopili-%ca%bbana-i-ka-punaewele-a-me-ka-%ca%bbenehana\/ka-ma%ca%bbi-papili-kaiapili\/\">ka ma\u02bbi p\u0101pili kaiapili<\/a>, <a href=\"https:\/\/internetaddictsanonymous.org\/haw\/ka-ma%ca%bbi-%ca%bbona-punaewele\/ka-ho%ca%bbopili-%ca%bbana-i-ke-kahe-%ca%bbana\/\">ka ho\u02bbopili \u02bbana i ke kahe \u02bbana<\/a>, <a href=\"https:\/\/internetaddictsanonymous.org\/haw\/ka-ho%ca%bbopili-%ca%bbana-i-ka-punaewele-a-me-ka-%ca%bbenehana\/ka-ma%ca%bbi-kelepona\/\">ka ma\u02bbi kelepona<\/a>, <a href=\"https:\/\/internetaddictsanonymous.org\/haw\/ka-ho%ca%bbopili-%ca%bbana-i-ka-punaewele-a-me-ka-%ca%bbenehana\/ka-ma%ca%bbi-pa%ca%bbani-wikio\/\">ka ma\u02bbi p\u0101\u02bbani wiki\u014d<\/a>, <a href=\"https:\/\/internetaddictsanonymous.org\/haw\/na-mea-ho%ca%bbopilikia-punaewele-a-me-ka-%ca%bbenehana-inoa-%ca%bbole\/ho%ca%bbopilikia-i-ka-porn\/\">ho\u02bbopilikia i ka porn<\/a>, a i \u02bbole <a href=\"https:\/\/internetaddictsanonymous.org\/haw\/ka-ho%ca%bbopili-%ca%bbana-i-ka-punaewele-a-me-ka-%ca%bbenehana\/ka-ho%ca%bbopili-%ca%bbike\/\">ka ho\u02bbopili \u02bbike<\/a>. Hiki i\u0101 \u02bboe ke a\u02bbo hou a\u02bbe e pili ana i\u0101 ITAA ma ka heluhelu \u02bbana i k\u0101 m\u0101kou&nbsp;<a href=\"https:\/\/internetaddictsanonymous.org\/haw\/alaka%ca%bbi-no-na-po%ca%bbe-hou\/\">alaka\u02bbi no n\u0101 po\u02bbe hou<\/a>, e n\u0101n\u0101 hou ana i k\u0101 m\u0101kou <a href=\"https:\/\/internetaddictsanonymous.org\/haw\/na-kumuwaiwai\/na-mea-hana-hoola\/\">n\u0101 mea hana ho&#039;\u014dla<\/a>, a i \u02bbole e ho\u02bbolohe ana <a href=\"https:\/\/internetaddictsanonymous.org\/haw\/na-mo%ca%bbolelo-ho%ca%bbola\/\">n\u0101 mo\u02bbolelo ho&#039;\u014dla o n\u0101 l\u0101l\u0101<\/a>.<\/p>\n\n\n\n<p>\u02bbA\u02bbole pili \u02bbo ITAA me kekahi papahana politika, ho\u02bbomana, a i \u02bbole n\u0101 makemake o waho. K\u0101ko\u02bbo piha m\u0101kou i\u0101 m\u0101kou iho a k\u016b\u02bboko\u02bba i ka po\u02bbe a pau e pono ai. \u02bbO k\u0101 m\u0101kou pahuhopu ho\u02bbokahi ka pale \u02bbana i ka ho\u02bbohana \u02bbana i ka p\u016bnaewele a me ka \u02bbenehana a me ke k\u014dkua \u02bbana i n\u0101 po\u02bbe \u02bb\u0113 a\u02bbe e loa\u02bba ke k\u016b\u02bboko\u02bba mai k\u0113ia \u02bbano ho\u02bboma\u02bbama\u02bba.<\/p>\n\n\n\n<p>Welina hou! Ke lana nei ko m\u0101kou mana\u02bbo e hiki i k\u0113ia kai\u0101ulu ke h\u0101\u02bbawi i ke k\u0101ko\u02bbo \u0101u e pono ai i kou ho\u02bb\u014dla \u02bbana mai ka ma\u02bbi p\u016bnaewele a me ka \u02bbenehana. Mai k\u0101nalua e <a href=\"https:\/\/internetaddictsanonymous.org\/haw\/ho%ca%bboka%ca%bba%ca%bbike\/\">e ho\u02bbopili aku<\/a> in\u0101 he mau n\u012bnau k\u0101u.<br>  <\/p>\n\n\n<p><em>Website last updated: April 2, 2026 @ 7:26 am GMT<\/em><\/p>\n<!-- PMB print buttons is only displayed on a single post\/page URLs-->","protected":false},"excerpt":{"rendered":"<p>Welina mai i ka P\u016bnaewele a me n\u0101 \u02bbIkehana \u02bbIke \u02bbole! Hau\u02bboli m\u0101kou ua loa\u02bba i\u0101 \u02bboe m\u0101kou, a ke mana\u02bbolana nei m\u0101kou e hiki i ko m\u0101kou kai\u0101ulu ke k\u014dkua i\u0101 \u02bboe e like me ia no m\u0101kou. \u02bbO ITAA kahi hui \u02bbumik\u016bm\u0101lua-\u02bbanu\u02bbu o n\u0101 k\u0101naka e k\u0101ko\u02bbo ana kekahi i kekahi i ka ho\u02bb\u014dla \u02bbana mai ka ho\u02bbopili p\u016bnaewele a me ka \u02bbenehana. Ho\u02bbokomo p\u016b k\u0113ia i ka ho\u02bbopili p\u0101pili kaiapili, ka ho\u02bbopili kelepona, n\u0101 wiki\u014d \u2026 <a href=\"https:\/\/internetaddictsanonymous.org\/haw\/\" class=\"more-link\">E ho\u02bbomau i ka heluhelu \u02bbana <span class=\"screen-reader-text\">N\u0101 mea ho\u02bbopilikia p\u016bnaewele a me ka \u02bbenehana Anonymous<\/span><\/a><\/p>","protected":false},"author":35194237,"featured_media":0,"parent":0,"menu_order":1,"comment_status":"closed","ping_status":"closed","template":"full-width-page.php","meta":{"inline_featured_image":false,"_lmt_disableupdate":"no","_lmt_disable":"","jetpack_post_was_ever_published":false,"footnotes":""},"tags":[655524906,307668,655524904,655524816,655524905,6271859,534293,1410996,3250287],"class_list":["post-4","page","type-page","status-publish","hentry","tag-balanced-technology-use","tag-internet-addiction","tag-internet-addicts-anonymous","tag-internet-and-technology-addiction","tag-mindful-internet-use","tag-online-shopping-addiction","tag-support-group","tag-technology-addiction","tag-youtube-addiction"],"yoast_head":"<!-- This site is optimized with the Yoast SEO plugin v27.3 - https:\/\/yoast.com\/product\/yoast-seo-wordpress\/ -->\n<title>Internet and Technology Addicts Anonymous | Receive Free Help &amp; Support<\/title>\n<meta name=\"description\" content=\"An active international 12-step fellowship for internet and technology addiction, with meetings every day. Join meetings by phone, computer, or in person.\" \/>\n<meta name=\"robots\" content=\"index, follow, max-snippet:-1, max-image-preview:large, max-video-preview:-1\" \/>\n<link rel=\"canonical\" href=\"https:\/\/internetaddictsanonymous.org\/haw\/\" \/>\n<meta property=\"og:locale\" content=\"en_US\" \/>\n<meta property=\"og:type\" content=\"article\" \/>\n<meta property=\"og:title\" content=\"Internet and Technology Addicts Anonymous | Receive Free Help &amp; Support\" \/>\n<meta property=\"og:description\" content=\"An active international 12-step fellowship for internet and technology addiction, with meetings every day. Join meetings by phone, computer, or in person.\" \/>\n<meta property=\"og:url\" content=\"https:\/\/internetaddictsanonymous.org\/haw\/\" \/>\n<meta property=\"og:site_name\" content=\"Internet and Technology Addicts Anonymous\" \/>\n<meta property=\"article:modified_time\" content=\"2026-03-18T00:13:48+00:00\" \/>\n<meta name=\"twitter:card\" content=\"summary_large_image\" \/>\n<meta name=\"twitter:label1\" content=\"Est. reading time\" \/>\n\t<meta name=\"twitter:data1\" content=\"2 minutes\" \/>\n<script type=\"application\/ld+json\" class=\"yoast-schema-graph\">{\"@context\":\"https:\\\/\\\/schema.org\",\"@graph\":[{\"@type\":\"WebPage\",\"@id\":\"https:\\\/\\\/internetaddictsanonymous.org\\\/\",\"url\":\"https:\\\/\\\/internetaddictsanonymous.org\\\/\",\"name\":\"Internet and Technology Addicts Anonymous | Receive Free Help & Support\",\"isPartOf\":{\"@id\":\"https:\\\/\\\/internetaddictsanonymous.org\\\/#website\"},\"datePublished\":\"2018-02-17T01:08:05+00:00\",\"dateModified\":\"2026-03-18T00:13:48+00:00\",\"description\":\"An active international 12-step fellowship for internet and technology addiction, with meetings every day. Join meetings by phone, computer, or in person.\",\"breadcrumb\":{\"@id\":\"https:\\\/\\\/internetaddictsanonymous.org\\\/#breadcrumb\"},\"inLanguage\":\"haw-US\",\"potentialAction\":[{\"@type\":\"ReadAction\",\"target\":[\"https:\\\/\\\/internetaddictsanonymous.org\\\/\"]}]},{\"@type\":\"BreadcrumbList\",\"@id\":\"https:\\\/\\\/internetaddictsanonymous.org\\\/#breadcrumb\",\"itemListElement\":[{\"@type\":\"ListItem\",\"position\":1,\"name\":\"Home\",\"item\":\"https:\\\/\\\/internetaddictsanonymous.org\\\/\"},{\"@type\":\"ListItem\",\"position\":2,\"name\":\"Internet and Technology Addicts Anonymous\"}]},{\"@type\":\"WebSite\",\"@id\":\"https:\\\/\\\/internetaddictsanonymous.org\\\/#website\",\"url\":\"https:\\\/\\\/internetaddictsanonymous.org\\\/\",\"name\":\"Internet and Technology Addicts Anonymous\",\"description\":\"Worldwide 12-step Fellowship for Internet and Technology Addiction\",\"publisher\":{\"@id\":\"https:\\\/\\\/internetaddictsanonymous.org\\\/#organization\"},\"potentialAction\":[{\"@type\":\"SearchAction\",\"target\":{\"@type\":\"EntryPoint\",\"urlTemplate\":\"https:\\\/\\\/internetaddictsanonymous.org\\\/?s={search_term_string}\"},\"query-input\":{\"@type\":\"PropertyValueSpecification\",\"valueRequired\":true,\"valueName\":\"search_term_string\"}}],\"inLanguage\":\"haw-US\"},{\"@type\":\"Organization\",\"@id\":\"https:\\\/\\\/internetaddictsanonymous.org\\\/#organization\",\"name\":\"Internet and Technology Addicts Anonymous\",\"url\":\"https:\\\/\\\/internetaddictsanonymous.org\\\/\",\"logo\":{\"@type\":\"ImageObject\",\"inLanguage\":\"haw-US\",\"@id\":\"https:\\\/\\\/internetaddictsanonymous.org\\\/#\\\/schema\\\/logo\\\/image\\\/\",\"url\":\"https:\\\/\\\/internetaddictsanonymous.org\\\/wp-content\\\/uploads\\\/2023\\\/01\\\/cropped-ITAA-logo-480px.png\",\"contentUrl\":\"https:\\\/\\\/internetaddictsanonymous.org\\\/wp-content\\\/uploads\\\/2023\\\/01\\\/cropped-ITAA-logo-480px.png\",\"width\":480,\"height\":480,\"caption\":\"Internet and Technology Addicts Anonymous\"},\"image\":{\"@id\":\"https:\\\/\\\/internetaddictsanonymous.org\\\/#\\\/schema\\\/logo\\\/image\\\/\"}}]}<\/script>\n<!-- \/ Yoast SEO plugin. -->","yoast_head_json":{"title":"\u02bbA\u02bbohe inoa o ka po\u02bbe ho\u02bbopilikia i ka p\u016bnaewele a me ka \u02bbenehana | E loa\u02bba i\u0101 \u02bboe ke k\u014dkua a me ke k\u0101ko\u02bbo manuahi","description":"He pilina honua 12-\u02bbanu\u02bbu ikaika no ka ho\u02bbopili \u02bbana i ka p\u016bnaewele a me ka \u02bbenehana, me n\u0101 h\u0101l\u0101wai i k\u0113l\u0101 me k\u0113ia l\u0101. E hui p\u016b me n\u0101 h\u0101l\u0101wai ma ke kelepona, kamepiula, a i \u02bbole ma ke kino.","robots":{"index":"index","follow":"follow","max-snippet":"max-snippet:-1","max-image-preview":"max-image-preview:large","max-video-preview":"max-video-preview:-1"},"canonical":"https:\/\/internetaddictsanonymous.org\/haw\/","og_locale":"en_US","og_type":"article","og_title":"Internet and Technology Addicts Anonymous | Receive Free Help & Support","og_description":"An active international 12-step fellowship for internet and technology addiction, with meetings every day. Join meetings by phone, computer, or in person.","og_url":"https:\/\/internetaddictsanonymous.org\/haw\/","og_site_name":"Internet and Technology Addicts Anonymous","article_modified_time":"2026-03-18T00:13:48+00:00","twitter_card":"summary_large_image","twitter_misc":{"Est. reading time":"2 minutes"},"schema":{"@context":"https:\/\/schema.org","@graph":[{"@type":"WebPage","@id":"https:\/\/internetaddictsanonymous.org\/","url":"https:\/\/internetaddictsanonymous.org\/","name":"\u02bbA\u02bbohe inoa o ka po\u02bbe ho\u02bbopilikia i ka p\u016bnaewele a me ka \u02bbenehana | E loa\u02bba i\u0101 \u02bboe ke k\u014dkua a me ke k\u0101ko\u02bbo manuahi","isPartOf":{"@id":"https:\/\/internetaddictsanonymous.org\/#website"},"datePublished":"2018-02-17T01:08:05+00:00","dateModified":"2026-03-18T00:13:48+00:00","description":"He pilina honua 12-\u02bbanu\u02bbu ikaika no ka ho\u02bbopili \u02bbana i ka p\u016bnaewele a me ka \u02bbenehana, me n\u0101 h\u0101l\u0101wai i k\u0113l\u0101 me k\u0113ia l\u0101. E hui p\u016b me n\u0101 h\u0101l\u0101wai ma ke kelepona, kamepiula, a i \u02bbole ma ke kino.","breadcrumb":{"@id":"https:\/\/internetaddictsanonymous.org\/#breadcrumb"},"inLanguage":"haw-US","potentialAction":[{"@type":"ReadAction","target":["https:\/\/internetaddictsanonymous.org\/"]}]},{"@type":"BreadcrumbList","@id":"https:\/\/internetaddictsanonymous.org\/#breadcrumb","itemListElement":[{"@type":"ListItem","position":1,"name":"Home","item":"https:\/\/internetaddictsanonymous.org\/"},{"@type":"ListItem","position":2,"name":"Internet and Technology Addicts Anonymous"}]},{"@type":"WebSite","@id":"https:\/\/internetaddictsanonymous.org\/#website","url":"https:\/\/internetaddictsanonymous.org\/","name":"N\u0101 mea ho\u02bbopilikia p\u016bnaewele a me ka \u02bbenehana Anonymous","description":"\u02bbO ka Fellowship honua 12-step no ka ho\u02bbohui \u02bbana i ka P\u016bnaewele a me ka \u02bbenehana","publisher":{"@id":"https:\/\/internetaddictsanonymous.org\/#organization"},"potentialAction":[{"@type":"SearchAction","target":{"@type":"EntryPoint","urlTemplate":"https:\/\/internetaddictsanonymous.org\/?s={search_term_string}"},"query-input":{"@type":"PropertyValueSpecification","valueRequired":true,"valueName":"search_term_string"}}],"inLanguage":"haw-US"},{"@type":"Organization","@id":"https:\/\/internetaddictsanonymous.org\/#organization","name":"N\u0101 mea ho\u02bbopilikia p\u016bnaewele a me ka \u02bbenehana Anonymous","url":"https:\/\/internetaddictsanonymous.org\/","logo":{"@type":"ImageObject","inLanguage":"haw-US","@id":"https:\/\/internetaddictsanonymous.org\/#\/schema\/logo\/image\/","url":"https:\/\/internetaddictsanonymous.org\/wp-content\/uploads\/2023\/01\/cropped-ITAA-logo-480px.png","contentUrl":"https:\/\/internetaddictsanonymous.org\/wp-content\/uploads\/2023\/01\/cropped-ITAA-logo-480px.png","width":480,"height":480,"caption":"Internet and Technology Addicts Anonymous"},"image":{"@id":"https:\/\/internetaddictsanonymous.org\/#\/schema\/logo\/image\/"}}]}},"jetpack_sharing_enabled":false,"jetpack_shortlink":"https:\/\/wp.me\/P9Fwob-4","_links":{"self":[{"href":"https:\/\/internetaddictsanonymous.org\/haw\/wp-json\/wp\/v2\/pages\/4","targetHints":{"allow":["GET"]}}],"collection":[{"href":"https:\/\/internetaddictsanonymous.org\/haw\/wp-json\/wp\/v2\/pages"}],"about":[{"href":"https:\/\/internetaddictsanonymous.org\/haw\/wp-json\/wp\/v2\/types\/page"}],"author":[{"embeddable":true,"href":"https:\/\/internetaddictsanonymous.org\/haw\/wp-json\/wp\/v2\/users\/35194237"}],"replies":[{"embeddable":true,"href":"https:\/\/internetaddictsanonymous.org\/haw\/wp-json\/wp\/v2\/comments?post=4"}],"version-history":[{"count":100,"href":"https:\/\/internetaddictsanonymous.org\/haw\/wp-json\/wp\/v2\/pages\/4\/revisions"}],"predecessor-version":[{"id":21125,"href":"https:\/\/internetaddictsanonymous.org\/haw\/wp-json\/wp\/v2\/pages\/4\/revisions\/21125"}],"wp:attachment":[{"href":"https:\/\/internetaddictsanonymous.org\/haw\/wp-json\/wp\/v2\/media?parent=4"}],"wp:term":[{"taxonomy":"post_tag","embeddable":true,"href":"https:\/\/internetaddictsanonymous.org\/haw\/wp-json\/wp\/v2\/tags?post=4"}],"curies":[{"name":"wp","href":"https:\/\/api.w.org\/{rel}","templated":true}]}}