{"id":42,"date":"2018-02-17T02:04:58","date_gmt":"2018-02-17T02:04:58","guid":{"rendered":"https:\/\/internetandtechaa.wordpress.com\/?page_id=42"},"modified":"2023-01-30T20:17:53","modified_gmt":"2023-01-31T01:17:53","slug":"na-kumuwaiwai","status":"publish","type":"page","link":"https:\/\/internetaddictsanonymous.org\/haw\/resources\/","title":{"rendered":"N\u0101 Kumuwaiwai"},"content":{"rendered":"<p>Welina mai i ITAA! Maanei hiki i\u0101 \u02bboe ke loa\u02bba kahi papa inoa o n\u0101 kumuwaiwai k\u014dkua e hiki ke k\u014dkua i\u0101 \u02bboe i kou ho\u02bbomaka \u02bbana i k\u0101u huaka\u02bbi ho\u02bb\u014dla.<\/p>\n<p><strong><a href=\"https:\/\/internetaddictsanonymous.org\/haw\/12-mau-%ca%bbanu%ca%bbu-o-ka-itaa\/\">\u02bbO n\u0101 \u02bbanu\u02bbu he \u02bbumik\u016bm\u0101lua a me n\u0101 ku\u02bbuna he \u02bbumik\u016bm\u0101lua o ITAA<\/a><br \/>\n<\/strong>N\u0101 kumumana\u02bbo alaka\u02bbi o k\u0101 m\u0101kou papahana.<\/p>\n<p><strong><a href=\"https:\/\/internetaddictsanonymous.org\/haw\/alaka%ca%bbi-no-na-po%ca%bbe-hou\/\">He Alaka\u02bbi no n\u0101 Po\u02bbe Hou<\/a><br \/>\n<\/strong>He papa inoa o \u02bbeono mau mana\u02bbo ma\u02bbalahi no ka ho\u02bbomaka \u02bbana ma ITAA.<\/p>\n<p><strong><a href=\"https:\/\/internetaddictsanonymous.org\/haw\/na-mo%ca%bbolelo-ho%ca%bbola\/\">N\u0101 Mo\u02bbolelo Ho\u02bb\u014dla<\/a><br \/>\n<\/strong>N\u0101 mo\u02bbolelo i ho\u02bbopa\u02bba \u02bbia a k\u0101kau \u02bbia mai n\u0101 l\u0101l\u0101 i ho\u02bb\u014dla \u02bbia o ITAA.<\/p>\n<p><strong><a href=\"https:\/\/internetaddictsanonymous.org\/haw\/na-kumuwaiwai\/na-mea-hana-hoola\/\">N\u0101 Mea Hana Ho\u02bb\u014dla<\/a><br \/>\n<\/strong>N\u0101 mea hana a me n\u0101 ho\u02bbol\u0101l\u0101 i ho\u02bb\u0101\u02bbo \u02bbia e ka manawa e hiki ke k\u014dkua i\u0101 m\u0101kou e noho m\u0101lie.<\/p>\n<p><strong><a href=\"https:\/\/internetaddictsanonymous.org\/haw\/ka-%ca%bbike-%ca%bbana-i-ka-pepa-hana-no%ca%bbono%ca%bbo-pono-he-ho%ca%bbolauna-i-ka-ho%ca%bbola-%ca%bbana-i-ka-ma%ca%bbi-%ca%bbona-punaewele\/\">Pepa Hana no ka \u02bbIke \u02bbana i ke Kuokoa<\/a><\/strong><br \/>\nHe pepa hana i hana \u02bbia e k\u014dkua i\u0101 m\u0101kou e palapala i k\u0101 m\u0101kou ho\u02bbol\u0101l\u0101 ho\u02bb\u014dla ma\u02bbi ma ka p\u016bnaewele me n\u0101 n\u012bnau a me n\u0101 \u02bb\u014dlelo paipai e hahai p\u016b ai.<\/p>\n<p><a href=\"https:\/\/internetaddictsanonymous.org\/haw\/he-alaka%ca%bbi-i-na-pahe%ca%bbe-a-me-na-ho%ca%bbi-hou-%ca%bbana-o-ke-akahai-ma-itaa\/\"><strong>Ke Ho\u02bbomaopopo nei i ke Kuokoa, n\u0101 Pahe\u02bbe, a me n\u0101 Relapses<\/strong><\/a><br \/>\nHe \u02bbike holo\u02bboko\u02bba o ke \u02bbano o ke akahele ma ITAA, a pehea e pale ai a ulu ai mai n\u0101 pahe\u02bbe a me n\u0101 ho\u02bbi hou \u02bbana.<\/p>\n<p><a href=\"https:\/\/internetaddictsanonymous.org\/haw\/he-alaka%ca%bbi-no-na-ha%ca%bbalele-%ca%bbana\/\"><strong>Ke ho\u02bbokele nei i n\u0101 unuhi k\u0101l\u0101<\/strong><\/a><br \/>\nHe wehewehe \u02bbana no ke ka\u02bbina hana ha\u02bbalele, me n\u0101 mo\u02bbolelo ho\u02bb\u014dla mai n\u0101 l\u0101l\u0101 \u02bbeh\u0101.<\/p>\n<p><strong><a href=\"https:\/\/internetaddictsanonymous.org\/haw\/he-alaka%ca%bbi-i-na-kahea-ho%ca%bbolaha-ma-itaa\/\">Ke Hana \u02bbana i n\u0101 K\u0101hea Ho\u02bbolaha<\/a><br \/>\n<\/strong>He alaka\u02bbi no ke k\u0101hea \u02bbana i n\u0101 l\u0101l\u0101 \u02bb\u0113 a\u02bbe ma waho o n\u0101 h\u0101l\u0101wai.<\/p>\n<p><a href=\"https:\/\/internetaddictsanonymous.org\/haw\/kako%ca%bbo-kala\/\"><strong>Ke Ko\u02bbiko\u02bbi o ke K\u0101ko\u02bbo \u02bbana<\/strong><\/a><br \/>\nHe pilina k\u016bhelu \u02bbole ke k\u0101ko\u02bbo \u02bbana kahi e k\u014dkua ai kekahi l\u0101l\u0101 \u02bboi aku ka \u02bbike o ITAA i ke alaka\u02bbi \u02bbana i\u0101 m\u0101kou ma o ka ho\u02bb\u014dla \u02bbana.<\/p>\n<p><a href=\"https:\/\/internetaddictsanonymous.org\/haw\/na-kumuwaiwai\/literature\/\"><strong>N\u0101 Kumuwaiwai Hana Hana<\/strong><\/a><br \/>\nAia i loko o k\u0113ia \u02bbao\u02bbao n\u0101 loulou i n\u0101 palapala mai n\u0101 polokalamu \u02bb\u0113 a\u02bbe hiki i\u0101 m\u0101kou ke ho\u02bbohana e hana i n\u0101 \u02bbanu\u02bbu, a me kekahi mau kumuwaiwai k\u016bhelu \u02bbole i ho\u02bbomohala \u02bbia e n\u0101 l\u0101l\u0101 o ITAA.<\/p>\n<p><a href=\"https:\/\/internetaddictsanonymous.org\/haw\/lawelawe\/\"><strong>He Alaka\u02bbi no ka Lawelawe<\/strong><\/a><br \/>\nHe \u02bbike holo\u02bboko\u02bba o n\u0101 ala e hiki ai i\u0101 m\u0101kou ke hana i ka lawelawe a k\u0101ko\u02bbo i ka ho&#039;\u014dla hou \u02bbana o n\u0101 l\u0101l\u0101 \u02bb\u0113 a\u02bbe.<\/p>\n<p><strong><a href=\"https:\/\/internetaddictsanonymous.org\/haw\/palekana-ma-itaa\/\">Palekana ma ITAA<\/a><br \/>\n<\/strong>He alaka\u02bbi no ka pane \u02bbana i n\u0101 hana palekana \u02bbole a k\u016bpono \u02bbole paha.<\/p>\n<p><a href=\"https:\/\/internetaddictsanonymous.org\/haw\/the-doctors-opinion\/\"><strong>\u02bbO n\u0101 h\u014d\u02bbike \u02bbepekema e pili ana i ka ho\u02bbohui \u02bbana i ka P\u016bnaewele a me ka \u02bbenehana<\/strong><\/a><br \/>\nHe \u02bbike \u0101kea o n\u0101 palapala \u02bbepekema e pili ana i n\u0101 hopena a me n\u0101 hopena o ka ho\u02bbohui p\u016bnaewele a me ka \u02bbenehana.<\/p>\n<!-- PMB print buttons is only displayed on a single post\/page URLs-->","protected":false},"excerpt":{"rendered":"<p>Welina mai i ITAA! Maanei hiki i\u0101 \u02bboe ke loa\u02bba kahi papa inoa o n\u0101 kumuwaiwai k\u014dkua e k\u014dkua paha i\u0101 \u02bboe i kou ho\u02bbomaka \u02bbana i k\u0101u huaka\u02bbi ho\u02bb\u014dla. \u02bbO n\u0101 \u02bbanu\u02bbu he \u02bbumikumam\u0101lua a me n\u0101 ku\u02bbuna he \u02bbumikumam\u0101lua o ITAA N\u0101 kumumana\u02bbo alaka\u02bbi o k\u0101 m\u0101kou papahana. He Alaka\u02bbi no n\u0101 po\u02bbe hou He papa inoa o n\u0101 mana\u02bbo ma\u02bbalahi \u02bbeono no ka ho\u02bbomaka \u02bbana ma ITAA. N\u0101 Mo\u02bbolelo Ho\u02bb\u014dla i Ho\u02bbopa\u02bba \u02bbia \u2026 <a href=\"https:\/\/internetaddictsanonymous.org\/haw\/resources\/\" class=\"more-link\">E ho\u02bbomau i ka heluhelu \u02bbana <span class=\"screen-reader-text\">N\u0101 Kumuwaiwai<\/span><\/a><\/p>","protected":false},"author":35194237,"featured_media":0,"parent":0,"menu_order":0,"comment_status":"closed","ping_status":"closed","template":"full-width-page.php","meta":{"inline_featured_image":false,"_lmt_disableupdate":"","_lmt_disable":"","jetpack_post_was_ever_published":false,"footnotes":""},"tags":[],"class_list":["post-42","page","type-page","status-publish","hentry"],"yoast_head":"<!-- This site is optimized with the Yoast SEO plugin v27.3 - https:\/\/yoast.com\/product\/yoast-seo-wordpress\/ -->\n<title>Resources &#8211; Internet and Technology Addicts Anonymous<\/title>\n<meta name=\"robots\" content=\"index, follow, max-snippet:-1, max-image-preview:large, max-video-preview:-1\" \/>\n<link rel=\"canonical\" href=\"https:\/\/internetaddictsanonymous.org\/haw\/na-kumuwaiwai\/\" \/>\n<meta property=\"og:locale\" content=\"en_US\" \/>\n<meta property=\"og:type\" content=\"article\" \/>\n<meta property=\"og:title\" content=\"Resources &#8211; Internet and Technology Addicts Anonymous\" \/>\n<meta property=\"og:description\" content=\"Welcome to ITAA! Here you can find a list of helpful resources that may help you as you embark on your recovery journey. The Twelve Steps and Twelve Traditions of ITAA The guiding principles of our program. A Guide For Newcomers A list of six simple suggestions for getting started in ITAA. Recovery Stories Recorded &hellip; Continue reading Resources\" \/>\n<meta property=\"og:url\" content=\"https:\/\/internetaddictsanonymous.org\/haw\/na-kumuwaiwai\/\" \/>\n<meta property=\"og:site_name\" content=\"Internet and Technology Addicts Anonymous\" \/>\n<meta property=\"article:modified_time\" content=\"2023-01-31T01:17:53+00:00\" \/>\n<meta name=\"twitter:card\" content=\"summary_large_image\" \/>\n<meta name=\"twitter:label1\" content=\"Est. reading time\" \/>\n\t<meta name=\"twitter:data1\" content=\"2 minutes\" \/>\n<script type=\"application\/ld+json\" class=\"yoast-schema-graph\">{\"@context\":\"https:\\\/\\\/schema.org\",\"@graph\":[{\"@type\":\"WebPage\",\"@id\":\"https:\\\/\\\/internetaddictsanonymous.org\\\/resources\\\/\",\"url\":\"https:\\\/\\\/internetaddictsanonymous.org\\\/resources\\\/\",\"name\":\"Resources &#8211; Internet and Technology Addicts Anonymous\",\"isPartOf\":{\"@id\":\"https:\\\/\\\/internetaddictsanonymous.org\\\/#website\"},\"datePublished\":\"2018-02-17T02:04:58+00:00\",\"dateModified\":\"2023-01-31T01:17:53+00:00\",\"breadcrumb\":{\"@id\":\"https:\\\/\\\/internetaddictsanonymous.org\\\/resources\\\/#breadcrumb\"},\"inLanguage\":\"haw-US\",\"potentialAction\":[{\"@type\":\"ReadAction\",\"target\":[\"https:\\\/\\\/internetaddictsanonymous.org\\\/resources\\\/\"]}]},{\"@type\":\"BreadcrumbList\",\"@id\":\"https:\\\/\\\/internetaddictsanonymous.org\\\/resources\\\/#breadcrumb\",\"itemListElement\":[{\"@type\":\"ListItem\",\"position\":1,\"name\":\"Home\",\"item\":\"https:\\\/\\\/internetaddictsanonymous.org\\\/\"},{\"@type\":\"ListItem\",\"position\":2,\"name\":\"Resources\"}]},{\"@type\":\"WebSite\",\"@id\":\"https:\\\/\\\/internetaddictsanonymous.org\\\/#website\",\"url\":\"https:\\\/\\\/internetaddictsanonymous.org\\\/\",\"name\":\"Internet and Technology Addicts Anonymous\",\"description\":\"Worldwide 12-step Fellowship for Internet and Technology Addiction\",\"publisher\":{\"@id\":\"https:\\\/\\\/internetaddictsanonymous.org\\\/#organization\"},\"potentialAction\":[{\"@type\":\"SearchAction\",\"target\":{\"@type\":\"EntryPoint\",\"urlTemplate\":\"https:\\\/\\\/internetaddictsanonymous.org\\\/?s={search_term_string}\"},\"query-input\":{\"@type\":\"PropertyValueSpecification\",\"valueRequired\":true,\"valueName\":\"search_term_string\"}}],\"inLanguage\":\"haw-US\"},{\"@type\":\"Organization\",\"@id\":\"https:\\\/\\\/internetaddictsanonymous.org\\\/#organization\",\"name\":\"Internet and Technology Addicts Anonymous\",\"url\":\"https:\\\/\\\/internetaddictsanonymous.org\\\/\",\"logo\":{\"@type\":\"ImageObject\",\"inLanguage\":\"haw-US\",\"@id\":\"https:\\\/\\\/internetaddictsanonymous.org\\\/#\\\/schema\\\/logo\\\/image\\\/\",\"url\":\"https:\\\/\\\/internetaddictsanonymous.org\\\/wp-content\\\/uploads\\\/2023\\\/01\\\/cropped-ITAA-logo-480px.png\",\"contentUrl\":\"https:\\\/\\\/internetaddictsanonymous.org\\\/wp-content\\\/uploads\\\/2023\\\/01\\\/cropped-ITAA-logo-480px.png\",\"width\":480,\"height\":480,\"caption\":\"Internet and Technology Addicts Anonymous\"},\"image\":{\"@id\":\"https:\\\/\\\/internetaddictsanonymous.org\\\/#\\\/schema\\\/logo\\\/image\\\/\"}}]}<\/script>\n<!-- \/ Yoast SEO plugin. -->","yoast_head_json":{"title":"N\u0101 Kumuwaiwai - P\u016bnaewele a me n\u0101 \u02bbenehana Addicts Anonymous","robots":{"index":"index","follow":"follow","max-snippet":"max-snippet:-1","max-image-preview":"max-image-preview:large","max-video-preview":"max-video-preview:-1"},"canonical":"https:\/\/internetaddictsanonymous.org\/haw\/na-kumuwaiwai\/","og_locale":"en_US","og_type":"article","og_title":"Resources &#8211; Internet and Technology Addicts Anonymous","og_description":"Welcome to ITAA! Here you can find a list of helpful resources that may help you as you embark on your recovery journey. The Twelve Steps and Twelve Traditions of ITAA The guiding principles of our program. A Guide For Newcomers A list of six simple suggestions for getting started in ITAA. Recovery Stories Recorded &hellip; Continue reading Resources","og_url":"https:\/\/internetaddictsanonymous.org\/haw\/na-kumuwaiwai\/","og_site_name":"Internet and Technology Addicts Anonymous","article_modified_time":"2023-01-31T01:17:53+00:00","twitter_card":"summary_large_image","twitter_misc":{"Est. reading time":"2 minutes"},"schema":{"@context":"https:\/\/schema.org","@graph":[{"@type":"WebPage","@id":"https:\/\/internetaddictsanonymous.org\/resources\/","url":"https:\/\/internetaddictsanonymous.org\/resources\/","name":"N\u0101 Kumuwaiwai - P\u016bnaewele a me n\u0101 \u02bbenehana Addicts Anonymous","isPartOf":{"@id":"https:\/\/internetaddictsanonymous.org\/#website"},"datePublished":"2018-02-17T02:04:58+00:00","dateModified":"2023-01-31T01:17:53+00:00","breadcrumb":{"@id":"https:\/\/internetaddictsanonymous.org\/resources\/#breadcrumb"},"inLanguage":"haw-US","potentialAction":[{"@type":"ReadAction","target":["https:\/\/internetaddictsanonymous.org\/resources\/"]}]},{"@type":"BreadcrumbList","@id":"https:\/\/internetaddictsanonymous.org\/resources\/#breadcrumb","itemListElement":[{"@type":"ListItem","position":1,"name":"Home","item":"https:\/\/internetaddictsanonymous.org\/"},{"@type":"ListItem","position":2,"name":"Resources"}]},{"@type":"WebSite","@id":"https:\/\/internetaddictsanonymous.org\/#website","url":"https:\/\/internetaddictsanonymous.org\/","name":"N\u0101 mea ho\u02bbopilikia p\u016bnaewele a me ka \u02bbenehana Anonymous","description":"\u02bbO ka Fellowship honua 12-step no ka ho\u02bbohui \u02bbana i ka P\u016bnaewele a me ka \u02bbenehana","publisher":{"@id":"https:\/\/internetaddictsanonymous.org\/#organization"},"potentialAction":[{"@type":"SearchAction","target":{"@type":"EntryPoint","urlTemplate":"https:\/\/internetaddictsanonymous.org\/?s={search_term_string}"},"query-input":{"@type":"PropertyValueSpecification","valueRequired":true,"valueName":"search_term_string"}}],"inLanguage":"haw-US"},{"@type":"Organization","@id":"https:\/\/internetaddictsanonymous.org\/#organization","name":"N\u0101 mea ho\u02bbopilikia p\u016bnaewele a me ka \u02bbenehana Anonymous","url":"https:\/\/internetaddictsanonymous.org\/","logo":{"@type":"ImageObject","inLanguage":"haw-US","@id":"https:\/\/internetaddictsanonymous.org\/#\/schema\/logo\/image\/","url":"https:\/\/internetaddictsanonymous.org\/wp-content\/uploads\/2023\/01\/cropped-ITAA-logo-480px.png","contentUrl":"https:\/\/internetaddictsanonymous.org\/wp-content\/uploads\/2023\/01\/cropped-ITAA-logo-480px.png","width":480,"height":480,"caption":"Internet and Technology Addicts Anonymous"},"image":{"@id":"https:\/\/internetaddictsanonymous.org\/#\/schema\/logo\/image\/"}}]}},"jetpack_sharing_enabled":false,"jetpack_shortlink":"https:\/\/wp.me\/P9Fwob-G","_links":{"self":[{"href":"https:\/\/internetaddictsanonymous.org\/haw\/wp-json\/wp\/v2\/pages\/42","targetHints":{"allow":["GET"]}}],"collection":[{"href":"https:\/\/internetaddictsanonymous.org\/haw\/wp-json\/wp\/v2\/pages"}],"about":[{"href":"https:\/\/internetaddictsanonymous.org\/haw\/wp-json\/wp\/v2\/types\/page"}],"author":[{"embeddable":true,"href":"https:\/\/internetaddictsanonymous.org\/haw\/wp-json\/wp\/v2\/users\/35194237"}],"replies":[{"embeddable":true,"href":"https:\/\/internetaddictsanonymous.org\/haw\/wp-json\/wp\/v2\/comments?post=42"}],"version-history":[{"count":23,"href":"https:\/\/internetaddictsanonymous.org\/haw\/wp-json\/wp\/v2\/pages\/42\/revisions"}],"predecessor-version":[{"id":15258,"href":"https:\/\/internetaddictsanonymous.org\/haw\/wp-json\/wp\/v2\/pages\/42\/revisions\/15258"}],"wp:attachment":[{"href":"https:\/\/internetaddictsanonymous.org\/haw\/wp-json\/wp\/v2\/media?parent=42"}],"wp:term":[{"taxonomy":"post_tag","embeddable":true,"href":"https:\/\/internetaddictsanonymous.org\/haw\/wp-json\/wp\/v2\/tags?post=42"}],"curies":[{"name":"wp","href":"https:\/\/api.w.org\/{rel}","templated":true}]}}