{"id":9095,"date":"2019-11-12T19:19:38","date_gmt":"2019-11-12T19:19:38","guid":{"rendered":"https:\/\/internetaddictsanonymous.org\/?page_id=9095"},"modified":"2024-03-02T10:03:10","modified_gmt":"2024-03-02T15:03:10","slug":"e-ho%ca%bbomaka-ana-i-kahi-halawai-maka-a-maka-hou","status":"publish","type":"page","link":"https:\/\/internetaddictsanonymous.org\/haw\/starting-a-new-face-to-face-meeting\/","title":{"rendered":"Ke ho\u02bbomaka nei i kahi h\u0101l\u0101wai hou"},"content":{"rendered":"<p>Maanei hiki i\u0101 \u02bboe ke loa\u02bba i kekahi mau mana\u02bbo no ka ho\u02bbomaka \u02bbana i kahi h\u0101l\u0101wai hou, in\u0101 ma ka p\u016bnaewele a i \u02bbole he h\u0101l\u0101wai maka-a-maka ma kou wahi. \u02bbO ka ho\u02bbomaka \u02bbana i kahi h\u0101l\u0101wai hou he hana lawelawe kupaianaha e hiki ke k\u014dkua \u02bba\u02bbole wale i\u0101 \u02bboe, ak\u0101, i n\u0101 mea \u02bbona \u02bb\u0113 a\u02bbe e hakak\u0101 nei ma kou wahi.<\/p>\n\n\n\n<p>\u2022 \u02bbO ka n\u016bhou maika\u02bbi, he mea ma\u02bbalahi loa ka ho\u02bbomaka \u02bbana i kahi h\u0101l\u0101wai hou! Hiki i kekahi, ma n\u0101 wahi \u0101pau ke ho\u02bbomaka i kahi h\u0101l\u0101wai ITAA - \u02bba\u02bbohe pono e loa\u02bba ka \u02bbae mai kekahi. <\/p>\n\n\n\n<p>\u2022 Paipai m\u0101kou e heluhelu i &quot;\u201c<a href=\"https:\/\/www.aa.org\/assets\/en_US\/en_bigbook_chapt11.pdf\">He Hi\u02bbohi\u02bbona Nou<\/a>\u201d&quot;ma ka Buke Nui o AA. He mea ho\u02bboikaika loa k\u0113ia mokuna a ua komo p\u016b me n\u0101 \u02bb\u014dlelo a\u02bboa\u02bbo k\u016bpono a me ke alaka\u02bbi no ka po\u02bbe e \u02bbimi nei e ho\u02bbomaka i n\u0101 h\u0101l\u0101wai hou.<\/p>\n\n\n\n<p>\u2022 <a href=\"https:\/\/internetaddictsanonymous.org\/haw\/12-mau-%ca%bbanu%ca%bbu-o-ka-itaa\/\">N\u0101 ku\u02bbuna he \u02bbumik\u016bm\u0101lua o ITAA<\/a> he mau alaka\u02bbi pono i ka m\u0101lama \u02bbana i kahi h\u0101l\u0101wai hou.<\/p>\n\n\n\n<p>\u2022 \u02bbElua wale n\u014d k\u0101naka e pono ai \u02bboe e \u02bbimi nei e ho\u02bb\u014dla mai ka ma\u02bbi ho\u02bbopili p\u016bnaewele a me ka \u02bbenehana e ho\u02bbomaka i kahi h\u0101l\u0101wai.<\/p>\n\n\n\n<p>\u2022 In\u0101 \u02bboe e ho\u02bbomaka ana i kahi h\u0101l\u0101wai maka-a-maka, he mana\u02bbo maika\u02bbi paha ke n\u0101n\u0101 aku i n\u0101 wahi e m\u0101lama \u02bbia ai n\u0101 h\u0101l\u0101wai 12-\u02bbanu\u02bbu \u02bb\u0113 a\u02bbe a n\u012bnau in\u0101 he wahi ko l\u0101kou no \u02bboe e ho\u02bbomaka ai i kahi h\u0101l\u0101wai ITAA hou. Ke ho\u02bboholo \u02bboe i kahi, hiki i\u0101 \u02bboe ke ho\u02bbomaopopo i\u0101 m\u0101kou i kahi h\u0101l\u0101wai, ka manawa, a me n\u0101 kiko\u02bb\u012b pili, a hiki i\u0101 m\u0101kou ke papa inoa i\u0101 l\u0101kou ma ka \u02bbao\u02bbao h\u0101l\u0101wai maka-a-maka. Hiki i\u0101 \u02bboe ke noi e ho\u02bbohui \u02bbia kahi ho\u02bbolaha i ka papa ho\u02bbolaha ho\u02bbolaha.<\/p>\n\n\n\n<p>\u2022 In\u0101 \u02bboe e ho\u02bbomaka ana i kahi h\u0101l\u0101wai p\u016bnaewele, e ho\u02bbouna mai i\u0101 m\u0101kou i kahi leka ma o ka palapala ho\u02bbopili ma ka p\u016bnaewele a hiki i\u0101 m\u0101kou ke ho\u02bbohui i\u0101 ia i ka kalena, a in\u0101 makemake \u02bboe, i ka papa ho\u02bbolaha ho\u02bbolaha. Ma k\u0101u leka, e \u02bbolu\u02bbolu e ho\u02bbokomo i ka l\u0101 a me ka manawa o ka h\u0101l\u0101wai, ka inoa o ka h\u0101l\u0101wai, a me kahi wehewehe p\u014dkole e ho\u02bbokomo i ka hanana. E \u02bbolu\u02bbolu e h\u014d\u02bbike p\u016b i k\u0101u leka in\u0101 makemake \u02bboe e ho\u02bbohana i kekahi o n\u0101 mea \u02bbelua&nbsp;<a href=\"https:\/\/internetaddictsanonymous.org\/haw\/na-lumi-zoom-itaa\/\">N\u0101 loulou ho\u02bbonui ITAA<\/a>&nbsp;(hiki i kekahi l\u0101l\u0101 o ITAA ke ho\u02bbohana) a i \u02bbole kahi loulou h\u0101l\u0101wai \u02bb\u0113 a\u02bbe. Paipai \u02bbia ho\u02bbi \u02bboe e heluhelu <a href=\"https:\/\/internetaddictsanonymous.org\/haw\/na-alaka%ca%bbi-palekana-no-na-mea-ho%ca%bbokipa-halawai-%ca%bbo-itaa\/\">N\u0101 mana\u02bbo o ITAA no ka h\u0101l\u0101wai \u02bbana i ka palekana<\/a>.<\/p>\n\n\n\n<p>\u2022 He \u02bbano k\u014dkua no n\u0101 h\u0101l\u0101wai li\u02bbili\u02bbi me kekahi mau k\u0101naka wale n\u014d, \u02bbo ia ka heluhelu \u02bbana mai n\u0101 palapala 12-\u02bbanu\u02bbu. Hiki i\u0101 \u02bboe ke ho\u02bbololi i ka heluhelu \u02bbana i n\u0101 pauk\u016b a me ka ka\u02bbana like \u02bbana i n\u0101 no\u02bbono\u02bbo. Hiki n\u014d ho\u02bbi i\u0101 \u02bboe ke ho\u02bbohana a ho\u02bbololi paha i ka <a href=\"https:\/\/internetaddictsanonymous.org\/haw\/papa-hana-halawai-punaewele\/palapala-halawai\/\">\u02bbano<\/a> a m\u0101kou e ho\u02bbohana mau ai i n\u0101 h\u0101l\u0101wai kelepona.<\/p>\n\n\n\n<p>\u2022 No n\u0101 h\u0101l\u0101wai maka-a-maka, hiki i\u0101 \u02bboe ke kau i luna <a href=\"https:\/\/www.canva.com\/design\/DADrBuzE8Jo\/vhANeFLQMqW3fv3_ndWp0w\/edit?utm_content=DADrBuzE8Jo&amp;utm_campaign=designshare&amp;utm_medium=link2&amp;utm_source=sharebutton\" target=\"_blank\" rel=\"noreferrer noopener\">n\u0101 pepa ho\u02bbolaha<\/a>; \u02bbo ka hapa nui o n\u0101 hale kalapu 12-\u02bbanu\u02bbu he wahi kahi e hiki ai i\u0101 \u02bboe ke waiho i kahi pepa ho\u02bbolaha a papa inoa paha i k\u0101u mau kiko\u02bb\u012b h\u0101l\u0101wai.\u00a0<\/p>\n\n\n\n<p>\u2022 In\u0101 \u02bboe e ho\u02bbomaka ana i kahi h\u0101l\u0101wai maka-a-maka, hiki i\u0101 \u02bboe ke no\u02bbono\u02bbo pehea e hiki ai i\u0101 \u02bboe ke h\u014d\u02bboia i ke olakino a me ka palekana o n\u0101 mea komo a pau o ka h\u0101l\u0101wai. Paipai \u02bbia \u02bboe e hahai i n\u0101 k\u0101n\u0101wai k\u016bloko, n\u0101 lula, a me n\u0101 kulekele olakino. Hiki i\u0101 \u02bboe ke no\u02bbono\u02bbo i ka h\u0101l\u0101wai \u02bbana ma kahi \u0101kea.<\/p>\n\n\n\n<p>\u2022 E ho\u02bbomanawanui, e ho\u02bbomanawanui, a e hilina\u02bbi i ka mana ki\u02bbeki\u02bbe.<\/p>\n\n\n\n<p><\/p>\n<!-- PMB print buttons is only displayed on a single post\/page URLs-->","protected":false},"excerpt":{"rendered":"<p>Maanei hiki i\u0101 \u02bboe ke loa\u02bba i kekahi mau mana\u02bbo no ke \u02bbano e ho\u02bbomaka ai i kahi h\u0101l\u0101wai hou, in\u0101 ma ka p\u016bnaewele a i \u02bbole he h\u0101l\u0101wai maka-a-maka ma kou wahi. \u02bbO ka ho\u02bbomaka \u02bbana i kahi h\u0101l\u0101wai hou he hana lawelawe kupaianaha e hiki ke k\u014dkua \u02bba\u02bbole i\u0101 \u02bboe wale n\u014d, ak\u0101, i n\u0101 mea \u02bbona \u02bb\u0113 a\u02bbe e hakak\u0101 nei ma kou wahi. \u2022 \u02bbO ka n\u016bhou maika\u02bbi, \u02bbo ka ho\u02bbomaka \u02bbana i kahi hou ... <a href=\"https:\/\/internetaddictsanonymous.org\/haw\/starting-a-new-face-to-face-meeting\/\" class=\"more-link\">E ho\u02bbomau i ka heluhelu \u02bbana <span class=\"screen-reader-text\">Ke ho\u02bbomaka nei i kahi h\u0101l\u0101wai hou<\/span><\/a><\/p>","protected":false},"author":35194237,"featured_media":0,"parent":0,"menu_order":0,"comment_status":"closed","ping_status":"closed","template":"full-width-page.php","meta":{"inline_featured_image":false,"_lmt_disableupdate":"no","_lmt_disable":"","jetpack_post_was_ever_published":false,"footnotes":""},"tags":[],"class_list":["post-9095","page","type-page","status-publish","hentry"],"yoast_head":"<!-- This site is optimized with the Yoast SEO plugin v27.3 - https:\/\/yoast.com\/product\/yoast-seo-wordpress\/ -->\n<title>Starting a new meeting &#8211; Internet and Technology Addicts Anonymous<\/title>\n<meta name=\"robots\" content=\"index, follow, max-snippet:-1, max-image-preview:large, max-video-preview:-1\" \/>\n<link rel=\"canonical\" href=\"https:\/\/internetaddictsanonymous.org\/haw\/e-ho\u02bbomaka-ana-i-kahi-halawai-maka-a-maka-hou\/\" \/>\n<meta property=\"og:locale\" content=\"en_US\" \/>\n<meta property=\"og:type\" content=\"article\" \/>\n<meta property=\"og:title\" content=\"Starting a new meeting &#8211; Internet and Technology Addicts Anonymous\" \/>\n<meta property=\"og:description\" content=\"Here you can find some suggestions for how to start a new meeting, whether online or a face-to-face meeting in your area. Starting a new meeting is an incredible act of service which can help not only you, but also other struggling addicts in your area. \u2022 The good news is that starting a new &hellip; Continue reading Starting a new meeting\" \/>\n<meta property=\"og:url\" content=\"https:\/\/internetaddictsanonymous.org\/haw\/e-ho\u02bbomaka-ana-i-kahi-halawai-maka-a-maka-hou\/\" \/>\n<meta property=\"og:site_name\" content=\"Internet and Technology Addicts Anonymous\" \/>\n<meta property=\"article:modified_time\" content=\"2024-03-02T15:03:10+00:00\" \/>\n<meta name=\"twitter:card\" content=\"summary_large_image\" \/>\n<meta name=\"twitter:label1\" content=\"Est. reading time\" \/>\n\t<meta name=\"twitter:data1\" content=\"2 minutes\" \/>\n<script type=\"application\/ld+json\" class=\"yoast-schema-graph\">{\"@context\":\"https:\\\/\\\/schema.org\",\"@graph\":[{\"@type\":\"WebPage\",\"@id\":\"https:\\\/\\\/internetaddictsanonymous.org\\\/starting-a-new-face-to-face-meeting\\\/\",\"url\":\"https:\\\/\\\/internetaddictsanonymous.org\\\/starting-a-new-face-to-face-meeting\\\/\",\"name\":\"Starting a new meeting &#8211; Internet and Technology Addicts Anonymous\",\"isPartOf\":{\"@id\":\"https:\\\/\\\/internetaddictsanonymous.org\\\/#website\"},\"datePublished\":\"2019-11-12T19:19:38+00:00\",\"dateModified\":\"2024-03-02T15:03:10+00:00\",\"breadcrumb\":{\"@id\":\"https:\\\/\\\/internetaddictsanonymous.org\\\/starting-a-new-face-to-face-meeting\\\/#breadcrumb\"},\"inLanguage\":\"haw-US\",\"potentialAction\":[{\"@type\":\"ReadAction\",\"target\":[\"https:\\\/\\\/internetaddictsanonymous.org\\\/starting-a-new-face-to-face-meeting\\\/\"]}]},{\"@type\":\"BreadcrumbList\",\"@id\":\"https:\\\/\\\/internetaddictsanonymous.org\\\/starting-a-new-face-to-face-meeting\\\/#breadcrumb\",\"itemListElement\":[{\"@type\":\"ListItem\",\"position\":1,\"name\":\"Home\",\"item\":\"https:\\\/\\\/internetaddictsanonymous.org\\\/\"},{\"@type\":\"ListItem\",\"position\":2,\"name\":\"Starting a new meeting\"}]},{\"@type\":\"WebSite\",\"@id\":\"https:\\\/\\\/internetaddictsanonymous.org\\\/#website\",\"url\":\"https:\\\/\\\/internetaddictsanonymous.org\\\/\",\"name\":\"Internet and Technology Addicts Anonymous\",\"description\":\"Worldwide 12-step Fellowship for Internet and Technology Addiction\",\"publisher\":{\"@id\":\"https:\\\/\\\/internetaddictsanonymous.org\\\/#organization\"},\"potentialAction\":[{\"@type\":\"SearchAction\",\"target\":{\"@type\":\"EntryPoint\",\"urlTemplate\":\"https:\\\/\\\/internetaddictsanonymous.org\\\/?s={search_term_string}\"},\"query-input\":{\"@type\":\"PropertyValueSpecification\",\"valueRequired\":true,\"valueName\":\"search_term_string\"}}],\"inLanguage\":\"haw-US\"},{\"@type\":\"Organization\",\"@id\":\"https:\\\/\\\/internetaddictsanonymous.org\\\/#organization\",\"name\":\"Internet and Technology Addicts Anonymous\",\"url\":\"https:\\\/\\\/internetaddictsanonymous.org\\\/\",\"logo\":{\"@type\":\"ImageObject\",\"inLanguage\":\"haw-US\",\"@id\":\"https:\\\/\\\/internetaddictsanonymous.org\\\/#\\\/schema\\\/logo\\\/image\\\/\",\"url\":\"https:\\\/\\\/internetaddictsanonymous.org\\\/wp-content\\\/uploads\\\/2023\\\/01\\\/cropped-ITAA-logo-480px.png\",\"contentUrl\":\"https:\\\/\\\/internetaddictsanonymous.org\\\/wp-content\\\/uploads\\\/2023\\\/01\\\/cropped-ITAA-logo-480px.png\",\"width\":480,\"height\":480,\"caption\":\"Internet and Technology Addicts Anonymous\"},\"image\":{\"@id\":\"https:\\\/\\\/internetaddictsanonymous.org\\\/#\\\/schema\\\/logo\\\/image\\\/\"}}]}<\/script>\n<!-- \/ Yoast SEO plugin. -->","yoast_head_json":{"title":"Ke ho\u02bbomaka nei i kahi h\u0101l\u0101wai hou - P\u016bnaewele a me n\u0101 \u02bbenehana Addicts Anonymous","robots":{"index":"index","follow":"follow","max-snippet":"max-snippet:-1","max-image-preview":"max-image-preview:large","max-video-preview":"max-video-preview:-1"},"canonical":"https:\/\/internetaddictsanonymous.org\/haw\/e-ho\u02bbomaka-ana-i-kahi-halawai-maka-a-maka-hou\/","og_locale":"en_US","og_type":"article","og_title":"Starting a new meeting &#8211; Internet and Technology Addicts Anonymous","og_description":"Here you can find some suggestions for how to start a new meeting, whether online or a face-to-face meeting in your area. Starting a new meeting is an incredible act of service which can help not only you, but also other struggling addicts in your area. \u2022 The good news is that starting a new &hellip; Continue reading Starting a new meeting","og_url":"https:\/\/internetaddictsanonymous.org\/haw\/e-ho\u02bbomaka-ana-i-kahi-halawai-maka-a-maka-hou\/","og_site_name":"Internet and Technology Addicts Anonymous","article_modified_time":"2024-03-02T15:03:10+00:00","twitter_card":"summary_large_image","twitter_misc":{"Est. reading time":"2 minutes"},"schema":{"@context":"https:\/\/schema.org","@graph":[{"@type":"WebPage","@id":"https:\/\/internetaddictsanonymous.org\/starting-a-new-face-to-face-meeting\/","url":"https:\/\/internetaddictsanonymous.org\/starting-a-new-face-to-face-meeting\/","name":"Ke ho\u02bbomaka nei i kahi h\u0101l\u0101wai hou - P\u016bnaewele a me n\u0101 \u02bbenehana Addicts Anonymous","isPartOf":{"@id":"https:\/\/internetaddictsanonymous.org\/#website"},"datePublished":"2019-11-12T19:19:38+00:00","dateModified":"2024-03-02T15:03:10+00:00","breadcrumb":{"@id":"https:\/\/internetaddictsanonymous.org\/starting-a-new-face-to-face-meeting\/#breadcrumb"},"inLanguage":"haw-US","potentialAction":[{"@type":"ReadAction","target":["https:\/\/internetaddictsanonymous.org\/starting-a-new-face-to-face-meeting\/"]}]},{"@type":"BreadcrumbList","@id":"https:\/\/internetaddictsanonymous.org\/starting-a-new-face-to-face-meeting\/#breadcrumb","itemListElement":[{"@type":"ListItem","position":1,"name":"Home","item":"https:\/\/internetaddictsanonymous.org\/"},{"@type":"ListItem","position":2,"name":"Starting a new meeting"}]},{"@type":"WebSite","@id":"https:\/\/internetaddictsanonymous.org\/#website","url":"https:\/\/internetaddictsanonymous.org\/","name":"N\u0101 mea ho\u02bbopilikia p\u016bnaewele a me ka \u02bbenehana Anonymous","description":"\u02bbO ka Fellowship honua 12-step no ka ho\u02bbohui \u02bbana i ka P\u016bnaewele a me ka \u02bbenehana","publisher":{"@id":"https:\/\/internetaddictsanonymous.org\/#organization"},"potentialAction":[{"@type":"SearchAction","target":{"@type":"EntryPoint","urlTemplate":"https:\/\/internetaddictsanonymous.org\/?s={search_term_string}"},"query-input":{"@type":"PropertyValueSpecification","valueRequired":true,"valueName":"search_term_string"}}],"inLanguage":"haw-US"},{"@type":"Organization","@id":"https:\/\/internetaddictsanonymous.org\/#organization","name":"N\u0101 mea ho\u02bbopilikia p\u016bnaewele a me ka \u02bbenehana Anonymous","url":"https:\/\/internetaddictsanonymous.org\/","logo":{"@type":"ImageObject","inLanguage":"haw-US","@id":"https:\/\/internetaddictsanonymous.org\/#\/schema\/logo\/image\/","url":"https:\/\/internetaddictsanonymous.org\/wp-content\/uploads\/2023\/01\/cropped-ITAA-logo-480px.png","contentUrl":"https:\/\/internetaddictsanonymous.org\/wp-content\/uploads\/2023\/01\/cropped-ITAA-logo-480px.png","width":480,"height":480,"caption":"Internet and Technology Addicts Anonymous"},"image":{"@id":"https:\/\/internetaddictsanonymous.org\/#\/schema\/logo\/image\/"}}]}},"jetpack_sharing_enabled":true,"jetpack_shortlink":"https:\/\/wp.me\/P9Fwob-2mH","_links":{"self":[{"href":"https:\/\/internetaddictsanonymous.org\/haw\/wp-json\/wp\/v2\/pages\/9095","targetHints":{"allow":["GET"]}}],"collection":[{"href":"https:\/\/internetaddictsanonymous.org\/haw\/wp-json\/wp\/v2\/pages"}],"about":[{"href":"https:\/\/internetaddictsanonymous.org\/haw\/wp-json\/wp\/v2\/types\/page"}],"author":[{"embeddable":true,"href":"https:\/\/internetaddictsanonymous.org\/haw\/wp-json\/wp\/v2\/users\/35194237"}],"replies":[{"embeddable":true,"href":"https:\/\/internetaddictsanonymous.org\/haw\/wp-json\/wp\/v2\/comments?post=9095"}],"version-history":[{"count":18,"href":"https:\/\/internetaddictsanonymous.org\/haw\/wp-json\/wp\/v2\/pages\/9095\/revisions"}],"predecessor-version":[{"id":17641,"href":"https:\/\/internetaddictsanonymous.org\/haw\/wp-json\/wp\/v2\/pages\/9095\/revisions\/17641"}],"wp:attachment":[{"href":"https:\/\/internetaddictsanonymous.org\/haw\/wp-json\/wp\/v2\/media?parent=9095"}],"wp:term":[{"taxonomy":"post_tag","embeddable":true,"href":"https:\/\/internetaddictsanonymous.org\/haw\/wp-json\/wp\/v2\/tags?post=9095"}],"curies":[{"name":"wp","href":"https:\/\/api.w.org\/{rel}","templated":true}]}}