{"id":9655,"date":"2020-01-24T08:16:02","date_gmt":"2020-01-24T08:16:02","guid":{"rendered":"https:\/\/internetaddictsanonymous.org\/?page_id=9655"},"modified":"2026-02-27T13:57:57","modified_gmt":"2026-02-27T21:57:57","slug":"na-%ca%bbaha-kuka-%ca%bbitaa","status":"publish","type":"page","link":"https:\/\/internetaddictsanonymous.org\/haw\/itaa-conventions\/","title":{"rendered":"N\u0101 \u02bbAha K\u016bk\u0101k\u016bk\u0101 ITAA"},"content":{"rendered":"<p><em>Hiki i kekahi l\u0101l\u0101 a hui paha o n\u0101 l\u0101l\u0101 ke ho\u02bbonohonoho i kahi \u02bbaha k\u016bk\u0101. In\u0101 makemake \u02bboe e ho\u02bbol\u0101l\u0101 i kahi \u02bbaha k\u016bk\u0101 ma kou wahi, e \u02bbolu\u02bbolu e hana p\u0113l\u0101!<\/em><\/p>\n\n\n\n<p><strong>\u02bbAha K\u016bk\u0101k\u016bk\u0101 Kelemania ITAA 2026<\/strong><\/p>\n\n\n\n<p>Mai Iune 19\u201321, 2026, e m\u0101lama \u02bbia ana kahi \u02bbAha K\u016bk\u0101k\u016bk\u0101 ITAA \u02bb\u014dlelo Kelem\u0101nia ma Immenhausen kokoke i\u0101 Kassel, e h\u014d\u02bbike ana i n\u0101 h\u0101l\u0101wai a me n\u0101 hana kuke like.<br>No ke k\u0101kau inoa \u02bbana, e \u02bbolu\u02bbolu e kelepona mai i\u0101: <a href=\"mailto:itaa.treffen.immenhausen.2026@gmail.com\" target=\"_blank\" rel=\"noreferrer noopener\">itaa.treffen.immenhausen.2026@gmail.com<\/a><\/p>\n\n\n\n<p>Vom 19.\u201321. June 2026 findet eine deutschsprachige ITAA Convention in Immenhausen bei Kassel mit Meetings und gemeinsamem Kochen statt.<br>Infos zur Anmeldung underter: <a href=\"mailto:itaa.treffen.immenhausen.2026@gmail.com\" target=\"_blank\" rel=\"noreferrer noopener\">itaa.treffen.immenhausen.2026@gmail.com<\/a><\/p>\n\n\n\n<p class=\"has-text-align-center\">-~-<\/p>\n\n\n\n<p><strong>\u02bbAha K\u016bk\u0101k\u016bk\u0101 \u02bbo ITAA Mid-Atlantic - Spring NYC<\/strong><\/p>\n\n\n\n<p>Ua ho\u02bbomaka hou ka ho\u02bbol\u0101l\u0101 no kahi h\u0101l\u0101wai pilikino ma ITAA Mid-Atlantic i k\u0113ia p\u016bn\u0101wai ma NYC!<\/p>\n\n\n\n<p>Ua ho\u02bbohui mai ka hanana o ka makahiki i hala ma DC i n\u0101 l\u0101l\u0101 mai Philly, NYC, DC, a ma \u02bb\u014d aku\u2014a he \u02bbike ikaika loa ia no ka pilina a me ka ho\u02bb\u014dla hou \u02bbana.<\/p>\n\n\n\n<p>Ke ana nei m\u0101kou i ka hoihoi no kahi \u02bbaha\u02bbaina puna ma ke k\u016blanakauhale \u02bbo Nu Ioka. In\u0101 makemake \u02bboe e hele a i \u02bbole e k\u014dkua i ka ho\u02bbol\u0101l\u0101 mua \u02bbana, e \u02bbolu\u02bbolu e ho\u02bboka\u02bba\u02bbike mai i\u0101 @ itaa.macc@gmail.com<\/p>\n\n\n\n<p>E hiki mai ana n\u0101 kiko\u02bb\u012b hou aku.<\/p>\n\n\n\n<p class=\"has-text-align-center\">-~-<\/p>\n\n\n\n<p><strong>ITAA Hui \u02bbAmelika \u02bb\u0100kau 2026<\/strong><\/p>\n\n\n\n<p>E hele mai mai ka pale a komo i loko o ka m\u0101lie! E m\u0101lama \u02bbia ke kolu o ka \u02bbAha K\u016bk\u0101k\u016bk\u0101 \u02bbAmelika \u02bb\u0100kau o ITAA ma Iune 19-21, 2026, ma Menucha Retreat and Conference Center ma Portland, Oregon. \u02bbO n\u0101 mea ko\u02bbiko\u02bbi e pili ana i n\u0101 mea\u02bbai momona, n\u0101 panela hoihoi, n\u0101 h\u0101l\u0101wai o k\u0113l\u0101 me k\u0113ia l\u0101 me n\u0101 hoa mai n\u0101 wahi a puni o ka honua, a me ka mic open kaulana.<\/p>\n\n\n\n<p>Loa\u02bba kekahi k\u014dkua k\u0101l\u0101. Loa\u02bba n\u0101 tikiki piha mai $275-750, ma muli o ke \u02bbano o ka lumi. Ua wehe \u02bbia ke kau inoa \u02bbana! E hele i k\u0113ia loulou e \u02bbike hou aku a ho\u02bbopa\u02bba inoa:&nbsp;<a href=\"https:\/\/docs.google.com\/document\/d\/18E0DZBR4hg_FICBhGSVHA6cA6m6HEadJkjgzwnJYn-4\/edit?tab=t.0%E2%80%9D\" target=\"_blank\" rel=\"noreferrer noopener\">https:\/\/docs.google.com\/document\/d\/18E0DZBR4hg_FICBhGSVHA6cA6m6HEadJkjgzwnJYn-4\/edit?tab=t.0<\/a><\/p>\n\n\n\n<p>In\u0101 makemake \u02bboe e a\u02bbo hou e pili ana i ka \u02bbaha k\u016bk\u0101, a i \u02bbole makemake \u02bboe e komo i ke ka\u02bbina ho\u02bbol\u0101l\u0101, e \u02bbolu\u02bbolu e hele mai i kekahi o n\u0101 h\u0101l\u0101wai ho\u02bbol\u0101l\u0101 hebedoma! Hiki ke loa\u02bba n\u0101 h\u0101l\u0101wai ho\u02bbol\u0101l\u0101 p\u016bnaewele ma ka kalena. Hana \u02bbia n\u0101 h\u0101l\u0101wai i n\u0101 L\u0101pule ma ka hola 7pm US Eastern Time.<\/p>\n\n\n\n<p>E \u02bbolu\u02bbolu e ho\u02bboka\u02bba\u02bbike mai i\u0101 <a href=\"mailto:itaa.nacc@gmail.com\" target=\"_blank\" rel=\"noreferrer noopener\">itaa.nacc@gmail.com<\/a> no ka \u02bbike hou aku.<\/p>\n\n\n\n<p><\/p>\n\n\n\n<h2 class=\"wp-block-heading has-large-font-size\"><strong>N\u0101 \u02bbAha K\u016bk\u0101k\u016bk\u0101 ITAA ma mua<\/strong><\/h2>\n\n\n\n<p><strong>\u02bbAha K\u016bk\u0101k\u016bk\u0101 ITAA Kaleponi (CAC) 2025<\/strong><br><br>Ua m\u0101lama \u02bbia ka \u02bbAha K\u016bk\u0101k\u016bk\u0101 ITAA Kaleponi mua (CAC 1) mai \u02bbOkakopa 11-13, 2025. \u02bbEono mau hoa mai ka moku\u02bb\u0101ina holo\u02bboko\u02bba i ho\u02bbolilo i ka hopena pule ma kahi hale ali\u02bbi \u02bbuhane iki ma kahi m\u0101la waina. Ua loa\u02bba i\u0101 m\u0101kou n\u0101 h\u0101l\u0101wai i k\u0113l\u0101 me k\u0113ia l\u0101, n\u0101 no\u02bbono\u02bbo pono, ho\u02bbom\u0101\u02bbona i ka l\u0101 ma ke kahakai, kama\u02bbilio e pili ana i ko m\u0101kou mau mana\u02bbo, a p\u0101\u02bbani i n\u0101 p\u0101\u02bbani papa. E noho m\u0101lie no ka hopena\u2014CAC 2 i ka makahiki 2026!<\/p>\n\n\n\n<p class=\"has-text-align-center\">-~-<\/p>\n\n\n\n<p><strong>\u02bbItaA Hui P\u016b \u02bbIa \u02bbAkelanika 2025<\/strong><br><br>Hau\u02bboli m\u0101kou e ho\u02bbolaha aku ua wehe \u02bbia ke kau inoa no ka ITAA Mid-Atlantic Convention 2025!<br>L\u0101 Hanana: P\u014d\u02bbaono, Kepakemapa 27, 2025<br>Ka Manawa Hanana: 10am - 6pm<br>Wahi: Rock Creek Park, Wakinekona, DC.<br>In\u0101 makemake \u02bboe e k\u0101inoa, e ho\u02bbopiha i ka palapala ho\u02bbopa\u02bba inoa.<\/p>\n\n\n\n<p><a href=\"https:\/\/tinyurl.com\/34kxz2hk\" target=\"_blank\" rel=\"noreferrer noopener\">Palapala Ho\u02bbopa\u02bba Inoa MAC-ITAA<\/a><\/p>\n\n\n\n<p>A e hahai i n\u0101 kuhikuhi no ka uku \u02bbana i k\u0101u uku ho\u02bbopa\u02bba inoa. E \u02bbolu\u02bbolu e ho\u02bboka\u02bba\u02bbike mai i\u0101 m\u0101kou in\u0101 he n\u012bnau k\u0101u. Ke kakali nei m\u0101kou e \u02bbike koke i\u0101 \u02bboe!&nbsp;<a href=\"mailto:itaa.macc@gmail.com\" target=\"_blank\" rel=\"noreferrer noopener\">itaa.macc@gmail.com<\/a>.<\/p>\n\n\n\n<p class=\"has-text-align-center\">-~-<\/p>\n\n\n\n<p class=\"has-medium-font-size\"><strong>\u02bbAha K\u016bk\u0101k\u016bk\u0101 Kelemania ITAA 2025<\/strong><\/p>\n\n\n\n<p class=\"has-medium-font-size\">He \u02bbaha k\u016bk\u0101 ITAA Kelemania ma Immenhausen, Kelemania (kokoke i Kassel) e ho\u02bbol\u0101l\u0101 \u02bbia ana no Iune 6-8, 2025. E m\u0101lama \u02bbia ka hanana ma ka \u02bb\u014dlelo Kelemania. \u02bbO ke kumuk\u016b\u02bbai he \u20ac50 (+n\u0101 kumuk\u016b\u02bbai huaka\u02bbi). No ke k\u0101kau inoa \u02bbana i kou hoihoi i ke komo \u02bbana, e \u02bbolu\u02bbolu e kelepona mai i\u0101 m\u0101kou ma: ITAA.Treffen.Immenhausen.2025@gmail.com \u02bbO ka l\u0101 palena no ke k\u0101kau inoa \u02bbana \u02bbo \u02bbApelila 4. In\u0101 makemake \u02bboe e a\u02bbo hou e pili ana i ka \u02bbAha K\u016bk\u0101k\u016bk\u0101 ITAA \u02bb\u014dlelo Kelemania 2025 ma Immenhausen, e \u02bbolu\u02bbolu e hele i ka h\u0101l\u0101wai ho\u02bbol\u0101l\u0101 e m\u0101lama \u02bbia ma ka L\u0101pule, Pepeluali 16 ma hope o ka h\u0101l\u0101wai ITAA Kelemania (9:30- 10:30 MET).<\/p>\n\n\n\n<p>Ua ho\u02bbol\u0101l\u0101 \u02bbia, mai Iune (06.06.-08.06.2025) a me ITAA-Treffen ma Immenhausen (ma ka N\u00e4he von Kassel) a me n\u0101 hui. \u02bbO Die Veranstaltung findet auf Deutsch statt. Die \u00dcbernachtungskosten werden sich voraussichtlich auf etwa 50 Euro belaufen (dazu kommen Verpflegungs- und Reisekosten).<br>Wenn ihr Interesse an einer Teilnahme habt, kontaktiert uns bitte unter ITAA.Treffen.Immenhausen.2025@gmail.com<br>Anmeldeschluss ist der 4. \u02bbApelila.<br>Wenn ihr mehr \u00fcber das deutschsprachige ITAA-Treffen 2025 in Immenhausen erfahren m\u00f6chtet, k\u00f6nnt ihr auch zum Planungstreffen kommen. \u02bbIke \u02bbia \u02bbo Planungstreffen i ka l\u0101 16.02. im Anschluss an das Deutsche ITAA Treffen am Sonntag (9:30-10:30 Uhr MEZ) statt.<\/p>\n\n\n\n<p class=\"has-text-align-center has-medium-font-size\">-~-<\/p>\n\n\n\n<p><strong>ITAA Hui \u02bbAmelika \u02bb\u0100kau 2024<\/strong><\/p>\n\n\n\n<p>Ua m\u0101lama \u02bbia ka \u02bbAha K\u016bk\u0101k\u016bk\u0101 \u02bbAmelika \u02bb\u0100kau \u02bbelua (NAC) ma Kepakemapa 27-29, 2024 ma kahi kikowaena ho\u02bbomaha ma n\u0101 wahi kua\u02bb\u0101ina ma Maryland - he mahi\u02bbai nani a he wahi h\u014d\u02bbulu\u02bbulu me ka mantra &quot;ho\u02bboka\u02bbawale e ho\u02bbopili.&quot; Ua hele mai ma mua o 80 mau l\u0101l\u0101 mai kahi kokoke a mamao aku, me Hungary, UK, Kanada, Arizona, Illinois, Ohio, Colorado, North Carolina, Kaleponi, moku\u02bb\u0101ina \u02bbo Wakinekona, Wakinekona DC, a mai n\u0101 wahi a pau o ka \u02bb\u0101kau hikina o \u02bbAmelika Hui P\u016b \u02bbIa.<br><br>Ua aneane p\u0101p\u0101lua ka hanana i ka po\u02bbe i hele mai i ka makahiki i hala, e uha\u02bbi ana i ka mo\u02bbolelo no ka \u02bbaha kanaka nui loa ma ka m\u014d\u02bbaukala ITAA. Ua hele nui \u02bbia ho\u02bbi ma ke \u02bbano virtual i n\u0101 hanana hybrid \u02bbeh\u0101 i ho\u02bbolaha \u02bbia i ka p\u016bnaewele ITAA, hiki ke loa\u02bba n\u0101 ho\u02bbopa\u02bba leo ma ka&nbsp;<a href=\"https:\/\/internetaddictsanonymous.org\/haw\/na-mo%ca%bbolelo-ho%ca%bbola\/\" target=\"_blank\" rel=\"noreferrer noopener\">N\u0101 Mo\u02bbolelo Ho\u02bb\u014dla<\/a>&nbsp;\u02bbao\u02bbao. Ua hau\u02bboli m\u0101kou i \u02bbekolu mau l\u0101 i piha i ka launa p\u016b \u02bbana, me n\u0101 hanana like \u02bbole e pili ana i n\u0101 h\u0101l\u0101wai ha\u02bbi\u02bb\u014dlelo, n\u0101 panela, n\u0101 papa hana me n\u0101 kumuhana e pili ana i n\u0101 \u02bbanu\u02bbu hana, a hiki i ka ho\u02bbohana \u02bbana i n\u0101 ki\u02bbi e loa\u02bba ai ka pale \u02bbana, a hiki i ka ho\u02bbokumu \u02bbana i n\u0101 h\u0101l\u0101wai olakino pilikino, kahi p\u014d mic \u0101kea, a me ke komo \u02bbana o ka hui me n\u0101 \u02bbaha no ka no\u02bbono\u02bbo \u02bbana, ka pule \u02bbelua ala, a me ka holo. Ua ka\u02bbana like m\u0101kou i ka mea\u02bbai, ka \u02bbaka\u02bbaka, a me ka pilina, e ho\u02bbokumu ana i n\u0101 pilina hohonu e noho ko\u02bbiko\u02bbi ana i k\u0101 m\u0101kou huaka\u02bbi ho\u02bb\u014dla ma hope o ka pau \u02bbana o ka hopena pule.<\/p>\n\n\n\n<p class=\"has-text-align-center\">-~-<\/p>\n\n\n\n<p><strong>Ho\u02bbomaha \u02bbo Denemaka ITAA 2024<\/strong> <\/p>\n\n\n\n<p>Ma ka l\u0101 20 a hiki i ka l\u0101 24 o Kepakemapa 2024, ua m\u0101lama n\u0101 l\u0101l\u0101 5 o ITAA mai 4 mau \u02bb\u0101ina i kahi ho\u02bbomaha ma ke kua\u02bb\u0101ina ma waho o Ringsted, Denemaka.<\/p>\n\n\n\n<p>Ua hana p\u016b m\u0101kou i ka yoga a me ka Qi-Gong, ua kuke p\u016b a \u02bbai p\u016b, a ua hele p\u016b no ka hele w\u0101wae m\u0101lie i loko o ka nahele. Nui n\u0101 h\u0101l\u0101wai i m\u0101lama \u02bbia, a nui ka le\u02bbale\u02bba i loa\u02bba. I ka p\u014d P\u014d\u02bbaono, ua ho\u02bb\u0101 \u02bbia ka sauna. Ua m\u0101lama \u02bbia ka h\u0101l\u0101wai hope loa i ka L\u0101pule ma luna o kahi wa\u02bba ma kahi loko li\u02bbili\u02bbi ma ka \u02bbao\u02bbao o ka wahi!<\/p>\n\n\n\n<p>In\u0101 makemake \u02bboe e hui p\u016b me kahi TINTNAC e hiki mai ana, e ho\u02bboka\u02bba\u02bbike mai&nbsp;<a href=\"mailto:tintnac@itaa.dk\" target=\"_blank\" rel=\"noreferrer noopener\">tintnac@itaa.dk<\/a>.<\/p>\n\n\n\n<p class=\"has-text-align-center\">-~-<\/p>\n\n\n\n<p><strong>ITAA Hui \u02bbAmelika \u02bb\u0100kau 2023<\/strong><\/p>\n\n\n\n<p>Ua m\u0101lama \u02bbia ka \u02bbAha K\u016bk\u0101k\u016bk\u0101 \u02bbAmelika \u02bb\u0100kau mua (NAC) ma \u02bbAukake 4-6, 2023 ma kahi kikowaena ho\u02bbomaha ma ke aw\u0101wa \u02bbo San Ramon. Ua hele mai ma mua o 50 mau l\u0101l\u0101 mai n\u0101 wahi a puni o ka honua, e komo p\u016b ana me Dubai, UK, New York, Arizona, Wakinekona DC, a me Kaleponi.<\/p>\n\n\n\n<p>Ua h\u014d\u02bbailona ia i ka \u02bbaha k\u016bk\u0101 nui loa ma ka m\u014d\u02bbaukala ITAA. Ma lalo o ke kumumana\u02bbo alaka\u02bbi o <em>Ke ho\u02bbi mai nei i ka home i ITAA<\/em>, ua komo m\u0101kou i n\u0101 hanana like \u02bbole\u2014n\u0101 h\u0101l\u0101wai i alaka\u02bbi \u02bbia e ka ho\u02bb\u014dla \u02bbana, n\u0101 panela, n\u0101 papa hana, kahi p\u0101\u02bbina hula leo \u02bbole, h\u014d\u02bbike talena, a me n\u0101 hana hui ki\u02bbeki\u02bbe. Ua hau\u02bboli m\u0101kou i n\u0101 p\u0101\u02bbina like \u02bbole a me n\u0101 \u02bbapo maoli! Hiki i\u0101 \u02bboe ke heluhelu hou a\u02bbe e pili ana i\u0101 ia ma ane\u02bbi:<br><a href=\"https:\/\/drive.google.com\/file\/d\/1dY9NGsuFw19U-4qDMpAKvs3yRs7Mb58d\/view?usp=sharing\">N\u016bpepa \u02bbAha K\u016bk\u0101k\u016bk\u0101 NAC 2023<\/a><\/p>\n\n\n\n<p class=\"has-text-align-center\">-~-<\/p>\n\n\n\n<p><strong>\u02bbAha K\u016bk\u0101k\u016bk\u0101 Kelemania Honua ITAA 2022<\/strong><\/p>\n\n\n\n<p>Ua m\u0101lama \u02bbia kahi \u02bbaha k\u016bk\u0101 honua \u02bb\u014dlelo Kelem\u0101nia ma Kassel, Kelem\u0101nia, mai ka l\u0101 4 a hiki i ka l\u0101 6 o Nowemapa 2022. E n\u0101n\u0101 i n\u0101 loulou ma lalo nei e heluhelu hou aku:<br><a href=\"https:\/\/drive.google.com\/file\/d\/1nVc7ASAUNOWPfETdJYxi3Ca3OwUQDy9o\/view?usp=sharing\">N\u016bpepa Pelekania<\/a><br><a href=\"https:\/\/drive.google.com\/file\/d\/19yIeiCZfQ4lzuJY466wLgGqS9uhI61dQ\/view?usp=sharing\">N\u016bpepa Kelemania<\/a><\/p>\n\n\n\n<p class=\"has-text-align-center\">-~-<\/p>\n\n\n\n<p><strong>\u02bbAhahui Honua Mua o ITAA 2019<\/strong><\/p>\n\n\n\n<p>Ua m\u0101lama \u02bbia ka \u02bbAhahui ITAA International mua ma Pelelina, Kelem\u0101nia ma ka l\u0101 9 a me 10 o Nowemapa 2019. Hiki i\u0101 \u02bboe ke heluhelu e pili ana i ka \u02bbaha a me n\u0101 mo\u02bbolelo o n\u0101 l\u0101l\u0101 ma <a aria-label=\"\u02bba\u02bbole i wehewehe \u02bbia (wehe \u02bbia ma kahi p\u0101 hou)\" href=\"https:\/\/drive.google.com\/file\/d\/1RKRxJW0WZVy2g_jvjCV2MLBDm35xtqIB\/view?usp=sharing\" target=\"_blank\" rel=\"noreferrer noopener\">k\u0101 m\u0101kou n\u016bpepa<\/a>.<\/p>\n<!-- PMB print buttons is only displayed on a single post\/page URLs-->","protected":false},"excerpt":{"rendered":"<p>Hiki i kekahi l\u0101l\u0101 a hui paha o n\u0101 l\u0101l\u0101 ke ho\u02bbonohonoho i kahi \u02bbaha k\u016bk\u0101. In\u0101 makemake \u02bboe e ho\u02bbol\u0101l\u0101 i kahi \u02bbaha k\u016bk\u0101 ma kou wahi, e \u02bbolu\u02bbolu e hana p\u0113l\u0101! \u02bbAha K\u016bk\u0101k\u016bk\u0101 Kelem\u0101nia ITAA 2026 Mai Iune 19-21, 2026, e m\u0101lama \u02bbia kahi \u02bbAha K\u016bk\u0101k\u016bk\u0101 ITAA \u02bb\u014dlelo Kelem\u0101nia ma Immenhausen kokoke i\u0101 Kassel, e h\u014d\u02bbike ana i n\u0101 h\u0101l\u0101wai a me n\u0101 hana kuke like. No ke kau inoa \u02bbana e \u02bbolu\u02bbolu e kelepona i\u0101: \u2026 <a href=\"https:\/\/internetaddictsanonymous.org\/haw\/itaa-conventions\/\" class=\"more-link\">E ho\u02bbomau i ka heluhelu \u02bbana <span class=\"screen-reader-text\">N\u0101 \u02bbAha K\u016bk\u0101k\u016bk\u0101 ITAA<\/span><\/a><\/p>","protected":false},"author":35194237,"featured_media":0,"parent":0,"menu_order":0,"comment_status":"closed","ping_status":"closed","template":"full-width-page.php","meta":{"inline_featured_image":false,"_lmt_disableupdate":"","_lmt_disable":"","jetpack_post_was_ever_published":false,"footnotes":""},"tags":[],"class_list":["post-9655","page","type-page","status-publish","hentry"],"yoast_head":"<!-- This site is optimized with the Yoast SEO plugin v27.3 - https:\/\/yoast.com\/product\/yoast-seo-wordpress\/ -->\n<title>ITAA Conventions &#8211; Internet and Technology Addicts Anonymous<\/title>\n<meta name=\"robots\" content=\"index, follow, max-snippet:-1, max-image-preview:large, max-video-preview:-1\" \/>\n<link rel=\"canonical\" href=\"https:\/\/internetaddictsanonymous.org\/haw\/na-\u02bbaha-kuka-\u02bbitaa\/\" \/>\n<meta property=\"og:locale\" content=\"en_US\" \/>\n<meta property=\"og:type\" content=\"article\" \/>\n<meta property=\"og:title\" content=\"ITAA Conventions &#8211; Internet and Technology Addicts Anonymous\" \/>\n<meta property=\"og:description\" content=\"Any member or group of members may organize a convention. If you would like to plan a convention in your area, please feel free to do so! ITAA German Convention 2026 From June 19\u201321, 2026, a German-speaking ITAA Convention will take place in Immenhausen near Kassel, featuring meetings and shared cooking activities.For Registration please contact: &hellip; Continue reading ITAA Conventions\" \/>\n<meta property=\"og:url\" content=\"https:\/\/internetaddictsanonymous.org\/haw\/na-\u02bbaha-kuka-\u02bbitaa\/\" \/>\n<meta property=\"og:site_name\" content=\"Internet and Technology Addicts Anonymous\" \/>\n<meta property=\"article:modified_time\" content=\"2026-02-27T21:57:57+00:00\" \/>\n<meta name=\"twitter:card\" content=\"summary_large_image\" \/>\n<meta name=\"twitter:label1\" content=\"Est. reading time\" \/>\n\t<meta name=\"twitter:data1\" content=\"5 minutes\" \/>\n<script type=\"application\/ld+json\" class=\"yoast-schema-graph\">{\"@context\":\"https:\\\/\\\/schema.org\",\"@graph\":[{\"@type\":\"WebPage\",\"@id\":\"https:\\\/\\\/internetaddictsanonymous.org\\\/itaa-conventions\\\/\",\"url\":\"https:\\\/\\\/internetaddictsanonymous.org\\\/itaa-conventions\\\/\",\"name\":\"ITAA Conventions &#8211; Internet and Technology Addicts Anonymous\",\"isPartOf\":{\"@id\":\"https:\\\/\\\/internetaddictsanonymous.org\\\/#website\"},\"datePublished\":\"2020-01-24T08:16:02+00:00\",\"dateModified\":\"2026-02-27T21:57:57+00:00\",\"breadcrumb\":{\"@id\":\"https:\\\/\\\/internetaddictsanonymous.org\\\/itaa-conventions\\\/#breadcrumb\"},\"inLanguage\":\"haw-US\",\"potentialAction\":[{\"@type\":\"ReadAction\",\"target\":[\"https:\\\/\\\/internetaddictsanonymous.org\\\/itaa-conventions\\\/\"]}]},{\"@type\":\"BreadcrumbList\",\"@id\":\"https:\\\/\\\/internetaddictsanonymous.org\\\/itaa-conventions\\\/#breadcrumb\",\"itemListElement\":[{\"@type\":\"ListItem\",\"position\":1,\"name\":\"Home\",\"item\":\"https:\\\/\\\/internetaddictsanonymous.org\\\/\"},{\"@type\":\"ListItem\",\"position\":2,\"name\":\"ITAA Conventions\"}]},{\"@type\":\"WebSite\",\"@id\":\"https:\\\/\\\/internetaddictsanonymous.org\\\/#website\",\"url\":\"https:\\\/\\\/internetaddictsanonymous.org\\\/\",\"name\":\"Internet and Technology Addicts Anonymous\",\"description\":\"Worldwide 12-step Fellowship for Internet and Technology Addiction\",\"publisher\":{\"@id\":\"https:\\\/\\\/internetaddictsanonymous.org\\\/#organization\"},\"potentialAction\":[{\"@type\":\"SearchAction\",\"target\":{\"@type\":\"EntryPoint\",\"urlTemplate\":\"https:\\\/\\\/internetaddictsanonymous.org\\\/?s={search_term_string}\"},\"query-input\":{\"@type\":\"PropertyValueSpecification\",\"valueRequired\":true,\"valueName\":\"search_term_string\"}}],\"inLanguage\":\"haw-US\"},{\"@type\":\"Organization\",\"@id\":\"https:\\\/\\\/internetaddictsanonymous.org\\\/#organization\",\"name\":\"Internet and Technology Addicts Anonymous\",\"url\":\"https:\\\/\\\/internetaddictsanonymous.org\\\/\",\"logo\":{\"@type\":\"ImageObject\",\"inLanguage\":\"haw-US\",\"@id\":\"https:\\\/\\\/internetaddictsanonymous.org\\\/#\\\/schema\\\/logo\\\/image\\\/\",\"url\":\"https:\\\/\\\/internetaddictsanonymous.org\\\/wp-content\\\/uploads\\\/2023\\\/01\\\/cropped-ITAA-logo-480px.png\",\"contentUrl\":\"https:\\\/\\\/internetaddictsanonymous.org\\\/wp-content\\\/uploads\\\/2023\\\/01\\\/cropped-ITAA-logo-480px.png\",\"width\":480,\"height\":480,\"caption\":\"Internet and Technology Addicts Anonymous\"},\"image\":{\"@id\":\"https:\\\/\\\/internetaddictsanonymous.org\\\/#\\\/schema\\\/logo\\\/image\\\/\"}}]}<\/script>\n<!-- \/ Yoast SEO plugin. -->","yoast_head_json":{"title":"N\u0101 \u02bbAha K\u016bk\u0101k\u016bk\u0101 ITAA - P\u016bnaewele a me n\u0101 \u02bbenehana \u02bbenehana Anonymous","robots":{"index":"index","follow":"follow","max-snippet":"max-snippet:-1","max-image-preview":"max-image-preview:large","max-video-preview":"max-video-preview:-1"},"canonical":"https:\/\/internetaddictsanonymous.org\/haw\/na-\u02bbaha-kuka-\u02bbitaa\/","og_locale":"en_US","og_type":"article","og_title":"ITAA Conventions &#8211; Internet and Technology Addicts Anonymous","og_description":"Any member or group of members may organize a convention. If you would like to plan a convention in your area, please feel free to do so! ITAA German Convention 2026 From June 19\u201321, 2026, a German-speaking ITAA Convention will take place in Immenhausen near Kassel, featuring meetings and shared cooking activities.For Registration please contact: &hellip; Continue reading ITAA Conventions","og_url":"https:\/\/internetaddictsanonymous.org\/haw\/na-\u02bbaha-kuka-\u02bbitaa\/","og_site_name":"Internet and Technology Addicts Anonymous","article_modified_time":"2026-02-27T21:57:57+00:00","twitter_card":"summary_large_image","twitter_misc":{"Est. reading time":"5 minutes"},"schema":{"@context":"https:\/\/schema.org","@graph":[{"@type":"WebPage","@id":"https:\/\/internetaddictsanonymous.org\/itaa-conventions\/","url":"https:\/\/internetaddictsanonymous.org\/itaa-conventions\/","name":"N\u0101 \u02bbAha K\u016bk\u0101k\u016bk\u0101 ITAA - P\u016bnaewele a me n\u0101 \u02bbenehana \u02bbenehana Anonymous","isPartOf":{"@id":"https:\/\/internetaddictsanonymous.org\/#website"},"datePublished":"2020-01-24T08:16:02+00:00","dateModified":"2026-02-27T21:57:57+00:00","breadcrumb":{"@id":"https:\/\/internetaddictsanonymous.org\/itaa-conventions\/#breadcrumb"},"inLanguage":"haw-US","potentialAction":[{"@type":"ReadAction","target":["https:\/\/internetaddictsanonymous.org\/itaa-conventions\/"]}]},{"@type":"BreadcrumbList","@id":"https:\/\/internetaddictsanonymous.org\/itaa-conventions\/#breadcrumb","itemListElement":[{"@type":"ListItem","position":1,"name":"Home","item":"https:\/\/internetaddictsanonymous.org\/"},{"@type":"ListItem","position":2,"name":"ITAA Conventions"}]},{"@type":"WebSite","@id":"https:\/\/internetaddictsanonymous.org\/#website","url":"https:\/\/internetaddictsanonymous.org\/","name":"N\u0101 mea ho\u02bbopilikia p\u016bnaewele a me ka \u02bbenehana Anonymous","description":"\u02bbO ka Fellowship honua 12-step no ka ho\u02bbohui \u02bbana i ka P\u016bnaewele a me ka \u02bbenehana","publisher":{"@id":"https:\/\/internetaddictsanonymous.org\/#organization"},"potentialAction":[{"@type":"SearchAction","target":{"@type":"EntryPoint","urlTemplate":"https:\/\/internetaddictsanonymous.org\/?s={search_term_string}"},"query-input":{"@type":"PropertyValueSpecification","valueRequired":true,"valueName":"search_term_string"}}],"inLanguage":"haw-US"},{"@type":"Organization","@id":"https:\/\/internetaddictsanonymous.org\/#organization","name":"N\u0101 mea ho\u02bbopilikia p\u016bnaewele a me ka \u02bbenehana Anonymous","url":"https:\/\/internetaddictsanonymous.org\/","logo":{"@type":"ImageObject","inLanguage":"haw-US","@id":"https:\/\/internetaddictsanonymous.org\/#\/schema\/logo\/image\/","url":"https:\/\/internetaddictsanonymous.org\/wp-content\/uploads\/2023\/01\/cropped-ITAA-logo-480px.png","contentUrl":"https:\/\/internetaddictsanonymous.org\/wp-content\/uploads\/2023\/01\/cropped-ITAA-logo-480px.png","width":480,"height":480,"caption":"Internet and Technology Addicts Anonymous"},"image":{"@id":"https:\/\/internetaddictsanonymous.org\/#\/schema\/logo\/image\/"}}]}},"jetpack_sharing_enabled":true,"jetpack_shortlink":"https:\/\/wp.me\/P9Fwob-2vJ","_links":{"self":[{"href":"https:\/\/internetaddictsanonymous.org\/haw\/wp-json\/wp\/v2\/pages\/9655","targetHints":{"allow":["GET"]}}],"collection":[{"href":"https:\/\/internetaddictsanonymous.org\/haw\/wp-json\/wp\/v2\/pages"}],"about":[{"href":"https:\/\/internetaddictsanonymous.org\/haw\/wp-json\/wp\/v2\/types\/page"}],"author":[{"embeddable":true,"href":"https:\/\/internetaddictsanonymous.org\/haw\/wp-json\/wp\/v2\/users\/35194237"}],"replies":[{"embeddable":true,"href":"https:\/\/internetaddictsanonymous.org\/haw\/wp-json\/wp\/v2\/comments?post=9655"}],"version-history":[{"count":68,"href":"https:\/\/internetaddictsanonymous.org\/haw\/wp-json\/wp\/v2\/pages\/9655\/revisions"}],"predecessor-version":[{"id":21079,"href":"https:\/\/internetaddictsanonymous.org\/haw\/wp-json\/wp\/v2\/pages\/9655\/revisions\/21079"}],"wp:attachment":[{"href":"https:\/\/internetaddictsanonymous.org\/haw\/wp-json\/wp\/v2\/media?parent=9655"}],"wp:term":[{"taxonomy":"post_tag","embeddable":true,"href":"https:\/\/internetaddictsanonymous.org\/haw\/wp-json\/wp\/v2\/tags?post=9655"}],"curies":[{"name":"wp","href":"https:\/\/api.w.org\/{rel}","templated":true}]}}