{"id":9835,"date":"2020-02-09T10:49:59","date_gmt":"2020-02-09T10:49:59","guid":{"rendered":"https:\/\/internetaddictsanonymous.org\/?page_id=9835"},"modified":"2026-04-08T18:26:27","modified_gmt":"2026-04-09T01:26:27","slug":"na-mo%ca%bbolelo-ho%ca%bbola","status":"publish","type":"page","link":"https:\/\/internetaddictsanonymous.org\/haw\/recovery-stories\/","title":{"rendered":"N\u0101 Mo\u02bbolelo Ho\u02bb\u014dla"},"content":{"rendered":"<p>Maanei m\u0101kou e ka\u02bbana like ai i ka \u02bbike, ka ikaika a me ka mana\u02bbolana o n\u0101 l\u0101l\u0101 ITAA. Ke ka\u02bbana like nei m\u0101kou e pili ana i ke \u02bbano o ia mea, n\u0101 mea i loli, a pehea ia i k\u0113ia manawa.<\/p>\n\n\n\n<h2 class=\"wp-block-heading\"><strong>N\u0101 lipine mea ho\u02bbolele leo<\/strong><\/h2>\n\n\n\n<p><strong><a href=\"https:\/\/drive.google.com\/file\/d\/12Qr9utldpvMAtyNtr-YS4DNI5d8Ofadq\/view?usp=sharing\" type=\"link\" id=\"https:\/\/drive.google.com\/file\/d\/12Qr9utldpvMAtyNtr-YS4DNI5d8Ofadq\/view?usp=sharing\">\u02bbO Lauren T - Ma\u02bbi Mau a me ka Ho\u02bboka\u02bba\u02bbike \u02bbIke<\/a><\/strong> (45min, \u02bbApelila 4, 2026)<br><strong><a href=\"https:\/\/drive.google.com\/file\/d\/14Z0m7jLQWqbiXN82BRfpmmQ3o88dbpYm\/view?usp=sharing\">\u02bbO Lauren VB - H\u0101pai \u02bbia mai kahi lalo \u02bbuhane<\/a><\/strong> (35min, Ianuali 18, 2026)<br><strong><a href=\"https:\/\/drive.google.com\/file\/d\/1jtKX3Orob3tiuvE5J028RnUtzXD6bGk9\/view?usp=drive_link\" target=\"_blank\" rel=\"noreferrer noopener\">\u02bbO Lauren VB - Ho\u02bbolaule\u02bba Makahiki \u02bbEwalu o ITAA<\/a><\/strong> (35min, Iune 23 2025)<br><strong><a href=\"https:\/\/drive.google.com\/file\/d\/1fG6-AaNMXeMEaMNH4i4cHYTHaF0hXfF4\/view?usp=drive_link\" target=\"_blank\" rel=\"noreferrer noopener\">\u02bbAuma - Ho\u02bbolaule\u02bba Makahiki \u02bbEwalu o ITAA<\/a> <\/strong>(30min, Iune 23 2025)<br><strong><a href=\"https:\/\/drive.google.com\/file\/d\/17LH5OXfKjhOkspc3pXuuOE6eWBP4J04_\/view?usp=sharing\">Ka\u02bbana like \u02bbana o ka mea ho\u02bbolaha NAC 2024 Morgan S + Q&amp;A<\/a><\/strong> (50min, Kepakemapa 29 2024)<br><strong><a href=\"https:\/\/drive.google.com\/file\/d\/1Ukm5rzi2ed7DMDINAOVTK87vFVodcyfo\/view?usp=sharing\">\u02bbO ka NAC 2024 State of the Fellowship Panel<\/a><\/strong> (50min, Kepakemapa 28 2024)<br><strong><a href=\"https:\/\/drive.google.com\/file\/d\/1FZd-1a2YhCCPkVzk8MVqn_Tu3LOqC3WX\/view?usp=sharing\">Papa Ho\u02bbomalu Nohona L\u014d\u02bbihi o NAC 2024<\/a><\/strong> (50min, Kepakemapa 28 2024)<br><a href=\"https:\/\/drive.google.com\/file\/d\/1ihnAwVmrrgTnYmBB-wX88qJOQUFwSv7B\/view?usp=drive_link\"><strong>Ka\u02bbana like \u02bbana o ka mea ho\u02bbolele leo NAC 2024 Willow L + Q&amp;A<\/strong><\/a> (45min, Kepakemapa 27 2024)<br><strong><a href=\"https:\/\/drive.google.com\/file\/d\/16Ah5V_UOiUQPGXzzJmJLuiHTwNTuXG7t\/view?usp=drive_link\">\u02bbO Minah - pane i ka ho\u02bbi hou<\/a><\/strong> (45min, Dekemaba 22 2023)<br><strong><a href=\"https:\/\/drive.google.com\/file\/d\/1bNy6hPMdGJAHStesnpytmstxlkYGHDkZ\/view?usp=sharing\" target=\"_blank\" rel=\"noreferrer noopener\">\u02bbO Chris C - Ho\u02bbolaule\u02bba Makahiki \u02bbEhiku o ITAA<\/a><\/strong> (30 mau minuke, Iune 23 2024)<br><strong><a href=\"https:\/\/drive.google.com\/file\/d\/1kbcKTp9HdIXwRCjlMxIu9jb4Yz8x04zh\/view?usp=sharing\" target=\"_blank\" rel=\"noreferrer noopener\">\u02bbO Tiffany Denise - Ho\u02bbolaule\u02bba Makahiki \u02bbEhiku o ITAA<\/a><\/strong> (30 mau minuke, Iune 23 2024)<br><strong><a href=\"https:\/\/drive.google.com\/file\/d\/160uYa46e3bDz2sq5k66l8RngNPrY5Mnh\/view?usp=drive_link\" target=\"_blank\" rel=\"noreferrer noopener\">\u02bbO Emmanuelle F \u2013 Ho\u02bbolaule\u02bba Makahiki \u02bbEono o ITAA<\/a><\/strong> (30 mau minuke, Iune 23 2023)<br><strong><a href=\"https:\/\/drive.google.com\/file\/d\/1_SPXmKrrv7g0gaNE8Zq3nhJo_FBX3YqQ\/view?usp=share_link\" target=\"_blank\" rel=\"noreferrer noopener\">\u02bbEla B \u2013 Ka Hula a ka Pendulum<\/a><\/strong> (40 mau minuke, Mei 13 2023)<br><strong><a href=\"https:\/\/drive.google.com\/file\/d\/1Hz8jBMVhDRyZQeo384JIA74i62lJucaG\/view?usp=share_link\" target=\"_blank\" rel=\"noreferrer noopener\">\u02bbO Stella D - Ke ho\u02bboku\u02bbu nei i ka ho\u02bboku\u02bbu \u02bbana<\/a><\/strong> (1 hola, Ianuali 5 2023)<br><strong><a href=\"https:\/\/drive.google.com\/file\/d\/1ELehiaIGWL0G6tdjQzZOSzxjMtpwdDPF\/view?usp=share_link\" target=\"_blank\" rel=\"noreferrer noopener\">\u02bbO Tomas K - Ke Ao Ho\u02bboha\u02bbaha\u02bba<\/a><\/strong> (1 hola 20 mau minuke, Ianuali 1 2023)<br><strong><a href=\"https:\/\/drive.google.com\/file\/d\/1wzO2gD3G8qxPpW7gsBNPVc1WvofLpQOz\/view?usp=share_link\" target=\"_blank\" rel=\"noreferrer noopener\">Will C - E Ho\u02bbi Mai Ana<\/a><\/strong> (1 hola, Dekemaba 31 2022)<br><strong><a href=\"https:\/\/drive.google.com\/file\/d\/1-aNaRq73P-c0kivZhNgwl1uLu03fRuaH\/view?usp=share_link\" target=\"_blank\" rel=\"noreferrer noopener\">Marco V \u2013 Mai ka Puka o ka Make a i ke Ola o ke K\u016b\u02bboko\u02bba<\/a><\/strong> (40 mau minuke, Nowemapa 11 2022)<br><strong><a href=\"https:\/\/drive.google.com\/file\/d\/1jw5N3Sk_wTtNcJJiCpTvsqz9adWXsRZO\/view?usp=sharing\" target=\"_blank\" rel=\"noreferrer noopener\">\u02bbO Nikki H - Ke Loa\u02bba nei ke K\u016b\u02bboko\u02bba mai ka Ma\u02bbi P\u0101pili Kaiapili<\/a><\/strong> (30 mau minuke, \u02bbOkakopa 20 2022)<br><strong><a href=\"https:\/\/drive.google.com\/file\/d\/1D3L0nGqAuYpQ4qN2Ojrc6QMkRQ9Pt9NV\/view?usp=sharing\" target=\"_blank\" rel=\"noreferrer noopener\">\u02bbO Emmanuelle F - 18 mau mahina o ka \u02bbolu\u02bbolu o ka \u02bbenehana<\/a><\/strong> (1 hola, \u02bbOkakopa 1 2022)<br><strong><a href=\"https:\/\/drive.google.com\/file\/d\/1q-OzQ_Ly-_PnZRbsAvyj8WyK354tkHVP\/view?usp=sharing\" target=\"_blank\" rel=\"noreferrer noopener\">\u02bbO Mary Kate - He Ala Hana No\u02bbeau Ma o ka Ho\u02bb\u014dla \u02bbana<\/a><\/strong> (15 mau minuke, Kepakemapa 25 2022)<br><a href=\"https:\/\/drive.google.com\/file\/d\/1DraCXbgf5KaRn7ZXRmoxbY_I9d8dwNmT\/view\" target=\"_blank\" rel=\"noreferrer noopener\"><strong>\u02bbO Tomas K - Ho\u02bbolaule\u02bba Makahiki \u02bbElima o ITAA<\/strong><\/a> (30 mau minuke, Iune 23 2022)<br><a href=\"https:\/\/drive.google.com\/file\/d\/1q9sgJlw2auWIMcc3Zz_J8KncNqgEGdKm\/view?usp=sharing\" target=\"_blank\" rel=\"noreferrer noopener\"><strong>Rebecca W - Makemake m\u0101kou i\u0101 \u02bboe e ho\u02bbi<\/strong><\/a> (25 mau minuke, Dekemaba 27 2020)<br><a href=\"https:\/\/drive.google.com\/file\/d\/1Gt_5sgdXrLXts6atwDkeV7u6PH9U1vYX\/view?usp=sharing\" target=\"_blank\" rel=\"noreferrer noopener\"><strong>\u02bbO Tomas K - He Ho\u02bbololi i Mana\u02bbo \u02bbole \u02bbia<\/strong><\/a> (35 mau minuke, \u02bbApelila 26 2020)<br><br><\/p>\n\n\n\n<h2 class=\"wp-block-heading\"><strong>N\u0101 mo\u02bbolelo i k\u0101kau \u02bbia<\/strong><\/h2>\n\n\n\n<p><strong><a href=\"https:\/\/internetaddictsanonymous.org\/haw\/na-mo%ca%bbolelo-ho%ca%bbola\/kahi-papahana-hana\/\">He Papahana Hana<\/a> (<a href=\"https:\/\/drive.google.com\/file\/d\/1H_0irFahW0c2bSYV7VJz1op0T9TQzr8n\/view?usp=drive_link\">PDF<\/a>)<\/strong><br><strong><a href=\"https:\/\/internetaddictsanonymous.org\/haw\/na-mo%ca%bbolelo-ho%ca%bbola\/ke-kupono-nei-i-ka-moe%ca%bbuhane\/\">Ke K\u016bpono nei i ka Moe\u02bbuhane<\/a> <a href=\"https:\/\/drive.google.com\/file\/d\/1sa9dBP0TMQeO_q1tzpWsT1CYh99mLj03\/view?usp=sharing\" target=\"_blank\" rel=\"noreferrer noopener\">(PDF)<\/a><\/strong><br><strong><a href=\"https:\/\/internetaddictsanonymous.org\/haw\/na-mo%ca%bbolelo-ho%ca%bbola\/puka-makani-hamama\/\">Puka makani e wehe<\/a> <a href=\"https:\/\/drive.google.com\/file\/d\/189zj0x6rHfcaTaRND6HL--4DD4OXmVSi\/view?usp=share_link\" target=\"_blank\" rel=\"noreferrer noopener\">(PDF)<\/a><\/strong><br><strong><a href=\"https:\/\/internetaddictsanonymous.org\/haw\/na-mo%ca%bbolelo-ho%ca%bbola\/hiki-ke-hoola-hou-%ca%bbia\/\">Hiki ke ho&#039;\u014dla \u02bbia<\/a> <a href=\"https:\/\/drive.google.com\/file\/d\/1xeZ9Gkm-PFfm7CYuS_T2f8HbLL15bn1J\/view?usp=sharing\" target=\"_blank\" rel=\"noreferrer noopener\">(PDF)<\/a><\/strong><br><strong><a href=\"https:\/\/internetaddictsanonymous.org\/haw\/na-mo%ca%bbolelo-ho%ca%bbola\/%ca%bbo-ka-mea-wale-no-i-hana\/\">\u02bbO ka mea wale n\u014d i hana<\/a> <a href=\"https:\/\/drive.google.com\/file\/d\/1E_kQZogx9klLKGI27N1kDHhHvowuiDsN\/view?usp=sharing\" target=\"_blank\" rel=\"noreferrer noopener\">(PDF)<\/a><\/strong><\/p>\n\n\n\n<div style=\"height:75px\" aria-hidden=\"true\" id=\"working-program\" class=\"wp-block-spacer\"><\/div>\n<!-- PMB print buttons is only displayed on a single post\/page URLs-->","protected":false},"excerpt":{"rendered":"<p>Here we share the experience, strength and hope of ITAA members. We share about how it was, what changed, and how it is now. Speaker tapes Lauren T &#8211; Chronic Illness and Conscious Contact (45min, April 4, 2026)Lauren VB &#8211; Lifted From a Spiritual Bottom (35min, Jan 18, 2026)Lauren VB &#8211; ITAA Eight Year Anniversary &hellip; <a href=\"https:\/\/internetaddictsanonymous.org\/haw\/recovery-stories\/\" class=\"more-link\">E ho\u02bbomau i ka heluhelu \u02bbana <span class=\"screen-reader-text\">N\u0101 Mo\u02bbolelo Ho\u02bb\u014dla<\/span><\/a><\/p>","protected":false},"author":35194237,"featured_media":0,"parent":0,"menu_order":0,"comment_status":"closed","ping_status":"closed","template":"full-width-page.php","meta":{"inline_featured_image":false,"_lmt_disableupdate":"","_lmt_disable":"","footnotes":""},"tags":[],"class_list":["post-9835","page","type-page","status-publish","hentry"],"yoast_head":"<!-- This site is optimized with the Yoast SEO plugin v27.5 - https:\/\/yoast.com\/product\/yoast-seo-wordpress\/ -->\n<title>Recovery Stories &#8211; Internet and Technology Addicts Anonymous<\/title>\n<meta name=\"robots\" content=\"index, follow, max-snippet:-1, max-image-preview:large, max-video-preview:-1\" \/>\n<link rel=\"canonical\" href=\"https:\/\/internetaddictsanonymous.org\/haw\/na-mo\u02bbolelo-ho\u02bbola\/\" \/>\n<meta property=\"og:locale\" content=\"en_US\" \/>\n<meta property=\"og:type\" content=\"article\" \/>\n<meta property=\"og:title\" content=\"Recovery Stories &#8211; Internet and Technology Addicts Anonymous\" \/>\n<meta property=\"og:description\" content=\"Here we share the experience, strength and hope of ITAA members. We share about how it was, what changed, and how it is now. Speaker tapes Lauren T &#8211; Chronic Illness and Conscious Contact (45min, April 4, 2026)Lauren VB &#8211; Lifted From a Spiritual Bottom (35min, Jan 18, 2026)Lauren VB &#8211; ITAA Eight Year Anniversary &hellip; Continue reading Recovery Stories\" \/>\n<meta property=\"og:url\" content=\"https:\/\/internetaddictsanonymous.org\/haw\/na-mo\u02bbolelo-ho\u02bbola\/\" \/>\n<meta property=\"og:site_name\" content=\"Internet and Technology Addicts Anonymous\" \/>\n<meta property=\"article:modified_time\" content=\"2026-04-09T01:26:27+00:00\" \/>\n<meta name=\"twitter:card\" content=\"summary_large_image\" \/>\n<meta name=\"twitter:label1\" content=\"Est. reading time\" \/>\n\t<meta name=\"twitter:data1\" content=\"2 minutes\" \/>\n<script type=\"application\/ld+json\" class=\"yoast-schema-graph\">{\"@context\":\"https:\\\/\\\/schema.org\",\"@graph\":[{\"@type\":\"WebPage\",\"@id\":\"https:\\\/\\\/internetaddictsanonymous.org\\\/recovery-stories\\\/\",\"url\":\"https:\\\/\\\/internetaddictsanonymous.org\\\/recovery-stories\\\/\",\"name\":\"Recovery Stories &#8211; Internet and Technology Addicts Anonymous\",\"isPartOf\":{\"@id\":\"https:\\\/\\\/internetaddictsanonymous.org\\\/#website\"},\"datePublished\":\"2020-02-09T10:49:59+00:00\",\"dateModified\":\"2026-04-09T01:26:27+00:00\",\"breadcrumb\":{\"@id\":\"https:\\\/\\\/internetaddictsanonymous.org\\\/recovery-stories\\\/#breadcrumb\"},\"inLanguage\":\"haw-US\",\"potentialAction\":[{\"@type\":\"ReadAction\",\"target\":[\"https:\\\/\\\/internetaddictsanonymous.org\\\/recovery-stories\\\/\"]}]},{\"@type\":\"BreadcrumbList\",\"@id\":\"https:\\\/\\\/internetaddictsanonymous.org\\\/recovery-stories\\\/#breadcrumb\",\"itemListElement\":[{\"@type\":\"ListItem\",\"position\":1,\"name\":\"Home\",\"item\":\"https:\\\/\\\/internetaddictsanonymous.org\\\/\"},{\"@type\":\"ListItem\",\"position\":2,\"name\":\"Recovery Stories\"}]},{\"@type\":\"WebSite\",\"@id\":\"https:\\\/\\\/internetaddictsanonymous.org\\\/#website\",\"url\":\"https:\\\/\\\/internetaddictsanonymous.org\\\/\",\"name\":\"Internet and Technology Addicts Anonymous\",\"description\":\"Worldwide 12-step Fellowship for Internet and Technology Addiction\",\"publisher\":{\"@id\":\"https:\\\/\\\/internetaddictsanonymous.org\\\/#organization\"},\"potentialAction\":[{\"@type\":\"SearchAction\",\"target\":{\"@type\":\"EntryPoint\",\"urlTemplate\":\"https:\\\/\\\/internetaddictsanonymous.org\\\/?s={search_term_string}\"},\"query-input\":{\"@type\":\"PropertyValueSpecification\",\"valueRequired\":true,\"valueName\":\"search_term_string\"}}],\"inLanguage\":\"haw-US\"},{\"@type\":\"Organization\",\"@id\":\"https:\\\/\\\/internetaddictsanonymous.org\\\/#organization\",\"name\":\"Internet and Technology Addicts Anonymous\",\"url\":\"https:\\\/\\\/internetaddictsanonymous.org\\\/\",\"logo\":{\"@type\":\"ImageObject\",\"inLanguage\":\"haw-US\",\"@id\":\"https:\\\/\\\/internetaddictsanonymous.org\\\/#\\\/schema\\\/logo\\\/image\\\/\",\"url\":\"https:\\\/\\\/internetaddictsanonymous.org\\\/wp-content\\\/uploads\\\/2023\\\/01\\\/cropped-ITAA-logo-480px.png\",\"contentUrl\":\"https:\\\/\\\/internetaddictsanonymous.org\\\/wp-content\\\/uploads\\\/2023\\\/01\\\/cropped-ITAA-logo-480px.png\",\"width\":480,\"height\":480,\"caption\":\"Internet and Technology Addicts Anonymous\"},\"image\":{\"@id\":\"https:\\\/\\\/internetaddictsanonymous.org\\\/#\\\/schema\\\/logo\\\/image\\\/\"}}]}<\/script>\n<!-- \/ Yoast SEO plugin. -->","yoast_head_json":{"title":"N\u0101 Mo\u02bbolelo Ho\u02bb\u014dla - P\u016bnaewele a me n\u0101 \u02bbenehana Addicts Anonymous","robots":{"index":"index","follow":"follow","max-snippet":"max-snippet:-1","max-image-preview":"max-image-preview:large","max-video-preview":"max-video-preview:-1"},"canonical":"https:\/\/internetaddictsanonymous.org\/haw\/na-mo\u02bbolelo-ho\u02bbola\/","og_locale":"en_US","og_type":"article","og_title":"Recovery Stories &#8211; Internet and Technology Addicts Anonymous","og_description":"Here we share the experience, strength and hope of ITAA members. We share about how it was, what changed, and how it is now. Speaker tapes Lauren T &#8211; Chronic Illness and Conscious Contact (45min, April 4, 2026)Lauren VB &#8211; Lifted From a Spiritual Bottom (35min, Jan 18, 2026)Lauren VB &#8211; ITAA Eight Year Anniversary &hellip; Continue reading Recovery Stories","og_url":"https:\/\/internetaddictsanonymous.org\/haw\/na-mo\u02bbolelo-ho\u02bbola\/","og_site_name":"Internet and Technology Addicts Anonymous","article_modified_time":"2026-04-09T01:26:27+00:00","twitter_card":"summary_large_image","twitter_misc":{"Est. reading time":"2 minutes"},"schema":{"@context":"https:\/\/schema.org","@graph":[{"@type":"WebPage","@id":"https:\/\/internetaddictsanonymous.org\/recovery-stories\/","url":"https:\/\/internetaddictsanonymous.org\/recovery-stories\/","name":"N\u0101 Mo\u02bbolelo Ho\u02bb\u014dla - P\u016bnaewele a me n\u0101 \u02bbenehana Addicts Anonymous","isPartOf":{"@id":"https:\/\/internetaddictsanonymous.org\/#website"},"datePublished":"2020-02-09T10:49:59+00:00","dateModified":"2026-04-09T01:26:27+00:00","breadcrumb":{"@id":"https:\/\/internetaddictsanonymous.org\/recovery-stories\/#breadcrumb"},"inLanguage":"haw-US","potentialAction":[{"@type":"ReadAction","target":["https:\/\/internetaddictsanonymous.org\/recovery-stories\/"]}]},{"@type":"BreadcrumbList","@id":"https:\/\/internetaddictsanonymous.org\/recovery-stories\/#breadcrumb","itemListElement":[{"@type":"ListItem","position":1,"name":"Home","item":"https:\/\/internetaddictsanonymous.org\/"},{"@type":"ListItem","position":2,"name":"Recovery Stories"}]},{"@type":"WebSite","@id":"https:\/\/internetaddictsanonymous.org\/#website","url":"https:\/\/internetaddictsanonymous.org\/","name":"N\u0101 mea ho\u02bbopilikia p\u016bnaewele a me ka \u02bbenehana Anonymous","description":"\u02bbO ka Fellowship honua 12-step no ka ho\u02bbohui \u02bbana i ka P\u016bnaewele a me ka \u02bbenehana","publisher":{"@id":"https:\/\/internetaddictsanonymous.org\/#organization"},"potentialAction":[{"@type":"SearchAction","target":{"@type":"EntryPoint","urlTemplate":"https:\/\/internetaddictsanonymous.org\/?s={search_term_string}"},"query-input":{"@type":"PropertyValueSpecification","valueRequired":true,"valueName":"search_term_string"}}],"inLanguage":"haw-US"},{"@type":"Organization","@id":"https:\/\/internetaddictsanonymous.org\/#organization","name":"N\u0101 mea ho\u02bbopilikia p\u016bnaewele a me ka \u02bbenehana Anonymous","url":"https:\/\/internetaddictsanonymous.org\/","logo":{"@type":"ImageObject","inLanguage":"haw-US","@id":"https:\/\/internetaddictsanonymous.org\/#\/schema\/logo\/image\/","url":"https:\/\/internetaddictsanonymous.org\/wp-content\/uploads\/2023\/01\/cropped-ITAA-logo-480px.png","contentUrl":"https:\/\/internetaddictsanonymous.org\/wp-content\/uploads\/2023\/01\/cropped-ITAA-logo-480px.png","width":480,"height":480,"caption":"Internet and Technology Addicts Anonymous"},"image":{"@id":"https:\/\/internetaddictsanonymous.org\/#\/schema\/logo\/image\/"}}]}},"jetpack_sharing_enabled":true,"jetpack_shortlink":"https:\/\/wp.me\/P9Fwob-2yD","_links":{"self":[{"href":"https:\/\/internetaddictsanonymous.org\/haw\/wp-json\/wp\/v2\/pages\/9835","targetHints":{"allow":["GET"]}}],"collection":[{"href":"https:\/\/internetaddictsanonymous.org\/haw\/wp-json\/wp\/v2\/pages"}],"about":[{"href":"https:\/\/internetaddictsanonymous.org\/haw\/wp-json\/wp\/v2\/types\/page"}],"author":[{"embeddable":true,"href":"https:\/\/internetaddictsanonymous.org\/haw\/wp-json\/wp\/v2\/users\/35194237"}],"replies":[{"embeddable":true,"href":"https:\/\/internetaddictsanonymous.org\/haw\/wp-json\/wp\/v2\/comments?post=9835"}],"version-history":[{"count":87,"href":"https:\/\/internetaddictsanonymous.org\/haw\/wp-json\/wp\/v2\/pages\/9835\/revisions"}],"predecessor-version":[{"id":21211,"href":"https:\/\/internetaddictsanonymous.org\/haw\/wp-json\/wp\/v2\/pages\/9835\/revisions\/21211"}],"wp:attachment":[{"href":"https:\/\/internetaddictsanonymous.org\/haw\/wp-json\/wp\/v2\/media?parent=9835"}],"wp:term":[{"taxonomy":"post_tag","embeddable":true,"href":"https:\/\/internetaddictsanonymous.org\/haw\/wp-json\/wp\/v2\/tags?post=9835"}],"curies":[{"name":"wp","href":"https:\/\/api.w.org\/{rel}","templated":true}]}}