{"id":16397,"date":"2023-07-16T14:05:34","date_gmt":"2023-07-16T18:05:34","guid":{"rendered":"https:\/\/internetaddictsanonymous.org\/?page_id=16397"},"modified":"2025-11-27T12:47:33","modified_gmt":"2025-11-27T20:47:33","slug":"%d7%90%d7%a8%d7%92%d7%a0%d7%98%d7%99%d7%a0%d7%94-%d7%a8%d7%95%d7%a1%d7%90%d7%a8%d7%99%d7%95","status":"publish","type":"page","link":"https:\/\/internetaddictsanonymous.org\/he\/in-person-meetings\/argentina-rosario\/","title":{"rendered":"ITAA \u05d1\u05d0\u05e8\u05d2\u05e0\u05d8\u05d9\u05e0\u05d4"},"content":{"rendered":"<p>\u00a1Bienvenido a Addictos a Internet y la Tecnolog\u00eda An\u00f3nimos!\u00a0<strong>ITAA es una comunidad de Doce Pasos formada por personas que se apoyan mutuamente para recuperarse de la adicci\u00f3n a Internet ya la tecnologia.<\/strong>\u00a0Esto incluye la adicci\u00f3n a las redes sociales, los celulares, los v\u00eddeos online, los videojuegos, las noticias, la pornograf\u00eda, las aplicaciones de citas, la investigaci\u00f3n en l\u00ednea, las compras en l\u00ednea \u05d0\u05d5 cualquier otra actividad digital en se compuls \u05d1\u05e2\u05d9\u05d4.\u00a0<\/p>\n\n\n\n<h3 class=\"wp-block-heading\">Reuniones en Rosario todas las semanas<\/h3>\n\n\n\n<p><strong>\u05d4\u05ea\u05d0\u05d7\u05d3\u05d5 \u05e0\u05d5\u05d0\u05e1\u05d8\u05e8\u05d5 <a href=\"https:\/\/tinyurl.com\/Grupo-ITAA-Rosario\">\u05e7\u05d1\u05d5\u05e6\u05ea \u05d5\u05d5\u05d0\u05d8\u05e1\u05d0\u05e4<\/a> \u05de\u05d9\u05d3\u05e2 \u05e0\u05d5\u05e1\u05e3: <br><a href=\"https:\/\/tinyurl.com\/Grupo-ITAA-Rosario\" target=\"_blank\" rel=\"noreferrer noopener\">https:\/\/tinyurl.com\/Grupo-ITAA-Rosario<\/a> <\/strong><br>\u05e9\u05dc\u05d7 \u05d3\u05d5\u05d0&quot;\u05dc \u05d0\u00a0<a href=\"mailto:mauricioinserenity@gmail.com\" target=\"_blank\" rel=\"noreferrer noopener\">mauricioinserenity@gmail.com<\/a>.<\/p>\n\n\n\n<h3 class=\"wp-block-heading\">\u05de\u05e4\u05d2\u05e9\u05d9\u05dd \u05e9\u05dc \u05d6\u05d5\u05dd<\/h3>\n\n\n\n<p>Si sos nuevo, te animamos a que pruebes a asistir a seis reuniones en un breve periodo de tiempo para ver si nuestro programa puede serte \u00fatil. Adem\u00e1s de nuestra reuni\u00f3n semanal en Rosario, tambi\u00e9n podes consultar nuestro\u00a0<a href=\"https:\/\/internetaddictsanonymous.org\/es\/espanol\/\">\u05dc\u05d5\u05d7 \u05e9\u05e0\u05d4 \u05e9\u05dc\u05dd \u05e9\u05dc \u05de\u05e4\u05d2\u05e9\u05d9\u05dd \u05e9\u05dc \u05d6\u05d5\u05dd<\/a>. Todas las reuniones son totalmente gratuitas y an\u00f3nimas.<\/p>\n\n\n\n<h3 class=\"wp-block-heading\"><strong>\u05d0\u05d9\u05da \u05e4\u05d5\u05e2\u05dc\u05d5\u05ea \u05e4\u05d2\u05d9\u05e9\u05d5\u05ea?<\/strong><\/h3>\n\n\n\n<p>\u05d0\u05dd \u05d0\u05ea\u05d4 \u05de\u05e6\u05d8\u05e8\u05e3 \u05dc\u05e4\u05d2\u05d9\u05e9\u05d4 \u05d1\u05e4\u05e2\u05dd \u05d4\u05e8\u05d0\u05e9\u05d5\u05e0\u05d4, \u05d0\u05d9\u05df \u05e6\u05d5\u05e8\u05da \u05dc\u05d4\u05d9\u05d5\u05ea \u05e2\u05e6\u05d1\u05e0\u05d9. \u05e8\u05d5\u05d1 \u05d4\u05e4\u05d2\u05d9\u05e9\u05d5\u05ea \u05e9\u05dc\u05e0\u05d5 \u05e4\u05e9\u05d5\u05d8\u05d5\u05ea \u05de\u05d0\u05d5\u05d3; \u05dc\u05db\u05dc \u05e4\u05d2\u05d9\u05e9\u05d4 \u05d9\u05e9 \u05d9\u05d5&quot;\u05e8 \u05e9\u05de\u05d5\u05d1\u05d9\u05dc \u05d0\u05ea \u05d4\u05e4\u05d2\u05d9\u05e9\u05d4, \u05d5\u05e8\u05d5\u05d1 \u05d4\u05e4\u05d2\u05d9\u05e9\u05d5\u05ea \u05e0\u05de\u05e9\u05db\u05d5\u05ea \u05e9\u05e2\u05d4 \u05d0\u05d7\u05ea. \u05d4\u05d9\u05d5&quot;\u05e8 \u05d5\u05de\u05ea\u05e0\u05d3\u05d1\u05d9\u05dd \u05d0\u05d7\u05e8\u05d9\u05dd \u05e7\u05e8\u05d0\u05d5 \u05db\u05de\u05d4 \u05d4\u05e6\u05d4\u05e8\u05d5\u05ea \u05e4\u05ea\u05d9\u05d7\u05d4, \u05dc\u05e4\u05e0\u05d9 \u05e9\u05d0\u05e0\u05d7\u05e0\u05d5 \u05e4\u05d5\u05ea\u05d7\u05d9\u05dd \u05d0\u05ea \u05d4\u05d9\u05e9\u05d9\u05d1\u05d4 \u05db\u05d3\u05d9 \u05e9\u05d4\u05d7\u05d1\u05e8\u05d9\u05dd \u05d9\u05d5\u05db\u05dc\u05d5 \u05dc\u05e9\u05ea\u05e3 \u05d0\u05d5\u05ea\u05dd. \u05d0\u05d9\u05df \u05d7\u05d5\u05d1\u05d4 \u05dc\u05e9\u05ea\u05e3, \u05d5\u05d6\u05d4 \u05d1\u05e1\u05d3\u05e8 \u05e4\u05e9\u05d5\u05d8 \u05dc\u05d4\u05e7\u05e9\u05d9\u05d1. \u05d0\u05dd \u05d0\u05ea\u05d4 \u05de\u05e8\u05d2\u05d9\u05e9 \u05d1\u05e0\u05d5\u05d7, \u05d0\u05ea\u05d4 \u05d9\u05db\u05d5\u05dc \u05dc\u05d4\u05e6\u05d9\u05d2 \u05d0\u05ea \u05e2\u05e6\u05de\u05da \u05d5\u05dc\u05e9\u05ea\u05e3 \u05d1\u05de\u05d4 \u05e9\u05d4\u05d1\u05d9\u05d0 \u05d0\u05d5\u05ea\u05da \u05dc-ITAA. \u05d0\u05dc\u05d0 \u05d0\u05dd \u05db\u05df \u05d1\u05d9\u05e7\u05e9 \u05d4\u05d7\u05d1\u05e8 \u05d4\u05de\u05e9\u05ea\u05e3, \u05d0\u05d9\u05e0\u05e0\u05d5 \u05de\u05e6\u05d9\u05e2\u05d9\u05dd \u05d4\u05e6\u05e2\u05d5\u05ea \u05d0\u05d5 \u05d4\u05e2\u05e8\u05d5\u05ea \u05d1\u05ea\u05d2\u05d5\u05d1\u05d4 \u05dc\u05e9\u05d9\u05ea\u05d5\u05e4\u05d9\u05dd \u05e9\u05dc \u05d0\u05d7\u05e8\u05d9\u05dd; \u05d0\u05e0\u05d7\u05e0\u05d5 \u05e4\u05e9\u05d5\u05d8 \u05de\u05e7\u05e9\u05d9\u05d1\u05d9\u05dd \u05dc\u05dc\u05d0 \u05e9\u05d9\u05e4\u05d5\u05d8\u05d9\u05d5\u05ea. \u05d1\u05ea\u05d5\u05dd \u05d4\u05e9\u05e2\u05d4, \u05d4\u05e4\u05d2\u05d9\u05e9\u05d4 \u05ea\u05e1\u05ea\u05d9\u05d9\u05dd \u05d1\u05db\u05de\u05d4 \u05d4\u05e6\u05d4\u05e8\u05d5\u05ea \u05e1\u05d9\u05d5\u05dd, \u05e9\u05dc\u05d0\u05d7\u05e8\u05d9\u05d4\u05df \u05d4\u05d7\u05d1\u05e8\u05d9\u05dd \u05e0\u05d5\u05d4\u05d2\u05d9\u05dd \u05dc\u05d3\u05d1\u05e8 \u05d1\u05e0\u05d9\u05e0\u05d5\u05d7\u05d5\u05ea, \u05dc\u05e9\u05d0\u05d5\u05dc \u05e9\u05d0\u05dc\u05d5\u05ea \u05d5\u05dc\u05d4\u05d7\u05dc\u05d9\u05e3 \u05e4\u05e8\u05d8\u05d9 \u05d4\u05ea\u05e7\u05e9\u05e8\u05d5\u05ea.<\/p>\n\n\n\n<h3 class=\"wp-block-heading\">\u05de\u05e9\u05d0\u05d1\u05d9 \u05d4\u05ea\u05de\u05db\u05e8\u05d5\u05ea \u05dc\u05d0\u05d9\u05e0\u05d8\u05e8\u05e0\u05d8 \u05d5\u05d8\u05db\u05e0\u05d5\u05dc\u05d5\u05d2\u05d9\u05d4<\/h3>\n\n\n\n<p>\u05d0\u05dd \u05d0\u05ea\u05d4 \u05ea\u05d5\u05d4\u05d4 \u05d0\u05dd \u05d9\u05e9 \u05dc\u05da \u05d4\u05ea\u05de\u05db\u05e8\u05d5\u05ea \u05dc\u05d0\u05d9\u05e0\u05d8\u05e8\u05e0\u05d8 \u05d5\u05dc\u05d8\u05db\u05e0\u05d5\u05dc\u05d5\u05d2\u05d9\u05d4, \u05ea\u05d5\u05db\u05dc \u05dc\u05e2\u05d9\u05d9\u05df \u05d1\u05e9\u05d0\u05dc\u05d5\u05e0\u05d9\u05dd \u05e9\u05dc\u05e0\u05d5 \u05e2\u05d1\u05d5\u05e8 <a href=\"https:\/\/internetaddictsanonymous.org\/he\/%d7%94%d7%aa%d7%9e%d7%9b%d7%a8%d7%95%d7%aa-%d7%9c%d7%90%d7%99%d7%a0%d7%98%d7%a8%d7%a0%d7%98-%d7%95%d7%98%d7%9b%d7%a0%d7%95%d7%9c%d7%95%d7%92%d7%99%d7%94\/\">\u05d4\u05ea\u05de\u05db\u05e8\u05d5\u05ea \u05dc\u05d0\u05d9\u05e0\u05d8\u05e8\u05e0\u05d8<\/a>, <a href=\"https:\/\/internetaddictsanonymous.org\/he\/%d7%94%d7%aa%d7%9e%d7%9b%d7%a8%d7%95%d7%aa-%d7%9c%d7%90%d7%99%d7%a0%d7%98%d7%a8%d7%a0%d7%98-%d7%95%d7%98%d7%9b%d7%a0%d7%95%d7%9c%d7%95%d7%92%d7%99%d7%94\/%d7%94%d7%aa%d7%9e%d7%9b%d7%a8%d7%95%d7%aa-%d7%9c%d7%a8%d7%a9%d7%aa%d7%95%d7%aa-%d7%97%d7%91%d7%a8%d7%aa%d7%99%d7%95%d7%aa\/\">\u05d4\u05ea\u05de\u05db\u05e8\u05d5\u05ea \u05dc\u05e8\u05e9\u05ea\u05d5\u05ea \u05d7\u05d1\u05e8\u05ea\u05d9\u05d5\u05ea<\/a>, <a href=\"https:\/\/internetaddictsanonymous.org\/he\/%d7%94%d7%aa%d7%9e%d7%9b%d7%a8%d7%95%d7%aa-%d7%9c%d7%90%d7%99%d7%a0%d7%98%d7%a8%d7%a0%d7%98\/%d7%94%d7%aa%d7%9e%d7%9b%d7%a8%d7%95%d7%aa-%d7%9c%d7%a1%d7%98%d7%a8%d7%99%d7%9e%d7%99%d7%a0%d7%92\/\">\u05d4\u05ea\u05de\u05db\u05e8\u05d5\u05ea \u05dc\u05e1\u05d8\u05e8\u05d9\u05de\u05d9\u05e0\u05d2<\/a>, <a href=\"https:\/\/internetaddictsanonymous.org\/he\/%d7%94%d7%aa%d7%9e%d7%9b%d7%a8%d7%95%d7%aa-%d7%9c%d7%90%d7%99%d7%a0%d7%98%d7%a8%d7%a0%d7%98-%d7%95%d7%98%d7%9b%d7%a0%d7%95%d7%9c%d7%95%d7%92%d7%99%d7%94\/%d7%94%d7%aa%d7%9e%d7%9b%d7%a8%d7%95%d7%aa-%d7%9c%d7%98%d7%9c%d7%a4%d7%95%d7%9f\/\">\u05d4\u05ea\u05de\u05db\u05e8\u05d5\u05ea \u05dc\u05d8\u05dc\u05e4\u05d5\u05df<\/a>, \u05d0\u05d5 <a href=\"https:\/\/internetaddictsanonymous.org\/he\/%d7%94%d7%aa%d7%9e%d7%9b%d7%a8%d7%95%d7%aa-%d7%9c%d7%90%d7%99%d7%a0%d7%98%d7%a8%d7%a0%d7%98-%d7%95%d7%98%d7%9b%d7%a0%d7%95%d7%9c%d7%95%d7%92%d7%99%d7%94\/%d7%94%d7%aa%d7%9e%d7%9b%d7%a8%d7%95%d7%aa-%d7%9c%d7%9e%d7%a9%d7%97%d7%a7%d7%99-%d7%95%d7%99%d7%93%d7%90%d7%95\/\">\u05d4\u05ea\u05de\u05db\u05e8\u05d5\u05ea \u05dc\u05de\u05e9\u05d7\u05e7\u05d9 \u05d5\u05d9\u05d3\u05d0\u05d5<\/a>. \u05d0\u05ea\u05d4 \u05d9\u05db\u05d5\u05dc \u05d2\u05dd \u05dc\u05dc\u05de\u05d5\u05d3 \u05e2\u05d5\u05d3 \u05e2\u05dc ITAA \u05e2\u05dc \u05d9\u05d3\u05d9 \u05e7\u05e8\u05d9\u05d0\u05d4 \u05e9\u05dc\u05e0\u05d5&nbsp;<a href=\"https:\/\/internetaddictsanonymous.org\/he\/%d7%9e%d7%93%d7%a8%d7%99%d7%9a-%d7%9c%d7%9e%d7%a6%d7%98%d7%a8%d7%a4%d7%99%d7%9d-%d7%97%d7%93%d7%a9%d7%99%d7%9d\/\">\u05de\u05d3\u05e8\u05d9\u05da \u05dc\u05de\u05e6\u05d8\u05e8\u05e4\u05d9\u05dd \u05d7\u05d3\u05e9\u05d9\u05dd<\/a>, \u05e1\u05d5\u05e7\u05e8 \u05e9\u05dc\u05e0\u05d5 <a href=\"https:\/\/internetaddictsanonymous.org\/he\/%d7%90%d6%b6%d7%9e%d6%b0%d7%a6%d6%b8%d7%a2%d6%b4%d7%99\/%d7%9b%d7%9c%d7%99%d7%9d-%d7%9c%d7%94%d7%aa%d7%90%d7%95%d7%a9%d7%a9%d7%95%d7%aa\/\">\u05db\u05dc\u05d9\u05dd \u05dc\u05d4\u05ea\u05d0\u05d5\u05e9\u05e9\u05d5\u05ea<\/a>, \u05d0\u05d5 \u05d4\u05d0\u05d6\u05e0\u05d4 <a href=\"https:\/\/internetaddictsanonymous.org\/he\/%d7%a1%d7%99%d7%a4%d7%95%d7%a8%d7%99-%d7%94%d7%aa%d7%90%d7%95%d7%a9%d7%a9%d7%95%d7%aa\/\">\u05e1\u05d9\u05e4\u05d5\u05e8\u05d9 \u05d4\u05d7\u05dc\u05de\u05d4 \u05e9\u05dc \u05d7\u05d1\u05e8\u05d9\u05dd<\/a>.<\/p>\n\n\n\n<p>ITAA \u05d0\u05d9\u05e0\u05d5 \u05de\u05d6\u05d5\u05d4\u05d4 \u05e2\u05dd \u05d0\u05d2&#039;\u05e0\u05d3\u05d4 \u05e4\u05d5\u05dc\u05d9\u05d8\u05d9\u05ea \u05db\u05dc\u05e9\u05d4\u05d9, \u05d3\u05ea \u05d0\u05d5 \u05d0\u05d9\u05e0\u05d8\u05e8\u05e1\u05d9\u05dd \u05d7\u05d9\u05e6\u05d5\u05e0\u05d9\u05d9\u05dd. \u05d0\u05e0\u05d7\u05e0\u05d5 \u05ea\u05d5\u05de\u05db\u05d9\u05dd \u05d1\u05e2\u05e6\u05de\u05dd \u05dc\u05d7\u05dc\u05d5\u05d8\u05d9\u05df \u05d5\u05d7\u05d5\u05e4\u05e9\u05d9\u05d9\u05dd \u05dc\u05db\u05dc \u05de\u05d9 \u05e9\u05e6\u05e8\u05d9\u05da. \u05d4\u05de\u05d8\u05e8\u05d4 \u05d4\u05d9\u05d7\u05d9\u05d3\u05d4 \u05e9\u05dc\u05e0\u05d5 \u05d4\u05d9\u05d0 \u05dc\u05d4\u05d9\u05de\u05e0\u05e2 \u05de\u05e9\u05d9\u05de\u05d5\u05e9 \u05db\u05e4\u05d9\u05d9\u05ea\u05d9 \u05d1\u05d0\u05d9\u05e0\u05d8\u05e8\u05e0\u05d8 \u05d5\u05d1\u05d8\u05db\u05e0\u05d5\u05dc\u05d5\u05d2\u05d9\u05d4 \u05d5\u05dc\u05e2\u05d6\u05d5\u05e8 \u05dc\u05d0\u05d7\u05e8\u05d9\u05dd \u05dc\u05de\u05e6\u05d5\u05d0 \u05d7\u05d5\u05e4\u05e9 \u05de\u05d4\u05d4\u05ea\u05de\u05db\u05e8\u05d5\u05ea \u05d4\u05d6\u05d5.<\/p>\n\n\n\n<p>\u05e9\u05d5\u05d1, \u05d1\u05e8\u05d5\u05da \u05d4\u05d1\u05d0! \u05d0\u05e0\u05d5 \u05de\u05e7\u05d5\u05d5\u05d9\u05dd \u05e9\u05d4\u05e7\u05d4\u05d9\u05dc\u05d4 \u05d4\u05d6\u05d5 \u05ea\u05d5\u05db\u05dc \u05dc\u05e1\u05e4\u05e7 \u05d0\u05ea \u05d4\u05ea\u05de\u05d9\u05db\u05d4 \u05d4\u05d3\u05e8\u05d5\u05e9\u05d4 \u05dc\u05da \u05d1\u05d4\u05d7\u05dc\u05de\u05ea\u05da \u05de\u05d4\u05ea\u05de\u05db\u05e8\u05d5\u05ea \u05dc\u05d0\u05d9\u05e0\u05d8\u05e8\u05e0\u05d8 \u05d5\u05dc\u05d8\u05db\u05e0\u05d5\u05dc\u05d5\u05d2\u05d9\u05d4. \u05d0\u05e0\u05d0 \u05d0\u05dc \u05ea\u05d4\u05e1\u05e1 \u05dc\u05e4\u05e0\u05d5\u05ea \u05d0\u05dc\u05d9\u05e0\u05d5 \u05d0\u05dd \u05d9\u05e9 \u05dc\u05da \u05e9\u05d0\u05dc\u05d5\u05ea \u05db\u05dc\u05e9\u05d4\u05df.<\/p>\n<!-- PMB print buttons is only displayed on a single post\/page URLs-->","protected":false},"excerpt":{"rendered":"<p>\u00a1Bienvenido a Addictos a Internet y la Tecnolog\u00eda An\u00f3nimos! ITAA es una comunidad de Doce Pasos formada por personas que se apoyan mutuamente para recuperarse de la adicci\u00f3n a Internet ya la tecnologia. Esto incluye la adicci\u00f3n a las redes sociales, los celulares, los videos online, los videojuegos, las noticias, la pornograf\u00eda, las aplicaciones de citas, \u2026 <a href=\"https:\/\/internetaddictsanonymous.org\/he\/in-person-meetings\/argentina-rosario\/\" class=\"more-link\">\u05d4\u05de\u05e9\u05da \u05dc\u05e7\u05e8\u05d5\u05d0 <span class=\"screen-reader-text\">ITAA \u05d1\u05d0\u05e8\u05d2\u05e0\u05d8\u05d9\u05e0\u05d4<\/span><\/a><\/p>","protected":false},"author":35194237,"featured_media":0,"parent":148,"menu_order":0,"comment_status":"closed","ping_status":"closed","template":"full-width-page.php","meta":{"inline_featured_image":false,"_lmt_disableupdate":"","_lmt_disable":"","footnotes":""},"tags":[],"class_list":["post-16397","page","type-page","status-publish","hentry"],"yoast_head":"<!-- This site is optimized with the Yoast SEO plugin v27.5 - https:\/\/yoast.com\/product\/yoast-seo-wordpress\/ -->\n<title>ITAA en Argentina &#8211; Internet and Technology Addicts Anonymous<\/title>\n<meta name=\"robots\" content=\"index, follow, max-snippet:-1, max-image-preview:large, max-video-preview:-1\" \/>\n<link rel=\"canonical\" href=\"https:\/\/internetaddictsanonymous.org\/he\/\u05e4\u05d2\u05d9\u05e9\u05d5\u05ea-\u05d0\u05d9\u05e9\u05d9\u05d5\u05ea\/\u05d0\u05e8\u05d2\u05e0\u05d8\u05d9\u05e0\u05d4-\u05e8\u05d5\u05e1\u05d0\u05e8\u05d9\u05d5\/\" \/>\n<meta property=\"og:locale\" content=\"he_IL\" \/>\n<meta property=\"og:type\" content=\"article\" \/>\n<meta property=\"og:title\" content=\"ITAA en Argentina &#8211; Internet and Technology Addicts Anonymous\" \/>\n<meta property=\"og:description\" content=\"\u00a1Bienvenido a Adictos a Internet y la Tecnolog\u00eda An\u00f3nimos!\u00a0ITAA es una comunidad de Doce Pasos formada por personas que se apoyan mutuamente para recuperarse de la adicci\u00f3n a Internet y a la tecnolog\u00eda.\u00a0Esto incluye la adicci\u00f3n a las redes sociales, los celulares, los v\u00eddeos online, los videojuegos, las noticias, la pornograf\u00eda, las aplicaciones de citas, &hellip; Continue reading ITAA en Argentina\" \/>\n<meta property=\"og:url\" content=\"https:\/\/internetaddictsanonymous.org\/he\/\u05e4\u05d2\u05d9\u05e9\u05d5\u05ea-\u05d0\u05d9\u05e9\u05d9\u05d5\u05ea\/\u05d0\u05e8\u05d2\u05e0\u05d8\u05d9\u05e0\u05d4-\u05e8\u05d5\u05e1\u05d0\u05e8\u05d9\u05d5\/\" \/>\n<meta property=\"og:site_name\" content=\"Internet and Technology Addicts Anonymous\" \/>\n<meta property=\"article:modified_time\" content=\"2025-11-27T20:47:33+00:00\" \/>\n<meta name=\"twitter:card\" content=\"summary_large_image\" \/>\n<meta name=\"twitter:label1\" content=\"\u05d6\u05de\u05df \u05e7\u05e8\u05d9\u05d0\u05d4 \u05de\u05d5\u05e2\u05e8\u05da\" \/>\n\t<meta name=\"twitter:data1\" content=\"2 \u05d3\u05e7\u05d5\u05ea\" \/>\n<script type=\"application\/ld+json\" class=\"yoast-schema-graph\">{\"@context\":\"https:\\\/\\\/schema.org\",\"@graph\":[{\"@type\":\"WebPage\",\"@id\":\"https:\\\/\\\/internetaddictsanonymous.org\\\/in-person-meetings\\\/argentina-rosario\\\/\",\"url\":\"https:\\\/\\\/internetaddictsanonymous.org\\\/in-person-meetings\\\/argentina-rosario\\\/\",\"name\":\"ITAA en Argentina &#8211; Internet and Technology Addicts Anonymous\",\"isPartOf\":{\"@id\":\"https:\\\/\\\/internetaddictsanonymous.org\\\/#website\"},\"datePublished\":\"2023-07-16T18:05:34+00:00\",\"dateModified\":\"2025-11-27T20:47:33+00:00\",\"breadcrumb\":{\"@id\":\"https:\\\/\\\/internetaddictsanonymous.org\\\/in-person-meetings\\\/argentina-rosario\\\/#breadcrumb\"},\"inLanguage\":\"he-IL\",\"potentialAction\":[{\"@type\":\"ReadAction\",\"target\":[\"https:\\\/\\\/internetaddictsanonymous.org\\\/in-person-meetings\\\/argentina-rosario\\\/\"]}]},{\"@type\":\"BreadcrumbList\",\"@id\":\"https:\\\/\\\/internetaddictsanonymous.org\\\/in-person-meetings\\\/argentina-rosario\\\/#breadcrumb\",\"itemListElement\":[{\"@type\":\"ListItem\",\"position\":1,\"name\":\"Home\",\"item\":\"https:\\\/\\\/internetaddictsanonymous.org\\\/\"},{\"@type\":\"ListItem\",\"position\":2,\"name\":\"In-Person Meetings\",\"item\":\"https:\\\/\\\/internetaddictsanonymous.org\\\/in-person-meetings\\\/\"},{\"@type\":\"ListItem\",\"position\":3,\"name\":\"ITAA en Argentina\"}]},{\"@type\":\"WebSite\",\"@id\":\"https:\\\/\\\/internetaddictsanonymous.org\\\/#website\",\"url\":\"https:\\\/\\\/internetaddictsanonymous.org\\\/\",\"name\":\"Internet and Technology Addicts Anonymous\",\"description\":\"Worldwide 12-step Fellowship for Internet and Technology Addiction\",\"publisher\":{\"@id\":\"https:\\\/\\\/internetaddictsanonymous.org\\\/#organization\"},\"potentialAction\":[{\"@type\":\"SearchAction\",\"target\":{\"@type\":\"EntryPoint\",\"urlTemplate\":\"https:\\\/\\\/internetaddictsanonymous.org\\\/?s={search_term_string}\"},\"query-input\":{\"@type\":\"PropertyValueSpecification\",\"valueRequired\":true,\"valueName\":\"search_term_string\"}}],\"inLanguage\":\"he-IL\"},{\"@type\":\"Organization\",\"@id\":\"https:\\\/\\\/internetaddictsanonymous.org\\\/#organization\",\"name\":\"Internet and Technology Addicts Anonymous\",\"url\":\"https:\\\/\\\/internetaddictsanonymous.org\\\/\",\"logo\":{\"@type\":\"ImageObject\",\"inLanguage\":\"he-IL\",\"@id\":\"https:\\\/\\\/internetaddictsanonymous.org\\\/#\\\/schema\\\/logo\\\/image\\\/\",\"url\":\"https:\\\/\\\/internetaddictsanonymous.org\\\/wp-content\\\/uploads\\\/2023\\\/01\\\/cropped-ITAA-logo-480px.png\",\"contentUrl\":\"https:\\\/\\\/internetaddictsanonymous.org\\\/wp-content\\\/uploads\\\/2023\\\/01\\\/cropped-ITAA-logo-480px.png\",\"width\":480,\"height\":480,\"caption\":\"Internet and Technology Addicts Anonymous\"},\"image\":{\"@id\":\"https:\\\/\\\/internetaddictsanonymous.org\\\/#\\\/schema\\\/logo\\\/image\\\/\"}}]}<\/script>\n<!-- \/ Yoast SEO plugin. -->","yoast_head_json":{"title":"ITAA \u05d1\u05d0\u05e8\u05d2\u05e0\u05d8\u05d9\u05e0\u05d4 \u2013 \u05de\u05db\u05d5\u05e8\u05d9\u05dd \u05d0\u05e0\u05d5\u05e0\u05d9\u05de\u05d9\u05d9\u05dd \u05dc\u05d0\u05d9\u05e0\u05d8\u05e8\u05e0\u05d8 \u05d5\u05d8\u05db\u05e0\u05d5\u05dc\u05d5\u05d2\u05d9\u05d4","robots":{"index":"index","follow":"follow","max-snippet":"max-snippet:-1","max-image-preview":"max-image-preview:large","max-video-preview":"max-video-preview:-1"},"canonical":"https:\/\/internetaddictsanonymous.org\/he\/\u05e4\u05d2\u05d9\u05e9\u05d5\u05ea-\u05d0\u05d9\u05e9\u05d9\u05d5\u05ea\/\u05d0\u05e8\u05d2\u05e0\u05d8\u05d9\u05e0\u05d4-\u05e8\u05d5\u05e1\u05d0\u05e8\u05d9\u05d5\/","og_locale":"he_IL","og_type":"article","og_title":"ITAA en Argentina &#8211; Internet and Technology Addicts Anonymous","og_description":"\u00a1Bienvenido a Adictos a Internet y la Tecnolog\u00eda An\u00f3nimos!\u00a0ITAA es una comunidad de Doce Pasos formada por personas que se apoyan mutuamente para recuperarse de la adicci\u00f3n a Internet y a la tecnolog\u00eda.\u00a0Esto incluye la adicci\u00f3n a las redes sociales, los celulares, los v\u00eddeos online, los videojuegos, las noticias, la pornograf\u00eda, las aplicaciones de citas, &hellip; Continue reading ITAA en Argentina","og_url":"https:\/\/internetaddictsanonymous.org\/he\/\u05e4\u05d2\u05d9\u05e9\u05d5\u05ea-\u05d0\u05d9\u05e9\u05d9\u05d5\u05ea\/\u05d0\u05e8\u05d2\u05e0\u05d8\u05d9\u05e0\u05d4-\u05e8\u05d5\u05e1\u05d0\u05e8\u05d9\u05d5\/","og_site_name":"Internet and Technology Addicts Anonymous","article_modified_time":"2025-11-27T20:47:33+00:00","twitter_card":"summary_large_image","twitter_misc":{"\u05d6\u05de\u05df \u05e7\u05e8\u05d9\u05d0\u05d4 \u05de\u05d5\u05e2\u05e8\u05da":"2 \u05d3\u05e7\u05d5\u05ea"},"schema":{"@context":"https:\/\/schema.org","@graph":[{"@type":"WebPage","@id":"https:\/\/internetaddictsanonymous.org\/in-person-meetings\/argentina-rosario\/","url":"https:\/\/internetaddictsanonymous.org\/in-person-meetings\/argentina-rosario\/","name":"ITAA \u05d1\u05d0\u05e8\u05d2\u05e0\u05d8\u05d9\u05e0\u05d4 \u2013 \u05de\u05db\u05d5\u05e8\u05d9\u05dd \u05d0\u05e0\u05d5\u05e0\u05d9\u05de\u05d9\u05d9\u05dd \u05dc\u05d0\u05d9\u05e0\u05d8\u05e8\u05e0\u05d8 \u05d5\u05d8\u05db\u05e0\u05d5\u05dc\u05d5\u05d2\u05d9\u05d4","isPartOf":{"@id":"https:\/\/internetaddictsanonymous.org\/#website"},"datePublished":"2023-07-16T18:05:34+00:00","dateModified":"2025-11-27T20:47:33+00:00","breadcrumb":{"@id":"https:\/\/internetaddictsanonymous.org\/in-person-meetings\/argentina-rosario\/#breadcrumb"},"inLanguage":"he-IL","potentialAction":[{"@type":"ReadAction","target":["https:\/\/internetaddictsanonymous.org\/in-person-meetings\/argentina-rosario\/"]}]},{"@type":"BreadcrumbList","@id":"https:\/\/internetaddictsanonymous.org\/in-person-meetings\/argentina-rosario\/#breadcrumb","itemListElement":[{"@type":"ListItem","position":1,"name":"Home","item":"https:\/\/internetaddictsanonymous.org\/"},{"@type":"ListItem","position":2,"name":"In-Person Meetings","item":"https:\/\/internetaddictsanonymous.org\/in-person-meetings\/"},{"@type":"ListItem","position":3,"name":"ITAA en Argentina"}]},{"@type":"WebSite","@id":"https:\/\/internetaddictsanonymous.org\/#website","url":"https:\/\/internetaddictsanonymous.org\/","name":"\u05de\u05db\u05d5\u05e8\u05d9 \u05d0\u05d9\u05e0\u05d8\u05e8\u05e0\u05d8 \u05d5\u05d8\u05db\u05e0\u05d5\u05dc\u05d5\u05d2\u05d9\u05d4 \u05d0\u05e0\u05d5\u05e0\u05d9\u05de\u05d9\u05d9\u05dd","description":"\u05de\u05dc\u05d2\u05d4 \u05e2\u05d5\u05dc\u05de\u05d9\u05ea \u05d1\u05ea 12 \u05e9\u05dc\u05d1\u05d9\u05dd \u05dc\u05d4\u05ea\u05de\u05db\u05e8\u05d5\u05ea \u05dc\u05d0\u05d9\u05e0\u05d8\u05e8\u05e0\u05d8 \u05d5\u05d8\u05db\u05e0\u05d5\u05dc\u05d5\u05d2\u05d9\u05d4","publisher":{"@id":"https:\/\/internetaddictsanonymous.org\/#organization"},"potentialAction":[{"@type":"SearchAction","target":{"@type":"EntryPoint","urlTemplate":"https:\/\/internetaddictsanonymous.org\/?s={search_term_string}"},"query-input":{"@type":"PropertyValueSpecification","valueRequired":true,"valueName":"search_term_string"}}],"inLanguage":"he-IL"},{"@type":"Organization","@id":"https:\/\/internetaddictsanonymous.org\/#organization","name":"\u05de\u05db\u05d5\u05e8\u05d9 \u05d0\u05d9\u05e0\u05d8\u05e8\u05e0\u05d8 \u05d5\u05d8\u05db\u05e0\u05d5\u05dc\u05d5\u05d2\u05d9\u05d4 \u05d0\u05e0\u05d5\u05e0\u05d9\u05de\u05d9\u05d9\u05dd","url":"https:\/\/internetaddictsanonymous.org\/","logo":{"@type":"ImageObject","inLanguage":"he-IL","@id":"https:\/\/internetaddictsanonymous.org\/#\/schema\/logo\/image\/","url":"https:\/\/internetaddictsanonymous.org\/wp-content\/uploads\/2023\/01\/cropped-ITAA-logo-480px.png","contentUrl":"https:\/\/internetaddictsanonymous.org\/wp-content\/uploads\/2023\/01\/cropped-ITAA-logo-480px.png","width":480,"height":480,"caption":"Internet and Technology Addicts Anonymous"},"image":{"@id":"https:\/\/internetaddictsanonymous.org\/#\/schema\/logo\/image\/"}}]}},"jetpack_sharing_enabled":true,"jetpack_shortlink":"https:\/\/wp.me\/P9Fwob-4gt","_links":{"self":[{"href":"https:\/\/internetaddictsanonymous.org\/he\/wp-json\/wp\/v2\/pages\/16397","targetHints":{"allow":["GET"]}}],"collection":[{"href":"https:\/\/internetaddictsanonymous.org\/he\/wp-json\/wp\/v2\/pages"}],"about":[{"href":"https:\/\/internetaddictsanonymous.org\/he\/wp-json\/wp\/v2\/types\/page"}],"author":[{"embeddable":true,"href":"https:\/\/internetaddictsanonymous.org\/he\/wp-json\/wp\/v2\/users\/35194237"}],"replies":[{"embeddable":true,"href":"https:\/\/internetaddictsanonymous.org\/he\/wp-json\/wp\/v2\/comments?post=16397"}],"version-history":[{"count":10,"href":"https:\/\/internetaddictsanonymous.org\/he\/wp-json\/wp\/v2\/pages\/16397\/revisions"}],"predecessor-version":[{"id":20708,"href":"https:\/\/internetaddictsanonymous.org\/he\/wp-json\/wp\/v2\/pages\/16397\/revisions\/20708"}],"up":[{"embeddable":true,"href":"https:\/\/internetaddictsanonymous.org\/he\/wp-json\/wp\/v2\/pages\/148"}],"wp:attachment":[{"href":"https:\/\/internetaddictsanonymous.org\/he\/wp-json\/wp\/v2\/media?parent=16397"}],"wp:term":[{"taxonomy":"post_tag","embeddable":true,"href":"https:\/\/internetaddictsanonymous.org\/he\/wp-json\/wp\/v2\/tags?post=16397"}],"curies":[{"name":"wp","href":"https:\/\/api.w.org\/{rel}","templated":true}]}}