{"id":10620,"date":"2020-05-03T13:30:03","date_gmt":"2020-05-03T13:30:03","guid":{"rendered":"https:\/\/internetaddictsanonymous.org\/?page_id=10620"},"modified":"2023-01-14T07:03:14","modified_gmt":"2023-01-14T12:03:14","slug":"servizio","status":"publish","type":"page","link":"https:\/\/internetaddictsanonymous.org\/it\/service\/","title":{"rendered":"Una guida al servizio"},"content":{"rendered":"<p>Uno dei nostri strumenti pi\u00f9 efficaci per il recupero \u00e8 essere al servizio di altri tossicodipendenti e delle nostre comunit\u00e0 pi\u00f9 ampie. L&#039;ITAA \u00e8 un&#039;organizzazione interamente volontaria, senza professionisti retribuiti. Di seguito alcuni suggerimenti su come potresti essere al servizio dell&#039;ITAA. Puoi anche consultare il nostro <a href=\"https:\/\/internetaddictsanonymous.org\/it\/posizioni-di-servizio-aperte\/\">posizioni di servizio attualmente aperte<\/a> per avere maggiori opportunit\u00e0 di essere d&#039;aiuto.<\/p>\n\n\n\n<p>Modi per essere utili all&#039;ITAA:<\/p>\n\n\n\n<ol class=\"wp-block-list\">\n<li>Accogliere i nuovi arrivati. Aiutare i nuovi arrivati a sentirsi al sicuro, benvenuti e apprezzati come esseri umani, indipendentemente da quanto possano sentirsi intrappolati nella loro dipendenza da Internet e dalla tecnologia. Sostenere gli altri e ricordare le sensazioni provate durante il primo incontro pu\u00f2 aiutare a mantenere un &quot;atteggiamento di gratitudine&quot;, che \u00e8 di grande aiuto nel mantenere la sobriet\u00e0 quotidiana.<\/li>\n\n\n\n<li>Presiedere una riunione gi\u00e0 in corso. Tutti i nostri leader sono solo servitori fidati, non governano (tradizione 2). Devi solo essere te stesso, &quot;vestirti e presentarti&quot; alla riunione per tutta la durata del tuo impegno a presiedere (o, se sai di non poter partecipare, chiedi a un altro membro di sostituirti) e leggere il&nbsp;<a href=\"https:\/\/internetaddictsanonymous.org\/it\/programma-delle-riunioni-online\/copione-della-riunione\/\" target=\"_blank\" rel=\"noreferrer noopener\">copione della riunione<\/a>. <\/li>\n\n\n\n<li>Avvia una nuova riunione! Chiunque pu\u00f2 avviare una nuova riunione. Puoi consultare il nostro programma per individuare gli intervalli in cui \u00e8 possibile aggiungere una nuova riunione. Pu\u00f2 essere utile trovare un co-presidente dedicato o un compagno di riunione, in modo da non essere soli. Se avvii una nuova riunione, inviaci un&#039;e-mail tramite il modulo di contatto e la aggiungeremo al calendario. Ecco altri suggerimenti per...&nbsp;<a href=\"https:\/\/internetaddictsanonymous.org\/it\/iniziare-un-nuovo-incontro-faccia-a-faccia\/\" target=\"_blank\" rel=\"noreferrer noopener\">iniziare nuove riunioni<\/a>.<\/li>\n\n\n\n<li>Sensibilizzazione. Prendi in considerazione l&#039;idea di contattare altri membri. Condividi la tua esperienza, la tua forza e la tua speranza e dai a un altro membro la possibilit\u00e0 di offrire il tuo servizio chiedendogli aiuto per superare difficolt\u00e0, cadute e ricadute. <em>\u00c8<\/em> Un&#039;ottima forma di servizio. Dopo aver condiviso qualcosa, chiedere come sta il tuo interlocutore \u00e8 anche un modo per rendersi utili.<\/li>\n\n\n\n<li>Partner di co-sponsorizzazione\/responsabilizzazione. Potresti prendere in considerazione l&#039;idea di diventare co-sponsor o responsabile di qualcuno. Potresti anche partecipare a un incontro di co-sponsorizzazione o di discussione della letteratura, oppure potresti organizzare un nuovo incontro di lavoro. Ecco alcune note su&nbsp;<a href=\"https:\/\/internetaddictsanonymous.org\/it\/sponsorizzazione\/\" target=\"_blank\" rel=\"noreferrer noopener\">sponsorizzazione e co-sponsorizzazione<\/a>.<\/li>\n\n\n\n<li>Sponsorizzazione. Se sei sobrio ed esperto nel seguire i passi, valuta la possibilit\u00e0 di sponsorizzare un altro membro. Spesso si consiglia di attendere di aver completato il terzo passo prima di iniziare a sponsorizzare i nuovi arrivati. La sponsorizzazione \u00e8 un ottimo modo per aiutare gli altri e spesso \u00e8 altrettanto utile anche per il tuo recupero. &quot;Conserviamo ci\u00f2 che abbiamo solo donandolo&quot;.\u201c<\/li>\n\n\n\n<li>Unisciti al nostro&nbsp;<a href=\"https:\/\/internetaddictsanonymous.org\/it\/ismo\/\">incontri mensili di servizio internazionale<\/a>, dove discutiamo questioni amministrative per il bene della comunit\u00e0. Ogni membro dell&#039;ITAA ha pari voce. Se hai un&#039;opinione che pu\u00f2 contribuire a costruire una forte coscienza di gruppo e a rendere la collettivit\u00e0 dell&#039;ITAA pi\u00f9 forte e saggia, comunicala all&#039;ISM quando le persone stanno formando una coscienza di gruppo su un determinato argomento per raggiungere una decisione informata. Allo stesso modo, ogni riunione individuale organizza occasionalmente riunioni di lavoro per discutere questioni pertinenti al gruppo, e partecipare a queste \u00e8 anche un ottimo modo per essere d&#039;aiuto. Se hai domande sul significato di qualcosa o su come funzionano le riunioni di lavoro, puoi chiedere durante una riunione di lavoro e i membri pi\u00f9 esperti possono aiutarti a capire.<\/li>\n\n\n\n<li>Puoi unirti a uno dei nostri comitati di servizio, gruppi dedicati a una specifica responsabilit\u00e0, come la scrittura letteraria. Puoi trovare opportunit\u00e0 di inserimento nel comitato su <a href=\"https:\/\/internetaddictsanonymous.org\/it\/posizioni-di-servizio-aperte\/\">posizioni di servizio aperte<\/a> pagina.<\/li>\n\n\n\n<li>Puoi inviare un breve racconto di circa 250 parole che descriva come stavano le cose, com&#039;era la tua dipendenza attiva, come sei arrivato all&#039;ITAA e quali perle hai trovato finora nel percorso di recupero. Questo ci aiuter\u00e0 a iniziare a costruire un lettore giornaliero.&nbsp;<\/li>\n\n\n\n<li>Se hai un recupero a lungo termine in ITAA e vuoi condividere la tua storia di recupero, possiamo aggiungerla al nostro\u00a0<a href=\"https:\/\/internetaddictsanonymous.org\/it\/storie-di-recupero\/\" target=\"_blank\" rel=\"noreferrer noopener\">Storie di recupero<\/a>\u00a0pagina. La lunghezza consigliata \u00e8 di 2500-5000 parole.<\/li>\n\n\n\n<li>Puoi&nbsp;<a href=\"https:\/\/internetaddictsanonymous.org\/it\/donare\/\" target=\"_blank\" rel=\"noreferrer noopener\">donare<\/a>&nbsp;alla comunit\u00e0. La nostra settima tradizione afferma: &quot;Ogni gruppo dovrebbe essere completamente autosufficiente, rifiutando contributi esterni&quot;.<\/li>\n<\/ol>\n\n\n\n<p>Puoi anche essere creativo nel pensare ad altri modi per essere d&#039;aiuto. Sentiti libero di contattarci tramite la pagina dei contatti per qualsiasi modo tu voglia contribuire a diffondere il messaggio ai tossicodipendenti in difficolt\u00e0.<\/p>\n<!-- PMB print buttons is only displayed on a single post\/page URLs-->","protected":false},"excerpt":{"rendered":"<p>Uno dei nostri strumenti pi\u00f9 efficaci per il recupero \u00e8 essere al servizio di altri tossicodipendenti e delle nostre comunit\u00e0 pi\u00f9 ampie. L&#039;ITAA \u00e8 un&#039;organizzazione interamente volontaria, senza professionisti retribuiti. Di seguito sono riportati alcuni suggerimenti su come potresti essere al servizio dell&#039;ITAA. Puoi anche consultare le nostre posizioni di servizio attualmente aperte per... <a href=\"https:\/\/internetaddictsanonymous.org\/it\/service\/\" class=\"more-link\">Continua a leggere <span class=\"screen-reader-text\">Una guida al servizio<\/span><\/a><\/p>","protected":false},"author":35194237,"featured_media":0,"parent":0,"menu_order":0,"comment_status":"closed","ping_status":"closed","template":"full-width-page.php","meta":{"inline_featured_image":false,"_lmt_disableupdate":"no","_lmt_disable":"","footnotes":""},"tags":[],"class_list":["post-10620","page","type-page","status-publish","hentry"],"yoast_head":"<!-- This site is optimized with the Yoast SEO plugin v27.5 - https:\/\/yoast.com\/product\/yoast-seo-wordpress\/ -->\n<title>A Guide to Service &#8211; Internet and Technology Addicts Anonymous<\/title>\n<meta name=\"robots\" content=\"index, follow, max-snippet:-1, max-image-preview:large, max-video-preview:-1\" \/>\n<link rel=\"canonical\" href=\"https:\/\/internetaddictsanonymous.org\/it\/servizio\/\" \/>\n<meta property=\"og:locale\" content=\"it_IT\" \/>\n<meta property=\"og:type\" content=\"article\" \/>\n<meta property=\"og:title\" content=\"A Guide to Service &#8211; Internet and Technology Addicts Anonymous\" \/>\n<meta property=\"og:description\" content=\"One of our strongest tools in recovering is being of service to other addicts, as well as to our wider communities. ITAA is entirely a volunteer organization, with no paid professionals. Below are some suggestions for how you might be of service in ITAA. You can also find see our currently open service positions for &hellip; Continue reading A Guide to Service\" \/>\n<meta property=\"og:url\" content=\"https:\/\/internetaddictsanonymous.org\/it\/servizio\/\" \/>\n<meta property=\"og:site_name\" content=\"Internet and Technology Addicts Anonymous\" \/>\n<meta property=\"article:modified_time\" content=\"2023-01-14T12:03:14+00:00\" \/>\n<meta name=\"twitter:card\" content=\"summary_large_image\" \/>\n<meta name=\"twitter:label1\" content=\"Tempo di lettura stimato\" \/>\n\t<meta name=\"twitter:data1\" content=\"4 minuti\" \/>\n<script type=\"application\/ld+json\" class=\"yoast-schema-graph\">{\"@context\":\"https:\\\/\\\/schema.org\",\"@graph\":[{\"@type\":\"WebPage\",\"@id\":\"https:\\\/\\\/internetaddictsanonymous.org\\\/service\\\/\",\"url\":\"https:\\\/\\\/internetaddictsanonymous.org\\\/service\\\/\",\"name\":\"A Guide to Service &#8211; Internet and Technology Addicts Anonymous\",\"isPartOf\":{\"@id\":\"https:\\\/\\\/internetaddictsanonymous.org\\\/#website\"},\"datePublished\":\"2020-05-03T13:30:03+00:00\",\"dateModified\":\"2023-01-14T12:03:14+00:00\",\"breadcrumb\":{\"@id\":\"https:\\\/\\\/internetaddictsanonymous.org\\\/service\\\/#breadcrumb\"},\"inLanguage\":\"it-IT\",\"potentialAction\":[{\"@type\":\"ReadAction\",\"target\":[\"https:\\\/\\\/internetaddictsanonymous.org\\\/service\\\/\"]}]},{\"@type\":\"BreadcrumbList\",\"@id\":\"https:\\\/\\\/internetaddictsanonymous.org\\\/service\\\/#breadcrumb\",\"itemListElement\":[{\"@type\":\"ListItem\",\"position\":1,\"name\":\"Home\",\"item\":\"https:\\\/\\\/internetaddictsanonymous.org\\\/\"},{\"@type\":\"ListItem\",\"position\":2,\"name\":\"A Guide to Service\"}]},{\"@type\":\"WebSite\",\"@id\":\"https:\\\/\\\/internetaddictsanonymous.org\\\/#website\",\"url\":\"https:\\\/\\\/internetaddictsanonymous.org\\\/\",\"name\":\"Internet and Technology Addicts Anonymous\",\"description\":\"Worldwide 12-step Fellowship for Internet and Technology Addiction\",\"publisher\":{\"@id\":\"https:\\\/\\\/internetaddictsanonymous.org\\\/#organization\"},\"potentialAction\":[{\"@type\":\"SearchAction\",\"target\":{\"@type\":\"EntryPoint\",\"urlTemplate\":\"https:\\\/\\\/internetaddictsanonymous.org\\\/?s={search_term_string}\"},\"query-input\":{\"@type\":\"PropertyValueSpecification\",\"valueRequired\":true,\"valueName\":\"search_term_string\"}}],\"inLanguage\":\"it-IT\"},{\"@type\":\"Organization\",\"@id\":\"https:\\\/\\\/internetaddictsanonymous.org\\\/#organization\",\"name\":\"Internet and Technology Addicts Anonymous\",\"url\":\"https:\\\/\\\/internetaddictsanonymous.org\\\/\",\"logo\":{\"@type\":\"ImageObject\",\"inLanguage\":\"it-IT\",\"@id\":\"https:\\\/\\\/internetaddictsanonymous.org\\\/#\\\/schema\\\/logo\\\/image\\\/\",\"url\":\"https:\\\/\\\/internetaddictsanonymous.org\\\/wp-content\\\/uploads\\\/2023\\\/01\\\/cropped-ITAA-logo-480px.png\",\"contentUrl\":\"https:\\\/\\\/internetaddictsanonymous.org\\\/wp-content\\\/uploads\\\/2023\\\/01\\\/cropped-ITAA-logo-480px.png\",\"width\":480,\"height\":480,\"caption\":\"Internet and Technology Addicts Anonymous\"},\"image\":{\"@id\":\"https:\\\/\\\/internetaddictsanonymous.org\\\/#\\\/schema\\\/logo\\\/image\\\/\"}}]}<\/script>\n<!-- \/ Yoast SEO plugin. -->","yoast_head_json":{"title":"Una guida al servizio \u2013 Dipendenti da Internet e Tecnologia Anonimi","robots":{"index":"index","follow":"follow","max-snippet":"max-snippet:-1","max-image-preview":"max-image-preview:large","max-video-preview":"max-video-preview:-1"},"canonical":"https:\/\/internetaddictsanonymous.org\/it\/servizio\/","og_locale":"it_IT","og_type":"article","og_title":"A Guide to Service &#8211; Internet and Technology Addicts Anonymous","og_description":"One of our strongest tools in recovering is being of service to other addicts, as well as to our wider communities. ITAA is entirely a volunteer organization, with no paid professionals. Below are some suggestions for how you might be of service in ITAA. You can also find see our currently open service positions for &hellip; Continue reading A Guide to Service","og_url":"https:\/\/internetaddictsanonymous.org\/it\/servizio\/","og_site_name":"Internet and Technology Addicts Anonymous","article_modified_time":"2023-01-14T12:03:14+00:00","twitter_card":"summary_large_image","twitter_misc":{"Tempo di lettura stimato":"4 minuti"},"schema":{"@context":"https:\/\/schema.org","@graph":[{"@type":"WebPage","@id":"https:\/\/internetaddictsanonymous.org\/service\/","url":"https:\/\/internetaddictsanonymous.org\/service\/","name":"Una guida al servizio \u2013 Dipendenti da Internet e Tecnologia Anonimi","isPartOf":{"@id":"https:\/\/internetaddictsanonymous.org\/#website"},"datePublished":"2020-05-03T13:30:03+00:00","dateModified":"2023-01-14T12:03:14+00:00","breadcrumb":{"@id":"https:\/\/internetaddictsanonymous.org\/service\/#breadcrumb"},"inLanguage":"it-IT","potentialAction":[{"@type":"ReadAction","target":["https:\/\/internetaddictsanonymous.org\/service\/"]}]},{"@type":"BreadcrumbList","@id":"https:\/\/internetaddictsanonymous.org\/service\/#breadcrumb","itemListElement":[{"@type":"ListItem","position":1,"name":"Home","item":"https:\/\/internetaddictsanonymous.org\/"},{"@type":"ListItem","position":2,"name":"A Guide to Service"}]},{"@type":"WebSite","@id":"https:\/\/internetaddictsanonymous.org\/#website","url":"https:\/\/internetaddictsanonymous.org\/","name":"Dipendenti da Internet e Tecnologia Anonimi","description":"Associazione mondiale in 12 fasi per la dipendenza da Internet e dalla tecnologia","publisher":{"@id":"https:\/\/internetaddictsanonymous.org\/#organization"},"potentialAction":[{"@type":"SearchAction","target":{"@type":"EntryPoint","urlTemplate":"https:\/\/internetaddictsanonymous.org\/?s={search_term_string}"},"query-input":{"@type":"PropertyValueSpecification","valueRequired":true,"valueName":"search_term_string"}}],"inLanguage":"it-IT"},{"@type":"Organization","@id":"https:\/\/internetaddictsanonymous.org\/#organization","name":"Dipendenti da Internet e Tecnologia Anonimi","url":"https:\/\/internetaddictsanonymous.org\/","logo":{"@type":"ImageObject","inLanguage":"it-IT","@id":"https:\/\/internetaddictsanonymous.org\/#\/schema\/logo\/image\/","url":"https:\/\/internetaddictsanonymous.org\/wp-content\/uploads\/2023\/01\/cropped-ITAA-logo-480px.png","contentUrl":"https:\/\/internetaddictsanonymous.org\/wp-content\/uploads\/2023\/01\/cropped-ITAA-logo-480px.png","width":480,"height":480,"caption":"Internet and Technology Addicts Anonymous"},"image":{"@id":"https:\/\/internetaddictsanonymous.org\/#\/schema\/logo\/image\/"}}]}},"jetpack_sharing_enabled":true,"jetpack_shortlink":"https:\/\/wp.me\/P9Fwob-2Li","_links":{"self":[{"href":"https:\/\/internetaddictsanonymous.org\/it\/wp-json\/wp\/v2\/pages\/10620","targetHints":{"allow":["GET"]}}],"collection":[{"href":"https:\/\/internetaddictsanonymous.org\/it\/wp-json\/wp\/v2\/pages"}],"about":[{"href":"https:\/\/internetaddictsanonymous.org\/it\/wp-json\/wp\/v2\/types\/page"}],"author":[{"embeddable":true,"href":"https:\/\/internetaddictsanonymous.org\/it\/wp-json\/wp\/v2\/users\/35194237"}],"replies":[{"embeddable":true,"href":"https:\/\/internetaddictsanonymous.org\/it\/wp-json\/wp\/v2\/comments?post=10620"}],"version-history":[{"count":22,"href":"https:\/\/internetaddictsanonymous.org\/it\/wp-json\/wp\/v2\/pages\/10620\/revisions"}],"predecessor-version":[{"id":14799,"href":"https:\/\/internetaddictsanonymous.org\/it\/wp-json\/wp\/v2\/pages\/10620\/revisions\/14799"}],"wp:attachment":[{"href":"https:\/\/internetaddictsanonymous.org\/it\/wp-json\/wp\/v2\/media?parent=10620"}],"wp:term":[{"taxonomy":"post_tag","embeddable":true,"href":"https:\/\/internetaddictsanonymous.org\/it\/wp-json\/wp\/v2\/tags?post=10620"}],"curies":[{"name":"parola chiave","href":"https:\/\/api.w.org\/{rel}","templated":true}]}}