{"id":11348,"date":"2020-07-12T07:06:35","date_gmt":"2020-07-12T07:06:35","guid":{"rendered":"https:\/\/internetaddictsanonymous.org\/?page_id=11348"},"modified":"2025-09-14T11:35:18","modified_gmt":"2025-09-14T18:35:18","slug":"posizioni-di-servizio-aperte","status":"publish","type":"page","link":"https:\/\/internetaddictsanonymous.org\/it\/open-service-positions\/","title":{"rendered":"Posizioni di servizio e comitati"},"content":{"rendered":"<p>Grazie per il vostro interesse nel contribuire al servizio a livello di comunit\u00e0 ITAA! Il servizio non \u00e8 solo uno strumento prezioso per il nostro recupero, ma aiuta anche l&#039;intera comunit\u00e0 ITAA: dai nuovi arrivati al loro primo incontro, ai veterani, ai gruppi e alla comunit\u00e0 nel suo complesso. Di seguito \u00e8 riportato un elenco delle nostre posizioni e dei nostri comitati di servizio internazionali.<\/p>\n\n\n\n<p><strong>Prossime riunioni del comitato ITAA e riunioni di servizio internazionale<\/strong><\/p>\n\n\n<p><iframe style=\"height: 600px; width: 100%;\" src=\"https:\/\/teamup.com\/ks4ag6i7z1xynrk5ra?view=m&amp;showHeader=0&amp;showLogo=0&amp;showTitle=0&amp;showSidepanel=0&amp;showViewSelector=1\" width=\"100%\" height=\"600\" frameborder=\"0\"><\/iframe><\/p>\n\n\n<h5 class=\"wp-block-heading\" id=\"fellowship-level\"><strong>Posizioni di servizio a livello di fellowship <\/strong><\/h5>\n\n\n\n<ul class=\"wp-block-list\">\n<li><strong>Presidenti<\/strong>: Ci sono 2 copresidenti per le Riunioni di Servizio Internazionali, eletti per un mandato di un anno. Ogni copresidenti gestisce un ISM ogni due mesi. I compiti dei Presidenti sono presiedere l&#039;ISM e anche aggiornare e mantenere aggiornate queste linee guida scritte in modo che rimangano attuali. Collaborano con i Segretari per finalizzare l&#039;ordine del giorno. <strong>Se sei interessato a ricoprire il ruolo di co-presidente, invia un&#039;e-mail a secretaries.itaa@gmail.com o partecipa a uno dei prossimi ISM.<\/strong><br><br><\/li>\n\n\n\n<li><strong>Segretari<\/strong>: Ci sono 2 co-segretari per le Riunioni di Servizio Internazionali, eletti per un mandato di un anno. Ogni co-segretario gestisce un ISM ogni due mesi. I segretari redigono il verbale durante l&#039;ISM e stabiliscono l&#039;ordine del giorno della riunione. Collaborano con i Presidenti per finalizzare l&#039;ordine del giorno. <strong>Se sei interessato a ricoprire il ruolo di co-segretario, invia un&#039;e-mail a secretaries.itaa@gmail.com o partecipa a uno dei prossimi ISM.<\/strong><br><br><\/li>\n\n\n\n<li><strong>Co-Webmaster<\/strong>: L&#039;ITAA ha almeno 2 Co-Webmaster (anche se possono essercene pi\u00f9 di 2) che possono essere eletti per mandati fino a 2 anni (sono accettabili anche mandati pi\u00f9 brevi). I co-webmaster mantengono, aggiornano e modificano il sito web dell&#039;ITAA al servizio della coscienza del gruppo di appartenenza. I webmaster gestiscono anche gli account Zoom, Google Ads e il calendario delle riunioni dell&#039;ITAA. I co-webmaster hanno l&#039;autorit\u00e0 di apportare piccole modifiche al sito web, purch\u00e9 siano in linea con lo spirito del sito web esistente. Eventuali modifiche drastiche, nuove sezioni o disaccordi sostanziali possono essere segnalati all&#039;ISM. <strong>Se sei interessato a diventare co-webmaster, invia un&#039;e-mail a webmaster.itaa@gmail.com.<\/strong><br><br> <\/li>\n\n\n\n<li><strong>Co-tesoriere<\/strong>: Ci sono 2 Co-Tesorieri eletti per mandati di 12 mesi. I tesorieri gestiscono i conti dell&#039;ITAA e registrano eventuali spese e donazioni. I tesorieri presentano solitamente un rapporto alle Riunioni di Servizio Internazionali il terzo fine settimana di ogni mese. I tesorieri non hanno il potere di prendere decisioni di spesa in modo indipendente. La decisione di accollarsi una nuova spesa deve essere presa dalla Riunione di Servizio Internazionale. <strong>Se sei interessato a diventare co-tesoriere, invia un&#039;e-mail a itaa.business@gmail.com.<\/strong><br><br><\/li>\n\n\n\n<li><strong>Risponditore e-mail<\/strong>: Gli addetti alla risposta via email dell&#039;ITAA aiutano a rispondere alle richieste di informazioni generali inviate tramite il sito web dell&#039;ITAA. Questo pu\u00f2 comportare la fornitura di informazioni sull&#039;ITAA, il nostro programma di riunioni, le risorse sul nostro sito web o il reindirizzamento dei messaggi ad altri collaboratori di fiducia (ad esempio, i segretari, i webmaster, un comitato specifico o un gruppo specifico). In genere, l&#039;impegno settimanale per ciascun addetto alla risposta via email \u00e8 di 15-30 minuti. Gli addetti alla risposta via email devono avere almeno 3 mesi di esperienza in ITAA e ogni addetto eletto pu\u00f2 scegliere la durata del proprio mandato, da 3 mesi a 2 anni. <strong>Se sei interessato a diventare un risponditore via e-mail, invia un&#039;e-mail a internetandtechaa@gmail.com<span style=\"color: initial; font-family: -apple-system, BlinkMacSystemFont, &quot;Segoe UI&quot;, Roboto, Oxygen-Sans, Ubuntu, Cantarell, &quot;Helvetica Neue&quot;, sans-serif;\">.<\/span><\/strong><br><br><\/li>\n\n\n\n<li><strong>Rappresentante del servizio di gruppo (GSR)<\/strong>: I GSR vengono eletti dai gruppi per rappresentarli alle Riunioni Internazionali di Servizio dell&#039;ITAA e garantiscono che le voci dei nostri gruppi vengano ascoltate quando si prendono decisioni a livello di fratellanza. I gruppi sono incoraggiati a mantenere una coscienza collettiva per eleggere i GSR e definire i requisiti di servizio, le responsabilit\u00e0 e la durata del mandato. La seguente risorsa contiene ulteriori informazioni sui GSR:<br><a href=\"https:\/\/internetaddictsanonymous.org\/it\/gsr\/\" target=\"_blank\" rel=\"noreferrer noopener\">Che cosa \u00e8 un &quot;Rappresentante del servizio di gruppo&quot; in ITAA?<\/a><br><\/li>\n<\/ul>\n\n\n\n<h5 class=\"wp-block-heading\" id=\"fellowship-level\">Livello di borsa di studio<strong> comitati<\/strong><\/h5>\n\n\n\n<ul class=\"wp-block-list\">\n<li><strong>Comitato Legale e Finanziario<\/strong>: Questo Comitato discute questioni legali e finanziarie pertinenti all&#039;intera comunit\u00e0 ITAA, sviluppa e propone soluzioni a tali questioni per la revisione da parte dell&#039;ISM, interagisce con avvocati, commercialisti e altri professionisti competenti, se necessario, e produce materiali e risorse relative a questioni legali e finanziarie che possono supportare gruppi e singoli membri. La partecipazione \u00e8 aperta a tutti. <strong>Se siete interessati a contribuire, inviate un&#039;e-mail a legalaffairs.itaa@gmail.com.<\/strong><br><br><\/li>\n\n\n\n<li><strong>Comitato per la letteratura<\/strong>: Il Comitato Letteratura scrive materiale informativo, sia cartaceo che di ampio respiro, a supporto dello scopo principale della nostra associazione. La partecipazione \u00e8 aperta a tutti. Se non potete partecipare all&#039;incontro per problemi di fuso orario, contattate il referente. Stiamo attualmente scrivendo il nostro primo libro ITAA e stiamo cercando storie di recupero da membri con almeno 6 mesi di esperienza in ITAA, una sobriet\u00e0 stabile come la intendono loro e che stanno seguendo i Passi. Ulteriori informazioni sono disponibili. <a href=\"https:\/\/docs.google.com\/document\/d\/1WkjCP1kEapF_RhWaTpPk6nmuVHrNbohQVA2TJIpbDtQ\/edit?usp=sharing\">Qui<\/a>. Ogni membro dell&#039;ITAA pu\u00f2 anche registrarsi come revisore e fornire feedback sulle bozze del nostro libro. Puoi trovare la bozza attuale del libro e iscriverti per ricevere aggiornamenti regolari sulla pubblicazione di nuovi capitoli compilando il modulo. <a href=\"https:\/\/forms.gle\/xUyrY5BUxropNELWA\">questo modulo<\/a>. <strong>Per qualsiasi domanda o commento, inviare un&#039;e-mail a literature.itaa@gmail.com. <\/strong><br><br><\/li>\n\n\n\n<li><strong>Comitato per le relazioni pubbliche<\/strong>: Questo comitato ha due ruoli di servizio: Organizzatori e Intervistati. Gli Organizzatori gestiscono le richieste di interviste in arrivo, conducono attivit\u00e0 di sensibilizzazione pubblica, scrivono e gestiscono le risorse destinate ai giornalisti e tengono aggiornato l&#039;International Service Meeting con i resoconti. Qualsiasi membro \u00e8 benvenuto come Organizzatore e partecipa ai nostri incontri. Gli Intervistati sono membri che vengono avvisati quando viene inviato un messaggio tramite il sito web che richiede di intervistare un membro dell&#039;ITAA sulla nostra comunit\u00e0 o sul nostro programma di recupero. Per essere intervistati, i membri devono essere iscritti all&#039;ITAA da 5 mesi, partecipare regolarmente alle riunioni, seguire i 12 passi e avere almeno un certo livello di sobriet\u00e0, come la definiscono loro. I membri del comitato possono scegliere uno o entrambi questi ruoli di servizio. <strong>Se sei interessato a far parte del Comitato per le Relazioni Pubbliche, invia un&#039;e-mail a inquiries.itaa@gmail.com.<\/strong> <strong>Abbiamo bisogno di pi\u00f9 organizzatori e intervistati. Se desideri svolgere attivit\u00e0 di sensibilizzazione pubblica nella tua zona, puoi fare riferimento al nostro <a href=\"https:\/\/docs.google.com\/document\/d\/1aRALvNCgyFK4UUpQHtJfsWbFT4WthLxQqeuzJhA2bM0\/edit?usp=sharing\">modello di divulgazione delle informazioni pubbliche<\/a>.<\/strong><br><\/li>\n<\/ul>\n\n\n\n<ul class=\"wp-block-list\">\n<li><strong>Sottocomitato SEO\/Google Ads<\/strong>: Questo sottocomitato si occupa di migliorare la nostra strategia di Google Ads e l&#039;ottimizzazione dei motori di ricerca per garantire che la nostra community sia il pi\u00f9 accessibile possibile a chi ne ha bisogno. Questo gruppo \u00e8 un sottocomitato del Comitato per i Contenuti Web. <strong>Per domande inviare un&#039;e-mail a tomask.itaa@gmail.com.<\/strong><br><\/li>\n<\/ul>\n\n\n\n<ul class=\"wp-block-list\">\n<li><strong>Comitato per i contenuti web<\/strong>: In questo comitato discutiamo, modifichiamo e scriviamo contenuti per il nostro sito web. Ogni membro \u00e8 invitato a partecipare, con il requisito di aver partecipato ad almeno 6 riunioni ITAA. Siete invitati a inviare eventuali domande via email a webcontent.itaa@gmail.com.<br><br><\/li>\n\n\n\n<li><strong>Traduzione del sito web<\/strong>: Se desideri tradurre il sito web dell&#039;ITAA in un&#039;altra lingua, puoi aiutarci a diffondere il nostro messaggio ai tossicodipendenti che non parlano inglese. <strong>Se sei interessato ad aiutare a tradurre il sito, scrivi a webmaster.itaa@gmail.com<\/strong><\/li>\n<\/ul>\n<!-- PMB print buttons is only displayed on a single post\/page URLs-->","protected":false},"excerpt":{"rendered":"<p>Grazie per il vostro interesse nel contribuire al servizio a livello di comunit\u00e0 ITAA! Il servizio non \u00e8 solo uno strumento prezioso per il nostro recupero, ma aiuta anche l&#039;intera comunit\u00e0 ITAA: dai nuovi arrivati al loro primo incontro, ai veterani, ai gruppi e alla comunit\u00e0 nel suo complesso. Di seguito \u00e8 riportato un elenco dei nostri... <a href=\"https:\/\/internetaddictsanonymous.org\/it\/open-service-positions\/\" class=\"more-link\">Continua a leggere <span class=\"screen-reader-text\">Posizioni di servizio e comitati<\/span><\/a><\/p>","protected":false},"author":35194237,"featured_media":0,"parent":0,"menu_order":0,"comment_status":"closed","ping_status":"closed","template":"full-width-page.php","meta":{"inline_featured_image":false,"_lmt_disableupdate":"no","_lmt_disable":"","footnotes":""},"tags":[],"class_list":["post-11348","page","type-page","status-publish","hentry"],"yoast_head":"<!-- This site is optimized with the Yoast SEO plugin v27.4 - https:\/\/yoast.com\/product\/yoast-seo-wordpress\/ -->\n<title>Service Positions and Committees &#8211; Internet and Technology Addicts Anonymous<\/title>\n<meta name=\"robots\" content=\"index, follow, max-snippet:-1, max-image-preview:large, max-video-preview:-1\" \/>\n<link rel=\"canonical\" href=\"https:\/\/internetaddictsanonymous.org\/it\/posizioni-di-servizio-aperte\/\" \/>\n<meta property=\"og:locale\" content=\"it_IT\" \/>\n<meta property=\"og:type\" content=\"article\" \/>\n<meta property=\"og:title\" content=\"Service Positions and Committees &#8211; Internet and Technology Addicts Anonymous\" \/>\n<meta property=\"og:description\" content=\"Thank you for your interest in being of service at the fellowship level in ITAA! Service is not only an invaluable tool for our own recoveries, it also helps the entire ITAA fellowship\u2014from newcomers at their first meeting, to old-timers, to the groups, and the fellowship as a whole. Below is a list of our &hellip; Continue reading Service Positions and Committees\" \/>\n<meta property=\"og:url\" content=\"https:\/\/internetaddictsanonymous.org\/it\/posizioni-di-servizio-aperte\/\" \/>\n<meta property=\"og:site_name\" content=\"Internet and Technology Addicts Anonymous\" \/>\n<meta property=\"article:modified_time\" content=\"2025-09-14T18:35:18+00:00\" \/>\n<meta name=\"twitter:card\" content=\"summary_large_image\" \/>\n<meta name=\"twitter:label1\" content=\"Tempo di lettura stimato\" \/>\n\t<meta name=\"twitter:data1\" content=\"5 minuti\" \/>\n<script type=\"application\/ld+json\" class=\"yoast-schema-graph\">{\"@context\":\"https:\\\/\\\/schema.org\",\"@graph\":[{\"@type\":\"WebPage\",\"@id\":\"https:\\\/\\\/internetaddictsanonymous.org\\\/open-service-positions\\\/\",\"url\":\"https:\\\/\\\/internetaddictsanonymous.org\\\/open-service-positions\\\/\",\"name\":\"Service Positions and Committees &#8211; Internet and Technology Addicts Anonymous\",\"isPartOf\":{\"@id\":\"https:\\\/\\\/internetaddictsanonymous.org\\\/#website\"},\"datePublished\":\"2020-07-12T07:06:35+00:00\",\"dateModified\":\"2025-09-14T18:35:18+00:00\",\"breadcrumb\":{\"@id\":\"https:\\\/\\\/internetaddictsanonymous.org\\\/open-service-positions\\\/#breadcrumb\"},\"inLanguage\":\"it-IT\",\"potentialAction\":[{\"@type\":\"ReadAction\",\"target\":[\"https:\\\/\\\/internetaddictsanonymous.org\\\/open-service-positions\\\/\"]}]},{\"@type\":\"BreadcrumbList\",\"@id\":\"https:\\\/\\\/internetaddictsanonymous.org\\\/open-service-positions\\\/#breadcrumb\",\"itemListElement\":[{\"@type\":\"ListItem\",\"position\":1,\"name\":\"Home\",\"item\":\"https:\\\/\\\/internetaddictsanonymous.org\\\/\"},{\"@type\":\"ListItem\",\"position\":2,\"name\":\"Service Positions and Committees\"}]},{\"@type\":\"WebSite\",\"@id\":\"https:\\\/\\\/internetaddictsanonymous.org\\\/#website\",\"url\":\"https:\\\/\\\/internetaddictsanonymous.org\\\/\",\"name\":\"Internet and Technology Addicts Anonymous\",\"description\":\"Worldwide 12-step Fellowship for Internet and Technology Addiction\",\"publisher\":{\"@id\":\"https:\\\/\\\/internetaddictsanonymous.org\\\/#organization\"},\"potentialAction\":[{\"@type\":\"SearchAction\",\"target\":{\"@type\":\"EntryPoint\",\"urlTemplate\":\"https:\\\/\\\/internetaddictsanonymous.org\\\/?s={search_term_string}\"},\"query-input\":{\"@type\":\"PropertyValueSpecification\",\"valueRequired\":true,\"valueName\":\"search_term_string\"}}],\"inLanguage\":\"it-IT\"},{\"@type\":\"Organization\",\"@id\":\"https:\\\/\\\/internetaddictsanonymous.org\\\/#organization\",\"name\":\"Internet and Technology Addicts Anonymous\",\"url\":\"https:\\\/\\\/internetaddictsanonymous.org\\\/\",\"logo\":{\"@type\":\"ImageObject\",\"inLanguage\":\"it-IT\",\"@id\":\"https:\\\/\\\/internetaddictsanonymous.org\\\/#\\\/schema\\\/logo\\\/image\\\/\",\"url\":\"https:\\\/\\\/internetaddictsanonymous.org\\\/wp-content\\\/uploads\\\/2023\\\/01\\\/cropped-ITAA-logo-480px.png\",\"contentUrl\":\"https:\\\/\\\/internetaddictsanonymous.org\\\/wp-content\\\/uploads\\\/2023\\\/01\\\/cropped-ITAA-logo-480px.png\",\"width\":480,\"height\":480,\"caption\":\"Internet and Technology Addicts Anonymous\"},\"image\":{\"@id\":\"https:\\\/\\\/internetaddictsanonymous.org\\\/#\\\/schema\\\/logo\\\/image\\\/\"}}]}<\/script>\n<!-- \/ Yoast SEO plugin. -->","yoast_head_json":{"title":"Posizioni di servizio e comitati \u2013 Dipendenti da Internet e tecnologia Anonimi","robots":{"index":"index","follow":"follow","max-snippet":"max-snippet:-1","max-image-preview":"max-image-preview:large","max-video-preview":"max-video-preview:-1"},"canonical":"https:\/\/internetaddictsanonymous.org\/it\/posizioni-di-servizio-aperte\/","og_locale":"it_IT","og_type":"article","og_title":"Service Positions and Committees &#8211; Internet and Technology Addicts Anonymous","og_description":"Thank you for your interest in being of service at the fellowship level in ITAA! Service is not only an invaluable tool for our own recoveries, it also helps the entire ITAA fellowship\u2014from newcomers at their first meeting, to old-timers, to the groups, and the fellowship as a whole. Below is a list of our &hellip; Continue reading Service Positions and Committees","og_url":"https:\/\/internetaddictsanonymous.org\/it\/posizioni-di-servizio-aperte\/","og_site_name":"Internet and Technology Addicts Anonymous","article_modified_time":"2025-09-14T18:35:18+00:00","twitter_card":"summary_large_image","twitter_misc":{"Tempo di lettura stimato":"5 minuti"},"schema":{"@context":"https:\/\/schema.org","@graph":[{"@type":"WebPage","@id":"https:\/\/internetaddictsanonymous.org\/open-service-positions\/","url":"https:\/\/internetaddictsanonymous.org\/open-service-positions\/","name":"Posizioni di servizio e comitati \u2013 Dipendenti da Internet e tecnologia Anonimi","isPartOf":{"@id":"https:\/\/internetaddictsanonymous.org\/#website"},"datePublished":"2020-07-12T07:06:35+00:00","dateModified":"2025-09-14T18:35:18+00:00","breadcrumb":{"@id":"https:\/\/internetaddictsanonymous.org\/open-service-positions\/#breadcrumb"},"inLanguage":"it-IT","potentialAction":[{"@type":"ReadAction","target":["https:\/\/internetaddictsanonymous.org\/open-service-positions\/"]}]},{"@type":"BreadcrumbList","@id":"https:\/\/internetaddictsanonymous.org\/open-service-positions\/#breadcrumb","itemListElement":[{"@type":"ListItem","position":1,"name":"Home","item":"https:\/\/internetaddictsanonymous.org\/"},{"@type":"ListItem","position":2,"name":"Service Positions and Committees"}]},{"@type":"WebSite","@id":"https:\/\/internetaddictsanonymous.org\/#website","url":"https:\/\/internetaddictsanonymous.org\/","name":"Dipendenti da Internet e Tecnologia Anonimi","description":"Associazione mondiale in 12 fasi per la dipendenza da Internet e dalla tecnologia","publisher":{"@id":"https:\/\/internetaddictsanonymous.org\/#organization"},"potentialAction":[{"@type":"SearchAction","target":{"@type":"EntryPoint","urlTemplate":"https:\/\/internetaddictsanonymous.org\/?s={search_term_string}"},"query-input":{"@type":"PropertyValueSpecification","valueRequired":true,"valueName":"search_term_string"}}],"inLanguage":"it-IT"},{"@type":"Organization","@id":"https:\/\/internetaddictsanonymous.org\/#organization","name":"Dipendenti da Internet e Tecnologia Anonimi","url":"https:\/\/internetaddictsanonymous.org\/","logo":{"@type":"ImageObject","inLanguage":"it-IT","@id":"https:\/\/internetaddictsanonymous.org\/#\/schema\/logo\/image\/","url":"https:\/\/internetaddictsanonymous.org\/wp-content\/uploads\/2023\/01\/cropped-ITAA-logo-480px.png","contentUrl":"https:\/\/internetaddictsanonymous.org\/wp-content\/uploads\/2023\/01\/cropped-ITAA-logo-480px.png","width":480,"height":480,"caption":"Internet and Technology Addicts Anonymous"},"image":{"@id":"https:\/\/internetaddictsanonymous.org\/#\/schema\/logo\/image\/"}}]}},"jetpack_sharing_enabled":true,"jetpack_shortlink":"https:\/\/wp.me\/P9Fwob-2X2","_links":{"self":[{"href":"https:\/\/internetaddictsanonymous.org\/it\/wp-json\/wp\/v2\/pages\/11348","targetHints":{"allow":["GET"]}}],"collection":[{"href":"https:\/\/internetaddictsanonymous.org\/it\/wp-json\/wp\/v2\/pages"}],"about":[{"href":"https:\/\/internetaddictsanonymous.org\/it\/wp-json\/wp\/v2\/types\/page"}],"author":[{"embeddable":true,"href":"https:\/\/internetaddictsanonymous.org\/it\/wp-json\/wp\/v2\/users\/35194237"}],"replies":[{"embeddable":true,"href":"https:\/\/internetaddictsanonymous.org\/it\/wp-json\/wp\/v2\/comments?post=11348"}],"version-history":[{"count":99,"href":"https:\/\/internetaddictsanonymous.org\/it\/wp-json\/wp\/v2\/pages\/11348\/revisions"}],"predecessor-version":[{"id":20440,"href":"https:\/\/internetaddictsanonymous.org\/it\/wp-json\/wp\/v2\/pages\/11348\/revisions\/20440"}],"wp:attachment":[{"href":"https:\/\/internetaddictsanonymous.org\/it\/wp-json\/wp\/v2\/media?parent=11348"}],"wp:term":[{"taxonomy":"post_tag","embeddable":true,"href":"https:\/\/internetaddictsanonymous.org\/it\/wp-json\/wp\/v2\/tags?post=11348"}],"curies":[{"name":"parola chiave","href":"https:\/\/api.w.org\/{rel}","templated":true}]}}