{"id":12843,"date":"2021-04-18T11:14:38","date_gmt":"2021-04-18T11:14:38","guid":{"rendered":"https:\/\/internetaddictsanonymous.org\/?page_id=12843"},"modified":"2026-01-18T12:20:20","modified_gmt":"2026-01-18T20:20:20","slug":"una-guida-alle-chiamate-di-sensibilizzazione-in-itaa","status":"publish","type":"page","link":"https:\/\/internetaddictsanonymous.org\/it\/a-guide-to-outreach-calls-in-itaa\/","title":{"rendered":"Effettuare chiamate di sensibilizzazione"},"content":{"rendered":"<h3 class=\"wp-block-heading\">Cos&#039;\u00e8 una chiamata di sensibilizzazione?<\/h3>\n\n\n\n<p>Le chiamate di sensibilizzazione sono solo un modo per entrare in contatto con altri membri ITAA uno a uno. Sono ci\u00f2 che ne fai. Le chiamate di sensibilizzazione sono un ottimo modo per ampliare la tua rete all&#039;interno dell&#039;ITAA, imparare dagli altri membri, condividere la tua esperienza, rimanere in contatto con il programma, ricevere\/fornire supporto nei momenti difficili e ricordare che non sei solo.<\/p>\n\n\n\n<p>Le persone possono richiedere un contatto con noi per diversi motivi. Ecco alcuni di questi:<\/p>\n\n\n\n<ul class=\"wp-block-list\">\n<li>Si trovano in un momento difficile o addirittura sull&#039;orlo di una ricaduta e cercano una connessione invece di agire<\/li>\n\n\n\n<li>Stanno cercando una prospettiva esterna o un consiglio su una situazione che hanno incontrato o su un passaggio specifico su cui stanno lavorando<\/li>\n\n\n\n<li>Stanno \u201cchiudendo\u201d un\u2019attivit\u00e0 esprimendo ad alta voce un\u2019intenzione a un altro membro (\u201cFar\u00f2 ricerche su XY per 20 minuti e poi chiuder\u00f2 il mio portatile\u201d) e possibilmente proseguendo in seguito<\/li>\n\n\n\n<li>In quel momento non \u00e8 successo nulla, ma svolgono l\u2019attivit\u00e0 di sensibilizzazione pi\u00f9 come un \u201ccompito regolare\u201d che li mantiene connessi al programma: molte persone trovano utile impegnarsi a effettuare una (o pi\u00f9) chiamate di sensibilizzazione ogni giorno, indipendentemente dalle circostanze.<\/li>\n<\/ul>\n\n\n\n<p>Spesso, quando le persone sono alle prime armi con le chiamate di sensibilizzazione, temono di &quot;essere un peso&quot;: non c&#039;\u00e8 motivo di preoccuparsi. Quando chiedi di essere contattato, puoi stare certo che l&#039;altra persona trarr\u00e0 beneficio dalla chiamata tanto quanto te (se non di pi\u00f9). Non puoi mai sapere cosa sta attraversando in questo momento e come ricevere una chiamata di sensibilizzazione potrebbe aiutarla. Fare e ricevere chiamate di sensibilizzazione rafforza entrambe le parti.<\/p>\n\n\n\n<h3 class=\"wp-block-heading\">Etichetta per le chiamate di sensibilizzazione<\/h3>\n\n\n\n<p>Le chiamate di sensibilizzazione possono essere organizzate in un&#039;ampia variet\u00e0 di formati: non esiste un modo giusto o sbagliato per svolgerle. Basta chiedere ci\u00f2 di cui si ha bisogno in quel momento.&nbsp;<\/p>\n\n\n\n<p>Alcuni formati comuni di chiamate di sensibilizzazione sono:<\/p>\n\n\n\n<ul class=\"wp-block-list\">\n<li><strong>3\/3<\/strong> (o 4\/4, ecc.): entrambe le parti parlano per 3 (4\u2026) minuti ciascuna, una dopo l&#039;altra, come se si stesse parlando durante una riunione. A volte le persone impostano esplicitamente un timer e danno un preavviso di circa 1 minuto.&nbsp;<\/li>\n\n\n\n<li><strong>3\/3 con feedback<\/strong>: entrambe le parti parlano per 3 minuti ciascuna, ma \u00e8 consentito il &quot;crosstalk&quot; e le azioni sono seguite da un periodo di riflessione\/feedback\/domande&nbsp;<\/li>\n\n\n\n<li><strong>\u201cchiamate \u201daperte\u201d<\/strong>: come in una normale conversazione, parli e vedi dove ti porta!<\/li>\n\n\n\n<li><strong>\u201cchiamata di sensibilizzazione \u201da tema\u201d:<\/strong> una persona potrebbe avere un obiettivo specifico, ad esempio ricevere consigli su un&#039;ammenda che sta pensando di fare, recitare una preghiera condivisa, chiedere consigli su un passaggio specifico, ecc.<\/li>\n<\/ul>\n\n\n\n<p>Nessuno di questi formati \u00e8 migliore o peggiore di altri, sono semplicemente diversi e potresti trovarti a preferirne alcuni rispetto ad altri in diverse situazioni. Nella tua richiesta di contatto, puoi specificare cosa stai cercando: questo contesto aiuta gli altri colleghi a capire, ad esempio, se hanno abbastanza tempo libero in questo momento per rispondere.<\/p>\n\n\n\n<p>Ecco alcune buone regole di galateo da tenere a mente:<\/p>\n\n\n\n<ul class=\"wp-block-list\">\n<li>\u00c8 una buona abitudine chiedere all&#039;altra persona quali sono i limiti di tempo a sua disposizione (5? 15? 45 minuti?) all&#039;inizio di una chiamata di sensibilizzazione, per usare questo per impostare un contesto.<\/li>\n\n\n\n<li>Tieni presente i fusi orari e le preferenze personali. Alcuni membri preferiscono che tu mandi loro un messaggio prima di chiamare, altri preferiscono semplicemente ricevere una chiamata, purch\u00e9 avvenga entro una certa ora della notte. La maggior parte delle persone indica le proprie preferenze e il fuso orario quando fornisce il proprio numero, ma non fa mai male controllare.<\/li>\n\n\n\n<li>Di solito \u00e8 una buona idea chiedere se qualcuno \u00e8 aperto a feedback o consigli prima di darli. Forse la persona voleva solo condividere ed essere ascoltata. &quot;Preferisci che ti ascolti e basta o che ti dia un feedback?&quot; \/ &quot;Sei disponibile a sentire come il tuo contributo mi tocca?&quot; o domande simili possono essere utili. Rispetta la scelta dell&#039;altra persona.<\/li>\n\n\n\n<li>Terminare una chiamata o addirittura interrompere qualcuno perch\u00e9 devi andare non \u00e8 maleducato, purch\u00e9 lo si faccia con gentilezza. \u00c8 un aspetto importante del riconoscere e rispettare i propri limiti e le proprie limitazioni di tempo.&nbsp;<\/li>\n\n\n\n<li>Allo stesso modo, cerca di non prenderla sul personale quando qualcuno non risponde o termina una chiamata prima del previsto. Sta solo cercando di prendersi cura dei propri bisogni: ringrazialo per aver comunicato chiaramente i suoi limiti. Se la prima persona non risponde, prova semplicemente con qualcun altro. Col tempo, gravita attorno alle persone su cui puoi contare.<\/li>\n\n\n\n<li>Se chiedi di essere contattato tramite un canale pubblico come un gruppo WhatsApp, \u00e8 cortese fare un follow-up quando hai trovato qualcuno, in modo che tutti sappiano che sei bravo: un rapido &quot;Ho trovato qualcuno! Grazie!&quot; o qualcosa di simile \u00e8 pi\u00f9 che sufficiente.<\/li>\n\n\n\n<li>Quando rispondi a una richiesta di contatto sul gruppo WhatsApp, pubblica il messaggio che stai rispondendo e poi chiama direttamente la persona che ha richiesto il contatto. Questo evita al richiedente di dover controllare la discussione per le risposte e fa sapere agli altri che la richiesta ha ricevuto risposta.<\/li>\n<\/ul>\n\n\n\n<h3 class=\"wp-block-heading\">Sicurezza nelle chiamate di sensibilizzazione<\/h3>\n\n\n\n<p>La stragrande maggioranza delle chiamate di sensibilizzazione sono esperienze fantastiche, utili e di supporto per entrambe le parti. Tuttavia, c&#039;\u00e8 la possibilit\u00e0 che si verifichi un&#039;interazione negativa. \u00c8 fondamentale che i programmi dei Dodici Passi siano spazi sicuri per tutti. Non dovrebbero essere utilizzati per trovare partner o per usare gli altri per scopi manipolativi o predatori. I commenti di natura esplicita sono inappropriati e il flirt \u00e8 scoraggiato. Se ritieni che qualcuno abbia oltrepassato un limite o infranto uno dei limiti elencati di seguito, chiedi supporto ad altri membri o segnala le tue esperienze ai responsabili del tuo gruppo. Ti preghiamo di proteggere i tuoi bisogni, la tua privacy e la tua sicurezza. Questo include quanto segue:<\/p>\n\n\n\n<ul class=\"wp-block-list\">\n<li>Non sei mai obbligato a rispondere a una chiamata quando non vuoi, nemmeno con i membri che conosci.<\/li>\n\n\n\n<li>Se qualcuno ti chiede una videochiamata e questo ti mette a disagio, non esitare a rifiutare. Sconsigliamo videochiamate indesiderate senza prima aver instaurato un rapporto con la persona. Le videochiamate non sono necessarie per conversazioni di supporto.<\/li>\n\n\n\n<li>Per proteggere la tua privacy sulle app di messaggistica, ti invitiamo a mostrare solo il tuo nome. Su WhatsApp, puoi anche modificare le impostazioni sulla privacy in modo che la tua foto del profilo sia visibile solo ai contatti salvati.<\/li>\n\n\n\n<li>Stabilisci e dichiara educatamente i tuoi limiti. Rispettarli non \u00e8 maleducato, egoista o scortese. Al contrario, prendersi cura dei propri bisogni \u00e8 un aspetto importante per costruire una comunit\u00e0 in cui tutti si sentano al sicuro e benvenuti.<\/li>\n\n\n\n<li>Puoi tranquillamente terminare una chiamata (anche se questo significa interrompere l&#039;altra persona), ogni volta che ne hai bisogno. &quot;Scusa se ti interrompo, ma devo concludere questa conversazione ora&quot; \u00e8 un ottimo modo per farlo. Indicare chiaramente i limiti di tempo all&#039;inizio di una chiamata pu\u00f2 essere utile (ad esempio, un limite di dieci minuti).<\/li>\n\n\n\n<li>Se il contatto con una persona sta influenzando negativamente il tuo recupero, ti invitiamo a comunicare i tuoi limiti. Sei anche libero di rifiutare, ignorare o bloccare le sue chiamate e i suoi messaggi in qualsiasi momento.<\/li>\n\n\n\n<li>Non devi portare il peso di essere il salvatore di qualcuno o un Potere Superiore. Non sei l\u00ec per risolvere i problemi degli altri e non hai alcuna responsabilit\u00e0 per le azioni altrui. Se ti senti incapace di dare spazio a ci\u00f2 che qualcuno sta condividendo, potresti esprimerlo, ad esempio: &quot;Grazie per aver condiviso, ti capisco. Devo farti sapere che sento di essere al massimo delle mie capacit\u00e0 emotive e non mi sento in grado di dare spazio per discutere ulteriormente di questo argomento&quot;.\u201c<\/li>\n\n\n\n<li>Le telefonate di sensibilizzazione non sono un monologo a senso unico o una scusa per abbandonare il partner. Entrambe le parti dovrebbero avere l&#039;opportunit\u00e0 di condividere.<\/li>\n\n\n\n<li>Rispettare la privacy e l&#039;anonimato dell&#039;altra persona crea uno spazio sicuro per la condivisione. \u00c8 opportuno rompere l&#039;anonimato e condividere i propri dati con un altro membro fidato solo quando qualcuno rappresenta un rischio per gli altri.<\/li>\n\n\n\n<li>Non chiedere dettagli identificativi che non sono rilevanti per la chiamata e non fare pressione sugli altri affinch\u00e9 rivelino informazioni su di loro che potrebbero voler mantenere private.<\/li>\n\n\n\n<li>Nei programmi dei Dodici Passi, il &quot;Tredicesimo Passo&quot; consiste nel manipolare un&#039;altra persona in fase di recupero, soprattutto un nuovo arrivato, per indurla a una relazione sessuale o romantica. Questo comportamento \u00e8 inappropriato e vivamente sconsigliato dall&#039;ITAA. Incoraggiamo i nuovi arrivati a evitare di collaborare con sponsor o di instaurare relazioni di sensibilizzazione con membri con cui potremmo sviluppare attrazione sessuale o romantica. Se ritieni di essere destinatario di attenzioni sessuali o romantiche inappropriate o indesiderate, ti preghiamo di parlarne con un membro di cui ti fidi: l&#039;anonimato e la riservatezza non sono un pretesto per comportamenti inappropriati.<\/li>\n<\/ul>\n\n\n\n<p>Per maggiori informazioni su come rispondere a comportamenti inappropriati, puoi fare riferimento al nostro <a href=\"https:\/\/internetaddictsanonymous.org\/it\/sicurezza-in-itaa\/\">guida alla sicurezza in ITAA<\/a>.<\/p>\n\n\n\n<h3 class=\"wp-block-heading\">Riconoscere la cattiva condotta e cosa fare<\/h3>\n\n\n\n<p>I nostri membri hanno il diritto di sentirsi al sicuro durante le riunioni, le attivit\u00e0 di sensibilizzazione e i servizi. L&#039;abuso e lo sfruttamento, in qualsiasi forma, sono <a href=\"https:\/\/internetaddictsanonymous.org\/it\/sicurezza-in-itaa\/\">non tollerato<\/a> presso l&#039;ITAA. Contatta i responsabili del tuo gruppo se riscontri uno dei seguenti sintomi:<\/p>\n\n\n\n<ul class=\"wp-block-list\">\n<li>Promesse di alloggio, sponsorizzazione, denaro, cibo o altre gentilezze in cambio di una relazione romantica o sessuale.&nbsp;<\/li>\n\n\n\n<li>Adulazione imposta o costante, spesso seguita immediatamente da giudizi imposti o opinioni negative.&nbsp;<\/li>\n\n\n\n<li>Invasione dello spazio fisico o personale, soprattutto dopo una richiesta verbale di mantenere lo spazio. Questo pu\u00f2 includere qualcuno che insiste affinch\u00e9 tu mostri virtualmente la tua stanza\/casa.<\/li>\n\n\n\n<li>Commenti o domande di natura sessuale o civettuola rivolti ad altri membri.<\/li>\n\n\n\n<li>Chiedere informazioni personali non rilevanti per la guarigione dalla dipendenza da Internet, come ad esempio dove vive una persona, la sua et\u00e0, la sua professione, ecc., soprattutto prima di instaurare un rapporto con lei.&nbsp;<\/li>\n\n\n\n<li>Discriminazione basata su razza, disabilit\u00e0, religione, etnia, orientamento sessuale, genere, et\u00e0, stato socioeconomico, aspetto, ecc.<\/li>\n\n\n\n<li>Stalking, che comprende attenzioni indesiderate, messaggi ripetuti, chiamate o ricerche di informazioni sull&#039;altra persona online.<\/li>\n\n\n\n<li>Intimidazioni, minacce o bullismo.<\/li>\n\n\n\n<li>Fare pressione sugli altri membri affinch\u00e9 concordino con determinati punti di vista.&nbsp;<\/li>\n\n\n\n<li>Scoppi di rabbia inappropriati.<\/li>\n\n\n\n<li>Abuso fisico, sessuale, verbale o emotivo.<\/li>\n\n\n\n<li>Tredicesimo passo.<\/li>\n<\/ul>\n\n\n\n<p>Anche se non sei il bersaglio di tale comportamento, \u00e8 importante parlare a nome degli altri membri del gruppo. Mantenere una cultura sana all&#039;interno del nostro programma \u00e8 fondamentale per il successo di tutti nella loro sobriet\u00e0. Chiunque assista a un evento del genere pu\u00f2 adottare misure appropriate per fermare tale comportamento. Se ritieni di essere un bersaglio, sii fermo, comunica i tuoi limiti e parla delle tue preoccupazioni con i responsabili del gruppo o con un altro membro di cui ti fidi. Ulteriori informazioni sulla promozione della sicurezza nella nostra comunit\u00e0 sono disponibili nel nostro <a href=\"https:\/\/internetaddictsanonymous.org\/it\/sicurezza-in-itaa\/\">Sicurezza in ITAA<\/a> risorsa.<\/p>\n\n\n\n<h3 class=\"wp-block-heading\">Come faccio a trovare una chiamata di sensibilizzazione?<\/h3>\n\n\n\n<p>Esistono molti modi per organizzare chiamate di sensibilizzazione:<\/p>\n\n\n\n<ul class=\"wp-block-list\">\n<li>Esistono diversi gruppi ITAA su WhatsApp (e Signal e Slack) appositamente creati per chiedere informazioni. Puoi pubblicare l\u00ec la tua richiesta o rispondere alle richieste di contatto di altri.<\/li>\n\n\n\n<li>A volte i membri condividono i loro numeri di telefono alla fine delle riunioni. Annotateli (e date il vostro, se vi sentite a vostro agio) e contattate i membri interessati.<\/li>\n\n\n\n<li>C&#039;\u00e8 un foglio di calcolo con le informazioni dei membri disponibili a rispondere alle chiamate. Puoi consultare quell&#039;elenco e contattare le persone da l\u00ec.<\/li>\n\n\n\n<li>Puoi provare a organizzare chiamate di sensibilizzazione regolari con membri specifici. Magari chiama la stessa persona lo stesso giorno alla stessa ora ogni settimana. Oppure organizza una chiamata giornaliera con il tuo sponsor.<\/li>\n<\/ul>\n\n\n\n<p>Le telefonate di supporto possono essere un aspetto fondamentale del percorso di recupero. Ancora una volta, non esiste un modo &quot;giusto o sbagliato&quot; per effettuare una telefonata di supporto. Basta farne un paio e capire come procedere nel tempo.&nbsp;<\/p>\n\n\n\n<hr class=\"wp-block-separator has-alpha-channel-opacity\"\/>\n\n\n\n<p><em>Questa pagina \u00e8 stata scritta dal Comitato per i Contenuti Web dell&#039;ITAA. Se desiderate condividere il vostro feedback o contribuire ai nostri sforzi, saremo lieti di ricevere il vostro feedback o di invitarvi a partecipare a uno dei nostri incontri. Maggiori dettagli sono disponibili sul sito&nbsp;<a href=\"https:\/\/internetaddictsanonymous.org\/it\/posizioni-di-servizio-aperte\/\">Comitati di servizio<\/a>&nbsp;pagina.<\/em><\/p>\n<!-- PMB print buttons is only displayed on a single post\/page URLs-->","protected":false},"excerpt":{"rendered":"<p>Cos&#039;\u00e8 una chiamata di sensibilizzazione? Le chiamate di sensibilizzazione sono solo un modo per entrare in contatto con altri membri ITAA uno a uno. Sono ci\u00f2 che ne fai. Le chiamate di sensibilizzazione sono un ottimo modo per ampliare la tua rete all&#039;interno dell&#039;ITAA, imparare dagli altri membri, condividere la tua esperienza, rimanere in contatto con il programma, ricevere\/fornire supporto in momenti difficili... <a href=\"https:\/\/internetaddictsanonymous.org\/it\/a-guide-to-outreach-calls-in-itaa\/\" class=\"more-link\">Continua a leggere <span class=\"screen-reader-text\">Effettuare chiamate di sensibilizzazione<\/span><\/a><\/p>","protected":false},"author":35194237,"featured_media":0,"parent":0,"menu_order":0,"comment_status":"closed","ping_status":"closed","template":"full-width-page.php","meta":{"inline_featured_image":false,"_lmt_disableupdate":"no","_lmt_disable":"","jetpack_post_was_ever_published":false,"footnotes":""},"tags":[],"class_list":["post-12843","page","type-page","status-publish","hentry"],"yoast_head":"<!-- This site is optimized with the Yoast SEO plugin v27.3 - https:\/\/yoast.com\/product\/yoast-seo-wordpress\/ -->\n<title>Making Outreach Calls &#8211; Internet and Technology Addicts Anonymous<\/title>\n<meta name=\"robots\" content=\"index, follow, max-snippet:-1, max-image-preview:large, max-video-preview:-1\" \/>\n<link rel=\"canonical\" href=\"https:\/\/internetaddictsanonymous.org\/it\/una-guida-alle-chiamate-di-sensibilizzazione-in-itaa\/\" \/>\n<meta property=\"og:locale\" content=\"it_IT\" \/>\n<meta property=\"og:type\" content=\"article\" \/>\n<meta property=\"og:title\" content=\"Making Outreach Calls &#8211; Internet and Technology Addicts Anonymous\" \/>\n<meta property=\"og:description\" content=\"What is an outreach call? Outreach calls are just a way to connect with other ITAA members one on one. They are what you make of them. Outreach calls are a great way to grow your network within ITAA, learn from other members, share your experience, stay connected to the program, receive\/provide support in tough &hellip; Continue reading Making Outreach Calls\" \/>\n<meta property=\"og:url\" content=\"https:\/\/internetaddictsanonymous.org\/it\/una-guida-alle-chiamate-di-sensibilizzazione-in-itaa\/\" \/>\n<meta property=\"og:site_name\" content=\"Internet and Technology Addicts Anonymous\" \/>\n<meta property=\"article:modified_time\" content=\"2026-01-18T20:20:20+00:00\" \/>\n<meta name=\"twitter:card\" content=\"summary_large_image\" \/>\n<meta name=\"twitter:label1\" content=\"Tempo di lettura stimato\" \/>\n\t<meta name=\"twitter:data1\" content=\"9 minuti\" \/>\n<script type=\"application\/ld+json\" class=\"yoast-schema-graph\">{\"@context\":\"https:\\\/\\\/schema.org\",\"@graph\":[{\"@type\":\"WebPage\",\"@id\":\"https:\\\/\\\/internetaddictsanonymous.org\\\/a-guide-to-outreach-calls-in-itaa\\\/\",\"url\":\"https:\\\/\\\/internetaddictsanonymous.org\\\/a-guide-to-outreach-calls-in-itaa\\\/\",\"name\":\"Making Outreach Calls &#8211; Internet and Technology Addicts Anonymous\",\"isPartOf\":{\"@id\":\"https:\\\/\\\/internetaddictsanonymous.org\\\/#website\"},\"datePublished\":\"2021-04-18T11:14:38+00:00\",\"dateModified\":\"2026-01-18T20:20:20+00:00\",\"breadcrumb\":{\"@id\":\"https:\\\/\\\/internetaddictsanonymous.org\\\/a-guide-to-outreach-calls-in-itaa\\\/#breadcrumb\"},\"inLanguage\":\"it-IT\",\"potentialAction\":[{\"@type\":\"ReadAction\",\"target\":[\"https:\\\/\\\/internetaddictsanonymous.org\\\/a-guide-to-outreach-calls-in-itaa\\\/\"]}]},{\"@type\":\"BreadcrumbList\",\"@id\":\"https:\\\/\\\/internetaddictsanonymous.org\\\/a-guide-to-outreach-calls-in-itaa\\\/#breadcrumb\",\"itemListElement\":[{\"@type\":\"ListItem\",\"position\":1,\"name\":\"Home\",\"item\":\"https:\\\/\\\/internetaddictsanonymous.org\\\/\"},{\"@type\":\"ListItem\",\"position\":2,\"name\":\"Making Outreach Calls\"}]},{\"@type\":\"WebSite\",\"@id\":\"https:\\\/\\\/internetaddictsanonymous.org\\\/#website\",\"url\":\"https:\\\/\\\/internetaddictsanonymous.org\\\/\",\"name\":\"Internet and Technology Addicts Anonymous\",\"description\":\"Worldwide 12-step Fellowship for Internet and Technology Addiction\",\"publisher\":{\"@id\":\"https:\\\/\\\/internetaddictsanonymous.org\\\/#organization\"},\"potentialAction\":[{\"@type\":\"SearchAction\",\"target\":{\"@type\":\"EntryPoint\",\"urlTemplate\":\"https:\\\/\\\/internetaddictsanonymous.org\\\/?s={search_term_string}\"},\"query-input\":{\"@type\":\"PropertyValueSpecification\",\"valueRequired\":true,\"valueName\":\"search_term_string\"}}],\"inLanguage\":\"it-IT\"},{\"@type\":\"Organization\",\"@id\":\"https:\\\/\\\/internetaddictsanonymous.org\\\/#organization\",\"name\":\"Internet and Technology Addicts Anonymous\",\"url\":\"https:\\\/\\\/internetaddictsanonymous.org\\\/\",\"logo\":{\"@type\":\"ImageObject\",\"inLanguage\":\"it-IT\",\"@id\":\"https:\\\/\\\/internetaddictsanonymous.org\\\/#\\\/schema\\\/logo\\\/image\\\/\",\"url\":\"https:\\\/\\\/internetaddictsanonymous.org\\\/wp-content\\\/uploads\\\/2023\\\/01\\\/cropped-ITAA-logo-480px.png\",\"contentUrl\":\"https:\\\/\\\/internetaddictsanonymous.org\\\/wp-content\\\/uploads\\\/2023\\\/01\\\/cropped-ITAA-logo-480px.png\",\"width\":480,\"height\":480,\"caption\":\"Internet and Technology Addicts Anonymous\"},\"image\":{\"@id\":\"https:\\\/\\\/internetaddictsanonymous.org\\\/#\\\/schema\\\/logo\\\/image\\\/\"}}]}<\/script>\n<!-- \/ Yoast SEO plugin. -->","yoast_head_json":{"title":"Effettuare chiamate di sensibilizzazione - Dipendenti da Internet e tecnologia Anonimi","robots":{"index":"index","follow":"follow","max-snippet":"max-snippet:-1","max-image-preview":"max-image-preview:large","max-video-preview":"max-video-preview:-1"},"canonical":"https:\/\/internetaddictsanonymous.org\/it\/una-guida-alle-chiamate-di-sensibilizzazione-in-itaa\/","og_locale":"it_IT","og_type":"article","og_title":"Making Outreach Calls &#8211; Internet and Technology Addicts Anonymous","og_description":"What is an outreach call? Outreach calls are just a way to connect with other ITAA members one on one. They are what you make of them. Outreach calls are a great way to grow your network within ITAA, learn from other members, share your experience, stay connected to the program, receive\/provide support in tough &hellip; Continue reading Making Outreach Calls","og_url":"https:\/\/internetaddictsanonymous.org\/it\/una-guida-alle-chiamate-di-sensibilizzazione-in-itaa\/","og_site_name":"Internet and Technology Addicts Anonymous","article_modified_time":"2026-01-18T20:20:20+00:00","twitter_card":"summary_large_image","twitter_misc":{"Tempo di lettura stimato":"9 minuti"},"schema":{"@context":"https:\/\/schema.org","@graph":[{"@type":"WebPage","@id":"https:\/\/internetaddictsanonymous.org\/a-guide-to-outreach-calls-in-itaa\/","url":"https:\/\/internetaddictsanonymous.org\/a-guide-to-outreach-calls-in-itaa\/","name":"Effettuare chiamate di sensibilizzazione - Dipendenti da Internet e tecnologia Anonimi","isPartOf":{"@id":"https:\/\/internetaddictsanonymous.org\/#website"},"datePublished":"2021-04-18T11:14:38+00:00","dateModified":"2026-01-18T20:20:20+00:00","breadcrumb":{"@id":"https:\/\/internetaddictsanonymous.org\/a-guide-to-outreach-calls-in-itaa\/#breadcrumb"},"inLanguage":"it-IT","potentialAction":[{"@type":"ReadAction","target":["https:\/\/internetaddictsanonymous.org\/a-guide-to-outreach-calls-in-itaa\/"]}]},{"@type":"BreadcrumbList","@id":"https:\/\/internetaddictsanonymous.org\/a-guide-to-outreach-calls-in-itaa\/#breadcrumb","itemListElement":[{"@type":"ListItem","position":1,"name":"Home","item":"https:\/\/internetaddictsanonymous.org\/"},{"@type":"ListItem","position":2,"name":"Making Outreach Calls"}]},{"@type":"WebSite","@id":"https:\/\/internetaddictsanonymous.org\/#website","url":"https:\/\/internetaddictsanonymous.org\/","name":"Dipendenti da Internet e Tecnologia Anonimi","description":"Associazione mondiale in 12 fasi per la dipendenza da Internet e dalla tecnologia","publisher":{"@id":"https:\/\/internetaddictsanonymous.org\/#organization"},"potentialAction":[{"@type":"SearchAction","target":{"@type":"EntryPoint","urlTemplate":"https:\/\/internetaddictsanonymous.org\/?s={search_term_string}"},"query-input":{"@type":"PropertyValueSpecification","valueRequired":true,"valueName":"search_term_string"}}],"inLanguage":"it-IT"},{"@type":"Organization","@id":"https:\/\/internetaddictsanonymous.org\/#organization","name":"Dipendenti da Internet e Tecnologia Anonimi","url":"https:\/\/internetaddictsanonymous.org\/","logo":{"@type":"ImageObject","inLanguage":"it-IT","@id":"https:\/\/internetaddictsanonymous.org\/#\/schema\/logo\/image\/","url":"https:\/\/internetaddictsanonymous.org\/wp-content\/uploads\/2023\/01\/cropped-ITAA-logo-480px.png","contentUrl":"https:\/\/internetaddictsanonymous.org\/wp-content\/uploads\/2023\/01\/cropped-ITAA-logo-480px.png","width":480,"height":480,"caption":"Internet and Technology Addicts Anonymous"},"image":{"@id":"https:\/\/internetaddictsanonymous.org\/#\/schema\/logo\/image\/"}}]}},"jetpack_sharing_enabled":true,"jetpack_shortlink":"https:\/\/wp.me\/P9Fwob-3l9","_links":{"self":[{"href":"https:\/\/internetaddictsanonymous.org\/it\/wp-json\/wp\/v2\/pages\/12843","targetHints":{"allow":["GET"]}}],"collection":[{"href":"https:\/\/internetaddictsanonymous.org\/it\/wp-json\/wp\/v2\/pages"}],"about":[{"href":"https:\/\/internetaddictsanonymous.org\/it\/wp-json\/wp\/v2\/types\/page"}],"author":[{"embeddable":true,"href":"https:\/\/internetaddictsanonymous.org\/it\/wp-json\/wp\/v2\/users\/35194237"}],"replies":[{"embeddable":true,"href":"https:\/\/internetaddictsanonymous.org\/it\/wp-json\/wp\/v2\/comments?post=12843"}],"version-history":[{"count":14,"href":"https:\/\/internetaddictsanonymous.org\/it\/wp-json\/wp\/v2\/pages\/12843\/revisions"}],"predecessor-version":[{"id":20914,"href":"https:\/\/internetaddictsanonymous.org\/it\/wp-json\/wp\/v2\/pages\/12843\/revisions\/20914"}],"wp:attachment":[{"href":"https:\/\/internetaddictsanonymous.org\/it\/wp-json\/wp\/v2\/media?parent=12843"}],"wp:term":[{"taxonomy":"post_tag","embeddable":true,"href":"https:\/\/internetaddictsanonymous.org\/it\/wp-json\/wp\/v2\/tags?post=12843"}],"curies":[{"name":"parola chiave","href":"https:\/\/api.w.org\/{rel}","templated":true}]}}