{"id":14520,"date":"2022-11-07T16:51:18","date_gmt":"2022-11-07T21:51:18","guid":{"rendered":"https:\/\/internetaddictsanonymous.org\/?page_id=14520"},"modified":"2023-01-08T17:22:07","modified_gmt":"2023-01-08T22:22:07","slug":"i-dodici-concetti","status":"publish","type":"page","link":"https:\/\/internetaddictsanonymous.org\/it\/the-twelve-concepts\/","title":{"rendered":"I dodici concetti"},"content":{"rendered":"<p>Questa pagina contiene i Dodici Concetti degli Alcolisti Anonimi, che descrivono i principi operativi guida e le strutture di servizio degli Alcolisti Anonimi. In futuro, ITAA spera di modificare i Dodici Concetti per riflettere i nostri principi operativi guida e le nostre strutture di servizio, in attesa dell&#039;approvazione della Fellowship. Nel frattempo, i Dodici Concetti degli Alcolisti Anonimi possono fungere da utile punto di riferimento.<\/p>\n\n\n\n<ol class=\"wp-block-list\">\n<li>La responsabilit\u00e0 finale e l&#039;autorit\u00e0 suprema per i servizi mondiali degli Alcolisti Anonimi dovrebbero sempre risiedere nella coscienza collettiva dell&#039;intera nostra Confraternita.<\/li>\n\n\n\n<li>La Conferenza dei Servizi Generali degli AA \u00e8 diventata, per quasi ogni scopo pratico, la voce attiva e la coscienza effettiva dell&#039;intera societ\u00e0 nei suoi affari mondiali.<\/li>\n\n\n\n<li>Per garantire una leadership efficace, dovremmo dotare ogni elemento degli AA (la Conferenza, il Consiglio dei Servizi Generali e le sue societ\u00e0 di servizi, il personale, i comitati e i dirigenti) di un tradizionale &quot;diritto di decisione&quot;.\u201c&nbsp;<\/li>\n\n\n\n<li>A tutti i livelli di responsabilit\u00e0, dovremmo mantenere un tradizionale \u201cdiritto di partecipazione\u201d, che consenta una rappresentanza di voto in proporzione ragionevole alla responsabilit\u00e0 che ciascuno deve assolvere.&nbsp;<\/li>\n\n\n\n<li>In tutta la nostra struttura dovrebbe prevalere il tradizionale \u201cdiritto di appello\u201d, in modo che le opinioni delle minoranze vengano ascoltate e le lamentele personali ricevano un\u2019attenta considerazione.&nbsp;<\/li>\n\n\n\n<li>La Conferenza riconosce che l&#039;iniziativa principale e la responsabilit\u00e0 attiva nella maggior parte delle questioni relative ai servizi mondiali dovrebbero essere esercitate dai membri fiduciari della Conferenza che agiscono in qualit\u00e0 di Consiglio dei servizi generali.&nbsp;<\/li>\n\n\n\n<li>Lo Statuto e il Regolamento del Consiglio dei Servizi Generali sono strumenti giuridici che conferiscono ai fiduciari il potere di gestire e condurre gli affari relativi ai servizi mondiali. Lo Statuto della Conferenza non \u00e8 un documento legale; la sua efficacia finale si basa sulla tradizione e sul patrimonio degli Alcolisti Anonimi.&nbsp;<\/li>\n\n\n\n<li>I fiduciari sono i principali pianificatori e amministratori delle politiche e delle finanze generali. Hanno la supervisione di custodia dei servizi costituiti separatamente e costantemente attivi, esercitandola attraverso la loro capacit\u00e0 di eleggere tutti i direttori di queste entit\u00e0.&nbsp;<\/li>\n\n\n\n<li>Una buona leadership nei servizi a tutti i livelli \u00e8 indispensabile per il nostro futuro funzionamento e la nostra sicurezza. La leadership primaria nei servizi mondiali, un tempo esercitata dai fondatori, deve necessariamente essere assunta dai fiduciari.&nbsp;<\/li>\n\n\n\n<li>A ogni responsabilit\u00e0 di servizio dovrebbe corrispondere un&#039;autorit\u00e0 di servizio di pari livello, con un ambito di tale autorit\u00e0 ben definito.&nbsp;<\/li>\n\n\n\n<li>I fiduciari dovrebbero sempre disporre dei migliori comitati, direttori dei servizi aziendali, dirigenti, personale e consulenti possibili. Composizione, qualifiche, procedure di inserimento, diritti e doveri saranno sempre questioni di seria importanza.&nbsp;<\/li>\n\n\n\n<li>La Conferenza osserver\u00e0 lo spirito della tradizione degli AA, assicurandosi che non diventi mai sede di ricchezza o potere pericolosi; che fondi operativi e riserve sufficienti siano il suo prudente principio finanziario; che non ponga nessuno dei suoi membri in una posizione di autorit\u00e0 incondizionata sugli altri; che raggiunga tutte le decisioni importanti tramite discussione, voto e, quando possibile, sostanziale unanimit\u00e0; che le sue azioni non siano mai punitive a livello personale n\u00e9 un incitamento alla controversia pubblica; che non compia mai atti di governo; che, come la Societ\u00e0 che serve, rimanga sempre democratica nel pensiero e nell&#039;azione.&nbsp;<\/li>\n<\/ol>\n\n\n\n<p>Copyright \u00a9 1962 Alcoholics Anonymous World Services, Inc. Tutti i diritti riservati<\/p>\n<!-- PMB print buttons is only displayed on a single post\/page URLs-->","protected":false},"excerpt":{"rendered":"<p>This page contains the Twelve Concepts of Alcoholics Anonymous, which describe AA\u2019s guiding operating principles and service structures. In the future, ITAA hopes to modify the Twelve Concepts to reflect our own guiding operating principles and service structures pending Fellowship approval. In the interim, AA\u2019s Twelve Concepts can serve as a useful point of reference. &hellip; <a href=\"https:\/\/internetaddictsanonymous.org\/it\/the-twelve-concepts\/\" class=\"more-link\">Continua a leggere <span class=\"screen-reader-text\">I dodici concetti<\/span><\/a><\/p>","protected":false},"author":35194237,"featured_media":0,"parent":0,"menu_order":0,"comment_status":"closed","ping_status":"closed","template":"full-width-page.php","meta":{"inline_featured_image":false,"_lmt_disableupdate":"","_lmt_disable":"","footnotes":""},"tags":[],"class_list":["post-14520","page","type-page","status-publish","hentry"],"yoast_head":"<!-- This site is optimized with the Yoast SEO plugin v27.4 - https:\/\/yoast.com\/product\/yoast-seo-wordpress\/ -->\n<title>The Twelve Concepts &#8211; Internet and Technology Addicts Anonymous<\/title>\n<meta name=\"robots\" content=\"index, follow, max-snippet:-1, max-image-preview:large, max-video-preview:-1\" \/>\n<link rel=\"canonical\" href=\"https:\/\/internetaddictsanonymous.org\/it\/i-dodici-concetti\/\" \/>\n<meta property=\"og:locale\" content=\"it_IT\" \/>\n<meta property=\"og:type\" content=\"article\" \/>\n<meta property=\"og:title\" content=\"The Twelve Concepts &#8211; Internet and Technology Addicts Anonymous\" \/>\n<meta property=\"og:description\" content=\"This page contains the Twelve Concepts of Alcoholics Anonymous, which describe AA\u2019s guiding operating principles and service structures. In the future, ITAA hopes to modify the Twelve Concepts to reflect our own guiding operating principles and service structures pending Fellowship approval. In the interim, AA\u2019s Twelve Concepts can serve as a useful point of reference. &hellip; Continue reading The Twelve Concepts\" \/>\n<meta property=\"og:url\" content=\"https:\/\/internetaddictsanonymous.org\/it\/i-dodici-concetti\/\" \/>\n<meta property=\"og:site_name\" content=\"Internet and Technology Addicts Anonymous\" \/>\n<meta property=\"article:modified_time\" content=\"2023-01-08T22:22:07+00:00\" \/>\n<meta name=\"twitter:card\" content=\"summary_large_image\" \/>\n<meta name=\"twitter:label1\" content=\"Tempo di lettura stimato\" \/>\n\t<meta name=\"twitter:data1\" content=\"3 minuti\" \/>\n<script type=\"application\/ld+json\" class=\"yoast-schema-graph\">{\"@context\":\"https:\\\/\\\/schema.org\",\"@graph\":[{\"@type\":\"WebPage\",\"@id\":\"https:\\\/\\\/internetaddictsanonymous.org\\\/the-twelve-concepts\\\/\",\"url\":\"https:\\\/\\\/internetaddictsanonymous.org\\\/the-twelve-concepts\\\/\",\"name\":\"The Twelve Concepts &#8211; Internet and Technology Addicts Anonymous\",\"isPartOf\":{\"@id\":\"https:\\\/\\\/internetaddictsanonymous.org\\\/#website\"},\"datePublished\":\"2022-11-07T21:51:18+00:00\",\"dateModified\":\"2023-01-08T22:22:07+00:00\",\"breadcrumb\":{\"@id\":\"https:\\\/\\\/internetaddictsanonymous.org\\\/the-twelve-concepts\\\/#breadcrumb\"},\"inLanguage\":\"it-IT\",\"potentialAction\":[{\"@type\":\"ReadAction\",\"target\":[\"https:\\\/\\\/internetaddictsanonymous.org\\\/the-twelve-concepts\\\/\"]}]},{\"@type\":\"BreadcrumbList\",\"@id\":\"https:\\\/\\\/internetaddictsanonymous.org\\\/the-twelve-concepts\\\/#breadcrumb\",\"itemListElement\":[{\"@type\":\"ListItem\",\"position\":1,\"name\":\"Home\",\"item\":\"https:\\\/\\\/internetaddictsanonymous.org\\\/\"},{\"@type\":\"ListItem\",\"position\":2,\"name\":\"The Twelve Concepts\"}]},{\"@type\":\"WebSite\",\"@id\":\"https:\\\/\\\/internetaddictsanonymous.org\\\/#website\",\"url\":\"https:\\\/\\\/internetaddictsanonymous.org\\\/\",\"name\":\"Internet and Technology Addicts Anonymous\",\"description\":\"Worldwide 12-step Fellowship for Internet and Technology Addiction\",\"publisher\":{\"@id\":\"https:\\\/\\\/internetaddictsanonymous.org\\\/#organization\"},\"potentialAction\":[{\"@type\":\"SearchAction\",\"target\":{\"@type\":\"EntryPoint\",\"urlTemplate\":\"https:\\\/\\\/internetaddictsanonymous.org\\\/?s={search_term_string}\"},\"query-input\":{\"@type\":\"PropertyValueSpecification\",\"valueRequired\":true,\"valueName\":\"search_term_string\"}}],\"inLanguage\":\"it-IT\"},{\"@type\":\"Organization\",\"@id\":\"https:\\\/\\\/internetaddictsanonymous.org\\\/#organization\",\"name\":\"Internet and Technology Addicts Anonymous\",\"url\":\"https:\\\/\\\/internetaddictsanonymous.org\\\/\",\"logo\":{\"@type\":\"ImageObject\",\"inLanguage\":\"it-IT\",\"@id\":\"https:\\\/\\\/internetaddictsanonymous.org\\\/#\\\/schema\\\/logo\\\/image\\\/\",\"url\":\"https:\\\/\\\/internetaddictsanonymous.org\\\/wp-content\\\/uploads\\\/2023\\\/01\\\/cropped-ITAA-logo-480px.png\",\"contentUrl\":\"https:\\\/\\\/internetaddictsanonymous.org\\\/wp-content\\\/uploads\\\/2023\\\/01\\\/cropped-ITAA-logo-480px.png\",\"width\":480,\"height\":480,\"caption\":\"Internet and Technology Addicts Anonymous\"},\"image\":{\"@id\":\"https:\\\/\\\/internetaddictsanonymous.org\\\/#\\\/schema\\\/logo\\\/image\\\/\"}}]}<\/script>\n<!-- \/ Yoast SEO plugin. -->","yoast_head_json":{"title":"I dodici concetti \u2013 Dipendenti da Internet e tecnologia Anonimi","robots":{"index":"index","follow":"follow","max-snippet":"max-snippet:-1","max-image-preview":"max-image-preview:large","max-video-preview":"max-video-preview:-1"},"canonical":"https:\/\/internetaddictsanonymous.org\/it\/i-dodici-concetti\/","og_locale":"it_IT","og_type":"article","og_title":"The Twelve Concepts &#8211; Internet and Technology Addicts Anonymous","og_description":"This page contains the Twelve Concepts of Alcoholics Anonymous, which describe AA\u2019s guiding operating principles and service structures. In the future, ITAA hopes to modify the Twelve Concepts to reflect our own guiding operating principles and service structures pending Fellowship approval. In the interim, AA\u2019s Twelve Concepts can serve as a useful point of reference. &hellip; Continue reading The Twelve Concepts","og_url":"https:\/\/internetaddictsanonymous.org\/it\/i-dodici-concetti\/","og_site_name":"Internet and Technology Addicts Anonymous","article_modified_time":"2023-01-08T22:22:07+00:00","twitter_card":"summary_large_image","twitter_misc":{"Tempo di lettura stimato":"3 minuti"},"schema":{"@context":"https:\/\/schema.org","@graph":[{"@type":"WebPage","@id":"https:\/\/internetaddictsanonymous.org\/the-twelve-concepts\/","url":"https:\/\/internetaddictsanonymous.org\/the-twelve-concepts\/","name":"I dodici concetti \u2013 Dipendenti da Internet e tecnologia Anonimi","isPartOf":{"@id":"https:\/\/internetaddictsanonymous.org\/#website"},"datePublished":"2022-11-07T21:51:18+00:00","dateModified":"2023-01-08T22:22:07+00:00","breadcrumb":{"@id":"https:\/\/internetaddictsanonymous.org\/the-twelve-concepts\/#breadcrumb"},"inLanguage":"it-IT","potentialAction":[{"@type":"ReadAction","target":["https:\/\/internetaddictsanonymous.org\/the-twelve-concepts\/"]}]},{"@type":"BreadcrumbList","@id":"https:\/\/internetaddictsanonymous.org\/the-twelve-concepts\/#breadcrumb","itemListElement":[{"@type":"ListItem","position":1,"name":"Home","item":"https:\/\/internetaddictsanonymous.org\/"},{"@type":"ListItem","position":2,"name":"The Twelve Concepts"}]},{"@type":"WebSite","@id":"https:\/\/internetaddictsanonymous.org\/#website","url":"https:\/\/internetaddictsanonymous.org\/","name":"Dipendenti da Internet e Tecnologia Anonimi","description":"Associazione mondiale in 12 fasi per la dipendenza da Internet e dalla tecnologia","publisher":{"@id":"https:\/\/internetaddictsanonymous.org\/#organization"},"potentialAction":[{"@type":"SearchAction","target":{"@type":"EntryPoint","urlTemplate":"https:\/\/internetaddictsanonymous.org\/?s={search_term_string}"},"query-input":{"@type":"PropertyValueSpecification","valueRequired":true,"valueName":"search_term_string"}}],"inLanguage":"it-IT"},{"@type":"Organization","@id":"https:\/\/internetaddictsanonymous.org\/#organization","name":"Dipendenti da Internet e Tecnologia Anonimi","url":"https:\/\/internetaddictsanonymous.org\/","logo":{"@type":"ImageObject","inLanguage":"it-IT","@id":"https:\/\/internetaddictsanonymous.org\/#\/schema\/logo\/image\/","url":"https:\/\/internetaddictsanonymous.org\/wp-content\/uploads\/2023\/01\/cropped-ITAA-logo-480px.png","contentUrl":"https:\/\/internetaddictsanonymous.org\/wp-content\/uploads\/2023\/01\/cropped-ITAA-logo-480px.png","width":480,"height":480,"caption":"Internet and Technology Addicts Anonymous"},"image":{"@id":"https:\/\/internetaddictsanonymous.org\/#\/schema\/logo\/image\/"}}]}},"jetpack_sharing_enabled":true,"jetpack_shortlink":"https:\/\/wp.me\/P9Fwob-3Mc","_links":{"self":[{"href":"https:\/\/internetaddictsanonymous.org\/it\/wp-json\/wp\/v2\/pages\/14520","targetHints":{"allow":["GET"]}}],"collection":[{"href":"https:\/\/internetaddictsanonymous.org\/it\/wp-json\/wp\/v2\/pages"}],"about":[{"href":"https:\/\/internetaddictsanonymous.org\/it\/wp-json\/wp\/v2\/types\/page"}],"author":[{"embeddable":true,"href":"https:\/\/internetaddictsanonymous.org\/it\/wp-json\/wp\/v2\/users\/35194237"}],"replies":[{"embeddable":true,"href":"https:\/\/internetaddictsanonymous.org\/it\/wp-json\/wp\/v2\/comments?post=14520"}],"version-history":[{"count":1,"href":"https:\/\/internetaddictsanonymous.org\/it\/wp-json\/wp\/v2\/pages\/14520\/revisions"}],"predecessor-version":[{"id":14521,"href":"https:\/\/internetaddictsanonymous.org\/it\/wp-json\/wp\/v2\/pages\/14520\/revisions\/14521"}],"wp:attachment":[{"href":"https:\/\/internetaddictsanonymous.org\/it\/wp-json\/wp\/v2\/media?parent=14520"}],"wp:term":[{"taxonomy":"post_tag","embeddable":true,"href":"https:\/\/internetaddictsanonymous.org\/it\/wp-json\/wp\/v2\/tags?post=14520"}],"curies":[{"name":"parola chiave","href":"https:\/\/api.w.org\/{rel}","templated":true}]}}