{"id":148,"date":"2018-12-31T19:54:10","date_gmt":"2018-12-31T19:54:10","guid":{"rendered":"https:\/\/internetaddictsanonymous.org\/?page_id=148"},"modified":"2026-04-27T05:57:13","modified_gmt":"2026-04-27T12:57:13","slug":"incontri-di-persona","status":"publish","type":"page","link":"https:\/\/internetaddictsanonymous.org\/it\/in-person-meetings\/","title":{"rendered":"Riunioni di persona"},"content":{"rendered":"<p>Benvenuto! <strong>Di seguito \u00e8 riportato un elenco di quelli attuali e <span style=\"color: orange;\">potenziale<\/span> riunioni ITAA di persona.<\/strong> Se sei nuovo, ti invitiamo a provare a partecipare a sei incontri in un breve lasso di tempo per vedere se il nostro programma pu\u00f2 esserti utile.<\/p>\n\n\n<iframe src=\"https:\/\/www.google.com\/maps\/d\/u\/2\/embed?mid=1jNKsT5CquIfOcUgBv1OV0Suuf7qPFzMN\" width=\"880\" height=\"500\"><\/iframe>\n\n\n\n<p><em>Per visualizzare questa mappa a schermo intero, puoi cliccare <a href=\"https:\/\/www.google.com\/maps\/d\/u\/3\/edit?mid=1jNKsT5CquIfOcUgBv1OV0Suuf7qPFzMN&amp;usp=sharing\" target=\"_blank\" rel=\"noreferrer noopener\">Qui<\/a>.<\/em><\/p>\n\n\n\n<p>Ogni sede in cui non \u00e8 attualmente presente un incontro attivo di persona ma in cui uno o pi\u00f9 membri hanno espresso interesse ad avviarne uno \u00e8 indicata da <span style=\"color:orange;\">questo colore arancione<\/span>. Se desideri un incontro in una di queste aree, contatta il contatto indicato in quella pagina.<\/p>\n\n\n\n<p><em>Se non vedi una riunione nella tua citt\u00e0, clicca <a href=\"#no-meetings\">Qui<\/a>.<\/em><\/p>\n\n\n\n<p class=\"has-text-align-center\">-~-<\/p>\n\n\n\n<h3 class=\"wp-block-heading\" id=\"united-states\">Stati Uniti (USA)<\/h3>\n\n\n\n<div class=\"wp-block-group is-layout-grid wp-container-core-group-is-layout-6be84c55 wp-block-group-is-layout-grid\">\n<p><strong><a href=\"https:\/\/internetaddictsanonymous.org\/it\/incontri-di-persona\/usa-ca\/\">California (CA)<\/a><\/strong><\/p>\n\n\n\n<p><strong><a href=\"https:\/\/internetaddictsanonymous.org\/it\/incontri-di-persona\/usa-co\/\">Colorado (CO)<\/a><\/strong><\/p>\n\n\n\n<p><strong style=\"font-weight: bold;\"><a style=\"font-weight: bold;\" href=\"https:\/\/internetaddictsanonymous.org\/it\/incontri-di-persona\/us-dc-washington\/\">Washington (DC<\/a>)<\/strong><\/p>\n\n\n\n<p><a href=\"https:\/\/internetaddictsanonymous.org\/it\/incontri-di-persona\/stati-uniti-ga\/\"><strong>Georgia (GA)<\/strong><\/a><\/p>\n\n\n\n<p class=\"wp-container-content-2155ee95\"><a href=\"https:\/\/internetaddictsanonymous.org\/it\/incontri-di-persona\/usa-il\/\"><strong>Illinois (IL)<\/strong><\/a><\/p>\n\n\n\n<p><strong><a href=\"https:\/\/internetaddictsanonymous.org\/it\/incontri-di-persona\/stati-uniti-damerica-kentucky\/\">Kentucky (KY)<\/a><\/strong><\/p>\n\n\n\n<p><a href=\"https:\/\/internetaddictsanonymous.org\/it\/incontri-di-persona\/stati-uniti-damerica-maryland\/\"><strong>Maryland (MD)<\/strong><\/a><\/p>\n\n\n\n<p><strong><a href=\"https:\/\/internetaddictsanonymous.org\/it\/incontri-di-persona\/usa-ma\/\">Massachusetts (MA)<\/a><\/strong><\/p>\n\n\n\n<p class=\"wp-container-content-2155ee95\"><strong><a href=\"https:\/\/internetaddictsanonymous.org\/it\/incontri-di-persona\/usa-mi\/\">Michigan (MI)<\/a><\/strong><\/p>\n\n\n\n<p><strong><a href=\"https:\/\/internetaddictsanonymous.org\/it\/incontri-di-persona\/stati-uniti-mn\/\">Minnesota (MN)<\/a><\/strong><\/p>\n\n\n\n<p><strong><a href=\"https:\/\/internetaddictsanonymous.org\/it\/incontri-di-persona\/stati-uniti-nj\/\">Nuovo Jersey (NJ)<\/a><\/strong><\/p>\n\n\n\n<p><span><a style=\"font-weight: bold;\" href=\"https:\/\/internetaddictsanonymous.org\/it\/incontri-di-persona\/stati-uniti-damerica\/\"><strong>New York (NY)<\/strong><\/a><\/span><\/p>\n\n\n\n<p><strong><a href=\"https:\/\/internetaddictsanonymous.org\/it\/incontri-di-persona\/usa-nc-cary\/\">Carolina del Nord (NC)<\/a><\/strong><\/p>\n\n\n\n<p><strong><a href=\"https:\/\/internetaddictsanonymous.org\/it\/incontri-di-persona\/usa-o\/\">Oregon (OR)<\/a><\/strong><\/p>\n\n\n\n<p><a href=\"https:\/\/internetaddictsanonymous.org\/it\/incontri-di-persona\/noi-pa\/\"><strong>Pennsylvania (PA)<\/strong><\/a><\/p>\n\n\n\n<p><a href=\"https:\/\/internetaddictsanonymous.org\/it\/incontri-di-persona\/noi-tx\/\"><strong>Texas (Texas)<\/strong><\/a><\/p>\n\n\n\n<p><a href=\"https:\/\/internetaddictsanonymous.org\/it\/incontri-di-persona\/us-va\/\"><strong>Virginia (VA)<\/strong><\/a><\/p>\n\n\n\n<p class=\"wp-container-content-2155ee95\"><a href=\"https:\/\/internetaddictsanonymous.org\/it\/itaa-nel-nuovo-messico\/\"><strong>Nuovo Messico<\/strong> <strong>(NM)<\/strong><\/a><\/p>\n\n\n\n<p class=\"wp-container-content-2155ee95\"><a href=\"https:\/\/internetaddictsanonymous.org\/it\/incontri-di-persona\/noi-wa\/\" type=\"link\" id=\"https:\/\/internetaddictsanonymous.org\/in-person-meetings\/us-wa\/\"><strong>Washington, (WA)<\/strong><\/a><\/p>\n\n\n\n<p class=\"has-text-color has-link-color wp-elements-1dff8357ef80e4759c8e5087f05737ec wp-container-content-2155ee95\" style=\"color:#ed960c\"><a href=\"https:\/\/internetaddictsanonymous.org\/it\/itaa-in-ohio-us\/\" type=\"link\" id=\"https:\/\/internetaddictsanonymous.org\/in-person-meetings\/us-wa\/\"><strong>Ohio, (OH), (Potenziale)<\/strong><\/a><\/p>\n\n\n\n<p class=\"has-text-color has-link-color wp-elements-d72c7d9f12d12fdc7de15f994725d9af wp-container-content-2155ee95\" style=\"color:#ed960c\"><strong><a href=\"https:\/\/internetaddictsanonymous.org\/it\/itaa-in-tennessee-us\/\" type=\"link\" id=\"https:\/\/internetaddictsanonymous.org\/itaa-in-tennessee-us\/\">Tennessee (TN), (Potenziale)<\/a><\/strong><\/p>\n<\/div>\n\n\n\n<p><\/p>\n\n\n\n<h3 class=\"wp-block-heading\" id=\"united-states\">Canada<\/h3>\n\n\n\n<div class=\"wp-block-group is-layout-grid wp-container-core-group-is-layout-6be84c55 wp-block-group-is-layout-grid\">\n<p><strong><a href=\"https:\/\/internetaddictsanonymous.org\/it\/incontri-di-persona\/canada-montreal\/\"><span style=\"color:orange;\">Montreal (potenziale)<\/span><\/a><\/strong><\/p>\n\n\n\n<p><strong><a href=\"https:\/\/internetaddictsanonymous.org\/it\/incontri-di-persona\/canada-toronto\/\">Toronto<\/a><\/strong><\/p>\n\n\n\n<p><strong><a href=\"https:\/\/internetaddictsanonymous.org\/it\/incontri-di-persona\/canada-vancouver\/\">Vancouver<\/a><\/strong><\/p>\n<\/div>\n\n\n\n<p><\/p>\n\n\n\n<h3 class=\"wp-block-heading\" id=\"europe\">Europa<\/h3>\n\n\n\n<div class=\"wp-block-group is-layout-grid wp-container-core-group-is-layout-6be84c55 wp-block-group-is-layout-grid\">\n<p class=\"wp-container-content-2155ee95\"><strong><a href=\"https:\/\/internetaddictsanonymous.org\/it\/incontri-di-persona\/belgio\/\">Belgio<\/a><\/strong><\/p>\n\n\n\n<p><strong><a href=\"https:\/\/internetaddictsanonymous.org\/it\/incontri-di-persona\/danimarca\/\">Danimarca<\/a><\/strong><\/p>\n\n\n\n<p><a href=\"https:\/\/internetaddictsanonymous.org\/it\/incontri-di-persona\/francia\/\"><strong>Francia<\/strong><\/a><\/p>\n\n\n\n<p><a href=\"https:\/\/internetaddictsanonymous.org\/it\/germania\/\"><strong>Germania<\/strong><\/a><\/p>\n\n\n\n<p><strong><a href=\"https:\/\/internetaddictsanonymous.org\/it\/incontri-di-persona\/hungary-budapest\/\">Ungheria<\/a><\/strong><\/p>\n\n\n\n<p class=\"wp-container-content-2155ee95\"><strong><a href=\"https:\/\/internetaddictsanonymous.org\/it\/incontri-di-persona\/polonia-bialystok\/\">Polonia<\/a><\/strong><\/p>\n\n\n\n<p><strong><a href=\"https:\/\/internetaddictsanonymous.org\/it\/incontri-di-persona\/portogallo-lisbona\/\"><span style=\"color:orange;\">Portogallo (potenziale)<\/span><\/a><\/strong><\/p>\n\n\n\n<p class=\"wp-container-content-2155ee95\"><strong><a href=\"https:\/\/internetaddictsanonymous.org\/it\/incontri-di-persona\/russia-mosca\/\">Russia<\/a><\/strong><\/p>\n\n\n\n<p class=\"wp-container-content-2155ee95\"><strong><a href=\"https:\/\/internetaddictsanonymous.org\/it\/incontri-di-persona\/regno-unito-londra\/\">Regno Unito<\/a><\/strong><\/p>\n\n\n\n<p><strong><a href=\"https:\/\/internetaddictsanonymous.org\/it\/incontri-di-persona\/svezia-uppsala\/\"><span style=\"color:orange;\">Svezia (potenziale)<\/span><\/a><\/strong><\/p>\n\n\n\n<p class=\"wp-container-content-2155ee95\"><\/p>\n<\/div>\n\n\n\n<p><\/p>\n\n\n\n<h3 class=\"wp-block-heading\" id=\"united-states\">America Latina<\/h3>\n\n\n\n<div class=\"wp-block-group is-layout-grid wp-container-core-group-is-layout-6be84c55 wp-block-group-is-layout-grid\">\n<p><strong><a href=\"https:\/\/internetaddictsanonymous.org\/it\/incontri-di-persona\/rosario-argentino\/\"><span style=\"color:orange;\">Argentina (potenziale)<\/span><\/a><\/strong><\/p>\n\n\n\n<p><strong><a href=\"https:\/\/internetaddictsanonymous.org\/it\/incontri-di-persona\/brasile-san-paolo\/\"><span style=\"color:orange;\"><mark style=\"background-color:rgba(0, 0, 0, 0)\" class=\"has-inline-color has-dark-gray-color\">Brasile<\/mark><\/span><\/a><\/strong><\/p>\n<\/div>\n\n\n\n<p><\/p>\n\n\n\n<h3 class=\"wp-block-heading\" id=\"united-states\">Asia<\/h3>\n\n\n\n<p><strong><a href=\"https:\/\/internetaddictsanonymous.org\/it\/itaa-in-ubud-bali\/\">Bali<\/a><\/strong><\/p>\n\n\n\n<p><\/p>\n\n\n\n<h3 class=\"wp-block-heading\" id=\"united-states\">Australia<\/h3>\n\n\n\n<div class=\"wp-block-group is-layout-grid wp-container-core-group-is-layout-6be84c55 wp-block-group-is-layout-grid\">\n<p class=\"has-text-color has-link-color wp-elements-29f8c962d87ffcb4961f63f819b398bf\" style=\"color:#eb9c1d\"><span style=\"color:orange;\"><strong><a href=\"https:\/\/internetaddictsanonymous.org\/it\/incontri-di-persona\/australia-bendigo-2\/\">Adelaide (potenziale)<\/a><\/strong><\/span><\/p>\n\n\n\n<p class=\"has-text-color has-link-color wp-elements-6d416b4e04b2cdf1cf78c5b35e40c1f2\" style=\"color:#eb9c1d\"><span style=\"color:orange;\"><strong><a href=\"https:\/\/internetaddictsanonymous.org\/it\/incontri-di-persona\/australia-bendigo\/\">Bendigo (Potenziale)<\/a><\/strong><\/span><\/p>\n\n\n\n<p class=\"has-text-color has-link-color wp-elements-18182c25c220774647773385ea18f3bd\" style=\"color:#eb9c1d\"><span style=\"color:orange;\"><strong><a href=\"https:\/\/internetaddictsanonymous.org\/it\/incontri-di-persona\/baia-di-byron-australia\/\" type=\"link\" id=\"https:\/\/internetaddictsanonymous.org\/in-person-meetings\/australia-byron-bay\/\">Byron Bay (Potenziale)<\/a><\/strong><\/span><\/p>\n\n\n\n<p class=\"wp-container-content-2155ee95\"><a href=\"https:\/\/internetaddictsanonymous.org\/it\/incontri-di-persona\/australia-geelong\/\"><strong>Geelong<\/strong><\/a><\/p>\n\n\n\n<p><strong><a href=\"https:\/\/internetaddictsanonymous.org\/it\/incontri-di-persona\/australia-melbourne\/\">Melbourne<\/a><\/strong><\/p>\n<\/div>\n\n\n\n<p><\/p>\n\n\n\n<h3 class=\"wp-block-heading\" id=\"united-states\">Medio Oriente<\/h3>\n\n\n\n<div class=\"wp-block-group is-layout-grid wp-container-core-group-is-layout-6be84c55 wp-block-group-is-layout-grid\">\n<p><strong><a href=\"https:\/\/internetaddictsanonymous.org\/it\/incontri-di-persona\/israele-gerusalemme\/\">Israele<\/a><\/strong><\/p>\n\n\n\n<p class=\"has-text-color has-link-color wp-elements-b0716335ff076c6b5959a5c5625f6875\" style=\"color:#eb9c1d\"><span style=\"color:orange;\"><strong><a href=\"https:\/\/internetaddictsanonymous.org\/it\/itaa-in-latakia-siria\/\" type=\"link\" id=\"https:\/\/internetaddictsanonymous.org\/itaa-in-latakia-syria\/\">Siria (Potenzialit\u00e0)<\/a><\/strong><\/span><\/p>\n<\/div>\n\n\n\n<p class=\"has-text-align-center\"><br>-~-<br><\/p>\n\n\n\n<h3 class=\"wp-block-heading\"><strong>Come funzionano le riunioni?<\/strong><\/h3>\n\n\n\n<p id=\"no-meetings\">Se partecipi a una riunione per la prima volta, non c&#039;\u00e8 motivo di agitarsi. La maggior parte delle nostre riunioni sono molto semplici; ogni riunione \u00e8 presieduta da un presidente e la maggior parte dura un&#039;ora. Il presidente e altri volontari leggono alcune dichiarazioni introduttive prima di dare inizio alla riunione, consentendo ai membri di condividere. Non \u00e8 obbligatorio condividere, ed \u00e8 sufficiente ascoltare. Puoi condividere come stai, o semplicemente presentarti e spiegare cosa ti ha portato all&#039;ITAA. A meno che non sia richiesto dal membro che condivide, non offriamo suggerimenti o commenti in risposta alle condivisioni altrui; ci limitiamo ad ascoltare senza giudicare. Alla fine dell&#039;ora, la riunione si concluder\u00e0 con alcune dichiarazioni conclusive, dopo le quali i membri di solito si soffermano per parlare in modo informale, porre domande e scambiarsi i recapiti.<\/p>\n\n\n\n<h3 class=\"wp-block-heading\"><strong>Cosa succede se non ci sono riunioni nella mia citt\u00e0?<\/strong><\/h3>\n\n\n\n<ul class=\"wp-block-list\">\n<li>Mentre aspetti un incontro locale, <strong>ti invitiamo a provare a partecipare ad alcuni dei nostri <a href=\"https:\/\/internetaddictsanonymous.org\/it\/riunioni-online\/\">riunioni online<\/a><\/strong>. Sono una risorsa incredibile che alla fine pu\u00f2 aiutarti a spendere <em>meno<\/em> tempo sullo schermo.<\/li>\n\n\n\n<li>Puoi avviare una nuova riunione tu stesso e inviare un <a href=\"https:\/\/internetaddictsanonymous.org\/it\/contatto\/\">messaggio di contatto<\/a> ai webmaster affinch\u00e9 possano pubblicarlo su questa pagina. Per maggiori informazioni, vi invitiamo a leggere il nostro <a href=\"https:\/\/internetaddictsanonymous.org\/it\/leading-and-strengthening-meetings\/\">suggerimenti per iniziare una nuova riunione<\/a>.<\/li>\n\n\n\n<li>Puoi anche <a href=\"https:\/\/internetaddictsanonymous.org\/it\/contatto\/\">contattare i webmaster<\/a> e chiedi loro di indicare la tua citt\u00e0 con i tuoi dati di contatto e una breve nota in cui spieghi che speri di iniziare presto un nuovo incontro. Questo permetter\u00e0 ad altri membri locali interessati di contattarti. <\/li>\n\n\n\n<li>Se desideri essere avvisato quando inizier\u00e0 una nuova riunione ITAA nella tua zona, puoi compilare questo&nbsp;<a href=\"https:\/\/forms.gle\/YXq4MFhxixg66kiF6\">modulo<\/a> cos\u00ec possiamo tenervi aggiornati.<\/li>\n<\/ul>\n<!-- PMB print buttons is only displayed on a single post\/page URLs-->","protected":false},"excerpt":{"rendered":"<p>Benvenuti! Di seguito trovate un elenco degli incontri ITAA in presenza, sia quelli attualmente in programma che quelli potenziali. Se siete nuovi, vi incoraggiamo a partecipare a sei incontri in un breve lasso di tempo per valutare se il nostro programma pu\u00f2 esservi utile. Per visualizzare la mappa a schermo intero, cliccate qui. Ogni sede in cui \u00e8 attualmente previsto un incontro in presenza\u2026 <a href=\"https:\/\/internetaddictsanonymous.org\/it\/in-person-meetings\/\" class=\"more-link\">Continua a leggere <span class=\"screen-reader-text\">Riunioni di persona<\/span><\/a><\/p>","protected":false},"author":35194237,"featured_media":0,"parent":0,"menu_order":0,"comment_status":"closed","ping_status":"closed","template":"full-width-page.php","meta":{"inline_featured_image":false,"_lmt_disableupdate":"no","_lmt_disable":"","footnotes":""},"tags":[655524897,655524899,307668,655524904,655524894,655524896,655524898,655524895,655524900,534293,1410996],"class_list":["post-148","page","type-page","status-publish","hentry","tag-dallas","tag-denver","tag-internet-addiction","tag-internet-addicts-anonymous","tag-internet-smartphone-and-gaming-addicts-anonymous","tag-pasadena","tag-plano","tag-san-jose","tag-smartphone-addiction","tag-support-group","tag-technology-addiction"],"yoast_head":"<!-- This site is optimized with the Yoast SEO plugin v27.5 - https:\/\/yoast.com\/product\/yoast-seo-wordpress\/ -->\n<title>In-Person Meetings &#8211; Internet and Technology Addicts Anonymous<\/title>\n<meta name=\"description\" content=\"Information for local meetings in 16 countries around the world, including 17 US states -- and coming soon to a location near you!\" \/>\n<meta name=\"robots\" content=\"index, follow, max-snippet:-1, max-image-preview:large, max-video-preview:-1\" \/>\n<link rel=\"canonical\" href=\"https:\/\/internetaddictsanonymous.org\/it\/incontri-di-persona\/\" \/>\n<meta property=\"og:locale\" content=\"it_IT\" \/>\n<meta property=\"og:type\" content=\"article\" \/>\n<meta property=\"og:title\" content=\"In-Person Meetings &#8211; Internet and Technology Addicts Anonymous\" \/>\n<meta property=\"og:description\" content=\"Information for local meetings in 16 countries around the world, including 17 US states -- and coming soon to a location near you!\" \/>\n<meta property=\"og:url\" content=\"https:\/\/internetaddictsanonymous.org\/it\/incontri-di-persona\/\" \/>\n<meta property=\"og:site_name\" content=\"Internet and Technology Addicts Anonymous\" \/>\n<meta property=\"article:modified_time\" content=\"2026-04-27T12:57:13+00:00\" \/>\n<meta name=\"twitter:card\" content=\"summary_large_image\" \/>\n<meta name=\"twitter:label1\" content=\"Tempo di lettura stimato\" \/>\n\t<meta name=\"twitter:data1\" content=\"3 minuti\" \/>\n<script type=\"application\/ld+json\" class=\"yoast-schema-graph\">{\"@context\":\"https:\\\/\\\/schema.org\",\"@graph\":[{\"@type\":\"WebPage\",\"@id\":\"https:\\\/\\\/internetaddictsanonymous.org\\\/in-person-meetings\\\/\",\"url\":\"https:\\\/\\\/internetaddictsanonymous.org\\\/in-person-meetings\\\/\",\"name\":\"In-Person Meetings &#8211; Internet and Technology Addicts Anonymous\",\"isPartOf\":{\"@id\":\"https:\\\/\\\/internetaddictsanonymous.org\\\/#website\"},\"datePublished\":\"2018-12-31T19:54:10+00:00\",\"dateModified\":\"2026-04-27T12:57:13+00:00\",\"description\":\"Information for local meetings in 16 countries around the world, including 17 US states -- and coming soon to a location near you!\",\"breadcrumb\":{\"@id\":\"https:\\\/\\\/internetaddictsanonymous.org\\\/in-person-meetings\\\/#breadcrumb\"},\"inLanguage\":\"it-IT\",\"potentialAction\":[{\"@type\":\"ReadAction\",\"target\":[\"https:\\\/\\\/internetaddictsanonymous.org\\\/in-person-meetings\\\/\"]}]},{\"@type\":\"BreadcrumbList\",\"@id\":\"https:\\\/\\\/internetaddictsanonymous.org\\\/in-person-meetings\\\/#breadcrumb\",\"itemListElement\":[{\"@type\":\"ListItem\",\"position\":1,\"name\":\"Home\",\"item\":\"https:\\\/\\\/internetaddictsanonymous.org\\\/\"},{\"@type\":\"ListItem\",\"position\":2,\"name\":\"In-Person Meetings\"}]},{\"@type\":\"WebSite\",\"@id\":\"https:\\\/\\\/internetaddictsanonymous.org\\\/#website\",\"url\":\"https:\\\/\\\/internetaddictsanonymous.org\\\/\",\"name\":\"Internet and Technology Addicts Anonymous\",\"description\":\"Worldwide 12-step Fellowship for Internet and Technology Addiction\",\"publisher\":{\"@id\":\"https:\\\/\\\/internetaddictsanonymous.org\\\/#organization\"},\"potentialAction\":[{\"@type\":\"SearchAction\",\"target\":{\"@type\":\"EntryPoint\",\"urlTemplate\":\"https:\\\/\\\/internetaddictsanonymous.org\\\/?s={search_term_string}\"},\"query-input\":{\"@type\":\"PropertyValueSpecification\",\"valueRequired\":true,\"valueName\":\"search_term_string\"}}],\"inLanguage\":\"it-IT\"},{\"@type\":\"Organization\",\"@id\":\"https:\\\/\\\/internetaddictsanonymous.org\\\/#organization\",\"name\":\"Internet and Technology Addicts Anonymous\",\"url\":\"https:\\\/\\\/internetaddictsanonymous.org\\\/\",\"logo\":{\"@type\":\"ImageObject\",\"inLanguage\":\"it-IT\",\"@id\":\"https:\\\/\\\/internetaddictsanonymous.org\\\/#\\\/schema\\\/logo\\\/image\\\/\",\"url\":\"https:\\\/\\\/internetaddictsanonymous.org\\\/wp-content\\\/uploads\\\/2023\\\/01\\\/cropped-ITAA-logo-480px.png\",\"contentUrl\":\"https:\\\/\\\/internetaddictsanonymous.org\\\/wp-content\\\/uploads\\\/2023\\\/01\\\/cropped-ITAA-logo-480px.png\",\"width\":480,\"height\":480,\"caption\":\"Internet and Technology Addicts Anonymous\"},\"image\":{\"@id\":\"https:\\\/\\\/internetaddictsanonymous.org\\\/#\\\/schema\\\/logo\\\/image\\\/\"}}]}<\/script>\n<!-- \/ Yoast SEO plugin. -->","yoast_head_json":{"title":"Incontri di persona \u2013 Dipendenti da Internet e tecnologia Anonimi","description":"Informazioni sugli incontri locali in 16 paesi in tutto il mondo, tra cui 17 stati degli USA, e presto anche in una sede vicino a te!","robots":{"index":"index","follow":"follow","max-snippet":"max-snippet:-1","max-image-preview":"max-image-preview:large","max-video-preview":"max-video-preview:-1"},"canonical":"https:\/\/internetaddictsanonymous.org\/it\/incontri-di-persona\/","og_locale":"it_IT","og_type":"article","og_title":"In-Person Meetings &#8211; Internet and Technology Addicts Anonymous","og_description":"Information for local meetings in 16 countries around the world, including 17 US states -- and coming soon to a location near you!","og_url":"https:\/\/internetaddictsanonymous.org\/it\/incontri-di-persona\/","og_site_name":"Internet and Technology Addicts Anonymous","article_modified_time":"2026-04-27T12:57:13+00:00","twitter_card":"summary_large_image","twitter_misc":{"Tempo di lettura stimato":"3 minuti"},"schema":{"@context":"https:\/\/schema.org","@graph":[{"@type":"WebPage","@id":"https:\/\/internetaddictsanonymous.org\/in-person-meetings\/","url":"https:\/\/internetaddictsanonymous.org\/in-person-meetings\/","name":"Incontri di persona \u2013 Dipendenti da Internet e tecnologia Anonimi","isPartOf":{"@id":"https:\/\/internetaddictsanonymous.org\/#website"},"datePublished":"2018-12-31T19:54:10+00:00","dateModified":"2026-04-27T12:57:13+00:00","description":"Informazioni sugli incontri locali in 16 paesi in tutto il mondo, tra cui 17 stati degli USA, e presto anche in una sede vicino a te!","breadcrumb":{"@id":"https:\/\/internetaddictsanonymous.org\/in-person-meetings\/#breadcrumb"},"inLanguage":"it-IT","potentialAction":[{"@type":"ReadAction","target":["https:\/\/internetaddictsanonymous.org\/in-person-meetings\/"]}]},{"@type":"BreadcrumbList","@id":"https:\/\/internetaddictsanonymous.org\/in-person-meetings\/#breadcrumb","itemListElement":[{"@type":"ListItem","position":1,"name":"Home","item":"https:\/\/internetaddictsanonymous.org\/"},{"@type":"ListItem","position":2,"name":"In-Person Meetings"}]},{"@type":"WebSite","@id":"https:\/\/internetaddictsanonymous.org\/#website","url":"https:\/\/internetaddictsanonymous.org\/","name":"Dipendenti da Internet e Tecnologia Anonimi","description":"Associazione mondiale in 12 fasi per la dipendenza da Internet e dalla tecnologia","publisher":{"@id":"https:\/\/internetaddictsanonymous.org\/#organization"},"potentialAction":[{"@type":"SearchAction","target":{"@type":"EntryPoint","urlTemplate":"https:\/\/internetaddictsanonymous.org\/?s={search_term_string}"},"query-input":{"@type":"PropertyValueSpecification","valueRequired":true,"valueName":"search_term_string"}}],"inLanguage":"it-IT"},{"@type":"Organization","@id":"https:\/\/internetaddictsanonymous.org\/#organization","name":"Dipendenti da Internet e Tecnologia Anonimi","url":"https:\/\/internetaddictsanonymous.org\/","logo":{"@type":"ImageObject","inLanguage":"it-IT","@id":"https:\/\/internetaddictsanonymous.org\/#\/schema\/logo\/image\/","url":"https:\/\/internetaddictsanonymous.org\/wp-content\/uploads\/2023\/01\/cropped-ITAA-logo-480px.png","contentUrl":"https:\/\/internetaddictsanonymous.org\/wp-content\/uploads\/2023\/01\/cropped-ITAA-logo-480px.png","width":480,"height":480,"caption":"Internet and Technology Addicts Anonymous"},"image":{"@id":"https:\/\/internetaddictsanonymous.org\/#\/schema\/logo\/image\/"}}]}},"jetpack_sharing_enabled":true,"jetpack_shortlink":"https:\/\/wp.me\/P9Fwob-2o","_links":{"self":[{"href":"https:\/\/internetaddictsanonymous.org\/it\/wp-json\/wp\/v2\/pages\/148","targetHints":{"allow":["GET"]}}],"collection":[{"href":"https:\/\/internetaddictsanonymous.org\/it\/wp-json\/wp\/v2\/pages"}],"about":[{"href":"https:\/\/internetaddictsanonymous.org\/it\/wp-json\/wp\/v2\/types\/page"}],"author":[{"embeddable":true,"href":"https:\/\/internetaddictsanonymous.org\/it\/wp-json\/wp\/v2\/users\/35194237"}],"replies":[{"embeddable":true,"href":"https:\/\/internetaddictsanonymous.org\/it\/wp-json\/wp\/v2\/comments?post=148"}],"version-history":[{"count":100,"href":"https:\/\/internetaddictsanonymous.org\/it\/wp-json\/wp\/v2\/pages\/148\/revisions"}],"predecessor-version":[{"id":21269,"href":"https:\/\/internetaddictsanonymous.org\/it\/wp-json\/wp\/v2\/pages\/148\/revisions\/21269"}],"wp:attachment":[{"href":"https:\/\/internetaddictsanonymous.org\/it\/wp-json\/wp\/v2\/media?parent=148"}],"wp:term":[{"taxonomy":"post_tag","embeddable":true,"href":"https:\/\/internetaddictsanonymous.org\/it\/wp-json\/wp\/v2\/tags?post=148"}],"curies":[{"name":"parola chiave","href":"https:\/\/api.w.org\/{rel}","templated":true}]}}