{"id":14942,"date":"2023-01-28T15:21:29","date_gmt":"2023-01-28T20:21:29","guid":{"rendered":"https:\/\/internetaddictsanonymous.org\/?page_id=14942"},"modified":"2023-01-28T15:21:31","modified_gmt":"2023-01-28T20:21:31","slug":"dipendenza-dalla-tecnologia","status":"publish","type":"page","link":"https:\/\/internetaddictsanonymous.org\/it\/technology-addiction\/","title":{"rendered":"Dipendenza dalla tecnologia"},"content":{"rendered":"<p>Forse ti starai chiedendo se sei un dipendente dalla tecnologia. Le seguenti domande possono offrirti spunti di riflessione e guidarti nella valutazione della tua situazione. Se rispondi affermativamente alla maggior parte delle seguenti domande, l&#039;ITAA potrebbe esserti utile.<\/p>\n\n\n\n<ol class=\"wp-block-list\">\n<li>Nascondi o menti riguardo al tuo utilizzo della tecnologia?<\/li>\n\n\n\n<li>Ti senti emotivamente assente quando non usi la tecnologia?<\/li>\n\n\n\n<li>Ti \u00e8 mai capitato di prenderti una pausa dall&#039;uso della tecnologia e di abbuffarti in modo incontrollabile al tuo ritorno?<\/li>\n\n\n\n<li>Quando sei arrabbiato, ti consoli con la tecnologia o progetti di usarla?<\/li>\n\n\n\n<li>La prima cosa che fai quando ti svegli \u00e8 usare la tecnologia?<\/li>\n\n\n\n<li>L&#039;ultima cosa che fai prima di andare a letto \u00e8 usare la tecnologia?<\/li>\n\n\n\n<li>Stabilisci dei limiti all&#039;uso della tecnologia e poi li infrangi, utilizzandola pi\u00f9 a lungo del previsto?<\/li>\n\n\n\n<li>Perdi ore di sonno a causa dell&#039;uso della tecnologia?<\/li>\n\n\n\n<li>Hai mai chiamato per dire che sei malato, che sei arrivato in ritardo al lavoro o che hai saltato delle lezioni per usare la tecnologia?<\/li>\n\n\n\n<li>Hai mai rinunciato a un comportamento tecnologico, l&#039;hai disinstallato o bloccato e poi ci sei tornato?<\/li>\n\n\n\n<li>Ti senti in colpa e in imbarazzo per l&#039;uso che fai della tecnologia?<\/li>\n\n\n\n<li>L&#039;uso della tecnologia contribuisce a evitare o abbandonare le relazioni personali?<\/li>\n\n\n\n<li>Ti capita di non riuscire a concentrarti su nient&#039;altro che non sia la tecnologia?<\/li>\n\n\n\n<li>Hai mai avuto problemi finanziari o di carriera a causa dell&#039;uso compulsivo della tecnologia?<\/li>\n\n\n\n<li>Vorresti non usare la tecnologia e contemporaneamente senti di non poterne fare a meno?<\/li>\n\n\n\n<li>Ti capita di fare abbuffate di tecnologia che durano tutta la notte o per pi\u00f9 giorni di fila?<\/li>\n\n\n\n<li>Eviti gli eventi sociali per usare la tecnologia?<\/li>\n\n\n\n<li>Mangi mentre usi la tecnologia o ti dimentichi di mangiare mentre la usi?<\/li>\n\n\n\n<li>Provi emozioni intense (alti, bassi, rabbia, paura) mentre usi la tecnologia?<\/li>\n\n\n\n<li>Utilizzi la tecnologia per intorpidire i tuoi sentimenti?<\/li>\n<\/ol>\n\n\n\n<p>La maggior parte di noi che ora si identifica come dipendente dalla tecnologia risponde s\u00ec a molte di queste domande. Se hai risposto s\u00ec a diverse di esse, potresti prendere in considerazione la lettura del nostro <a href=\"https:\/\/internetaddictsanonymous.org\/it\/guida-per-i-nuovi-arrivati\/\">guida per i nuovi arrivati<\/a> per iniziare a esplorare le soluzioni pratiche che il nostro programma pu\u00f2 offrire.<\/p>\n\n\n\n<p>Ecco alcune domande aggiuntive che possono aiutarti a identificare ulteriori comportamenti ossessivi e compulsivi che potresti avere in relazione all&#039;uso della tecnologia. Molti di noi hanno risposto affermativamente anche a queste domande.<\/p>\n\n\n\n<ul class=\"wp-block-list\">\n<li>Ti ritrovi a ricercare ossessivamente un argomento, un prodotto o una decisione online, senza ottenere alcun risultato produttivo?<\/li>\n\n\n\n<li>Guardi video, film o programmi TV online senza riuscire a fermarti?<\/li>\n\n\n\n<li>Ti lasci coinvolgere dalle attivit\u00e0 tecnologiche senza rendertene conto?<\/li>\n\n\n\n<li>Utilizzi la tecnologia per sparire dal mondo?<\/li>\n\n\n\n<li>Ti capita di abbuffarti di tecnologia poco prima di una scadenza importante?<\/li>\n\n\n\n<li>Trascuri l&#039;igiene personale quando usi la tecnologia?<\/li>\n\n\n\n<li>Ti senti irritabile e irrequieto quando non usi la tecnologia per alcuni giorni o per alcune ore?<\/li>\n\n\n\n<li>Invidi le persone che sanno usare la tecnologia con moderazione?<\/li>\n\n\n\n<li>Hai la sensazione di non avere mai tempo?<\/li>\n\n\n\n<li>Hai mai sofferto di dolori fisici a causa dell&#039;uso intenso della tecnologia?<\/li>\n\n\n\n<li>C&#039;\u00e8 qualcuno nella tua vita che si preoccupa del tuo utilizzo della tecnologia?<\/li>\n<\/ul>\n\n\n\n<p>Se hai risposto s\u00ec a queste domande, ti invitiamo a partecipare ai nostri incontri per scoprire se questa comunit\u00e0 pu\u00f2 aiutarti a superare eventuali schemi problematici o distruttivi di cui soffri.<\/p>\n\n\n\n<div class=\"wp-block-buttons is-content-justification-left is-layout-flex wp-container-core-buttons-is-layout-fdcfc74e wp-block-buttons-is-layout-flex\">\n<div class=\"wp-block-button has-custom-width wp-block-button__width-50 has-custom-font-size is-style-fill\" style=\"font-size:25px;font-style:normal;font-weight:900\"><a class=\"wp-block-button__link has-white-color has-blue-background-color has-text-color has-background wp-element-button\" href=\"https:\/\/internetaddictsanonymous.org\/it\/phone-online-meetings\/\" style=\"border-radius:100px\">Partecipa a una riunione<\/a><\/div>\n\n\n<\/div>\n<!-- PMB print buttons is only displayed on a single post\/page URLs-->","protected":false},"excerpt":{"rendered":"<p>You may be wondering whether you&#8217;re a technology addict. The following questions can give you some food for thought and act as a guide to judge your situation. If you answer yes to most of the following questions, ITAA may be helpful for you. Most of us who now identify as technology addicts answer yes &hellip; <a href=\"https:\/\/internetaddictsanonymous.org\/it\/technology-addiction\/\" class=\"more-link\">Continua a leggere <span class=\"screen-reader-text\">Dipendenza dalla tecnologia<\/span><\/a><\/p>","protected":false},"author":35194237,"featured_media":0,"parent":0,"menu_order":0,"comment_status":"closed","ping_status":"closed","template":"full-width-page.php","meta":{"inline_featured_image":false,"_lmt_disableupdate":"","_lmt_disable":"","jetpack_post_was_ever_published":false,"footnotes":""},"tags":[],"class_list":["post-14942","page","type-page","status-publish","hentry"],"yoast_head":"<!-- This site is optimized with the Yoast SEO plugin v27.3 - https:\/\/yoast.com\/product\/yoast-seo-wordpress\/ -->\n<title>Technology Addiction | Internet and Technology Addicts Anonymous<\/title>\n<meta name=\"description\" content=\"You may be wondering if you suffer from technology addiction. The following questions from ITAA could help you.\" \/>\n<meta name=\"robots\" content=\"index, follow, max-snippet:-1, max-image-preview:large, max-video-preview:-1\" \/>\n<link rel=\"canonical\" href=\"https:\/\/internetaddictsanonymous.org\/it\/dipendenza-dalla-tecnologia\/\" \/>\n<meta property=\"og:locale\" content=\"it_IT\" \/>\n<meta property=\"og:type\" content=\"article\" \/>\n<meta property=\"og:title\" content=\"Technology Addiction | Internet and Technology Addicts Anonymous\" \/>\n<meta property=\"og:description\" content=\"You may be wondering if you suffer from technology addiction. The following questions from ITAA could help you.\" \/>\n<meta property=\"og:url\" content=\"https:\/\/internetaddictsanonymous.org\/it\/dipendenza-dalla-tecnologia\/\" \/>\n<meta property=\"og:site_name\" content=\"Internet and Technology Addicts Anonymous\" \/>\n<meta property=\"article:modified_time\" content=\"2023-01-28T20:21:31+00:00\" \/>\n<meta name=\"twitter:card\" content=\"summary_large_image\" \/>\n<meta name=\"twitter:label1\" content=\"Tempo di lettura stimato\" \/>\n\t<meta name=\"twitter:data1\" content=\"3 minuti\" \/>\n<script type=\"application\/ld+json\" class=\"yoast-schema-graph\">{\"@context\":\"https:\\\/\\\/schema.org\",\"@graph\":[{\"@type\":\"WebPage\",\"@id\":\"https:\\\/\\\/internetaddictsanonymous.org\\\/technology-addiction\\\/\",\"url\":\"https:\\\/\\\/internetaddictsanonymous.org\\\/technology-addiction\\\/\",\"name\":\"Technology Addiction | Internet and Technology Addicts Anonymous\",\"isPartOf\":{\"@id\":\"https:\\\/\\\/internetaddictsanonymous.org\\\/#website\"},\"datePublished\":\"2023-01-28T20:21:29+00:00\",\"dateModified\":\"2023-01-28T20:21:31+00:00\",\"description\":\"You may be wondering if you suffer from technology addiction. The following questions from ITAA could help you.\",\"breadcrumb\":{\"@id\":\"https:\\\/\\\/internetaddictsanonymous.org\\\/technology-addiction\\\/#breadcrumb\"},\"inLanguage\":\"it-IT\",\"potentialAction\":[{\"@type\":\"ReadAction\",\"target\":[\"https:\\\/\\\/internetaddictsanonymous.org\\\/technology-addiction\\\/\"]}]},{\"@type\":\"BreadcrumbList\",\"@id\":\"https:\\\/\\\/internetaddictsanonymous.org\\\/technology-addiction\\\/#breadcrumb\",\"itemListElement\":[{\"@type\":\"ListItem\",\"position\":1,\"name\":\"Home\",\"item\":\"https:\\\/\\\/internetaddictsanonymous.org\\\/\"},{\"@type\":\"ListItem\",\"position\":2,\"name\":\"Technology Addiction\"}]},{\"@type\":\"WebSite\",\"@id\":\"https:\\\/\\\/internetaddictsanonymous.org\\\/#website\",\"url\":\"https:\\\/\\\/internetaddictsanonymous.org\\\/\",\"name\":\"Internet and Technology Addicts Anonymous\",\"description\":\"Worldwide 12-step Fellowship for Internet and Technology Addiction\",\"publisher\":{\"@id\":\"https:\\\/\\\/internetaddictsanonymous.org\\\/#organization\"},\"potentialAction\":[{\"@type\":\"SearchAction\",\"target\":{\"@type\":\"EntryPoint\",\"urlTemplate\":\"https:\\\/\\\/internetaddictsanonymous.org\\\/?s={search_term_string}\"},\"query-input\":{\"@type\":\"PropertyValueSpecification\",\"valueRequired\":true,\"valueName\":\"search_term_string\"}}],\"inLanguage\":\"it-IT\"},{\"@type\":\"Organization\",\"@id\":\"https:\\\/\\\/internetaddictsanonymous.org\\\/#organization\",\"name\":\"Internet and Technology Addicts Anonymous\",\"url\":\"https:\\\/\\\/internetaddictsanonymous.org\\\/\",\"logo\":{\"@type\":\"ImageObject\",\"inLanguage\":\"it-IT\",\"@id\":\"https:\\\/\\\/internetaddictsanonymous.org\\\/#\\\/schema\\\/logo\\\/image\\\/\",\"url\":\"https:\\\/\\\/internetaddictsanonymous.org\\\/wp-content\\\/uploads\\\/2023\\\/01\\\/cropped-ITAA-logo-480px.png\",\"contentUrl\":\"https:\\\/\\\/internetaddictsanonymous.org\\\/wp-content\\\/uploads\\\/2023\\\/01\\\/cropped-ITAA-logo-480px.png\",\"width\":480,\"height\":480,\"caption\":\"Internet and Technology Addicts Anonymous\"},\"image\":{\"@id\":\"https:\\\/\\\/internetaddictsanonymous.org\\\/#\\\/schema\\\/logo\\\/image\\\/\"}}]}<\/script>\n<!-- \/ Yoast SEO plugin. -->","yoast_head_json":{"title":"Dipendenza dalla tecnologia | Dipendenti da Internet e tecnologia Anonimi","description":"Forse ti starai chiedendo se soffri di dipendenza dalla tecnologia. Le seguenti domande dell&#039;ITAA potrebbero aiutarti.","robots":{"index":"index","follow":"follow","max-snippet":"max-snippet:-1","max-image-preview":"max-image-preview:large","max-video-preview":"max-video-preview:-1"},"canonical":"https:\/\/internetaddictsanonymous.org\/it\/dipendenza-dalla-tecnologia\/","og_locale":"it_IT","og_type":"article","og_title":"Technology Addiction | Internet and Technology Addicts Anonymous","og_description":"You may be wondering if you suffer from technology addiction. The following questions from ITAA could help you.","og_url":"https:\/\/internetaddictsanonymous.org\/it\/dipendenza-dalla-tecnologia\/","og_site_name":"Internet and Technology Addicts Anonymous","article_modified_time":"2023-01-28T20:21:31+00:00","twitter_card":"summary_large_image","twitter_misc":{"Tempo di lettura stimato":"3 minuti"},"schema":{"@context":"https:\/\/schema.org","@graph":[{"@type":"WebPage","@id":"https:\/\/internetaddictsanonymous.org\/technology-addiction\/","url":"https:\/\/internetaddictsanonymous.org\/technology-addiction\/","name":"Dipendenza dalla tecnologia | Dipendenti da Internet e tecnologia Anonimi","isPartOf":{"@id":"https:\/\/internetaddictsanonymous.org\/#website"},"datePublished":"2023-01-28T20:21:29+00:00","dateModified":"2023-01-28T20:21:31+00:00","description":"Forse ti starai chiedendo se soffri di dipendenza dalla tecnologia. Le seguenti domande dell&#039;ITAA potrebbero aiutarti.","breadcrumb":{"@id":"https:\/\/internetaddictsanonymous.org\/technology-addiction\/#breadcrumb"},"inLanguage":"it-IT","potentialAction":[{"@type":"ReadAction","target":["https:\/\/internetaddictsanonymous.org\/technology-addiction\/"]}]},{"@type":"BreadcrumbList","@id":"https:\/\/internetaddictsanonymous.org\/technology-addiction\/#breadcrumb","itemListElement":[{"@type":"ListItem","position":1,"name":"Home","item":"https:\/\/internetaddictsanonymous.org\/"},{"@type":"ListItem","position":2,"name":"Technology Addiction"}]},{"@type":"WebSite","@id":"https:\/\/internetaddictsanonymous.org\/#website","url":"https:\/\/internetaddictsanonymous.org\/","name":"Dipendenti da Internet e Tecnologia Anonimi","description":"Associazione mondiale in 12 fasi per la dipendenza da Internet e dalla tecnologia","publisher":{"@id":"https:\/\/internetaddictsanonymous.org\/#organization"},"potentialAction":[{"@type":"SearchAction","target":{"@type":"EntryPoint","urlTemplate":"https:\/\/internetaddictsanonymous.org\/?s={search_term_string}"},"query-input":{"@type":"PropertyValueSpecification","valueRequired":true,"valueName":"search_term_string"}}],"inLanguage":"it-IT"},{"@type":"Organization","@id":"https:\/\/internetaddictsanonymous.org\/#organization","name":"Dipendenti da Internet e Tecnologia Anonimi","url":"https:\/\/internetaddictsanonymous.org\/","logo":{"@type":"ImageObject","inLanguage":"it-IT","@id":"https:\/\/internetaddictsanonymous.org\/#\/schema\/logo\/image\/","url":"https:\/\/internetaddictsanonymous.org\/wp-content\/uploads\/2023\/01\/cropped-ITAA-logo-480px.png","contentUrl":"https:\/\/internetaddictsanonymous.org\/wp-content\/uploads\/2023\/01\/cropped-ITAA-logo-480px.png","width":480,"height":480,"caption":"Internet and Technology Addicts Anonymous"},"image":{"@id":"https:\/\/internetaddictsanonymous.org\/#\/schema\/logo\/image\/"}}]}},"jetpack_sharing_enabled":true,"jetpack_shortlink":"https:\/\/wp.me\/P9Fwob-3T0","_links":{"self":[{"href":"https:\/\/internetaddictsanonymous.org\/it\/wp-json\/wp\/v2\/pages\/14942","targetHints":{"allow":["GET"]}}],"collection":[{"href":"https:\/\/internetaddictsanonymous.org\/it\/wp-json\/wp\/v2\/pages"}],"about":[{"href":"https:\/\/internetaddictsanonymous.org\/it\/wp-json\/wp\/v2\/types\/page"}],"author":[{"embeddable":true,"href":"https:\/\/internetaddictsanonymous.org\/it\/wp-json\/wp\/v2\/users\/35194237"}],"replies":[{"embeddable":true,"href":"https:\/\/internetaddictsanonymous.org\/it\/wp-json\/wp\/v2\/comments?post=14942"}],"version-history":[{"count":1,"href":"https:\/\/internetaddictsanonymous.org\/it\/wp-json\/wp\/v2\/pages\/14942\/revisions"}],"predecessor-version":[{"id":14943,"href":"https:\/\/internetaddictsanonymous.org\/it\/wp-json\/wp\/v2\/pages\/14942\/revisions\/14943"}],"wp:attachment":[{"href":"https:\/\/internetaddictsanonymous.org\/it\/wp-json\/wp\/v2\/media?parent=14942"}],"wp:term":[{"taxonomy":"post_tag","embeddable":true,"href":"https:\/\/internetaddictsanonymous.org\/it\/wp-json\/wp\/v2\/tags?post=14942"}],"curies":[{"name":"parola chiave","href":"https:\/\/api.w.org\/{rel}","templated":true}]}}