{"id":15513,"date":"2023-03-05T20:45:50","date_gmt":"2023-03-06T01:45:50","guid":{"rendered":"https:\/\/internetaddictsanonymous.org\/?page_id=15513"},"modified":"2025-01-09T18:21:20","modified_gmt":"2025-01-10T02:21:20","slug":"spagnolo","status":"publish","type":"page","link":"https:\/\/internetaddictsanonymous.org\/it\/espanol\/","title":{"rendered":"ITAA en Espa\u00f1ol"},"content":{"rendered":"<p>Benvenido a Adictos a Internet y la Tecnolog\u00eda An\u00f3nimos. Ci auguriamo che ci siamo incontrati e speriamo che la nostra comunit\u00e0 possa essere cos\u00ec utile come lo ha fatto per noi. <strong><mark style=\"background-color:rgba(0, 0, 0, 0);color:#000000\" class=\"has-inline-color\">ITAA \u00e8 una comunit\u00e0 di Doce Pasos formata da persone che si aiutano reciprocamente per recuperare dalla dipendenza da Internet e dalla tecnologia.<\/mark><\/strong><\/p>\n\n\n\n<p>Sotto si trova il nostro calendario di riunioni online.<strong><mark style=\"background-color:rgba(0, 0, 0, 0);color:#080808\" class=\"has-inline-color\"> El horario de las reuniones se muestra en su zona horaria local.<\/mark>&nbsp;<\/strong>Puoi trovare i dettagli di ogni riunione, incluso il collegamento e i numeri locali da inserire per telefono, facendo clic sull&#039;evento della riunione nel calendario. Per motivi di sicurezza, \u00e8 necessario avviare la sessione su un punto Zoom per unirsi alla riunione.&nbsp;<a href=\"https:\/\/zoom.us\/signup\" target=\"_blank\" rel=\"noreferrer noopener\">Crear una cuenta de Zoom<\/a>&nbsp;\u00e8 gratis. Si tienes cualquiera duda, nos puedes escribir a <a href=\"mailto:espanol.12pasos.itaa@gmail.com\" target=\"_blank\" rel=\"noreferrer noopener\">espanol.12pasos.itaa@gmail.com<\/a> o unirte a nuestro <a href=\"https:\/\/tinyurl.com\/grupoITAAespanol\">gruppo di whatsapp<\/a>.<\/p>\n\n\n\n<p>Stai anche organizzando una riunione presidenziale <a href=\"https:\/\/internetaddictsanonymous.org\/it\/incontri-di-persona\/rosario-argentino\/\">Rosario, Argentina<\/a>.<\/p>\n\n\n\n<p>E sta iniziando una riunione presidenziale dell&#039;ITAA a Madrid. Se sei interessato, unisciti al nostro gruppo WhatsApp per ottenere maggiori informazioni. <a href=\"https:\/\/tinyurl.com\/ITAA-Madrid\" rel=\"nofollow\">https:\/\/tinyurl.com\/ITAA-Madrid<\/a><\/p>\n\n\n\n<p><strong><mark style=\"background-color:rgba(0, 0, 0, 0);color:#000000\" class=\"has-inline-color\">Se sei nuovo, ti invitiamo a provare ad assistere alle sei riunioni in poco tempo per vedere se il nostro programma pu\u00f2 essere utile.<\/mark><\/strong> Oltre alle nostre riunioni in spagnolo, puoi anche rivedere il nostro <a href=\"https:\/\/internetaddictsanonymous.org\/it\/riunioni-online\/\">calendario completo delle riunioni internazionali<\/a>. <strong>In tutte queste riunioni, puoi abilitare i sottotitoli tradotti nella tua lingua inserendoti nella riunione, facendo clic sul pulsante \u201cSottotitoli\u201d nella parte inferiore dello schermo e abilitando la traduzione.<\/strong> Tambi\u00e9n damos la bienvenida a cualquiera que sta imparando el espa\u00f1ol a nuestra reuni\u00f3n. Tutte le riunioni sono totalmente gratuite e anonime.<\/p>\n\n\n<p><iframe style=\"height: 500px; width: 100%;\" src=\"https:\/\/teamup.com\/ksvq9b1hu5ex2i463h?view=mw&amp;lang=es&amp;showHeader=0&amp;showLogo=0&amp;showTitle=0&amp;disableSidepanel=1&amp;showViewSelector=1\" width=\"100%\" height=\"500\" frameborder=\"0\"><\/iframe><\/p>\n\n\n<h3 class=\"wp-block-heading\"><strong>Come funzionano le riunioni?<\/strong><\/h3>\n\n\n\n<p>Se \u00e8 la prima volta che stai assistendo a una riunione, non c&#039;\u00e8 bisogno di essere nervoso. Nuestras reuniones son muy sencillas; ogni riunione ha un facilitatore che legge la guida della riunione. Il facilitatore e gli altri volontari leggono alcuni discorsi di apertura prima di aprire la riunione affinch\u00e9 i membri possano condividere. Non \u00e8 obbligatorio condividerlo e non c&#039;\u00e8 problema se preferisci semplicemente ascoltarlo. Puoi condividere come sei, presentarti e cosa ti porta a ITAA, o fare domande. A meno che il membro che sta condividendo lo pida, non ofrecemos sugerencias n\u00e9 comentarios in risposta a quello che altri comparten; simplemente escuchamos sin juzgar. Al capo di un&#039;ora, la riunione termina con una parola di clausola, traslas quali los membri suelen rimangono sulla linea per comunicare informalmente, fare domande e scambiare dati di contatto.<\/p>\n\n\n\n<h3 class=\"wp-block-heading\">Risorse sull&#039;adesione a Internet e alla tecnologia<\/h3>\n\n\n\n<p>Se stai chiedendo se puoi avere una dipendenza da Internet e dalla tecnologia, puoi rivedere i nostri suggerimenti di&nbsp;<a href=\"https:\/\/internetaddictsanonymous.org\/es\/adiccion-a-internet\/\">dipendenza da internet<\/a>,&nbsp;<a href=\"https:\/\/internetaddictsanonymous.org\/es\/adiccion-a-internet\/social-media-addiction\/\">dipendenza dalle reti sociali<\/a>,&nbsp;<a href=\"https:\/\/internetaddictsanonymous.org\/es\/adiccion-a-internet\/adiccion-al-streaming\/\">adicci\u00f3n al streaming<\/a>, o <a href=\"https:\/\/internetaddictsanonymous.org\/es\/adiccion-a-la-tecnologia\/smartphone-adiccion\/\">adicci\u00f3n a los smartphones<\/a>. Puoi anche ottenere maggiori informazioni sulla nostra legge ITAA&nbsp;<a href=\"https:\/\/internetaddictsanonymous.org\/es\/guia-para-recien-llegados\/\">guida per los reci\u00e9n legati<\/a>, revisando nuestras&nbsp;<a href=\"https:\/\/internetaddictsanonymous.org\/es\/recursos\/herramientas-de-recuperacion\/\">herramientas de recuperaci\u00f3n<\/a>, o escuchando&nbsp;<a href=\"https:\/\/internetaddictsanonymous.org\/es\/historias-de-recuperacion-2\/\">storie di recupero dei membri<\/a>.<\/p>\n\n\n\n<p>L&#039;ITAA non \u00e8 affiliata a nessun programma politico, religioso o di interesse esterno. Siamo totalmente autosufficienti e gratuiti per tutti quelli che ne hanno bisogno. Il nostro unico proposito \u00e8 astenersi dall&#039;uso compulsivo di internet e dalla tecnologia e aiutare gli altri a trovare la libert\u00e0 di questa dipendenza.<\/p>\n\n\n\n<p>Nuovo, benvenuto! Ci auguriamo che questa comunit\u00e0 sia in grado di fornirti il supporto di cui hai bisogno per il tuo recupero dalla dipendenza da Internet e dalla tecnologia. No dudes en mandarnos un messaggio se hai qualche domanda a <a href=\"mailto:espanol.12pasos.itaa@gmail.com\" target=\"_blank\" rel=\"noreferrer noopener\">espanol.12pasos.itaa@gmail.com<\/a>.<\/p>\n\n\n\n<h3 class=\"wp-block-heading\"><strong>Seguridad y accesibilidad<\/strong><\/h3>\n\n\n\n<p>Le nostre riunioni tengono l&#039;uso condiviso dello schermo disattivato e la cifra attivata. Gli anfitrioni possono silenziare ed eliminare i partecipanti perturbatori. Se stai organizzando una riunione, ti suggeriamo di leggerla&nbsp;<a href=\"https:\/\/internetaddictsanonymous.org\/es\/directrices-de-seguridad-para-anfitriones-de-reuniones-de-la-aita\/\">guida ITAA su come prevenire e rispondere alle interruzioni<\/a>.<\/p>\n\n\n\n<h3 class=\"wp-block-heading\"><strong>Recursos de accesibilidad<\/strong><\/h3>\n\n\n\n<p><a href=\"https:\/\/internetaddictsanonymous.org\/es\/accessibility\/\">Accessibilit\u00e0 per membri con disabilit\u00e0 uditiva e della parola<\/a><\/p>\n\n\n\n<p><a href=\"https:\/\/support.zoom.us\/hc\/en-us\/articles\/201362893-How-much-bandwidth-do-I-need-when-using-3G-or-4G-LTE\">Necessit\u00e0 di ancoraggio della banda per utilizzare 3G, 4G\/LTE o 5G (support.zoom.us)<\/a><\/p>\n\n\n\n<p><a href=\"https:\/\/support.zoom.us\/hc\/en-us\/articles\/4409500570381-Stopping-all-incoming-video-in-a-meeting-or-webinar\">Come tenere tutti i video partecipanti (support.zoom.us)<\/a><\/p>\n<!-- PMB print buttons is only displayed on a single post\/page URLs-->","protected":false},"excerpt":{"rendered":"<p>Bienvenido a Adictos a Internet y la Tecnolog\u00eda An\u00f3nimos. Nos alegramos de que nos hayas encontrado y esperamos que nuestra comunidad pueda serte tan \u00fatil como lo ha sido para nosotros. ITAA es una comunidad de Doce Pasos formada por personas que se apoyan mutuamente para recuperarse de la adicci\u00f3n a Internet y la tecnolog\u00eda. &hellip; <a href=\"https:\/\/internetaddictsanonymous.org\/it\/espanol\/\" class=\"more-link\">Continua a leggere <span class=\"screen-reader-text\">ITAA en Espa\u00f1ol<\/span><\/a><\/p>","protected":false},"author":35194237,"featured_media":0,"parent":0,"menu_order":0,"comment_status":"closed","ping_status":"closed","template":"full-width-page.php","meta":{"inline_featured_image":false,"_lmt_disableupdate":"","_lmt_disable":"","footnotes":""},"tags":[],"class_list":["post-15513","page","type-page","status-publish","hentry"],"yoast_head":"<!-- This site is optimized with the Yoast SEO plugin v27.5 - https:\/\/yoast.com\/product\/yoast-seo-wordpress\/ -->\n<title>ITAA en Espa\u00f1ol &#8211; Internet and Technology Addicts Anonymous<\/title>\n<meta name=\"robots\" content=\"index, follow, max-snippet:-1, max-image-preview:large, max-video-preview:-1\" \/>\n<link rel=\"canonical\" href=\"https:\/\/internetaddictsanonymous.org\/it\/spagnolo\/\" \/>\n<meta property=\"og:locale\" content=\"it_IT\" \/>\n<meta property=\"og:type\" content=\"article\" \/>\n<meta property=\"og:title\" content=\"ITAA en Espa\u00f1ol &#8211; Internet and Technology Addicts Anonymous\" \/>\n<meta property=\"og:description\" content=\"Bienvenido a Adictos a Internet y la Tecnolog\u00eda An\u00f3nimos. Nos alegramos de que nos hayas encontrado y esperamos que nuestra comunidad pueda serte tan \u00fatil como lo ha sido para nosotros. ITAA es una comunidad de Doce Pasos formada por personas que se apoyan mutuamente para recuperarse de la adicci\u00f3n a Internet y la tecnolog\u00eda. &hellip; Continue reading ITAA en Espa\u00f1ol\" \/>\n<meta property=\"og:url\" content=\"https:\/\/internetaddictsanonymous.org\/it\/spagnolo\/\" \/>\n<meta property=\"og:site_name\" content=\"Internet and Technology Addicts Anonymous\" \/>\n<meta property=\"article:modified_time\" content=\"2025-01-10T02:21:20+00:00\" \/>\n<meta name=\"twitter:card\" content=\"summary_large_image\" \/>\n<meta name=\"twitter:label1\" content=\"Tempo di lettura stimato\" \/>\n\t<meta name=\"twitter:data1\" content=\"3 minuti\" \/>\n<script type=\"application\/ld+json\" class=\"yoast-schema-graph\">{\"@context\":\"https:\\\/\\\/schema.org\",\"@graph\":[{\"@type\":\"WebPage\",\"@id\":\"https:\\\/\\\/internetaddictsanonymous.org\\\/espanol\\\/\",\"url\":\"https:\\\/\\\/internetaddictsanonymous.org\\\/espanol\\\/\",\"name\":\"ITAA en Espa\u00f1ol &#8211; Internet and Technology Addicts Anonymous\",\"isPartOf\":{\"@id\":\"https:\\\/\\\/internetaddictsanonymous.org\\\/#website\"},\"datePublished\":\"2023-03-06T01:45:50+00:00\",\"dateModified\":\"2025-01-10T02:21:20+00:00\",\"breadcrumb\":{\"@id\":\"https:\\\/\\\/internetaddictsanonymous.org\\\/espanol\\\/#breadcrumb\"},\"inLanguage\":\"it-IT\",\"potentialAction\":[{\"@type\":\"ReadAction\",\"target\":[\"https:\\\/\\\/internetaddictsanonymous.org\\\/espanol\\\/\"]}]},{\"@type\":\"BreadcrumbList\",\"@id\":\"https:\\\/\\\/internetaddictsanonymous.org\\\/espanol\\\/#breadcrumb\",\"itemListElement\":[{\"@type\":\"ListItem\",\"position\":1,\"name\":\"Home\",\"item\":\"https:\\\/\\\/internetaddictsanonymous.org\\\/\"},{\"@type\":\"ListItem\",\"position\":2,\"name\":\"ITAA en Espa\u00f1ol\"}]},{\"@type\":\"WebSite\",\"@id\":\"https:\\\/\\\/internetaddictsanonymous.org\\\/#website\",\"url\":\"https:\\\/\\\/internetaddictsanonymous.org\\\/\",\"name\":\"Internet and Technology Addicts Anonymous\",\"description\":\"Worldwide 12-step Fellowship for Internet and Technology Addiction\",\"publisher\":{\"@id\":\"https:\\\/\\\/internetaddictsanonymous.org\\\/#organization\"},\"potentialAction\":[{\"@type\":\"SearchAction\",\"target\":{\"@type\":\"EntryPoint\",\"urlTemplate\":\"https:\\\/\\\/internetaddictsanonymous.org\\\/?s={search_term_string}\"},\"query-input\":{\"@type\":\"PropertyValueSpecification\",\"valueRequired\":true,\"valueName\":\"search_term_string\"}}],\"inLanguage\":\"it-IT\"},{\"@type\":\"Organization\",\"@id\":\"https:\\\/\\\/internetaddictsanonymous.org\\\/#organization\",\"name\":\"Internet and Technology Addicts Anonymous\",\"url\":\"https:\\\/\\\/internetaddictsanonymous.org\\\/\",\"logo\":{\"@type\":\"ImageObject\",\"inLanguage\":\"it-IT\",\"@id\":\"https:\\\/\\\/internetaddictsanonymous.org\\\/#\\\/schema\\\/logo\\\/image\\\/\",\"url\":\"https:\\\/\\\/internetaddictsanonymous.org\\\/wp-content\\\/uploads\\\/2023\\\/01\\\/cropped-ITAA-logo-480px.png\",\"contentUrl\":\"https:\\\/\\\/internetaddictsanonymous.org\\\/wp-content\\\/uploads\\\/2023\\\/01\\\/cropped-ITAA-logo-480px.png\",\"width\":480,\"height\":480,\"caption\":\"Internet and Technology Addicts Anonymous\"},\"image\":{\"@id\":\"https:\\\/\\\/internetaddictsanonymous.org\\\/#\\\/schema\\\/logo\\\/image\\\/\"}}]}<\/script>\n<!-- \/ Yoast SEO plugin. -->","yoast_head_json":{"title":"ITAA en Espa\u00f1ol \u2013 Dipendenti da Internet e Tecnologia Anonimi","robots":{"index":"index","follow":"follow","max-snippet":"max-snippet:-1","max-image-preview":"max-image-preview:large","max-video-preview":"max-video-preview:-1"},"canonical":"https:\/\/internetaddictsanonymous.org\/it\/spagnolo\/","og_locale":"it_IT","og_type":"article","og_title":"ITAA en Espa\u00f1ol &#8211; Internet and Technology Addicts Anonymous","og_description":"Bienvenido a Adictos a Internet y la Tecnolog\u00eda An\u00f3nimos. Nos alegramos de que nos hayas encontrado y esperamos que nuestra comunidad pueda serte tan \u00fatil como lo ha sido para nosotros. ITAA es una comunidad de Doce Pasos formada por personas que se apoyan mutuamente para recuperarse de la adicci\u00f3n a Internet y la tecnolog\u00eda. &hellip; Continue reading ITAA en Espa\u00f1ol","og_url":"https:\/\/internetaddictsanonymous.org\/it\/spagnolo\/","og_site_name":"Internet and Technology Addicts Anonymous","article_modified_time":"2025-01-10T02:21:20+00:00","twitter_card":"summary_large_image","twitter_misc":{"Tempo di lettura stimato":"3 minuti"},"schema":{"@context":"https:\/\/schema.org","@graph":[{"@type":"WebPage","@id":"https:\/\/internetaddictsanonymous.org\/espanol\/","url":"https:\/\/internetaddictsanonymous.org\/espanol\/","name":"ITAA en Espa\u00f1ol \u2013 Dipendenti da Internet e Tecnologia Anonimi","isPartOf":{"@id":"https:\/\/internetaddictsanonymous.org\/#website"},"datePublished":"2023-03-06T01:45:50+00:00","dateModified":"2025-01-10T02:21:20+00:00","breadcrumb":{"@id":"https:\/\/internetaddictsanonymous.org\/espanol\/#breadcrumb"},"inLanguage":"it-IT","potentialAction":[{"@type":"ReadAction","target":["https:\/\/internetaddictsanonymous.org\/espanol\/"]}]},{"@type":"BreadcrumbList","@id":"https:\/\/internetaddictsanonymous.org\/espanol\/#breadcrumb","itemListElement":[{"@type":"ListItem","position":1,"name":"Home","item":"https:\/\/internetaddictsanonymous.org\/"},{"@type":"ListItem","position":2,"name":"ITAA en Espa\u00f1ol"}]},{"@type":"WebSite","@id":"https:\/\/internetaddictsanonymous.org\/#website","url":"https:\/\/internetaddictsanonymous.org\/","name":"Dipendenti da Internet e Tecnologia Anonimi","description":"Associazione mondiale in 12 fasi per la dipendenza da Internet e dalla tecnologia","publisher":{"@id":"https:\/\/internetaddictsanonymous.org\/#organization"},"potentialAction":[{"@type":"SearchAction","target":{"@type":"EntryPoint","urlTemplate":"https:\/\/internetaddictsanonymous.org\/?s={search_term_string}"},"query-input":{"@type":"PropertyValueSpecification","valueRequired":true,"valueName":"search_term_string"}}],"inLanguage":"it-IT"},{"@type":"Organization","@id":"https:\/\/internetaddictsanonymous.org\/#organization","name":"Dipendenti da Internet e Tecnologia Anonimi","url":"https:\/\/internetaddictsanonymous.org\/","logo":{"@type":"ImageObject","inLanguage":"it-IT","@id":"https:\/\/internetaddictsanonymous.org\/#\/schema\/logo\/image\/","url":"https:\/\/internetaddictsanonymous.org\/wp-content\/uploads\/2023\/01\/cropped-ITAA-logo-480px.png","contentUrl":"https:\/\/internetaddictsanonymous.org\/wp-content\/uploads\/2023\/01\/cropped-ITAA-logo-480px.png","width":480,"height":480,"caption":"Internet and Technology Addicts Anonymous"},"image":{"@id":"https:\/\/internetaddictsanonymous.org\/#\/schema\/logo\/image\/"}}]}},"jetpack_sharing_enabled":true,"jetpack_shortlink":"https:\/\/wp.me\/P9Fwob-42d","_links":{"self":[{"href":"https:\/\/internetaddictsanonymous.org\/it\/wp-json\/wp\/v2\/pages\/15513","targetHints":{"allow":["GET"]}}],"collection":[{"href":"https:\/\/internetaddictsanonymous.org\/it\/wp-json\/wp\/v2\/pages"}],"about":[{"href":"https:\/\/internetaddictsanonymous.org\/it\/wp-json\/wp\/v2\/types\/page"}],"author":[{"embeddable":true,"href":"https:\/\/internetaddictsanonymous.org\/it\/wp-json\/wp\/v2\/users\/35194237"}],"replies":[{"embeddable":true,"href":"https:\/\/internetaddictsanonymous.org\/it\/wp-json\/wp\/v2\/comments?post=15513"}],"version-history":[{"count":31,"href":"https:\/\/internetaddictsanonymous.org\/it\/wp-json\/wp\/v2\/pages\/15513\/revisions"}],"predecessor-version":[{"id":19128,"href":"https:\/\/internetaddictsanonymous.org\/it\/wp-json\/wp\/v2\/pages\/15513\/revisions\/19128"}],"wp:attachment":[{"href":"https:\/\/internetaddictsanonymous.org\/it\/wp-json\/wp\/v2\/media?parent=15513"}],"wp:term":[{"taxonomy":"post_tag","embeddable":true,"href":"https:\/\/internetaddictsanonymous.org\/it\/wp-json\/wp\/v2\/tags?post=15513"}],"curies":[{"name":"parola chiave","href":"https:\/\/api.w.org\/{rel}","templated":true}]}}