{"id":15697,"date":"2023-04-02T16:03:08","date_gmt":"2023-04-02T20:03:08","guid":{"rendered":"https:\/\/internetaddictsanonymous.org\/?page_id=15697"},"modified":"2024-10-02T19:43:14","modified_gmt":"2024-10-03T02:43:14","slug":"laboratori-di-step","status":"publish","type":"page","link":"https:\/\/internetaddictsanonymous.org\/it\/step-workshops\/","title":{"rendered":"Workshop Open Path Step"},"content":{"rendered":"<p>Questa pagina contiene un elenco dei prossimi workshop Open Path Step, contesti strutturati per lavorare sui Dodici Passi dell&#039;ITAA in gruppo con ampio supporto integrato. Gli incontri sono strutturati in modo che tutto il lavoro sui passi possa essere svolto entro i nostri orari (anche se ogni settimana sono previsti esercizi di scrittura aggiuntivi facoltativi se desiderate approfondire). Avrete anche l&#039;opportunit\u00e0 di incontrarvi con un partner di condivisione in modo da poter condividere il vostro lavoro sui passi tra un incontro e l&#039;altro, e diversi sponsor del gruppo saranno disponibili per chiamate di sensibilizzazione e supporto aggiuntivo.<\/p>\n\n\n\n<p>Ci sono diversi workshop che si svolgono in orari e cicli diversi, con nuovi workshop che in genere iniziano ogni mese o due. Per partecipare a un ciclo di workshop, \u00e8 necessario partecipare al primo incontro, che si trova nel calendario qui sotto. In questo modo, ogni workshop proceder\u00e0 attraverso i Passi come un gruppo affiatato, coerente e impegnato. <mark style=\"background-color:rgba(0, 0, 0, 0);color:#000000\" class=\"has-inline-color\">\u00c8 possibile visualizzare i dettagli specifici del workshop cliccando su <\/mark><mark style=\"background-color:rgba(0, 0, 0, 0);color:#a35555\" class=\"has-inline-color\">marrone<\/mark><mark style=\"background-color:rgba(0, 0, 0, 0);color:#000000\" class=\"has-inline-color\"> titoli. <\/mark><strong><mark style=\"background-color:rgba(0, 0, 0, 0)\" class=\"has-inline-color has-blue-color\">Si prega di notare che i workshop appariranno sul calendario sottostante solo poche settimane prima del loro inizio<\/mark><\/strong>, e che le riunioni seguono i cambiamenti di fuso orario degli Stati Uniti durante l&#039;ora legale a marzo e novembre.<\/p>\n\n\n\n<p><strong>Se desideri partecipare a un workshop (o contribuire ad avviarne uno) e nessuno dei prossimi programmi di workshop fa al caso tuo, compila <a href=\"https:\/\/forms.gle\/HCqduhu715LUnaPs9\">questo modulo di interesse<\/a> <strong>\u2665<\/strong><\/strong><\/p>\n\n\n<p><iframe style=\"height: 500px; width: 100%;\" src=\"https:\/\/teamup.com\/ksnufp4vvpv65w7wno?view=a&amp;showHeader=0&amp;showLogo=0&amp;showTitle=0&amp;disableSidepanel=1&amp;showViewSelector=1\" width=\"100%\" height=\"500\" frameborder=\"0\"><\/iframe><\/p>\n\n\n<p>Non \u00e8 necessario iscriversi al workshop: \u00e8 sufficiente partecipare al primo incontro e tutte le informazioni aggiuntive verranno fornite l\u00ec.<br><br> <\/p>\n\n\n\n<h3 class=\"wp-block-heading\"><strong>Cosa succede se non ci sono orari di workshop adatti a me?<\/strong><\/h3>\n\n\n\n<p>Potrebbe non esserci un workshop in programma in un orario adatto ai tuoi impegni. Se sei interessato a partecipare o presiedere un workshop con un orario di incontro settimanale diverso, compila il modulo. <a href=\"https:\/\/forms.gle\/HCqduhu715LUnaPs9\">questo modulo di interesse<\/a>. Inoltre, se desideri semplicemente lavorare sui materiali con il tuo sponsor o un altro membro del programma, puoi trovare tutti gli script del workshop <a href=\"https:\/\/drive.google.com\/drive\/folders\/1SLvfAX3EbAwG0LMB7j8dXCfTt_0Y_b69?usp=drive_link\">Qui<\/a>. Per qualsiasi domanda puoi anche contattarci all&#039;indirizzo openpathstepworkshop@gmail.com: ti aiuteremo a iniziare.<br><br><\/p>\n\n\n\n<h3 class=\"wp-block-heading\"><strong>Posso partecipare anche se non parlo inglese?<\/strong><\/h3>\n\n\n\n<p>S\u00ec, invitiamo chiunque non parli inglese a partecipare attivando i sottotitoli tradotti. Puoi abilitare i sottotitoli tradotti nella tua lingua accedendo alla riunione, cliccando sul pulsante &quot;Sottotitoli&quot; in fondo allo schermo e abilitando la traduzione. Inoltre, se sei interessato a contribuire alla traduzione dei copioni del workshop, sia per te stesso che per altri che parlano la tua lingua, abbiamo una guida su come farlo. <a href=\"https:\/\/docs.google.com\/document\/d\/1OJ3uzB_MhSd5IrNQd430qMLXHy3vvqV1lu-dr8x7jsI\/edit?usp=drive_link\">Qui<\/a>.<br><br><\/p>\n\n\n\n<h3 class=\"wp-block-heading\"><strong>Cosa succede se non riesco a partecipare al primo incontro?<\/strong><\/h3>\n\n\n\n<p>In questo caso, ti invitiamo ad attendere l&#039;inizio del ciclo successivo. Ogni incontro si basa sul precedente, quindi \u00e8 importante essere presenti fin dall&#039;inizio. Se per un motivo inevitabile dovessi assolutamente mancare al primo incontro, ti preghiamo di contattare openpathstepworkshop@gmail.com con il maggior anticipo possibile.<br><br><\/p>\n\n\n\n<h3 class=\"wp-block-heading\"><strong>Cosa succede se devo perdere una riunione a met\u00e0?<\/strong><\/h3>\n\n\n\n<p>Se per un motivo inevitabile dovessi saltare una sessione, ti chiediamo di leggere gli appunti in seguito e di recuperare la scrittura.&nbsp;<br><br> <\/p>\n\n\n\n<h3 class=\"wp-block-heading\"><strong>Ho bisogno di uno sponsor per partecipare?<\/strong><\/h3>\n\n\n\n<p>Assolutamente no: il workshop \u00e8 specificamente progettato per dare alle persone l&#039;opportunit\u00e0 di lavorare sui Passi anche senza uno sponsor. Come parte del workshop, avrai l&#039;opportunit\u00e0 di entrare in contatto con uno o pi\u00f9 partner con cui condividere il tuo lavoro sui passi, e avremo anche diversi sponsor di gruppo che saranno disponibili a ricevere chiamate e a fornire ulteriore supporto. \u00c8 anche fantastico se hai gi\u00e0 uno sponsor, e sei il benvenuto a condividere il tuo lavoro sui passi con lui. Tutti sono benvenuti.<br><br> <\/p>\n\n\n\n<h3 class=\"wp-block-heading\"><strong>Posso partecipare anche se non sono ancora sicuro di voler seguire i passaggi?<\/strong><\/h3>\n\n\n\n<p>Assolutamente s\u00ec. Va bene anche solo partecipare come osservatore se sei curioso di saperne di pi\u00f9 sui Passi e su come funzionano.<br><br> <\/p>\n\n\n\n<h3 class=\"wp-block-heading\"><strong>Posso contribuire al workshop assumendo un ruolo di servizio?<\/strong><\/h3>\n\n\n\n<p>Il servizio \u00e8 un ottimo modo per rafforzare la nostra sobriet\u00e0 e pu\u00f2 anche aiutarci a essere presenti e a rimanere impegnati nel workshop. Durante l&#039;incontro introduttivo ci sar\u00e0 l&#039;opportunit\u00e0 di offrirsi volontari per ruoli di servizio.<br><br> <\/p>\n\n\n\n<h3 class=\"wp-block-heading\"><strong>C&#039;\u00e8 qualcosa che posso fare per prepararmi al workshop prima che inizi?<\/strong><\/h3>\n\n\n\n<p>Durante il nostro primo incontro ti proporremo diversi impegni da mettere in pratica per tutta la durata del workshop. Se lo desideri, puoi iniziare a praticarli:<\/p>\n\n\n\n<ol class=\"wp-block-list\">\n<li>Partecipare a 90 riunioni in 90 giorni (le riunioni del workshop contano)<\/li>\n\n\n\n<li>Effettua 90 chiamate di programma in 90 giorni<\/li>\n\n\n\n<li>Astenersi da tutti i profitti.<\/li>\n\n\n\n<li>Esercitati a osservare e\/o a rinunciare all&#039;uso non necessario di Internet e della tecnologia.<\/li>\n<\/ol>\n\n\n\n<p>Per il quarto suggerimento, potresti anche trovare un termine pi\u00f9 adatto, diverso da &quot;non necessario&quot;, come &quot;inconscio&quot;, &quot;senza scopo&quot;, &quot;malsano&quot;, &quot;compulsivo&quot;, &quot;eccessivo&quot;, ecc. Tieni presente che questi sono solo suggerimenti, non requisiti. Sei libero di usarli, modificarli o accantonarli.<\/p>\n\n\n\n<p>Oltre a questi suggerimenti, puoi scrivere un &quot;inventario del primo passo&quot; di 1-2 pagine che descriva la storia della tua dipendenza: quando \u00e8 iniziata, come \u00e8 cambiata nel tempo e come \u00e8 ora. In particolare, potresti prestare attenzione ai punti della tua storia in cui noti impotenza o ingestibilit\u00e0.&nbsp;<br><br> <\/p>\n\n\n\n<h3 class=\"wp-block-heading\"><strong>Per qualsiasi ulteriore domanda<\/strong><\/h3>\n\n\n\n<p>Non esitate a contattarci all&#039;indirizzo openpathstepworkshop@gmail.com.<\/p>\n\n\n\n<div style=\"height:100px\" aria-hidden=\"true\" class=\"wp-block-spacer\"><\/div>\n\n\n\n<hr class=\"wp-block-separator has-alpha-channel-opacity is-style-wide\"\/>\n<!-- PMB print buttons is only displayed on a single post\/page URLs-->","protected":false},"excerpt":{"rendered":"<p>This page contains a list of upcoming Open Path Step Workshops, structured settings for working through the Twelve Steps of ITAA in a group with lots of built in support. The meetings are set up so that all stepwork can be done within our meeting times (though there are optional additional writing exercises each week &hellip; <a href=\"https:\/\/internetaddictsanonymous.org\/it\/step-workshops\/\" class=\"more-link\">Continua a leggere <span class=\"screen-reader-text\">Workshop Open Path Step<\/span><\/a><\/p>","protected":false},"author":35194237,"featured_media":0,"parent":0,"menu_order":0,"comment_status":"closed","ping_status":"closed","template":"full-width-page.php","meta":{"inline_featured_image":false,"_lmt_disableupdate":"","_lmt_disable":"","footnotes":""},"tags":[],"class_list":["post-15697","page","type-page","status-publish","hentry"],"yoast_head":"<!-- This site is optimized with the Yoast SEO plugin v27.5 - https:\/\/yoast.com\/product\/yoast-seo-wordpress\/ -->\n<title>Open Path Step Workshops &#8211; Internet and Technology Addicts Anonymous<\/title>\n<meta name=\"robots\" content=\"index, follow, max-snippet:-1, max-image-preview:large, max-video-preview:-1\" \/>\n<link rel=\"canonical\" href=\"https:\/\/internetaddictsanonymous.org\/it\/laboratori-di-step\/\" \/>\n<meta property=\"og:locale\" content=\"it_IT\" \/>\n<meta property=\"og:type\" content=\"article\" \/>\n<meta property=\"og:title\" content=\"Open Path Step Workshops &#8211; Internet and Technology Addicts Anonymous\" \/>\n<meta property=\"og:description\" content=\"This page contains a list of upcoming Open Path Step Workshops, structured settings for working through the Twelve Steps of ITAA in a group with lots of built in support. The meetings are set up so that all stepwork can be done within our meeting times (though there are optional additional writing exercises each week &hellip; Continue reading Open Path Step Workshops\" \/>\n<meta property=\"og:url\" content=\"https:\/\/internetaddictsanonymous.org\/it\/laboratori-di-step\/\" \/>\n<meta property=\"og:site_name\" content=\"Internet and Technology Addicts Anonymous\" \/>\n<meta property=\"article:modified_time\" content=\"2024-10-03T02:43:14+00:00\" \/>\n<meta name=\"twitter:card\" content=\"summary_large_image\" \/>\n<meta name=\"twitter:label1\" content=\"Tempo di lettura stimato\" \/>\n\t<meta name=\"twitter:data1\" content=\"4 minuti\" \/>\n<script type=\"application\/ld+json\" class=\"yoast-schema-graph\">{\"@context\":\"https:\\\/\\\/schema.org\",\"@graph\":[{\"@type\":\"WebPage\",\"@id\":\"https:\\\/\\\/internetaddictsanonymous.org\\\/step-workshops\\\/\",\"url\":\"https:\\\/\\\/internetaddictsanonymous.org\\\/step-workshops\\\/\",\"name\":\"Open Path Step Workshops &#8211; Internet and Technology Addicts Anonymous\",\"isPartOf\":{\"@id\":\"https:\\\/\\\/internetaddictsanonymous.org\\\/#website\"},\"datePublished\":\"2023-04-02T20:03:08+00:00\",\"dateModified\":\"2024-10-03T02:43:14+00:00\",\"breadcrumb\":{\"@id\":\"https:\\\/\\\/internetaddictsanonymous.org\\\/step-workshops\\\/#breadcrumb\"},\"inLanguage\":\"it-IT\",\"potentialAction\":[{\"@type\":\"ReadAction\",\"target\":[\"https:\\\/\\\/internetaddictsanonymous.org\\\/step-workshops\\\/\"]}]},{\"@type\":\"BreadcrumbList\",\"@id\":\"https:\\\/\\\/internetaddictsanonymous.org\\\/step-workshops\\\/#breadcrumb\",\"itemListElement\":[{\"@type\":\"ListItem\",\"position\":1,\"name\":\"Home\",\"item\":\"https:\\\/\\\/internetaddictsanonymous.org\\\/\"},{\"@type\":\"ListItem\",\"position\":2,\"name\":\"Open Path Step Workshops\"}]},{\"@type\":\"WebSite\",\"@id\":\"https:\\\/\\\/internetaddictsanonymous.org\\\/#website\",\"url\":\"https:\\\/\\\/internetaddictsanonymous.org\\\/\",\"name\":\"Internet and Technology Addicts Anonymous\",\"description\":\"Worldwide 12-step Fellowship for Internet and Technology Addiction\",\"publisher\":{\"@id\":\"https:\\\/\\\/internetaddictsanonymous.org\\\/#organization\"},\"potentialAction\":[{\"@type\":\"SearchAction\",\"target\":{\"@type\":\"EntryPoint\",\"urlTemplate\":\"https:\\\/\\\/internetaddictsanonymous.org\\\/?s={search_term_string}\"},\"query-input\":{\"@type\":\"PropertyValueSpecification\",\"valueRequired\":true,\"valueName\":\"search_term_string\"}}],\"inLanguage\":\"it-IT\"},{\"@type\":\"Organization\",\"@id\":\"https:\\\/\\\/internetaddictsanonymous.org\\\/#organization\",\"name\":\"Internet and Technology Addicts Anonymous\",\"url\":\"https:\\\/\\\/internetaddictsanonymous.org\\\/\",\"logo\":{\"@type\":\"ImageObject\",\"inLanguage\":\"it-IT\",\"@id\":\"https:\\\/\\\/internetaddictsanonymous.org\\\/#\\\/schema\\\/logo\\\/image\\\/\",\"url\":\"https:\\\/\\\/internetaddictsanonymous.org\\\/wp-content\\\/uploads\\\/2023\\\/01\\\/cropped-ITAA-logo-480px.png\",\"contentUrl\":\"https:\\\/\\\/internetaddictsanonymous.org\\\/wp-content\\\/uploads\\\/2023\\\/01\\\/cropped-ITAA-logo-480px.png\",\"width\":480,\"height\":480,\"caption\":\"Internet and Technology Addicts Anonymous\"},\"image\":{\"@id\":\"https:\\\/\\\/internetaddictsanonymous.org\\\/#\\\/schema\\\/logo\\\/image\\\/\"}}]}<\/script>\n<!-- \/ Yoast SEO plugin. -->","yoast_head_json":{"title":"Open Path Step Workshops \u2013 Dipendenti da Internet e Tecnologia Anonimi","robots":{"index":"index","follow":"follow","max-snippet":"max-snippet:-1","max-image-preview":"max-image-preview:large","max-video-preview":"max-video-preview:-1"},"canonical":"https:\/\/internetaddictsanonymous.org\/it\/laboratori-di-step\/","og_locale":"it_IT","og_type":"article","og_title":"Open Path Step Workshops &#8211; Internet and Technology Addicts Anonymous","og_description":"This page contains a list of upcoming Open Path Step Workshops, structured settings for working through the Twelve Steps of ITAA in a group with lots of built in support. The meetings are set up so that all stepwork can be done within our meeting times (though there are optional additional writing exercises each week &hellip; Continue reading Open Path Step Workshops","og_url":"https:\/\/internetaddictsanonymous.org\/it\/laboratori-di-step\/","og_site_name":"Internet and Technology Addicts Anonymous","article_modified_time":"2024-10-03T02:43:14+00:00","twitter_card":"summary_large_image","twitter_misc":{"Tempo di lettura stimato":"4 minuti"},"schema":{"@context":"https:\/\/schema.org","@graph":[{"@type":"WebPage","@id":"https:\/\/internetaddictsanonymous.org\/step-workshops\/","url":"https:\/\/internetaddictsanonymous.org\/step-workshops\/","name":"Open Path Step Workshops \u2013 Dipendenti da Internet e Tecnologia Anonimi","isPartOf":{"@id":"https:\/\/internetaddictsanonymous.org\/#website"},"datePublished":"2023-04-02T20:03:08+00:00","dateModified":"2024-10-03T02:43:14+00:00","breadcrumb":{"@id":"https:\/\/internetaddictsanonymous.org\/step-workshops\/#breadcrumb"},"inLanguage":"it-IT","potentialAction":[{"@type":"ReadAction","target":["https:\/\/internetaddictsanonymous.org\/step-workshops\/"]}]},{"@type":"BreadcrumbList","@id":"https:\/\/internetaddictsanonymous.org\/step-workshops\/#breadcrumb","itemListElement":[{"@type":"ListItem","position":1,"name":"Home","item":"https:\/\/internetaddictsanonymous.org\/"},{"@type":"ListItem","position":2,"name":"Open Path Step Workshops"}]},{"@type":"WebSite","@id":"https:\/\/internetaddictsanonymous.org\/#website","url":"https:\/\/internetaddictsanonymous.org\/","name":"Dipendenti da Internet e Tecnologia Anonimi","description":"Associazione mondiale in 12 fasi per la dipendenza da Internet e dalla tecnologia","publisher":{"@id":"https:\/\/internetaddictsanonymous.org\/#organization"},"potentialAction":[{"@type":"SearchAction","target":{"@type":"EntryPoint","urlTemplate":"https:\/\/internetaddictsanonymous.org\/?s={search_term_string}"},"query-input":{"@type":"PropertyValueSpecification","valueRequired":true,"valueName":"search_term_string"}}],"inLanguage":"it-IT"},{"@type":"Organization","@id":"https:\/\/internetaddictsanonymous.org\/#organization","name":"Dipendenti da Internet e Tecnologia Anonimi","url":"https:\/\/internetaddictsanonymous.org\/","logo":{"@type":"ImageObject","inLanguage":"it-IT","@id":"https:\/\/internetaddictsanonymous.org\/#\/schema\/logo\/image\/","url":"https:\/\/internetaddictsanonymous.org\/wp-content\/uploads\/2023\/01\/cropped-ITAA-logo-480px.png","contentUrl":"https:\/\/internetaddictsanonymous.org\/wp-content\/uploads\/2023\/01\/cropped-ITAA-logo-480px.png","width":480,"height":480,"caption":"Internet and Technology Addicts Anonymous"},"image":{"@id":"https:\/\/internetaddictsanonymous.org\/#\/schema\/logo\/image\/"}}]}},"jetpack_sharing_enabled":true,"jetpack_shortlink":"https:\/\/wp.me\/P9Fwob-45b","_links":{"self":[{"href":"https:\/\/internetaddictsanonymous.org\/it\/wp-json\/wp\/v2\/pages\/15697","targetHints":{"allow":["GET"]}}],"collection":[{"href":"https:\/\/internetaddictsanonymous.org\/it\/wp-json\/wp\/v2\/pages"}],"about":[{"href":"https:\/\/internetaddictsanonymous.org\/it\/wp-json\/wp\/v2\/types\/page"}],"author":[{"embeddable":true,"href":"https:\/\/internetaddictsanonymous.org\/it\/wp-json\/wp\/v2\/users\/35194237"}],"replies":[{"embeddable":true,"href":"https:\/\/internetaddictsanonymous.org\/it\/wp-json\/wp\/v2\/comments?post=15697"}],"version-history":[{"count":57,"href":"https:\/\/internetaddictsanonymous.org\/it\/wp-json\/wp\/v2\/pages\/15697\/revisions"}],"predecessor-version":[{"id":18760,"href":"https:\/\/internetaddictsanonymous.org\/it\/wp-json\/wp\/v2\/pages\/15697\/revisions\/18760"}],"wp:attachment":[{"href":"https:\/\/internetaddictsanonymous.org\/it\/wp-json\/wp\/v2\/media?parent=15697"}],"wp:term":[{"taxonomy":"post_tag","embeddable":true,"href":"https:\/\/internetaddictsanonymous.org\/it\/wp-json\/wp\/v2\/tags?post=15697"}],"curies":[{"name":"parola chiave","href":"https:\/\/api.w.org\/{rel}","templated":true}]}}