{"id":16248,"date":"2023-07-14T19:47:57","date_gmt":"2023-07-14T23:47:57","guid":{"rendered":"https:\/\/internetaddictsanonymous.org\/?page_id=16248"},"modified":"2025-03-17T09:17:18","modified_gmt":"2025-03-17T16:17:18","slug":"arabo","status":"publish","type":"page","link":"https:\/\/internetaddictsanonymous.org\/it\/arabic\/","title":{"rendered":"ITAA in arabo"},"content":{"rendered":"<p>Benvenuti a Internet and Technology Addicts Anonymous! Siamo lieti che tu ci abbia trovato e speriamo che la nostra community possa esserti utile tanto quanto lo \u00e8 stata per noi.<strong> <mark style=\"background-color:rgba(0, 0, 0, 0)\" class=\"has-inline-color has-dark-gray-color\">L&#039;ITAA \u00e8 un&#039;associazione di dodici passi composta da persone che si sostengono a vicenda nel percorso di recupero dalla dipendenza da Internet e dalla tecnologia.<\/mark><\/strong> Ci\u00f2 include la dipendenza dai social media, dagli smartphone, dallo streaming di contenuti video o audio, dai giochi, dalle notizie, dalla pornografia, dalle app di incontri, dalla ricerca online, dallo shopping online o da qualsiasi altra attivit\u00e0 digitale che diventi compulsiva e problematica.&nbsp;<\/p>\n\n\n\n<p>Puoi anche rivedere il nostro <a href=\"https:\/\/internetaddictsanonymous.org\/it\/riunioni-online\/\">programma completo degli incontri internazionali<\/a>. <strong>In tutte queste riunioni, puoi abilitare i sottotitoli tradotti nella tua lingua accedendo alla riunione, cliccando sul pulsante &quot;Sottotitoli&quot; nella parte inferiore dello schermo e abilitando la traduzione.<\/strong> Tutti gli incontri sono completamente gratuiti e anonimi.<\/p>\n\n\n<pre><iframe style=\"height: 700px; width: 100%;\" src=\"https:\/\/teamup.com\/ksebdd9bz4my6np3ui?&amp;showHeader=1&amp;showLogo=1&amp;showTitle=1&amp;showSidepanel=1&amp;showViewSelector=1\" width=\"100%\" height=\"700\" frameborder=\"0\"><\/iframe><\/pre>\n\n\n<h3 class=\"wp-block-heading\"><strong>Come funzionano le riunioni?<\/strong><\/h3>\n\n\n\n<p>Se partecipi a una riunione per la prima volta, non c&#039;\u00e8 motivo di agitarsi. La maggior parte delle nostre riunioni sono molto semplici; ogni riunione \u00e8 presieduta da un presidente e la maggior parte dura un&#039;ora. Il presidente e altri volontari leggono alcune dichiarazioni introduttive prima di dare inizio alla riunione, consentendo ai membri di condividere. Non \u00e8 obbligatorio condividere, ed \u00e8 sufficiente ascoltare. Puoi condividere come stai, presentarti e spiegare cosa ti ha portato all&#039;ITAA, o fare domande. A meno che non sia richiesto dal membro che condivide, non offriamo suggerimenti o commenti in risposta alle condivisioni degli altri; ci limitiamo ad ascoltare senza giudicare. Alla fine dell&#039;ora, la riunione si concluder\u00e0 con alcune dichiarazioni conclusive, dopo le quali i membri di solito rimangono in linea per parlare in modo informale, fare domande e scambiarsi i recapiti.<\/p>\n\n\n\n<h3 class=\"wp-block-heading\">Risorse sulla dipendenza da Internet e dalla tecnologia<\/h3>\n\n\n\n<p>Se ti stai chiedendo se potresti avere una dipendenza da Internet e dalla tecnologia, puoi consultare i nostri questionari per <a href=\"https:\/\/internetaddictsanonymous.org\/it\/dipendenza-da-internet-e-tecnologia\/\">dipendenza da internet<\/a>, <a href=\"https:\/\/internetaddictsanonymous.org\/it\/dipendenza-da-internet-e-tecnologia\/dipendenza-dai-social-media\/\">dipendenza dai social media<\/a>, <a href=\"https:\/\/internetaddictsanonymous.org\/it\/dipendenza-da-internet\/dipendenza-dallo-streaming\/\">dipendenza dallo streaming<\/a>, <a href=\"https:\/\/internetaddictsanonymous.org\/it\/dipendenza-da-internet-e-tecnologia\/dipendenza-dal-telefono\/\">dipendenza dal telefono<\/a>, O <a href=\"https:\/\/internetaddictsanonymous.org\/it\/dipendenza-da-internet-e-tecnologia\/dipendenza-dai-videogiochi\/\">dipendenza dai videogiochi<\/a>. Puoi anche saperne di pi\u00f9 su ITAA leggendo il nostro&nbsp;<a href=\"https:\/\/internetaddictsanonymous.org\/it\/guida-per-i-nuovi-arrivati\/\">guida per i nuovi arrivati<\/a>, rivedendo il nostro <a href=\"https:\/\/internetaddictsanonymous.org\/it\/risorse\/strumenti-di-recupero\/\">strumenti di recupero<\/a>, o ascoltando <a href=\"https:\/\/internetaddictsanonymous.org\/it\/storie-di-recupero\/\">storie di recupero dei membri<\/a>.<\/p>\n\n\n\n<p>L&#039;ITAA non \u00e8 affiliata ad alcuna agenda politica, religiosa o di interesse esterno. Siamo completamente autosufficienti e gratuiti per chiunque ne abbia bisogno. Il nostro unico scopo \u00e8 astenerci dall&#039;uso compulsivo di Internet e della tecnologia e aiutare gli altri a liberarsi da questa dipendenza.<\/p>\n\n\n\n<p>\u0623\u0647\u0644\u0627\u064b \u0628\u0643\u0645 \u0645\u062c\u062f\u062f\u0627\u064b! \u00c8 molto probabile che tu abbia un problema con l&#039;economia e l&#039;economia. Scrivici: ranafakhr144@gmail.com<\/p>\n\n\n\n<p><\/p>\n\n\n\n<h3 class=\"wp-block-heading\"><strong>Sicurezza<\/strong><\/h3>\n\n\n\n<p>Nelle nostre riunioni la condivisione dello schermo \u00e8 disattivata e la crittografia \u00e8 attiva. Gli organizzatori possono disattivare l&#039;audio e rimuovere eventuali partecipanti indesiderati. Se organizzi una riunione, ti consigliamo di leggere le linee guida dell&#039;ITAA.&nbsp;<a href=\"https:\/\/internetaddictsanonymous.org\/it\/linee-guida-di-sicurezza-per-gli-host-di-riunioni-itaa\/\">guida su come prevenire e rispondere alle interruzioni<\/a>.<\/p>\n\n\n\n<h3 class=\"wp-block-heading\"><strong>Risorse relative all&#039;accessibilit\u00e0<\/strong><\/h3>\n\n\n\n<p><a href=\"https:\/\/internetaddictsanonymous.org\/it\/accessibilita\/\">Accessibilit\u00e0 per i membri con problemi di linguaggio e di udito<\/a><\/p>\n\n\n\n<p><a href=\"https:\/\/support.zoom.us\/hc\/en-us\/articles\/201362893-How-much-bandwidth-do-I-need-when-using-3G-or-4G-LTE\">Larghezza di banda necessaria quando si utilizza 3G, 4G\/LTE o 5G (support.zoom.us)<\/a><\/p>\n\n\n\n<p><a href=\"https:\/\/support.zoom.us\/hc\/en-us\/articles\/4409500570381-Stopping-all-incoming-video-in-a-meeting-or-webinar\">Come interrompere tutti i video in arrivo (support.zoom.us<\/a>)<\/p>\n\n\n\n<p><br>  <\/p>\n<!-- PMB print buttons is only displayed on a single post\/page URLs-->","protected":false},"excerpt":{"rendered":"<p>Benvenuti a Internet and Technology Addicts Anonymous! Siamo lieti che ci abbiate trovato e speriamo che la nostra comunit\u00e0 possa esservi utile tanto quanto lo \u00e8 stata per noi. ITAA \u00e8 un&#039;associazione in Dodici Passi composta da persone che si sostengono a vicenda nel percorso di recupero dalla dipendenza da Internet e dalla tecnologia. Questa include la dipendenza da social media, smartphone, streaming... <a href=\"https:\/\/internetaddictsanonymous.org\/it\/arabic\/\" class=\"more-link\">Continua a leggere <span class=\"screen-reader-text\">ITAA in arabo<\/span><\/a><\/p>","protected":false},"author":35194237,"featured_media":0,"parent":0,"menu_order":0,"comment_status":"closed","ping_status":"closed","template":"full-width-page.php","meta":{"inline_featured_image":false,"_lmt_disableupdate":"","_lmt_disable":"","jetpack_post_was_ever_published":false,"footnotes":""},"tags":[],"class_list":["post-16248","page","type-page","status-publish","hentry"],"yoast_head":"<!-- This site is optimized with the Yoast SEO plugin v27.3 - https:\/\/yoast.com\/product\/yoast-seo-wordpress\/ -->\n<title>ITAA in Arabic &#8211; Internet and Technology Addicts Anonymous<\/title>\n<meta name=\"robots\" content=\"index, follow, max-snippet:-1, max-image-preview:large, max-video-preview:-1\" \/>\n<link rel=\"canonical\" href=\"https:\/\/internetaddictsanonymous.org\/it\/arabo\/\" \/>\n<meta property=\"og:locale\" content=\"it_IT\" \/>\n<meta property=\"og:type\" content=\"article\" \/>\n<meta property=\"og:title\" content=\"ITAA in Arabic &#8211; Internet and Technology Addicts Anonymous\" \/>\n<meta property=\"og:description\" content=\"Welcome to Internet and Technology Addicts Anonymous! We\u2019re glad you\u2019ve found us, and we hope our community can be as helpful to you as it has been for us. ITAA is a Twelve-Step fellowship of individuals who support each other in recovering from internet and technology addiction. This includes addiction to social media, smartphones, streaming &hellip; Continue reading ITAA in Arabic\" \/>\n<meta property=\"og:url\" content=\"https:\/\/internetaddictsanonymous.org\/it\/arabo\/\" \/>\n<meta property=\"og:site_name\" content=\"Internet and Technology Addicts Anonymous\" \/>\n<meta property=\"article:modified_time\" content=\"2025-03-17T16:17:18+00:00\" \/>\n<meta name=\"twitter:card\" content=\"summary_large_image\" \/>\n<meta name=\"twitter:label1\" content=\"Tempo di lettura stimato\" \/>\n\t<meta name=\"twitter:data1\" content=\"3 minuti\" \/>\n<script type=\"application\/ld+json\" class=\"yoast-schema-graph\">{\"@context\":\"https:\\\/\\\/schema.org\",\"@graph\":[{\"@type\":\"WebPage\",\"@id\":\"https:\\\/\\\/internetaddictsanonymous.org\\\/arabic\\\/\",\"url\":\"https:\\\/\\\/internetaddictsanonymous.org\\\/arabic\\\/\",\"name\":\"ITAA in Arabic &#8211; Internet and Technology Addicts Anonymous\",\"isPartOf\":{\"@id\":\"https:\\\/\\\/internetaddictsanonymous.org\\\/#website\"},\"datePublished\":\"2023-07-14T23:47:57+00:00\",\"dateModified\":\"2025-03-17T16:17:18+00:00\",\"breadcrumb\":{\"@id\":\"https:\\\/\\\/internetaddictsanonymous.org\\\/arabic\\\/#breadcrumb\"},\"inLanguage\":\"it-IT\",\"potentialAction\":[{\"@type\":\"ReadAction\",\"target\":[\"https:\\\/\\\/internetaddictsanonymous.org\\\/arabic\\\/\"]}]},{\"@type\":\"BreadcrumbList\",\"@id\":\"https:\\\/\\\/internetaddictsanonymous.org\\\/arabic\\\/#breadcrumb\",\"itemListElement\":[{\"@type\":\"ListItem\",\"position\":1,\"name\":\"Home\",\"item\":\"https:\\\/\\\/internetaddictsanonymous.org\\\/\"},{\"@type\":\"ListItem\",\"position\":2,\"name\":\"ITAA in Arabic\"}]},{\"@type\":\"WebSite\",\"@id\":\"https:\\\/\\\/internetaddictsanonymous.org\\\/#website\",\"url\":\"https:\\\/\\\/internetaddictsanonymous.org\\\/\",\"name\":\"Internet and Technology Addicts Anonymous\",\"description\":\"Worldwide 12-step Fellowship for Internet and Technology Addiction\",\"publisher\":{\"@id\":\"https:\\\/\\\/internetaddictsanonymous.org\\\/#organization\"},\"potentialAction\":[{\"@type\":\"SearchAction\",\"target\":{\"@type\":\"EntryPoint\",\"urlTemplate\":\"https:\\\/\\\/internetaddictsanonymous.org\\\/?s={search_term_string}\"},\"query-input\":{\"@type\":\"PropertyValueSpecification\",\"valueRequired\":true,\"valueName\":\"search_term_string\"}}],\"inLanguage\":\"it-IT\"},{\"@type\":\"Organization\",\"@id\":\"https:\\\/\\\/internetaddictsanonymous.org\\\/#organization\",\"name\":\"Internet and Technology Addicts Anonymous\",\"url\":\"https:\\\/\\\/internetaddictsanonymous.org\\\/\",\"logo\":{\"@type\":\"ImageObject\",\"inLanguage\":\"it-IT\",\"@id\":\"https:\\\/\\\/internetaddictsanonymous.org\\\/#\\\/schema\\\/logo\\\/image\\\/\",\"url\":\"https:\\\/\\\/internetaddictsanonymous.org\\\/wp-content\\\/uploads\\\/2023\\\/01\\\/cropped-ITAA-logo-480px.png\",\"contentUrl\":\"https:\\\/\\\/internetaddictsanonymous.org\\\/wp-content\\\/uploads\\\/2023\\\/01\\\/cropped-ITAA-logo-480px.png\",\"width\":480,\"height\":480,\"caption\":\"Internet and Technology Addicts Anonymous\"},\"image\":{\"@id\":\"https:\\\/\\\/internetaddictsanonymous.org\\\/#\\\/schema\\\/logo\\\/image\\\/\"}}]}<\/script>\n<!-- \/ Yoast SEO plugin. -->","yoast_head_json":{"title":"ITAA in arabo \u2013 Dipendenti da Internet e Tecnologia Anonimi","robots":{"index":"index","follow":"follow","max-snippet":"max-snippet:-1","max-image-preview":"max-image-preview:large","max-video-preview":"max-video-preview:-1"},"canonical":"https:\/\/internetaddictsanonymous.org\/it\/arabo\/","og_locale":"it_IT","og_type":"article","og_title":"ITAA in Arabic &#8211; Internet and Technology Addicts Anonymous","og_description":"Welcome to Internet and Technology Addicts Anonymous! We\u2019re glad you\u2019ve found us, and we hope our community can be as helpful to you as it has been for us. ITAA is a Twelve-Step fellowship of individuals who support each other in recovering from internet and technology addiction. This includes addiction to social media, smartphones, streaming &hellip; Continue reading ITAA in Arabic","og_url":"https:\/\/internetaddictsanonymous.org\/it\/arabo\/","og_site_name":"Internet and Technology Addicts Anonymous","article_modified_time":"2025-03-17T16:17:18+00:00","twitter_card":"summary_large_image","twitter_misc":{"Tempo di lettura stimato":"3 minuti"},"schema":{"@context":"https:\/\/schema.org","@graph":[{"@type":"WebPage","@id":"https:\/\/internetaddictsanonymous.org\/arabic\/","url":"https:\/\/internetaddictsanonymous.org\/arabic\/","name":"ITAA in arabo \u2013 Dipendenti da Internet e Tecnologia Anonimi","isPartOf":{"@id":"https:\/\/internetaddictsanonymous.org\/#website"},"datePublished":"2023-07-14T23:47:57+00:00","dateModified":"2025-03-17T16:17:18+00:00","breadcrumb":{"@id":"https:\/\/internetaddictsanonymous.org\/arabic\/#breadcrumb"},"inLanguage":"it-IT","potentialAction":[{"@type":"ReadAction","target":["https:\/\/internetaddictsanonymous.org\/arabic\/"]}]},{"@type":"BreadcrumbList","@id":"https:\/\/internetaddictsanonymous.org\/arabic\/#breadcrumb","itemListElement":[{"@type":"ListItem","position":1,"name":"Home","item":"https:\/\/internetaddictsanonymous.org\/"},{"@type":"ListItem","position":2,"name":"ITAA in Arabic"}]},{"@type":"WebSite","@id":"https:\/\/internetaddictsanonymous.org\/#website","url":"https:\/\/internetaddictsanonymous.org\/","name":"Dipendenti da Internet e Tecnologia Anonimi","description":"Associazione mondiale in 12 fasi per la dipendenza da Internet e dalla tecnologia","publisher":{"@id":"https:\/\/internetaddictsanonymous.org\/#organization"},"potentialAction":[{"@type":"SearchAction","target":{"@type":"EntryPoint","urlTemplate":"https:\/\/internetaddictsanonymous.org\/?s={search_term_string}"},"query-input":{"@type":"PropertyValueSpecification","valueRequired":true,"valueName":"search_term_string"}}],"inLanguage":"it-IT"},{"@type":"Organization","@id":"https:\/\/internetaddictsanonymous.org\/#organization","name":"Dipendenti da Internet e Tecnologia Anonimi","url":"https:\/\/internetaddictsanonymous.org\/","logo":{"@type":"ImageObject","inLanguage":"it-IT","@id":"https:\/\/internetaddictsanonymous.org\/#\/schema\/logo\/image\/","url":"https:\/\/internetaddictsanonymous.org\/wp-content\/uploads\/2023\/01\/cropped-ITAA-logo-480px.png","contentUrl":"https:\/\/internetaddictsanonymous.org\/wp-content\/uploads\/2023\/01\/cropped-ITAA-logo-480px.png","width":480,"height":480,"caption":"Internet and Technology Addicts Anonymous"},"image":{"@id":"https:\/\/internetaddictsanonymous.org\/#\/schema\/logo\/image\/"}}]}},"jetpack_sharing_enabled":true,"jetpack_shortlink":"https:\/\/wp.me\/P9Fwob-4e4","_links":{"self":[{"href":"https:\/\/internetaddictsanonymous.org\/it\/wp-json\/wp\/v2\/pages\/16248","targetHints":{"allow":["GET"]}}],"collection":[{"href":"https:\/\/internetaddictsanonymous.org\/it\/wp-json\/wp\/v2\/pages"}],"about":[{"href":"https:\/\/internetaddictsanonymous.org\/it\/wp-json\/wp\/v2\/types\/page"}],"author":[{"embeddable":true,"href":"https:\/\/internetaddictsanonymous.org\/it\/wp-json\/wp\/v2\/users\/35194237"}],"replies":[{"embeddable":true,"href":"https:\/\/internetaddictsanonymous.org\/it\/wp-json\/wp\/v2\/comments?post=16248"}],"version-history":[{"count":14,"href":"https:\/\/internetaddictsanonymous.org\/it\/wp-json\/wp\/v2\/pages\/16248\/revisions"}],"predecessor-version":[{"id":19465,"href":"https:\/\/internetaddictsanonymous.org\/it\/wp-json\/wp\/v2\/pages\/16248\/revisions\/19465"}],"wp:attachment":[{"href":"https:\/\/internetaddictsanonymous.org\/it\/wp-json\/wp\/v2\/media?parent=16248"}],"wp:term":[{"taxonomy":"post_tag","embeddable":true,"href":"https:\/\/internetaddictsanonymous.org\/it\/wp-json\/wp\/v2\/tags?post=16248"}],"curies":[{"name":"parola chiave","href":"https:\/\/api.w.org\/{rel}","templated":true}]}}