{"id":16276,"date":"2023-07-16T10:54:37","date_gmt":"2023-07-16T14:54:37","guid":{"rendered":"https:\/\/internetaddictsanonymous.org\/?page_id=16276"},"modified":"2026-03-01T09:10:19","modified_gmt":"2026-03-01T17:10:19","slug":"stati-uniti-damerica","status":"publish","type":"page","link":"https:\/\/internetaddictsanonymous.org\/it\/in-person-meetings\/usa-ny\/","title":{"rendered":"ITAA a New York, Stati Uniti"},"content":{"rendered":"<p>Benvenuti a Internet and Technology Addicts Anonymous! Siamo lieti che tu ci abbia trovato e speriamo che la nostra community possa esserti utile tanto quanto lo \u00e8 stata per noi.<strong> <mark style=\"background-color:rgba(0, 0, 0, 0)\" class=\"has-inline-color has-dark-gray-color\">L&#039;ITAA \u00e8 un&#039;associazione di dodici passi composta da persone che si sostengono a vicenda nel percorso di recupero dalla dipendenza da Internet e dalla tecnologia.<\/mark><\/strong> Ci\u00f2 include la dipendenza dai social media, dagli smartphone, dallo streaming di contenuti video o audio, dai giochi, dalle notizie, dalla pornografia, dalle app di incontri, dalla ricerca online, dallo shopping online o da qualsiasi altra attivit\u00e0 digitale che diventi compulsiva e problematica.&nbsp;<\/p>\n\n\n\n<h3 class=\"wp-block-heading\">ITAA a New York City<\/h3>\n\n\n\n<p><strong>Funziona se ci lavori (Manhattan \u2013 Upper East Side)<\/strong><br><strong>Quando:<\/strong>&nbsp;Luned\u00ec, 17:30-18:30<br><strong>Dove:<\/strong>&nbsp;Chiesa cattolica romana di San Vincenzo Ferrer \u2014 869 Lexington Ave, New York, NY 10065 (entrare dalla porticina rossa verso la 65th St)<br><strong>Contatto:<\/strong>&nbsp;<a href=\"mailto:itaa.iwiywi@gmail.com\">itaa.iwiywi@gmail.com<\/a>&nbsp;(email da aggiungere alla mailing list)<br><strong>Messa a fuoco:<\/strong>&nbsp;Come raggiungere e mantenere la sobriet\u00e0. Ogni mese inizia con uno strumento di recupero presentato da un membro con una lunga esperienza di sobriet\u00e0. Gli incontri durante il mese approfondiscono questo strumento, anche durante la condivisione aperta. Il quarto incontro prevede una condivisione da parte di un relatore.&nbsp;<em>Ogni settimana mettiamo in contatto chiunque ne abbia bisogno con uno sponsor temporaneo e offriamo opportunit\u00e0 di servizio.<\/em><\/p>\n\n\n\n<p><strong>ITAA a New York (Manhattan \u2013 West Village)<\/strong><br><strong>Quando:<\/strong>&nbsp;Sabato, dalle 14:00 alle 15:00<br><strong>Dove:<\/strong>&nbsp;Centro comunitario LGBT \u2014 208 W 13th St, New York, NY 10014<br><strong>Contatto:<\/strong>&nbsp;<a>itaa.nyc@gmail.com<\/a>&nbsp;(email per essere aggiunti alla catena e ricevere aggiornamenti)<br><strong>Note:<\/strong>&nbsp;La sala riunioni sar\u00e0 indicata sul cartello nell&#039;atrio; se non riesci a trovarla, chiedi aiuto a un dipendente del Centro.<\/p>\n\n\n\n<p><strong>Recuperare insieme (Brooklyn \u2013 Bushwick)<\/strong><br><strong>Quando:<\/strong>&nbsp;Marted\u00ec, 17:00<br><strong>Dove:<\/strong>&nbsp;N Brooklyn Recovery Center \u2013 304 Boerum St, Brooklyn, NY 11206<br><strong>Indicazioni:<\/strong>&nbsp;Fermata Morgan Ave sul treno L<br><strong>Contatto:<\/strong>&nbsp;<a href=\"mailto:brooklynitaa@gmail.com\">brooklynitaa@gmail.com<\/a> (email da aggiungere alla mailing list)<br><strong>Messa a fuoco:<\/strong>&nbsp;Ogni incontro affronta un argomento fondamentale per il recupero. La condivisione aperta inizia con due interventi guidati da membri che hanno recentemente compiuto progressi nel loro percorso di recupero. Il primo incontro di ogni mese prevede un intervento pi\u00f9 lungo.<\/p>\n\n\n\n<p><strong>Passo dopo passo (Queens \u2013 Sunnyside)<\/strong><br><strong>Quando:<\/strong>&nbsp;Domenica, 18:30-19:30<br><strong>Dove:<\/strong>&nbsp;Mosaic Community Center \u2014 43-01A 46th St, Sunnyside, NY 11104<br><strong>Contatto:<\/strong>&nbsp;<a>sunnyside.itaa@gmail.com<\/a>&nbsp;(email da aggiungere alla mailing list)<br><strong>Messa a fuoco:<\/strong>&nbsp;Tutti gli incontri, tranne il secondo del mese, prevedono 10 minuti di lavoro autonomo sui singoli step (con risorse fornite), seguiti da una condivisione aperta sul lavoro svolto. Nel secondo incontro del mese, un relatore condivider\u00e0 pi\u00f9 a lungo la propria esperienza di lavoro su un Step recente.&nbsp;<em>A ogni incontro, mettiamo in contatto chiunque ne abbia bisogno con uno sponsor temporaneo.<\/em><\/p>\n\n\n\n<p class=\"has-text-align-center\">-~-<\/p>\n\n\n\n<h3 class=\"wp-block-heading\">ITAA a Westchester<\/h3>\n\n\n\n<p>Un nuovo gruppo in presenza si sta formando e ha iniziato a incontrarsi regolarmente nella contea di Westchester, New York. Contattateci.&nbsp;<a href=\"mailto:itaa.westchester@gmail.com\" target=\"_blank\" rel=\"noreferrer noopener\">itaa.westchester@gmail.com<\/a>&nbsp;per maggiori informazioni.<\/p>\n\n\n\n<p class=\"has-text-align-center\">-~-<\/p>\n\n\n\n<h3 class=\"wp-block-heading\">ITAA a Buffalo (potenziale)<\/h3>\n\n\n\n<p>I soci interessati a organizzare un incontro di persona a Buffalo, New York, Stati Uniti. Per ulteriori informazioni, contattare efc21@protonmail.com.<\/p>\n\n\n\n<p class=\"has-text-align-center\">-~-<\/p>\n\n\n\n<h3 class=\"wp-block-heading\">Riunioni aggiuntive<\/h3>\n\n\n\n<p>Se sei nuovo, ti invitiamo a provare a partecipare a sei incontri in un breve periodo di tempo per vedere se il nostro programma pu\u00f2 esserti utile. Oltre al nostro incontro locale di persona, puoi anche consultare il nostro <a href=\"https:\/\/internetaddictsanonymous.org\/it\/incontri-di-persona\/\">altri incontri di persona<\/a> e un <a href=\"https:\/\/internetaddictsanonymous.org\/it\/riunioni-online\/\">programma completo degli incontri online<\/a>. Tutti gli incontri sono completamente gratuiti e anonimi.<\/p>\n\n\n\n<h3 class=\"wp-block-heading\"><strong>Come funzionano le riunioni?<\/strong><\/h3>\n\n\n\n<p>Se partecipi a una riunione per la prima volta, non c&#039;\u00e8 motivo di agitarsi. La maggior parte delle nostre riunioni sono molto semplici; ogni riunione \u00e8 presieduta da un presidente e la maggior parte dura un&#039;ora. Il presidente e altri volontari leggono alcune dichiarazioni introduttive prima di dare inizio alla riunione, consentendo ai membri di condividere. Non \u00e8 obbligatorio condividere, ed \u00e8 possibile semplicemente ascoltare. Se ti senti a tuo agio, puoi presentarti e condividere il motivo per cui sei arrivato all&#039;ITAA. A meno che non sia richiesto dal membro che condivide, non offriamo suggerimenti o commenti in risposta alle condivisioni altrui; ci limitiamo ad ascoltare senza giudicare. Al termine dell&#039;ora, la riunione si concluder\u00e0 con alcune dichiarazioni conclusive, dopo le quali i membri di solito parlano in modo informale, fanno domande e si scambiano i recapiti.<\/p>\n\n\n\n<h3 class=\"wp-block-heading\">Risorse sulla dipendenza da Internet e dalla tecnologia<\/h3>\n\n\n\n<p>Se ti stai chiedendo se potresti avere una dipendenza da Internet e dalla tecnologia, puoi consultare i nostri questionari per <a href=\"https:\/\/internetaddictsanonymous.org\/it\/dipendenza-da-internet-e-tecnologia\/\">dipendenza da internet<\/a>, <a href=\"https:\/\/internetaddictsanonymous.org\/it\/dipendenza-da-internet-e-tecnologia\/dipendenza-dai-social-media\/\">dipendenza dai social media<\/a>, <a href=\"https:\/\/internetaddictsanonymous.org\/it\/dipendenza-da-internet\/dipendenza-dallo-streaming\/\">dipendenza dallo streaming<\/a>, <a href=\"https:\/\/internetaddictsanonymous.org\/it\/dipendenza-da-internet-e-tecnologia\/dipendenza-dal-telefono\/\">dipendenza dal telefono<\/a>, O <a href=\"https:\/\/internetaddictsanonymous.org\/it\/dipendenza-da-internet-e-tecnologia\/dipendenza-dai-videogiochi\/\">dipendenza dai videogiochi<\/a>. Puoi anche saperne di pi\u00f9 su ITAA leggendo il nostro&nbsp;<a href=\"https:\/\/internetaddictsanonymous.org\/it\/guida-per-i-nuovi-arrivati\/\">guida per i nuovi arrivati<\/a>, rivedendo il nostro <a href=\"https:\/\/internetaddictsanonymous.org\/it\/risorse\/strumenti-di-recupero\/\">strumenti di recupero<\/a>, o ascoltando <a href=\"https:\/\/internetaddictsanonymous.org\/it\/storie-di-recupero\/\">storie di recupero dei membri<\/a>.<\/p>\n\n\n\n<p>L&#039;ITAA non \u00e8 affiliata ad alcuna agenda politica, religiosa o di interesse esterno. Siamo completamente autosufficienti e gratuiti per chiunque ne abbia bisogno. Il nostro unico scopo \u00e8 astenerci dall&#039;uso compulsivo di Internet e della tecnologia e aiutare gli altri a liberarsi da questa dipendenza.<\/p>\n\n\n\n<p>Di nuovo, benvenuti! Ci auguriamo che questa community possa fornirvi il supporto di cui avete bisogno per superare la dipendenza da Internet e dalla tecnologia. Non esitate a contattarci per qualsiasi domanda.<\/p>\n<!-- PMB print buttons is only displayed on a single post\/page URLs-->","protected":false},"excerpt":{"rendered":"<p>Benvenuti a Internet and Technology Addicts Anonymous! Siamo lieti che ci abbiate trovato e speriamo che la nostra comunit\u00e0 possa esservi utile tanto quanto lo \u00e8 stata per noi. ITAA \u00e8 un&#039;associazione in Dodici Passi composta da persone che si sostengono a vicenda nel percorso di recupero dalla dipendenza da Internet e dalla tecnologia. Questa include la dipendenza da social media, smartphone, streaming... <a href=\"https:\/\/internetaddictsanonymous.org\/it\/in-person-meetings\/usa-ny\/\" class=\"more-link\">Continua a leggere <span class=\"screen-reader-text\">ITAA a New York, Stati Uniti<\/span><\/a><\/p>","protected":false},"author":35194237,"featured_media":0,"parent":148,"menu_order":0,"comment_status":"closed","ping_status":"closed","template":"full-width-page.php","meta":{"inline_featured_image":false,"_lmt_disableupdate":"","_lmt_disable":"","jetpack_post_was_ever_published":false,"footnotes":""},"tags":[],"class_list":["post-16276","page","type-page","status-publish","hentry"],"yoast_head":"<!-- This site is optimized with the Yoast SEO plugin v27.3 - https:\/\/yoast.com\/product\/yoast-seo-wordpress\/ -->\n<title>ITAA in New York, US &#8211; Internet and Technology Addicts Anonymous<\/title>\n<meta name=\"robots\" content=\"index, follow, max-snippet:-1, max-image-preview:large, max-video-preview:-1\" \/>\n<link rel=\"canonical\" href=\"https:\/\/internetaddictsanonymous.org\/it\/incontri-di-persona\/stati-uniti-damerica\/\" \/>\n<meta property=\"og:locale\" content=\"it_IT\" \/>\n<meta property=\"og:type\" content=\"article\" \/>\n<meta property=\"og:title\" content=\"ITAA in New York, US &#8211; Internet and Technology Addicts Anonymous\" \/>\n<meta property=\"og:description\" content=\"Welcome to Internet and Technology Addicts Anonymous! We\u2019re glad you\u2019ve found us, and we hope our community can be as helpful to you as it has been for us. ITAA is a Twelve-Step fellowship of individuals who support each other in recovering from internet and technology addiction. This includes addiction to social media, smartphones, streaming &hellip; Continue reading ITAA in New York, US\" \/>\n<meta property=\"og:url\" content=\"https:\/\/internetaddictsanonymous.org\/it\/incontri-di-persona\/stati-uniti-damerica\/\" \/>\n<meta property=\"og:site_name\" content=\"Internet and Technology Addicts Anonymous\" \/>\n<meta property=\"article:modified_time\" content=\"2026-03-01T17:10:19+00:00\" \/>\n<meta name=\"twitter:card\" content=\"summary_large_image\" \/>\n<meta name=\"twitter:label1\" content=\"Tempo di lettura stimato\" \/>\n\t<meta name=\"twitter:data1\" content=\"4 minuti\" \/>\n<script type=\"application\/ld+json\" class=\"yoast-schema-graph\">{\"@context\":\"https:\\\/\\\/schema.org\",\"@graph\":[{\"@type\":\"WebPage\",\"@id\":\"https:\\\/\\\/internetaddictsanonymous.org\\\/in-person-meetings\\\/usa-ny\\\/\",\"url\":\"https:\\\/\\\/internetaddictsanonymous.org\\\/in-person-meetings\\\/usa-ny\\\/\",\"name\":\"ITAA in New York, US &#8211; Internet and Technology Addicts Anonymous\",\"isPartOf\":{\"@id\":\"https:\\\/\\\/internetaddictsanonymous.org\\\/#website\"},\"datePublished\":\"2023-07-16T14:54:37+00:00\",\"dateModified\":\"2026-03-01T17:10:19+00:00\",\"breadcrumb\":{\"@id\":\"https:\\\/\\\/internetaddictsanonymous.org\\\/in-person-meetings\\\/usa-ny\\\/#breadcrumb\"},\"inLanguage\":\"it-IT\",\"potentialAction\":[{\"@type\":\"ReadAction\",\"target\":[\"https:\\\/\\\/internetaddictsanonymous.org\\\/in-person-meetings\\\/usa-ny\\\/\"]}]},{\"@type\":\"BreadcrumbList\",\"@id\":\"https:\\\/\\\/internetaddictsanonymous.org\\\/in-person-meetings\\\/usa-ny\\\/#breadcrumb\",\"itemListElement\":[{\"@type\":\"ListItem\",\"position\":1,\"name\":\"Home\",\"item\":\"https:\\\/\\\/internetaddictsanonymous.org\\\/\"},{\"@type\":\"ListItem\",\"position\":2,\"name\":\"In-Person Meetings\",\"item\":\"https:\\\/\\\/internetaddictsanonymous.org\\\/in-person-meetings\\\/\"},{\"@type\":\"ListItem\",\"position\":3,\"name\":\"ITAA in New York, US\"}]},{\"@type\":\"WebSite\",\"@id\":\"https:\\\/\\\/internetaddictsanonymous.org\\\/#website\",\"url\":\"https:\\\/\\\/internetaddictsanonymous.org\\\/\",\"name\":\"Internet and Technology Addicts Anonymous\",\"description\":\"Worldwide 12-step Fellowship for Internet and Technology Addiction\",\"publisher\":{\"@id\":\"https:\\\/\\\/internetaddictsanonymous.org\\\/#organization\"},\"potentialAction\":[{\"@type\":\"SearchAction\",\"target\":{\"@type\":\"EntryPoint\",\"urlTemplate\":\"https:\\\/\\\/internetaddictsanonymous.org\\\/?s={search_term_string}\"},\"query-input\":{\"@type\":\"PropertyValueSpecification\",\"valueRequired\":true,\"valueName\":\"search_term_string\"}}],\"inLanguage\":\"it-IT\"},{\"@type\":\"Organization\",\"@id\":\"https:\\\/\\\/internetaddictsanonymous.org\\\/#organization\",\"name\":\"Internet and Technology Addicts Anonymous\",\"url\":\"https:\\\/\\\/internetaddictsanonymous.org\\\/\",\"logo\":{\"@type\":\"ImageObject\",\"inLanguage\":\"it-IT\",\"@id\":\"https:\\\/\\\/internetaddictsanonymous.org\\\/#\\\/schema\\\/logo\\\/image\\\/\",\"url\":\"https:\\\/\\\/internetaddictsanonymous.org\\\/wp-content\\\/uploads\\\/2023\\\/01\\\/cropped-ITAA-logo-480px.png\",\"contentUrl\":\"https:\\\/\\\/internetaddictsanonymous.org\\\/wp-content\\\/uploads\\\/2023\\\/01\\\/cropped-ITAA-logo-480px.png\",\"width\":480,\"height\":480,\"caption\":\"Internet and Technology Addicts Anonymous\"},\"image\":{\"@id\":\"https:\\\/\\\/internetaddictsanonymous.org\\\/#\\\/schema\\\/logo\\\/image\\\/\"}}]}<\/script>\n<!-- \/ Yoast SEO plugin. -->","yoast_head_json":{"title":"ITAA a New York, Stati Uniti \u2013 Dipendenti da Internet e Tecnologia Anonimi","robots":{"index":"index","follow":"follow","max-snippet":"max-snippet:-1","max-image-preview":"max-image-preview:large","max-video-preview":"max-video-preview:-1"},"canonical":"https:\/\/internetaddictsanonymous.org\/it\/incontri-di-persona\/stati-uniti-damerica\/","og_locale":"it_IT","og_type":"article","og_title":"ITAA in New York, US &#8211; Internet and Technology Addicts Anonymous","og_description":"Welcome to Internet and Technology Addicts Anonymous! We\u2019re glad you\u2019ve found us, and we hope our community can be as helpful to you as it has been for us. ITAA is a Twelve-Step fellowship of individuals who support each other in recovering from internet and technology addiction. This includes addiction to social media, smartphones, streaming &hellip; Continue reading ITAA in New York, US","og_url":"https:\/\/internetaddictsanonymous.org\/it\/incontri-di-persona\/stati-uniti-damerica\/","og_site_name":"Internet and Technology Addicts Anonymous","article_modified_time":"2026-03-01T17:10:19+00:00","twitter_card":"summary_large_image","twitter_misc":{"Tempo di lettura stimato":"4 minuti"},"schema":{"@context":"https:\/\/schema.org","@graph":[{"@type":"WebPage","@id":"https:\/\/internetaddictsanonymous.org\/in-person-meetings\/usa-ny\/","url":"https:\/\/internetaddictsanonymous.org\/in-person-meetings\/usa-ny\/","name":"ITAA a New York, Stati Uniti \u2013 Dipendenti da Internet e Tecnologia Anonimi","isPartOf":{"@id":"https:\/\/internetaddictsanonymous.org\/#website"},"datePublished":"2023-07-16T14:54:37+00:00","dateModified":"2026-03-01T17:10:19+00:00","breadcrumb":{"@id":"https:\/\/internetaddictsanonymous.org\/in-person-meetings\/usa-ny\/#breadcrumb"},"inLanguage":"it-IT","potentialAction":[{"@type":"ReadAction","target":["https:\/\/internetaddictsanonymous.org\/in-person-meetings\/usa-ny\/"]}]},{"@type":"BreadcrumbList","@id":"https:\/\/internetaddictsanonymous.org\/in-person-meetings\/usa-ny\/#breadcrumb","itemListElement":[{"@type":"ListItem","position":1,"name":"Home","item":"https:\/\/internetaddictsanonymous.org\/"},{"@type":"ListItem","position":2,"name":"In-Person Meetings","item":"https:\/\/internetaddictsanonymous.org\/in-person-meetings\/"},{"@type":"ListItem","position":3,"name":"ITAA in New York, US"}]},{"@type":"WebSite","@id":"https:\/\/internetaddictsanonymous.org\/#website","url":"https:\/\/internetaddictsanonymous.org\/","name":"Dipendenti da Internet e Tecnologia Anonimi","description":"Associazione mondiale in 12 fasi per la dipendenza da Internet e dalla tecnologia","publisher":{"@id":"https:\/\/internetaddictsanonymous.org\/#organization"},"potentialAction":[{"@type":"SearchAction","target":{"@type":"EntryPoint","urlTemplate":"https:\/\/internetaddictsanonymous.org\/?s={search_term_string}"},"query-input":{"@type":"PropertyValueSpecification","valueRequired":true,"valueName":"search_term_string"}}],"inLanguage":"it-IT"},{"@type":"Organization","@id":"https:\/\/internetaddictsanonymous.org\/#organization","name":"Dipendenti da Internet e Tecnologia Anonimi","url":"https:\/\/internetaddictsanonymous.org\/","logo":{"@type":"ImageObject","inLanguage":"it-IT","@id":"https:\/\/internetaddictsanonymous.org\/#\/schema\/logo\/image\/","url":"https:\/\/internetaddictsanonymous.org\/wp-content\/uploads\/2023\/01\/cropped-ITAA-logo-480px.png","contentUrl":"https:\/\/internetaddictsanonymous.org\/wp-content\/uploads\/2023\/01\/cropped-ITAA-logo-480px.png","width":480,"height":480,"caption":"Internet and Technology Addicts Anonymous"},"image":{"@id":"https:\/\/internetaddictsanonymous.org\/#\/schema\/logo\/image\/"}}]}},"jetpack_sharing_enabled":true,"jetpack_shortlink":"https:\/\/wp.me\/P9Fwob-4ew","_links":{"self":[{"href":"https:\/\/internetaddictsanonymous.org\/it\/wp-json\/wp\/v2\/pages\/16276","targetHints":{"allow":["GET"]}}],"collection":[{"href":"https:\/\/internetaddictsanonymous.org\/it\/wp-json\/wp\/v2\/pages"}],"about":[{"href":"https:\/\/internetaddictsanonymous.org\/it\/wp-json\/wp\/v2\/types\/page"}],"author":[{"embeddable":true,"href":"https:\/\/internetaddictsanonymous.org\/it\/wp-json\/wp\/v2\/users\/35194237"}],"replies":[{"embeddable":true,"href":"https:\/\/internetaddictsanonymous.org\/it\/wp-json\/wp\/v2\/comments?post=16276"}],"version-history":[{"count":28,"href":"https:\/\/internetaddictsanonymous.org\/it\/wp-json\/wp\/v2\/pages\/16276\/revisions"}],"predecessor-version":[{"id":21080,"href":"https:\/\/internetaddictsanonymous.org\/it\/wp-json\/wp\/v2\/pages\/16276\/revisions\/21080"}],"up":[{"embeddable":true,"href":"https:\/\/internetaddictsanonymous.org\/it\/wp-json\/wp\/v2\/pages\/148"}],"wp:attachment":[{"href":"https:\/\/internetaddictsanonymous.org\/it\/wp-json\/wp\/v2\/media?parent=16276"}],"wp:term":[{"taxonomy":"post_tag","embeddable":true,"href":"https:\/\/internetaddictsanonymous.org\/it\/wp-json\/wp\/v2\/tags?post=16276"}],"curies":[{"name":"parola chiave","href":"https:\/\/api.w.org\/{rel}","templated":true}]}}