{"id":16390,"date":"2023-07-16T14:01:24","date_gmt":"2023-07-16T18:01:24","guid":{"rendered":"https:\/\/internetaddictsanonymous.org\/?page_id=16390"},"modified":"2026-04-03T06:55:28","modified_gmt":"2026-04-03T13:55:28","slug":"regno-unito-londra","status":"publish","type":"page","link":"https:\/\/internetaddictsanonymous.org\/it\/in-person-meetings\/uk-london\/","title":{"rendered":"ITAA nel Regno Unito"},"content":{"rendered":"<p>Benvenuti a Internet and Technology Addicts Anonymous! Siamo lieti che tu ci abbia trovato e speriamo che la nostra community possa esserti utile tanto quanto lo \u00e8 stata per noi.<strong> <mark style=\"background-color:rgba(0, 0, 0, 0)\" class=\"has-inline-color has-dark-gray-color\">L&#039;ITAA \u00e8 un&#039;associazione di dodici passi composta da persone che si sostengono a vicenda nel percorso di recupero dalla dipendenza da Internet e dalla tecnologia.<\/mark><\/strong> Ci\u00f2 include la dipendenza dai social media, dagli smartphone, dallo streaming di contenuti video o audio, dai giochi, dalle notizie, dalla pornografia, dalle app di incontri, dalla ricerca online, dallo shopping online o da qualsiasi altra attivit\u00e0 digitale che diventi compulsiva e problematica.&nbsp;<\/p>\n\n\n\n<h3 class=\"wp-block-heading\">Incontri a Cambridge (potenziali)<\/h3>\n\n\n\n<p>C&#039;\u00e8 interesse ad avviare un incontro a Cambridge. Si prega di contattare <a href=\"mailto:recovering.rhys@gmail.com\" target=\"_blank\" rel=\"noreferrer noopener\">recovering.rhys@gmail.com<\/a>&nbsp;per maggiori informazioni.&nbsp;<\/p>\n\n\n\n<h3 class=\"wp-block-heading\">Incontri a Edimburgo <\/h3>\n\n\n\n<p>Nota: si prega di contattare\u00a0<a href=\"mailto:fellowshipedinburgh@gmail.com\" target=\"_blank\" rel=\"noreferrer noopener\">fellowshipedinburgh@gmail.com<\/a>\u00a0prima di recarsi a una riunione per accertarsi che si svolga regolarmente quel giorno.<\/p>\n\n\n\n<p>Quando: La riunione si terr\u00e0 dalle 19:00 alle 20:00 a partire da mercoled\u00ec.<br>Dove: La sede \u00e8 The Space Creative and Cultural Hub, 183 Dalry Road, EH11 2EB.<br>Chi: per maggiori informazioni, contattare Ben a&nbsp;<a href=\"mailto:fellowshipedinburgh@gmail.com\" target=\"_blank\" rel=\"noreferrer noopener\">fellowshipedinburgh@gmail.com<\/a><\/p>\n\n\n\n<h3 class=\"wp-block-heading\">Incontri a Glasgow<\/h3>\n\n\n\n<p>Quando: gioved\u00ec 18:30-19:30<br>Dove: Partick Burgh Hall, 9 Burgh Hall St, Glasgow<br>Per favore contattaci&nbsp;<a href=\"mailto:wakeuplookuptheresa@icloud.com\" target=\"_blank\" rel=\"noreferrer noopener\">wakeuplookuptheresa@icloud.com<\/a>&nbsp;o +44 7541274057 per maggiori informazioni<\/p>\n\n\n\n<h3 class=\"wp-block-heading\">Incontro a Leeds (potenziale)<\/h3>\n\n\n\n<p>Un membro \u00e8 interessato a iniziare un incontro a Leeds. Si prega di contattare <a href=\"mailto:seekingserenity35@tuta.io\">seekingserenity35@tuta.io<\/a> se vuoi farne parte.<\/p>\n\n\n\n<h3 class=\"wp-block-heading\">Incontri a Londra<\/h3>\n\n\n\n<p>Quando: Ogni domenica alle 13:30, durata 1 ora. Abbiamo anche un nuovo incontro a partire da marted\u00ec 24 febbraio 2026, dalle 17:55 alle 19:00. <br>Dove: la piccola sala riunioni del Soho Recovery Centre, 123 Charing Cross Road, Londra, WC2H 0EW, Regno Unito.<br>Contatto: Si prega di contattare&nbsp;<a href=\"mailto:londonitaa@gmail.com\" target=\"_blank\" rel=\"noreferrer noopener\">londonitaa@gmail.com<\/a>&nbsp;se avete domande o desiderate saperne di pi\u00f9 sul nostro incontro.<br><br>Chi pu\u00f2 partecipare: Questo incontro \u00e8 rivolto a persone dipendenti da Internet e dalla tecnologia o che pensano di esserlo.<\/p>\n\n\n\n<h3 class=\"wp-block-heading\">Incontri a Newcastle (potenziali)<\/h3>\n\n\n\n<p>Un membro \u00e8 interessato a iniziare un incontro di persona a Newcastle upon Tyne. Si prega di contattare <a href=\"mailto:shmulybee1@gmail.com\">shmulybee1@gmail.com<\/a> per maggiori informazioni.<\/p>\n\n\n\n<h3 class=\"wp-block-heading\">Incontri a Oxford<\/h3>\n\n\n\n<p>Quando: ogni mercoled\u00ec dalle 18:00 alle 19:00<br>Dove: West Oxford Community Centre, Botley Rd, Oxford OX2 0BT \u2013 Una volta arrivati al Centro, non entrate dalla porta principale, ma girate intorno all&#039;edificio sul lato destro per trovare la Sala Seminari 1.<br>Contact:&nbsp;itaaoxford@gmail.com<br>Informazioni aggiuntive: Invitiamo calorosamente tutti i nuovi arrivati e chiunque si identifichi come dipendente da Internet e dalla tecnologia a partecipare a questo incontro. Si tratta di un incontro &quot;a porte chiuse&quot;, il che significa che chiediamo gentilmente a ricercatori, giornalisti, amici e familiari di trovare un incontro &quot;aperto&quot; a cui partecipare. Sono disponibili diversi incontri online aperti, adatti anche a chi non \u00e8 dipendente. Per maggiori informazioni sul nostro incontro di Oxford, contattateci tramite l&#039;indirizzo email di contatto.<br>NB: Botley Road \u00e8 chiusa al traffico in corrispondenza del ponte ferroviario. Se arrivate in auto, dovete procedere da ovest. Il parcheggio \u00e8 gratuito. Vi preghiamo di contattarci via email per qualsiasi dubbio su come raggiungere la sede dell&#039;evento.<\/p>\n\n\n\n<figure class=\"wp-block-image\"><img decoding=\"async\" width=\"681\" height=\"376\" src=\"https:\/\/internetaddictsanonymous.org\/wp-content\/uploads\/2023\/07\/directions-to-WOCC-seminar-room-1.png\" alt=\"\" class=\"wp-image-16457\" srcset=\"https:\/\/internetaddictsanonymous.org\/wp-content\/uploads\/2023\/07\/directions-to-WOCC-seminar-room-1.png 681w, https:\/\/internetaddictsanonymous.org\/wp-content\/uploads\/2023\/07\/directions-to-WOCC-seminar-room-1-300x166.png 300w, https:\/\/internetaddictsanonymous.org\/wp-content\/uploads\/2023\/07\/directions-to-WOCC-seminar-room-1-18x10.png 18w\" sizes=\"(max-width: 681px) 100vw, 681px\" \/><\/figure>\n\n\n\n<h3 class=\"wp-block-heading\">Riunioni aggiuntive<\/h3>\n\n\n\n<p>Se sei nuovo, ti invitiamo a provare a partecipare a sei incontri in un breve periodo di tempo per vedere se il nostro programma pu\u00f2 esserti utile. Oltre al nostro incontro locale di persona, puoi anche consultare il nostro <a href=\"https:\/\/internetaddictsanonymous.org\/it\/incontri-di-persona\/\">altri incontri di persona<\/a> e un <a href=\"https:\/\/internetaddictsanonymous.org\/it\/riunioni-online\/\">programma completo degli incontri online<\/a>. Tutti gli incontri sono completamente gratuiti e anonimi.<\/p>\n\n\n\n<h3 class=\"wp-block-heading\">Come funzionano le riunioni?<\/h3>\n\n\n\n<p>Se partecipi a una riunione per la prima volta, non c&#039;\u00e8 motivo di agitarsi. La maggior parte delle nostre riunioni sono molto semplici; ogni riunione \u00e8 presieduta da un presidente e la maggior parte dura un&#039;ora. Il presidente e altri volontari leggono alcune dichiarazioni introduttive prima di dare inizio alla riunione, consentendo ai membri di condividere. Non \u00e8 obbligatorio condividere, ed \u00e8 possibile semplicemente ascoltare. Se ti senti a tuo agio, puoi presentarti e condividere il motivo per cui sei arrivato all&#039;ITAA. A meno che non sia richiesto dal membro che condivide, non offriamo suggerimenti o commenti in risposta alle condivisioni altrui; ci limitiamo ad ascoltare senza giudicare. Al termine dell&#039;ora, la riunione si concluder\u00e0 con alcune dichiarazioni conclusive, dopo le quali i membri di solito parlano in modo informale, fanno domande e si scambiano i recapiti.<\/p>\n\n\n\n<h3 class=\"wp-block-heading\">Risorse sulla dipendenza da Internet e dalla tecnologia<\/h3>\n\n\n\n<p>Se ti stai chiedendo se potresti avere una dipendenza da Internet e dalla tecnologia, puoi consultare i nostri questionari per <a href=\"https:\/\/internetaddictsanonymous.org\/it\/dipendenza-da-internet-e-tecnologia\/\">dipendenza da internet<\/a>, <a href=\"https:\/\/internetaddictsanonymous.org\/it\/dipendenza-da-internet-e-tecnologia\/dipendenza-dai-social-media\/\">dipendenza dai social media<\/a>, <a href=\"https:\/\/internetaddictsanonymous.org\/it\/dipendenza-da-internet\/dipendenza-dallo-streaming\/\">dipendenza dallo streaming<\/a>, <a href=\"https:\/\/internetaddictsanonymous.org\/it\/dipendenza-da-internet-e-tecnologia\/dipendenza-dal-telefono\/\">dipendenza dal telefono<\/a>, O <a href=\"https:\/\/internetaddictsanonymous.org\/it\/dipendenza-da-internet-e-tecnologia\/dipendenza-dai-videogiochi\/\">dipendenza dai videogiochi<\/a>. Puoi anche saperne di pi\u00f9 su ITAA leggendo il nostro&nbsp;<a href=\"https:\/\/internetaddictsanonymous.org\/it\/guida-per-i-nuovi-arrivati\/\">guida per i nuovi arrivati<\/a>, rivedendo il nostro <a href=\"https:\/\/internetaddictsanonymous.org\/it\/risorse\/strumenti-di-recupero\/\">strumenti di recupero<\/a>, o ascoltando <a href=\"https:\/\/internetaddictsanonymous.org\/it\/storie-di-recupero\/\">storie di recupero dei membri<\/a>.<\/p>\n\n\n\n<p>L&#039;ITAA non \u00e8 affiliata ad alcuna agenda politica, religiosa o di interesse esterno. Siamo completamente autosufficienti e gratuiti per chiunque ne abbia bisogno. Il nostro unico scopo \u00e8 astenerci dall&#039;uso compulsivo di Internet e della tecnologia e aiutare gli altri a liberarsi da questa dipendenza.<\/p>\n\n\n\n<p>Di nuovo, benvenuti! Ci auguriamo che questa community possa fornirvi il supporto di cui avete bisogno per superare la dipendenza da Internet e dalla tecnologia. Non esitate a contattarci per qualsiasi domanda.<\/p>\n<!-- PMB print buttons is only displayed on a single post\/page URLs-->","protected":false},"excerpt":{"rendered":"<p>Benvenuti a Internet and Technology Addicts Anonymous! Siamo lieti che ci abbiate trovato e speriamo che la nostra comunit\u00e0 possa esservi utile tanto quanto lo \u00e8 stata per noi. ITAA \u00e8 un&#039;associazione in Dodici Passi composta da persone che si sostengono a vicenda nel percorso di recupero dalla dipendenza da Internet e dalla tecnologia. Questa include la dipendenza da social media, smartphone, streaming... <a href=\"https:\/\/internetaddictsanonymous.org\/it\/in-person-meetings\/uk-london\/\" class=\"more-link\">Continua a leggere <span class=\"screen-reader-text\">ITAA nel Regno Unito<\/span><\/a><\/p>","protected":false},"author":35194237,"featured_media":0,"parent":148,"menu_order":0,"comment_status":"closed","ping_status":"closed","template":"full-width-page.php","meta":{"inline_featured_image":false,"_lmt_disableupdate":"","_lmt_disable":"","jetpack_post_was_ever_published":false,"footnotes":""},"tags":[],"class_list":["post-16390","page","type-page","status-publish","hentry"],"yoast_head":"<!-- This site is optimized with the Yoast SEO plugin v27.3 - https:\/\/yoast.com\/product\/yoast-seo-wordpress\/ -->\n<title>ITAA in United Kingdom &#8211; Internet and Technology Addicts Anonymous<\/title>\n<meta name=\"robots\" content=\"index, follow, max-snippet:-1, max-image-preview:large, max-video-preview:-1\" \/>\n<link rel=\"canonical\" href=\"https:\/\/internetaddictsanonymous.org\/it\/incontri-di-persona\/regno-unito-londra\/\" \/>\n<meta property=\"og:locale\" content=\"it_IT\" \/>\n<meta property=\"og:type\" content=\"article\" \/>\n<meta property=\"og:title\" content=\"ITAA in United Kingdom &#8211; Internet and Technology Addicts Anonymous\" \/>\n<meta property=\"og:description\" content=\"Welcome to Internet and Technology Addicts Anonymous! We\u2019re glad you\u2019ve found us, and we hope our community can be as helpful to you as it has been for us. ITAA is a Twelve-Step fellowship of individuals who support each other in recovering from internet and technology addiction. This includes addiction to social media, smartphones, streaming &hellip; Continue reading ITAA in United Kingdom\" \/>\n<meta property=\"og:url\" content=\"https:\/\/internetaddictsanonymous.org\/it\/incontri-di-persona\/regno-unito-londra\/\" \/>\n<meta property=\"og:site_name\" content=\"Internet and Technology Addicts Anonymous\" \/>\n<meta property=\"article:modified_time\" content=\"2026-04-03T13:55:28+00:00\" \/>\n<meta property=\"og:image\" content=\"https:\/\/internetaddictsanonymous.org\/wp-content\/uploads\/2023\/07\/directions-to-WOCC-seminar-room-1.png\" \/>\n\t<meta property=\"og:image:width\" content=\"681\" \/>\n\t<meta property=\"og:image:height\" content=\"376\" \/>\n\t<meta property=\"og:image:type\" content=\"image\/png\" \/>\n<meta name=\"twitter:card\" content=\"summary_large_image\" \/>\n<meta name=\"twitter:label1\" content=\"Tempo di lettura stimato\" \/>\n\t<meta name=\"twitter:data1\" content=\"4 minuti\" \/>\n<script type=\"application\/ld+json\" class=\"yoast-schema-graph\">{\"@context\":\"https:\\\/\\\/schema.org\",\"@graph\":[{\"@type\":\"WebPage\",\"@id\":\"https:\\\/\\\/internetaddictsanonymous.org\\\/in-person-meetings\\\/uk-london\\\/\",\"url\":\"https:\\\/\\\/internetaddictsanonymous.org\\\/in-person-meetings\\\/uk-london\\\/\",\"name\":\"ITAA in United Kingdom &#8211; Internet and Technology Addicts Anonymous\",\"isPartOf\":{\"@id\":\"https:\\\/\\\/internetaddictsanonymous.org\\\/#website\"},\"primaryImageOfPage\":{\"@id\":\"https:\\\/\\\/internetaddictsanonymous.org\\\/in-person-meetings\\\/uk-london\\\/#primaryimage\"},\"image\":{\"@id\":\"https:\\\/\\\/internetaddictsanonymous.org\\\/in-person-meetings\\\/uk-london\\\/#primaryimage\"},\"thumbnailUrl\":\"https:\\\/\\\/internetaddictsanonymous.org\\\/wp-content\\\/uploads\\\/2023\\\/07\\\/directions-to-WOCC-seminar-room-1.png\",\"datePublished\":\"2023-07-16T18:01:24+00:00\",\"dateModified\":\"2026-04-03T13:55:28+00:00\",\"breadcrumb\":{\"@id\":\"https:\\\/\\\/internetaddictsanonymous.org\\\/in-person-meetings\\\/uk-london\\\/#breadcrumb\"},\"inLanguage\":\"it-IT\",\"potentialAction\":[{\"@type\":\"ReadAction\",\"target\":[\"https:\\\/\\\/internetaddictsanonymous.org\\\/in-person-meetings\\\/uk-london\\\/\"]}]},{\"@type\":\"ImageObject\",\"inLanguage\":\"it-IT\",\"@id\":\"https:\\\/\\\/internetaddictsanonymous.org\\\/in-person-meetings\\\/uk-london\\\/#primaryimage\",\"url\":\"https:\\\/\\\/internetaddictsanonymous.org\\\/wp-content\\\/uploads\\\/2023\\\/07\\\/directions-to-WOCC-seminar-room-1.png\",\"contentUrl\":\"https:\\\/\\\/internetaddictsanonymous.org\\\/wp-content\\\/uploads\\\/2023\\\/07\\\/directions-to-WOCC-seminar-room-1.png\"},{\"@type\":\"BreadcrumbList\",\"@id\":\"https:\\\/\\\/internetaddictsanonymous.org\\\/in-person-meetings\\\/uk-london\\\/#breadcrumb\",\"itemListElement\":[{\"@type\":\"ListItem\",\"position\":1,\"name\":\"Home\",\"item\":\"https:\\\/\\\/internetaddictsanonymous.org\\\/\"},{\"@type\":\"ListItem\",\"position\":2,\"name\":\"In-Person Meetings\",\"item\":\"https:\\\/\\\/internetaddictsanonymous.org\\\/in-person-meetings\\\/\"},{\"@type\":\"ListItem\",\"position\":3,\"name\":\"ITAA in United Kingdom\"}]},{\"@type\":\"WebSite\",\"@id\":\"https:\\\/\\\/internetaddictsanonymous.org\\\/#website\",\"url\":\"https:\\\/\\\/internetaddictsanonymous.org\\\/\",\"name\":\"Internet and Technology Addicts Anonymous\",\"description\":\"Worldwide 12-step Fellowship for Internet and Technology Addiction\",\"publisher\":{\"@id\":\"https:\\\/\\\/internetaddictsanonymous.org\\\/#organization\"},\"potentialAction\":[{\"@type\":\"SearchAction\",\"target\":{\"@type\":\"EntryPoint\",\"urlTemplate\":\"https:\\\/\\\/internetaddictsanonymous.org\\\/?s={search_term_string}\"},\"query-input\":{\"@type\":\"PropertyValueSpecification\",\"valueRequired\":true,\"valueName\":\"search_term_string\"}}],\"inLanguage\":\"it-IT\"},{\"@type\":\"Organization\",\"@id\":\"https:\\\/\\\/internetaddictsanonymous.org\\\/#organization\",\"name\":\"Internet and Technology Addicts Anonymous\",\"url\":\"https:\\\/\\\/internetaddictsanonymous.org\\\/\",\"logo\":{\"@type\":\"ImageObject\",\"inLanguage\":\"it-IT\",\"@id\":\"https:\\\/\\\/internetaddictsanonymous.org\\\/#\\\/schema\\\/logo\\\/image\\\/\",\"url\":\"https:\\\/\\\/internetaddictsanonymous.org\\\/wp-content\\\/uploads\\\/2023\\\/01\\\/cropped-ITAA-logo-480px.png\",\"contentUrl\":\"https:\\\/\\\/internetaddictsanonymous.org\\\/wp-content\\\/uploads\\\/2023\\\/01\\\/cropped-ITAA-logo-480px.png\",\"width\":480,\"height\":480,\"caption\":\"Internet and Technology Addicts Anonymous\"},\"image\":{\"@id\":\"https:\\\/\\\/internetaddictsanonymous.org\\\/#\\\/schema\\\/logo\\\/image\\\/\"}}]}<\/script>\n<!-- \/ Yoast SEO plugin. -->","yoast_head_json":{"title":"ITAA nel Regno Unito \u2013 Dipendenti da Internet e Tecnologia Anonimi","robots":{"index":"index","follow":"follow","max-snippet":"max-snippet:-1","max-image-preview":"max-image-preview:large","max-video-preview":"max-video-preview:-1"},"canonical":"https:\/\/internetaddictsanonymous.org\/it\/incontri-di-persona\/regno-unito-londra\/","og_locale":"it_IT","og_type":"article","og_title":"ITAA in United Kingdom &#8211; Internet and Technology Addicts Anonymous","og_description":"Welcome to Internet and Technology Addicts Anonymous! We\u2019re glad you\u2019ve found us, and we hope our community can be as helpful to you as it has been for us. ITAA is a Twelve-Step fellowship of individuals who support each other in recovering from internet and technology addiction. This includes addiction to social media, smartphones, streaming &hellip; Continue reading ITAA in United Kingdom","og_url":"https:\/\/internetaddictsanonymous.org\/it\/incontri-di-persona\/regno-unito-londra\/","og_site_name":"Internet and Technology Addicts Anonymous","article_modified_time":"2026-04-03T13:55:28+00:00","og_image":[{"width":681,"height":376,"url":"https:\/\/internetaddictsanonymous.org\/wp-content\/uploads\/2023\/07\/directions-to-WOCC-seminar-room-1.png","type":"image\/png"}],"twitter_card":"summary_large_image","twitter_misc":{"Tempo di lettura stimato":"4 minuti"},"schema":{"@context":"https:\/\/schema.org","@graph":[{"@type":"WebPage","@id":"https:\/\/internetaddictsanonymous.org\/in-person-meetings\/uk-london\/","url":"https:\/\/internetaddictsanonymous.org\/in-person-meetings\/uk-london\/","name":"ITAA nel Regno Unito \u2013 Dipendenti da Internet e Tecnologia Anonimi","isPartOf":{"@id":"https:\/\/internetaddictsanonymous.org\/#website"},"primaryImageOfPage":{"@id":"https:\/\/internetaddictsanonymous.org\/in-person-meetings\/uk-london\/#primaryimage"},"image":{"@id":"https:\/\/internetaddictsanonymous.org\/in-person-meetings\/uk-london\/#primaryimage"},"thumbnailUrl":"https:\/\/internetaddictsanonymous.org\/wp-content\/uploads\/2023\/07\/directions-to-WOCC-seminar-room-1.png","datePublished":"2023-07-16T18:01:24+00:00","dateModified":"2026-04-03T13:55:28+00:00","breadcrumb":{"@id":"https:\/\/internetaddictsanonymous.org\/in-person-meetings\/uk-london\/#breadcrumb"},"inLanguage":"it-IT","potentialAction":[{"@type":"ReadAction","target":["https:\/\/internetaddictsanonymous.org\/in-person-meetings\/uk-london\/"]}]},{"@type":"ImageObject","inLanguage":"it-IT","@id":"https:\/\/internetaddictsanonymous.org\/in-person-meetings\/uk-london\/#primaryimage","url":"https:\/\/internetaddictsanonymous.org\/wp-content\/uploads\/2023\/07\/directions-to-WOCC-seminar-room-1.png","contentUrl":"https:\/\/internetaddictsanonymous.org\/wp-content\/uploads\/2023\/07\/directions-to-WOCC-seminar-room-1.png"},{"@type":"BreadcrumbList","@id":"https:\/\/internetaddictsanonymous.org\/in-person-meetings\/uk-london\/#breadcrumb","itemListElement":[{"@type":"ListItem","position":1,"name":"Home","item":"https:\/\/internetaddictsanonymous.org\/"},{"@type":"ListItem","position":2,"name":"In-Person Meetings","item":"https:\/\/internetaddictsanonymous.org\/in-person-meetings\/"},{"@type":"ListItem","position":3,"name":"ITAA in United Kingdom"}]},{"@type":"WebSite","@id":"https:\/\/internetaddictsanonymous.org\/#website","url":"https:\/\/internetaddictsanonymous.org\/","name":"Dipendenti da Internet e Tecnologia Anonimi","description":"Associazione mondiale in 12 fasi per la dipendenza da Internet e dalla tecnologia","publisher":{"@id":"https:\/\/internetaddictsanonymous.org\/#organization"},"potentialAction":[{"@type":"SearchAction","target":{"@type":"EntryPoint","urlTemplate":"https:\/\/internetaddictsanonymous.org\/?s={search_term_string}"},"query-input":{"@type":"PropertyValueSpecification","valueRequired":true,"valueName":"search_term_string"}}],"inLanguage":"it-IT"},{"@type":"Organization","@id":"https:\/\/internetaddictsanonymous.org\/#organization","name":"Dipendenti da Internet e Tecnologia Anonimi","url":"https:\/\/internetaddictsanonymous.org\/","logo":{"@type":"ImageObject","inLanguage":"it-IT","@id":"https:\/\/internetaddictsanonymous.org\/#\/schema\/logo\/image\/","url":"https:\/\/internetaddictsanonymous.org\/wp-content\/uploads\/2023\/01\/cropped-ITAA-logo-480px.png","contentUrl":"https:\/\/internetaddictsanonymous.org\/wp-content\/uploads\/2023\/01\/cropped-ITAA-logo-480px.png","width":480,"height":480,"caption":"Internet and Technology Addicts Anonymous"},"image":{"@id":"https:\/\/internetaddictsanonymous.org\/#\/schema\/logo\/image\/"}}]}},"jetpack_sharing_enabled":true,"jetpack_shortlink":"https:\/\/wp.me\/P9Fwob-4gm","_links":{"self":[{"href":"https:\/\/internetaddictsanonymous.org\/it\/wp-json\/wp\/v2\/pages\/16390","targetHints":{"allow":["GET"]}}],"collection":[{"href":"https:\/\/internetaddictsanonymous.org\/it\/wp-json\/wp\/v2\/pages"}],"about":[{"href":"https:\/\/internetaddictsanonymous.org\/it\/wp-json\/wp\/v2\/types\/page"}],"author":[{"embeddable":true,"href":"https:\/\/internetaddictsanonymous.org\/it\/wp-json\/wp\/v2\/users\/35194237"}],"replies":[{"embeddable":true,"href":"https:\/\/internetaddictsanonymous.org\/it\/wp-json\/wp\/v2\/comments?post=16390"}],"version-history":[{"count":26,"href":"https:\/\/internetaddictsanonymous.org\/it\/wp-json\/wp\/v2\/pages\/16390\/revisions"}],"predecessor-version":[{"id":21166,"href":"https:\/\/internetaddictsanonymous.org\/it\/wp-json\/wp\/v2\/pages\/16390\/revisions\/21166"}],"up":[{"embeddable":true,"href":"https:\/\/internetaddictsanonymous.org\/it\/wp-json\/wp\/v2\/pages\/148"}],"wp:attachment":[{"href":"https:\/\/internetaddictsanonymous.org\/it\/wp-json\/wp\/v2\/media?parent=16390"}],"wp:term":[{"taxonomy":"post_tag","embeddable":true,"href":"https:\/\/internetaddictsanonymous.org\/it\/wp-json\/wp\/v2\/tags?post=16390"}],"curies":[{"name":"parola chiave","href":"https:\/\/api.w.org\/{rel}","templated":true}]}}