{"id":16623,"date":"2023-08-19T13:56:19","date_gmt":"2023-08-19T17:56:19","guid":{"rendered":"https:\/\/internetaddictsanonymous.org\/?page_id=16623"},"modified":"2023-08-26T15:08:22","modified_gmt":"2023-08-26T19:08:22","slug":"strumenti-di-recupero-in-forma-breve","status":"publish","type":"page","link":"https:\/\/internetaddictsanonymous.org\/it\/tools-of-recovery-short-forms\/","title":{"rendered":"Strumenti di recupero: forme brevi"},"content":{"rendered":"<p><em>Di seguito sono riportate brevi forme del nostro <a href=\"https:\/\/internetaddictsanonymous.org\/it\/risorse\/strumenti-di-recupero\/\">strumenti di recupero<\/a> che possiamo facilmente consultare o leggere ad alta voce durante le nostre riunioni. Diversi membri hanno trovato utili strumenti diversi, e spesso quelli che utilizziamo cambiano nel tempo.<\/em><\/p>\n\n\n\n<p><strong><mark style=\"background-color:rgba(0, 0, 0, 0)\" class=\"has-inline-color has-dark-gray-color\">I dodici passi<\/mark><\/strong><br>I Dodici Passi dell&#039;ITAA costituiscono il nucleo spirituale del nostro programma e la base del nostro recupero a lungo termine.&nbsp;<\/p>\n\n\n\n<p><strong><mark style=\"background-color:rgba(0, 0, 0, 0)\" class=\"has-inline-color has-dark-gray-color\">Sponsorizzazione<\/mark><\/strong><br>Cerchiamo uno sponsor esperto e sobrio che possa supportarci nel percorso dei Passi.&nbsp;<\/p>\n\n\n\n<p><strong><mark style=\"background-color:rgba(0, 0, 0, 0)\" class=\"has-inline-color has-dark-gray-color\">Alla scoperta del nostro Potere Superiore<\/mark><\/strong><br>Ci arrendiamo a un Potere pi\u00f9 grande di noi e siamo invitati a scegliere il concetto di Potere Superiore che pi\u00f9 ci \u00e8 utile per la nostra guarigione.&nbsp;<\/p>\n\n\n\n<p><strong><mark style=\"background-color:rgba(0, 0, 0, 0)\" class=\"has-inline-color has-dark-gray-color\">Riunioni<\/mark><\/strong><br>Gli incontri ci mettono in contatto con l&#039;esperienza, la forza e la speranza degli altri e approfondiscono il nostro recupero.<\/p>\n\n\n\n<p><strong><mark style=\"background-color:rgba(0, 0, 0, 0)\" class=\"has-inline-color has-dark-gray-color\">Chiamate di sensibilizzazione<\/mark><\/strong><br>Le telefonate di sensibilizzazione ci aiutano a rimanere in contatto, supportati e sobri, dandoci l&#039;opportunit\u00e0 di comunicare quando siamo vulnerabili e di costruire amicizie durature durante il recupero.&nbsp;<\/p>\n\n\n\n<p><strong><mark style=\"background-color:rgba(0, 0, 0, 0)\" class=\"has-inline-color has-dark-gray-color\">Servizio<\/mark><\/strong><br>Il servizio ci mantiene sobri e ci consente di trasmettere ci\u00f2 che abbiamo ricevuto cos\u00ec liberamente.&nbsp;<\/p>\n\n\n\n<p><strong><mark style=\"background-color:rgba(0, 0, 0, 0)\" class=\"has-inline-color has-dark-gray-color\">Letteratura<\/mark><\/strong><br>La letteratura scritta sul recupero ci offre saggezza e intuizione mentre scopriamo il nostro percorso verso la sobriet\u00e0 a lungo termine.&nbsp;&nbsp;&nbsp;<\/p>\n\n\n\n<p><strong><mark style=\"background-color:rgba(0, 0, 0, 0)\" class=\"has-inline-color has-dark-gray-color\">Preghiera e meditazione<\/mark><\/strong><br>Utilizziamo pratiche come la preghiera e la meditazione per approfondire il nostro contatto consapevole con un Potere pi\u00f9 grande di noi, che pu\u00f2 riportarci alla sanit\u00e0 mentale.<\/p>\n\n\n\n<p><strong><mark style=\"background-color:rgba(0, 0, 0, 0)\" class=\"has-inline-color has-dark-gray-color\">Linee superiori, linee centrali, linee inferiori<\/mark><\/strong><br>Le linee di fondo sono le attivit\u00e0 che ci aiutano a soddisfare i nostri bisogni in modo sano, le linee di mezzo sono i comportamenti e le situazioni che alimentano il nostro bisogno di agire, e le linee di fondo sono i comportamenti che sono costantemente compulsivi e autodistruttivi per noi. Ci asteniamo dalle nostre linee di fondo.<\/p>\n\n\n\n<p><strong><mark style=\"background-color:rgba(0, 0, 0, 0)\" class=\"has-inline-color has-dark-gray-color\">Abbandonare l&#039;uso non necessario della tecnologia<\/mark><\/strong><br>Evitiamo di ricorrere alla distrazione, alla fuga o all&#039;intorpidimento delle nostre emozioni attraverso un uso non necessario di Internet e della tecnologia, cercando invece di utilizzare la tecnologia in linea con i nostri valori e con la volont\u00e0 del nostro Potere Superiore nei nostri confronti.<\/p>\n\n\n\n<p><strong><mark style=\"background-color:rgba(0, 0, 0, 0)\" class=\"has-inline-color has-dark-gray-color\">Astinenza temporanea<\/mark><\/strong><br>Possiamo impegnarci in un periodo di astinenza temporanea da un particolare comportamento legato a Internet e alla tecnologia per sperimentare la vita senza di essi.&nbsp;<\/p>\n\n\n\n<p><strong><mark style=\"background-color:rgba(0, 0, 0, 0)\" class=\"has-inline-color has-dark-gray-color\">Un giorno alla volta<\/mark><\/strong><br>Invece di confrontarci con un impegno che durer\u00e0 tutta la vita, ci concentriamo semplicemente sul rimanere sobri per le successive 24 ore.&nbsp;<\/p>\n\n\n\n<p><mark style=\"background-color:rgba(0, 0, 0, 0)\" class=\"has-inline-color has-dark-gray-color\"><strong>Piani d&#039;azione<\/strong><br><\/mark>Creiamo piani d&#039;azione per affrontare situazioni difficili che potrebbero destabilizzare la nostra sobriet\u00e0.\u00a0<\/p>\n\n\n\n<p><strong><mark style=\"background-color:rgba(0, 0, 0, 0)\" class=\"has-inline-color has-dark-gray-color\">Rispondere agli impulsi<\/mark><\/strong><br>Se il desiderio di usare sostanze aumenta, ci rivolgiamo ai nostri strumenti di recupero e ci appoggiamo al programma finch\u00e9 la voglia non passa.<\/p>\n\n\n\n<p><strong><mark style=\"background-color:rgba(0, 0, 0, 0)\" class=\"has-inline-color has-dark-gray-color\">Scrivere un inventario del primo passo<\/mark><\/strong><br>Troviamo utile scrivere una storia su noi stessi e sulla nostra dipendenza: com&#039;era, come \u00e8 cambiata nel tempo e com&#039;\u00e8 adesso.&nbsp;<\/p>\n\n\n\n<p><strong><mark style=\"background-color:rgba(0, 0, 0, 0)\" class=\"has-inline-color has-dark-gray-color\">Registrazione del tempo<\/mark><\/strong><br>Tenere un registro temporale di tutto il nostro utilizzo di Internet e della tecnologia pu\u00f2 aiutarci ad acquisire una prospettiva sui nostri modelli.&nbsp;<\/p>\n\n\n\n<p><strong><mark style=\"background-color:rgba(0, 0, 0, 0)\" class=\"has-inline-color has-dark-gray-color\">Fermalibri<\/mark><\/strong><br>Concludiamo l&#039;attivit\u00e0 chiamando o inviando messaggi a un altro membro prima e dopo un&#039;attivit\u00e0 online o una situazione scatenante.<\/p>\n\n\n\n<p><strong><mark style=\"background-color:rgba(0, 0, 0, 0)\" class=\"has-inline-color has-dark-gray-color\">Limitare l&#039;accesso alla tecnologia<\/mark><\/strong><br>Abbandoniamo app, account e dispositivi che hanno favorito la nostra dipendenza dalla tecnologia, confidando nel fatto che potremo vivere una vita appagante anche in loro assenza.<\/p>\n\n\n\n<p><strong><mark style=\"background-color:rgba(0, 0, 0, 0)\" class=\"has-inline-color has-dark-gray-color\">Alternative offline<\/mark><\/strong><br>Consideriamo modi per raggiungere i nostri obiettivi senza ricorrere alla tecnologia e potremmo scoprire che gli strumenti analogici soddisfano le nostre esigenze altrettanto bene, se non meglio, dei loro equivalenti digitali.<\/p>\n\n\n\n<p><strong><mark style=\"background-color:rgba(0, 0, 0, 0)\" class=\"has-inline-color has-dark-gray-color\">Prendersi del tempo lontano dalla tecnologia<\/mark><\/strong><br>Quando ci sentiamo instabili, ci prendiamo del tempo lontano da tutti gli schermi, concedendoci lo spazio per rimetterci in piedi e migliorare il nostro contatto consapevole con il nostro Potere Superiore.<\/p>\n\n\n\n<p><strong><mark style=\"background-color:rgba(0, 0, 0, 0)\" class=\"has-inline-color has-dark-gray-color\">Tenere un diario<\/mark><\/strong><br>Tenere un diario sui nostri sentimenti, sulle nostre difficolt\u00e0 e sui nostri obiettivi, sia attraverso la scrittura libera che attraverso gli inventari quotidiani del 10\u00b0 Passo, ci aiuta a sviluppare la prospettiva.&nbsp;&nbsp;<\/p>\n\n\n\n<p><strong><mark style=\"background-color:rgba(0, 0, 0, 0)\" class=\"has-inline-color has-dark-gray-color\">Revisione delle ricadute<\/mark><\/strong><br>In caso di ricaduta, riesaminiamo attentamente quanto accaduto, identificando i fattori che ci hanno portato alla ricaduta e cosa potrebbe essere necessario cambiare nel nostro programma di recupero per andare avanti.<\/p>\n\n\n\n<p><strong><mark style=\"background-color:rgba(0, 0, 0, 0)\" class=\"has-inline-color has-dark-gray-color\">Cura fisica di s\u00e9<\/mark><\/strong><br>Diamo priorit\u00e0 alla cura del nostro corpo attraverso l&#039;esercizio fisico, il sonno, la dieta, l&#039;igiene e le cure mediche.&nbsp;<\/p>\n\n\n\n<p><mark style=\"background-color:rgba(0, 0, 0, 0)\" class=\"has-inline-color has-dark-gray-color\"><strong>Comunit\u00e0 in presenza<\/strong><br><\/mark>Entriamo in contatto e approfondiamo i nostri rapporti con amici, familiari e con la nostra comunit\u00e0 pi\u00f9 ampia di persona.<\/p>\n\n\n\n<p><strong><mark style=\"background-color:rgba(0, 0, 0, 0)\" class=\"has-inline-color has-dark-gray-color\">Sviluppare hobby, passioni e attivit\u00e0<\/mark><\/strong><br>Nella sobriet\u00e0, investiamo il nostro tempo in interessi e passioni nuovi o trascurati, portando maggiore soddisfazione alla nostra vita.<\/p>\n\n\n\n<p><strong><mark style=\"background-color:rgba(0, 0, 0, 0)\" class=\"has-inline-color has-dark-gray-color\">Riconoscere altre compulsioni<\/mark><\/strong><br>Quando riscontriamo l&#039;astinenza nell&#039;ITAA, potremmo notare l&#039;insorgere di altri comportamenti compulsivi e chiedere consiglio ad altri per affrontarli.<\/p>\n\n\n\n<p><mark style=\"background-color:rgba(0, 0, 0, 0)\" class=\"has-inline-color has-dark-gray-color\"><strong>Aiuto esterno<\/strong><br><\/mark>Ci avvaliamo di risorse esterne, tra cui altre borse di studio dei Dodici Passi e assistenza professionale.<\/p>\n\n\n\n<hr class=\"wp-block-separator has-alpha-channel-opacity is-style-wide\"\/>\n\n\n\n<p> <\/p>\n\n\n\n<p id=\"block-064b8179-f2e2-4ec2-84cc-83680bf0c928\"><em>Questa pagina \u00e8 stata scritta dal Comitato per i Contenuti Web dell&#039;ITAA. Se desiderate condividere il vostro feedback o contribuire ai nostri sforzi, saremo lieti di ricevere il vostro feedback o di invitarvi a partecipare a uno dei nostri incontri. Maggiori dettagli sono disponibili sul sito <a href=\"https:\/\/internetaddictsanonymous.org\/it\/posizioni-di-servizio-aperte\/\">Comitati di servizio<\/a> pagina.<\/em><\/p>\n<!-- PMB print buttons is only displayed on a single post\/page URLs-->","protected":false},"excerpt":{"rendered":"<p>Below are short forms of our tools of recovery that we can easily reference or read aloud in our meetings. Different members have found different tools to be helpful, and often the tools we use change over time. The Twelve StepsThe Twelve Steps of ITAA are the spiritual core of our program and the basis &hellip; <a href=\"https:\/\/internetaddictsanonymous.org\/it\/tools-of-recovery-short-forms\/\" class=\"more-link\">Continua a leggere <span class=\"screen-reader-text\">Strumenti di recupero: forme brevi<\/span><\/a><\/p>","protected":false},"author":35194237,"featured_media":0,"parent":0,"menu_order":0,"comment_status":"closed","ping_status":"closed","template":"full-width-page.php","meta":{"inline_featured_image":false,"_lmt_disableupdate":"","_lmt_disable":"","footnotes":""},"tags":[],"class_list":["post-16623","page","type-page","status-publish","hentry"],"yoast_head":"<!-- This site is optimized with the Yoast SEO plugin v27.5 - https:\/\/yoast.com\/product\/yoast-seo-wordpress\/ -->\n<title>Tools of Recovery: Short Forms &#8211; Internet and Technology Addicts Anonymous<\/title>\n<meta name=\"robots\" content=\"index, follow, max-snippet:-1, max-image-preview:large, max-video-preview:-1\" \/>\n<link rel=\"canonical\" href=\"https:\/\/internetaddictsanonymous.org\/it\/strumenti-di-recupero-in-forma-breve\/\" \/>\n<meta property=\"og:locale\" content=\"it_IT\" \/>\n<meta property=\"og:type\" content=\"article\" \/>\n<meta property=\"og:title\" content=\"Tools of Recovery: Short Forms &#8211; Internet and Technology Addicts Anonymous\" \/>\n<meta property=\"og:description\" content=\"Below are short forms of our tools of recovery that we can easily reference or read aloud in our meetings. Different members have found different tools to be helpful, and often the tools we use change over time. The Twelve StepsThe Twelve Steps of ITAA are the spiritual core of our program and the basis &hellip; Continue reading Tools of Recovery: Short Forms\" \/>\n<meta property=\"og:url\" content=\"https:\/\/internetaddictsanonymous.org\/it\/strumenti-di-recupero-in-forma-breve\/\" \/>\n<meta property=\"og:site_name\" content=\"Internet and Technology Addicts Anonymous\" \/>\n<meta property=\"article:modified_time\" content=\"2023-08-26T19:08:22+00:00\" \/>\n<meta name=\"twitter:card\" content=\"summary_large_image\" \/>\n<meta name=\"twitter:label1\" content=\"Tempo di lettura stimato\" \/>\n\t<meta name=\"twitter:data1\" content=\"4 minuti\" \/>\n<script type=\"application\/ld+json\" class=\"yoast-schema-graph\">{\"@context\":\"https:\\\/\\\/schema.org\",\"@graph\":[{\"@type\":\"WebPage\",\"@id\":\"https:\\\/\\\/internetaddictsanonymous.org\\\/tools-of-recovery-short-forms\\\/\",\"url\":\"https:\\\/\\\/internetaddictsanonymous.org\\\/tools-of-recovery-short-forms\\\/\",\"name\":\"Tools of Recovery: Short Forms &#8211; Internet and Technology Addicts Anonymous\",\"isPartOf\":{\"@id\":\"https:\\\/\\\/internetaddictsanonymous.org\\\/#website\"},\"datePublished\":\"2023-08-19T17:56:19+00:00\",\"dateModified\":\"2023-08-26T19:08:22+00:00\",\"breadcrumb\":{\"@id\":\"https:\\\/\\\/internetaddictsanonymous.org\\\/tools-of-recovery-short-forms\\\/#breadcrumb\"},\"inLanguage\":\"it-IT\",\"potentialAction\":[{\"@type\":\"ReadAction\",\"target\":[\"https:\\\/\\\/internetaddictsanonymous.org\\\/tools-of-recovery-short-forms\\\/\"]}]},{\"@type\":\"BreadcrumbList\",\"@id\":\"https:\\\/\\\/internetaddictsanonymous.org\\\/tools-of-recovery-short-forms\\\/#breadcrumb\",\"itemListElement\":[{\"@type\":\"ListItem\",\"position\":1,\"name\":\"Home\",\"item\":\"https:\\\/\\\/internetaddictsanonymous.org\\\/\"},{\"@type\":\"ListItem\",\"position\":2,\"name\":\"Tools of Recovery: Short Forms\"}]},{\"@type\":\"WebSite\",\"@id\":\"https:\\\/\\\/internetaddictsanonymous.org\\\/#website\",\"url\":\"https:\\\/\\\/internetaddictsanonymous.org\\\/\",\"name\":\"Internet and Technology Addicts Anonymous\",\"description\":\"Worldwide 12-step Fellowship for Internet and Technology Addiction\",\"publisher\":{\"@id\":\"https:\\\/\\\/internetaddictsanonymous.org\\\/#organization\"},\"potentialAction\":[{\"@type\":\"SearchAction\",\"target\":{\"@type\":\"EntryPoint\",\"urlTemplate\":\"https:\\\/\\\/internetaddictsanonymous.org\\\/?s={search_term_string}\"},\"query-input\":{\"@type\":\"PropertyValueSpecification\",\"valueRequired\":true,\"valueName\":\"search_term_string\"}}],\"inLanguage\":\"it-IT\"},{\"@type\":\"Organization\",\"@id\":\"https:\\\/\\\/internetaddictsanonymous.org\\\/#organization\",\"name\":\"Internet and Technology Addicts Anonymous\",\"url\":\"https:\\\/\\\/internetaddictsanonymous.org\\\/\",\"logo\":{\"@type\":\"ImageObject\",\"inLanguage\":\"it-IT\",\"@id\":\"https:\\\/\\\/internetaddictsanonymous.org\\\/#\\\/schema\\\/logo\\\/image\\\/\",\"url\":\"https:\\\/\\\/internetaddictsanonymous.org\\\/wp-content\\\/uploads\\\/2023\\\/01\\\/cropped-ITAA-logo-480px.png\",\"contentUrl\":\"https:\\\/\\\/internetaddictsanonymous.org\\\/wp-content\\\/uploads\\\/2023\\\/01\\\/cropped-ITAA-logo-480px.png\",\"width\":480,\"height\":480,\"caption\":\"Internet and Technology Addicts Anonymous\"},\"image\":{\"@id\":\"https:\\\/\\\/internetaddictsanonymous.org\\\/#\\\/schema\\\/logo\\\/image\\\/\"}}]}<\/script>\n<!-- \/ Yoast SEO plugin. -->","yoast_head_json":{"title":"Strumenti di recupero: forme brevi \u2013 Dipendenti da Internet e tecnologia Anonimi","robots":{"index":"index","follow":"follow","max-snippet":"max-snippet:-1","max-image-preview":"max-image-preview:large","max-video-preview":"max-video-preview:-1"},"canonical":"https:\/\/internetaddictsanonymous.org\/it\/strumenti-di-recupero-in-forma-breve\/","og_locale":"it_IT","og_type":"article","og_title":"Tools of Recovery: Short Forms &#8211; Internet and Technology Addicts Anonymous","og_description":"Below are short forms of our tools of recovery that we can easily reference or read aloud in our meetings. Different members have found different tools to be helpful, and often the tools we use change over time. The Twelve StepsThe Twelve Steps of ITAA are the spiritual core of our program and the basis &hellip; Continue reading Tools of Recovery: Short Forms","og_url":"https:\/\/internetaddictsanonymous.org\/it\/strumenti-di-recupero-in-forma-breve\/","og_site_name":"Internet and Technology Addicts Anonymous","article_modified_time":"2023-08-26T19:08:22+00:00","twitter_card":"summary_large_image","twitter_misc":{"Tempo di lettura stimato":"4 minuti"},"schema":{"@context":"https:\/\/schema.org","@graph":[{"@type":"WebPage","@id":"https:\/\/internetaddictsanonymous.org\/tools-of-recovery-short-forms\/","url":"https:\/\/internetaddictsanonymous.org\/tools-of-recovery-short-forms\/","name":"Strumenti di recupero: forme brevi \u2013 Dipendenti da Internet e tecnologia Anonimi","isPartOf":{"@id":"https:\/\/internetaddictsanonymous.org\/#website"},"datePublished":"2023-08-19T17:56:19+00:00","dateModified":"2023-08-26T19:08:22+00:00","breadcrumb":{"@id":"https:\/\/internetaddictsanonymous.org\/tools-of-recovery-short-forms\/#breadcrumb"},"inLanguage":"it-IT","potentialAction":[{"@type":"ReadAction","target":["https:\/\/internetaddictsanonymous.org\/tools-of-recovery-short-forms\/"]}]},{"@type":"BreadcrumbList","@id":"https:\/\/internetaddictsanonymous.org\/tools-of-recovery-short-forms\/#breadcrumb","itemListElement":[{"@type":"ListItem","position":1,"name":"Home","item":"https:\/\/internetaddictsanonymous.org\/"},{"@type":"ListItem","position":2,"name":"Tools of Recovery: Short Forms"}]},{"@type":"WebSite","@id":"https:\/\/internetaddictsanonymous.org\/#website","url":"https:\/\/internetaddictsanonymous.org\/","name":"Dipendenti da Internet e Tecnologia Anonimi","description":"Associazione mondiale in 12 fasi per la dipendenza da Internet e dalla tecnologia","publisher":{"@id":"https:\/\/internetaddictsanonymous.org\/#organization"},"potentialAction":[{"@type":"SearchAction","target":{"@type":"EntryPoint","urlTemplate":"https:\/\/internetaddictsanonymous.org\/?s={search_term_string}"},"query-input":{"@type":"PropertyValueSpecification","valueRequired":true,"valueName":"search_term_string"}}],"inLanguage":"it-IT"},{"@type":"Organization","@id":"https:\/\/internetaddictsanonymous.org\/#organization","name":"Dipendenti da Internet e Tecnologia Anonimi","url":"https:\/\/internetaddictsanonymous.org\/","logo":{"@type":"ImageObject","inLanguage":"it-IT","@id":"https:\/\/internetaddictsanonymous.org\/#\/schema\/logo\/image\/","url":"https:\/\/internetaddictsanonymous.org\/wp-content\/uploads\/2023\/01\/cropped-ITAA-logo-480px.png","contentUrl":"https:\/\/internetaddictsanonymous.org\/wp-content\/uploads\/2023\/01\/cropped-ITAA-logo-480px.png","width":480,"height":480,"caption":"Internet and Technology Addicts Anonymous"},"image":{"@id":"https:\/\/internetaddictsanonymous.org\/#\/schema\/logo\/image\/"}}]}},"jetpack_sharing_enabled":true,"jetpack_shortlink":"https:\/\/wp.me\/P9Fwob-4k7","_links":{"self":[{"href":"https:\/\/internetaddictsanonymous.org\/it\/wp-json\/wp\/v2\/pages\/16623","targetHints":{"allow":["GET"]}}],"collection":[{"href":"https:\/\/internetaddictsanonymous.org\/it\/wp-json\/wp\/v2\/pages"}],"about":[{"href":"https:\/\/internetaddictsanonymous.org\/it\/wp-json\/wp\/v2\/types\/page"}],"author":[{"embeddable":true,"href":"https:\/\/internetaddictsanonymous.org\/it\/wp-json\/wp\/v2\/users\/35194237"}],"replies":[{"embeddable":true,"href":"https:\/\/internetaddictsanonymous.org\/it\/wp-json\/wp\/v2\/comments?post=16623"}],"version-history":[{"count":23,"href":"https:\/\/internetaddictsanonymous.org\/it\/wp-json\/wp\/v2\/pages\/16623\/revisions"}],"predecessor-version":[{"id":16675,"href":"https:\/\/internetaddictsanonymous.org\/it\/wp-json\/wp\/v2\/pages\/16623\/revisions\/16675"}],"wp:attachment":[{"href":"https:\/\/internetaddictsanonymous.org\/it\/wp-json\/wp\/v2\/media?parent=16623"}],"wp:term":[{"taxonomy":"post_tag","embeddable":true,"href":"https:\/\/internetaddictsanonymous.org\/it\/wp-json\/wp\/v2\/tags?post=16623"}],"curies":[{"name":"parola chiave","href":"https:\/\/api.w.org\/{rel}","templated":true}]}}