{"id":16769,"date":"2023-09-03T14:52:51","date_gmt":"2023-09-03T18:52:51","guid":{"rendered":"https:\/\/internetaddictsanonymous.org\/?page_id=16769"},"modified":"2023-09-03T14:52:53","modified_gmt":"2023-09-03T18:52:53","slug":"lunica-cosa-che-ha-funzionato","status":"publish","type":"page","link":"https:\/\/internetaddictsanonymous.org\/it\/recovery-stories\/the-only-thing-that-worked\/","title":{"rendered":"L&#039;unica cosa che ha funzionato"},"content":{"rendered":"<p><a href=\"https:\/\/drive.google.com\/file\/d\/1E_kQZogx9klLKGI27N1kDHhHvowuiDsN\/view?usp=sharing\" target=\"_blank\" rel=\"noreferrer noopener\"><em>PDF stampabile<\/em><\/a><\/p>\n\n\n\n<p>I miei genitori erano molto istruiti e negli anni &#039;80 eravamo una delle poche famiglie del quartiere ad avere TV e computer in casa. Ricordo che nei fine settimana guardavo il programma di cartoni animati per bambini, che durava quattro ore al mattino. Ero anche affascinato dai computer. Da bambino ero un vero nerd: digitavo codici di gioco dalle riviste di informatica, eseguivo il debug dei programmi e poi giocavo. I computer mi davano anche un prestigio e un modo per entrare in contatto con i bambini del quartiere, perch\u00e9 potevo invitarli a giocare sul nostro computer, che loro non avevano.&nbsp;<\/p>\n\n\n\n<p>Quando avevo 12 anni, i miei genitori divorziarono e mi trasferii con mia madre e mia sorella in una nuova citt\u00e0. L\u00ec non riuscivo a relazionarmi con i miei coetanei e mi isolai sempre di pi\u00f9. Fu allora che la TV e i videogiochi divennero sempre pi\u00f9 importanti per colmare la solitudine. A un certo punto, quando avevo circa 15 anni, i miei genitori mi regalarono una televisione e un computer nella mia stanza. Da allora in poi mi isolai completamente nella mia stanza, trascorrendo il tempo libero a guardare sport e notizie in TV e a giocare al computer. Quella fu anche la prima volta che volli ridurre l&#039;uso di TV e computer, ma scoprii che non riuscivo a smettere di guardare e giocare. Ero in qualche modo incollato a quelle macchine. Ovviamente i miei compiti ne risentivano e a volte non superavo gli esami per questo, ma nel complesso avevo buoni voti al liceo.&nbsp;<\/p>\n\n\n\n<p>All&#039;universit\u00e0, la vita \u00e8 migliorata. Finalmente ho avuto una vita sociale attiva. Per i primi tre anni non avevo un computer a casa. Avevo la TV a casa e ricordo una forte compulsione a guardare il film porno trasmesso settimanalmente, cos\u00ec come gli eventi sportivi annuali, ma per il resto la mia compulsione era praticamente contenuta. Ero piuttosto ossessionato dalla tecnologia, per\u00f2. Mi identificavo ancora come il nerd della tecnologia e mi assicuravo di essere il precursore della tecnologia. Ad esempio, sono stato il primo tra i miei amici ad acquistare un cellulare (stiamo parlando della fine degli anni &#039;90).&nbsp;<\/p>\n\n\n\n<p>La mia compulsione \u00e8 decollata quando ho comprato un computer con internet a casa. In particolare, la pornografia online mi ha creato una forte dipendenza, ed \u00e8 questo che mi ha portato all&#039;autodistruzione. \u00c8 stato allora che ho iniziato a considerarmi dipendente e che ho cercato davvero di controllare la mia dipendenza dalla pornografia online. Ho iniziato cancellando file e abbonamenti ai servizi di informazione dopo aver abusato, per aumentare la barriera e ricominciare. Non ha funzionato. Allo stesso modo, ho cercato di nascondere il modem a me stesso staccando tutti i cavi, rimettendo il modem nella sua scatola e riponendolo nell&#039;armadio. Non ha funzionato. Il mio cervello sapeva ancora dove si trovava il modem. (Ripensandoci ora, \u00e8 incredibile che pensassi che queste cose funzionassero.)&nbsp;<\/p>\n\n\n\n<p>Mi sono innamorato e ho iniziato una relazione. Questo non ha fermato la dipendenza. Ho semplicemente tenuto completamente segreto il mio problema con la pornografia online e ho continuato a comportarmi male alle sue spalle. Dopo tre anni le ho rivelato il mio problema con la pornografia online. In quel momento \u00e8 stata molto affettuosa e solidale, il che mi ha dato la speranza di superare il problema. Sono andato anche da un sessuologo per il mio problema. Non ha funzionato. Dopo un po&#039; ho iniziato a comportarmi male con la pornografia online, tenendolo segreto alla mia ragazza, finch\u00e9 lei non l&#039;ha scoperto, mi sono sentito in dovere di confessarlo e ho preso nuovi propositi per smettere questa volta per davvero. Fino alla successiva ondata di comportamenti segreti, scoperte, promesse, ecc., ecc., all&#039;infinito.&nbsp;<\/p>\n\n\n\n<p>Nuove cose che ho provato: un portatile nuovo di zecca, pulito. Di sicuro non inquiner\u00f2 una macchina cos\u00ec vergine, mi salver\u00e0. Non l&#039;ha fatto. Poi ho provato il parent control. Ho bloccato alcuni siti web, siti con parole chiave specifiche e l&#039;accesso serale e notturno. Ho conservato la password in un posto diverso. \u00c8 stato molto scomodo. Ricordo che a un certo punto stavo lavorando al computer con un collega e dovevamo dare un&#039;occhiata a qualcosa sulla intranet. Tuttavia, il parent control stava bloccando il sito web, quindi \u00e8 apparso questo stupido avviso del parent control. Ho dovuto spiegare al mio collega che non potevo accedere al sito in quel momento. Ovviamente tutte queste cose del parent control erano un mio piano, e le ho tenute completamente segrete al resto del mondo. Mi sentivo molto in imbarazzo e mi vergognavo. Inoltre, a volte dovevo fare un&#039;eccezione e cercavo la password, in momenti che decidevo io, ovviamente. La conseguenza \u00e8 stata che continuavo a ricadere nelle maratone di internet, perch\u00e9 a un certo punto ho iniziato a ricordare la password a memoria. Sono anche riuscito a trovare il modo di aggirare il filtro internet. Tutto sommato, non ha funzionato e ha solo creato stress. Oggigiorno, vedo questi filtri internet di parent control solo come un altro modo per controllare la mia dipendenza, solo un altro modo per fare a modo mio. Ora che sono in fase di recupero, non uso pi\u00f9 n\u00e9 il parent control n\u00e9 i filtri internet. Mi sento molto pi\u00f9 sicuro e rilassato senza di loro.<\/p>\n\n\n\n<p>Qui dovrei sottolineare che i miei tentativi di controllare internet non erano solo legati alla rinuncia alla pornografia. Al lavoro, non guardavo porno sul computer, ma continuavo a consultare molti blog, video e notizie. Spesso trascorrevo pi\u00f9 ore di lavoro navigando su internet che lavorando.&nbsp;<\/p>\n\n\n\n<p>Alla fine, dopo dieci anni di dipendenza da internet e dalla pornografia, la mia vita \u00e8 crollata. Avevo tendenze suicide, la mia relazione era un incubo e ho persino contattato la polizia. Ho capito che stavo andando verso una delle tre C: l&#039;istituto penitenziario, la clinica psichiatrica o il cimitero.&nbsp;<\/p>\n\n\n\n<p>Fortunatamente, tramite una linea di supporto sono entrato nel programma di recupero in dodici passi per la dipendenza dal sesso e mi ci sono buttato completamente. Ho lasciato il lavoro e sono andato a vivere con mia madre solo per concentrarmi completamente sulla guarigione. Nei miei primi due anni di recupero non avevo un computer mio. Nei primi sei mesi usavo a volte il computer di mia madre, di cui lei aveva la password, e usavo anche i computer della biblioteca pubblica. Credo che questo periodo mi abbia aiutato moltissimo a uscire dalla mia dipendenza dal porno.&nbsp;<\/p>\n\n\n\n<p>Dopo sei mesi, ho trovato di nuovo un lavoro e mi sono trasferito a casa mia, sempre senza computer n\u00e9 internet a casa. Ma ora potevo usare internet anche al lavoro. Inizialmente ha funzionato bene, e ho provato a usare internet al lavoro per motivi di lavoro, ma gradualmente ho dedicato sempre pi\u00f9 tempo anche a scopi non lavorativi. E a volte avevo delle compulsioni al lavoro, in cui smettevo di lavorare e iniziavo a navigare su internet per il resto della giornata.&nbsp;<\/p>\n\n\n\n<p>Ne ho parlato con il mio sponsor, che mi ha suggerito di portare di nuovo un computer e internet a casa. L&#039;ho fatto. All&#039;inizio \u00e8 stato spaventoso, ma ha funzionato piuttosto bene. La cosa pi\u00f9 importante \u00e8 che la mia voglia di guardare porno sul computer era scomparsa. Lo considero ancora uno dei miracoli della guarigione. Sono grato al mio sponsor per aver insistito affinch\u00e9 non usassi filtri internet o applicazioni di controllo del tempo sul mio computer. Dio \u00e8 il mio filtro internet e il mio controllo del tempo, e se voglio mantenere gestibile il mio utilizzo di internet, dovr\u00f2 affidarmi al mio Potere Superiore piuttosto che a filtri internet o controlli parentali. Detto questo, durante la guarigione dalla dipendenza dal sesso, il mio utilizzo di internet rimaneva a volte ingestibile, cadendo in abbuffate di internet a casa o al lavoro. Dopo aver affrontato prima altri difetti caratteriali, questa questione di internet \u00e8 diventata pi\u00f9 ostinata da risolvere con i soli passaggi sei e sette.&nbsp;<\/p>\n\n\n\n<p>Con questo, il mio desiderio di smettere aument\u00f2. Sentivo che la mia guarigione era finta. Mi abbuffavo di internet fino a notte fonda, completamente incapace di fermarmi. Era esattamente come prima di iniziare il programma di recupero in dodici passi, l&#039;unica differenza era che non c&#039;era porno. Il mio sponsor mi sugger\u00ec di cercare un programma in dodici passi per la dipendenza da internet. Lo feci, e finalmente un collega mi parl\u00f2 dell&#039;ITAA.&nbsp;<\/p>\n\n\n\n<p>Tuttavia, non volevo andare all&#039;ITAA. Non avevo alcuna fiducia che andarci mi avrebbe aiutato. Alla fine, un&#039;altra scorribanda online nel dicembre 2018 mi ha convinto a chiamare per partecipare al mio primo incontro ITAA.&nbsp;<\/p>\n\n\n\n<p>Ti \u00e8 stato d&#039;aiuto? Puoi starne certo.&nbsp;<\/p>\n\n\n\n<p>Sono rimasto davvero sorpreso, ma ho scoperto di aver davvero bisogno dell&#039;ITAA: avevo bisogno di ammettere di essere un dipendente da Internet e dalla tecnologia, chiamando e dicendolo ad alta voce ad altri dipendenti da Internet e dalla tecnologia comprensivi. E avevo bisogno di ascoltare le voci, le storie di sofferenza e di recupero di successo di altri dipendenti da Internet e dalla tecnologia. S\u00ec, sono un dipendente da Internet e dalla tecnologia. Non posso controllarlo e la mia vita \u00e8 ingestibile. Ho bisogno di un Potere Superiore che gestisca la mia vita e dei membri dell&#039;ITAA che mi tengano lontano dalle abbuffate di Internet.&nbsp;<\/p>\n\n\n\n<p>E il miracolo \u00e8 che da quando mi sono iscritto all&#039;ITAA non ho pi\u00f9 avuto una grave sbornia online (anche se ho superato brevemente i miei limiti un paio di volte). Sento che la mia guarigione e la mia vita hanno raggiunto un nuovo livello. Ne sono molto grato.<\/p>\n<!-- PMB print buttons is only displayed on a single post\/page URLs-->","protected":false},"excerpt":{"rendered":"<p>PDF stampabile I miei genitori erano molto istruiti e negli anni &#039;80 eravamo una delle poche famiglie del quartiere ad avere TV e computer in casa. Ricordo che nei fine settimana guardavo il cartone animato mattutino per bambini che durava quattro ore. Ero anche affascinato dai computer. Da bambino\u2026 <a href=\"https:\/\/internetaddictsanonymous.org\/it\/recovery-stories\/the-only-thing-that-worked\/\" class=\"more-link\">Continua a leggere <span class=\"screen-reader-text\">L&#039;unica cosa che ha funzionato<\/span><\/a><\/p>","protected":false},"author":35194237,"featured_media":0,"parent":9835,"menu_order":0,"comment_status":"closed","ping_status":"closed","template":"full-width-page.php","meta":{"inline_featured_image":false,"_lmt_disableupdate":"","_lmt_disable":"","jetpack_post_was_ever_published":false,"footnotes":""},"tags":[],"class_list":["post-16769","page","type-page","status-publish","hentry"],"yoast_head":"<!-- This site is optimized with the Yoast SEO plugin v27.3 - https:\/\/yoast.com\/product\/yoast-seo-wordpress\/ -->\n<title>The Only Thing That Worked &#8211; Internet and Technology Addicts Anonymous<\/title>\n<meta name=\"robots\" content=\"index, follow, max-snippet:-1, max-image-preview:large, max-video-preview:-1\" \/>\n<link rel=\"canonical\" href=\"https:\/\/internetaddictsanonymous.org\/it\/storie-di-recupero\/lunica-cosa-che-ha-funzionato\/\" \/>\n<meta property=\"og:locale\" content=\"it_IT\" \/>\n<meta property=\"og:type\" content=\"article\" \/>\n<meta property=\"og:title\" content=\"The Only Thing That Worked &#8211; Internet and Technology Addicts Anonymous\" \/>\n<meta property=\"og:description\" content=\"Printable PDF My parents were highly educated, and in the 1980s we were one of the few families in the neighborhood that had TV and computers at home. I remember that on the weekends I would watch the four hour morning cartoon show for children. I also was fascinated by the computers. As a kid &hellip; Continue reading The Only Thing That Worked\" \/>\n<meta property=\"og:url\" content=\"https:\/\/internetaddictsanonymous.org\/it\/storie-di-recupero\/lunica-cosa-che-ha-funzionato\/\" \/>\n<meta property=\"og:site_name\" content=\"Internet and Technology Addicts Anonymous\" \/>\n<meta property=\"article:modified_time\" content=\"2023-09-03T18:52:53+00:00\" \/>\n<meta name=\"twitter:card\" content=\"summary_large_image\" \/>\n<meta name=\"twitter:label1\" content=\"Tempo di lettura stimato\" \/>\n\t<meta name=\"twitter:data1\" content=\"7 minuti\" \/>\n<script type=\"application\/ld+json\" class=\"yoast-schema-graph\">{\"@context\":\"https:\\\/\\\/schema.org\",\"@graph\":[{\"@type\":\"WebPage\",\"@id\":\"https:\\\/\\\/internetaddictsanonymous.org\\\/recovery-stories\\\/the-only-thing-that-worked\\\/\",\"url\":\"https:\\\/\\\/internetaddictsanonymous.org\\\/recovery-stories\\\/the-only-thing-that-worked\\\/\",\"name\":\"The Only Thing That Worked &#8211; Internet and Technology Addicts Anonymous\",\"isPartOf\":{\"@id\":\"https:\\\/\\\/internetaddictsanonymous.org\\\/#website\"},\"datePublished\":\"2023-09-03T18:52:51+00:00\",\"dateModified\":\"2023-09-03T18:52:53+00:00\",\"breadcrumb\":{\"@id\":\"https:\\\/\\\/internetaddictsanonymous.org\\\/recovery-stories\\\/the-only-thing-that-worked\\\/#breadcrumb\"},\"inLanguage\":\"it-IT\",\"potentialAction\":[{\"@type\":\"ReadAction\",\"target\":[\"https:\\\/\\\/internetaddictsanonymous.org\\\/recovery-stories\\\/the-only-thing-that-worked\\\/\"]}]},{\"@type\":\"BreadcrumbList\",\"@id\":\"https:\\\/\\\/internetaddictsanonymous.org\\\/recovery-stories\\\/the-only-thing-that-worked\\\/#breadcrumb\",\"itemListElement\":[{\"@type\":\"ListItem\",\"position\":1,\"name\":\"Home\",\"item\":\"https:\\\/\\\/internetaddictsanonymous.org\\\/\"},{\"@type\":\"ListItem\",\"position\":2,\"name\":\"Recovery Stories\",\"item\":\"https:\\\/\\\/internetaddictsanonymous.org\\\/recovery-stories\\\/\"},{\"@type\":\"ListItem\",\"position\":3,\"name\":\"The Only Thing That Worked\"}]},{\"@type\":\"WebSite\",\"@id\":\"https:\\\/\\\/internetaddictsanonymous.org\\\/#website\",\"url\":\"https:\\\/\\\/internetaddictsanonymous.org\\\/\",\"name\":\"Internet and Technology Addicts Anonymous\",\"description\":\"Worldwide 12-step Fellowship for Internet and Technology Addiction\",\"publisher\":{\"@id\":\"https:\\\/\\\/internetaddictsanonymous.org\\\/#organization\"},\"potentialAction\":[{\"@type\":\"SearchAction\",\"target\":{\"@type\":\"EntryPoint\",\"urlTemplate\":\"https:\\\/\\\/internetaddictsanonymous.org\\\/?s={search_term_string}\"},\"query-input\":{\"@type\":\"PropertyValueSpecification\",\"valueRequired\":true,\"valueName\":\"search_term_string\"}}],\"inLanguage\":\"it-IT\"},{\"@type\":\"Organization\",\"@id\":\"https:\\\/\\\/internetaddictsanonymous.org\\\/#organization\",\"name\":\"Internet and Technology Addicts Anonymous\",\"url\":\"https:\\\/\\\/internetaddictsanonymous.org\\\/\",\"logo\":{\"@type\":\"ImageObject\",\"inLanguage\":\"it-IT\",\"@id\":\"https:\\\/\\\/internetaddictsanonymous.org\\\/#\\\/schema\\\/logo\\\/image\\\/\",\"url\":\"https:\\\/\\\/internetaddictsanonymous.org\\\/wp-content\\\/uploads\\\/2023\\\/01\\\/cropped-ITAA-logo-480px.png\",\"contentUrl\":\"https:\\\/\\\/internetaddictsanonymous.org\\\/wp-content\\\/uploads\\\/2023\\\/01\\\/cropped-ITAA-logo-480px.png\",\"width\":480,\"height\":480,\"caption\":\"Internet and Technology Addicts Anonymous\"},\"image\":{\"@id\":\"https:\\\/\\\/internetaddictsanonymous.org\\\/#\\\/schema\\\/logo\\\/image\\\/\"}}]}<\/script>\n<!-- \/ Yoast SEO plugin. -->","yoast_head_json":{"title":"L&#039;unica cosa che ha funzionato - Dipendenti da Internet e tecnologia Anonimi","robots":{"index":"index","follow":"follow","max-snippet":"max-snippet:-1","max-image-preview":"max-image-preview:large","max-video-preview":"max-video-preview:-1"},"canonical":"https:\/\/internetaddictsanonymous.org\/it\/storie-di-recupero\/lunica-cosa-che-ha-funzionato\/","og_locale":"it_IT","og_type":"article","og_title":"The Only Thing That Worked &#8211; Internet and Technology Addicts Anonymous","og_description":"Printable PDF My parents were highly educated, and in the 1980s we were one of the few families in the neighborhood that had TV and computers at home. I remember that on the weekends I would watch the four hour morning cartoon show for children. I also was fascinated by the computers. As a kid &hellip; Continue reading The Only Thing That Worked","og_url":"https:\/\/internetaddictsanonymous.org\/it\/storie-di-recupero\/lunica-cosa-che-ha-funzionato\/","og_site_name":"Internet and Technology Addicts Anonymous","article_modified_time":"2023-09-03T18:52:53+00:00","twitter_card":"summary_large_image","twitter_misc":{"Tempo di lettura stimato":"7 minuti"},"schema":{"@context":"https:\/\/schema.org","@graph":[{"@type":"WebPage","@id":"https:\/\/internetaddictsanonymous.org\/recovery-stories\/the-only-thing-that-worked\/","url":"https:\/\/internetaddictsanonymous.org\/recovery-stories\/the-only-thing-that-worked\/","name":"L&#039;unica cosa che ha funzionato - Dipendenti da Internet e tecnologia Anonimi","isPartOf":{"@id":"https:\/\/internetaddictsanonymous.org\/#website"},"datePublished":"2023-09-03T18:52:51+00:00","dateModified":"2023-09-03T18:52:53+00:00","breadcrumb":{"@id":"https:\/\/internetaddictsanonymous.org\/recovery-stories\/the-only-thing-that-worked\/#breadcrumb"},"inLanguage":"it-IT","potentialAction":[{"@type":"ReadAction","target":["https:\/\/internetaddictsanonymous.org\/recovery-stories\/the-only-thing-that-worked\/"]}]},{"@type":"BreadcrumbList","@id":"https:\/\/internetaddictsanonymous.org\/recovery-stories\/the-only-thing-that-worked\/#breadcrumb","itemListElement":[{"@type":"ListItem","position":1,"name":"Home","item":"https:\/\/internetaddictsanonymous.org\/"},{"@type":"ListItem","position":2,"name":"Recovery Stories","item":"https:\/\/internetaddictsanonymous.org\/recovery-stories\/"},{"@type":"ListItem","position":3,"name":"The Only Thing That Worked"}]},{"@type":"WebSite","@id":"https:\/\/internetaddictsanonymous.org\/#website","url":"https:\/\/internetaddictsanonymous.org\/","name":"Dipendenti da Internet e Tecnologia Anonimi","description":"Associazione mondiale in 12 fasi per la dipendenza da Internet e dalla tecnologia","publisher":{"@id":"https:\/\/internetaddictsanonymous.org\/#organization"},"potentialAction":[{"@type":"SearchAction","target":{"@type":"EntryPoint","urlTemplate":"https:\/\/internetaddictsanonymous.org\/?s={search_term_string}"},"query-input":{"@type":"PropertyValueSpecification","valueRequired":true,"valueName":"search_term_string"}}],"inLanguage":"it-IT"},{"@type":"Organization","@id":"https:\/\/internetaddictsanonymous.org\/#organization","name":"Dipendenti da Internet e Tecnologia Anonimi","url":"https:\/\/internetaddictsanonymous.org\/","logo":{"@type":"ImageObject","inLanguage":"it-IT","@id":"https:\/\/internetaddictsanonymous.org\/#\/schema\/logo\/image\/","url":"https:\/\/internetaddictsanonymous.org\/wp-content\/uploads\/2023\/01\/cropped-ITAA-logo-480px.png","contentUrl":"https:\/\/internetaddictsanonymous.org\/wp-content\/uploads\/2023\/01\/cropped-ITAA-logo-480px.png","width":480,"height":480,"caption":"Internet and Technology Addicts Anonymous"},"image":{"@id":"https:\/\/internetaddictsanonymous.org\/#\/schema\/logo\/image\/"}}]}},"jetpack_sharing_enabled":true,"jetpack_shortlink":"https:\/\/wp.me\/P9Fwob-4mt","_links":{"self":[{"href":"https:\/\/internetaddictsanonymous.org\/it\/wp-json\/wp\/v2\/pages\/16769","targetHints":{"allow":["GET"]}}],"collection":[{"href":"https:\/\/internetaddictsanonymous.org\/it\/wp-json\/wp\/v2\/pages"}],"about":[{"href":"https:\/\/internetaddictsanonymous.org\/it\/wp-json\/wp\/v2\/types\/page"}],"author":[{"embeddable":true,"href":"https:\/\/internetaddictsanonymous.org\/it\/wp-json\/wp\/v2\/users\/35194237"}],"replies":[{"embeddable":true,"href":"https:\/\/internetaddictsanonymous.org\/it\/wp-json\/wp\/v2\/comments?post=16769"}],"version-history":[{"count":1,"href":"https:\/\/internetaddictsanonymous.org\/it\/wp-json\/wp\/v2\/pages\/16769\/revisions"}],"predecessor-version":[{"id":16770,"href":"https:\/\/internetaddictsanonymous.org\/it\/wp-json\/wp\/v2\/pages\/16769\/revisions\/16770"}],"up":[{"embeddable":true,"href":"https:\/\/internetaddictsanonymous.org\/it\/wp-json\/wp\/v2\/pages\/9835"}],"wp:attachment":[{"href":"https:\/\/internetaddictsanonymous.org\/it\/wp-json\/wp\/v2\/media?parent=16769"}],"wp:term":[{"taxonomy":"post_tag","embeddable":true,"href":"https:\/\/internetaddictsanonymous.org\/it\/wp-json\/wp\/v2\/tags?post=16769"}],"curies":[{"name":"parola chiave","href":"https:\/\/api.w.org\/{rel}","templated":true}]}}