{"id":17595,"date":"2024-02-18T19:47:54","date_gmt":"2024-02-19T00:47:54","guid":{"rendered":"https:\/\/internetaddictsanonymous.org\/?page_id=17595"},"modified":"2026-04-23T15:20:14","modified_gmt":"2026-04-23T22:20:14","slug":"usa-ca","status":"publish","type":"page","link":"https:\/\/internetaddictsanonymous.org\/it\/in-person-meetings\/usa-ca\/","title":{"rendered":"ITAA in California, Stati Uniti"},"content":{"rendered":"<p>Benvenuti a Internet and Technology Addicts Anonymous! Siamo lieti che tu ci abbia trovato e speriamo che la nostra community possa esserti utile tanto quanto lo \u00e8 stata per noi.<strong> <mark style=\"background-color:rgba(0, 0, 0, 0)\" class=\"has-inline-color has-dark-gray-color\">L&#039;ITAA \u00e8 un&#039;associazione di dodici passi composta da persone che si sostengono a vicenda nel percorso di recupero dalla dipendenza da Internet e dalla tecnologia.<\/mark><\/strong> Ci\u00f2 include la dipendenza dai social media, dagli smartphone, dallo streaming di contenuti video o audio, dai giochi, dalle notizie, dalla pornografia, dalle app di incontri, dalla ricerca online, dallo shopping online o da qualsiasi altra attivit\u00e0 digitale che diventi compulsiva e problematica.&nbsp;<\/p>\n\n\n\n<h4 class=\"wp-block-heading has-text-align-center\">~ <em><strong>Nella California settentrionale <\/strong><\/em>~<\/h4>\n\n\n\n<h3 class=\"wp-block-heading\">Incontri a Chico (potenziali)<\/h3>\n\n\n\n<p>Se sei interessato a entrare in contatto con altri membri ITAA a Chico, California, contattaci tramite l&#039;indirizzo email di contatto.<br>Contatto: <a href=\"mailto:Chico.ITAA@gmail.com\" target=\"_blank\" rel=\"noreferrer noopener\">Chico.ITAA@gmail.com<\/a><\/p>\n\n\n\n<h3 class=\"wp-block-heading\">Riunioni a South Bay (Sunnyvale)<\/h3>\n\n\n\n<p>Quando: gioved\u00ec, dalle 18:30 alle 19:30<br>Dove: Biblioteca di Sunnyvale<br>WhatsApp (principale): Contattateci al numero di telefono indicato di seguito per ricevere il link di invito! <br>Telefono (Aye Bea): 408-507-3975 (sentitevi liberi di inviare un SMS o chiamare direttamente se avete difficolt\u00e0 a trovarci!) <br>E-mail: <a href=\"mailto:southbay.itaa@gmail.com\">southbay.itaa@gmail.com<\/a> (Risposta entro circa 24 ore).<\/p>\n\n\n\n<p>Informazioni su questo capitolo: Il nostro obiettivo \u00e8 quello di creare uno spazio accogliente e informale in cui le persone possano condividere le proprie difficolt\u00e0, i progressi o qualsiasi riflessione sulla dipendenza dalla tecnologia, includendo in senso lato qualsiasi attivit\u00e0 digitale che diventi compulsiva e problematica. Siamo sempre aperti a suggerimenti e feedback! <\/p>\n\n\n\n<h3 class=\"wp-block-heading\">Incontri a Berkeley<\/h3>\n\n\n\n<p>Quando: domenica, dalle 13:00 alle 14:00<br>Dove: Chiesa unitaria universalista di Berkeley, 1606 Bonita Ave, Berkeley, CA<br>Contatto:&nbsp;<a href=\"mailto:nolan.s.itaa@gmail.com\" target=\"_blank\" rel=\"noreferrer noopener\">nolan.s.itaa@gmail.com<\/a><\/p>\n\n\n\n<h3 class=\"wp-block-heading\">Incontri a San Francisco<\/h3>\n\n\n\n<p>Quando: sabato, dalle 13:00 alle 14:00.<br>Dove: Prima Chiesa e Centro Unitariano Universalista (UUSF), 1187 Franklin Street, San Francisco, CA<br>Stanza: La stanza Fahs<br>Informazioni aggiuntive: si prega di suonare il campanello alle porte in VETRO oltre i gradini d&#039;ingresso (non alle porte in legno). Una volta entrati nell&#039;edificio, girare a sinistra e percorrere tutto il corridoio che circonda il cortile. La sala Fahs si trova in fondo a sinistra, oltre la cappella. Se la porta \u00e8 chiusa, entrate pure! Vi aspettiamo.<br>Contatto: Tom\u00e1s K, tomask.itaa@gmail.com, 917 725 2192 (se hai problemi a trovare la stanza, non esitare a chiamare direttamente)<\/p>\n\n\n\n<h4 class=\"wp-block-heading\">Incontri nella citt\u00e0 di Yuba<\/h4>\n\n\n\n<p>Quando: Primo sabato del mese, dalle 13:00 alle 14:00<br>Dove: Feather River Parkway, Yuba City, California<br>Contatto:&nbsp;<a href=\"mailto:graham.recovery.in.itaa@gmail.com\" target=\"_blank\" rel=\"noreferrer noopener\">ITAA.NorCal@gmail.com<\/a><\/p>\n\n\n\n<p>Unisciti a un piccolo ma affiatato gruppo che si sostiene a vicenda nel percorso di guarigione, un giorno alla volta.<\/p>\n\n\n\n<p>Questo \u00e8 un incontro aperto a tutti; tutti sono benvenuti. Chiediamo ai visitatori di rispettare lo scopo principale di questo incontro, che \u00e8 quello di trasmettere il messaggio di guarigione agli utenti compulsivi di Internet e della tecnologia che ancora soffrono.<\/p>\n\n\n\n<h4 class=\"wp-block-heading has-text-align-center\">~ <strong><em>Nella California meridionale<\/em><\/strong> ~<\/h4>\n\n\n\n<h3 class=\"wp-block-heading\">Riunioni a Los Angeles, CA<\/h3>\n\n\n\n<h4 class=\"wp-block-heading\">\u201c&quot;Step 11 alle 11:11&quot; Riunione dell&#039;ITAA di Hollywood<\/h4>\n\n\n\n<p>Quando: sabato dalle 11:00 alle 12:30<br>Dove: Plummer Park al 7377 Santa Monica Blvd, West Hollywood, CA 90046<br>E-mail:&nbsp;<a href=\"mailto:Hollywood.ITAA@gmail.com\" target=\"_blank\" rel=\"noreferrer noopener\">Hollywood.ITAA@gmail.com<\/a><br>Segnale: <a href=\"https:\/\/signal.group\/#CjQKIH-GZ6WbWSa6lwfAKdOepX8k4djVGaUHOwAdyez5Cu5eEhCnuuYB18fbYFqkoxdGW3hp\" target=\"_blank\" rel=\"noreferrer noopener\">https:\/\/signal.group\/#CjQKIH-GZ6WbWSa6lwfAKdOepX8k4djVGaUHOwAdyez5Cu5eEhCnuuYB18fbYFqkoxdGW3hp<\/a><\/p>\n\n\n\n<p>Questo \u00e8 un incontro aperto a tutti; tutti sono benvenuti. Chiediamo ai visitatori di rispettare lo scopo principale di questo incontro, che \u00e8 quello di trasmettere il messaggio di guarigione agli utenti compulsivi di Internet e della tecnologia che ancora soffrono.<\/p>\n\n\n\n<p>Posizione esatta: Ci incontriamo nell&#039;area erbosa appena a sud dei campi da tennis. Le coordinate GPS esatte sono:&nbsp;<br>(34.0929888, -118.3514780).<\/p>\n\n\n\n<p>Parcheggio: \u00e8 disponibile un parcheggio gratuito per 3 ore per gli ospiti del parco sul lato nord e sud. \u00c8 possibile parcheggiare anche in strada, ma si prega di tenere presente le restrizioni cittadine in materia di parcheggio.<\/p>\n\n\n\n<p>Informazioni aggiuntive:<br>1) Per qualsiasi domanda non esitate a contattarci via email o tramite il gruppo WhatsApp. Tuttavia, data la natura dell&#039;incontro all&#039;aperto, anche gli arrivi spontanei sono benvenuti.<\/p>\n\n\n\n<p>2) Si prega di arrivare entro le 11:00 e di considerare il tempo di parcheggio. L&#039;incontro inizia alle 11:11, dopodich\u00e9 l&#039;ingresso sar\u00e0 chiuso fino all&#039;inizio della parte di condivisione successiva alla meditazione, prevista approssimativamente alle 12:00. Se arrivate in questo orario, siete pregati di contattare telefonicamente la persona di riferimento e sarete ammessi dopo la meditazione.<\/p>\n\n\n\n<p>3) Inoltre, se preferisci non sederti sull&#039;erba, ti preghiamo di portare la tua sedia o coperta. Se non ne hai una, potremmo trovare una sistemazione.<\/p>\n\n\n\n<p><\/p>\n\n\n\n<h4 class=\"wp-block-heading\">Incontri a Pasadena<\/h4>\n\n\n\n<p>Quando: gioved\u00ec alle 11:00<br>Dove: Central Park, Pasadena. Si prega di arrivare cinque minuti prima per incontrarsi alla fontana della National Humane Alliance, situata all&#039;angolo tra Raymond Ave ed E Dayton Street. Ci sediamo all&#039;ombra di grandi alberi: portate una sedia, un asciugamano o una coperta, se preferite.<br>Contatto:&nbsp;<a href=\"mailto:mishainla.itaa@gmail.com\" target=\"_blank\" rel=\"noreferrer noopener\">mishainla.itaa@gmail.com<\/a><br><\/p>\n\n\n\n<p>Informazioni aggiuntive:<br>1) \u00c8 possibile parcheggiare in strada su E Dayton Street, S Raymond Ave e Fair Oaks Avenue al costo di $1,25 all&#039;ora. \u00c8 inoltre possibile parcheggiare in garage al costo di $1,00 per 90 minuti presso il parcheggio della stazione di Del Mar (230 S Raymond Ave). In metropolitana, la linea A (linea blu) ferma a questa vicina stazione di Del Mar.<br>2) Questo incontro viene raramente, ma occasionalmente, annullato o spostato a causa del maltempo. Si consiglia ai nuovi arrivati, ma non \u00e8 obbligatorio, di contattare Misha prima di partecipare:&nbsp;<a href=\"mailto:mishainla.itaa@gmail.com\" target=\"_blank\" rel=\"noreferrer noopener\">mishainla.itaa@gmail.com<\/a><\/p>\n\n\n\n<h4 class=\"wp-block-heading\">Incontro di studio del grande libro a Santa Monica<\/h4>\n\n\n\n<p>Nota: stiamo sperimentando nuove location nelle vicinanze, quindi potremmo non essere in questa caffetteria tutte le settimane. Si prega di inviare un messaggio a Evan al numero (424) 392-9023 per conoscere la posizione e l&#039;orario aggiornati.<\/p>\n\n\n\n<p>Quando: mercoled\u00ec sera dalle 17:30 alle 18:30<br>Dove: 3301 Pico Blvd, Santa Monica, CA 90405 (ingresso su Urban Ave)<\/p>\n\n\n\n<p>Questo \u00e8 un incontro aperto a tutti; tutti sono benvenuti. Chiediamo ai visitatori di rispettare lo scopo principale di questo incontro, che \u00e8 quello di trasmettere il messaggio di guarigione agli utenti compulsivi di Internet e della tecnologia che ancora soffrono.<\/p>\n\n\n\n<p>Formato: Si tratta di un incontro di studio della letteratura e di condivisione partecipativa. Leggiamo dal Grande Libro degli Alcolisti Anonimi e condividiamo ci\u00f2 che abbiamo letto o ci\u00f2 che ci passa per la testa.<\/p>\n\n\n\n<p>L&#039;incontro si terr\u00e0 in una caffetteria all&#039;angolo, l&#039;ingresso \u00e8 su Urban Ave. Il parcheggio \u00e8 sulla strada, si prega di prestare attenzione alle restrizioni di parcheggio.<\/p>\n\n\n\n<p>Contatto: <a href=\"mailto:Westside.ITAA@gmail.com\" target=\"_blank\" rel=\"noreferrer noopener\">Westside.ITAA@gmail.com<\/a>.<\/p>\n\n\n\n<p class=\"has-text-align-center\">-~-<\/p>\n\n\n\n<h3 class=\"wp-block-heading\">Riunioni aggiuntive<\/h3>\n\n\n\n<p>Se sei nuovo, ti invitiamo a provare a partecipare a sei incontri in un breve periodo di tempo per vedere se il nostro programma pu\u00f2 esserti utile. Oltre al nostro incontro locale di persona, puoi anche consultare il nostro <a href=\"https:\/\/internetaddictsanonymous.org\/it\/incontri-di-persona\/\">altri incontri di persona<\/a> e un <a href=\"https:\/\/internetaddictsanonymous.org\/it\/riunioni-online\/\">programma completo degli incontri online<\/a>. Tutti gli incontri sono completamente gratuiti e anonimi.<\/p>\n\n\n\n<h3 class=\"wp-block-heading\"><strong>Come funzionano le riunioni?<\/strong><\/h3>\n\n\n\n<p>Se partecipi a una riunione per la prima volta, non c&#039;\u00e8 motivo di agitarsi. La maggior parte delle nostre riunioni sono molto semplici; ogni riunione \u00e8 presieduta da un presidente e la maggior parte dura un&#039;ora. Il presidente e altri volontari leggono alcune dichiarazioni introduttive prima di dare inizio alla riunione, consentendo ai membri di condividere. Non \u00e8 obbligatorio condividere, ed \u00e8 possibile semplicemente ascoltare. Se ti senti a tuo agio, puoi presentarti e condividere il motivo per cui sei arrivato all&#039;ITAA. A meno che non sia richiesto dal membro che condivide, non offriamo suggerimenti o commenti in risposta alle condivisioni altrui; ci limitiamo ad ascoltare senza giudicare. Al termine dell&#039;ora, la riunione si concluder\u00e0 con alcune dichiarazioni conclusive, dopo le quali i membri di solito parlano in modo informale, fanno domande e si scambiano i recapiti.<\/p>\n\n\n\n<h3 class=\"wp-block-heading\">Risorse sulla dipendenza da Internet e dalla tecnologia<\/h3>\n\n\n\n<p>Se ti stai chiedendo se potresti avere una dipendenza da Internet e dalla tecnologia, puoi consultare i nostri questionari per <a href=\"https:\/\/internetaddictsanonymous.org\/it\/dipendenza-da-internet-e-tecnologia\/\">dipendenza da internet<\/a>, <a href=\"https:\/\/internetaddictsanonymous.org\/it\/dipendenza-da-internet-e-tecnologia\/dipendenza-dai-social-media\/\">dipendenza dai social media<\/a>, <a href=\"https:\/\/internetaddictsanonymous.org\/it\/dipendenza-da-internet\/dipendenza-dallo-streaming\/\">dipendenza dallo streaming<\/a>, <a href=\"https:\/\/internetaddictsanonymous.org\/it\/dipendenza-da-internet-e-tecnologia\/dipendenza-dal-telefono\/\">dipendenza dal telefono<\/a>, O <a href=\"https:\/\/internetaddictsanonymous.org\/it\/dipendenza-da-internet-e-tecnologia\/dipendenza-dai-videogiochi\/\">dipendenza dai videogiochi<\/a>. Puoi anche saperne di pi\u00f9 su ITAA leggendo il nostro&nbsp;<a href=\"https:\/\/internetaddictsanonymous.org\/it\/guida-per-i-nuovi-arrivati\/\">guida per i nuovi arrivati<\/a>, rivedendo il nostro <a href=\"https:\/\/internetaddictsanonymous.org\/it\/risorse\/strumenti-di-recupero\/\">strumenti di recupero<\/a>, o ascoltando <a href=\"https:\/\/internetaddictsanonymous.org\/it\/storie-di-recupero\/\">storie di recupero dei membri<\/a>.<\/p>\n\n\n\n<p>L&#039;ITAA non \u00e8 affiliata ad alcuna agenda politica, religiosa o di interesse esterno. Siamo completamente autosufficienti e gratuiti per chiunque ne abbia bisogno. Il nostro unico scopo \u00e8 astenerci dall&#039;uso compulsivo di Internet e della tecnologia e aiutare gli altri a liberarsi da questa dipendenza.<\/p>\n\n\n\n<p>Di nuovo, benvenuti! Ci auguriamo che questa community possa fornirvi il supporto di cui avete bisogno per superare la dipendenza da Internet e dalla tecnologia. Non esitate a contattarci per qualsiasi domanda.<\/p>\n<!-- PMB print buttons is only displayed on a single post\/page URLs-->","protected":false},"excerpt":{"rendered":"<p>Benvenuti a Internet and Technology Addicts Anonymous! Siamo lieti che ci abbiate trovato e speriamo che la nostra comunit\u00e0 possa esservi utile tanto quanto lo \u00e8 stata per noi. ITAA \u00e8 un&#039;associazione in Dodici Passi composta da persone che si sostengono a vicenda nel percorso di recupero dalla dipendenza da Internet e dalla tecnologia. Questa include la dipendenza da social media, smartphone, streaming... <a href=\"https:\/\/internetaddictsanonymous.org\/it\/in-person-meetings\/usa-ca\/\" class=\"more-link\">Continua a leggere <span class=\"screen-reader-text\">ITAA in California, Stati Uniti<\/span><\/a><\/p>","protected":false},"author":35194255,"featured_media":0,"parent":148,"menu_order":0,"comment_status":"closed","ping_status":"closed","template":"full-width-page.php","meta":{"inline_featured_image":false,"_lmt_disableupdate":"","_lmt_disable":"","footnotes":""},"tags":[],"class_list":["post-17595","page","type-page","status-publish","hentry"],"yoast_head":"<!-- This site is optimized with the Yoast SEO plugin v27.5 - https:\/\/yoast.com\/product\/yoast-seo-wordpress\/ -->\n<title>ITAA in California, US &#8211; Internet and Technology Addicts Anonymous<\/title>\n<meta name=\"description\" content=\"There are several in-person ITAA meetings in Southern California including in Santa Monica, Pasadena, and Hollywood. More coming soon!\" \/>\n<meta name=\"robots\" content=\"index, follow, max-snippet:-1, max-image-preview:large, max-video-preview:-1\" \/>\n<link rel=\"canonical\" href=\"https:\/\/internetaddictsanonymous.org\/it\/incontri-di-persona\/usa-ca\/\" \/>\n<meta property=\"og:locale\" content=\"it_IT\" \/>\n<meta property=\"og:type\" content=\"article\" \/>\n<meta property=\"og:title\" content=\"ITAA in California, US &#8211; Internet and Technology Addicts Anonymous\" \/>\n<meta property=\"og:description\" content=\"There are several in-person ITAA meetings in Southern California including in Santa Monica, Pasadena, and Hollywood. More coming soon!\" \/>\n<meta property=\"og:url\" content=\"https:\/\/internetaddictsanonymous.org\/it\/incontri-di-persona\/usa-ca\/\" \/>\n<meta property=\"og:site_name\" content=\"Internet and Technology Addicts Anonymous\" \/>\n<meta property=\"article:modified_time\" content=\"2026-04-23T22:20:14+00:00\" \/>\n<meta name=\"twitter:card\" content=\"summary_large_image\" \/>\n<meta name=\"twitter:label1\" content=\"Tempo di lettura stimato\" \/>\n\t<meta name=\"twitter:data1\" content=\"6 minuti\" \/>\n<script type=\"application\/ld+json\" class=\"yoast-schema-graph\">{\"@context\":\"https:\\\/\\\/schema.org\",\"@graph\":[{\"@type\":\"WebPage\",\"@id\":\"https:\\\/\\\/internetaddictsanonymous.org\\\/in-person-meetings\\\/usa-ca\\\/\",\"url\":\"https:\\\/\\\/internetaddictsanonymous.org\\\/in-person-meetings\\\/usa-ca\\\/\",\"name\":\"ITAA in California, US &#8211; Internet and Technology Addicts Anonymous\",\"isPartOf\":{\"@id\":\"https:\\\/\\\/internetaddictsanonymous.org\\\/#website\"},\"datePublished\":\"2024-02-19T00:47:54+00:00\",\"dateModified\":\"2026-04-23T22:20:14+00:00\",\"description\":\"There are several in-person ITAA meetings in Southern California including in Santa Monica, Pasadena, and Hollywood. More coming soon!\",\"breadcrumb\":{\"@id\":\"https:\\\/\\\/internetaddictsanonymous.org\\\/in-person-meetings\\\/usa-ca\\\/#breadcrumb\"},\"inLanguage\":\"it-IT\",\"potentialAction\":[{\"@type\":\"ReadAction\",\"target\":[\"https:\\\/\\\/internetaddictsanonymous.org\\\/in-person-meetings\\\/usa-ca\\\/\"]}]},{\"@type\":\"BreadcrumbList\",\"@id\":\"https:\\\/\\\/internetaddictsanonymous.org\\\/in-person-meetings\\\/usa-ca\\\/#breadcrumb\",\"itemListElement\":[{\"@type\":\"ListItem\",\"position\":1,\"name\":\"Home\",\"item\":\"https:\\\/\\\/internetaddictsanonymous.org\\\/\"},{\"@type\":\"ListItem\",\"position\":2,\"name\":\"In-Person Meetings\",\"item\":\"https:\\\/\\\/internetaddictsanonymous.org\\\/in-person-meetings\\\/\"},{\"@type\":\"ListItem\",\"position\":3,\"name\":\"ITAA in California, US\"}]},{\"@type\":\"WebSite\",\"@id\":\"https:\\\/\\\/internetaddictsanonymous.org\\\/#website\",\"url\":\"https:\\\/\\\/internetaddictsanonymous.org\\\/\",\"name\":\"Internet and Technology Addicts Anonymous\",\"description\":\"Worldwide 12-step Fellowship for Internet and Technology Addiction\",\"publisher\":{\"@id\":\"https:\\\/\\\/internetaddictsanonymous.org\\\/#organization\"},\"potentialAction\":[{\"@type\":\"SearchAction\",\"target\":{\"@type\":\"EntryPoint\",\"urlTemplate\":\"https:\\\/\\\/internetaddictsanonymous.org\\\/?s={search_term_string}\"},\"query-input\":{\"@type\":\"PropertyValueSpecification\",\"valueRequired\":true,\"valueName\":\"search_term_string\"}}],\"inLanguage\":\"it-IT\"},{\"@type\":\"Organization\",\"@id\":\"https:\\\/\\\/internetaddictsanonymous.org\\\/#organization\",\"name\":\"Internet and Technology Addicts Anonymous\",\"url\":\"https:\\\/\\\/internetaddictsanonymous.org\\\/\",\"logo\":{\"@type\":\"ImageObject\",\"inLanguage\":\"it-IT\",\"@id\":\"https:\\\/\\\/internetaddictsanonymous.org\\\/#\\\/schema\\\/logo\\\/image\\\/\",\"url\":\"https:\\\/\\\/internetaddictsanonymous.org\\\/wp-content\\\/uploads\\\/2023\\\/01\\\/cropped-ITAA-logo-480px.png\",\"contentUrl\":\"https:\\\/\\\/internetaddictsanonymous.org\\\/wp-content\\\/uploads\\\/2023\\\/01\\\/cropped-ITAA-logo-480px.png\",\"width\":480,\"height\":480,\"caption\":\"Internet and Technology Addicts Anonymous\"},\"image\":{\"@id\":\"https:\\\/\\\/internetaddictsanonymous.org\\\/#\\\/schema\\\/logo\\\/image\\\/\"}}]}<\/script>\n<!-- \/ Yoast SEO plugin. -->","yoast_head_json":{"title":"ITAA in California, Stati Uniti \u2013 Dipendenti da Internet e Tecnologia Anonimi","description":"Ci sono diversi incontri ITAA in presenza nella California meridionale, tra cui a Santa Monica, Pasadena e Hollywood. Presto ne arriveranno altri!","robots":{"index":"index","follow":"follow","max-snippet":"max-snippet:-1","max-image-preview":"max-image-preview:large","max-video-preview":"max-video-preview:-1"},"canonical":"https:\/\/internetaddictsanonymous.org\/it\/incontri-di-persona\/usa-ca\/","og_locale":"it_IT","og_type":"article","og_title":"ITAA in California, US &#8211; Internet and Technology Addicts Anonymous","og_description":"There are several in-person ITAA meetings in Southern California including in Santa Monica, Pasadena, and Hollywood. More coming soon!","og_url":"https:\/\/internetaddictsanonymous.org\/it\/incontri-di-persona\/usa-ca\/","og_site_name":"Internet and Technology Addicts Anonymous","article_modified_time":"2026-04-23T22:20:14+00:00","twitter_card":"summary_large_image","twitter_misc":{"Tempo di lettura stimato":"6 minuti"},"schema":{"@context":"https:\/\/schema.org","@graph":[{"@type":"WebPage","@id":"https:\/\/internetaddictsanonymous.org\/in-person-meetings\/usa-ca\/","url":"https:\/\/internetaddictsanonymous.org\/in-person-meetings\/usa-ca\/","name":"ITAA in California, Stati Uniti \u2013 Dipendenti da Internet e Tecnologia Anonimi","isPartOf":{"@id":"https:\/\/internetaddictsanonymous.org\/#website"},"datePublished":"2024-02-19T00:47:54+00:00","dateModified":"2026-04-23T22:20:14+00:00","description":"Ci sono diversi incontri ITAA in presenza nella California meridionale, tra cui a Santa Monica, Pasadena e Hollywood. Presto ne arriveranno altri!","breadcrumb":{"@id":"https:\/\/internetaddictsanonymous.org\/in-person-meetings\/usa-ca\/#breadcrumb"},"inLanguage":"it-IT","potentialAction":[{"@type":"ReadAction","target":["https:\/\/internetaddictsanonymous.org\/in-person-meetings\/usa-ca\/"]}]},{"@type":"BreadcrumbList","@id":"https:\/\/internetaddictsanonymous.org\/in-person-meetings\/usa-ca\/#breadcrumb","itemListElement":[{"@type":"ListItem","position":1,"name":"Home","item":"https:\/\/internetaddictsanonymous.org\/"},{"@type":"ListItem","position":2,"name":"In-Person Meetings","item":"https:\/\/internetaddictsanonymous.org\/in-person-meetings\/"},{"@type":"ListItem","position":3,"name":"ITAA in California, US"}]},{"@type":"WebSite","@id":"https:\/\/internetaddictsanonymous.org\/#website","url":"https:\/\/internetaddictsanonymous.org\/","name":"Dipendenti da Internet e Tecnologia Anonimi","description":"Associazione mondiale in 12 fasi per la dipendenza da Internet e dalla tecnologia","publisher":{"@id":"https:\/\/internetaddictsanonymous.org\/#organization"},"potentialAction":[{"@type":"SearchAction","target":{"@type":"EntryPoint","urlTemplate":"https:\/\/internetaddictsanonymous.org\/?s={search_term_string}"},"query-input":{"@type":"PropertyValueSpecification","valueRequired":true,"valueName":"search_term_string"}}],"inLanguage":"it-IT"},{"@type":"Organization","@id":"https:\/\/internetaddictsanonymous.org\/#organization","name":"Dipendenti da Internet e Tecnologia Anonimi","url":"https:\/\/internetaddictsanonymous.org\/","logo":{"@type":"ImageObject","inLanguage":"it-IT","@id":"https:\/\/internetaddictsanonymous.org\/#\/schema\/logo\/image\/","url":"https:\/\/internetaddictsanonymous.org\/wp-content\/uploads\/2023\/01\/cropped-ITAA-logo-480px.png","contentUrl":"https:\/\/internetaddictsanonymous.org\/wp-content\/uploads\/2023\/01\/cropped-ITAA-logo-480px.png","width":480,"height":480,"caption":"Internet and Technology Addicts Anonymous"},"image":{"@id":"https:\/\/internetaddictsanonymous.org\/#\/schema\/logo\/image\/"}}]}},"jetpack_sharing_enabled":true,"jetpack_shortlink":"https:\/\/wp.me\/P9Fwob-4zN","_links":{"self":[{"href":"https:\/\/internetaddictsanonymous.org\/it\/wp-json\/wp\/v2\/pages\/17595","targetHints":{"allow":["GET"]}}],"collection":[{"href":"https:\/\/internetaddictsanonymous.org\/it\/wp-json\/wp\/v2\/pages"}],"about":[{"href":"https:\/\/internetaddictsanonymous.org\/it\/wp-json\/wp\/v2\/types\/page"}],"author":[{"embeddable":true,"href":"https:\/\/internetaddictsanonymous.org\/it\/wp-json\/wp\/v2\/users\/35194255"}],"replies":[{"embeddable":true,"href":"https:\/\/internetaddictsanonymous.org\/it\/wp-json\/wp\/v2\/comments?post=17595"}],"version-history":[{"count":94,"href":"https:\/\/internetaddictsanonymous.org\/it\/wp-json\/wp\/v2\/pages\/17595\/revisions"}],"predecessor-version":[{"id":21247,"href":"https:\/\/internetaddictsanonymous.org\/it\/wp-json\/wp\/v2\/pages\/17595\/revisions\/21247"}],"up":[{"embeddable":true,"href":"https:\/\/internetaddictsanonymous.org\/it\/wp-json\/wp\/v2\/pages\/148"}],"wp:attachment":[{"href":"https:\/\/internetaddictsanonymous.org\/it\/wp-json\/wp\/v2\/media?parent=17595"}],"wp:term":[{"taxonomy":"post_tag","embeddable":true,"href":"https:\/\/internetaddictsanonymous.org\/it\/wp-json\/wp\/v2\/tags?post=17595"}],"curies":[{"name":"parola chiave","href":"https:\/\/api.w.org\/{rel}","templated":true}]}}