{"id":18148,"date":"2024-06-16T20:35:42","date_gmt":"2024-06-17T00:35:42","guid":{"rendered":"https:\/\/internetaddictsanonymous.org\/?page_id=18148"},"modified":"2024-07-28T14:35:31","modified_gmt":"2024-07-28T18:35:31","slug":"principi-per-i-gruppi-di-chat","status":"publish","type":"page","link":"https:\/\/internetaddictsanonymous.org\/it\/resources\/being-of-service-resources\/principles-for-chat-groups\/","title":{"rendered":"Principi per i gruppi di chat ITAA"},"content":{"rendered":"<p>Come dipendenti da Internet, dobbiamo prestare particolare attenzione al modo in cui utilizziamo la tecnologia per supportare il nostro percorso di recupero e i nostri incontri. Ad esempio, Zoom e il nostro sito web sono stati strumenti essenziali per aiutare la nostra comunit\u00e0 a raggiungere i tossicodipendenti che non hanno accesso a incontri di persona. Nel frattempo, altre tecnologie \u2013 piattaforme di streaming, feed dei social media, app di incontri, videogiochi \u2013 chiaramente non trovano posto nella nostra comunit\u00e0. I gruppi di chat possono collocarsi a met\u00e0 strada: possono essere utili per rimanere coordinati al di fuori degli incontri, ma possono anche alimentare tendenze malsane alla dipendenza. Lo scopo di questo documento \u00e8 suggerire principi per aiutare i gruppi di chat dell&#039;ITAA a garantire che servano al nostro scopo principale: trasmettere il messaggio all&#039;utente compulsivo di Internet e della tecnologia che ancora soffre.<\/p>\n\n\n\n<p>In generale, raccomandiamo che i gruppi di chat ITAA mettano in pratica i seguenti principi:<\/p>\n\n\n\n<ol class=\"wp-block-list\">\n<li><strong>Guidati dalle Dodici Tradizioni: <\/strong>I gruppi di chat spesso funzionano bene quando sono affiliati a una singola riunione ITAA che gestisce la chat a beneficio dei suoi membri e pu\u00f2 discutere argomenti relativi al gruppo di chat nelle loro coscienze di gruppo. Se il nostro gruppo di chat non \u00e8 affiliato a una specifica riunione ITAA, possiamo tenere coscienze di gruppo regolari (idealmente tramite discussioni dal vivo di persona o su Zoom), eleggere servitori di fiducia e praticare. <a href=\"https:\/\/internetaddictsanonymous.org\/it\/12-passi-di-itaa\/\">le Dodici Tradizioni<\/a>, proprio come farebbe qualsiasi altro incontro. Altrimenti, si incoraggia il gruppo di chat a rimanere <em>informale<\/em>, il che significa che non utilizza il nome o il logo ITAA e i membri non devono promuoverlo ai nuovi arrivati e agli altri membri dell&#039;ITAA.<br><\/li>\n\n\n\n<li><strong>Uno scopo chiaro: <\/strong>I gruppi di chat ITAA possono trarre vantaggio da uno scopo chiaro, allineato con lo scopo principale della nostra associazione: <em>per trasmettere il messaggio all&#039;utente compulsivo di Internet e della tecnologia che sta ancora soffrendo<\/em>. Esempi di scopi potrebbero includere il coordinamento di collaboratori fidati per un incontro o l&#039;effettuazione di chiamate di sensibilizzazione. I gruppi di chat ufficiali dell&#039;ITAA sono meno adatti come forum per la condivisione non strutturata, il dialogo incrociato o la discussione informale, che possono diventare veicoli per la pubblicazione compulsiva di post, il controllo delle notifiche, la connessione parasociale e il conflitto interpersonale. Sebbene ogni gruppo sia incoraggiato a determinare autonomamente lo scopo specifico della propria chat, in quanto dipendenti da Internet e dalla tecnologia, facciamo bene a prestare attenzione quando utilizziamo una piattaforma di social media per trasmettere il messaggio ai nuovi arrivati. Possiamo tenere presente che i tossicodipendenti nelle comunit\u00e0 di recupero dei Dodici Passi hanno raggiunto la sobriet\u00e0 senza gruppi di chat per quasi 100 anni. Con un numero crescente di incontri faccia a faccia, centinaia di incontri online e migliaia di membri disponibili per chiamate di sensibilizzazione, esistono molti mezzi collaudati oltre alla chat per i dipendenti da Internet e dalla tecnologia che cercano un modo per condividere.<br><\/li>\n\n\n\n<li><strong>Confini chiaramente definiti e privilegi di amministratore:<\/strong> I nostri gruppi di chat beneficiano di limiti scritti sullo scopo del gruppo e di linee guida specifiche per la pubblicazione, che comunichiamo ai nuovi arrivati. Un esempio di tali limiti \u00e8 disponibile in fondo a questa pagina. Eleggiamo collaboratori fidati con limiti di mandato, che praticano la rotazione del servizio e che possono intervenire per far rispettare i limiti. Potremmo trovare utile adottare una politica dei 3 avvertimenti per le trasgressioni ricorrenti (pubblicare messaggi al di fuori dei limiti del gruppo, segnalazioni di flirt indesiderati, ecc.), dopodich\u00e9 il membro pu\u00f2 essere rimosso per un periodo di 3-6 mesi prima di essere invitato a rientrare se \u00e8 disposto a rispettare i limiti del gruppo. Per le trasgressioni pi\u00f9 gravi (insulti violenti, messaggi o immagini a sfondo sessuale, ecc.), il membro pu\u00f2 essere rimosso immediatamente e temporaneamente fino a quando una coscienza di gruppo non ne discute la durata, in genere tra 6 mesi e a tempo indeterminato. La decisione di rimuovere un membro da un gruppo, anche per un periodo di tempo limitato, dovrebbe essere presa molto seriamente e qualsiasi rimozione dovrebbe sempre essere discussa in una coscienza di gruppo (idealmente in anticipo). Ulteriori suggerimenti su come gestire i comportamenti problematici possono essere trovati nel nostro <a href=\"https:\/\/internetaddictsanonymous.org\/it\/sicurezza-in-itaa\/\">Guida alla sicurezza in ITAA<\/a>.<br><\/li>\n\n\n\n<li><strong>I gruppi di chat non dovrebbero essere il primo punto di contatto:<\/strong> In alcuni meeting si \u00e8 provato a pubblicare online un link al proprio gruppo di chat per facilitare ai nuovi arrivati la possibilit\u00e0 di porre domande sull&#039;incontro. Abbiamo spesso riscontrato che i nuovi arrivati che non hanno mai partecipato a un meeting o parlato con un altro membro potrebbero non avere la consapevolezza o la lucidit\u00e0 necessarie per mantenere confini sicuri all&#039;interno del gruppo o nei confronti degli altri membri. Inoltre, pubblicare pubblicamente il link al nostro gruppo di chat ci rende vulnerabili a spammer e troll. Si incoraggiano i meeting a fornire indirizzi email e numeri di telefono per i nuovi arrivati interessati a partecipare, non link al gruppo di chat. Se un membro sconosciuto chiede di unirsi a un gruppo di chat, \u00e8 opportuno porre prima alcune domande su come ha saputo del gruppo di chat, in modo da escludere malintenzionati.<\/li>\n<\/ol>\n\n\n\n<p>In sostanza, questi principi raccomandano che i gruppi di chat siano ben strutturati, di portata limitata e guidati dalle nostre Dodici Tradizioni. Si tratta solo di raccomandazioni e confidiamo che membri e gruppi scoprano il proprio percorso attraverso il processo di coscienza di gruppo. Ci auguriamo che, come comunit\u00e0, questi principi possano guidarci verso un rapporto con i gruppi di chat che aiuti pi\u00f9 tossicodipendenti in tutto il mondo a trovare una comunit\u00e0 stabile, sicura e protetta in cui riprendersi.<\/p>\n\n\n\n<h2 class=\"wp-block-heading\"><strong>Esempio di descrizione e limiti del gruppo di chat:<\/strong><\/h2>\n\n\n\n<p>Lo scopo di questa chat \u00e8 facilitare le chiamate di sensibilizzazione tra i membri del gruppo ITAA {Nome della riunione}. Puoi pubblicare nella chat se hai bisogno di una chiamata di sensibilizzazione e un altro membro risponder\u00e0 al tuo messaggio, se disponibile, e poi ti chiamer\u00e0. Tieni presente i seguenti limiti:<\/p>\n\n\n\n<ul class=\"wp-block-list\">\n<li>Condividi questo gruppo solo con altri membri dell&#039;ITAA.<\/li>\n\n\n\n<li>Lo scopo di questo gruppo \u00e8 esclusivamente quello di richiedere chiamate di contatto da parte di altri membri. Rimani in tema ed evita di condividere messaggi irrilevanti. Se hai bisogno di condividere qualcosa, chiama un membro o partecipa a una riunione.<\/li>\n\n\n\n<li>Rispetta l&#039;anonimato degli altri membri. Non condividere mai il nome, il numero di telefono o l&#039;identit\u00e0 di un altro membro senza il suo permesso.&nbsp;<\/li>\n\n\n\n<li>Evitate di pubblicare link, video, meme, gif o altri contenuti esterni.<\/li>\n\n\n\n<li>Evita di promuovere servizi professionali offerti da te o da altri.<\/li>\n\n\n\n<li>Evitate spam, dumping o lamentele. Pensateci bene prima di postare ed evitate di rispondere frettolosamente. Ricordate che siamo dipendenti da Internet in via di guarigione e che i vostri messaggi hanno un impatto sulla salute mentale di tutti gli altri partecipanti.<\/li>\n\n\n\n<li>Non usare mai il gruppo per rimproverare qualcuno o esprimere lamentele. Rivolgiti alla persona interessata in privato e in modo rispettoso, idealmente dopo aver redatto un inventario e averne discusso con il tuo sponsor.<\/li>\n\n\n\n<li>Questo non \u00e8 un luogo per incontrare partner. Evitate qualsiasi tipo di flirt, inclusi complimenti non richiesti, battute piccanti o tentativi di interagire con un utente che ha dichiarato di non essere disponibile.<\/li>\n<\/ul>\n\n\n\n<p>Applichiamo una politica dei 3 avvertimenti, il che significa che se superi questi limiti per 3 volte, un amministratore pu\u00f2 rimuoverti per un periodo da 3 a 6 mesi. D&#039;altra parte, i seguenti comportamenti costituiscono motivo di rimozione immediata e potenzialmente permanente:<\/p>\n\n\n\n<ul class=\"wp-block-list\">\n<li>Comportamenti violenti o aggressivi, tra cui insulti, umiliazioni, prese in giro o minacce.&nbsp;<\/li>\n\n\n\n<li>Comportamento sessuale, inclusi commenti o richieste di natura sessuale nei confronti di altri membri o l&#039;invio di contenuti di natura sessuale.<\/li>\n\n\n\n<li>Discriminazione di qualsiasi tipo, inclusa quella basata su razza, sesso, identit\u00e0 di genere, credo, religione, orientamento sessuale, composizione corporea, disabilit\u00e0 o neurodiversit\u00e0.<\/li>\n\n\n\n<li>Molestie, stalking o qualsiasi altro comportamento criminale.<\/li>\n<\/ul>\n\n\n\n<p>Questa chat segue le Dodici Tradizioni ed \u00e8 soggetta alla coscienza di gruppo del nostro incontro, che si tiene il primo incontro di ogni mese alle 13:00 ora locale.<\/p>\n<!-- PMB print buttons is only displayed on a single post\/page URLs-->","protected":false},"excerpt":{"rendered":"<p>In quanto dipendenti da internet, dobbiamo prestare particolare attenzione a come utilizziamo la tecnologia per supportare il nostro recupero e i nostri incontri. Ad esempio, Zoom e il nostro sito web sono stati strumenti essenziali per aiutare la nostra comunit\u00e0 a raggiungere i tossicodipendenti che non hanno accesso agli incontri di persona. Nel frattempo, altre tecnologie \u2013 piattaforme di streaming, social media, app di incontri, videogiochi \u2013 non hanno chiaramente... <a href=\"https:\/\/internetaddictsanonymous.org\/it\/resources\/being-of-service-resources\/principles-for-chat-groups\/\" class=\"more-link\">Continua a leggere <span class=\"screen-reader-text\">Principi per i gruppi di chat ITAA<\/span><\/a><\/p>","protected":false},"author":35194237,"featured_media":0,"parent":18080,"menu_order":0,"comment_status":"closed","ping_status":"closed","template":"full-width-page.php","meta":{"inline_featured_image":false,"_lmt_disableupdate":"","_lmt_disable":"","footnotes":""},"tags":[],"class_list":["post-18148","page","type-page","status-publish","hentry"],"yoast_head":"<!-- This site is optimized with the Yoast SEO plugin v27.5 - https:\/\/yoast.com\/product\/yoast-seo-wordpress\/ -->\n<title>Principles for ITAA chat groups &#8211; Internet and Technology Addicts Anonymous<\/title>\n<meta name=\"robots\" content=\"index, follow, max-snippet:-1, max-image-preview:large, max-video-preview:-1\" \/>\n<link rel=\"canonical\" href=\"https:\/\/internetaddictsanonymous.org\/it\/risorse\/essere-risorse-di-servizio\/principi-per-i-gruppi-di-chat\/\" \/>\n<meta property=\"og:locale\" content=\"it_IT\" \/>\n<meta property=\"og:type\" content=\"article\" \/>\n<meta property=\"og:title\" content=\"Principles for ITAA chat groups &#8211; Internet and Technology Addicts Anonymous\" \/>\n<meta property=\"og:description\" content=\"As internet addicts, we need take special care how we use technology to support our recoveries and our meetings. For example, Zoom and our website have been essential tools to help our fellowship reach addicts who don\u2019t have access to in-person meetings. Meanwhile, other technologies\u2014streaming platforms, social media feeds, dating apps, video games\u2014clearly have no &hellip; Continue reading Principles for ITAA chat groups\" \/>\n<meta property=\"og:url\" content=\"https:\/\/internetaddictsanonymous.org\/it\/risorse\/essere-risorse-di-servizio\/principi-per-i-gruppi-di-chat\/\" \/>\n<meta property=\"og:site_name\" content=\"Internet and Technology Addicts Anonymous\" \/>\n<meta property=\"article:modified_time\" content=\"2024-07-28T18:35:31+00:00\" \/>\n<meta name=\"twitter:card\" content=\"summary_large_image\" \/>\n<meta name=\"twitter:label1\" content=\"Tempo di lettura stimato\" \/>\n\t<meta name=\"twitter:data1\" content=\"6 minuti\" \/>\n<script type=\"application\/ld+json\" class=\"yoast-schema-graph\">{\"@context\":\"https:\\\/\\\/schema.org\",\"@graph\":[{\"@type\":\"WebPage\",\"@id\":\"https:\\\/\\\/internetaddictsanonymous.org\\\/resources\\\/being-of-service-resources\\\/principles-for-chat-groups\\\/\",\"url\":\"https:\\\/\\\/internetaddictsanonymous.org\\\/resources\\\/being-of-service-resources\\\/principles-for-chat-groups\\\/\",\"name\":\"Principles for ITAA chat groups &#8211; Internet and Technology Addicts Anonymous\",\"isPartOf\":{\"@id\":\"https:\\\/\\\/internetaddictsanonymous.org\\\/#website\"},\"datePublished\":\"2024-06-17T00:35:42+00:00\",\"dateModified\":\"2024-07-28T18:35:31+00:00\",\"breadcrumb\":{\"@id\":\"https:\\\/\\\/internetaddictsanonymous.org\\\/resources\\\/being-of-service-resources\\\/principles-for-chat-groups\\\/#breadcrumb\"},\"inLanguage\":\"it-IT\",\"potentialAction\":[{\"@type\":\"ReadAction\",\"target\":[\"https:\\\/\\\/internetaddictsanonymous.org\\\/resources\\\/being-of-service-resources\\\/principles-for-chat-groups\\\/\"]}]},{\"@type\":\"BreadcrumbList\",\"@id\":\"https:\\\/\\\/internetaddictsanonymous.org\\\/resources\\\/being-of-service-resources\\\/principles-for-chat-groups\\\/#breadcrumb\",\"itemListElement\":[{\"@type\":\"ListItem\",\"position\":1,\"name\":\"Home\",\"item\":\"https:\\\/\\\/internetaddictsanonymous.org\\\/\"},{\"@type\":\"ListItem\",\"position\":2,\"name\":\"Resources\",\"item\":\"https:\\\/\\\/internetaddictsanonymous.org\\\/resources\\\/\"},{\"@type\":\"ListItem\",\"position\":3,\"name\":\"Being of service\",\"item\":\"https:\\\/\\\/internetaddictsanonymous.org\\\/resources\\\/being-of-service-resources\\\/\"},{\"@type\":\"ListItem\",\"position\":4,\"name\":\"Principles for ITAA chat groups\"}]},{\"@type\":\"WebSite\",\"@id\":\"https:\\\/\\\/internetaddictsanonymous.org\\\/#website\",\"url\":\"https:\\\/\\\/internetaddictsanonymous.org\\\/\",\"name\":\"Internet and Technology Addicts Anonymous\",\"description\":\"Worldwide 12-step Fellowship for Internet and Technology Addiction\",\"publisher\":{\"@id\":\"https:\\\/\\\/internetaddictsanonymous.org\\\/#organization\"},\"potentialAction\":[{\"@type\":\"SearchAction\",\"target\":{\"@type\":\"EntryPoint\",\"urlTemplate\":\"https:\\\/\\\/internetaddictsanonymous.org\\\/?s={search_term_string}\"},\"query-input\":{\"@type\":\"PropertyValueSpecification\",\"valueRequired\":true,\"valueName\":\"search_term_string\"}}],\"inLanguage\":\"it-IT\"},{\"@type\":\"Organization\",\"@id\":\"https:\\\/\\\/internetaddictsanonymous.org\\\/#organization\",\"name\":\"Internet and Technology Addicts Anonymous\",\"url\":\"https:\\\/\\\/internetaddictsanonymous.org\\\/\",\"logo\":{\"@type\":\"ImageObject\",\"inLanguage\":\"it-IT\",\"@id\":\"https:\\\/\\\/internetaddictsanonymous.org\\\/#\\\/schema\\\/logo\\\/image\\\/\",\"url\":\"https:\\\/\\\/internetaddictsanonymous.org\\\/wp-content\\\/uploads\\\/2023\\\/01\\\/cropped-ITAA-logo-480px.png\",\"contentUrl\":\"https:\\\/\\\/internetaddictsanonymous.org\\\/wp-content\\\/uploads\\\/2023\\\/01\\\/cropped-ITAA-logo-480px.png\",\"width\":480,\"height\":480,\"caption\":\"Internet and Technology Addicts Anonymous\"},\"image\":{\"@id\":\"https:\\\/\\\/internetaddictsanonymous.org\\\/#\\\/schema\\\/logo\\\/image\\\/\"}}]}<\/script>\n<!-- \/ Yoast SEO plugin. -->","yoast_head_json":{"title":"Principi per i gruppi di chat ITAA \u2013 Dipendenti da Internet e Tecnologia Anonimi","robots":{"index":"index","follow":"follow","max-snippet":"max-snippet:-1","max-image-preview":"max-image-preview:large","max-video-preview":"max-video-preview:-1"},"canonical":"https:\/\/internetaddictsanonymous.org\/it\/risorse\/essere-risorse-di-servizio\/principi-per-i-gruppi-di-chat\/","og_locale":"it_IT","og_type":"article","og_title":"Principles for ITAA chat groups &#8211; Internet and Technology Addicts Anonymous","og_description":"As internet addicts, we need take special care how we use technology to support our recoveries and our meetings. For example, Zoom and our website have been essential tools to help our fellowship reach addicts who don\u2019t have access to in-person meetings. Meanwhile, other technologies\u2014streaming platforms, social media feeds, dating apps, video games\u2014clearly have no &hellip; Continue reading Principles for ITAA chat groups","og_url":"https:\/\/internetaddictsanonymous.org\/it\/risorse\/essere-risorse-di-servizio\/principi-per-i-gruppi-di-chat\/","og_site_name":"Internet and Technology Addicts Anonymous","article_modified_time":"2024-07-28T18:35:31+00:00","twitter_card":"summary_large_image","twitter_misc":{"Tempo di lettura stimato":"6 minuti"},"schema":{"@context":"https:\/\/schema.org","@graph":[{"@type":"WebPage","@id":"https:\/\/internetaddictsanonymous.org\/resources\/being-of-service-resources\/principles-for-chat-groups\/","url":"https:\/\/internetaddictsanonymous.org\/resources\/being-of-service-resources\/principles-for-chat-groups\/","name":"Principi per i gruppi di chat ITAA \u2013 Dipendenti da Internet e Tecnologia Anonimi","isPartOf":{"@id":"https:\/\/internetaddictsanonymous.org\/#website"},"datePublished":"2024-06-17T00:35:42+00:00","dateModified":"2024-07-28T18:35:31+00:00","breadcrumb":{"@id":"https:\/\/internetaddictsanonymous.org\/resources\/being-of-service-resources\/principles-for-chat-groups\/#breadcrumb"},"inLanguage":"it-IT","potentialAction":[{"@type":"ReadAction","target":["https:\/\/internetaddictsanonymous.org\/resources\/being-of-service-resources\/principles-for-chat-groups\/"]}]},{"@type":"BreadcrumbList","@id":"https:\/\/internetaddictsanonymous.org\/resources\/being-of-service-resources\/principles-for-chat-groups\/#breadcrumb","itemListElement":[{"@type":"ListItem","position":1,"name":"Home","item":"https:\/\/internetaddictsanonymous.org\/"},{"@type":"ListItem","position":2,"name":"Resources","item":"https:\/\/internetaddictsanonymous.org\/resources\/"},{"@type":"ListItem","position":3,"name":"Being of service","item":"https:\/\/internetaddictsanonymous.org\/resources\/being-of-service-resources\/"},{"@type":"ListItem","position":4,"name":"Principles for ITAA chat groups"}]},{"@type":"WebSite","@id":"https:\/\/internetaddictsanonymous.org\/#website","url":"https:\/\/internetaddictsanonymous.org\/","name":"Dipendenti da Internet e Tecnologia Anonimi","description":"Associazione mondiale in 12 fasi per la dipendenza da Internet e dalla tecnologia","publisher":{"@id":"https:\/\/internetaddictsanonymous.org\/#organization"},"potentialAction":[{"@type":"SearchAction","target":{"@type":"EntryPoint","urlTemplate":"https:\/\/internetaddictsanonymous.org\/?s={search_term_string}"},"query-input":{"@type":"PropertyValueSpecification","valueRequired":true,"valueName":"search_term_string"}}],"inLanguage":"it-IT"},{"@type":"Organization","@id":"https:\/\/internetaddictsanonymous.org\/#organization","name":"Dipendenti da Internet e Tecnologia Anonimi","url":"https:\/\/internetaddictsanonymous.org\/","logo":{"@type":"ImageObject","inLanguage":"it-IT","@id":"https:\/\/internetaddictsanonymous.org\/#\/schema\/logo\/image\/","url":"https:\/\/internetaddictsanonymous.org\/wp-content\/uploads\/2023\/01\/cropped-ITAA-logo-480px.png","contentUrl":"https:\/\/internetaddictsanonymous.org\/wp-content\/uploads\/2023\/01\/cropped-ITAA-logo-480px.png","width":480,"height":480,"caption":"Internet and Technology Addicts Anonymous"},"image":{"@id":"https:\/\/internetaddictsanonymous.org\/#\/schema\/logo\/image\/"}}]}},"jetpack_sharing_enabled":true,"jetpack_shortlink":"https:\/\/wp.me\/P9Fwob-4II","_links":{"self":[{"href":"https:\/\/internetaddictsanonymous.org\/it\/wp-json\/wp\/v2\/pages\/18148","targetHints":{"allow":["GET"]}}],"collection":[{"href":"https:\/\/internetaddictsanonymous.org\/it\/wp-json\/wp\/v2\/pages"}],"about":[{"href":"https:\/\/internetaddictsanonymous.org\/it\/wp-json\/wp\/v2\/types\/page"}],"author":[{"embeddable":true,"href":"https:\/\/internetaddictsanonymous.org\/it\/wp-json\/wp\/v2\/users\/35194237"}],"replies":[{"embeddable":true,"href":"https:\/\/internetaddictsanonymous.org\/it\/wp-json\/wp\/v2\/comments?post=18148"}],"version-history":[{"count":3,"href":"https:\/\/internetaddictsanonymous.org\/it\/wp-json\/wp\/v2\/pages\/18148\/revisions"}],"predecessor-version":[{"id":18354,"href":"https:\/\/internetaddictsanonymous.org\/it\/wp-json\/wp\/v2\/pages\/18148\/revisions\/18354"}],"up":[{"embeddable":true,"href":"https:\/\/internetaddictsanonymous.org\/it\/wp-json\/wp\/v2\/pages\/18080"}],"wp:attachment":[{"href":"https:\/\/internetaddictsanonymous.org\/it\/wp-json\/wp\/v2\/media?parent=18148"}],"wp:term":[{"taxonomy":"post_tag","embeddable":true,"href":"https:\/\/internetaddictsanonymous.org\/it\/wp-json\/wp\/v2\/tags?post=18148"}],"curies":[{"name":"parola chiave","href":"https:\/\/api.w.org\/{rel}","templated":true}]}}