{"id":18809,"date":"2024-10-16T18:00:29","date_gmt":"2024-10-17T01:00:29","guid":{"rendered":"https:\/\/internetaddictsanonymous.org\/?page_id=18809"},"modified":"2025-11-27T13:08:20","modified_gmt":"2025-11-27T21:08:20","slug":"stati-uniti-damerica-kentucky","status":"publish","type":"page","link":"https:\/\/internetaddictsanonymous.org\/it\/in-person-meetings\/usa-ky\/","title":{"rendered":"ITAA nel Kentucky, Stati Uniti"},"content":{"rendered":"<p>Benvenuti a Internet and Technology Addicts Anonymous! Siamo lieti che tu ci abbia trovato e speriamo che la nostra community possa esserti utile tanto quanto lo \u00e8 stata per noi.<strong> <mark style=\"background-color:rgba(0, 0, 0, 0)\" class=\"has-inline-color has-dark-gray-color\">L&#039;ITAA \u00e8 un&#039;associazione di dodici passi composta da persone che si sostengono a vicenda nel percorso di recupero dalla dipendenza da Internet e dalla tecnologia.<\/mark><\/strong> Ci\u00f2 include la dipendenza dai social media, dagli smartphone, dallo streaming di contenuti video o audio, dai giochi, dalle notizie, dalla pornografia, dalle app di incontri, dalla ricerca online, dallo shopping online o da qualsiasi altra attivit\u00e0 digitale che diventi compulsiva e problematica.&nbsp;<\/p>\n\n\n\n<h3 class=\"wp-block-heading\">Riunioni ITAA a Francoforte<\/h3>\n\n\n\n<h5 class=\"wp-block-heading\">Incontro di Francoforte &quot;C&#039;\u00e8 una soluzione!&quot;<\/h5>\n\n\n\n<p>Riunione incentrata sul recupero, utilizzando il Grande Libro degli AA insieme agli strumenti e alle risorse dell&#039;ITAA. <\/p>\n\n\n\n<p><strong>Per favore contatta Maria a&nbsp;<a href=\"mailto:marias.12steps@gmail.com\" target=\"_blank\" rel=\"noreferrer noopener\">marias.12steps@gmail.com<\/a>&nbsp;per dettagli su data, ora e luogo.<\/strong><\/p>\n\n\n\n<p>Nota: questo \u00e8 un incontro parzialmente aperto. Chiediamo la partecipazione e la condivisione solo a coloro che sono interessati ad abbandonare i propri comportamenti compulsivi legati a Internet e alla tecnologia. Tuttavia, \u00e8 possibile portare con s\u00e9 un partner, un genitore o un amico per supporto, purch\u00e9 tali terze parti accettino di mantenere l&#039;anonimato di tutti i partecipanti e di ci\u00f2 che verr\u00e0 condiviso. Non esitate a contattare Maria via email all&#039;indirizzo&nbsp;<a href=\"mailto:marias.12steps@gmail.com\" rel=\"noreferrer noopener\" target=\"_blank\">marias.12steps@gmail.com<\/a>&nbsp;per qualsiasi domanda, anche se sei una persona affetta dall&#039;uso compulsivo di Internet e della tecnologia da parte di qualcun altro e sei interessato al supporto dell&#039;ITAA.<\/p>\n\n\n\n<h3 class=\"wp-block-heading\">Riunioni aggiuntive<\/h3>\n\n\n\n<p>Se sei nuovo, ti invitiamo a provare a partecipare a sei incontri in un breve periodo di tempo per vedere se il nostro programma pu\u00f2 esserti utile. Oltre al nostro incontro locale di persona, puoi anche consultare il nostro <a href=\"https:\/\/internetaddictsanonymous.org\/it\/incontri-di-persona\/\">altri incontri di persona<\/a> e un <a href=\"https:\/\/internetaddictsanonymous.org\/it\/riunioni-online\/\">programma completo degli incontri online<\/a>. Tutti gli incontri sono completamente gratuiti e anonimi.<\/p>\n\n\n\n<h3 class=\"wp-block-heading\"><strong>Come funzionano le riunioni?<\/strong><\/h3>\n\n\n\n<p>Se partecipi a una riunione per la prima volta, non c&#039;\u00e8 motivo di agitarsi. La maggior parte delle nostre riunioni sono molto semplici; ogni riunione \u00e8 presieduta da un presidente e la maggior parte dura un&#039;ora. Il presidente e altri volontari leggono alcune dichiarazioni introduttive prima di dare inizio alla riunione, consentendo ai membri di condividere. Non \u00e8 obbligatorio condividere, ed \u00e8 possibile semplicemente ascoltare. Se ti senti a tuo agio, puoi presentarti e condividere il motivo per cui sei arrivato all&#039;ITAA. A meno che non sia richiesto dal membro che condivide, non offriamo suggerimenti o commenti in risposta alle condivisioni altrui; ci limitiamo ad ascoltare senza giudicare. Al termine dell&#039;ora, la riunione si concluder\u00e0 con alcune dichiarazioni conclusive, dopo le quali i membri di solito parlano in modo informale, fanno domande e si scambiano i recapiti.<\/p>\n\n\n\n<h3 class=\"wp-block-heading\">Risorse sulla dipendenza da Internet e dalla tecnologia<\/h3>\n\n\n\n<p>Se ti stai chiedendo se potresti avere una dipendenza da Internet e dalla tecnologia, puoi consultare i nostri questionari per <a href=\"https:\/\/internetaddictsanonymous.org\/it\/dipendenza-da-internet-e-tecnologia\/\">dipendenza da internet<\/a>, <a href=\"https:\/\/internetaddictsanonymous.org\/it\/dipendenza-da-internet-e-tecnologia\/dipendenza-dai-social-media\/\">dipendenza dai social media<\/a>, <a href=\"https:\/\/internetaddictsanonymous.org\/it\/dipendenza-da-internet\/dipendenza-dallo-streaming\/\">dipendenza dallo streaming<\/a>, <a href=\"https:\/\/internetaddictsanonymous.org\/it\/dipendenza-da-internet-e-tecnologia\/dipendenza-dal-telefono\/\">dipendenza dal telefono<\/a>, O <a href=\"https:\/\/internetaddictsanonymous.org\/it\/dipendenza-da-internet-e-tecnologia\/dipendenza-dai-videogiochi\/\">dipendenza dai videogiochi<\/a>. Puoi anche saperne di pi\u00f9 su ITAA leggendo il nostro&nbsp;<a href=\"https:\/\/internetaddictsanonymous.org\/it\/guida-per-i-nuovi-arrivati\/\">guida per i nuovi arrivati<\/a>, rivedendo il nostro <a href=\"https:\/\/internetaddictsanonymous.org\/it\/risorse\/strumenti-di-recupero\/\">strumenti di recupero<\/a>, o ascoltando <a href=\"https:\/\/internetaddictsanonymous.org\/it\/storie-di-recupero\/\">storie di recupero dei membri<\/a>.<\/p>\n\n\n\n<p>L&#039;ITAA non \u00e8 affiliata ad alcuna agenda politica, religiosa o di interesse esterno. Siamo completamente autosufficienti e gratuiti per chiunque ne abbia bisogno. Il nostro unico scopo \u00e8 astenerci dall&#039;uso compulsivo di Internet e della tecnologia e aiutare gli altri a liberarsi da questa dipendenza.<\/p>\n\n\n\n<p>Di nuovo, benvenuti! Ci auguriamo che questa community possa fornirvi il supporto di cui avete bisogno per superare la dipendenza da Internet e dalla tecnologia. Non esitate a contattarci per qualsiasi domanda.<\/p>\n<!-- PMB print buttons is only displayed on a single post\/page URLs-->","protected":false},"excerpt":{"rendered":"<p>Benvenuti a Internet and Technology Addicts Anonymous! Siamo lieti che ci abbiate trovato e speriamo che la nostra comunit\u00e0 possa esservi utile tanto quanto lo \u00e8 stata per noi. ITAA \u00e8 un&#039;associazione in Dodici Passi composta da persone che si sostengono a vicenda nel percorso di recupero dalla dipendenza da Internet e dalla tecnologia. Questa include la dipendenza da social media, smartphone, streaming... <a href=\"https:\/\/internetaddictsanonymous.org\/it\/in-person-meetings\/usa-ky\/\" class=\"more-link\">Continua a leggere <span class=\"screen-reader-text\">ITAA nel Kentucky, Stati Uniti<\/span><\/a><\/p>","protected":false},"author":35194285,"featured_media":0,"parent":148,"menu_order":0,"comment_status":"closed","ping_status":"closed","template":"","meta":{"inline_featured_image":false,"_lmt_disableupdate":"","_lmt_disable":"","jetpack_post_was_ever_published":false,"footnotes":""},"tags":[],"class_list":["post-18809","page","type-page","status-publish","hentry"],"yoast_head":"<!-- This site is optimized with the Yoast SEO plugin v27.3 - https:\/\/yoast.com\/product\/yoast-seo-wordpress\/ -->\n<title>ITAA in Kentucky, US &#8211; Internet and Technology Addicts Anonymous<\/title>\n<meta name=\"robots\" content=\"index, follow, max-snippet:-1, max-image-preview:large, max-video-preview:-1\" \/>\n<link rel=\"canonical\" href=\"https:\/\/internetaddictsanonymous.org\/it\/incontri-di-persona\/stati-uniti-damerica-kentucky\/\" \/>\n<meta property=\"og:locale\" content=\"it_IT\" \/>\n<meta property=\"og:type\" content=\"article\" \/>\n<meta property=\"og:title\" content=\"ITAA in Kentucky, US &#8211; Internet and Technology Addicts Anonymous\" \/>\n<meta property=\"og:description\" content=\"Welcome to Internet and Technology Addicts Anonymous! We\u2019re glad you\u2019ve found us, and we hope our community can be as helpful to you as it has been for us. ITAA is a Twelve-Step fellowship of individuals who support each other in recovering from internet and technology addiction. This includes addiction to social media, smartphones, streaming &hellip; Continue reading ITAA in Kentucky, US\" \/>\n<meta property=\"og:url\" content=\"https:\/\/internetaddictsanonymous.org\/it\/incontri-di-persona\/stati-uniti-damerica-kentucky\/\" \/>\n<meta property=\"og:site_name\" content=\"Internet and Technology Addicts Anonymous\" \/>\n<meta property=\"article:modified_time\" content=\"2025-11-27T21:08:20+00:00\" \/>\n<meta name=\"twitter:card\" content=\"summary_large_image\" \/>\n<meta name=\"twitter:label1\" content=\"Tempo di lettura stimato\" \/>\n\t<meta name=\"twitter:data1\" content=\"3 minuti\" \/>\n<script type=\"application\/ld+json\" class=\"yoast-schema-graph\">{\"@context\":\"https:\\\/\\\/schema.org\",\"@graph\":[{\"@type\":\"WebPage\",\"@id\":\"https:\\\/\\\/internetaddictsanonymous.org\\\/in-person-meetings\\\/usa-ky\\\/\",\"url\":\"https:\\\/\\\/internetaddictsanonymous.org\\\/in-person-meetings\\\/usa-ky\\\/\",\"name\":\"ITAA in Kentucky, US &#8211; Internet and Technology Addicts Anonymous\",\"isPartOf\":{\"@id\":\"https:\\\/\\\/internetaddictsanonymous.org\\\/#website\"},\"datePublished\":\"2024-10-17T01:00:29+00:00\",\"dateModified\":\"2025-11-27T21:08:20+00:00\",\"breadcrumb\":{\"@id\":\"https:\\\/\\\/internetaddictsanonymous.org\\\/in-person-meetings\\\/usa-ky\\\/#breadcrumb\"},\"inLanguage\":\"it-IT\",\"potentialAction\":[{\"@type\":\"ReadAction\",\"target\":[\"https:\\\/\\\/internetaddictsanonymous.org\\\/in-person-meetings\\\/usa-ky\\\/\"]}]},{\"@type\":\"BreadcrumbList\",\"@id\":\"https:\\\/\\\/internetaddictsanonymous.org\\\/in-person-meetings\\\/usa-ky\\\/#breadcrumb\",\"itemListElement\":[{\"@type\":\"ListItem\",\"position\":1,\"name\":\"Home\",\"item\":\"https:\\\/\\\/internetaddictsanonymous.org\\\/\"},{\"@type\":\"ListItem\",\"position\":2,\"name\":\"In-Person Meetings\",\"item\":\"https:\\\/\\\/internetaddictsanonymous.org\\\/in-person-meetings\\\/\"},{\"@type\":\"ListItem\",\"position\":3,\"name\":\"ITAA in Kentucky, US\"}]},{\"@type\":\"WebSite\",\"@id\":\"https:\\\/\\\/internetaddictsanonymous.org\\\/#website\",\"url\":\"https:\\\/\\\/internetaddictsanonymous.org\\\/\",\"name\":\"Internet and Technology Addicts Anonymous\",\"description\":\"Worldwide 12-step Fellowship for Internet and Technology Addiction\",\"publisher\":{\"@id\":\"https:\\\/\\\/internetaddictsanonymous.org\\\/#organization\"},\"potentialAction\":[{\"@type\":\"SearchAction\",\"target\":{\"@type\":\"EntryPoint\",\"urlTemplate\":\"https:\\\/\\\/internetaddictsanonymous.org\\\/?s={search_term_string}\"},\"query-input\":{\"@type\":\"PropertyValueSpecification\",\"valueRequired\":true,\"valueName\":\"search_term_string\"}}],\"inLanguage\":\"it-IT\"},{\"@type\":\"Organization\",\"@id\":\"https:\\\/\\\/internetaddictsanonymous.org\\\/#organization\",\"name\":\"Internet and Technology Addicts Anonymous\",\"url\":\"https:\\\/\\\/internetaddictsanonymous.org\\\/\",\"logo\":{\"@type\":\"ImageObject\",\"inLanguage\":\"it-IT\",\"@id\":\"https:\\\/\\\/internetaddictsanonymous.org\\\/#\\\/schema\\\/logo\\\/image\\\/\",\"url\":\"https:\\\/\\\/internetaddictsanonymous.org\\\/wp-content\\\/uploads\\\/2023\\\/01\\\/cropped-ITAA-logo-480px.png\",\"contentUrl\":\"https:\\\/\\\/internetaddictsanonymous.org\\\/wp-content\\\/uploads\\\/2023\\\/01\\\/cropped-ITAA-logo-480px.png\",\"width\":480,\"height\":480,\"caption\":\"Internet and Technology Addicts Anonymous\"},\"image\":{\"@id\":\"https:\\\/\\\/internetaddictsanonymous.org\\\/#\\\/schema\\\/logo\\\/image\\\/\"}}]}<\/script>\n<!-- \/ Yoast SEO plugin. -->","yoast_head_json":{"title":"ITAA nel Kentucky, Stati Uniti \u2013 Dipendenti da Internet e Tecnologia Anonimi","robots":{"index":"index","follow":"follow","max-snippet":"max-snippet:-1","max-image-preview":"max-image-preview:large","max-video-preview":"max-video-preview:-1"},"canonical":"https:\/\/internetaddictsanonymous.org\/it\/incontri-di-persona\/stati-uniti-damerica-kentucky\/","og_locale":"it_IT","og_type":"article","og_title":"ITAA in Kentucky, US &#8211; Internet and Technology Addicts Anonymous","og_description":"Welcome to Internet and Technology Addicts Anonymous! We\u2019re glad you\u2019ve found us, and we hope our community can be as helpful to you as it has been for us. ITAA is a Twelve-Step fellowship of individuals who support each other in recovering from internet and technology addiction. This includes addiction to social media, smartphones, streaming &hellip; Continue reading ITAA in Kentucky, US","og_url":"https:\/\/internetaddictsanonymous.org\/it\/incontri-di-persona\/stati-uniti-damerica-kentucky\/","og_site_name":"Internet and Technology Addicts Anonymous","article_modified_time":"2025-11-27T21:08:20+00:00","twitter_card":"summary_large_image","twitter_misc":{"Tempo di lettura stimato":"3 minuti"},"schema":{"@context":"https:\/\/schema.org","@graph":[{"@type":"WebPage","@id":"https:\/\/internetaddictsanonymous.org\/in-person-meetings\/usa-ky\/","url":"https:\/\/internetaddictsanonymous.org\/in-person-meetings\/usa-ky\/","name":"ITAA nel Kentucky, Stati Uniti \u2013 Dipendenti da Internet e Tecnologia Anonimi","isPartOf":{"@id":"https:\/\/internetaddictsanonymous.org\/#website"},"datePublished":"2024-10-17T01:00:29+00:00","dateModified":"2025-11-27T21:08:20+00:00","breadcrumb":{"@id":"https:\/\/internetaddictsanonymous.org\/in-person-meetings\/usa-ky\/#breadcrumb"},"inLanguage":"it-IT","potentialAction":[{"@type":"ReadAction","target":["https:\/\/internetaddictsanonymous.org\/in-person-meetings\/usa-ky\/"]}]},{"@type":"BreadcrumbList","@id":"https:\/\/internetaddictsanonymous.org\/in-person-meetings\/usa-ky\/#breadcrumb","itemListElement":[{"@type":"ListItem","position":1,"name":"Home","item":"https:\/\/internetaddictsanonymous.org\/"},{"@type":"ListItem","position":2,"name":"In-Person Meetings","item":"https:\/\/internetaddictsanonymous.org\/in-person-meetings\/"},{"@type":"ListItem","position":3,"name":"ITAA in Kentucky, US"}]},{"@type":"WebSite","@id":"https:\/\/internetaddictsanonymous.org\/#website","url":"https:\/\/internetaddictsanonymous.org\/","name":"Dipendenti da Internet e Tecnologia Anonimi","description":"Associazione mondiale in 12 fasi per la dipendenza da Internet e dalla tecnologia","publisher":{"@id":"https:\/\/internetaddictsanonymous.org\/#organization"},"potentialAction":[{"@type":"SearchAction","target":{"@type":"EntryPoint","urlTemplate":"https:\/\/internetaddictsanonymous.org\/?s={search_term_string}"},"query-input":{"@type":"PropertyValueSpecification","valueRequired":true,"valueName":"search_term_string"}}],"inLanguage":"it-IT"},{"@type":"Organization","@id":"https:\/\/internetaddictsanonymous.org\/#organization","name":"Dipendenti da Internet e Tecnologia Anonimi","url":"https:\/\/internetaddictsanonymous.org\/","logo":{"@type":"ImageObject","inLanguage":"it-IT","@id":"https:\/\/internetaddictsanonymous.org\/#\/schema\/logo\/image\/","url":"https:\/\/internetaddictsanonymous.org\/wp-content\/uploads\/2023\/01\/cropped-ITAA-logo-480px.png","contentUrl":"https:\/\/internetaddictsanonymous.org\/wp-content\/uploads\/2023\/01\/cropped-ITAA-logo-480px.png","width":480,"height":480,"caption":"Internet and Technology Addicts Anonymous"},"image":{"@id":"https:\/\/internetaddictsanonymous.org\/#\/schema\/logo\/image\/"}}]}},"jetpack_sharing_enabled":true,"jetpack_shortlink":"https:\/\/wp.me\/P9Fwob-4Tn","_links":{"self":[{"href":"https:\/\/internetaddictsanonymous.org\/it\/wp-json\/wp\/v2\/pages\/18809","targetHints":{"allow":["GET"]}}],"collection":[{"href":"https:\/\/internetaddictsanonymous.org\/it\/wp-json\/wp\/v2\/pages"}],"about":[{"href":"https:\/\/internetaddictsanonymous.org\/it\/wp-json\/wp\/v2\/types\/page"}],"author":[{"embeddable":true,"href":"https:\/\/internetaddictsanonymous.org\/it\/wp-json\/wp\/v2\/users\/35194285"}],"replies":[{"embeddable":true,"href":"https:\/\/internetaddictsanonymous.org\/it\/wp-json\/wp\/v2\/comments?post=18809"}],"version-history":[{"count":11,"href":"https:\/\/internetaddictsanonymous.org\/it\/wp-json\/wp\/v2\/pages\/18809\/revisions"}],"predecessor-version":[{"id":20729,"href":"https:\/\/internetaddictsanonymous.org\/it\/wp-json\/wp\/v2\/pages\/18809\/revisions\/20729"}],"up":[{"embeddable":true,"href":"https:\/\/internetaddictsanonymous.org\/it\/wp-json\/wp\/v2\/pages\/148"}],"wp:attachment":[{"href":"https:\/\/internetaddictsanonymous.org\/it\/wp-json\/wp\/v2\/media?parent=18809"}],"wp:term":[{"taxonomy":"post_tag","embeddable":true,"href":"https:\/\/internetaddictsanonymous.org\/it\/wp-json\/wp\/v2\/tags?post=18809"}],"curies":[{"name":"parola chiave","href":"https:\/\/api.w.org\/{rel}","templated":true}]}}