{"id":19209,"date":"2025-01-18T23:45:48","date_gmt":"2025-01-19T07:45:48","guid":{"rendered":"https:\/\/internetaddictsanonymous.org\/?page_id=19209"},"modified":"2026-01-23T06:48:40","modified_gmt":"2026-01-23T14:48:40","slug":"australia-melbourne","status":"publish","type":"page","link":"https:\/\/internetaddictsanonymous.org\/it\/in-person-meetings\/australia-melbourne\/","title":{"rendered":"ITAA a Melbourne, Australia"},"content":{"rendered":"<p>Benvenuti a Internet and Technology Addicts Anonymous! Siamo lieti che tu ci abbia trovato e speriamo che la nostra community possa esserti utile tanto quanto lo \u00e8 stata per noi.&nbsp;<strong>L&#039;ITAA \u00e8 un&#039;associazione di dodici passi composta da persone che si sostengono a vicenda nel percorso di recupero dalla dipendenza da Internet e dalla tecnologia.<\/strong>&nbsp;Ci\u00f2 include la dipendenza dai social media, dagli smartphone, dallo streaming di contenuti video o audio, dai giochi, dalle notizie, dalla pornografia, dalle app di incontri, dalla ricerca online, dallo shopping online o da qualsiasi altra attivit\u00e0 digitale che diventi compulsiva e problematica.&nbsp;<\/p>\n\n\n\n<h3 class=\"wp-block-heading\">Incontri a Carnegie<\/h3>\n\n\n\n<p>Quando: mercoled\u00ec, ore 19:00<br>Dove: l&#039;incontro si terr\u00e0 probabilmente presso la Carnegie Library, 7 Shepparson Ave, Carnegie VIC 3163, Australia, ma l&#039;orario \u00e8 soggetto a modifiche. Si prega di contattare l&#039;organizzatore all&#039;indirizzo misgaber96@gmail.com. L&#039;incontro si terr\u00e0 nella sala riunioni della Carnegie Library, situata nell&#039;angolo posteriore sinistro della biblioteca. In caso di smarrimento, basta chiedere alla reception dove si trova la sala riunioni.<\/p>\n\n\n\n<p>Un incontro di persona, di discussione generale, faccia a faccia, strutturato utilizzando il formato generico ITAA.<br><br>Contatto: Meir a misgaber96@gmail.com<\/p>\n\n\n\n<h2 data-wp-context---core-fit-text=\"core\/fit-text::{&quot;fontSize&quot;:&quot;&quot;}\" data-wp-init---core-fit-text=\"core\/fit-text::callbacks.init\" data-wp-interactive data-wp-style--font-size=\"core\/fit-text::context.fontSize\" class=\"wp-block-heading has-fit-text\"><strong>Aggiornamento importante: <\/strong>Gioved\u00ec riunione ibrida online ITAA Australia<\/h2>\n\n\n\n<p>La riunione in presenza dell&#039;ITAA Australia del gioved\u00ec ha registrato di recente una riduzione delle presenze e la parte in presenza non si \u00e8 tenuta per diverse settimane. Di conseguenza, anche la parte online della riunione \u00e8 stata interessata.<\/p>\n\n\n\n<p>Questo orario di incontro \u00e8 utile ai membri di tutto il mondo <strong>Australia, Asia ed Europa<\/strong>, e vorremmo evitare di perderlo, se possibile.<\/p>\n\n\n\n<p>UN <strong>Coscienza di Gruppo online (GC)<\/strong> si terr\u00e0 il <strong>Gioved\u00ec 8 gennaio<\/strong> A:<\/p>\n\n\n\n<ul class=\"wp-block-list\">\n<li>Decidere se questa riunione continuer\u00e0 come <strong>solo online<\/strong> o tornare a un formato ibrido<\/li>\n\n\n\n<li>Cercare <strong>volontari di servizio<\/strong> per aiutare a sostenere l&#039;incontro andando avanti<\/li>\n<\/ul>\n\n\n\n<p>Siamo felici di condividere che un <strong>l&#039;host online regolare \u00e8 confermato dall&#039;8 gennaio in poi<\/strong>.<\/p>\n\n\n\n<p><strong>Tutti i membri sono incoraggiati a partecipare alla riunione online e a prendere parte al GC:<\/strong><br><a href=\"https:\/\/teamup.com\/event\/show\/id\/EboKrtt8yHRaPN6kQtft3Ypy1zYJEL\/add-to-calendar\">https:\/\/teamup.com\/event\/show\/id\/EboKrtt8yHRaPN6kQtft3Ypy1zYJEL\/add-to-calendar<\/a><\/p>\n\n\n\n<p>La vostra partecipazione e la vostra voce sono importanti per dare forma al futuro di questo incontro.<a href=\"\"><\/a><\/p>\n\n\n\n<h3 class=\"wp-block-heading\">Riunioni aggiuntive<\/h3>\n\n\n\n<p>Se sei nuovo, ti invitiamo a provare a partecipare a sei incontri in un breve periodo di tempo per vedere se il nostro programma pu\u00f2 esserti utile. Oltre al nostro incontro locale di persona, puoi anche consultare il nostro&nbsp;<a href=\"https:\/\/internetaddictsanonymous.org\/it\/incontri-di-persona\/\">altri incontri di persona<\/a>&nbsp;e un&nbsp;<a href=\"https:\/\/internetaddictsanonymous.org\/it\/riunioni-online\/\">programma completo degli incontri online<\/a>. Tutti gli incontri sono completamente gratuiti e anonimi.<\/p>\n\n\n\n<h3 class=\"wp-block-heading\"><strong>Come funzionano le riunioni?<\/strong><\/h3>\n\n\n\n<p>Se partecipi a una riunione per la prima volta, non c&#039;\u00e8 motivo di agitarsi. La maggior parte delle nostre riunioni sono molto semplici; ogni riunione \u00e8 presieduta da un presidente e la maggior parte dura un&#039;ora. Il presidente e altri volontari leggono alcune dichiarazioni introduttive prima di dare inizio alla riunione, consentendo ai membri di condividere. Non \u00e8 obbligatorio condividere, ed \u00e8 possibile semplicemente ascoltare. Se ti senti a tuo agio, puoi presentarti e condividere il motivo per cui sei arrivato all&#039;ITAA. A meno che non sia richiesto dal membro che condivide, non offriamo suggerimenti o commenti in risposta alle condivisioni altrui; ci limitiamo ad ascoltare senza giudicare. Al termine dell&#039;ora, la riunione si concluder\u00e0 con alcune dichiarazioni conclusive, dopo le quali i membri di solito parlano in modo informale, fanno domande e si scambiano i recapiti.<\/p>\n\n\n\n<h3 class=\"wp-block-heading\">Risorse sulla dipendenza da Internet e dalla tecnologia<\/h3>\n\n\n\n<p>Se ti stai chiedendo se potresti avere una dipendenza da Internet e dalla tecnologia, puoi consultare i nostri questionari per&nbsp;<a href=\"https:\/\/internetaddictsanonymous.org\/it\/dipendenza-da-internet-e-tecnologia\/\">dipendenza da internet<\/a>,&nbsp;<a href=\"https:\/\/internetaddictsanonymous.org\/it\/dipendenza-da-internet-e-tecnologia\/dipendenza-dai-social-media\/\">dipendenza dai social media<\/a>,&nbsp;<a href=\"https:\/\/internetaddictsanonymous.org\/it\/dipendenza-da-internet\/dipendenza-dallo-streaming\/\">dipendenza dallo streaming<\/a>,&nbsp;<a href=\"https:\/\/internetaddictsanonymous.org\/it\/dipendenza-da-internet-e-tecnologia\/dipendenza-dal-telefono\/\">dipendenza dal telefono<\/a>, O&nbsp;<a href=\"https:\/\/internetaddictsanonymous.org\/it\/dipendenza-da-internet-e-tecnologia\/dipendenza-dai-videogiochi\/\">dipendenza dai videogiochi<\/a>. Puoi anche saperne di pi\u00f9 su ITAA leggendo il nostro&nbsp;<a href=\"https:\/\/internetaddictsanonymous.org\/it\/guida-per-i-nuovi-arrivati\/\">guida per i nuovi arrivati<\/a>, rivedendo il nostro&nbsp;<a href=\"https:\/\/internetaddictsanonymous.org\/it\/risorse\/strumenti-di-recupero\/\">strumenti di recupero<\/a>, o ascoltando&nbsp;<a href=\"https:\/\/internetaddictsanonymous.org\/it\/storie-di-recupero\/\">storie di recupero dei membri<\/a>.<\/p>\n\n\n\n<p>L&#039;ITAA non \u00e8 affiliata ad alcuna agenda politica, religiosa o di interesse esterno. Siamo completamente autosufficienti e gratuiti per chiunque ne abbia bisogno. Il nostro unico scopo \u00e8 astenerci dall&#039;uso compulsivo di Internet e della tecnologia e aiutare gli altri a liberarsi da questa dipendenza.<\/p>\n\n\n\n<p>Di nuovo, benvenuti! Ci auguriamo che questa community possa fornirvi il supporto di cui avete bisogno per superare la dipendenza da Internet e dalla tecnologia. Non esitate a contattarci per qualsiasi domanda.<\/p>\n<!-- PMB print buttons is only displayed on a single post\/page URLs-->","protected":false},"excerpt":{"rendered":"<p>Benvenuti in Internet and Technology Addicts Anonymous! Siamo felici che ci abbiate trovato e speriamo che la nostra comunit\u00e0 possa esservi d&#039;aiuto tanto quanto lo \u00e8 stata per noi. ITAA \u00e8 un&#039;associazione di auto-aiuto basata sul programma dei Dodici Passi, composta da individui che si supportano a vicenda nel percorso di recupero dalla dipendenza da internet e dalla tecnologia. Questa dipendenza include i social media, gli smartphone, lo streaming video o... <a href=\"https:\/\/internetaddictsanonymous.org\/it\/in-person-meetings\/australia-melbourne\/\" class=\"more-link\">Continua a leggere <span class=\"screen-reader-text\">ITAA a Melbourne, Australia<\/span><\/a><\/p>","protected":false},"author":35194281,"featured_media":0,"parent":148,"menu_order":0,"comment_status":"closed","ping_status":"closed","template":"full-width-page.php","meta":{"inline_featured_image":false,"_lmt_disableupdate":"","_lmt_disable":"","footnotes":""},"tags":[],"class_list":["post-19209","page","type-page","status-publish","hentry"],"yoast_head":"<!-- This site is optimized with the Yoast SEO plugin v27.5 - https:\/\/yoast.com\/product\/yoast-seo-wordpress\/ -->\n<title>ITAA in Melbourne, Australia &#8211; Internet and Technology Addicts Anonymous<\/title>\n<meta name=\"robots\" content=\"index, follow, max-snippet:-1, max-image-preview:large, max-video-preview:-1\" \/>\n<link rel=\"canonical\" href=\"https:\/\/internetaddictsanonymous.org\/it\/incontri-di-persona\/australia-melbourne\/\" \/>\n<meta property=\"og:locale\" content=\"it_IT\" \/>\n<meta property=\"og:type\" content=\"article\" \/>\n<meta property=\"og:title\" content=\"ITAA in Melbourne, Australia &#8211; Internet and Technology Addicts Anonymous\" \/>\n<meta property=\"og:description\" content=\"Welcome to Internet and Technology Addicts Anonymous! We\u2019re glad you\u2019ve found us, and we hope our community can be as helpful to you as it has been for us.&nbsp;ITAA is a Twelve-Step fellowship of individuals who support each other in recovering from internet and technology addiction.&nbsp;This includes addiction to social media, smartphones, streaming video or &hellip; Continue reading ITAA in Melbourne, Australia\" \/>\n<meta property=\"og:url\" content=\"https:\/\/internetaddictsanonymous.org\/it\/incontri-di-persona\/australia-melbourne\/\" \/>\n<meta property=\"og:site_name\" content=\"Internet and Technology Addicts Anonymous\" \/>\n<meta property=\"article:modified_time\" content=\"2026-01-23T14:48:40+00:00\" \/>\n<meta name=\"twitter:card\" content=\"summary_large_image\" \/>\n<meta name=\"twitter:label1\" content=\"Tempo di lettura stimato\" \/>\n\t<meta name=\"twitter:data1\" content=\"3 minuti\" \/>\n<script type=\"application\/ld+json\" class=\"yoast-schema-graph\">{\"@context\":\"https:\\\/\\\/schema.org\",\"@graph\":[{\"@type\":\"WebPage\",\"@id\":\"https:\\\/\\\/internetaddictsanonymous.org\\\/in-person-meetings\\\/australia-melbourne\\\/\",\"url\":\"https:\\\/\\\/internetaddictsanonymous.org\\\/in-person-meetings\\\/australia-melbourne\\\/\",\"name\":\"ITAA in Melbourne, Australia &#8211; Internet and Technology Addicts Anonymous\",\"isPartOf\":{\"@id\":\"https:\\\/\\\/internetaddictsanonymous.org\\\/#website\"},\"datePublished\":\"2025-01-19T07:45:48+00:00\",\"dateModified\":\"2026-01-23T14:48:40+00:00\",\"breadcrumb\":{\"@id\":\"https:\\\/\\\/internetaddictsanonymous.org\\\/in-person-meetings\\\/australia-melbourne\\\/#breadcrumb\"},\"inLanguage\":\"it-IT\",\"potentialAction\":[{\"@type\":\"ReadAction\",\"target\":[\"https:\\\/\\\/internetaddictsanonymous.org\\\/in-person-meetings\\\/australia-melbourne\\\/\"]}]},{\"@type\":\"BreadcrumbList\",\"@id\":\"https:\\\/\\\/internetaddictsanonymous.org\\\/in-person-meetings\\\/australia-melbourne\\\/#breadcrumb\",\"itemListElement\":[{\"@type\":\"ListItem\",\"position\":1,\"name\":\"Home\",\"item\":\"https:\\\/\\\/internetaddictsanonymous.org\\\/\"},{\"@type\":\"ListItem\",\"position\":2,\"name\":\"In-Person Meetings\",\"item\":\"https:\\\/\\\/internetaddictsanonymous.org\\\/in-person-meetings\\\/\"},{\"@type\":\"ListItem\",\"position\":3,\"name\":\"ITAA in Melbourne, Australia\"}]},{\"@type\":\"WebSite\",\"@id\":\"https:\\\/\\\/internetaddictsanonymous.org\\\/#website\",\"url\":\"https:\\\/\\\/internetaddictsanonymous.org\\\/\",\"name\":\"Internet and Technology Addicts Anonymous\",\"description\":\"Worldwide 12-step Fellowship for Internet and Technology Addiction\",\"publisher\":{\"@id\":\"https:\\\/\\\/internetaddictsanonymous.org\\\/#organization\"},\"potentialAction\":[{\"@type\":\"SearchAction\",\"target\":{\"@type\":\"EntryPoint\",\"urlTemplate\":\"https:\\\/\\\/internetaddictsanonymous.org\\\/?s={search_term_string}\"},\"query-input\":{\"@type\":\"PropertyValueSpecification\",\"valueRequired\":true,\"valueName\":\"search_term_string\"}}],\"inLanguage\":\"it-IT\"},{\"@type\":\"Organization\",\"@id\":\"https:\\\/\\\/internetaddictsanonymous.org\\\/#organization\",\"name\":\"Internet and Technology Addicts Anonymous\",\"url\":\"https:\\\/\\\/internetaddictsanonymous.org\\\/\",\"logo\":{\"@type\":\"ImageObject\",\"inLanguage\":\"it-IT\",\"@id\":\"https:\\\/\\\/internetaddictsanonymous.org\\\/#\\\/schema\\\/logo\\\/image\\\/\",\"url\":\"https:\\\/\\\/internetaddictsanonymous.org\\\/wp-content\\\/uploads\\\/2023\\\/01\\\/cropped-ITAA-logo-480px.png\",\"contentUrl\":\"https:\\\/\\\/internetaddictsanonymous.org\\\/wp-content\\\/uploads\\\/2023\\\/01\\\/cropped-ITAA-logo-480px.png\",\"width\":480,\"height\":480,\"caption\":\"Internet and Technology Addicts Anonymous\"},\"image\":{\"@id\":\"https:\\\/\\\/internetaddictsanonymous.org\\\/#\\\/schema\\\/logo\\\/image\\\/\"}}]}<\/script>\n<!-- \/ Yoast SEO plugin. -->","yoast_head_json":{"title":"ITAA a Melbourne, Australia \u2013 Dipendenti da Internet e Tecnologia Anonimi","robots":{"index":"index","follow":"follow","max-snippet":"max-snippet:-1","max-image-preview":"max-image-preview:large","max-video-preview":"max-video-preview:-1"},"canonical":"https:\/\/internetaddictsanonymous.org\/it\/incontri-di-persona\/australia-melbourne\/","og_locale":"it_IT","og_type":"article","og_title":"ITAA in Melbourne, Australia &#8211; Internet and Technology Addicts Anonymous","og_description":"Welcome to Internet and Technology Addicts Anonymous! We\u2019re glad you\u2019ve found us, and we hope our community can be as helpful to you as it has been for us.&nbsp;ITAA is a Twelve-Step fellowship of individuals who support each other in recovering from internet and technology addiction.&nbsp;This includes addiction to social media, smartphones, streaming video or &hellip; Continue reading ITAA in Melbourne, Australia","og_url":"https:\/\/internetaddictsanonymous.org\/it\/incontri-di-persona\/australia-melbourne\/","og_site_name":"Internet and Technology Addicts Anonymous","article_modified_time":"2026-01-23T14:48:40+00:00","twitter_card":"summary_large_image","twitter_misc":{"Tempo di lettura stimato":"3 minuti"},"schema":{"@context":"https:\/\/schema.org","@graph":[{"@type":"WebPage","@id":"https:\/\/internetaddictsanonymous.org\/in-person-meetings\/australia-melbourne\/","url":"https:\/\/internetaddictsanonymous.org\/in-person-meetings\/australia-melbourne\/","name":"ITAA a Melbourne, Australia \u2013 Dipendenti da Internet e Tecnologia Anonimi","isPartOf":{"@id":"https:\/\/internetaddictsanonymous.org\/#website"},"datePublished":"2025-01-19T07:45:48+00:00","dateModified":"2026-01-23T14:48:40+00:00","breadcrumb":{"@id":"https:\/\/internetaddictsanonymous.org\/in-person-meetings\/australia-melbourne\/#breadcrumb"},"inLanguage":"it-IT","potentialAction":[{"@type":"ReadAction","target":["https:\/\/internetaddictsanonymous.org\/in-person-meetings\/australia-melbourne\/"]}]},{"@type":"BreadcrumbList","@id":"https:\/\/internetaddictsanonymous.org\/in-person-meetings\/australia-melbourne\/#breadcrumb","itemListElement":[{"@type":"ListItem","position":1,"name":"Home","item":"https:\/\/internetaddictsanonymous.org\/"},{"@type":"ListItem","position":2,"name":"In-Person Meetings","item":"https:\/\/internetaddictsanonymous.org\/in-person-meetings\/"},{"@type":"ListItem","position":3,"name":"ITAA in Melbourne, Australia"}]},{"@type":"WebSite","@id":"https:\/\/internetaddictsanonymous.org\/#website","url":"https:\/\/internetaddictsanonymous.org\/","name":"Dipendenti da Internet e Tecnologia Anonimi","description":"Associazione mondiale in 12 fasi per la dipendenza da Internet e dalla tecnologia","publisher":{"@id":"https:\/\/internetaddictsanonymous.org\/#organization"},"potentialAction":[{"@type":"SearchAction","target":{"@type":"EntryPoint","urlTemplate":"https:\/\/internetaddictsanonymous.org\/?s={search_term_string}"},"query-input":{"@type":"PropertyValueSpecification","valueRequired":true,"valueName":"search_term_string"}}],"inLanguage":"it-IT"},{"@type":"Organization","@id":"https:\/\/internetaddictsanonymous.org\/#organization","name":"Dipendenti da Internet e Tecnologia Anonimi","url":"https:\/\/internetaddictsanonymous.org\/","logo":{"@type":"ImageObject","inLanguage":"it-IT","@id":"https:\/\/internetaddictsanonymous.org\/#\/schema\/logo\/image\/","url":"https:\/\/internetaddictsanonymous.org\/wp-content\/uploads\/2023\/01\/cropped-ITAA-logo-480px.png","contentUrl":"https:\/\/internetaddictsanonymous.org\/wp-content\/uploads\/2023\/01\/cropped-ITAA-logo-480px.png","width":480,"height":480,"caption":"Internet and Technology Addicts Anonymous"},"image":{"@id":"https:\/\/internetaddictsanonymous.org\/#\/schema\/logo\/image\/"}}]}},"jetpack_sharing_enabled":true,"jetpack_shortlink":"https:\/\/wp.me\/P9Fwob-4ZP","_links":{"self":[{"href":"https:\/\/internetaddictsanonymous.org\/it\/wp-json\/wp\/v2\/pages\/19209","targetHints":{"allow":["GET"]}}],"collection":[{"href":"https:\/\/internetaddictsanonymous.org\/it\/wp-json\/wp\/v2\/pages"}],"about":[{"href":"https:\/\/internetaddictsanonymous.org\/it\/wp-json\/wp\/v2\/types\/page"}],"author":[{"embeddable":true,"href":"https:\/\/internetaddictsanonymous.org\/it\/wp-json\/wp\/v2\/users\/35194281"}],"replies":[{"embeddable":true,"href":"https:\/\/internetaddictsanonymous.org\/it\/wp-json\/wp\/v2\/comments?post=19209"}],"version-history":[{"count":16,"href":"https:\/\/internetaddictsanonymous.org\/it\/wp-json\/wp\/v2\/pages\/19209\/revisions"}],"predecessor-version":[{"id":20927,"href":"https:\/\/internetaddictsanonymous.org\/it\/wp-json\/wp\/v2\/pages\/19209\/revisions\/20927"}],"up":[{"embeddable":true,"href":"https:\/\/internetaddictsanonymous.org\/it\/wp-json\/wp\/v2\/pages\/148"}],"wp:attachment":[{"href":"https:\/\/internetaddictsanonymous.org\/it\/wp-json\/wp\/v2\/media?parent=19209"}],"wp:term":[{"taxonomy":"post_tag","embeddable":true,"href":"https:\/\/internetaddictsanonymous.org\/it\/wp-json\/wp\/v2\/tags?post=19209"}],"curies":[{"name":"parola chiave","href":"https:\/\/api.w.org\/{rel}","templated":true}]}}