{"id":20028,"date":"2025-06-13T18:24:15","date_gmt":"2025-06-14T01:24:15","guid":{"rendered":"https:\/\/internetaddictsanonymous.org\/?page_id=20028"},"modified":"2026-04-27T05:09:29","modified_gmt":"2026-04-27T12:09:29","slug":"noi-pa","status":"publish","type":"page","link":"https:\/\/internetaddictsanonymous.org\/it\/in-person-meetings\/us-pa\/","title":{"rendered":"ITAA in Pennsylvania, Stati Uniti"},"content":{"rendered":"<p>Benvenuti a Internet and Technology Addicts Anonymous! Siamo lieti che tu ci abbia trovato e speriamo che la nostra community possa esserti utile tanto quanto lo \u00e8 stata per noi.<strong> <mark style=\"background-color:rgba(0, 0, 0, 0)\" class=\"has-inline-color has-dark-gray-color\">L&#039;ITAA \u00e8 un&#039;associazione di dodici passi composta da persone che si sostengono a vicenda nel percorso di recupero dalla dipendenza da Internet e dalla tecnologia.<\/mark><\/strong> Ci\u00f2 include la dipendenza dai social media, dagli smartphone, dallo streaming di contenuti video o audio, dai giochi, dalle notizie, dalla pornografia, dalle app di incontri, dalla ricerca online, dallo shopping online o da qualsiasi altra attivit\u00e0 digitale che diventi compulsiva e problematica.&nbsp;<\/p>\n\n\n\n<h3 class=\"wp-block-heading\">Riunioni ITAA a Filadelfia<\/h3>\n\n\n\n<h5 class=\"wp-block-heading\">Marted\u00ec a Filadelfia<\/h5>\n\n\n\n<p>Quando: ogni marted\u00ec dalle 18:00 alle 19:00 ET<br>Dove: 1904 Walnut St, Philadelphia, PA, 19103, Stati Uniti (stanza nel seminterrato, accesso tramite scale sul lato dell&#039;edificio, parcheggio a pagamento in Rittenhouse Square)<br>Contatto:&nbsp;&nbsp;<a href=\"mailto:julian.philly.anon@gmail.com\" target=\"_blank\" rel=\"noreferrer noopener\">julian.philly.anon@gmail.com<\/a><\/p>\n\n\n\n<h5 class=\"wp-block-heading\">Domeniche a Filadelfia<\/h5>\n\n\n\n<p>Quando: ogni domenica alle 18:00 ET<br>Dove: Hope on Girard al 126 W Girard Ave, Philadelphia, PA 19123<br>Contatto:&nbsp;<a href=\"mailto:julian.philly.anon@gmail.com\">julian.philly.anon@gmail.com<\/a><\/p>\n\n\n\n<h3 class=\"wp-block-heading\">Riunioni ITAA a Pittsburgh<\/h3>\n\n\n\n<p><strong>**Il nostro incontro in presenza \u00e8 temporaneamente sospeso fino a quando non troveremo una nuova sede. I soci interessati a partecipare al nostro incontro o che desiderano maggiori informazioni possono contattarci all&#039;indirizzo\u00a0<a href=\"mailto:itaapgh@gmail.com\" target=\"_blank\" rel=\"noreferrer noopener\">itaapgh@gmail.com<\/a>; \u00e8 attiva solo la riunione online.**<\/strong><\/p>\n\n\n\n<p>Questo incontro \u00e8 aperto a tutti, sia yinzer che non yinzer! Accogliamo con piacere tutti i nuovi arrivati, sia online che di persona.<\/p>\n\n\n\n<p>Dedichiamo i primi dieci minuti dell&#039;incontro alla lettura di un brano tratto dalla letteratura ITAA pertinente o da materiale utile di altre associazioni. In seguito, i membri sono liberi di condividere i propri pensieri, basandosi sugli argomenti trattati durante la lettura o su qualsiasi altra cosa gli venga in mente. Potete farvi un&#039;idea del nostro incontro leggendo il testo:&nbsp;<a href=\"https:\/\/docs.google.com\/document\/d\/1bOl-GhM5JprCjBFRgxwLGLRVMc9jw6iic5HvaZYZmA4\/edit?usp=sharing\" rel=\"noreferrer noopener\" target=\"_blank\">https:\/\/docs.google.com\/document\/d\/1bOl-GhM5JprCjBFRgxwLGLRVMc9jw6iic5HvaZYZmA4\/edit?usp=sharing<\/a><\/p>\n\n\n\n<p>**Per i nostri ospiti in presenza:** Unisciti a noi il sabato dalle 10:30 alle 11:30 presso la Carnegie Library a East Liberty (30 S Whitfield St, Pittsburgh, PA 15206). Sono disponibili parcheggi accessibili su strada in S. Whitfield e un parcheggio pubblico a pagamento in Tamello Way.<\/p>\n\n\n\n<p>A causa del volume di prenotazioni di sale in questa biblioteca, non siamo in grado di prenotare la stessa sala ogni settimana. **Si prega di controllare questo programma (<a href=\"https:\/\/docs.google.com\/document\/d\/1_vvbqWKAcQC7RUSR2b0GppT6EcJQo-2Xbusk6wYbtfQ\/edit?usp=sharing\" rel=\"noreferrer noopener\" target=\"_blank\">https:\/\/docs.google.com\/document\/d\/1_vvbqWKAcQC7RUSR2b0GppT6EcJQo-2Xbusk6wYbtfQ\/edit?usp=sharing<\/a>) per informazioni precise su eventuali modifiche alla sala\/sede o annullamenti di riunioni.**<\/p>\n\n\n\n<p>Se desideri essere informato su eventuali modifiche all&#039;orario o al luogo del nostro incontro, invia un&#039;e-mail a&nbsp;<a href=\"mailto:itaapgh@gmail.com\" target=\"_blank\" rel=\"noreferrer noopener\">itaapgh@gmail.com<\/a>, e ti aggiungeremo alla nostra mailing list. Non esitare a inviarci un messaggio se hai domande.<\/p>\n\n\n\n<p><strong>Ci incontriamo anche virtualmente in questo momento su Zoom, nel&nbsp;<a href=\"https:\/\/us02web.zoom.us\/j\/6716765473?pwd=cHBQVFZ4NEM5dldDdy9wUDAyL3Fydz09\">Sala di risveglio<\/a><br>ID riunione: 671 676 5473<br>Codice di accesso: 12<\/strong><\/p>\n\n\n\n<h3 class=\"wp-block-heading\">Riunioni aggiuntive<\/h3>\n\n\n\n<p>Se sei nuovo, ti invitiamo a provare a partecipare a sei incontri in un breve periodo di tempo per vedere se il nostro programma pu\u00f2 esserti utile. Oltre al nostro incontro locale di persona, puoi anche consultare il nostro <a href=\"https:\/\/internetaddictsanonymous.org\/it\/incontri-di-persona\/\">altri incontri di persona<\/a> e un <a href=\"https:\/\/internetaddictsanonymous.org\/it\/riunioni-online\/\">programma completo degli incontri online<\/a>. Tutti gli incontri sono completamente gratuiti e anonimi.<\/p>\n\n\n\n<h3 class=\"wp-block-heading\"><strong>Come funzionano le riunioni?<\/strong><\/h3>\n\n\n\n<p>Se partecipi a una riunione per la prima volta, non c&#039;\u00e8 motivo di agitarsi. La maggior parte delle nostre riunioni sono molto semplici; ogni riunione \u00e8 presieduta da un presidente e la maggior parte dura un&#039;ora. Il presidente e altri volontari leggono alcune dichiarazioni introduttive prima di dare inizio alla riunione, consentendo ai membri di condividere. Non \u00e8 obbligatorio condividere, ed \u00e8 possibile semplicemente ascoltare. Se ti senti a tuo agio, puoi presentarti e condividere il motivo per cui sei arrivato all&#039;ITAA. A meno che non sia richiesto dal membro che condivide, non offriamo suggerimenti o commenti in risposta alle condivisioni altrui; ci limitiamo ad ascoltare senza giudicare. Al termine dell&#039;ora, la riunione si concluder\u00e0 con alcune dichiarazioni conclusive, dopo le quali i membri di solito parlano in modo informale, fanno domande e si scambiano i recapiti.<\/p>\n\n\n\n<h3 class=\"wp-block-heading\">Risorse sulla dipendenza da Internet e dalla tecnologia<\/h3>\n\n\n\n<p>Se ti stai chiedendo se potresti avere una dipendenza da Internet e dalla tecnologia, puoi consultare i nostri questionari per <a href=\"https:\/\/internetaddictsanonymous.org\/it\/dipendenza-da-internet-e-tecnologia\/\">dipendenza da internet<\/a>, <a href=\"https:\/\/internetaddictsanonymous.org\/it\/dipendenza-da-internet-e-tecnologia\/dipendenza-dai-social-media\/\">dipendenza dai social media<\/a>, <a href=\"https:\/\/internetaddictsanonymous.org\/it\/dipendenza-da-internet\/dipendenza-dallo-streaming\/\">dipendenza dallo streaming<\/a>, <a href=\"https:\/\/internetaddictsanonymous.org\/it\/dipendenza-da-internet-e-tecnologia\/dipendenza-dal-telefono\/\">dipendenza dal telefono<\/a>, O <a href=\"https:\/\/internetaddictsanonymous.org\/it\/dipendenza-da-internet-e-tecnologia\/dipendenza-dai-videogiochi\/\">dipendenza dai videogiochi<\/a>. Puoi anche saperne di pi\u00f9 su ITAA leggendo il nostro&nbsp;<a href=\"https:\/\/internetaddictsanonymous.org\/it\/guida-per-i-nuovi-arrivati\/\">guida per i nuovi arrivati<\/a>, rivedendo il nostro <a href=\"https:\/\/internetaddictsanonymous.org\/it\/risorse\/strumenti-di-recupero\/\">strumenti di recupero<\/a>, o ascoltando <a href=\"https:\/\/internetaddictsanonymous.org\/it\/storie-di-recupero\/\">storie di recupero dei membri<\/a>.<\/p>\n\n\n\n<p>L&#039;ITAA non \u00e8 affiliata ad alcuna agenda politica, religiosa o di interesse esterno. Siamo completamente autosufficienti e gratuiti per chiunque ne abbia bisogno. Il nostro unico scopo \u00e8 astenerci dall&#039;uso compulsivo di Internet e della tecnologia e aiutare gli altri a liberarsi da questa dipendenza.<\/p>\n\n\n\n<p>Di nuovo, benvenuti! Ci auguriamo che questa community possa fornirvi il supporto di cui avete bisogno per superare la dipendenza da Internet e dalla tecnologia. Non esitate a contattarci per qualsiasi domanda.<\/p>\n<!-- PMB print buttons is only displayed on a single post\/page URLs-->","protected":false},"excerpt":{"rendered":"<p>Benvenuti a Internet and Technology Addicts Anonymous! Siamo lieti che ci abbiate trovato e speriamo che la nostra comunit\u00e0 possa esservi utile tanto quanto lo \u00e8 stata per noi. ITAA \u00e8 un&#039;associazione in Dodici Passi composta da persone che si sostengono a vicenda nel percorso di recupero dalla dipendenza da Internet e dalla tecnologia. Questa include la dipendenza da social media, smartphone, streaming... <a href=\"https:\/\/internetaddictsanonymous.org\/it\/in-person-meetings\/us-pa\/\" class=\"more-link\">Continua a leggere <span class=\"screen-reader-text\">ITAA in Pennsylvania, Stati Uniti<\/span><\/a><\/p>","protected":false},"author":35194291,"featured_media":0,"parent":148,"menu_order":0,"comment_status":"closed","ping_status":"closed","template":"full-width-page.php","meta":{"inline_featured_image":false,"_lmt_disableupdate":"","_lmt_disable":"","footnotes":""},"tags":[655524913,307668,655524904,655524910,655524905,655524900,534293,1410996],"class_list":["post-20028","page","type-page","status-publish","hentry","tag-12-steps","tag-internet-addiction","tag-internet-addicts-anonymous","tag-meeting-times","tag-mindful-internet-use","tag-smartphone-addiction","tag-support-group","tag-technology-addiction"],"yoast_head":"<!-- This site is optimized with the Yoast SEO plugin v27.5 - https:\/\/yoast.com\/product\/yoast-seo-wordpress\/ -->\n<title>ITAA in Pennsylvania, US &#8211; Internet and Technology Addicts Anonymous<\/title>\n<meta name=\"robots\" content=\"index, follow, max-snippet:-1, max-image-preview:large, max-video-preview:-1\" \/>\n<link rel=\"canonical\" href=\"https:\/\/internetaddictsanonymous.org\/it\/incontri-di-persona\/noi-pa\/\" \/>\n<meta property=\"og:locale\" content=\"it_IT\" \/>\n<meta property=\"og:type\" content=\"article\" \/>\n<meta property=\"og:title\" content=\"ITAA in Pennsylvania, US &#8211; Internet and Technology Addicts Anonymous\" \/>\n<meta property=\"og:description\" content=\"Welcome to Internet and Technology Addicts Anonymous! We\u2019re glad you\u2019ve found us, and we hope our community can be as helpful to you as it has been for us. ITAA is a Twelve-Step fellowship of individuals who support each other in recovering from internet and technology addiction. This includes addiction to social media, smartphones, streaming &hellip; Continue reading ITAA in Pennsylvania, US\" \/>\n<meta property=\"og:url\" content=\"https:\/\/internetaddictsanonymous.org\/it\/incontri-di-persona\/noi-pa\/\" \/>\n<meta property=\"og:site_name\" content=\"Internet and Technology Addicts Anonymous\" \/>\n<meta property=\"article:modified_time\" content=\"2026-04-27T12:09:29+00:00\" \/>\n<meta name=\"twitter:card\" content=\"summary_large_image\" \/>\n<meta name=\"twitter:label1\" content=\"Tempo di lettura stimato\" \/>\n\t<meta name=\"twitter:data1\" content=\"4 minuti\" \/>\n<script type=\"application\/ld+json\" class=\"yoast-schema-graph\">{\"@context\":\"https:\\\/\\\/schema.org\",\"@graph\":[{\"@type\":\"WebPage\",\"@id\":\"https:\\\/\\\/internetaddictsanonymous.org\\\/in-person-meetings\\\/us-pa\\\/\",\"url\":\"https:\\\/\\\/internetaddictsanonymous.org\\\/in-person-meetings\\\/us-pa\\\/\",\"name\":\"ITAA in Pennsylvania, US &#8211; Internet and Technology Addicts Anonymous\",\"isPartOf\":{\"@id\":\"https:\\\/\\\/internetaddictsanonymous.org\\\/#website\"},\"datePublished\":\"2025-06-14T01:24:15+00:00\",\"dateModified\":\"2026-04-27T12:09:29+00:00\",\"breadcrumb\":{\"@id\":\"https:\\\/\\\/internetaddictsanonymous.org\\\/in-person-meetings\\\/us-pa\\\/#breadcrumb\"},\"inLanguage\":\"it-IT\",\"potentialAction\":[{\"@type\":\"ReadAction\",\"target\":[\"https:\\\/\\\/internetaddictsanonymous.org\\\/in-person-meetings\\\/us-pa\\\/\"]}]},{\"@type\":\"BreadcrumbList\",\"@id\":\"https:\\\/\\\/internetaddictsanonymous.org\\\/in-person-meetings\\\/us-pa\\\/#breadcrumb\",\"itemListElement\":[{\"@type\":\"ListItem\",\"position\":1,\"name\":\"Home\",\"item\":\"https:\\\/\\\/internetaddictsanonymous.org\\\/\"},{\"@type\":\"ListItem\",\"position\":2,\"name\":\"In-Person Meetings\",\"item\":\"https:\\\/\\\/internetaddictsanonymous.org\\\/in-person-meetings\\\/\"},{\"@type\":\"ListItem\",\"position\":3,\"name\":\"ITAA in Pennsylvania, US\"}]},{\"@type\":\"WebSite\",\"@id\":\"https:\\\/\\\/internetaddictsanonymous.org\\\/#website\",\"url\":\"https:\\\/\\\/internetaddictsanonymous.org\\\/\",\"name\":\"Internet and Technology Addicts Anonymous\",\"description\":\"Worldwide 12-step Fellowship for Internet and Technology Addiction\",\"publisher\":{\"@id\":\"https:\\\/\\\/internetaddictsanonymous.org\\\/#organization\"},\"potentialAction\":[{\"@type\":\"SearchAction\",\"target\":{\"@type\":\"EntryPoint\",\"urlTemplate\":\"https:\\\/\\\/internetaddictsanonymous.org\\\/?s={search_term_string}\"},\"query-input\":{\"@type\":\"PropertyValueSpecification\",\"valueRequired\":true,\"valueName\":\"search_term_string\"}}],\"inLanguage\":\"it-IT\"},{\"@type\":\"Organization\",\"@id\":\"https:\\\/\\\/internetaddictsanonymous.org\\\/#organization\",\"name\":\"Internet and Technology Addicts Anonymous\",\"url\":\"https:\\\/\\\/internetaddictsanonymous.org\\\/\",\"logo\":{\"@type\":\"ImageObject\",\"inLanguage\":\"it-IT\",\"@id\":\"https:\\\/\\\/internetaddictsanonymous.org\\\/#\\\/schema\\\/logo\\\/image\\\/\",\"url\":\"https:\\\/\\\/internetaddictsanonymous.org\\\/wp-content\\\/uploads\\\/2023\\\/01\\\/cropped-ITAA-logo-480px.png\",\"contentUrl\":\"https:\\\/\\\/internetaddictsanonymous.org\\\/wp-content\\\/uploads\\\/2023\\\/01\\\/cropped-ITAA-logo-480px.png\",\"width\":480,\"height\":480,\"caption\":\"Internet and Technology Addicts Anonymous\"},\"image\":{\"@id\":\"https:\\\/\\\/internetaddictsanonymous.org\\\/#\\\/schema\\\/logo\\\/image\\\/\"}}]}<\/script>\n<!-- \/ Yoast SEO plugin. -->","yoast_head_json":{"title":"ITAA in Pennsylvania, Stati Uniti \u2013 Dipendenti da Internet e Tecnologia Anonimi","robots":{"index":"index","follow":"follow","max-snippet":"max-snippet:-1","max-image-preview":"max-image-preview:large","max-video-preview":"max-video-preview:-1"},"canonical":"https:\/\/internetaddictsanonymous.org\/it\/incontri-di-persona\/noi-pa\/","og_locale":"it_IT","og_type":"article","og_title":"ITAA in Pennsylvania, US &#8211; Internet and Technology Addicts Anonymous","og_description":"Welcome to Internet and Technology Addicts Anonymous! We\u2019re glad you\u2019ve found us, and we hope our community can be as helpful to you as it has been for us. ITAA is a Twelve-Step fellowship of individuals who support each other in recovering from internet and technology addiction. This includes addiction to social media, smartphones, streaming &hellip; Continue reading ITAA in Pennsylvania, US","og_url":"https:\/\/internetaddictsanonymous.org\/it\/incontri-di-persona\/noi-pa\/","og_site_name":"Internet and Technology Addicts Anonymous","article_modified_time":"2026-04-27T12:09:29+00:00","twitter_card":"summary_large_image","twitter_misc":{"Tempo di lettura stimato":"4 minuti"},"schema":{"@context":"https:\/\/schema.org","@graph":[{"@type":"WebPage","@id":"https:\/\/internetaddictsanonymous.org\/in-person-meetings\/us-pa\/","url":"https:\/\/internetaddictsanonymous.org\/in-person-meetings\/us-pa\/","name":"ITAA in Pennsylvania, Stati Uniti \u2013 Dipendenti da Internet e Tecnologia Anonimi","isPartOf":{"@id":"https:\/\/internetaddictsanonymous.org\/#website"},"datePublished":"2025-06-14T01:24:15+00:00","dateModified":"2026-04-27T12:09:29+00:00","breadcrumb":{"@id":"https:\/\/internetaddictsanonymous.org\/in-person-meetings\/us-pa\/#breadcrumb"},"inLanguage":"it-IT","potentialAction":[{"@type":"ReadAction","target":["https:\/\/internetaddictsanonymous.org\/in-person-meetings\/us-pa\/"]}]},{"@type":"BreadcrumbList","@id":"https:\/\/internetaddictsanonymous.org\/in-person-meetings\/us-pa\/#breadcrumb","itemListElement":[{"@type":"ListItem","position":1,"name":"Home","item":"https:\/\/internetaddictsanonymous.org\/"},{"@type":"ListItem","position":2,"name":"In-Person Meetings","item":"https:\/\/internetaddictsanonymous.org\/in-person-meetings\/"},{"@type":"ListItem","position":3,"name":"ITAA in Pennsylvania, US"}]},{"@type":"WebSite","@id":"https:\/\/internetaddictsanonymous.org\/#website","url":"https:\/\/internetaddictsanonymous.org\/","name":"Dipendenti da Internet e Tecnologia Anonimi","description":"Associazione mondiale in 12 fasi per la dipendenza da Internet e dalla tecnologia","publisher":{"@id":"https:\/\/internetaddictsanonymous.org\/#organization"},"potentialAction":[{"@type":"SearchAction","target":{"@type":"EntryPoint","urlTemplate":"https:\/\/internetaddictsanonymous.org\/?s={search_term_string}"},"query-input":{"@type":"PropertyValueSpecification","valueRequired":true,"valueName":"search_term_string"}}],"inLanguage":"it-IT"},{"@type":"Organization","@id":"https:\/\/internetaddictsanonymous.org\/#organization","name":"Dipendenti da Internet e Tecnologia Anonimi","url":"https:\/\/internetaddictsanonymous.org\/","logo":{"@type":"ImageObject","inLanguage":"it-IT","@id":"https:\/\/internetaddictsanonymous.org\/#\/schema\/logo\/image\/","url":"https:\/\/internetaddictsanonymous.org\/wp-content\/uploads\/2023\/01\/cropped-ITAA-logo-480px.png","contentUrl":"https:\/\/internetaddictsanonymous.org\/wp-content\/uploads\/2023\/01\/cropped-ITAA-logo-480px.png","width":480,"height":480,"caption":"Internet and Technology Addicts Anonymous"},"image":{"@id":"https:\/\/internetaddictsanonymous.org\/#\/schema\/logo\/image\/"}}]}},"jetpack_sharing_enabled":true,"jetpack_shortlink":"https:\/\/wp.me\/P9Fwob-5d2","_links":{"self":[{"href":"https:\/\/internetaddictsanonymous.org\/it\/wp-json\/wp\/v2\/pages\/20028","targetHints":{"allow":["GET"]}}],"collection":[{"href":"https:\/\/internetaddictsanonymous.org\/it\/wp-json\/wp\/v2\/pages"}],"about":[{"href":"https:\/\/internetaddictsanonymous.org\/it\/wp-json\/wp\/v2\/types\/page"}],"author":[{"embeddable":true,"href":"https:\/\/internetaddictsanonymous.org\/it\/wp-json\/wp\/v2\/users\/35194291"}],"replies":[{"embeddable":true,"href":"https:\/\/internetaddictsanonymous.org\/it\/wp-json\/wp\/v2\/comments?post=20028"}],"version-history":[{"count":5,"href":"https:\/\/internetaddictsanonymous.org\/it\/wp-json\/wp\/v2\/pages\/20028\/revisions"}],"predecessor-version":[{"id":20961,"href":"https:\/\/internetaddictsanonymous.org\/it\/wp-json\/wp\/v2\/pages\/20028\/revisions\/20961"}],"up":[{"embeddable":true,"href":"https:\/\/internetaddictsanonymous.org\/it\/wp-json\/wp\/v2\/pages\/148"}],"wp:attachment":[{"href":"https:\/\/internetaddictsanonymous.org\/it\/wp-json\/wp\/v2\/media?parent=20028"}],"wp:term":[{"taxonomy":"post_tag","embeddable":true,"href":"https:\/\/internetaddictsanonymous.org\/it\/wp-json\/wp\/v2\/tags?post=20028"}],"curies":[{"name":"parola chiave","href":"https:\/\/api.w.org\/{rel}","templated":true}]}}