{"id":20226,"date":"2025-07-31T20:39:39","date_gmt":"2025-08-01T03:39:39","guid":{"rendered":"https:\/\/internetaddictsanonymous.org\/?page_id=20226"},"modified":"2026-04-27T05:16:33","modified_gmt":"2026-04-27T12:16:33","slug":"brasile-san-paolo","status":"publish","type":"page","link":"https:\/\/internetaddictsanonymous.org\/it\/in-person-meetings\/brazil-saopaulo\/","title":{"rendered":"ITAA in Brasile"},"content":{"rendered":"<p>\u00a1Bienvenido a Adictos a Internet y la Tecnolog\u00eda An\u00f3nimos!&nbsp;<strong>ITAA \u00e8 una comunit\u00e0 di Doce Pasos formata da persone che si aiutano reciprocamente per recuperare dalla dipendenza da Internet e dalla tecnologia.<\/strong>&nbsp;Questo include l&#039;aggiunta alle reti sociali, ai cellulari, ai video online, ai videogiocatori, alle notizie, alla pornografia, alle applicazioni di citazioni, alle ricerche online, agli acquisti online o a qualsiasi altra attivit\u00e0 digitale che si trasforma in compulsiva e problematica.&nbsp;<\/p>\n\n\n\n<h3 class=\"wp-block-heading\">Incontri a San Paolo<\/h3>\n\n\n\n<p>Convidamos a todos para a nossa reuni\u00e3o dalla sala presencial de Dependentes de tecnologia e internet a S\u00e3o Paulo.<\/p>\n\n\n\n<p>Dati: Todos os s\u00e1bados, come\u00e7ando dia 23 de agosto de 2025.<br>Orario: 13h \u2013 14h<br>Locale: Rua Sampaio Vidal, 1055 Jardim Paulistano (a 10 minuti da esta\u00e7\u00e3o Faria Lima do metr\u00f4)<br>Contatto&nbsp;<a href=\"mailto:marcoz.12steps@gmail.com\" target=\"_blank\" rel=\"noreferrer noopener\">marcoz.12steps@gmail.com<\/a>&nbsp;o +5511957108927.<\/p>\n\n\n\n<h3 class=\"wp-block-heading\"><strong>Come funzionano le riunioni?<\/strong><\/h3>\n\n\n\n<p>Se partecipi a una riunione per la prima volta, non c&#039;\u00e8 motivo di agitarsi. La maggior parte delle nostre riunioni sono molto semplici; ogni riunione \u00e8 presieduta da un presidente e la maggior parte dura un&#039;ora. Il presidente e altri volontari leggono alcune dichiarazioni introduttive prima di dare inizio alla riunione, consentendo ai membri di condividere. Non \u00e8 obbligatorio condividere, ed \u00e8 possibile semplicemente ascoltare. Se ti senti a tuo agio, puoi presentarti e condividere il motivo per cui sei arrivato all&#039;ITAA. A meno che non sia richiesto dal membro che condivide, non offriamo suggerimenti o commenti in risposta alle condivisioni altrui; ci limitiamo ad ascoltare senza giudicare. Al termine dell&#039;ora, la riunione si concluder\u00e0 con alcune dichiarazioni conclusive, dopo le quali i membri di solito parlano in modo informale, fanno domande e si scambiano i recapiti.<\/p>\n\n\n\n<h3 class=\"wp-block-heading\">Risorse sulla dipendenza da Internet e dalla tecnologia<\/h3>\n\n\n\n<p>Se ti stai chiedendo se potresti avere una dipendenza da Internet e dalla tecnologia, puoi consultare i nostri questionari per <a href=\"https:\/\/internetaddictsanonymous.org\/it\/dipendenza-da-internet-e-tecnologia\/\">dipendenza da internet<\/a>, <a href=\"https:\/\/internetaddictsanonymous.org\/it\/dipendenza-da-internet-e-tecnologia\/dipendenza-dai-social-media\/\">dipendenza dai social media<\/a>, <a href=\"https:\/\/internetaddictsanonymous.org\/it\/dipendenza-da-internet\/dipendenza-dallo-streaming\/\">dipendenza dallo streaming<\/a>, <a href=\"https:\/\/internetaddictsanonymous.org\/it\/dipendenza-da-internet-e-tecnologia\/dipendenza-dal-telefono\/\">dipendenza dal telefono<\/a>, O <a href=\"https:\/\/internetaddictsanonymous.org\/it\/dipendenza-da-internet-e-tecnologia\/dipendenza-dai-videogiochi\/\">dipendenza dai videogiochi<\/a>. Puoi anche saperne di pi\u00f9 su ITAA leggendo il nostro&nbsp;<a href=\"https:\/\/internetaddictsanonymous.org\/it\/guida-per-i-nuovi-arrivati\/\">guida per i nuovi arrivati<\/a>, rivedendo il nostro <a href=\"https:\/\/internetaddictsanonymous.org\/it\/risorse\/strumenti-di-recupero\/\">strumenti di recupero<\/a>, o ascoltando <a href=\"https:\/\/internetaddictsanonymous.org\/it\/storie-di-recupero\/\">storie di recupero dei membri<\/a>.<\/p>\n\n\n\n<p>L&#039;ITAA non \u00e8 affiliata ad alcuna agenda politica, religiosa o di interesse esterno. Siamo completamente autosufficienti e gratuiti per chiunque ne abbia bisogno. Il nostro unico scopo \u00e8 astenerci dall&#039;uso compulsivo di Internet e della tecnologia e aiutare gli altri a liberarsi da questa dipendenza.<\/p>\n\n\n\n<p>Di nuovo, benvenuti! Ci auguriamo che questa community possa fornirvi il supporto di cui avete bisogno per superare la dipendenza da Internet e dalla tecnologia. Non esitate a contattarci per qualsiasi domanda.<\/p>\n<!-- PMB print buttons is only displayed on a single post\/page URLs-->","protected":false},"excerpt":{"rendered":"<p>\u00a1Benvenido a Adictos a Internet y la Tecnolog\u00eda An\u00f3nimos! ITAA \u00e8 una comunit\u00e0 di Doce Pasos formata da persone che si aiutano reciprocamente per recuperare dalla dipendenza da Internet e dalla tecnologia. Questo include l&#039;aggiunta alle reti sociali, ai cellulari, ai video online, ai videogiocatori, alle notizie, alla pornografia, alle applicazioni di citazioni,... <a href=\"https:\/\/internetaddictsanonymous.org\/it\/in-person-meetings\/brazil-saopaulo\/\" class=\"more-link\">Continua a leggere <span class=\"screen-reader-text\">ITAA in Brasile<\/span><\/a><\/p>","protected":false},"author":35194285,"featured_media":0,"parent":148,"menu_order":0,"comment_status":"closed","ping_status":"closed","template":"full-width-page.php","meta":{"inline_featured_image":false,"_lmt_disableupdate":"","_lmt_disable":"","footnotes":""},"tags":[],"class_list":["post-20226","page","type-page","status-publish","hentry"],"yoast_head":"<!-- This site is optimized with the Yoast SEO plugin v27.5 - https:\/\/yoast.com\/product\/yoast-seo-wordpress\/ -->\n<title>ITAA en Brazil &#8211; Internet and Technology Addicts Anonymous<\/title>\n<meta name=\"robots\" content=\"index, follow, max-snippet:-1, max-image-preview:large, max-video-preview:-1\" \/>\n<link rel=\"canonical\" href=\"https:\/\/internetaddictsanonymous.org\/it\/incontri-di-persona\/brasile-san-paolo\/\" \/>\n<meta property=\"og:locale\" content=\"it_IT\" \/>\n<meta property=\"og:type\" content=\"article\" \/>\n<meta property=\"og:title\" content=\"ITAA en Brazil &#8211; Internet and Technology Addicts Anonymous\" \/>\n<meta property=\"og:description\" content=\"\u00a1Bienvenido a Adictos a Internet y la Tecnolog\u00eda An\u00f3nimos!&nbsp;ITAA es una comunidad de Doce Pasos formada por personas que se apoyan mutuamente para recuperarse de la adicci\u00f3n a Internet y a la tecnolog\u00eda.&nbsp;Esto incluye la adicci\u00f3n a las redes sociales, los celulares, los v\u00eddeos online, los videojuegos, las noticias, la pornograf\u00eda, las aplicaciones de citas, &hellip; Continue reading ITAA en Brazil\" \/>\n<meta property=\"og:url\" content=\"https:\/\/internetaddictsanonymous.org\/it\/incontri-di-persona\/brasile-san-paolo\/\" \/>\n<meta property=\"og:site_name\" content=\"Internet and Technology Addicts Anonymous\" \/>\n<meta property=\"article:modified_time\" content=\"2026-04-27T12:16:33+00:00\" \/>\n<meta name=\"twitter:card\" content=\"summary_large_image\" \/>\n<meta name=\"twitter:label1\" content=\"Tempo di lettura stimato\" \/>\n\t<meta name=\"twitter:data1\" content=\"2 minuti\" \/>\n<script type=\"application\/ld+json\" class=\"yoast-schema-graph\">{\"@context\":\"https:\\\/\\\/schema.org\",\"@graph\":[{\"@type\":\"WebPage\",\"@id\":\"https:\\\/\\\/internetaddictsanonymous.org\\\/in-person-meetings\\\/brazil-saopaulo\\\/\",\"url\":\"https:\\\/\\\/internetaddictsanonymous.org\\\/in-person-meetings\\\/brazil-saopaulo\\\/\",\"name\":\"ITAA en Brazil &#8211; Internet and Technology Addicts Anonymous\",\"isPartOf\":{\"@id\":\"https:\\\/\\\/internetaddictsanonymous.org\\\/#website\"},\"datePublished\":\"2025-08-01T03:39:39+00:00\",\"dateModified\":\"2026-04-27T12:16:33+00:00\",\"breadcrumb\":{\"@id\":\"https:\\\/\\\/internetaddictsanonymous.org\\\/in-person-meetings\\\/brazil-saopaulo\\\/#breadcrumb\"},\"inLanguage\":\"it-IT\",\"potentialAction\":[{\"@type\":\"ReadAction\",\"target\":[\"https:\\\/\\\/internetaddictsanonymous.org\\\/in-person-meetings\\\/brazil-saopaulo\\\/\"]}]},{\"@type\":\"BreadcrumbList\",\"@id\":\"https:\\\/\\\/internetaddictsanonymous.org\\\/in-person-meetings\\\/brazil-saopaulo\\\/#breadcrumb\",\"itemListElement\":[{\"@type\":\"ListItem\",\"position\":1,\"name\":\"Home\",\"item\":\"https:\\\/\\\/internetaddictsanonymous.org\\\/\"},{\"@type\":\"ListItem\",\"position\":2,\"name\":\"In-Person Meetings\",\"item\":\"https:\\\/\\\/internetaddictsanonymous.org\\\/in-person-meetings\\\/\"},{\"@type\":\"ListItem\",\"position\":3,\"name\":\"ITAA en Brazil\"}]},{\"@type\":\"WebSite\",\"@id\":\"https:\\\/\\\/internetaddictsanonymous.org\\\/#website\",\"url\":\"https:\\\/\\\/internetaddictsanonymous.org\\\/\",\"name\":\"Internet and Technology Addicts Anonymous\",\"description\":\"Worldwide 12-step Fellowship for Internet and Technology Addiction\",\"publisher\":{\"@id\":\"https:\\\/\\\/internetaddictsanonymous.org\\\/#organization\"},\"potentialAction\":[{\"@type\":\"SearchAction\",\"target\":{\"@type\":\"EntryPoint\",\"urlTemplate\":\"https:\\\/\\\/internetaddictsanonymous.org\\\/?s={search_term_string}\"},\"query-input\":{\"@type\":\"PropertyValueSpecification\",\"valueRequired\":true,\"valueName\":\"search_term_string\"}}],\"inLanguage\":\"it-IT\"},{\"@type\":\"Organization\",\"@id\":\"https:\\\/\\\/internetaddictsanonymous.org\\\/#organization\",\"name\":\"Internet and Technology Addicts Anonymous\",\"url\":\"https:\\\/\\\/internetaddictsanonymous.org\\\/\",\"logo\":{\"@type\":\"ImageObject\",\"inLanguage\":\"it-IT\",\"@id\":\"https:\\\/\\\/internetaddictsanonymous.org\\\/#\\\/schema\\\/logo\\\/image\\\/\",\"url\":\"https:\\\/\\\/internetaddictsanonymous.org\\\/wp-content\\\/uploads\\\/2023\\\/01\\\/cropped-ITAA-logo-480px.png\",\"contentUrl\":\"https:\\\/\\\/internetaddictsanonymous.org\\\/wp-content\\\/uploads\\\/2023\\\/01\\\/cropped-ITAA-logo-480px.png\",\"width\":480,\"height\":480,\"caption\":\"Internet and Technology Addicts Anonymous\"},\"image\":{\"@id\":\"https:\\\/\\\/internetaddictsanonymous.org\\\/#\\\/schema\\\/logo\\\/image\\\/\"}}]}<\/script>\n<!-- \/ Yoast SEO plugin. -->","yoast_head_json":{"title":"ITAA in Brasile \u2013 Dipendenti da Internet e Tecnologia Anonimi","robots":{"index":"index","follow":"follow","max-snippet":"max-snippet:-1","max-image-preview":"max-image-preview:large","max-video-preview":"max-video-preview:-1"},"canonical":"https:\/\/internetaddictsanonymous.org\/it\/incontri-di-persona\/brasile-san-paolo\/","og_locale":"it_IT","og_type":"article","og_title":"ITAA en Brazil &#8211; Internet and Technology Addicts Anonymous","og_description":"\u00a1Bienvenido a Adictos a Internet y la Tecnolog\u00eda An\u00f3nimos!&nbsp;ITAA es una comunidad de Doce Pasos formada por personas que se apoyan mutuamente para recuperarse de la adicci\u00f3n a Internet y a la tecnolog\u00eda.&nbsp;Esto incluye la adicci\u00f3n a las redes sociales, los celulares, los v\u00eddeos online, los videojuegos, las noticias, la pornograf\u00eda, las aplicaciones de citas, &hellip; Continue reading ITAA en Brazil","og_url":"https:\/\/internetaddictsanonymous.org\/it\/incontri-di-persona\/brasile-san-paolo\/","og_site_name":"Internet and Technology Addicts Anonymous","article_modified_time":"2026-04-27T12:16:33+00:00","twitter_card":"summary_large_image","twitter_misc":{"Tempo di lettura stimato":"2 minuti"},"schema":{"@context":"https:\/\/schema.org","@graph":[{"@type":"WebPage","@id":"https:\/\/internetaddictsanonymous.org\/in-person-meetings\/brazil-saopaulo\/","url":"https:\/\/internetaddictsanonymous.org\/in-person-meetings\/brazil-saopaulo\/","name":"ITAA in Brasile \u2013 Dipendenti da Internet e Tecnologia Anonimi","isPartOf":{"@id":"https:\/\/internetaddictsanonymous.org\/#website"},"datePublished":"2025-08-01T03:39:39+00:00","dateModified":"2026-04-27T12:16:33+00:00","breadcrumb":{"@id":"https:\/\/internetaddictsanonymous.org\/in-person-meetings\/brazil-saopaulo\/#breadcrumb"},"inLanguage":"it-IT","potentialAction":[{"@type":"ReadAction","target":["https:\/\/internetaddictsanonymous.org\/in-person-meetings\/brazil-saopaulo\/"]}]},{"@type":"BreadcrumbList","@id":"https:\/\/internetaddictsanonymous.org\/in-person-meetings\/brazil-saopaulo\/#breadcrumb","itemListElement":[{"@type":"ListItem","position":1,"name":"Home","item":"https:\/\/internetaddictsanonymous.org\/"},{"@type":"ListItem","position":2,"name":"In-Person Meetings","item":"https:\/\/internetaddictsanonymous.org\/in-person-meetings\/"},{"@type":"ListItem","position":3,"name":"ITAA en Brazil"}]},{"@type":"WebSite","@id":"https:\/\/internetaddictsanonymous.org\/#website","url":"https:\/\/internetaddictsanonymous.org\/","name":"Dipendenti da Internet e Tecnologia Anonimi","description":"Associazione mondiale in 12 fasi per la dipendenza da Internet e dalla tecnologia","publisher":{"@id":"https:\/\/internetaddictsanonymous.org\/#organization"},"potentialAction":[{"@type":"SearchAction","target":{"@type":"EntryPoint","urlTemplate":"https:\/\/internetaddictsanonymous.org\/?s={search_term_string}"},"query-input":{"@type":"PropertyValueSpecification","valueRequired":true,"valueName":"search_term_string"}}],"inLanguage":"it-IT"},{"@type":"Organization","@id":"https:\/\/internetaddictsanonymous.org\/#organization","name":"Dipendenti da Internet e Tecnologia Anonimi","url":"https:\/\/internetaddictsanonymous.org\/","logo":{"@type":"ImageObject","inLanguage":"it-IT","@id":"https:\/\/internetaddictsanonymous.org\/#\/schema\/logo\/image\/","url":"https:\/\/internetaddictsanonymous.org\/wp-content\/uploads\/2023\/01\/cropped-ITAA-logo-480px.png","contentUrl":"https:\/\/internetaddictsanonymous.org\/wp-content\/uploads\/2023\/01\/cropped-ITAA-logo-480px.png","width":480,"height":480,"caption":"Internet and Technology Addicts Anonymous"},"image":{"@id":"https:\/\/internetaddictsanonymous.org\/#\/schema\/logo\/image\/"}}]}},"jetpack_sharing_enabled":true,"jetpack_shortlink":"https:\/\/wp.me\/P9Fwob-5ge","_links":{"self":[{"href":"https:\/\/internetaddictsanonymous.org\/it\/wp-json\/wp\/v2\/pages\/20226","targetHints":{"allow":["GET"]}}],"collection":[{"href":"https:\/\/internetaddictsanonymous.org\/it\/wp-json\/wp\/v2\/pages"}],"about":[{"href":"https:\/\/internetaddictsanonymous.org\/it\/wp-json\/wp\/v2\/types\/page"}],"author":[{"embeddable":true,"href":"https:\/\/internetaddictsanonymous.org\/it\/wp-json\/wp\/v2\/users\/35194285"}],"replies":[{"embeddable":true,"href":"https:\/\/internetaddictsanonymous.org\/it\/wp-json\/wp\/v2\/comments?post=20226"}],"version-history":[{"count":7,"href":"https:\/\/internetaddictsanonymous.org\/it\/wp-json\/wp\/v2\/pages\/20226\/revisions"}],"predecessor-version":[{"id":20709,"href":"https:\/\/internetaddictsanonymous.org\/it\/wp-json\/wp\/v2\/pages\/20226\/revisions\/20709"}],"up":[{"embeddable":true,"href":"https:\/\/internetaddictsanonymous.org\/it\/wp-json\/wp\/v2\/pages\/148"}],"wp:attachment":[{"href":"https:\/\/internetaddictsanonymous.org\/it\/wp-json\/wp\/v2\/media?parent=20226"}],"wp:term":[{"taxonomy":"post_tag","embeddable":true,"href":"https:\/\/internetaddictsanonymous.org\/it\/wp-json\/wp\/v2\/tags?post=20226"}],"curies":[{"name":"parola chiave","href":"https:\/\/api.w.org\/{rel}","templated":true}]}}