{"id":4541,"date":"2019-01-08T21:42:04","date_gmt":"2019-01-08T21:42:04","guid":{"rendered":"https:\/\/internetaddictsanonymous.org\/?page_id=4541"},"modified":"2024-11-15T21:50:57","modified_gmt":"2024-11-16T05:50:57","slug":"12-passi-di-itaa","status":"publish","type":"page","link":"https:\/\/internetaddictsanonymous.org\/it\/12-steps-of-itaa\/","title":{"rendered":"I dodici passi e le dodici tradizioni dell&#039;ITAA"},"content":{"rendered":"<p>I Dodici Passi sono il nucleo spirituale del nostro programma di recupero e ci guidano fuori dalla dipendenza verso la sobriet\u00e0, la serenit\u00e0 e la pace. Nel frattempo, le nostre Dodici Tradizioni aiutano i nostri gruppi a navigare verso unit\u00e0, chiarezza e servizio. Abbiamo scoperto che lo studio e la pratica dei nostri Passi e Tradizioni, con l&#039;aiuto del nostro Potere Superiore e degli altri membri, sono la chiave per il nostro recupero a lungo termine. Puoi trovare ulteriori risorse su come lavorare sui Passi. <a href=\"https:\/\/internetaddictsanonymous.org\/it\/risorse\/come-lavorare-i-passaggi\/\">Qui<\/a>.<\/p>\n\n\n\n<h3 class=\"wp-block-heading\"><strong>I 12 passaggi dell&#039;ITAA:<\/strong><\/h3>\n\n\n\n<p>1. Abbiamo ammesso di essere impotenti di fronte a Internet e alla tecnologia, che le nostre vite erano diventate ingestibili.<\/p>\n\n\n\n<p>2. Siamo giunti a credere che un Potere pi\u00f9 grande di noi avrebbe potuto riportarci alla sanit\u00e0 mentale.<\/p>\n\n\n\n<p>3. Abbiamo preso la decisione di affidare la nostra volont\u00e0 e la nostra vita alle cure di un Potere Superiore&nbsp;<em>della nostra comprensione<\/em>.&nbsp;<\/p>\n\n\n\n<p>4. Abbiamo fatto un inventario di noi stessi, attento e coraggioso.<\/p>\n\n\n\n<p>5. Abbiamo ammesso al nostro Potere Superiore, a noi stessi e a un altro essere umano l&#039;esatta natura dei nostri torti.<\/p>\n\n\n\n<p>6. Siamo assolutamente pronti a far s\u00ec che il nostro Potere Superiore elimini tutti questi difetti di carattere.<\/p>\n\n\n\n<p>7. Abbiamo chiesto umilmente al nostro Potere Superiore di eliminare i nostri difetti.<\/p>\n\n\n\n<p>8. Abbiamo stilato un elenco di tutti coloro a cui avevamo fatto del male e ci siamo detti disposti a fare ammenda nei loro confronti.<\/p>\n\n\n\n<p>9. Abbiamo fatto ammenda direttamente nei confronti di coloro che avevamo danneggiato, ove possibile, tranne quando ci\u00f2 avrebbe danneggiato loro o altri.<\/p>\n\n\n\n<p>10. Abbiamo continuato a fare l&#039;inventario personale e quando abbiamo sbagliato lo abbiamo ammesso prontamente.<\/p>\n\n\n\n<p>11. Abbiamo cercato, attraverso pratiche come la preghiera e la meditazione, di migliorare il nostro contatto consapevole con un Potere pi\u00f9 grande di noi, pregando solo per conoscere la volont\u00e0 del nostro Potere Superiore nei nostri confronti e per avere il potere di realizzarla.<\/p>\n\n\n\n<p>12. Avendo ottenuto un risveglio spirituale grazie a questi Passi, abbiamo cercato di trasmettere questo messaggio ai dipendenti da Internet e dalla tecnologia e di mettere in pratica questi principi in tutte le nostre attivit\u00e0.<\/p>\n\n\n\n<p><mark style=\"background-color:rgba(0, 0, 0, 0)\" class=\"has-inline-color has-white-color\"> .<\/mark><\/p>\n\n\n\n<h3 class=\"wp-block-heading\"><strong>Le 12 tradizioni dell&#039;ITAA:<\/strong><\/h3>\n\n\n\n<p>Tradizione 1: Il nostro benessere comune deve venire prima di tutto; il recupero personale dipende dall&#039;unit\u00e0 dell&#039;ITAA.<\/p>\n\n\n\n<p>Tradizione 2: Per lo scopo del nostro gruppo esiste una sola autorit\u00e0 suprema: un amorevole Potere Superiore che pu\u00f2 essere espresso attraverso la coscienza del nostro gruppo. I nostri leader sono solo servitori fidati; non governano.<\/p>\n\n\n\n<p>Tradizione 3: L&#039;unico requisito per l&#039;iscrizione all&#039;ITAA \u00e8 il desiderio di smettere di usare Internet e la tecnologia in modo compulsivo.<\/p>\n\n\n\n<p>Tradizione 4: Ogni gruppo dovrebbe essere autonomo, tranne che per le questioni che riguardano altri gruppi o l&#039;ITAA nel suo complesso.<\/p>\n\n\n\n<p>Tradizione 5: Ogni gruppo ha un solo scopo principale: trasmettere il proprio messaggio agli utenti compulsivi di Internet e della tecnologia che ancora soffrono.<\/p>\n\n\n\n<p>Tradizione 6: Un gruppo ITAA non dovrebbe mai approvare, finanziare o prestare il nome ITAA a strutture correlate o imprese esterne, per evitare che problemi di denaro, propriet\u00e0 e prestigio ci distolgano dal nostro scopo primario.<\/p>\n\n\n\n<p>Tradizione 7: Ogni gruppo ITAA dovrebbe essere completamente autosufficiente e rifiutare contributi esterni.<\/p>\n\n\n\n<p>Tradizione 8: Sebbene i nostri organismi di servizio possano impiegare lavoratori qualificati, l&#039;atto di un membro che aiuta un altro non dovrebbe mai essere compensato, garantendo cos\u00ec che l&#039;ITAA rimanga per sempre non professionale.<\/p>\n\n\n\n<p>Tradizione 9: L&#039;ITAA non dovrebbe mai essere organizzata in modo gerarchico, ma potremmo creare comitati o consigli di servizio direttamente responsabili nei confronti di coloro che servono.<\/p>\n\n\n\n<p>Tradizione 10: L&#039;ITAA non esprime alcuna opinione su questioni esterne, pertanto il nome dell&#039;ITAA non dovrebbe mai essere coinvolto in controversie pubbliche.<\/p>\n\n\n\n<p>Tradizione 11: La nostra politica di pubbliche relazioni si basa sull&#039;attrazione piuttosto che sulla promozione; dobbiamo sempre mantenere l&#039;anonimato personale a livello di stampa, radio, film, televisione e altri mezzi di comunicazione pubblici.<\/p>\n\n\n\n<p>Tradizione 12: L&#039;anonimato \u00e8 il fondamento spirituale di tutte queste tradizioni e ci ricorda sempre di anteporre i principi alle personalit\u00e0.<\/p>\n\n\n\n<p><br>Una cronologia della stesura dei nostri Passi pu\u00f2 essere trovata <a href=\"https:\/\/docs.google.com\/document\/d\/1p7lMaWd-PplLBSP2ulwmFvUSWR2bPam79UIJffN4UTM\/edit?usp=sharing\">Qui<\/a>. Sebbene non abbiamo ancora una nostra formulazione per i Dodici Concetti, la formulazione dei concetti degli AA pu\u00f2 essere trovata <a href=\"https:\/\/internetaddictsanonymous.org\/it\/i-dodici-concetti\/\">Qui<\/a>, che pu\u00f2 servire come utile riferimento.<br><\/p>\n\n\n\n<p><em>I Dodici Passi e le Dodici Tradizioni degli Alcolisti Anonimi sono stati adattati con l&#039;autorizzazione di Alcoholics Anonymous World Services, Inc. (&quot;AAWS&quot;). L&#039;autorizzazione ad adattare i Dodici Passi e le Dodici Tradizioni non implica che gli Alcolisti Anonimi siano affiliati a questo programma. Gli Alcolisti Anonimi sono esclusivamente un programma di recupero dall&#039;alcolismo: l&#039;uso dei Passi degli Alcolisti Anonimi o di una versione adattata in relazione a programmi e attivit\u00e0 ispirati agli Alcolisti Anonimi, ma che affrontano altri problemi, o l&#039;uso in qualsiasi altro contesto non AA, non implica il contrario.<\/em><\/p>\n<!-- PMB print buttons is only displayed on a single post\/page URLs-->","protected":false},"excerpt":{"rendered":"<p>I Dodici Passi sono il nucleo spirituale del nostro programma di recupero e ci guidano fuori dalla dipendenza verso la sobriet\u00e0, la serenit\u00e0 e la pace. Nel frattempo, le nostre Dodici Tradizioni aiutano i nostri gruppi a navigare verso unit\u00e0, chiarezza e servizio. Abbiamo scoperto che lo studio e la pratica dei nostri Passi e Tradizioni, con l&#039;aiuto del nostro Potere Superiore... <a href=\"https:\/\/internetaddictsanonymous.org\/it\/12-steps-of-itaa\/\" class=\"more-link\">Continua a leggere <span class=\"screen-reader-text\">I dodici passi e le dodici tradizioni dell&#039;ITAA<\/span><\/a><\/p>","protected":false},"author":35194238,"featured_media":0,"parent":0,"menu_order":0,"comment_status":"closed","ping_status":"closed","template":"full-width-page.php","meta":{"inline_featured_image":false,"_lmt_disableupdate":"no","_lmt_disable":"","footnotes":""},"tags":[655524913],"class_list":["post-4541","page","type-page","status-publish","hentry","tag-12-steps"],"yoast_head":"<!-- This site is optimized with the Yoast SEO plugin v27.6 - https:\/\/yoast.com\/product\/yoast-seo-wordpress\/ -->\n<title>The Twelve Steps and Twelve Traditions of ITAA &#8211; Internet and Technology Addicts Anonymous<\/title>\n<meta name=\"description\" content=\"The 12 Steps of ITAA, which guide us in our recovery.\" \/>\n<meta name=\"robots\" content=\"index, follow, max-snippet:-1, max-image-preview:large, max-video-preview:-1\" \/>\n<link rel=\"canonical\" href=\"https:\/\/internetaddictsanonymous.org\/it\/12-passi-di-itaa\/\" \/>\n<meta property=\"og:locale\" content=\"it_IT\" \/>\n<meta property=\"og:type\" content=\"article\" \/>\n<meta property=\"og:title\" content=\"The Twelve Steps and Twelve Traditions of ITAA &#8211; Internet and Technology Addicts Anonymous\" \/>\n<meta property=\"og:description\" content=\"The 12 Steps of ITAA, which guide us in our recovery.\" \/>\n<meta property=\"og:url\" content=\"https:\/\/internetaddictsanonymous.org\/it\/12-passi-di-itaa\/\" \/>\n<meta property=\"og:site_name\" content=\"Internet and Technology Addicts Anonymous\" \/>\n<meta property=\"article:modified_time\" content=\"2024-11-16T05:50:57+00:00\" \/>\n<meta name=\"twitter:card\" content=\"summary_large_image\" \/>\n<meta name=\"twitter:label1\" content=\"Tempo di lettura stimato\" \/>\n\t<meta name=\"twitter:data1\" content=\"4 minuti\" \/>\n<script type=\"application\/ld+json\" class=\"yoast-schema-graph\">{\"@context\":\"https:\\\/\\\/schema.org\",\"@graph\":[{\"@type\":\"WebPage\",\"@id\":\"https:\\\/\\\/internetaddictsanonymous.org\\\/12-steps-of-itaa\\\/\",\"url\":\"https:\\\/\\\/internetaddictsanonymous.org\\\/12-steps-of-itaa\\\/\",\"name\":\"The Twelve Steps and Twelve Traditions of ITAA &#8211; Internet and Technology Addicts Anonymous\",\"isPartOf\":{\"@id\":\"https:\\\/\\\/internetaddictsanonymous.org\\\/#website\"},\"datePublished\":\"2019-01-08T21:42:04+00:00\",\"dateModified\":\"2024-11-16T05:50:57+00:00\",\"description\":\"The 12 Steps of ITAA, which guide us in our recovery.\",\"breadcrumb\":{\"@id\":\"https:\\\/\\\/internetaddictsanonymous.org\\\/12-steps-of-itaa\\\/#breadcrumb\"},\"inLanguage\":\"it-IT\",\"potentialAction\":[{\"@type\":\"ReadAction\",\"target\":[\"https:\\\/\\\/internetaddictsanonymous.org\\\/12-steps-of-itaa\\\/\"]}]},{\"@type\":\"BreadcrumbList\",\"@id\":\"https:\\\/\\\/internetaddictsanonymous.org\\\/12-steps-of-itaa\\\/#breadcrumb\",\"itemListElement\":[{\"@type\":\"ListItem\",\"position\":1,\"name\":\"Home\",\"item\":\"https:\\\/\\\/internetaddictsanonymous.org\\\/\"},{\"@type\":\"ListItem\",\"position\":2,\"name\":\"The Twelve Steps and Twelve Traditions of ITAA\"}]},{\"@type\":\"WebSite\",\"@id\":\"https:\\\/\\\/internetaddictsanonymous.org\\\/#website\",\"url\":\"https:\\\/\\\/internetaddictsanonymous.org\\\/\",\"name\":\"Internet and Technology Addicts Anonymous\",\"description\":\"Worldwide 12-step Fellowship for Internet and Technology Addiction\",\"publisher\":{\"@id\":\"https:\\\/\\\/internetaddictsanonymous.org\\\/#organization\"},\"potentialAction\":[{\"@type\":\"SearchAction\",\"target\":{\"@type\":\"EntryPoint\",\"urlTemplate\":\"https:\\\/\\\/internetaddictsanonymous.org\\\/?s={search_term_string}\"},\"query-input\":{\"@type\":\"PropertyValueSpecification\",\"valueRequired\":true,\"valueName\":\"search_term_string\"}}],\"inLanguage\":\"it-IT\"},{\"@type\":\"Organization\",\"@id\":\"https:\\\/\\\/internetaddictsanonymous.org\\\/#organization\",\"name\":\"Internet and Technology Addicts Anonymous\",\"url\":\"https:\\\/\\\/internetaddictsanonymous.org\\\/\",\"logo\":{\"@type\":\"ImageObject\",\"inLanguage\":\"it-IT\",\"@id\":\"https:\\\/\\\/internetaddictsanonymous.org\\\/#\\\/schema\\\/logo\\\/image\\\/\",\"url\":\"https:\\\/\\\/internetaddictsanonymous.org\\\/wp-content\\\/uploads\\\/2023\\\/01\\\/cropped-ITAA-logo-480px.png\",\"contentUrl\":\"https:\\\/\\\/internetaddictsanonymous.org\\\/wp-content\\\/uploads\\\/2023\\\/01\\\/cropped-ITAA-logo-480px.png\",\"width\":480,\"height\":480,\"caption\":\"Internet and Technology Addicts Anonymous\"},\"image\":{\"@id\":\"https:\\\/\\\/internetaddictsanonymous.org\\\/#\\\/schema\\\/logo\\\/image\\\/\"}}]}<\/script>\n<!-- \/ Yoast SEO plugin. -->","yoast_head_json":{"title":"I dodici passi e le dodici tradizioni dell&#039;ITAA \u2013 Dipendenti da Internet e Tecnologia Anonimi","description":"I 12 passi dell&#039;ITAA, che ci guidano nel nostro recupero.","robots":{"index":"index","follow":"follow","max-snippet":"max-snippet:-1","max-image-preview":"max-image-preview:large","max-video-preview":"max-video-preview:-1"},"canonical":"https:\/\/internetaddictsanonymous.org\/it\/12-passi-di-itaa\/","og_locale":"it_IT","og_type":"article","og_title":"The Twelve Steps and Twelve Traditions of ITAA &#8211; Internet and Technology Addicts Anonymous","og_description":"The 12 Steps of ITAA, which guide us in our recovery.","og_url":"https:\/\/internetaddictsanonymous.org\/it\/12-passi-di-itaa\/","og_site_name":"Internet and Technology Addicts Anonymous","article_modified_time":"2024-11-16T05:50:57+00:00","twitter_card":"summary_large_image","twitter_misc":{"Tempo di lettura stimato":"4 minuti"},"schema":{"@context":"https:\/\/schema.org","@graph":[{"@type":"WebPage","@id":"https:\/\/internetaddictsanonymous.org\/12-steps-of-itaa\/","url":"https:\/\/internetaddictsanonymous.org\/12-steps-of-itaa\/","name":"I dodici passi e le dodici tradizioni dell&#039;ITAA \u2013 Dipendenti da Internet e Tecnologia Anonimi","isPartOf":{"@id":"https:\/\/internetaddictsanonymous.org\/#website"},"datePublished":"2019-01-08T21:42:04+00:00","dateModified":"2024-11-16T05:50:57+00:00","description":"I 12 passi dell&#039;ITAA, che ci guidano nel nostro recupero.","breadcrumb":{"@id":"https:\/\/internetaddictsanonymous.org\/12-steps-of-itaa\/#breadcrumb"},"inLanguage":"it-IT","potentialAction":[{"@type":"ReadAction","target":["https:\/\/internetaddictsanonymous.org\/12-steps-of-itaa\/"]}]},{"@type":"BreadcrumbList","@id":"https:\/\/internetaddictsanonymous.org\/12-steps-of-itaa\/#breadcrumb","itemListElement":[{"@type":"ListItem","position":1,"name":"Home","item":"https:\/\/internetaddictsanonymous.org\/"},{"@type":"ListItem","position":2,"name":"The Twelve Steps and Twelve Traditions of ITAA"}]},{"@type":"WebSite","@id":"https:\/\/internetaddictsanonymous.org\/#website","url":"https:\/\/internetaddictsanonymous.org\/","name":"Dipendenti da Internet e Tecnologia Anonimi","description":"Associazione mondiale in 12 fasi per la dipendenza da Internet e dalla tecnologia","publisher":{"@id":"https:\/\/internetaddictsanonymous.org\/#organization"},"potentialAction":[{"@type":"SearchAction","target":{"@type":"EntryPoint","urlTemplate":"https:\/\/internetaddictsanonymous.org\/?s={search_term_string}"},"query-input":{"@type":"PropertyValueSpecification","valueRequired":true,"valueName":"search_term_string"}}],"inLanguage":"it-IT"},{"@type":"Organization","@id":"https:\/\/internetaddictsanonymous.org\/#organization","name":"Dipendenti da Internet e Tecnologia Anonimi","url":"https:\/\/internetaddictsanonymous.org\/","logo":{"@type":"ImageObject","inLanguage":"it-IT","@id":"https:\/\/internetaddictsanonymous.org\/#\/schema\/logo\/image\/","url":"https:\/\/internetaddictsanonymous.org\/wp-content\/uploads\/2023\/01\/cropped-ITAA-logo-480px.png","contentUrl":"https:\/\/internetaddictsanonymous.org\/wp-content\/uploads\/2023\/01\/cropped-ITAA-logo-480px.png","width":480,"height":480,"caption":"Internet and Technology Addicts Anonymous"},"image":{"@id":"https:\/\/internetaddictsanonymous.org\/#\/schema\/logo\/image\/"}}]}},"jetpack_sharing_enabled":true,"jetpack_shortlink":"https:\/\/wp.me\/P9Fwob-1bf","_links":{"self":[{"href":"https:\/\/internetaddictsanonymous.org\/it\/wp-json\/wp\/v2\/pages\/4541","targetHints":{"allow":["GET"]}}],"collection":[{"href":"https:\/\/internetaddictsanonymous.org\/it\/wp-json\/wp\/v2\/pages"}],"about":[{"href":"https:\/\/internetaddictsanonymous.org\/it\/wp-json\/wp\/v2\/types\/page"}],"author":[{"embeddable":true,"href":"https:\/\/internetaddictsanonymous.org\/it\/wp-json\/wp\/v2\/users\/35194238"}],"replies":[{"embeddable":true,"href":"https:\/\/internetaddictsanonymous.org\/it\/wp-json\/wp\/v2\/comments?post=4541"}],"version-history":[{"count":24,"href":"https:\/\/internetaddictsanonymous.org\/it\/wp-json\/wp\/v2\/pages\/4541\/revisions"}],"predecessor-version":[{"id":18938,"href":"https:\/\/internetaddictsanonymous.org\/it\/wp-json\/wp\/v2\/pages\/4541\/revisions\/18938"}],"wp:attachment":[{"href":"https:\/\/internetaddictsanonymous.org\/it\/wp-json\/wp\/v2\/media?parent=4541"}],"wp:term":[{"taxonomy":"post_tag","embeddable":true,"href":"https:\/\/internetaddictsanonymous.org\/it\/wp-json\/wp\/v2\/tags?post=4541"}],"curies":[{"name":"parola chiave","href":"https:\/\/api.w.org\/{rel}","templated":true}]}}