{"id":9444,"date":"2020-01-05T18:23:55","date_gmt":"2020-01-05T18:23:55","guid":{"rendered":"https:\/\/internetaddictsanonymous.org\/?page_id=9444"},"modified":"2023-01-08T17:22:09","modified_gmt":"2023-01-08T22:22:09","slug":"usare-internet-e-la-tecnologia-come-strumenti-per-la-nostra-ripresa","status":"publish","type":"page","link":"https:\/\/internetaddictsanonymous.org\/it\/using-internet-and-technology-as-tools-in-our-recovery\/","title":{"rendered":"Utilizzare Internet e la tecnologia come strumenti per la nostra ripresa"},"content":{"rendered":"<p>Essere una comunit\u00e0 internazionale di persone in via di guarigione dalla dipendenza da Internet e dalla tecnologia porta con s\u00e9 un paradosso. Abbiamo bisogno di comunicare e connetterci, ma qualsiasi strumento possibile per farlo si basa sulla tecnologia, e la maggior parte di noi utilizza Internet. Ci\u00f2 significa che per alcuni dei nostri membri rappresenta un potenziale fattore scatenante. In quest&#039;ottica, ecco alcuni possibili consigli su cosa considerare nella scelta degli strumenti da utilizzare nella nostra comunit\u00e0 e sulle modalit\u00e0 di utilizzo:<\/p>\n\n\n\n<p><strong>Raccomandazioni generali:<\/strong><\/p>\n\n\n\n<ul class=\"wp-block-list\"><li>Non vietare o scoraggiare l&#039;uso di uno strumento, se funziona per le persone che lo utilizzano.<\/li><li>Si consiglia di includere un avvertimento\/disclaimer quando si menziona\/raccomanda l&#039;uso di qualsiasi mezzo di comunicazione come strumento di recupero. Esempio: &quot;Per chi pu\u00f2 farlo in sicurezza, consiglio di guardare questo video su YouTube&quot;. Siate particolarmente attenti a questo aspetto se vi rivolgete a nuovi arrivati o se vi rivolgete in altri modi a un&#039;autorit\u00e0 (ad esempio, il sito web).<\/li><li>Non dare per scontato o affermare che un certo strumento o una certa modalit\u00e0 di utilizzo siano &quot;sicuri&quot; o &quot;non compulsivi&quot;.<br><br><strong>Per la valutazione di strumenti specifici:<\/strong><\/li><li>\u00c8 possibile accedervi da diverse piattaforme: smartphone, computer (Win\/Mac\/Linux\/browser)?<\/li><li>\u00c8 possibile utilizzarlo anche se non si possiede uno smartphone?<\/li><li>Richiede che le persone abbiano un account collegato a un altro servizio, ad esempio Google\/Facebook\/MS?.<\/li><li>Garantisce o supporta l&#039;anonimato, ovvero non rivela nomi completi, posizione, numeri di telefono, indirizzi email? L&#039;anonimato in modalit\u00e0 dial-in pu\u00f2 spesso essere supportato dall&#039;anonimizzazione dei prefissi di chiamata, mentre l&#039;anonimato in modalit\u00e0 email pu\u00f2 essere garantito da indirizzi dedicati\/usa e getta.<\/li><li>Si noti che esistono diversi tipi\/livelli di anonimato: verso gli esterni, verso gli altri membri e verso le persone in posizioni di servizio\/amministrative<\/li><li>Supporta diverse modalit\u00e0 di interazione: push\/pull\/digest?<\/li><li>L&#039;uso individuale comporta dei costi, in genere o in alcuni casi?<\/li><li>C&#039;\u00e8 un costo per il gruppo? Il gruppo \u00e8 disposto\/impegnato a pagare?<\/li><li>La piattaforma sembra stabile in termini di prezzo, funzionalit\u00e0 e supporto? Nota: per alcuni di noi, le funzionalit\u00e0 aggiuntive possono essere un aspetto negativo.<\/li><li>Coinvolgere sempre nella decisione quanti pi\u00f9 utenti (potenziali) possibile.<\/li><\/ul>\n<!-- PMB print buttons is only displayed on a single post\/page URLs-->","protected":false},"excerpt":{"rendered":"<p>Being an international fellowship of people recovering from internet and technology addiction carries with it a paradox. We need to communicate and connect, but any feasible tools for doing so are based on technology, and most are using the internet. This means that they are potential triggering to some of our members. With this in &hellip; <a href=\"https:\/\/internetaddictsanonymous.org\/it\/using-internet-and-technology-as-tools-in-our-recovery\/\" class=\"more-link\">Continua a leggere <span class=\"screen-reader-text\">Utilizzare Internet e la tecnologia come strumenti per la nostra ripresa<\/span><\/a><\/p>","protected":false},"author":35194237,"featured_media":0,"parent":0,"menu_order":0,"comment_status":"closed","ping_status":"closed","template":"full-width-page.php","meta":{"inline_featured_image":false,"_lmt_disableupdate":"","_lmt_disable":"","jetpack_post_was_ever_published":false,"footnotes":""},"tags":[],"class_list":["post-9444","page","type-page","status-publish","hentry"],"yoast_head":"<!-- This site is optimized with the Yoast SEO plugin v27.3 - https:\/\/yoast.com\/product\/yoast-seo-wordpress\/ -->\n<title>Using internet and technology as tools in our recovery &#8211; Internet and Technology Addicts Anonymous<\/title>\n<meta name=\"robots\" content=\"index, follow, max-snippet:-1, max-image-preview:large, max-video-preview:-1\" \/>\n<link rel=\"canonical\" href=\"https:\/\/internetaddictsanonymous.org\/it\/usare-internet-e-la-tecnologia-come-strumenti-per-la-nostra-ripresa\/\" \/>\n<meta property=\"og:locale\" content=\"it_IT\" \/>\n<meta property=\"og:type\" content=\"article\" \/>\n<meta property=\"og:title\" content=\"Using internet and technology as tools in our recovery &#8211; Internet and Technology Addicts Anonymous\" \/>\n<meta property=\"og:description\" content=\"Being an international fellowship of people recovering from internet and technology addiction carries with it a paradox. We need to communicate and connect, but any feasible tools for doing so are based on technology, and most are using the internet. This means that they are potential triggering to some of our members. With this in &hellip; Continue reading Using internet and technology as tools in our recovery\" \/>\n<meta property=\"og:url\" content=\"https:\/\/internetaddictsanonymous.org\/it\/usare-internet-e-la-tecnologia-come-strumenti-per-la-nostra-ripresa\/\" \/>\n<meta property=\"og:site_name\" content=\"Internet and Technology Addicts Anonymous\" \/>\n<meta property=\"article:modified_time\" content=\"2023-01-08T22:22:09+00:00\" \/>\n<meta name=\"twitter:card\" content=\"summary_large_image\" \/>\n<meta name=\"twitter:label1\" content=\"Tempo di lettura stimato\" \/>\n\t<meta name=\"twitter:data1\" content=\"2 minuti\" \/>\n<script type=\"application\/ld+json\" class=\"yoast-schema-graph\">{\"@context\":\"https:\\\/\\\/schema.org\",\"@graph\":[{\"@type\":\"WebPage\",\"@id\":\"https:\\\/\\\/internetaddictsanonymous.org\\\/using-internet-and-technology-as-tools-in-our-recovery\\\/\",\"url\":\"https:\\\/\\\/internetaddictsanonymous.org\\\/using-internet-and-technology-as-tools-in-our-recovery\\\/\",\"name\":\"Using internet and technology as tools in our recovery &#8211; Internet and Technology Addicts Anonymous\",\"isPartOf\":{\"@id\":\"https:\\\/\\\/internetaddictsanonymous.org\\\/#website\"},\"datePublished\":\"2020-01-05T18:23:55+00:00\",\"dateModified\":\"2023-01-08T22:22:09+00:00\",\"breadcrumb\":{\"@id\":\"https:\\\/\\\/internetaddictsanonymous.org\\\/using-internet-and-technology-as-tools-in-our-recovery\\\/#breadcrumb\"},\"inLanguage\":\"it-IT\",\"potentialAction\":[{\"@type\":\"ReadAction\",\"target\":[\"https:\\\/\\\/internetaddictsanonymous.org\\\/using-internet-and-technology-as-tools-in-our-recovery\\\/\"]}]},{\"@type\":\"BreadcrumbList\",\"@id\":\"https:\\\/\\\/internetaddictsanonymous.org\\\/using-internet-and-technology-as-tools-in-our-recovery\\\/#breadcrumb\",\"itemListElement\":[{\"@type\":\"ListItem\",\"position\":1,\"name\":\"Home\",\"item\":\"https:\\\/\\\/internetaddictsanonymous.org\\\/\"},{\"@type\":\"ListItem\",\"position\":2,\"name\":\"Using internet and technology as tools in our recovery\"}]},{\"@type\":\"WebSite\",\"@id\":\"https:\\\/\\\/internetaddictsanonymous.org\\\/#website\",\"url\":\"https:\\\/\\\/internetaddictsanonymous.org\\\/\",\"name\":\"Internet and Technology Addicts Anonymous\",\"description\":\"Worldwide 12-step Fellowship for Internet and Technology Addiction\",\"publisher\":{\"@id\":\"https:\\\/\\\/internetaddictsanonymous.org\\\/#organization\"},\"potentialAction\":[{\"@type\":\"SearchAction\",\"target\":{\"@type\":\"EntryPoint\",\"urlTemplate\":\"https:\\\/\\\/internetaddictsanonymous.org\\\/?s={search_term_string}\"},\"query-input\":{\"@type\":\"PropertyValueSpecification\",\"valueRequired\":true,\"valueName\":\"search_term_string\"}}],\"inLanguage\":\"it-IT\"},{\"@type\":\"Organization\",\"@id\":\"https:\\\/\\\/internetaddictsanonymous.org\\\/#organization\",\"name\":\"Internet and Technology Addicts Anonymous\",\"url\":\"https:\\\/\\\/internetaddictsanonymous.org\\\/\",\"logo\":{\"@type\":\"ImageObject\",\"inLanguage\":\"it-IT\",\"@id\":\"https:\\\/\\\/internetaddictsanonymous.org\\\/#\\\/schema\\\/logo\\\/image\\\/\",\"url\":\"https:\\\/\\\/internetaddictsanonymous.org\\\/wp-content\\\/uploads\\\/2023\\\/01\\\/cropped-ITAA-logo-480px.png\",\"contentUrl\":\"https:\\\/\\\/internetaddictsanonymous.org\\\/wp-content\\\/uploads\\\/2023\\\/01\\\/cropped-ITAA-logo-480px.png\",\"width\":480,\"height\":480,\"caption\":\"Internet and Technology Addicts Anonymous\"},\"image\":{\"@id\":\"https:\\\/\\\/internetaddictsanonymous.org\\\/#\\\/schema\\\/logo\\\/image\\\/\"}}]}<\/script>\n<!-- \/ Yoast SEO plugin. -->","yoast_head_json":{"title":"Usare Internet e la tecnologia come strumenti per la nostra guarigione \u2013 Dipendenti da Internet e Tecnologia Anonimi","robots":{"index":"index","follow":"follow","max-snippet":"max-snippet:-1","max-image-preview":"max-image-preview:large","max-video-preview":"max-video-preview:-1"},"canonical":"https:\/\/internetaddictsanonymous.org\/it\/usare-internet-e-la-tecnologia-come-strumenti-per-la-nostra-ripresa\/","og_locale":"it_IT","og_type":"article","og_title":"Using internet and technology as tools in our recovery &#8211; Internet and Technology Addicts Anonymous","og_description":"Being an international fellowship of people recovering from internet and technology addiction carries with it a paradox. We need to communicate and connect, but any feasible tools for doing so are based on technology, and most are using the internet. This means that they are potential triggering to some of our members. With this in &hellip; Continue reading Using internet and technology as tools in our recovery","og_url":"https:\/\/internetaddictsanonymous.org\/it\/usare-internet-e-la-tecnologia-come-strumenti-per-la-nostra-ripresa\/","og_site_name":"Internet and Technology Addicts Anonymous","article_modified_time":"2023-01-08T22:22:09+00:00","twitter_card":"summary_large_image","twitter_misc":{"Tempo di lettura stimato":"2 minuti"},"schema":{"@context":"https:\/\/schema.org","@graph":[{"@type":"WebPage","@id":"https:\/\/internetaddictsanonymous.org\/using-internet-and-technology-as-tools-in-our-recovery\/","url":"https:\/\/internetaddictsanonymous.org\/using-internet-and-technology-as-tools-in-our-recovery\/","name":"Usare Internet e la tecnologia come strumenti per la nostra guarigione \u2013 Dipendenti da Internet e Tecnologia Anonimi","isPartOf":{"@id":"https:\/\/internetaddictsanonymous.org\/#website"},"datePublished":"2020-01-05T18:23:55+00:00","dateModified":"2023-01-08T22:22:09+00:00","breadcrumb":{"@id":"https:\/\/internetaddictsanonymous.org\/using-internet-and-technology-as-tools-in-our-recovery\/#breadcrumb"},"inLanguage":"it-IT","potentialAction":[{"@type":"ReadAction","target":["https:\/\/internetaddictsanonymous.org\/using-internet-and-technology-as-tools-in-our-recovery\/"]}]},{"@type":"BreadcrumbList","@id":"https:\/\/internetaddictsanonymous.org\/using-internet-and-technology-as-tools-in-our-recovery\/#breadcrumb","itemListElement":[{"@type":"ListItem","position":1,"name":"Home","item":"https:\/\/internetaddictsanonymous.org\/"},{"@type":"ListItem","position":2,"name":"Using internet and technology as tools in our recovery"}]},{"@type":"WebSite","@id":"https:\/\/internetaddictsanonymous.org\/#website","url":"https:\/\/internetaddictsanonymous.org\/","name":"Dipendenti da Internet e Tecnologia Anonimi","description":"Associazione mondiale in 12 fasi per la dipendenza da Internet e dalla tecnologia","publisher":{"@id":"https:\/\/internetaddictsanonymous.org\/#organization"},"potentialAction":[{"@type":"SearchAction","target":{"@type":"EntryPoint","urlTemplate":"https:\/\/internetaddictsanonymous.org\/?s={search_term_string}"},"query-input":{"@type":"PropertyValueSpecification","valueRequired":true,"valueName":"search_term_string"}}],"inLanguage":"it-IT"},{"@type":"Organization","@id":"https:\/\/internetaddictsanonymous.org\/#organization","name":"Dipendenti da Internet e Tecnologia Anonimi","url":"https:\/\/internetaddictsanonymous.org\/","logo":{"@type":"ImageObject","inLanguage":"it-IT","@id":"https:\/\/internetaddictsanonymous.org\/#\/schema\/logo\/image\/","url":"https:\/\/internetaddictsanonymous.org\/wp-content\/uploads\/2023\/01\/cropped-ITAA-logo-480px.png","contentUrl":"https:\/\/internetaddictsanonymous.org\/wp-content\/uploads\/2023\/01\/cropped-ITAA-logo-480px.png","width":480,"height":480,"caption":"Internet and Technology Addicts Anonymous"},"image":{"@id":"https:\/\/internetaddictsanonymous.org\/#\/schema\/logo\/image\/"}}]}},"jetpack_sharing_enabled":true,"jetpack_shortlink":"https:\/\/wp.me\/P9Fwob-2sk","_links":{"self":[{"href":"https:\/\/internetaddictsanonymous.org\/it\/wp-json\/wp\/v2\/pages\/9444","targetHints":{"allow":["GET"]}}],"collection":[{"href":"https:\/\/internetaddictsanonymous.org\/it\/wp-json\/wp\/v2\/pages"}],"about":[{"href":"https:\/\/internetaddictsanonymous.org\/it\/wp-json\/wp\/v2\/types\/page"}],"author":[{"embeddable":true,"href":"https:\/\/internetaddictsanonymous.org\/it\/wp-json\/wp\/v2\/users\/35194237"}],"replies":[{"embeddable":true,"href":"https:\/\/internetaddictsanonymous.org\/it\/wp-json\/wp\/v2\/comments?post=9444"}],"version-history":[{"count":1,"href":"https:\/\/internetaddictsanonymous.org\/it\/wp-json\/wp\/v2\/pages\/9444\/revisions"}],"predecessor-version":[{"id":9445,"href":"https:\/\/internetaddictsanonymous.org\/it\/wp-json\/wp\/v2\/pages\/9444\/revisions\/9445"}],"wp:attachment":[{"href":"https:\/\/internetaddictsanonymous.org\/it\/wp-json\/wp\/v2\/media?parent=9444"}],"wp:term":[{"taxonomy":"post_tag","embeddable":true,"href":"https:\/\/internetaddictsanonymous.org\/it\/wp-json\/wp\/v2\/tags?post=9444"}],"curies":[{"name":"parola chiave","href":"https:\/\/api.w.org\/{rel}","templated":true}]}}