{"id":9457,"date":"2020-01-05T20:45:38","date_gmt":"2020-01-05T20:45:38","guid":{"rendered":"https:\/\/internetaddictsanonymous.org\/?page_id=9457"},"modified":"2026-01-18T11:11:47","modified_gmt":"2026-01-18T19:11:47","slug":"sponsorizzazione","status":"publish","type":"page","link":"https:\/\/internetaddictsanonymous.org\/it\/sponsorship\/","title":{"rendered":"L&#039;importanza della sponsorizzazione"},"content":{"rendered":"<h4 class=\"wp-block-heading\"><strong>Che cosa \u00e8 la sponsorizzazione?<\/strong><\/h4>\n\n\n\n<p>La sponsorizzazione ha una lunga tradizione nelle associazioni dei 12 passi. Uno sponsor \u00e8 un membro pi\u00f9 esperto che pu\u00f2 aiutare a guidare un nuovo membro attraverso i 12 passi e verso la guarigione. Uno sponsor pu\u00f2 anche aiutare a definire i limiti massimi, medi e minimi o dare suggerimenti su come raggiungere la sobriet\u00e0 o ristabilirla dopo un periodo di ricaduta. In questa relazione informale e volontaria, lo sponsor condivide la propria esperienza, la propria forza e la propria speranza. Avere uno sponsor offre allo sponsorizzato l&#039;opportunit\u00e0 di porre domande e ricevere supporto e responsabilit\u00e0. Molti di noi hanno scoperto che il loro recupero \u00e8 diventato pi\u00f9 stabile solo dopo aver trovato uno sponsor e aver lavorato sui 12 passi con lui.<br><br> <\/p>\n\n\n\n<h4 class=\"wp-block-heading\"><strong>Come faccio a trovare uno sponsor?<\/strong><\/h4>\n\n\n\n<p>Uno dei modi migliori per entrare in contatto con uno sponsor \u00e8 attraverso le chiamate di sensibilizzazione con altri membri. Quando partecipiamo alle riunioni, cerchiamo persone che &quot;hanno ci\u00f2 che desideriamo&quot; e le contattiamo. Chiediamo loro da quanto tempo sono nella comunit\u00e0, se hanno uno sponsor e se hanno completato i passaggi o li stanno seguendo attivamente. Dopo averli conosciuti un po&#039; attraverso le chiamate di sensibilizzazione, potremmo decidere di chiedere loro se sono disponibili a sponsorizzarci. Nel nostro programma, ci concentriamo sul progresso, non sulla perfezione, e probabilmente non troveremo mai lo sponsor &quot;perfetto&quot;. L&#039;importante \u00e8 che il potenziale sponsor sia onesto riguardo al proprio recupero e abbia raggiunto una certa sobriet\u00e0 stabile.<\/p>\n\n\n\n<p>\u00c8 importante avere un buon rapporto con il nostro sponsor affinch\u00e9 si possano instaurare conversazioni aperte e oneste. Persone diverse hanno esigenze diverse da un rapporto di sponsorizzazione: alcuni hanno bisogno di un approccio pi\u00f9 gentile, mentre altri hanno bisogno di qualcuno che li stimoli. Alcuni ritengono importante che il loro sponsor utilizzi le tecnologie informatiche in modo simile. Queste esigenze possono cambiare nel tempo, man mano che il programma si sviluppa. Esplorare le aspettative sia dello sponsor che dello sponsorizzato \u00e8 fondamentale per un rapporto sano. Si tratta di un rapporto confidenziale che richiede anche confini forti. \u00c8 bene sapere che dopo alcuni incontri, se non sembra esserci la giusta combinazione, entrambi gli individui sono liberi di esprimerlo e di separarsi amichevolmente.<\/p>\n\n\n\n<p>Poich\u00e9 l&#039;ITAA non dispone ancora di un gran numero di sponsor, alcuni membri hanno trovato sponsor in altri programmi dei dodici passi. In questi casi, \u00e8 importante che lo sponsor sia aperto all&#039;idea della dipendenza da Internet e dalla tecnologia. Spesso per molti di noi non \u00e8 possibile affrontare la vita senza l&#039;uso della tecnologia, quindi la sobriet\u00e0 nell&#039;ITAA di solito non \u00e8 assoluta come lo \u00e8 con l&#039;alcol o altre sostanze. Per questo motivo, pu\u00f2 essere utile cercare uno sponsor con esperienza nel recupero da dipendenze come il cibo, il sesso o l&#039;amore. Molti strumenti che utilizziamo nell&#039;ITAA sono simili a quelli di quei programmi.&nbsp;<\/p>\n\n\n\n<p>Storicamente, nelle comunit\u00e0 dei 12 passi, \u00e8 stato suggerito ai membri di prestare attenzione al genere, all&#039;orientamento sessuale e a qualsiasi sentimento di attrazione romantica nella scelta di uno sponsor\/sponsorizzato. Ad esempio, una donna eterosessuale potrebbe evitare di sponsorizzare un uomo eterosessuale. Se esiste anche una minima possibilit\u00e0 che si possano sviluppare dei sentimenti per l&#039;altra persona, \u00e8 motivo di valutare seriamente se procedere o meno.&nbsp;<br><br> <\/p>\n\n\n\n<h4 class=\"wp-block-heading\"><strong>Cos&#039;\u00e8 la co-sponsorizzazione? Come funziona?<\/strong><\/h4>\n\n\n\n<p>Nella co-sponsorizzazione, due persone si sponsorizzano a vicenda nell&#039;esecuzione dei Dodici Passi. Di solito \u00e8 utile che una o entrambe le persone abbiano maturato esperienza nell&#039;esecuzione dei Dodici Passi in un altro programma. Un membro pu\u00f2 essere nuovo all&#039;ITAA ma avere anni di sobriet\u00e0 in altre associazioni dei Dodici Passi. Questi membri hanno una preziosa esperienza, forza e speranza da condividere con gli altri e da portare nel proprio percorso di recupero ITAA.<br><br> <\/p>\n\n\n\n<h4 class=\"wp-block-heading\"><strong>Quando sar\u00f2 pronto a sponsorizzare qualcun altro?<\/strong><\/h4>\n\n\n\n<p>Va bene iniziare a sponsorizzare prima di sentirci completamente pronti. Pu\u00f2 sembrare intimidatorio e a volte potremmo avere la sensazione di non saperne abbastanza o di essere ancora in difficolt\u00e0. Parlarne con il nostro sponsor prima di iniziare a sponsorizzare altri pu\u00f2 essere utile per fare chiarezza. In genere, lasciamo che siano gli altri a chiederci se siamo disponibili a sponsorizzare, piuttosto che contattare direttamente le persone e offrirci volontari.&nbsp;<\/p>\n\n\n\n<p>Potremmo provare a sponsorizzare temporaneamente qualcuno per un periodo di 1-3 mesi per vedere come ci si sente. Quando iniziamo a sponsorizzare, essere sinceri e onesti su dove ci troviamo con il nostro recupero e sulla nostra mancanza di esperienza pu\u00f2 aiutare ad alleviare la pressione che potremmo provare. Come sponsor, non siamo perfetti, ed \u00e8 normale non conoscere tutte le risposte. Possiamo sempre rivolgerci ad altri membri che hanno esperienza di sponsorizzazione in questa o in un&#039;altra comunit\u00e0 e chiedere aiuto o porre domande. \u00c8 importante avere uno sponsor o un co-sponsor solido prima di iniziare a sponsorizzare. Dovremmo anche essere sufficientemente avanti nel nostro percorso di crescita personale da poter aiutare a guidare la persona che stiamo sponsorizzando attraverso i vari passaggi.<\/p>\n\n\n\n<p>Man mano che acquisiamo esperienza nella sponsorizzazione, diventeremo pi\u00f9 sicuri e sensibili alle modalit\u00e0 di sponsorizzazione pi\u00f9 naturali per noi. Partecipare alle chiamate di sensibilizzazione, soprattutto con i nuovi arrivati, pu\u00f2 essere un modo per iniziare a imparare a essere d&#039;aiuto attraverso l&#039;ascolto empatico e la condivisione della nostra esperienza.<br><br> <\/p>\n\n\n\n<h4 class=\"wp-block-heading\"><strong>Perch\u00e9 sponsorizzare?<\/strong><\/h4>\n\n\n\n<p>Nel 12\u00b0 passo dell&#039;ITAA, cerchiamo di &quot;trasmettere questo messaggio ai dipendenti da Internet e dalla tecnologia&quot;. Sponsorizzare rafforza il nostro recupero. Questo \u00e8 stato dimostrato attraverso la storia di tutti i programmi dei 12 passi e dell&#039;ITAA. Sponsorizzando gli altri, esaminiamo il nostro programma, e questo ci spinge a impegnarci e ad andare avanti. Sebbene sia un impegno, la ricompensa dell&#039;esperienza ne vale la pena!<br><br> <\/p>\n\n\n\n<h4 class=\"wp-block-heading\"><strong>Cosa succede se il mio protetto ha una ricaduta?<\/strong><\/h4>\n\n\n\n<p>\u00c8 fondamentale ricordare che non siamo responsabili del recupero della persona che sponsorizziamo. La nostra unica responsabilit\u00e0 come sponsor \u00e8 offrire il programma ITAA cos\u00ec come lo intendiamo noi e condividere la nostra esperienza. \u00c8 importante abbandonare le aspettative ed essere vigili contro la codipendenza o il tentativo di &quot;aggiustare&quot; l&#039;altra persona. Non \u00e8 nostro compito sostenere la persona che sponsorizziamo o essere il suo Potere Superiore. La sua esperienza di recupero \u00e8 la sua; possiamo assisterla e sostenerla, ma non possiamo guarire al posto suo.<br><br> <\/p>\n\n\n\n<h4 class=\"wp-block-heading\"><strong>Cosa succede se inizio a provare dei sentimenti per il mio sponsor\/sponsorizzato?&nbsp;<\/strong><\/h4>\n\n\n\n<p>L&#039;attrazione romantica o la relazione tra sponsor e sponsorizzato possono essere fonte di distrazione, confusione, dolore e persino danno. \u00c8 importante stabilire e mantenere confini solidi nella relazione, per ridurre al minimo le possibilit\u00e0 di danni. Se in qualsiasi momento lo sponsor o lo sponsorizzato notano che si sta sviluppando un&#039;attrazione romantica, \u00e8 consigliabile discuterne con una persona di fiducia. Spesso, in questi casi, pu\u00f2 essere pi\u00f9 sensato interrompere la sponsorizzazione in modo amichevole e con un approccio collaborativo. Un dialogo onesto \u00e8 importante per capire come gestire la situazione senza interferire con il recupero di entrambi.<br><br> <\/p>\n\n\n\n<h4 class=\"wp-block-heading\"><strong>Cos&#039;\u00e8 il tredicesimo passo?\u00a0<\/strong><\/h4>\n\n\n\n<p id=\"block-f4cc2ef5-469a-47b7-9d20-bcd09a8478d0\">Nei programmi dei Dodici Passi, il &quot;Tredicesimo Passo&quot; consiste nel manipolare un&#039;altra persona in fase di recupero, in particolare un nuovo arrivato o uno sponsorizzato, per indurla a una relazione sessuale o romantica. Questo comportamento \u00e8 inappropriato e vivamente sconsigliato dall&#039;ITAA. Incoraggiamo i nuovi arrivati a evitare di collaborare con sponsor o di instaurare relazioni di sensibilizzazione con membri con cui potremmo sviluppare attrazione sessuale o romantica. Se ritieni di essere destinatario di attenzioni sessuali o romantiche inappropriate o indesiderate, ti preghiamo di parlarne con un membro di cui ti fidi: l&#039;anonimato e la riservatezza non sono un pretesto per comportamenti inappropriati.<\/p>\n\n\n\n<p id=\"block-f4cc2ef5-469a-47b7-9d20-bcd09a8478d0\">Per maggiori informazioni su come rispondere a comportamenti inappropriati, puoi fare riferimento al nostro <a href=\"https:\/\/internetaddictsanonymous.org\/it\/sicurezza-in-itaa\/\">guida alla sicurezza in ITAA<\/a>.<br><br><br><\/p>\n\n\n\n<h4 class=\"wp-block-heading\"><strong>In che modo posso aiutare i nuovi arrivati se non mi sento ancora pronto a sponsorizzarli?&nbsp;<\/strong><\/h4>\n\n\n\n<p>Offrire servizio \u00e8 un principio fondamentale delle comunit\u00e0 dei 12 Passi. Essere disponibili a parlare con i nuovi arrivati, rimanendo dopo un incontro o lasciando loro il nostro numero di telefono per ulteriori domande, \u00e8 un modo meraviglioso per essere d&#039;aiuto. Ascoltare, condividere la propria esperienza e offrire suggerimenti basati su ci\u00f2 che ci ha aiutato sono tutti elementi di vitale importanza per un nuovo arrivato in ITAA. Questo d\u00e0 anche forza al nostro programma e al nostro recupero, mantenendolo vivo. Sul sito web dell&#039;ITAA \u00e8 disponibile anche un elenco di posizioni aperte per il servizio. Nelle comunit\u00e0 dei 12 Passi si sente spesso dire: &quot;Conserviamo ci\u00f2 che abbiamo solo donandolo!&quot;\u201c&nbsp;<\/p>\n\n\n\n<hr class=\"wp-block-separator has-alpha-channel-opacity\"\/>\n\n\n\n<p><em>Questa pagina \u00e8 stata scritta dal Comitato per i Contenuti Web dell&#039;ITAA. Se desiderate condividere il vostro feedback o contribuire ai nostri sforzi, saremo lieti di ricevere il vostro feedback o di invitarvi a partecipare a uno dei nostri incontri. Maggiori dettagli sono disponibili sul sito&nbsp;<a href=\"https:\/\/internetaddictsanonymous.org\/it\/posizioni-di-servizio-aperte\/\">Comitati di servizio<\/a>&nbsp;pagina.<\/em><\/p>\n<!-- PMB print buttons is only displayed on a single post\/page URLs-->","protected":false},"excerpt":{"rendered":"<p>What is sponsorship? Sponsorship has a long-standing tradition in 12-step fellowships. A sponsor is a more experienced member who can help guide a newer member through the 12 steps and towards recovery. A sponsor may also help define top, middle, and bottom lines or make suggestions about how to establish sobriety or reestablish it after &hellip; <a href=\"https:\/\/internetaddictsanonymous.org\/it\/sponsorship\/\" class=\"more-link\">Continua a leggere <span class=\"screen-reader-text\">L&#039;importanza della sponsorizzazione<\/span><\/a><\/p>","protected":false},"author":35194237,"featured_media":0,"parent":0,"menu_order":0,"comment_status":"closed","ping_status":"closed","template":"full-width-page.php","meta":{"inline_featured_image":false,"_lmt_disableupdate":"no","_lmt_disable":"","jetpack_post_was_ever_published":false,"footnotes":""},"tags":[],"class_list":["post-9457","page","type-page","status-publish","hentry"],"yoast_head":"<!-- This site is optimized with the Yoast SEO plugin v27.3 - https:\/\/yoast.com\/product\/yoast-seo-wordpress\/ -->\n<title>The Importance of Sponsorship &#8211; Internet and Technology Addicts Anonymous<\/title>\n<meta name=\"robots\" content=\"index, follow, max-snippet:-1, max-image-preview:large, max-video-preview:-1\" \/>\n<link rel=\"canonical\" href=\"https:\/\/internetaddictsanonymous.org\/it\/sponsorizzazione\/\" \/>\n<meta property=\"og:locale\" content=\"it_IT\" \/>\n<meta property=\"og:type\" content=\"article\" \/>\n<meta property=\"og:title\" content=\"The Importance of Sponsorship &#8211; Internet and Technology Addicts Anonymous\" \/>\n<meta property=\"og:description\" content=\"What is sponsorship? Sponsorship has a long-standing tradition in 12-step fellowships. A sponsor is a more experienced member who can help guide a newer member through the 12 steps and towards recovery. A sponsor may also help define top, middle, and bottom lines or make suggestions about how to establish sobriety or reestablish it after &hellip; Continue reading The Importance of Sponsorship\" \/>\n<meta property=\"og:url\" content=\"https:\/\/internetaddictsanonymous.org\/it\/sponsorizzazione\/\" \/>\n<meta property=\"og:site_name\" content=\"Internet and Technology Addicts Anonymous\" \/>\n<meta property=\"article:modified_time\" content=\"2026-01-18T19:11:47+00:00\" \/>\n<meta name=\"twitter:card\" content=\"summary_large_image\" \/>\n<meta name=\"twitter:label1\" content=\"Tempo di lettura stimato\" \/>\n\t<meta name=\"twitter:data1\" content=\"7 minuti\" \/>\n<script type=\"application\/ld+json\" class=\"yoast-schema-graph\">{\"@context\":\"https:\\\/\\\/schema.org\",\"@graph\":[{\"@type\":\"WebPage\",\"@id\":\"https:\\\/\\\/internetaddictsanonymous.org\\\/sponsorship\\\/\",\"url\":\"https:\\\/\\\/internetaddictsanonymous.org\\\/sponsorship\\\/\",\"name\":\"The Importance of Sponsorship &#8211; Internet and Technology Addicts Anonymous\",\"isPartOf\":{\"@id\":\"https:\\\/\\\/internetaddictsanonymous.org\\\/#website\"},\"datePublished\":\"2020-01-05T20:45:38+00:00\",\"dateModified\":\"2026-01-18T19:11:47+00:00\",\"breadcrumb\":{\"@id\":\"https:\\\/\\\/internetaddictsanonymous.org\\\/sponsorship\\\/#breadcrumb\"},\"inLanguage\":\"it-IT\",\"potentialAction\":[{\"@type\":\"ReadAction\",\"target\":[\"https:\\\/\\\/internetaddictsanonymous.org\\\/sponsorship\\\/\"]}]},{\"@type\":\"BreadcrumbList\",\"@id\":\"https:\\\/\\\/internetaddictsanonymous.org\\\/sponsorship\\\/#breadcrumb\",\"itemListElement\":[{\"@type\":\"ListItem\",\"position\":1,\"name\":\"Home\",\"item\":\"https:\\\/\\\/internetaddictsanonymous.org\\\/\"},{\"@type\":\"ListItem\",\"position\":2,\"name\":\"The Importance of Sponsorship\"}]},{\"@type\":\"WebSite\",\"@id\":\"https:\\\/\\\/internetaddictsanonymous.org\\\/#website\",\"url\":\"https:\\\/\\\/internetaddictsanonymous.org\\\/\",\"name\":\"Internet and Technology Addicts Anonymous\",\"description\":\"Worldwide 12-step Fellowship for Internet and Technology Addiction\",\"publisher\":{\"@id\":\"https:\\\/\\\/internetaddictsanonymous.org\\\/#organization\"},\"potentialAction\":[{\"@type\":\"SearchAction\",\"target\":{\"@type\":\"EntryPoint\",\"urlTemplate\":\"https:\\\/\\\/internetaddictsanonymous.org\\\/?s={search_term_string}\"},\"query-input\":{\"@type\":\"PropertyValueSpecification\",\"valueRequired\":true,\"valueName\":\"search_term_string\"}}],\"inLanguage\":\"it-IT\"},{\"@type\":\"Organization\",\"@id\":\"https:\\\/\\\/internetaddictsanonymous.org\\\/#organization\",\"name\":\"Internet and Technology Addicts Anonymous\",\"url\":\"https:\\\/\\\/internetaddictsanonymous.org\\\/\",\"logo\":{\"@type\":\"ImageObject\",\"inLanguage\":\"it-IT\",\"@id\":\"https:\\\/\\\/internetaddictsanonymous.org\\\/#\\\/schema\\\/logo\\\/image\\\/\",\"url\":\"https:\\\/\\\/internetaddictsanonymous.org\\\/wp-content\\\/uploads\\\/2023\\\/01\\\/cropped-ITAA-logo-480px.png\",\"contentUrl\":\"https:\\\/\\\/internetaddictsanonymous.org\\\/wp-content\\\/uploads\\\/2023\\\/01\\\/cropped-ITAA-logo-480px.png\",\"width\":480,\"height\":480,\"caption\":\"Internet and Technology Addicts Anonymous\"},\"image\":{\"@id\":\"https:\\\/\\\/internetaddictsanonymous.org\\\/#\\\/schema\\\/logo\\\/image\\\/\"}}]}<\/script>\n<!-- \/ Yoast SEO plugin. -->","yoast_head_json":{"title":"L&#039;importanza della sponsorizzazione \u2013 Dipendenti da Internet e Tecnologia Anonimi","robots":{"index":"index","follow":"follow","max-snippet":"max-snippet:-1","max-image-preview":"max-image-preview:large","max-video-preview":"max-video-preview:-1"},"canonical":"https:\/\/internetaddictsanonymous.org\/it\/sponsorizzazione\/","og_locale":"it_IT","og_type":"article","og_title":"The Importance of Sponsorship &#8211; Internet and Technology Addicts Anonymous","og_description":"What is sponsorship? Sponsorship has a long-standing tradition in 12-step fellowships. A sponsor is a more experienced member who can help guide a newer member through the 12 steps and towards recovery. A sponsor may also help define top, middle, and bottom lines or make suggestions about how to establish sobriety or reestablish it after &hellip; Continue reading The Importance of Sponsorship","og_url":"https:\/\/internetaddictsanonymous.org\/it\/sponsorizzazione\/","og_site_name":"Internet and Technology Addicts Anonymous","article_modified_time":"2026-01-18T19:11:47+00:00","twitter_card":"summary_large_image","twitter_misc":{"Tempo di lettura stimato":"7 minuti"},"schema":{"@context":"https:\/\/schema.org","@graph":[{"@type":"WebPage","@id":"https:\/\/internetaddictsanonymous.org\/sponsorship\/","url":"https:\/\/internetaddictsanonymous.org\/sponsorship\/","name":"L&#039;importanza della sponsorizzazione \u2013 Dipendenti da Internet e Tecnologia Anonimi","isPartOf":{"@id":"https:\/\/internetaddictsanonymous.org\/#website"},"datePublished":"2020-01-05T20:45:38+00:00","dateModified":"2026-01-18T19:11:47+00:00","breadcrumb":{"@id":"https:\/\/internetaddictsanonymous.org\/sponsorship\/#breadcrumb"},"inLanguage":"it-IT","potentialAction":[{"@type":"ReadAction","target":["https:\/\/internetaddictsanonymous.org\/sponsorship\/"]}]},{"@type":"BreadcrumbList","@id":"https:\/\/internetaddictsanonymous.org\/sponsorship\/#breadcrumb","itemListElement":[{"@type":"ListItem","position":1,"name":"Home","item":"https:\/\/internetaddictsanonymous.org\/"},{"@type":"ListItem","position":2,"name":"The Importance of Sponsorship"}]},{"@type":"WebSite","@id":"https:\/\/internetaddictsanonymous.org\/#website","url":"https:\/\/internetaddictsanonymous.org\/","name":"Dipendenti da Internet e Tecnologia Anonimi","description":"Associazione mondiale in 12 fasi per la dipendenza da Internet e dalla tecnologia","publisher":{"@id":"https:\/\/internetaddictsanonymous.org\/#organization"},"potentialAction":[{"@type":"SearchAction","target":{"@type":"EntryPoint","urlTemplate":"https:\/\/internetaddictsanonymous.org\/?s={search_term_string}"},"query-input":{"@type":"PropertyValueSpecification","valueRequired":true,"valueName":"search_term_string"}}],"inLanguage":"it-IT"},{"@type":"Organization","@id":"https:\/\/internetaddictsanonymous.org\/#organization","name":"Dipendenti da Internet e Tecnologia Anonimi","url":"https:\/\/internetaddictsanonymous.org\/","logo":{"@type":"ImageObject","inLanguage":"it-IT","@id":"https:\/\/internetaddictsanonymous.org\/#\/schema\/logo\/image\/","url":"https:\/\/internetaddictsanonymous.org\/wp-content\/uploads\/2023\/01\/cropped-ITAA-logo-480px.png","contentUrl":"https:\/\/internetaddictsanonymous.org\/wp-content\/uploads\/2023\/01\/cropped-ITAA-logo-480px.png","width":480,"height":480,"caption":"Internet and Technology Addicts Anonymous"},"image":{"@id":"https:\/\/internetaddictsanonymous.org\/#\/schema\/logo\/image\/"}}]}},"jetpack_sharing_enabled":true,"jetpack_shortlink":"https:\/\/wp.me\/P9Fwob-2sx","_links":{"self":[{"href":"https:\/\/internetaddictsanonymous.org\/it\/wp-json\/wp\/v2\/pages\/9457","targetHints":{"allow":["GET"]}}],"collection":[{"href":"https:\/\/internetaddictsanonymous.org\/it\/wp-json\/wp\/v2\/pages"}],"about":[{"href":"https:\/\/internetaddictsanonymous.org\/it\/wp-json\/wp\/v2\/types\/page"}],"author":[{"embeddable":true,"href":"https:\/\/internetaddictsanonymous.org\/it\/wp-json\/wp\/v2\/users\/35194237"}],"replies":[{"embeddable":true,"href":"https:\/\/internetaddictsanonymous.org\/it\/wp-json\/wp\/v2\/comments?post=9457"}],"version-history":[{"count":46,"href":"https:\/\/internetaddictsanonymous.org\/it\/wp-json\/wp\/v2\/pages\/9457\/revisions"}],"predecessor-version":[{"id":20908,"href":"https:\/\/internetaddictsanonymous.org\/it\/wp-json\/wp\/v2\/pages\/9457\/revisions\/20908"}],"wp:attachment":[{"href":"https:\/\/internetaddictsanonymous.org\/it\/wp-json\/wp\/v2\/media?parent=9457"}],"wp:term":[{"taxonomy":"post_tag","embeddable":true,"href":"https:\/\/internetaddictsanonymous.org\/it\/wp-json\/wp\/v2\/tags?post=9457"}],"curies":[{"name":"parola chiave","href":"https:\/\/api.w.org\/{rel}","templated":true}]}}