{"id":9655,"date":"2020-01-24T08:16:02","date_gmt":"2020-01-24T08:16:02","guid":{"rendered":"https:\/\/internetaddictsanonymous.org\/?page_id=9655"},"modified":"2026-02-27T13:57:57","modified_gmt":"2026-02-27T21:57:57","slug":"convenzioni-itaa","status":"publish","type":"page","link":"https:\/\/internetaddictsanonymous.org\/it\/itaa-conventions\/","title":{"rendered":"Convenzioni ITAA"},"content":{"rendered":"<p><em>Qualsiasi membro o gruppo di membri pu\u00f2 organizzare un convegno. Se desideri pianificare un convegno nella tua zona, sentiti libero di farlo!<\/em><\/p>\n\n\n\n<p><strong>Convenzione tedesca ITAA 2026<\/strong><\/p>\n\n\n\n<p>Dal 19 al 21 giugno 2026 si terr\u00e0 a Immenhausen, vicino a Kassel, una convention ITAA di lingua tedesca, con incontri e attivit\u00e0 culinarie condivise.<br>Per la registrazione contattare: <a href=\"mailto:itaa.treffen.immenhausen.2026@gmail.com\" target=\"_blank\" rel=\"noreferrer noopener\">itaa.treffen.immenhausen.2026@gmail.com<\/a><\/p>\n\n\n\n<p>Vomi 19.\u201321. Juni 2026 findet eine deutschsprachige ITAA Convention in Immenhausen bei Kassel mit Meetings und gemeinsamem Kochen statt.<br>Infos zur Anmeldung unter: <a href=\"mailto:itaa.treffen.immenhausen.2026@gmail.com\" target=\"_blank\" rel=\"noreferrer noopener\">itaa.treffen.immenhausen.2026@gmail.com<\/a><\/p>\n\n\n\n<p class=\"has-text-align-center\">-~-<\/p>\n\n\n\n<p><strong>Convention ITAA Mid-Atlantic \u2013 Primavera New York<\/strong><\/p>\n\n\n\n<p>Sono ufficialmente ripresi i preparativi per un possibile incontro in presenza dell&#039;ITAA Mid-Atlantic questa primavera a New York!<\/p>\n\n\n\n<p>L&#039;evento dell&#039;anno scorso a Washington ha riunito membri provenienti da Filadelfia, New York, Washington e da altre parti del mondo, ed \u00e8 stata un&#039;esperienza intensa di connessione e recupero.<\/p>\n\n\n\n<p>Stiamo valutando l&#039;interesse per un incontro primaverile a New York. Se desiderate partecipare o contribuire alla pianificazione anticipata, contattateci all&#039;indirizzo itaa.macc@gmail.com.<\/p>\n\n\n\n<p>Maggiori dettagli saranno forniti prossimamente.<\/p>\n\n\n\n<p class=\"has-text-align-center\">-~-<\/p>\n\n\n\n<p><strong>Convenzione Nordamericana ITAA 2026<\/strong><\/p>\n\n\n\n<p>Via dallo schermo e tuffatevi nella serenit\u00e0! La terza Convention nordamericana dell&#039;ITAA si terr\u00e0 dal 19 al 21 giugno 2026 presso il Menucha Retreat and Conference Center di Portland, Oregon. Tra i momenti salienti, pasti nutrienti, panel coinvolgenti, incontri quotidiani con colleghi provenienti da tutto il mondo e il famoso microfono aperto.<\/p>\n\n\n\n<p>Sono disponibili alcuni aiuti finanziari. I biglietti a prezzo pieno vanno da $275 a 750, a seconda della tipologia di sala. Le iscrizioni sono aperte! Per saperne di pi\u00f9 e registrarsi, visitate questo link:&nbsp;<a href=\"https:\/\/docs.google.com\/document\/d\/18E0DZBR4hg_FICBhGSVHA6cA6m6HEadJkjgzwnJYn-4\/edit?tab=t.0%E2%80%9D\" target=\"_blank\" rel=\"noreferrer noopener\">https:\/\/docs.google.com\/document\/d\/18E0DZBR4hg_FICBhGSVHA6cA6m6HEadJkjgzwnJYn-4\/edit?tab=t.0<\/a><\/p>\n\n\n\n<p>Se siete interessati a saperne di pi\u00f9 sulla convention o volete partecipare al processo di pianificazione, vi invitiamo a partecipare a uno degli incontri di pianificazione settimanali! Gli incontri di pianificazione online sono disponibili sul calendario. Gli incontri si svolgono la domenica alle 19:00 (ora della costa orientale degli Stati Uniti).<\/p>\n\n\n\n<p>Non esitate a contattarci <a href=\"mailto:itaa.nacc@gmail.com\" target=\"_blank\" rel=\"noreferrer noopener\">itaa.nacc@gmail.com<\/a> per maggiori informazioni.<\/p>\n\n\n\n<p><\/p>\n\n\n\n<h2 class=\"wp-block-heading has-large-font-size\"><strong>Precedenti convegni ITAA<\/strong><\/h2>\n\n\n\n<p><strong>Convenzione ITAA California (CAC) 2025<\/strong><br><br>La prima Convention ITAA California (CAC 1) si \u00e8 tenuta dall&#039;11 al 13 ottobre 2025. Sei partecipanti provenienti da tutto lo stato hanno trascorso il fine settimana in una villa un po&#039; spettrale in mezzo a un vigneto. Abbiamo avuto incontri quotidiani, meditazioni significative, preso il sole in spiaggia, parlato delle nostre emozioni e giocato a giochi da tavolo. Restate sintonizzati per il seguito: CAC 2 nel 2026!<\/p>\n\n\n\n<p class=\"has-text-align-center\">-~-<\/p>\n\n\n\n<p><strong>Convenzione Medio Atlantico ITAA 2025<\/strong><br><br>Siamo lieti di annunciare che sono ufficialmente aperte le iscrizioni per la Convention ITAA Mid-Atlantic 2025!<br>Data dell&#039;evento: sabato 27 settembre 2025<br>Orario dell&#039;evento: 10:00 - 18:00<br>Posizione: Rock Creek Park, Washington, DC.<br>Se desideri registrarti, compila il modulo di registrazione.<\/p>\n\n\n\n<p><a href=\"https:\/\/tinyurl.com\/34kxz2hk\" target=\"_blank\" rel=\"noreferrer noopener\">Modulo di registrazione MAC-ITAA<\/a><\/p>\n\n\n\n<p>Segui le istruzioni per pagare la quota di iscrizione. Non esitare a contattarci per qualsiasi domanda. Non vediamo l&#039;ora di incontrarti di persona!&nbsp;<a href=\"mailto:itaa.macc@gmail.com\" target=\"_blank\" rel=\"noreferrer noopener\">itaa.macc@gmail.com<\/a>.<\/p>\n\n\n\n<p class=\"has-text-align-center\">-~-<\/p>\n\n\n\n<p class=\"has-medium-font-size\"><strong>Convenzione tedesca ITAA 2025<\/strong><\/p>\n\n\n\n<p class=\"has-medium-font-size\">\u00c8 in programma una convention ITAA in lingua tedesca a Immenhausen, in Germania (vicino a Kassel), dal 6 all&#039;8 giugno 2025. L&#039;evento si terr\u00e0 in tedesco. Il costo \u00e8 di 50 \u20ac (+ spese di viaggio). Per segnalare il vostro interesse a partecipare, contattateci all&#039;indirizzo: ITAA.Treffen.Immenhausen.2025@gmail.com. La scadenza per l&#039;iscrizione \u00e8 il 4 aprile. Se siete interessati a saperne di pi\u00f9 sulla Convention ITAA in lingua tedesca del 2025 a Immenhausen, partecipate alla riunione di pianificazione che si terr\u00e0 domenica 16 febbraio dopo la riunione ITAA in lingua tedesca (9:30-10:30 MET).<\/p>\n\n\n\n<p>Wir planen, im Juni (06.06.-08.06.2025) ein ITAA-Treffen in Immenhausen (in der N\u00e4he von Kassel) zu organisieren. Die Veranstaltung findet auf Deutsch statt. Die \u00dcbernachtungskosten werden sich voraussichtlich auf etwa 50 Euro belaufen (dazu kommen Verpflegungs- und Reisekosten).<br>Se sei interessato a una persona interessata, contattaci presso ITAA.Treffen.Immenhausen.2025@gmail.com<br>Anmeldeschluss ist der 4. April.<br>Se ho pi\u00f9 possibilit\u00e0 di partecipare alla conferenza tedesca ITAA-Treffen 2025 di Immenhausen, potrei anche iniziare a pianificare le forze. Il prossimo tentativo di pianificazione verr\u00e0 trovato il 16.02. im Anschluss an das Deutsche ITAA Treffen am Sonntag (9:30-10:30 Uhr MEZ) statt.<\/p>\n\n\n\n<p class=\"has-text-align-center has-medium-font-size\">-~-<\/p>\n\n\n\n<p><strong>Convenzione Nordamericana ITAA 2024<\/strong><\/p>\n\n\n\n<p>La seconda Convention Nordamericana (NAC) si \u00e8 tenuta dal 27 al 29 settembre 2024 presso un centro di ritiro rurale nel Maryland, una splendida fattoria panoramica e luogo di ritrovo con il mantra &quot;disconnettersi per connettersi&quot;. Oltre 80 membri hanno partecipato di persona da vicino e da lontano, tra cui Ungheria, Regno Unito, Canada, Arizona, Illinois, Ohio, Colorado, Carolina del Nord, California, Stato di Washington, Washington DC e da tutto il nord-est degli Stati Uniti.<br><br>L&#039;evento ha quasi raddoppiato la partecipazione rispetto allo scorso anno, battendo il record per il pi\u00f9 grande raduno in presenza nella storia dell&#039;ITAA. Ha inoltre registrato un&#039;ampia partecipazione virtuale durante i quattro eventi ibridi trasmessi sul sito web dell&#039;ITAA, le cui registrazioni sono disponibili su&nbsp;<a href=\"https:\/\/internetaddictsanonymous.org\/it\/storie-di-recupero\/\" target=\"_blank\" rel=\"noreferrer noopener\">Storie di recupero<\/a>&nbsp;pagina. Abbiamo trascorso tre giorni ricchi di condivisione, con una vasta gamma di eventi, tra cui incontri con relatori, panel, workshop con argomenti che spaziavano dalle fasi di lavoro all&#039;uso dell&#039;arte per raggiungere l&#039;astinenza, alla creazione di incontri di persona salutari, una serata open mic e la partecipazione di alto livello del gruppo, tra cui incontri per la meditazione, la preghiera a due e la corsa. Abbiamo condiviso cibo, risate e amicizia, creando legami pi\u00f9 profondi che rimangono parte integrante del nostro percorso di recupero anche molto dopo la chiusura del fine settimana.<\/p>\n\n\n\n<p class=\"has-text-align-center\">-~-<\/p>\n\n\n\n<p><strong>Ritiro ITAA Danimarca 2024<\/strong> <\/p>\n\n\n\n<p>Dal 20 al 24 settembre 2024, 5 membri dell&#039;ITAA provenienti da 4 paesi hanno tenuto un ritiro nella campagna fuori Ringsted, in Danimarca.<\/p>\n\n\n\n<p>Abbiamo fatto yoga e Qi-Gong insieme, cucinato e mangiato insieme e siamo andati a fare una passeggiata silenziosa nella foresta. Ci siamo incontrati tantissimi e ci siamo divertiti un mondo. Sabato sera, la sauna \u00e8 stata accesa. L&#039;incontro finale di domenica si \u00e8 tenuto su una zattera su un piccolo laghetto vicino alla sede!<\/p>\n\n\n\n<p>Se sei interessato a unirti a un futuro TINTNAC, contatta&nbsp;<a href=\"mailto:tintnac@itaa.dk\" target=\"_blank\" rel=\"noreferrer noopener\">tintnac@itaa.dk<\/a>.<\/p>\n\n\n\n<p class=\"has-text-align-center\">-~-<\/p>\n\n\n\n<p><strong>Convenzione nordamericana ITAA 2023<\/strong><\/p>\n\n\n\n<p>La prima Convention Nordamericana (NAC) si \u00e8 tenuta dal 4 al 6 agosto 2023 presso un centro di ritiro nella San Ramon Valley. Vi hanno partecipato oltre 50 membri provenienti da tutto il mondo, tra cui Dubai, Regno Unito, New York, Arizona, Washington DC e California.<\/p>\n\n\n\n<p>Ha segnato il pi\u00f9 grande raduno di persona nella storia dell&#039;ITAA. Sotto il tema guida di <em>Ritorno a casa all&#039;ITAA<\/em>, Abbiamo partecipato a una vasta gamma di eventi: incontri sul recupero, dibattiti, workshop, una festa danzante silenziosa, un talent show e attivit\u00e0 di gruppo di alto livello. Abbiamo gustato pasti in comune e abbracci autentici! Potete leggere di pi\u00f9 qui:<br><a href=\"https:\/\/drive.google.com\/file\/d\/1dY9NGsuFw19U-4qDMpAKvs3yRs7Mb58d\/view?usp=sharing\">Newsletter della Convention NAC 2023<\/a><\/p>\n\n\n\n<p class=\"has-text-align-center\">-~-<\/p>\n\n\n\n<p><strong>Convenzione internazionale tedesca ITAA 2022<\/strong><\/p>\n\n\n\n<p>Dal 4 al 6 novembre 2022 si \u00e8 tenuto a Kassel, in Germania, un convegno internazionale di lingua tedesca. Per saperne di pi\u00f9, consultare i link sottostanti:<br><a href=\"https:\/\/drive.google.com\/file\/d\/1nVc7ASAUNOWPfETdJYxi3Ca3OwUQDy9o\/view?usp=sharing\">Newsletter in inglese<\/a><br><a href=\"https:\/\/drive.google.com\/file\/d\/19yIeiCZfQ4lzuJY466wLgGqS9uhI61dQ\/view?usp=sharing\">newsletter tedesca<\/a><\/p>\n\n\n\n<p class=\"has-text-align-center\">-~-<\/p>\n\n\n\n<p><strong>Primo raduno internazionale ITAA 2019<\/strong><\/p>\n\n\n\n<p>Il primo raduno internazionale ITAA si \u00e8 tenuto a Berlino, in Germania, il 9 e 10 novembre 2019. Puoi leggere informazioni sull&#039;incontro e le storie dei membri in <a aria-label=\"non definito (si apre in una nuova scheda)\" href=\"https:\/\/drive.google.com\/file\/d\/1RKRxJW0WZVy2g_jvjCV2MLBDm35xtqIB\/view?usp=sharing\" target=\"_blank\" rel=\"noreferrer noopener\">la nostra newsletter<\/a>.<\/p>\n<!-- PMB print buttons is only displayed on a single post\/page URLs-->","protected":false},"excerpt":{"rendered":"<p>Any member or group of members may organize a convention. If you would like to plan a convention in your area, please feel free to do so! ITAA German Convention 2026 From June 19\u201321, 2026, a German-speaking ITAA Convention will take place in Immenhausen near Kassel, featuring meetings and shared cooking activities.For Registration please contact: &hellip; <a href=\"https:\/\/internetaddictsanonymous.org\/it\/itaa-conventions\/\" class=\"more-link\">Continua a leggere <span class=\"screen-reader-text\">Convenzioni ITAA<\/span><\/a><\/p>","protected":false},"author":35194237,"featured_media":0,"parent":0,"menu_order":0,"comment_status":"closed","ping_status":"closed","template":"full-width-page.php","meta":{"inline_featured_image":false,"_lmt_disableupdate":"","_lmt_disable":"","footnotes":""},"tags":[],"class_list":["post-9655","page","type-page","status-publish","hentry"],"yoast_head":"<!-- This site is optimized with the Yoast SEO plugin v27.5 - https:\/\/yoast.com\/product\/yoast-seo-wordpress\/ -->\n<title>ITAA Conventions &#8211; Internet and Technology Addicts Anonymous<\/title>\n<meta name=\"robots\" content=\"index, follow, max-snippet:-1, max-image-preview:large, max-video-preview:-1\" \/>\n<link rel=\"canonical\" href=\"https:\/\/internetaddictsanonymous.org\/it\/convenzioni-itaa\/\" \/>\n<meta property=\"og:locale\" content=\"it_IT\" \/>\n<meta property=\"og:type\" content=\"article\" \/>\n<meta property=\"og:title\" content=\"ITAA Conventions &#8211; Internet and Technology Addicts Anonymous\" \/>\n<meta property=\"og:description\" content=\"Any member or group of members may organize a convention. If you would like to plan a convention in your area, please feel free to do so! ITAA German Convention 2026 From June 19\u201321, 2026, a German-speaking ITAA Convention will take place in Immenhausen near Kassel, featuring meetings and shared cooking activities.For Registration please contact: &hellip; Continue reading ITAA Conventions\" \/>\n<meta property=\"og:url\" content=\"https:\/\/internetaddictsanonymous.org\/it\/convenzioni-itaa\/\" \/>\n<meta property=\"og:site_name\" content=\"Internet and Technology Addicts Anonymous\" \/>\n<meta property=\"article:modified_time\" content=\"2026-02-27T21:57:57+00:00\" \/>\n<meta name=\"twitter:card\" content=\"summary_large_image\" \/>\n<meta name=\"twitter:label1\" content=\"Tempo di lettura stimato\" \/>\n\t<meta name=\"twitter:data1\" content=\"5 minuti\" \/>\n<script type=\"application\/ld+json\" class=\"yoast-schema-graph\">{\"@context\":\"https:\\\/\\\/schema.org\",\"@graph\":[{\"@type\":\"WebPage\",\"@id\":\"https:\\\/\\\/internetaddictsanonymous.org\\\/itaa-conventions\\\/\",\"url\":\"https:\\\/\\\/internetaddictsanonymous.org\\\/itaa-conventions\\\/\",\"name\":\"ITAA Conventions &#8211; Internet and Technology Addicts Anonymous\",\"isPartOf\":{\"@id\":\"https:\\\/\\\/internetaddictsanonymous.org\\\/#website\"},\"datePublished\":\"2020-01-24T08:16:02+00:00\",\"dateModified\":\"2026-02-27T21:57:57+00:00\",\"breadcrumb\":{\"@id\":\"https:\\\/\\\/internetaddictsanonymous.org\\\/itaa-conventions\\\/#breadcrumb\"},\"inLanguage\":\"it-IT\",\"potentialAction\":[{\"@type\":\"ReadAction\",\"target\":[\"https:\\\/\\\/internetaddictsanonymous.org\\\/itaa-conventions\\\/\"]}]},{\"@type\":\"BreadcrumbList\",\"@id\":\"https:\\\/\\\/internetaddictsanonymous.org\\\/itaa-conventions\\\/#breadcrumb\",\"itemListElement\":[{\"@type\":\"ListItem\",\"position\":1,\"name\":\"Home\",\"item\":\"https:\\\/\\\/internetaddictsanonymous.org\\\/\"},{\"@type\":\"ListItem\",\"position\":2,\"name\":\"ITAA Conventions\"}]},{\"@type\":\"WebSite\",\"@id\":\"https:\\\/\\\/internetaddictsanonymous.org\\\/#website\",\"url\":\"https:\\\/\\\/internetaddictsanonymous.org\\\/\",\"name\":\"Internet and Technology Addicts Anonymous\",\"description\":\"Worldwide 12-step Fellowship for Internet and Technology Addiction\",\"publisher\":{\"@id\":\"https:\\\/\\\/internetaddictsanonymous.org\\\/#organization\"},\"potentialAction\":[{\"@type\":\"SearchAction\",\"target\":{\"@type\":\"EntryPoint\",\"urlTemplate\":\"https:\\\/\\\/internetaddictsanonymous.org\\\/?s={search_term_string}\"},\"query-input\":{\"@type\":\"PropertyValueSpecification\",\"valueRequired\":true,\"valueName\":\"search_term_string\"}}],\"inLanguage\":\"it-IT\"},{\"@type\":\"Organization\",\"@id\":\"https:\\\/\\\/internetaddictsanonymous.org\\\/#organization\",\"name\":\"Internet and Technology Addicts Anonymous\",\"url\":\"https:\\\/\\\/internetaddictsanonymous.org\\\/\",\"logo\":{\"@type\":\"ImageObject\",\"inLanguage\":\"it-IT\",\"@id\":\"https:\\\/\\\/internetaddictsanonymous.org\\\/#\\\/schema\\\/logo\\\/image\\\/\",\"url\":\"https:\\\/\\\/internetaddictsanonymous.org\\\/wp-content\\\/uploads\\\/2023\\\/01\\\/cropped-ITAA-logo-480px.png\",\"contentUrl\":\"https:\\\/\\\/internetaddictsanonymous.org\\\/wp-content\\\/uploads\\\/2023\\\/01\\\/cropped-ITAA-logo-480px.png\",\"width\":480,\"height\":480,\"caption\":\"Internet and Technology Addicts Anonymous\"},\"image\":{\"@id\":\"https:\\\/\\\/internetaddictsanonymous.org\\\/#\\\/schema\\\/logo\\\/image\\\/\"}}]}<\/script>\n<!-- \/ Yoast SEO plugin. -->","yoast_head_json":{"title":"Convegni ITAA \u2013 Dipendenti da Internet e Tecnologia Anonimi","robots":{"index":"index","follow":"follow","max-snippet":"max-snippet:-1","max-image-preview":"max-image-preview:large","max-video-preview":"max-video-preview:-1"},"canonical":"https:\/\/internetaddictsanonymous.org\/it\/convenzioni-itaa\/","og_locale":"it_IT","og_type":"article","og_title":"ITAA Conventions &#8211; Internet and Technology Addicts Anonymous","og_description":"Any member or group of members may organize a convention. If you would like to plan a convention in your area, please feel free to do so! ITAA German Convention 2026 From June 19\u201321, 2026, a German-speaking ITAA Convention will take place in Immenhausen near Kassel, featuring meetings and shared cooking activities.For Registration please contact: &hellip; Continue reading ITAA Conventions","og_url":"https:\/\/internetaddictsanonymous.org\/it\/convenzioni-itaa\/","og_site_name":"Internet and Technology Addicts Anonymous","article_modified_time":"2026-02-27T21:57:57+00:00","twitter_card":"summary_large_image","twitter_misc":{"Tempo di lettura stimato":"5 minuti"},"schema":{"@context":"https:\/\/schema.org","@graph":[{"@type":"WebPage","@id":"https:\/\/internetaddictsanonymous.org\/itaa-conventions\/","url":"https:\/\/internetaddictsanonymous.org\/itaa-conventions\/","name":"Convegni ITAA \u2013 Dipendenti da Internet e Tecnologia Anonimi","isPartOf":{"@id":"https:\/\/internetaddictsanonymous.org\/#website"},"datePublished":"2020-01-24T08:16:02+00:00","dateModified":"2026-02-27T21:57:57+00:00","breadcrumb":{"@id":"https:\/\/internetaddictsanonymous.org\/itaa-conventions\/#breadcrumb"},"inLanguage":"it-IT","potentialAction":[{"@type":"ReadAction","target":["https:\/\/internetaddictsanonymous.org\/itaa-conventions\/"]}]},{"@type":"BreadcrumbList","@id":"https:\/\/internetaddictsanonymous.org\/itaa-conventions\/#breadcrumb","itemListElement":[{"@type":"ListItem","position":1,"name":"Home","item":"https:\/\/internetaddictsanonymous.org\/"},{"@type":"ListItem","position":2,"name":"ITAA Conventions"}]},{"@type":"WebSite","@id":"https:\/\/internetaddictsanonymous.org\/#website","url":"https:\/\/internetaddictsanonymous.org\/","name":"Dipendenti da Internet e Tecnologia Anonimi","description":"Associazione mondiale in 12 fasi per la dipendenza da Internet e dalla tecnologia","publisher":{"@id":"https:\/\/internetaddictsanonymous.org\/#organization"},"potentialAction":[{"@type":"SearchAction","target":{"@type":"EntryPoint","urlTemplate":"https:\/\/internetaddictsanonymous.org\/?s={search_term_string}"},"query-input":{"@type":"PropertyValueSpecification","valueRequired":true,"valueName":"search_term_string"}}],"inLanguage":"it-IT"},{"@type":"Organization","@id":"https:\/\/internetaddictsanonymous.org\/#organization","name":"Dipendenti da Internet e Tecnologia Anonimi","url":"https:\/\/internetaddictsanonymous.org\/","logo":{"@type":"ImageObject","inLanguage":"it-IT","@id":"https:\/\/internetaddictsanonymous.org\/#\/schema\/logo\/image\/","url":"https:\/\/internetaddictsanonymous.org\/wp-content\/uploads\/2023\/01\/cropped-ITAA-logo-480px.png","contentUrl":"https:\/\/internetaddictsanonymous.org\/wp-content\/uploads\/2023\/01\/cropped-ITAA-logo-480px.png","width":480,"height":480,"caption":"Internet and Technology Addicts Anonymous"},"image":{"@id":"https:\/\/internetaddictsanonymous.org\/#\/schema\/logo\/image\/"}}]}},"jetpack_sharing_enabled":true,"jetpack_shortlink":"https:\/\/wp.me\/P9Fwob-2vJ","_links":{"self":[{"href":"https:\/\/internetaddictsanonymous.org\/it\/wp-json\/wp\/v2\/pages\/9655","targetHints":{"allow":["GET"]}}],"collection":[{"href":"https:\/\/internetaddictsanonymous.org\/it\/wp-json\/wp\/v2\/pages"}],"about":[{"href":"https:\/\/internetaddictsanonymous.org\/it\/wp-json\/wp\/v2\/types\/page"}],"author":[{"embeddable":true,"href":"https:\/\/internetaddictsanonymous.org\/it\/wp-json\/wp\/v2\/users\/35194237"}],"replies":[{"embeddable":true,"href":"https:\/\/internetaddictsanonymous.org\/it\/wp-json\/wp\/v2\/comments?post=9655"}],"version-history":[{"count":68,"href":"https:\/\/internetaddictsanonymous.org\/it\/wp-json\/wp\/v2\/pages\/9655\/revisions"}],"predecessor-version":[{"id":21079,"href":"https:\/\/internetaddictsanonymous.org\/it\/wp-json\/wp\/v2\/pages\/9655\/revisions\/21079"}],"wp:attachment":[{"href":"https:\/\/internetaddictsanonymous.org\/it\/wp-json\/wp\/v2\/media?parent=9655"}],"wp:term":[{"taxonomy":"post_tag","embeddable":true,"href":"https:\/\/internetaddictsanonymous.org\/it\/wp-json\/wp\/v2\/tags?post=9655"}],"curies":[{"name":"parola chiave","href":"https:\/\/api.w.org\/{rel}","templated":true}]}}