{"id":15513,"date":"2023-03-05T20:45:50","date_gmt":"2023-03-06T01:45:50","guid":{"rendered":"https:\/\/internetaddictsanonymous.org\/?page_id=15513"},"modified":"2025-01-09T18:21:20","modified_gmt":"2025-01-10T02:21:20","slug":"%ec%8a%a4%ed%8e%98%ec%9d%b8%ec%96%b4","status":"publish","type":"page","link":"https:\/\/internetaddictsanonymous.org\/ko\/espanol\/","title":{"rendered":"ITAA \uc2a4\ud398\uc778\uc5b4"},"content":{"rendered":"<p>\uc775\uba85 \uc778\ud130\ub137 \ubc0f \uc775\uba85 \uae30\uc220\uc5d0 \uc624\uc2e0 \uac83\uc744 \ud658\uc601\ud569\ub2c8\ub2e4. \uc800\ud76c\ub97c \ucc3e\uc544\uc8fc\uc154\uc11c \uac10\uc0ac\ub4dc\ub9ac\uba70, \uc800\ud76c \ucee4\ubba4\ub2c8\ud2f0\uac00 \uc5ec\ub7ec\ubd84\uc5d0\uac8c \ub3c4\uc6c0\uc774 \ub418\uae30\ub97c \ubc14\ub78d\ub2c8\ub2e4. <strong><mark style=\"background-color:rgba(0, 0, 0, 0);color:#000000\" class=\"has-inline-color\">ITAA\ub294 \uc778\ud130\ub137\uacfc \uae30\uc220 \uc911\ub3c5\uc73c\ub85c\ubd80\ud130 \ud68c\ubcf5\ud558\uae30 \uc704\ud574 \uc11c\ub85c\ub97c \uc9c0\uc9c0\ud558\ub294 \uc0ac\ub78c\ub4e4\uc774 \ub9cc\ub4e0 \ub450 \uac78\uc74c \ucee4\ubba4\ub2c8\ud2f0\uc785\ub2c8\ub2e4.<\/mark><\/strong><\/p>\n\n\n\n<p>\uc9c0\uae08 \ubc14\ub85c \uc628\ub77c\uc778 \ubaa8\uc784 \uce98\ub9b0\ub354\ub97c \ud655\uc778\ud558\uc138\uc694.<strong><mark style=\"background-color:rgba(0, 0, 0, 0);color:#080808\" class=\"has-inline-color\"> \ubaa8\uc784 \uc2dc\uac04\uc740 \ud604\uc9c0 \uc2dc\uac04\ub300\uc5d0 \ud45c\uc2dc\ub429\ub2c8\ub2e4.<\/mark>&nbsp;<\/strong>Puede encontrar los detalles de cada reunion, incluyendo el enlace y n\u00fameros locales para entrar por por tel\u00e9fono, haciendo clic en el evento de la reuni\u00f3n en el Calendario. \uc815\uae30\uc801\uc73c\ub85c \ubaa8\uc784\uc744 \uc2dc\uc791\ud558\ub824\uba74 Zoom\uc5d0\uc11c \ub3d9\ucc3d\ud68c\ub97c \uc2dc\uc791\ud574\uc57c \ud569\ub2c8\ub2e4.&nbsp;<a href=\"https:\/\/zoom.us\/signup\" target=\"_blank\" rel=\"noreferrer noopener\">Zoom \uacc4\uc815 \ub9cc\ub4e4\uae30<\/a>&nbsp;\ubb34\ub8cc\uc785\ub2c8\ub2e4. Si Tienes cualquiera duda, nos puedes escribir a <a href=\"mailto:espanol.12pasos.itaa@gmail.com\" target=\"_blank\" rel=\"noreferrer noopener\">espanol.12pasos.itaa@gmail.com<\/a> o unirte a nuestro <a href=\"https:\/\/tinyurl.com\/grupoITAAespanol\">\uc653\uce20\uc571 \uadf8\ub8f9<\/a>.<\/p>\n\n\n\n<p>Tambi\u00e9n se est\u00e1 empezando una reuni\u00f3n presencial en <a href=\"https:\/\/internetaddictsanonymous.org\/ko\/%eb%8c%80%eb%a9%b4-%ed%9a%8c%ec%9d%98\/%ec%95%84%eb%a5%b4%ed%97%a8%ed%8b%b0%eb%82%98-%eb%a1%9c%ec%82%ac%eb%a6%ac%ec%98%a4\/\">\ub85c\uc0ac\ub9ac\uc624, \uc544\ub974\ud5e8\ud2f0\ub098<\/a>.<\/p>\n\n\n\n<p>\ub9c8\ub4dc\ub9ac\ub4dc\uc5d0\uc11c ITAA \ub300\ud45c \uc7ac\uacb0\ud569\uc774 \uc2dc\uc791\ub418\uc5c8\uc2b5\ub2c8\ub2e4. \uad00\uc2ec\uc774 \uc788\ub294 \uacbd\uc6b0, WhatsApp\uc5d0 \ub300\ud55c \ucd5c\uc2e0 \uc815\ubcf4\ub97c \uc5bb\uc744 \uc218 \uc788\ub294 \uadf8\ub8f9\uc774 \uc788\uc2b5\ub2c8\ub2e4. <a href=\"https:\/\/tinyurl.com\/ITAA-Madrid\" rel=\"nofollow\">https:\/\/tinyurl.com\/ITAA-Madrid<\/a><\/p>\n\n\n\n<p><strong><mark style=\"background-color:rgba(0, 0, 0, 0);color:#000000\" class=\"has-inline-color\">\uc0c8\ub85c \uc624\uc2e0 \ubd84\uc774\ub77c\uba74 \uc7a0\uc2dc \uc2dc\uac04\uc744 \ub0b4\uc5b4 \ub2e4\uc74c \ubaa8\uc784\uc5d0 \ucc38\uc11d\ud558\uc5ec \uc800\ud76c \ud504\ub85c\uadf8\ub7a8\uc774 \ub3c4\uc6c0\uc774 \ub420 \uc218 \uc788\ub294\uc9c0 \ud655\uc778\ud574 \ubcf4\uc2dc\uae30 \ubc14\ub78d\ub2c8\ub2e4.<\/mark><\/strong> Adem\u00e1s de nuestras reuniones en espa\u00f1ol, puedes tambi\u00e9n revisar nuestro <a href=\"https:\/\/internetaddictsanonymous.org\/ko\/%ec%98%a8%eb%9d%bc%ec%9d%b8-%ed%9a%8c%ec%9d%98\/\">\uad6d\uc81c \ud68c\uc758 \uc804\uccb4 \uce98\ub9b0\ub354<\/a>. <strong>En todas estas reunones, puedes habilitar los subt\u00edtulos traducidos en su idioma ingresando a la reuni\u00f3n, haciendo clic en el bot\u00f3n \u201cSubt\u00edtulos\u201d en la parte lower de la pantalla y habilitando la traducci\u00f3n.<\/strong> Tambi\u00e9n damos la bienvenida a cualquiera que est\u00e1 aprendiendo el espa\u00f1ol a nuestra reuni\u00f3n. Todas las reuniones son totalmente gratuitas y an\u00f3nimas.<\/p>\n\n\n<p><iframe style=\"height: 500px; width: 100%;\" src=\"https:\/\/teamup.com\/ksvq9b1hu5ex2i463h?view=mw&amp;lang=es&amp;showHeader=0&amp;showLogo=0&amp;showTitle=0&amp;disableSidepanel=1&amp;showViewSelector=1\" width=\"100%\" height=\"500\" frameborder=\"0\"><\/iframe><\/p>\n\n\n<h3 class=\"wp-block-heading\"><strong>\ubbf8\ud305\uc740 \uc5b4\ub5bb\uac8c \uc9c4\ud589\ub418\ub098\uc694?<\/strong><\/h3>\n\n\n\n<p>\ubaa8\uc784\uc5d0 \ucc98\uc74c \ucc38\uc11d\ud558\ub294 \uacbd\uc6b0 \uae34\uc7a5\ud560 \ud544\uc694\uac00 \uc5c6\uc2b5\ub2c8\ub2e4. \uc6b0\ub9ac \ubaa8\uc784\uc740 \ub9e4\uc6b0 \ud3b8\uc548\ud558\uba70 \uac01 \ubaa8\uc784\ub9c8\ub2e4 \uc9c4\ud589\uc790\uac00 \ubaa8\uc784\uc758 \uac00\uc774\ub4dc \ub77c\uc778\uc744 \uc77d\uc2b5\ub2c8\ub2e4. \uc9c4\ud589\uc790\uc640 \ub2e4\ub978 \uc790\uc6d0 \ubd09\uc0ac\uc790\ub4e4\uc740 \ud68c\uc758\ub97c \uc2dc\uc791\ud558\uae30 \uc804\uc5d0 \ud68c\uc6d0\ub4e4\uc774 \uacf5\uc720 \ud560 \uc218 \uc788\ub3c4\ub85d \uba87 \uac00\uc9c0 \uc624\ud504\ub2dd \ub2f4\ub860\uc744 \uc77d\uc2b5\ub2c8\ub2e4. \ubc18\ub4dc\uc2dc \uacf5\uc720\ud574\uc57c \ud558\ub294 \uac83\uc740 \uc544\ub2c8\uba70 \ub2e8\uc21c\ud788 \uc77d\ub294 \uac83\uc744 \uc120\ud638\ud574\ub3c4 \ubb38\uc81c \uc5c6\uc2b5\ub2c8\ub2e4. ITAA\uc5d0 \ub300\ud574 \uc5b4\ub5bb\uac8c \uc18c\uac1c\ud558\uace0, \ubc1c\ud45c\ud558\uace0, \ubb34\uc5c7\uc744 \ubc30\uc6e0\ub294\uc9c0 \uacf5\uc720\ud558\uac70\ub098 \uc9c8\ubb38\uc744 \ud560 \uc218 \uc788\uc2b5\ub2c8\ub2e4. \uacf5\uc720 \uc911\uc778 \ud68c\uc6d0\uc744 \uc81c\uc678\ud558\uace0\ub294 \ub2e4\ub978 \uc0ac\ub78c\uc774 \uacf5\uc720\ud55c \ub0b4\uc6a9\uc5d0 \ub300\ud55c \uc81c\uc548\uc774\ub098 \ub313\uae00\uc744 \uc81c\uacf5\ud558\uc9c0 \uc54a\uc73c\uba70, \uadf8\ub0e5 \uc77d\uae30\ub9cc \ud560 \uc218 \uc788\uc2b5\ub2c8\ub2e4. \uc2dc\uac04\uc774 \uc9c0\ub098\uba74 \ud68c\uc6d0\ub4e4\uc740 \ube44\uacf5\uc2dd\uc801\uc73c\ub85c \ub300\ud654\ub97c \ub098\ub204\uace0, \uc9c8\ubb38\uc744 \ud558\uace0, \uc5f0\ub77d\ucc98 \uc815\ubcf4\ub97c \uad50\ud658\ud558\uae30 \uc704\ud574 \uc904\uc744 \uc11c\uace0, \uadf8 \ud6c4 \uba87 \ub9c8\ub514\uc758 \ubb38\uad6c\ub85c \ud68c\uc758\ub97c \uc885\ub8cc\ud569\ub2c8\ub2e4.<\/p>\n\n\n\n<h3 class=\"wp-block-heading\">\uc778\ud130\ub137 \ubc0f \uae30\uc220 \ucd94\uac00\uc5d0 \ub300\ud55c \ub9ac\uc18c\uc2a4<\/h3>\n\n\n\n<p>\uc778\ud130\ub137\uacfc \uae30\uc220\uc5d0 \uc561\uc138\uc2a4\ud560 \uc218 \uc788\ub294\uc9c0 \uad81\uae08\ud558\ub2e4\uba74 \ub2e4\uc74c \uc9c8\ubb38\uc744 \uac80\ud1a0\ud574 \ubcf4\uc138\uc694.&nbsp;<a href=\"https:\/\/internetaddictsanonymous.org\/es\/adiccion-a-internet\/\">\uc778\ud130\ub137 \ucd94\uac00<\/a>,&nbsp;<a href=\"https:\/\/internetaddictsanonymous.org\/es\/adiccion-a-internet\/social-media-addiction\/\">\uc18c\uc15c \ub124\ud2b8\uc6cc\ud06c\uc5d0 \ucd94\uac00\ud558\uae30<\/a>,&nbsp;<a href=\"https:\/\/internetaddictsanonymous.org\/es\/adiccion-a-internet\/adiccion-al-streaming\/\">\uc2a4\ud2b8\ub9ac\ubc0d\uc5d0 \ucd94\uac00<\/a>, o <a href=\"https:\/\/internetaddictsanonymous.org\/es\/adiccion-a-la-tecnologia\/smartphone-adiccion\/\">\uc2a4\ub9c8\ud2b8 \ud3f0\uc5d0 \ucd94\uac00<\/a>. \ub610\ud55c ITAA\uc5d0 \ub300\ud55c \uc790\uc138\ud55c \uc815\ubcf4\ub294 \ub2e4\uc74c \ub9c1\ud06c\uc5d0\uc11c \ud655\uc778\ud560 \uc218 \uc788\uc2b5\ub2c8\ub2e4.&nbsp;<a href=\"https:\/\/internetaddictsanonymous.org\/es\/guia-para-recien-llegados\/\">\ucd5c\uadfc \ub85c\uadf8\uc778\ud55c \uc0ac\uc6a9\uc790\ub97c \uc704\ud55c \uac00\uc774\ub4dc<\/a>\ub97c \uc7ac\uac80\ud1a0\ud558\uc5ec&nbsp;<a href=\"https:\/\/internetaddictsanonymous.org\/es\/recursos\/herramientas-de-recuperacion\/\">\ubcf5\uad6c \ub3c4\uad6c<\/a>, \ub610\ub294 \uac80\uc0c9&nbsp;<a href=\"https:\/\/internetaddictsanonymous.org\/es\/historias-de-recuperacion-2\/\">\ud68c\uc6d0 \ubcf5\uad6c \uae30\ub85d<\/a>.<\/p>\n\n\n\n<p>ITAA\ub294 \uc5b4\ub5a0\ud55c \uc815\uce58\uc801, \uc885\uad50\uc801 \ub610\ub294 \uc678\ubd80 \uc774\ud574\uad00\uacc4\uc640\ub3c4 \uad00\ub828\uc774 \uc5c6\uc2b5\ub2c8\ub2e4. \uc6b0\ub9ac\ub294 \ud544\uc694\ud55c \ubaa8\ub4e0 \uc0ac\ub78c\ub4e4\uc5d0\uac8c \uc644\uc804\ud788 \uc790\uae09\uc790\uc871\ud558\uace0 \ubb34\ub8cc\uc785\ub2c8\ub2e4. \uc6b0\ub9ac\uc758 \uc720\uc77c\ud55c \ubaa9\ud45c\ub294 \uc778\ud130\ub137\uacfc \uae30\uc220\uc758 \uac15\uc555\uc801\uc778 \uc0ac\uc6a9\uc744 \uc790\uc81c\ud558\uace0 \ub2e4\ub978 \uc0ac\ub78c\ub4e4\uc774 \uc774\ub7ec\ud55c \ucd94\uac00 \uae30\ub2a5\uc758 \uc790\uc720\ub97c \ucc3e\ub3c4\ub85d \ub3d5\ub294 \uac83\uc785\ub2c8\ub2e4.<\/p>\n\n\n\n<p>De nuevo, bienvenido! Esperamos que esta comunidad sea capaz de proporcionarte el apoyo que necesitas en tu recuperaci\u00f3n de la adicci\u00f3n a Internet y la tecnolog\u00eda. No \uce5c\uad6c\ub4e4 en mandarnos un mensaje si Tienes alguna pregunta a <a href=\"mailto:espanol.12pasos.itaa@gmail.com\" target=\"_blank\" rel=\"noreferrer noopener\">espanol.12pasos.itaa@gmail.com<\/a>.<\/p>\n\n\n\n<h3 class=\"wp-block-heading\"><strong>\ubcf4\uc548 \ubc0f \uc811\uadfc\uc131<\/strong><\/h3>\n\n\n\n<p>\ud68c\uc758\uc5d0\uc11c\ub294 \ud654\uba74 \uacf5\uc720 \uc0ac\uc6a9\uc774 \ube44\ud65c\uc131\ud654\ub418\uace0 \uacf5\uc720\uae30\uac00 \ud65c\uc131\ud654\ub429\ub2c8\ub2e4. \uc774 \uae30\ub2a5\uc740 \ubc29\ud574\uac00 \ub418\ub294 \ucc38\uac00\uc790\ub97c \uc74c\uc18c\uac70\ud558\uac70\ub098 \uc0ad\uc81c\ud560 \uc218 \uc788\uc2b5\ub2c8\ub2e4. \ubaa8\uc784\uc744 \uc8fc\ucd5c\ud558\ub294 \uacbd\uc6b0 \ub2e4\uc74c \ub9c1\ud06c\ub97c \ucc38\uc870\ud558\uc2dc\uae30 \ubc14\ub78d\ub2c8\ub2e4.&nbsp;<a href=\"https:\/\/internetaddictsanonymous.org\/es\/directrices-de-seguridad-para-anfitriones-de-reuniones-de-la-aita\/\">\uc911\ub2e8\uc744 \uc608\ubc29\ud558\uace0 \ub300\uc751\ud558\ub294 \ubc29\ubc95\uc5d0 \ub300\ud55c ITAA \uac00\uc774\ub4dc<\/a>.<\/p>\n\n\n\n<h3 class=\"wp-block-heading\"><strong>\uc811\uadfc\uc131 \ub9ac\uc18c\uc2a4<\/strong><\/h3>\n\n\n\n<p><a href=\"https:\/\/internetaddictsanonymous.org\/es\/accessibility\/\">\uccad\uac01 \ubc0f \uc5b8\uc5b4 \uc7a5\uc560\uac00 \uc788\ub294 \ud68c\uc6d0\uc744 \uc704\ud55c \uc811\uadfc\uc131<\/a><\/p>\n\n\n\n<p><a href=\"https:\/\/support.zoom.us\/hc\/en-us\/articles\/201362893-How-much-bandwidth-do-I-need-when-using-3G-or-4G-LTE\">3G, 4G\/LTE \ub610\ub294 5G\ub97c \uc0ac\uc6a9\ud558\ub824\uba74 \ub300\uc5ed\ud3ed\uc774 \ud544\uc694\ud569\ub2c8\ub2e4(support.zoom.us).<\/a><\/p>\n\n\n\n<p><a href=\"https:\/\/support.zoom.us\/hc\/en-us\/articles\/4409500570381-Stopping-all-incoming-video-in-a-meeting-or-webinar\">\ubaa8\ub4e0 \ube44\ub514\uc624 \ucc38\uac00\uc790\ub97c \ucc28\ub2e8\ud558\ub294 \ubc29\ubc95(support.zoom.us)<\/a><\/p>\n<!-- PMB print buttons is only displayed on a single post\/page URLs-->","protected":false},"excerpt":{"rendered":"<p>\uc778\ud130\ub137\uacfc \uae30\uc220\uc5d0 \ub300\ud55c \uc815\ubcf4\ub97c \uc774\uc6a9\ud558\uc138\uc694. Nos alegramos de que nos hayas encontrado y esperamos que nuestra comunidad pueda serte tan \u00fatil como lo ha sido para nosotros. ITAA\ub294 Doce Pasos\uac00 \uc778\ud130\ub137 \ubc0f \uae30\uc220 \uae30\uc220\uc5d0 \ub300\ud55c \ud68c\ubcf5\uc744 \uc704\ud55c \uc0c1\ud638 \ubcf4\uc644\uc801\uc778 \uc131\uaca9\uc744 \ud615\uc131\ud558\uace0 \uc788\uc74c\uc744 \ub098\ud0c0\ub0c5\ub2c8\ub2e4. \u2026 <a href=\"https:\/\/internetaddictsanonymous.org\/ko\/espanol\/\" class=\"more-link\">\uacc4\uc18d \uc77d\uae30 <span class=\"screen-reader-text\">ITAA \uc2a4\ud398\uc778\uc5b4<\/span><\/a><\/p>","protected":false},"author":35194237,"featured_media":0,"parent":0,"menu_order":0,"comment_status":"closed","ping_status":"closed","template":"full-width-page.php","meta":{"inline_featured_image":false,"_lmt_disableupdate":"","_lmt_disable":"","footnotes":""},"tags":[],"class_list":["post-15513","page","type-page","status-publish","hentry"],"yoast_head":"<!-- This site is optimized with the Yoast SEO plugin v27.5 - https:\/\/yoast.com\/product\/yoast-seo-wordpress\/ -->\n<title>ITAA en Espa\u00f1ol &#8211; Internet and Technology Addicts Anonymous<\/title>\n<meta name=\"robots\" content=\"index, follow, max-snippet:-1, max-image-preview:large, max-video-preview:-1\" \/>\n<link rel=\"canonical\" href=\"https:\/\/internetaddictsanonymous.org\/ko\/\uc2a4\ud398\uc778\uc5b4\/\" \/>\n<meta property=\"og:locale\" content=\"ko_KR\" \/>\n<meta property=\"og:type\" content=\"article\" \/>\n<meta property=\"og:title\" content=\"ITAA en Espa\u00f1ol &#8211; Internet and Technology Addicts Anonymous\" \/>\n<meta property=\"og:description\" content=\"Bienvenido a Adictos a Internet y la Tecnolog\u00eda An\u00f3nimos. Nos alegramos de que nos hayas encontrado y esperamos que nuestra comunidad pueda serte tan \u00fatil como lo ha sido para nosotros. ITAA es una comunidad de Doce Pasos formada por personas que se apoyan mutuamente para recuperarse de la adicci\u00f3n a Internet y la tecnolog\u00eda. &hellip; Continue reading ITAA en Espa\u00f1ol\" \/>\n<meta property=\"og:url\" content=\"https:\/\/internetaddictsanonymous.org\/ko\/\uc2a4\ud398\uc778\uc5b4\/\" \/>\n<meta property=\"og:site_name\" content=\"Internet and Technology Addicts Anonymous\" \/>\n<meta property=\"article:modified_time\" content=\"2025-01-10T02:21:20+00:00\" \/>\n<meta name=\"twitter:card\" content=\"summary_large_image\" \/>\n<meta name=\"twitter:label1\" content=\"\uc608\uc0c1 \ub418\ub294 \ud310\ub3c5 \uc2dc\uac04\" \/>\n\t<meta name=\"twitter:data1\" content=\"3\ubd84\" \/>\n<script type=\"application\/ld+json\" class=\"yoast-schema-graph\">{\"@context\":\"https:\\\/\\\/schema.org\",\"@graph\":[{\"@type\":\"WebPage\",\"@id\":\"https:\\\/\\\/internetaddictsanonymous.org\\\/espanol\\\/\",\"url\":\"https:\\\/\\\/internetaddictsanonymous.org\\\/espanol\\\/\",\"name\":\"ITAA en Espa\u00f1ol &#8211; Internet and Technology Addicts Anonymous\",\"isPartOf\":{\"@id\":\"https:\\\/\\\/internetaddictsanonymous.org\\\/#website\"},\"datePublished\":\"2023-03-06T01:45:50+00:00\",\"dateModified\":\"2025-01-10T02:21:20+00:00\",\"breadcrumb\":{\"@id\":\"https:\\\/\\\/internetaddictsanonymous.org\\\/espanol\\\/#breadcrumb\"},\"inLanguage\":\"ko-KR\",\"potentialAction\":[{\"@type\":\"ReadAction\",\"target\":[\"https:\\\/\\\/internetaddictsanonymous.org\\\/espanol\\\/\"]}]},{\"@type\":\"BreadcrumbList\",\"@id\":\"https:\\\/\\\/internetaddictsanonymous.org\\\/espanol\\\/#breadcrumb\",\"itemListElement\":[{\"@type\":\"ListItem\",\"position\":1,\"name\":\"Home\",\"item\":\"https:\\\/\\\/internetaddictsanonymous.org\\\/\"},{\"@type\":\"ListItem\",\"position\":2,\"name\":\"ITAA en Espa\u00f1ol\"}]},{\"@type\":\"WebSite\",\"@id\":\"https:\\\/\\\/internetaddictsanonymous.org\\\/#website\",\"url\":\"https:\\\/\\\/internetaddictsanonymous.org\\\/\",\"name\":\"Internet and Technology Addicts Anonymous\",\"description\":\"Worldwide 12-step Fellowship for Internet and Technology Addiction\",\"publisher\":{\"@id\":\"https:\\\/\\\/internetaddictsanonymous.org\\\/#organization\"},\"potentialAction\":[{\"@type\":\"SearchAction\",\"target\":{\"@type\":\"EntryPoint\",\"urlTemplate\":\"https:\\\/\\\/internetaddictsanonymous.org\\\/?s={search_term_string}\"},\"query-input\":{\"@type\":\"PropertyValueSpecification\",\"valueRequired\":true,\"valueName\":\"search_term_string\"}}],\"inLanguage\":\"ko-KR\"},{\"@type\":\"Organization\",\"@id\":\"https:\\\/\\\/internetaddictsanonymous.org\\\/#organization\",\"name\":\"Internet and Technology Addicts Anonymous\",\"url\":\"https:\\\/\\\/internetaddictsanonymous.org\\\/\",\"logo\":{\"@type\":\"ImageObject\",\"inLanguage\":\"ko-KR\",\"@id\":\"https:\\\/\\\/internetaddictsanonymous.org\\\/#\\\/schema\\\/logo\\\/image\\\/\",\"url\":\"https:\\\/\\\/internetaddictsanonymous.org\\\/wp-content\\\/uploads\\\/2023\\\/01\\\/cropped-ITAA-logo-480px.png\",\"contentUrl\":\"https:\\\/\\\/internetaddictsanonymous.org\\\/wp-content\\\/uploads\\\/2023\\\/01\\\/cropped-ITAA-logo-480px.png\",\"width\":480,\"height\":480,\"caption\":\"Internet and Technology Addicts Anonymous\"},\"image\":{\"@id\":\"https:\\\/\\\/internetaddictsanonymous.org\\\/#\\\/schema\\\/logo\\\/image\\\/\"}}]}<\/script>\n<!-- \/ Yoast SEO plugin. -->","yoast_head_json":{"title":"ITAA en Espa\u00f1ol \u2013 \uc778\ud130\ub137 \ubc0f \uae30\uc220 \uc911\ub3c5\uc790 \uc775\uba85 \ubaa8\uc784","robots":{"index":"index","follow":"follow","max-snippet":"max-snippet:-1","max-image-preview":"max-image-preview:large","max-video-preview":"max-video-preview:-1"},"canonical":"https:\/\/internetaddictsanonymous.org\/ko\/\uc2a4\ud398\uc778\uc5b4\/","og_locale":"ko_KR","og_type":"article","og_title":"ITAA en Espa\u00f1ol &#8211; Internet and Technology Addicts Anonymous","og_description":"Bienvenido a Adictos a Internet y la Tecnolog\u00eda An\u00f3nimos. Nos alegramos de que nos hayas encontrado y esperamos que nuestra comunidad pueda serte tan \u00fatil como lo ha sido para nosotros. ITAA es una comunidad de Doce Pasos formada por personas que se apoyan mutuamente para recuperarse de la adicci\u00f3n a Internet y la tecnolog\u00eda. &hellip; Continue reading ITAA en Espa\u00f1ol","og_url":"https:\/\/internetaddictsanonymous.org\/ko\/\uc2a4\ud398\uc778\uc5b4\/","og_site_name":"Internet and Technology Addicts Anonymous","article_modified_time":"2025-01-10T02:21:20+00:00","twitter_card":"summary_large_image","twitter_misc":{"\uc608\uc0c1 \ub418\ub294 \ud310\ub3c5 \uc2dc\uac04":"3\ubd84"},"schema":{"@context":"https:\/\/schema.org","@graph":[{"@type":"WebPage","@id":"https:\/\/internetaddictsanonymous.org\/espanol\/","url":"https:\/\/internetaddictsanonymous.org\/espanol\/","name":"ITAA en Espa\u00f1ol \u2013 \uc778\ud130\ub137 \ubc0f \uae30\uc220 \uc911\ub3c5\uc790 \uc775\uba85 \ubaa8\uc784","isPartOf":{"@id":"https:\/\/internetaddictsanonymous.org\/#website"},"datePublished":"2023-03-06T01:45:50+00:00","dateModified":"2025-01-10T02:21:20+00:00","breadcrumb":{"@id":"https:\/\/internetaddictsanonymous.org\/espanol\/#breadcrumb"},"inLanguage":"ko-KR","potentialAction":[{"@type":"ReadAction","target":["https:\/\/internetaddictsanonymous.org\/espanol\/"]}]},{"@type":"BreadcrumbList","@id":"https:\/\/internetaddictsanonymous.org\/espanol\/#breadcrumb","itemListElement":[{"@type":"ListItem","position":1,"name":"Home","item":"https:\/\/internetaddictsanonymous.org\/"},{"@type":"ListItem","position":2,"name":"ITAA en Espa\u00f1ol"}]},{"@type":"WebSite","@id":"https:\/\/internetaddictsanonymous.org\/#website","url":"https:\/\/internetaddictsanonymous.org\/","name":"\uc778\ud130\ub137 \ubc0f \uae30\uc220 \uc911\ub3c5\uc790 \uc775\uba85","description":"\uc778\ud130\ub137 \ubc0f \uae30\uc220 \uc911\ub3c5\uc744 \uc704\ud55c \uc804 \uc138\uacc4 12\ub2e8\uacc4 \ud3a0\ub85c\uc6b0\uc2ed","publisher":{"@id":"https:\/\/internetaddictsanonymous.org\/#organization"},"potentialAction":[{"@type":"SearchAction","target":{"@type":"EntryPoint","urlTemplate":"https:\/\/internetaddictsanonymous.org\/?s={search_term_string}"},"query-input":{"@type":"PropertyValueSpecification","valueRequired":true,"valueName":"search_term_string"}}],"inLanguage":"ko-KR"},{"@type":"Organization","@id":"https:\/\/internetaddictsanonymous.org\/#organization","name":"\uc778\ud130\ub137 \ubc0f \uae30\uc220 \uc911\ub3c5\uc790 \uc775\uba85","url":"https:\/\/internetaddictsanonymous.org\/","logo":{"@type":"ImageObject","inLanguage":"ko-KR","@id":"https:\/\/internetaddictsanonymous.org\/#\/schema\/logo\/image\/","url":"https:\/\/internetaddictsanonymous.org\/wp-content\/uploads\/2023\/01\/cropped-ITAA-logo-480px.png","contentUrl":"https:\/\/internetaddictsanonymous.org\/wp-content\/uploads\/2023\/01\/cropped-ITAA-logo-480px.png","width":480,"height":480,"caption":"Internet and Technology Addicts Anonymous"},"image":{"@id":"https:\/\/internetaddictsanonymous.org\/#\/schema\/logo\/image\/"}}]}},"jetpack_sharing_enabled":true,"jetpack_shortlink":"https:\/\/wp.me\/P9Fwob-42d","_links":{"self":[{"href":"https:\/\/internetaddictsanonymous.org\/ko\/wp-json\/wp\/v2\/pages\/15513","targetHints":{"allow":["GET"]}}],"collection":[{"href":"https:\/\/internetaddictsanonymous.org\/ko\/wp-json\/wp\/v2\/pages"}],"about":[{"href":"https:\/\/internetaddictsanonymous.org\/ko\/wp-json\/wp\/v2\/types\/page"}],"author":[{"embeddable":true,"href":"https:\/\/internetaddictsanonymous.org\/ko\/wp-json\/wp\/v2\/users\/35194237"}],"replies":[{"embeddable":true,"href":"https:\/\/internetaddictsanonymous.org\/ko\/wp-json\/wp\/v2\/comments?post=15513"}],"version-history":[{"count":31,"href":"https:\/\/internetaddictsanonymous.org\/ko\/wp-json\/wp\/v2\/pages\/15513\/revisions"}],"predecessor-version":[{"id":19128,"href":"https:\/\/internetaddictsanonymous.org\/ko\/wp-json\/wp\/v2\/pages\/15513\/revisions\/19128"}],"wp:attachment":[{"href":"https:\/\/internetaddictsanonymous.org\/ko\/wp-json\/wp\/v2\/media?parent=15513"}],"wp:term":[{"taxonomy":"post_tag","embeddable":true,"href":"https:\/\/internetaddictsanonymous.org\/ko\/wp-json\/wp\/v2\/tags?post=15513"}],"curies":[{"name":"wp","href":"https:\/\/api.w.org\/{rel}","templated":true}]}}