{"id":16397,"date":"2023-07-16T14:05:34","date_gmt":"2023-07-16T18:05:34","guid":{"rendered":"https:\/\/internetaddictsanonymous.org\/?page_id=16397"},"modified":"2025-11-27T12:47:33","modified_gmt":"2025-11-27T20:47:33","slug":"%ec%95%84%eb%a5%b4%ed%97%a8%ed%8b%b0%eb%82%98-%eb%a1%9c%ec%82%ac%eb%a6%ac%ec%98%a4","status":"publish","type":"page","link":"https:\/\/internetaddictsanonymous.org\/ko\/in-person-meetings\/argentina-rosario\/","title":{"rendered":"\uc544\ub974\ud5e8\ud2f0\ub098\uc758 ITAA"},"content":{"rendered":"<p>\u00a1 Bienvenido a Adictos a Internet y la Tecnolog\u00eda An\u00f3nimos!\u00a0<strong>ITAA\ub294 Doce Pasos\uc758 \ub3d9\ub8cc\ub85c\uc11c \uc778\ud130\ub137 \uae30\uc220\uc5d0 \ub300\ud55c \ud68c\ubcf5\uc744 \uc704\ud55c \uc0c1\ud638 \ubcf4\uc644\uc801\uc778 \uc131\uaca9\uc744 \uac16\uace0 \uc788\uc2b5\ub2c8\ub2e4.<\/strong>\u00a0\uc5ec\uae30\uc5d0\ub294 \uc0ac\ud68c\uc758 Redes, \ub85c\uc2a4 \uc140\ub8f0\ub7ec, \uc628\ub77c\uc778 \ube44\ub514\uc624, \ub85c\uc2a4 \ube44\ub514\uc624 \uac8c\uc784, \uacf5\uc9c0, \ud3ec\ub974\ub178\uadf8\ub77c\ud53c, \uc2dc\ud0c0 \uc751\uc6a9 \ud504\ub85c\uadf8\ub7a8, \uc628\ub77c\uc778 \uc870\uc0ac, \ub514\uc9c0\ud138 \ubc29\uc2dd\uc73c\ub85c \uac15\uc81c \uc2e4\ud589\ub418\ub294 \ubb38\uc81c \ub4f1\uc774 \ud3ec\ud568\ub429\ub2c8\ub2e4.\u00a0<\/p>\n\n\n\n<h3 class=\"wp-block-heading\">Reuniones en Rosario todas las semanas<\/h3>\n\n\n\n<p><strong>\uc6b0\ub9ac\uc640 \ud568\uaed8\ud558\uc138\uc694 <a href=\"https:\/\/tinyurl.com\/Grupo-ITAA-Rosario\">WhatsApp \uadf8\ub8f9<\/a> para mas informacion: <br><a href=\"https:\/\/tinyurl.com\/Grupo-ITAA-Rosario\" target=\"_blank\" rel=\"noreferrer noopener\">https:\/\/tinyurl.com\/Grupo-ITAA-Rosario<\/a> <\/strong><br>O envia un email a\u00a0<a href=\"mailto:mauricioinserenity@gmail.com\" target=\"_blank\" rel=\"noreferrer noopener\">mauricioinserenity@gmail.com<\/a>.<\/p>\n\n\n\n<h3 class=\"wp-block-heading\">Zoom\uc744 \ud1b5\ud55c \ubaa8\uc784<\/h3>\n\n\n\n<p>Si sos nuevo, te animamos a que pruebes a asistir a seis reuniones en un breve periodo de tiempo para ver si nuestro programa puede serte \u00fatil. \ub85c\uc0ac\ub9ac\uc624\uc758 \ub204\uc5d0\uc2a4\ud2b8\ub77c \uc7ac\ud68c \ubaa8\uc784, \ub204\uc5d0\uc2a4\ud2b8\ub85c \uc0c1\ub2f4\uc790 \uc0c1\ub2f4\u00a0<a href=\"https:\/\/internetaddictsanonymous.org\/es\/espanol\/\">Zoom\uc758 \uc7ac\ud68c \uc644\ub8cc \ub2ec\ub825<\/a>. \ubaa8\ub4e0 \ubbf8\ud305\uc740 \uc804\uc561 \ubb34\ub8cc\uc774\uba70 \uc775\uba85\uc785\ub2c8\ub2e4.<\/p>\n\n\n\n<h3 class=\"wp-block-heading\"><strong>\ud68c\uc758\ub294 \uc5b4\ub5bb\uac8c \uc9c4\ud589\ub418\ub098\uc694?<\/strong><\/h3>\n\n\n\n<p>\ucc98\uc74c \ubaa8\uc784\uc5d0 \ucc38\uc11d\ud558\uc2dc\ub294 \ubd84\uc774\ub77c\ub3c4 \uac71\uc815\ud558\uc9c0 \uc54a\uc73c\uc154\ub3c4 \ub429\ub2c8\ub2e4. \uc800\ud76c \ubaa8\uc784\uc740 \ub300\ubd80\ubd84 \uac04\ub2e8\ud558\uac8c \uc9c4\ud589\ub429\ub2c8\ub2e4. \uac01 \ubaa8\uc784\uc5d0\ub294 \uc0ac\ud68c\uc790\uac00 \uc788\uc73c\uba70, \ub300\ubd80\ubd84 \ud55c \uc2dc\uac04 \uc815\ub3c4 \uc18c\uc694\ub429\ub2c8\ub2e4. \uc0ac\ud68c\uc790\uc640 \ub2e4\ub978 \uc790\uc6d0\ubd09\uc0ac\uc790\ub4e4\uc774 \uac04\ub2e8\ud55c \uac1c\ud68c\uc0ac\ub97c \ud55c \ud6c4, \ud68c\uc6d0\ub4e4\uc774 \uc790\uc720\ub86d\uac8c \uc758\uacac\uc744 \ub098\ub204\ub294 \uc2dc\uac04\uc744 \uac16\uc2b5\ub2c8\ub2e4. \uaf2d \ubc1c\ud45c\ub97c \ud558\uc154\uc57c \ud558\ub294 \uac83\uc740 \uc544\ub2c8\uba70, \uacbd\uccad\ub9cc \ud558\uc154\ub3c4 \uad1c\ucc2e\uc2b5\ub2c8\ub2e4. \ud3b8\uc548\ud558\uac8c \ub290\uaef4\uc9c0\uc2e0\ub2e4\uba74 \uc790\uae30\uc18c\uac1c\ub97c \ud558\uace0 ITAA\uc5d0 \uc624\uac8c \ub41c \uacc4\uae30\ub97c \ub9d0\uc500\ud574 \uc8fc\uc154\ub3c4 \uc88b\uc2b5\ub2c8\ub2e4. \ubc1c\ud45c\uc790\uac00 \uc694\uccad\ud558\uc9c0 \uc54a\ub294 \ud55c, \ub2e4\ub978 \ud68c\uc6d0\uc758 \ubc1c\ud45c\uc5d0 \ub300\ud574 \uc758\uacac\uc774\ub098 \uc81c\uc548\uc744 \uc81c\uc2dc\ud558\uc9c0 \uc54a\uc2b5\ub2c8\ub2e4. \uadf8\uc800 \ud3b8\uacac \uc5c6\uc774 \uacbd\uccad\ud558\ub294 \uac83\uc774 \uc800\ud76c\uc758 \uc5ed\ud560\uc785\ub2c8\ub2e4. \ud55c \uc2dc\uac04\uc774 \ub05d\ub098\uba74 \ub9c8\ubb34\ub9ac \ubc1c\uc5b8\uc73c\ub85c \ubaa8\uc784\uc744 \ub9c8\ubb34\ub9ac\ud558\uace0, \ud68c\uc6d0\ub4e4\uc740 \uc790\uc720\ub86d\uac8c \uc774\uc57c\uae30\ub97c \ub098\ub204\uac70\ub098 \uc9c8\ubb38\uc744 \ud558\uace0 \uc5f0\ub77d\ucc98\ub97c \uad50\ud658\ud569\ub2c8\ub2e4.<\/p>\n\n\n\n<h3 class=\"wp-block-heading\">\uc778\ud130\ub137 \ubc0f \uae30\uc220 \uc911\ub3c5 \ub9ac\uc18c\uc2a4<\/h3>\n\n\n\n<p>\uc778\ud130\ub137 \ubc0f \uae30\uc220 \uc911\ub3c5 \uc5ec\ubd80\uac00 \uad81\uae08\ud558\ub2e4\uba74 \ub2e4\uc74c \uc124\ubb38\uc9c0\ub97c \uac80\ud1a0\ud574 \ubcf4\uc138\uc694. <a href=\"https:\/\/internetaddictsanonymous.org\/ko\/%ec%9d%b8%ed%84%b0%eb%84%b7-%eb%b0%8f-%ea%b8%b0%ec%88%a0-%ec%a4%91%eb%8f%85\/\">\uc778\ud130\ub137 \uc911\ub3c5<\/a>, <a href=\"https:\/\/internetaddictsanonymous.org\/ko\/%ec%9d%b8%ed%84%b0%eb%84%b7-%eb%b0%8f-%ea%b8%b0%ec%88%a0-%ec%a4%91%eb%8f%85\/%ec%86%8c%ec%85%9c-%eb%af%b8%eb%94%94%ec%96%b4-%ec%a4%91%eb%8f%85\/\">\uc18c\uc15c \ubbf8\ub514\uc5b4 \uc911\ub3c5<\/a>, <a href=\"https:\/\/internetaddictsanonymous.org\/ko\/%ec%9d%b8%ed%84%b0%eb%84%b7-%ec%a4%91%eb%8f%85\/%ec%8a%a4%ed%8a%b8%eb%a6%ac%eb%b0%8d-%ec%a4%91%eb%8f%85\/\">\uc2a4\ud2b8\ub9ac\ubc0d \uc911\ub3c5<\/a>, <a href=\"https:\/\/internetaddictsanonymous.org\/ko\/%ec%9d%b8%ed%84%b0%eb%84%b7-%eb%b0%8f-%ea%b8%b0%ec%88%a0-%ec%a4%91%eb%8f%85\/%ed%9c%b4%eb%8c%80%ed%8f%b0-%ec%a4%91%eb%8f%85\/\">\ud734\ub300\ud3f0 \uc911\ub3c5<\/a>\ub610\ub294 <a href=\"https:\/\/internetaddictsanonymous.org\/ko\/%ec%9d%b8%ed%84%b0%eb%84%b7-%eb%b0%8f-%ea%b8%b0%ec%88%a0-%ec%a4%91%eb%8f%85\/%eb%b9%84%eb%94%94%ec%98%a4-%ea%b2%8c%ec%9e%84-%ec%a4%91%eb%8f%85\/\">\ube44\ub514\uc624 \uac8c\uc784 \uc911\ub3c5<\/a>. \ub610\ud55c ITAA\uc5d0 \ub300\ud55c \uc790\uc138\ud55c \ub0b4\uc6a9\uc740&nbsp;<a href=\"https:\/\/internetaddictsanonymous.org\/ko\/%ec%83%88%eb%a1%9c-%ec%98%a8-%ec%82%ac%eb%9e%8c%eb%93%a4%ec%9d%84-%ec%9c%84%ed%95%9c-%ea%b0%80%ec%9d%b4%eb%93%9c\/\">\uc0c8\ub85c \uc628 \uc0ac\ub78c\ub4e4\uc744 \uc704\ud55c \uac00\uc774\ub4dc<\/a>\ub97c \uac80\ud1a0\ud558\uace0 <a href=\"https:\/\/internetaddictsanonymous.org\/ko\/%eb%a6%ac%ec%86%8c%ec%8a%a4\/%eb%b3%b5%ea%b5%ac-%eb%8f%84%ea%b5%ac\/\">\ubcf5\uad6c \ub3c4\uad6c<\/a>\ub97c \ub4e3\uac70\ub098 <a href=\"https:\/\/internetaddictsanonymous.org\/ko\/%eb%b3%b5%ea%b5%ac-%ec%82%ac%eb%a1%80\/\">\ud68c\uc6d0\ub4e4\uc758 \ud68c\ubcf5 \uc2a4\ud1a0\ub9ac<\/a>.<\/p>\n\n\n\n<p>ITAA\ub294 \uc5b4\ub5a0\ud55c \uc815\uce58\uc801 \uc758\uc81c, \uc885\uad50 \ub610\ub294 \uc678\ubd80 \uc774\ud574\uad00\uacc4\uc640\ub3c4 \uad00\ub828\uc774 \uc5c6\uc2b5\ub2c8\ub2e4. \uc6b0\ub9ac\ub294 \uc644\uc804\ud788 \uc790\ub9bd\ud558\uc5ec \ud544\uc694\ud55c \ubaa8\ub4e0 \uc0ac\ub78c\uc5d0\uac8c \ubb34\ub8cc\ub85c \uc11c\ube44\uc2a4\ub97c \uc81c\uacf5\ud569\ub2c8\ub2e4. \uc6b0\ub9ac\uc758 \uc720\uc77c\ud55c \ubaa9\uc801\uc740 \uac15\ubc15\uc801\uc778 \uc778\ud130\ub137 \ubc0f \uae30\uc220 \uc0ac\uc6a9\uc744 \uc790\uc81c\ud558\uace0 \ub2e4\ub978 \uc0ac\ub78c\ub4e4\uc774 \uc774\ub7ec\ud55c \uc911\ub3c5\uc73c\ub85c\ubd80\ud130 \uc790\uc720\ub97c \ucc3e\uc744 \uc218 \uc788\ub3c4\ub85d \ub3d5\ub294 \uac83\uc785\ub2c8\ub2e4.<\/p>\n\n\n\n<p>\ub2e4\uc2dc \ud55c\ubc88 \ud658\uc601\ud569\ub2c8\ub2e4! \uc774 \ucee4\ubba4\ub2c8\ud2f0\uac00 \uc778\ud130\ub137 \ubc0f \uae30\uc220 \uc911\ub3c5\uc5d0\uc11c \ud68c\ubcf5\ud558\ub294 \ub370 \ud544\uc694\ud55c \uc9c0\uc6d0\uc744 \uc81c\uacf5\ud574 \ub4dc\ub9b4 \uc218 \uc788\uae30\ub97c \ubc14\ub78d\ub2c8\ub2e4. \uc9c8\ubb38\uc774 \uc788\uc73c\uc2dc\uba74 \uc5b8\uc81c\ub4e0\uc9c0 \uc800\ud76c\uc5d0\uac8c \uc5f0\ub77d\ud574 \uc8fc\uc138\uc694.<\/p>\n<!-- PMB print buttons is only displayed on a single post\/page URLs-->","protected":false},"excerpt":{"rendered":"<p>\u00a1Bienvenido a Adictos a Internet y la Tecnolog\u00eda An\u00f3nimos!\u00a0ITAA es una comunidad de Doce Pasos formada por personas que se apoyan mutuamente para recuperarse de la adicci\u00f3n a Internet y a la tecnolog\u00eda.\u00a0Esto incluye la adicci\u00f3n a las redes sociales, los celulares, los v\u00eddeos online, los videojuegos, las noticias, la pornograf\u00eda, las aplicaciones de citas, &hellip; <a href=\"https:\/\/internetaddictsanonymous.org\/ko\/in-person-meetings\/argentina-rosario\/\" class=\"more-link\">\uacc4\uc18d \uc77d\uae30 <span class=\"screen-reader-text\">\uc544\ub974\ud5e8\ud2f0\ub098\uc758 ITAA<\/span><\/a><\/p>","protected":false},"author":35194237,"featured_media":0,"parent":148,"menu_order":0,"comment_status":"closed","ping_status":"closed","template":"full-width-page.php","meta":{"inline_featured_image":false,"_lmt_disableupdate":"","_lmt_disable":"","footnotes":""},"tags":[],"class_list":["post-16397","page","type-page","status-publish","hentry"],"yoast_head":"<!-- This site is optimized with the Yoast SEO plugin v27.5 - https:\/\/yoast.com\/product\/yoast-seo-wordpress\/ -->\n<title>ITAA en Argentina &#8211; Internet and Technology Addicts Anonymous<\/title>\n<meta name=\"robots\" content=\"index, follow, max-snippet:-1, max-image-preview:large, max-video-preview:-1\" \/>\n<link rel=\"canonical\" href=\"https:\/\/internetaddictsanonymous.org\/ko\/\ub300\uba74-\ud68c\uc758\/\uc544\ub974\ud5e8\ud2f0\ub098-\ub85c\uc0ac\ub9ac\uc624\/\" \/>\n<meta property=\"og:locale\" content=\"ko_KR\" \/>\n<meta property=\"og:type\" content=\"article\" \/>\n<meta property=\"og:title\" content=\"ITAA en Argentina &#8211; Internet and Technology Addicts Anonymous\" \/>\n<meta property=\"og:description\" content=\"\u00a1Bienvenido a Adictos a Internet y la Tecnolog\u00eda An\u00f3nimos!\u00a0ITAA es una comunidad de Doce Pasos formada por personas que se apoyan mutuamente para recuperarse de la adicci\u00f3n a Internet y a la tecnolog\u00eda.\u00a0Esto incluye la adicci\u00f3n a las redes sociales, los celulares, los v\u00eddeos online, los videojuegos, las noticias, la pornograf\u00eda, las aplicaciones de citas, &hellip; Continue reading ITAA en Argentina\" \/>\n<meta property=\"og:url\" content=\"https:\/\/internetaddictsanonymous.org\/ko\/\ub300\uba74-\ud68c\uc758\/\uc544\ub974\ud5e8\ud2f0\ub098-\ub85c\uc0ac\ub9ac\uc624\/\" \/>\n<meta property=\"og:site_name\" content=\"Internet and Technology Addicts Anonymous\" \/>\n<meta property=\"article:modified_time\" content=\"2025-11-27T20:47:33+00:00\" \/>\n<meta name=\"twitter:card\" content=\"summary_large_image\" \/>\n<meta name=\"twitter:label1\" content=\"\uc608\uc0c1 \ub418\ub294 \ud310\ub3c5 \uc2dc\uac04\" \/>\n\t<meta name=\"twitter:data1\" content=\"2\ubd84\" \/>\n<script type=\"application\/ld+json\" class=\"yoast-schema-graph\">{\"@context\":\"https:\\\/\\\/schema.org\",\"@graph\":[{\"@type\":\"WebPage\",\"@id\":\"https:\\\/\\\/internetaddictsanonymous.org\\\/in-person-meetings\\\/argentina-rosario\\\/\",\"url\":\"https:\\\/\\\/internetaddictsanonymous.org\\\/in-person-meetings\\\/argentina-rosario\\\/\",\"name\":\"ITAA en Argentina &#8211; Internet and Technology Addicts Anonymous\",\"isPartOf\":{\"@id\":\"https:\\\/\\\/internetaddictsanonymous.org\\\/#website\"},\"datePublished\":\"2023-07-16T18:05:34+00:00\",\"dateModified\":\"2025-11-27T20:47:33+00:00\",\"breadcrumb\":{\"@id\":\"https:\\\/\\\/internetaddictsanonymous.org\\\/in-person-meetings\\\/argentina-rosario\\\/#breadcrumb\"},\"inLanguage\":\"ko-KR\",\"potentialAction\":[{\"@type\":\"ReadAction\",\"target\":[\"https:\\\/\\\/internetaddictsanonymous.org\\\/in-person-meetings\\\/argentina-rosario\\\/\"]}]},{\"@type\":\"BreadcrumbList\",\"@id\":\"https:\\\/\\\/internetaddictsanonymous.org\\\/in-person-meetings\\\/argentina-rosario\\\/#breadcrumb\",\"itemListElement\":[{\"@type\":\"ListItem\",\"position\":1,\"name\":\"Home\",\"item\":\"https:\\\/\\\/internetaddictsanonymous.org\\\/\"},{\"@type\":\"ListItem\",\"position\":2,\"name\":\"In-Person Meetings\",\"item\":\"https:\\\/\\\/internetaddictsanonymous.org\\\/in-person-meetings\\\/\"},{\"@type\":\"ListItem\",\"position\":3,\"name\":\"ITAA en Argentina\"}]},{\"@type\":\"WebSite\",\"@id\":\"https:\\\/\\\/internetaddictsanonymous.org\\\/#website\",\"url\":\"https:\\\/\\\/internetaddictsanonymous.org\\\/\",\"name\":\"Internet and Technology Addicts Anonymous\",\"description\":\"Worldwide 12-step Fellowship for Internet and Technology Addiction\",\"publisher\":{\"@id\":\"https:\\\/\\\/internetaddictsanonymous.org\\\/#organization\"},\"potentialAction\":[{\"@type\":\"SearchAction\",\"target\":{\"@type\":\"EntryPoint\",\"urlTemplate\":\"https:\\\/\\\/internetaddictsanonymous.org\\\/?s={search_term_string}\"},\"query-input\":{\"@type\":\"PropertyValueSpecification\",\"valueRequired\":true,\"valueName\":\"search_term_string\"}}],\"inLanguage\":\"ko-KR\"},{\"@type\":\"Organization\",\"@id\":\"https:\\\/\\\/internetaddictsanonymous.org\\\/#organization\",\"name\":\"Internet and Technology Addicts Anonymous\",\"url\":\"https:\\\/\\\/internetaddictsanonymous.org\\\/\",\"logo\":{\"@type\":\"ImageObject\",\"inLanguage\":\"ko-KR\",\"@id\":\"https:\\\/\\\/internetaddictsanonymous.org\\\/#\\\/schema\\\/logo\\\/image\\\/\",\"url\":\"https:\\\/\\\/internetaddictsanonymous.org\\\/wp-content\\\/uploads\\\/2023\\\/01\\\/cropped-ITAA-logo-480px.png\",\"contentUrl\":\"https:\\\/\\\/internetaddictsanonymous.org\\\/wp-content\\\/uploads\\\/2023\\\/01\\\/cropped-ITAA-logo-480px.png\",\"width\":480,\"height\":480,\"caption\":\"Internet and Technology Addicts Anonymous\"},\"image\":{\"@id\":\"https:\\\/\\\/internetaddictsanonymous.org\\\/#\\\/schema\\\/logo\\\/image\\\/\"}}]}<\/script>\n<!-- \/ Yoast SEO plugin. -->","yoast_head_json":{"title":"ITAA en Argentina \u2013 \uc778\ud130\ub137 \ubc0f \uae30\uc220 \uc911\ub3c5\uc790 \uc775\uba85 \ubaa8\uc784","robots":{"index":"index","follow":"follow","max-snippet":"max-snippet:-1","max-image-preview":"max-image-preview:large","max-video-preview":"max-video-preview:-1"},"canonical":"https:\/\/internetaddictsanonymous.org\/ko\/\ub300\uba74-\ud68c\uc758\/\uc544\ub974\ud5e8\ud2f0\ub098-\ub85c\uc0ac\ub9ac\uc624\/","og_locale":"ko_KR","og_type":"article","og_title":"ITAA en Argentina &#8211; Internet and Technology Addicts Anonymous","og_description":"\u00a1Bienvenido a Adictos a Internet y la Tecnolog\u00eda An\u00f3nimos!\u00a0ITAA es una comunidad de Doce Pasos formada por personas que se apoyan mutuamente para recuperarse de la adicci\u00f3n a Internet y a la tecnolog\u00eda.\u00a0Esto incluye la adicci\u00f3n a las redes sociales, los celulares, los v\u00eddeos online, los videojuegos, las noticias, la pornograf\u00eda, las aplicaciones de citas, &hellip; Continue reading ITAA en Argentina","og_url":"https:\/\/internetaddictsanonymous.org\/ko\/\ub300\uba74-\ud68c\uc758\/\uc544\ub974\ud5e8\ud2f0\ub098-\ub85c\uc0ac\ub9ac\uc624\/","og_site_name":"Internet and Technology Addicts Anonymous","article_modified_time":"2025-11-27T20:47:33+00:00","twitter_card":"summary_large_image","twitter_misc":{"\uc608\uc0c1 \ub418\ub294 \ud310\ub3c5 \uc2dc\uac04":"2\ubd84"},"schema":{"@context":"https:\/\/schema.org","@graph":[{"@type":"WebPage","@id":"https:\/\/internetaddictsanonymous.org\/in-person-meetings\/argentina-rosario\/","url":"https:\/\/internetaddictsanonymous.org\/in-person-meetings\/argentina-rosario\/","name":"ITAA en Argentina \u2013 \uc778\ud130\ub137 \ubc0f \uae30\uc220 \uc911\ub3c5\uc790 \uc775\uba85 \ubaa8\uc784","isPartOf":{"@id":"https:\/\/internetaddictsanonymous.org\/#website"},"datePublished":"2023-07-16T18:05:34+00:00","dateModified":"2025-11-27T20:47:33+00:00","breadcrumb":{"@id":"https:\/\/internetaddictsanonymous.org\/in-person-meetings\/argentina-rosario\/#breadcrumb"},"inLanguage":"ko-KR","potentialAction":[{"@type":"ReadAction","target":["https:\/\/internetaddictsanonymous.org\/in-person-meetings\/argentina-rosario\/"]}]},{"@type":"BreadcrumbList","@id":"https:\/\/internetaddictsanonymous.org\/in-person-meetings\/argentina-rosario\/#breadcrumb","itemListElement":[{"@type":"ListItem","position":1,"name":"Home","item":"https:\/\/internetaddictsanonymous.org\/"},{"@type":"ListItem","position":2,"name":"In-Person Meetings","item":"https:\/\/internetaddictsanonymous.org\/in-person-meetings\/"},{"@type":"ListItem","position":3,"name":"ITAA en Argentina"}]},{"@type":"WebSite","@id":"https:\/\/internetaddictsanonymous.org\/#website","url":"https:\/\/internetaddictsanonymous.org\/","name":"\uc778\ud130\ub137 \ubc0f \uae30\uc220 \uc911\ub3c5\uc790 \uc775\uba85","description":"\uc778\ud130\ub137 \ubc0f \uae30\uc220 \uc911\ub3c5\uc744 \uc704\ud55c \uc804 \uc138\uacc4 12\ub2e8\uacc4 \ud3a0\ub85c\uc6b0\uc2ed","publisher":{"@id":"https:\/\/internetaddictsanonymous.org\/#organization"},"potentialAction":[{"@type":"SearchAction","target":{"@type":"EntryPoint","urlTemplate":"https:\/\/internetaddictsanonymous.org\/?s={search_term_string}"},"query-input":{"@type":"PropertyValueSpecification","valueRequired":true,"valueName":"search_term_string"}}],"inLanguage":"ko-KR"},{"@type":"Organization","@id":"https:\/\/internetaddictsanonymous.org\/#organization","name":"\uc778\ud130\ub137 \ubc0f \uae30\uc220 \uc911\ub3c5\uc790 \uc775\uba85","url":"https:\/\/internetaddictsanonymous.org\/","logo":{"@type":"ImageObject","inLanguage":"ko-KR","@id":"https:\/\/internetaddictsanonymous.org\/#\/schema\/logo\/image\/","url":"https:\/\/internetaddictsanonymous.org\/wp-content\/uploads\/2023\/01\/cropped-ITAA-logo-480px.png","contentUrl":"https:\/\/internetaddictsanonymous.org\/wp-content\/uploads\/2023\/01\/cropped-ITAA-logo-480px.png","width":480,"height":480,"caption":"Internet and Technology Addicts Anonymous"},"image":{"@id":"https:\/\/internetaddictsanonymous.org\/#\/schema\/logo\/image\/"}}]}},"jetpack_sharing_enabled":true,"jetpack_shortlink":"https:\/\/wp.me\/P9Fwob-4gt","_links":{"self":[{"href":"https:\/\/internetaddictsanonymous.org\/ko\/wp-json\/wp\/v2\/pages\/16397","targetHints":{"allow":["GET"]}}],"collection":[{"href":"https:\/\/internetaddictsanonymous.org\/ko\/wp-json\/wp\/v2\/pages"}],"about":[{"href":"https:\/\/internetaddictsanonymous.org\/ko\/wp-json\/wp\/v2\/types\/page"}],"author":[{"embeddable":true,"href":"https:\/\/internetaddictsanonymous.org\/ko\/wp-json\/wp\/v2\/users\/35194237"}],"replies":[{"embeddable":true,"href":"https:\/\/internetaddictsanonymous.org\/ko\/wp-json\/wp\/v2\/comments?post=16397"}],"version-history":[{"count":10,"href":"https:\/\/internetaddictsanonymous.org\/ko\/wp-json\/wp\/v2\/pages\/16397\/revisions"}],"predecessor-version":[{"id":20708,"href":"https:\/\/internetaddictsanonymous.org\/ko\/wp-json\/wp\/v2\/pages\/16397\/revisions\/20708"}],"up":[{"embeddable":true,"href":"https:\/\/internetaddictsanonymous.org\/ko\/wp-json\/wp\/v2\/pages\/148"}],"wp:attachment":[{"href":"https:\/\/internetaddictsanonymous.org\/ko\/wp-json\/wp\/v2\/media?parent=16397"}],"wp:term":[{"taxonomy":"post_tag","embeddable":true,"href":"https:\/\/internetaddictsanonymous.org\/ko\/wp-json\/wp\/v2\/tags?post=16397"}],"curies":[{"name":"wp","href":"https:\/\/api.w.org\/{rel}","templated":true}]}}