{"id":19769,"date":"2025-05-23T18:10:52","date_gmt":"2025-05-24T01:10:52","guid":{"rendered":"https:\/\/internetaddictsanonymous.org\/?page_id=19769"},"modified":"2025-11-27T12:53:21","modified_gmt":"2025-11-27T20:53:21","slug":"%ed%94%84%eb%9e%91%ec%8a%a4","status":"publish","type":"page","link":"https:\/\/internetaddictsanonymous.org\/ko\/in-person-meetings\/france\/","title":{"rendered":"\ud504\ub791\uc2a4\uc758 ITAA"},"content":{"rendered":"<p>\uc778\ud130\ub137 \ubc0f \uae30\uc220 \uc911\ub3c5\uc790 \uc775\uba85 \ucee4\ubba4\ub2c8\ud2f0\uc5d0 \uc624\uc2e0 \uac83\uc744 \ud658\uc601\ud569\ub2c8\ub2e4! \uc800\ud76c\ub97c \ucc3e\uc544\uc8fc\uc154\uc11c \uac10\uc0ac\ub4dc\ub9ac\uba70, \uc800\ud76c \ucee4\ubba4\ub2c8\ud2f0\uac00 \uc800\ud76c\uc640 \ub9c8\ucc2c\uac00\uc9c0\ub85c \uc5ec\ub7ec\ubd84\uc5d0\uac8c\ub3c4 \ub3c4\uc6c0\uc774 \ub418\uae30\ub97c \ubc14\ub78d\ub2c8\ub2e4.<strong> <mark style=\"background-color:rgba(0, 0, 0, 0)\" class=\"has-inline-color has-dark-gray-color\">ITAA\ub294 \uc778\ud130\ub137 \ubc0f \uae30\uc220 \uc911\ub3c5\uc5d0\uc11c \ud68c\ubcf5\ud558\ub294 \ub370 \uc11c\ub85c\ub97c \uc9c0\uc6d0\ud558\ub294 \uac1c\uc778\ub4e4\uc758 12\ub2e8\uacc4 \uce5c\ubaa9 \ubaa8\uc784\uc785\ub2c8\ub2e4.<\/mark><\/strong> \uc5ec\uae30\uc5d0\ub294 \uc18c\uc15c \ubbf8\ub514\uc5b4, \uc2a4\ub9c8\ud2b8\ud3f0, \uc2a4\ud2b8\ub9ac\ubc0d \ube44\ub514\uc624 \ub610\ub294 \uc624\ub514\uc624 \ucf58\ud150\uce20, \uac8c\uc784, \ub274\uc2a4, \uc74c\ub780\ubb3c, \ub370\uc774\ud2b8 \uc571, \uc628\ub77c\uc778 \uac80\uc0c9, \uc628\ub77c\uc778 \uc1fc\ud551 \ub610\ub294 \uac15\ubc15\uc801\uc774\uace0 \ubb38\uc81c\uac00 \ub418\ub294 \uae30\ud0c0 \ubaa8\ub4e0 \ub514\uc9c0\ud138 \ud65c\ub3d9\uc5d0 \ub300\ud55c \uc911\ub3c5\uc774 \ud3ec\ud568\ub429\ub2c8\ub2e4.&nbsp;<\/p>\n\n\n\n<h3 class=\"wp-block-heading\"><span style=\"color:orange;\">\ub9b4\uc5d0\uc11c \uc5f4\ub9ac\ub294 ITAA \ud68c\uc758<\/span><\/h3>\n\n\n\n<p>ITAA\uc758 \ud504\ub791\uc2a4 \ud68c\uc6d0\ub4e4\uc774 \ud504\ub791\uc2a4 \ub9b4\uacfc \ud504\ub791\uc2a4 \ubd81\ubd80 \uc9c0\uc5ed\uc5d0\uc11c \ub300\uba74 \ud68c\uc758\ub97c \uac1c\ucd5c\ud558\uace0\uc790 \ud569\ub2c8\ub2e4. \uad00\uc2ec \uc788\uc73c\uc2e0 \ubd84\uc740 \ube0c\ub8e8\ub178 C.\uc5d0\uac8c \ub2e4\uc74c \uc774\uba54\uc77c \uc8fc\uc18c\ub85c \uc5f0\ub77d\ud574 \uc8fc\uc2ed\uc2dc\uc624.&nbsp;<a href=\"mailto:aabruno@orange.fr\" target=\"_blank\" rel=\"noreferrer noopener\">aabruno@orange.fr<\/a><br><br>__________________________<\/p>\n\n\n\n<p><br>Les membres fran\u00e7ais de l&#039;ITAA souhaitent \uc870\uc9c1\uc790 une r\u00e9union en pr\u00e9sentiel \u00e0 Lille et dans le nord de la France. Si vous \u00eates int\u00e9ress\u00e9, contactez Bruno C. \u00e0 l&#039;adresse \uc774\uba54\uc77c: aabruno@orange.fr<\/p>\n\n\n\n<p><\/p>\n\n\n\n<h3 class=\"wp-block-heading\">\ud30c\ub9ac\uc5d0\uc11c \uc5f4\ub9ac\ub294 ITAA \ud68c\uc758<\/h3>\n\n\n\n<p>\uc2dc\uac04: \ub9e4\uc8fc \uc6d4\uc694\uc77c \uc800\ub141 7\uc2dc&nbsp;<br>\uc7a5\uc18c: Solidarit\u00e9 Roquette&nbsp;<br>47 Roquette street, 75011 Paris, \uc9c0\ud558\ucca0\uc5ed Bastille, Voltaire \ub610\ub294 Richard Lenoir.<br>\ucd94\uac00 \uc548\ub0b4: \uc785\uc7a5\ud558\uc2dc\ub824\uba74 \uc778\ud130\ud3f0\uc5d0\uc11c &quot;P&quot;\ub97c \ub204\ub974\uc2dc\uace0 1\uce35\uc73c\ub85c \uc62c\ub77c\uc624\uc138\uc694. \ubcf5\ub3c4 \ub05d \uc67c\ucabd \ud3b8\uc5d0 \uc800\ud76c \ubc29\uc774 \uc788\uc2b5\ub2c8\ub2e4. \uc800\ud76c \ubc29 \uc55e\uc5d0\uc11c \uc9c4\ud589\ub418\ub294 \ub2e4\ub978 \ubaa8\uc784\uc5d0 \ubc29\ud574\uac00 \ub418\uc9c0 \uc54a\ub3c4\ub85d \uc8fc\uc758\ud574 \uc8fc\uc138\uc694.<\/p>\n\n\n\n<p>\uc5f0\ub77d\ucc98: kieran.bilau@free.fr<br><br>__________________________<\/p>\n\n\n\n<p><br>Bienvenue dans notre r\u00e9union ITAA! Nous nous Retrouvons\ub294 les semaine pour 1h de partages, le lundi \u00e0 19h\ub97c \uc120\uc804\ud569\ub2c8\ub2e4.&nbsp;<br>\uc8fc\uc18c : Solidarit\u00e9 Roquette&nbsp;<br>47 rue de la Roquette, 75011 Paris, m\u00e9tro Bastille, Voltaire \ub610\ub294 Richard Lenoir.<br><br>Pour entrer, appuyer sur \u201cP\u201d sur l&#039;interphone, monter au premier \u00e9tage, la salle est sur la gauche aufound du couloir. S&#039;il vous pla\u00eet, prenez soin de ne pas d\u00e9ranger la r\u00e9union d&#039;une autre fraternit\u00e9 qui a lieu en \uc5bc\uad74 de la notre.<\/p>\n\n\n\n<p>\uc5f0\ub77d\ucc98: kieran.bilau@free.fr<\/p>\n\n\n\n<h3 class=\"wp-block-heading\">\ucd94\uac00 \ud68c\uc758<\/h3>\n\n\n\n<p>\ucc98\uc74c \uc624\uc2dc\ub294 \ubd84\uc774\ub77c\uba74, \uc800\ud76c \ud504\ub85c\uadf8\ub7a8\uc774 \uc5ec\ub7ec\ubd84\uc5d0\uac8c \ub3c4\uc6c0\uc774 \ub420 \uc218 \uc788\ub294\uc9c0 \ud655\uc778\ud558\uae30 \uc704\ud574 \uc9e7\uc740 \uae30\uac04 \ub3d9\uc548 6\ud68c \ubaa8\uc784\uc5d0 \ucc38\uc11d\ud574 \ubcf4\uc2dc\ub294 \uac83\uc744 \uad8c\uc7a5\ud569\ub2c8\ub2e4. \uc9c0\uc5ed \ubaa8\uc784 \uc678\uc5d0\ub3c4 \uc800\ud76c \uc6f9\uc0ac\uc774\ud2b8\uc5d0\uc11c \uc81c\uacf5\ud558\ub294 \uc628\ub77c\uc778 \ubaa8\uc784 \uc815\ubcf4\ub3c4 \ucc38\uace0\ud558\uc2e4 \uc218 \uc788\uc2b5\ub2c8\ub2e4. <a href=\"https:\/\/internetaddictsanonymous.org\/ko\/%eb%8c%80%eb%a9%b4-%ed%9a%8c%ec%9d%98\/\">\uae30\ud0c0 \ub300\uba74 \ud68c\uc758<\/a> \uadf8\ub9ac\uace0 <a href=\"https:\/\/internetaddictsanonymous.org\/ko\/%ec%98%a8%eb%9d%bc%ec%9d%b8-%ed%9a%8c%ec%9d%98\/\">\uc628\ub77c\uc778 \ud68c\uc758 \uc804\uccb4 \uc77c\uc815<\/a>. \ubaa8\ub4e0 \ubbf8\ud305\uc740 \uc644\uc804 \ubb34\ub8cc\uc774\uba70 \uc775\uba85\uc73c\ub85c \uc9c4\ud589\ub429\ub2c8\ub2e4.<\/p>\n\n\n\n<h3 class=\"wp-block-heading\"><strong>\ud68c\uc758\ub294 \uc5b4\ub5bb\uac8c \uc9c4\ud589\ub418\ub098\uc694?<\/strong><\/h3>\n\n\n\n<p>\ucc98\uc74c \ubaa8\uc784\uc5d0 \ucc38\uc11d\ud558\uc2dc\ub294 \ubd84\uc774\ub77c\ub3c4 \uac71\uc815\ud558\uc9c0 \uc54a\uc73c\uc154\ub3c4 \ub429\ub2c8\ub2e4. \uc800\ud76c \ubaa8\uc784\uc740 \ub300\ubd80\ubd84 \uac04\ub2e8\ud558\uac8c \uc9c4\ud589\ub429\ub2c8\ub2e4. \uac01 \ubaa8\uc784\uc5d0\ub294 \uc0ac\ud68c\uc790\uac00 \uc788\uc73c\uba70, \ub300\ubd80\ubd84 \ud55c \uc2dc\uac04 \uc815\ub3c4 \uc18c\uc694\ub429\ub2c8\ub2e4. \uc0ac\ud68c\uc790\uc640 \ub2e4\ub978 \uc790\uc6d0\ubd09\uc0ac\uc790\ub4e4\uc774 \uac04\ub2e8\ud55c \uac1c\ud68c\uc0ac\ub97c \ud55c \ud6c4, \ud68c\uc6d0\ub4e4\uc774 \uc790\uc720\ub86d\uac8c \uc758\uacac\uc744 \ub098\ub204\ub294 \uc2dc\uac04\uc744 \uac16\uc2b5\ub2c8\ub2e4. \uaf2d \ubc1c\ud45c\ub97c \ud558\uc154\uc57c \ud558\ub294 \uac83\uc740 \uc544\ub2c8\uba70, \uacbd\uccad\ub9cc \ud558\uc154\ub3c4 \uad1c\ucc2e\uc2b5\ub2c8\ub2e4. \ud3b8\uc548\ud558\uac8c \ub290\uaef4\uc9c0\uc2e0\ub2e4\uba74 \uc790\uae30\uc18c\uac1c\ub97c \ud558\uace0 ITAA\uc5d0 \uc624\uac8c \ub41c \uacc4\uae30\ub97c \ub9d0\uc500\ud574 \uc8fc\uc154\ub3c4 \uc88b\uc2b5\ub2c8\ub2e4. \ubc1c\ud45c\uc790\uac00 \uc694\uccad\ud558\uc9c0 \uc54a\ub294 \ud55c, \ub2e4\ub978 \ud68c\uc6d0\uc758 \ubc1c\ud45c\uc5d0 \ub300\ud574 \uc758\uacac\uc774\ub098 \uc81c\uc548\uc744 \uc81c\uc2dc\ud558\uc9c0 \uc54a\uc2b5\ub2c8\ub2e4. \uadf8\uc800 \ud3b8\uacac \uc5c6\uc774 \uacbd\uccad\ud558\ub294 \uac83\uc774 \uc800\ud76c\uc758 \uc5ed\ud560\uc785\ub2c8\ub2e4. \ud55c \uc2dc\uac04\uc774 \ub05d\ub098\uba74 \ub9c8\ubb34\ub9ac \ubc1c\uc5b8\uc73c\ub85c \ubaa8\uc784\uc744 \ub9c8\ubb34\ub9ac\ud558\uace0, \ud68c\uc6d0\ub4e4\uc740 \uc790\uc720\ub86d\uac8c \uc774\uc57c\uae30\ub97c \ub098\ub204\uac70\ub098 \uc9c8\ubb38\uc744 \ud558\uace0 \uc5f0\ub77d\ucc98\ub97c \uad50\ud658\ud569\ub2c8\ub2e4.<\/p>\n\n\n\n<h3 class=\"wp-block-heading\">\uc778\ud130\ub137 \ubc0f \uae30\uc220 \uc911\ub3c5 \ub9ac\uc18c\uc2a4<\/h3>\n\n\n\n<p>\uc778\ud130\ub137 \ubc0f \uae30\uc220 \uc911\ub3c5 \uc5ec\ubd80\uac00 \uad81\uae08\ud558\ub2e4\uba74 \ub2e4\uc74c \uc124\ubb38\uc9c0\ub97c \uac80\ud1a0\ud574 \ubcf4\uc138\uc694. <a href=\"https:\/\/internetaddictsanonymous.org\/ko\/%ec%9d%b8%ed%84%b0%eb%84%b7-%eb%b0%8f-%ea%b8%b0%ec%88%a0-%ec%a4%91%eb%8f%85\/\">\uc778\ud130\ub137 \uc911\ub3c5<\/a>, <a href=\"https:\/\/internetaddictsanonymous.org\/ko\/%ec%9d%b8%ed%84%b0%eb%84%b7-%eb%b0%8f-%ea%b8%b0%ec%88%a0-%ec%a4%91%eb%8f%85\/%ec%86%8c%ec%85%9c-%eb%af%b8%eb%94%94%ec%96%b4-%ec%a4%91%eb%8f%85\/\">\uc18c\uc15c \ubbf8\ub514\uc5b4 \uc911\ub3c5<\/a>, <a href=\"https:\/\/internetaddictsanonymous.org\/ko\/%ec%9d%b8%ed%84%b0%eb%84%b7-%ec%a4%91%eb%8f%85\/%ec%8a%a4%ed%8a%b8%eb%a6%ac%eb%b0%8d-%ec%a4%91%eb%8f%85\/\">\uc2a4\ud2b8\ub9ac\ubc0d \uc911\ub3c5<\/a>, <a href=\"https:\/\/internetaddictsanonymous.org\/ko\/%ec%9d%b8%ed%84%b0%eb%84%b7-%eb%b0%8f-%ea%b8%b0%ec%88%a0-%ec%a4%91%eb%8f%85\/%ed%9c%b4%eb%8c%80%ed%8f%b0-%ec%a4%91%eb%8f%85\/\">\ud734\ub300\ud3f0 \uc911\ub3c5<\/a>\ub610\ub294 <a href=\"https:\/\/internetaddictsanonymous.org\/ko\/%ec%9d%b8%ed%84%b0%eb%84%b7-%eb%b0%8f-%ea%b8%b0%ec%88%a0-%ec%a4%91%eb%8f%85\/%eb%b9%84%eb%94%94%ec%98%a4-%ea%b2%8c%ec%9e%84-%ec%a4%91%eb%8f%85\/\">\ube44\ub514\uc624 \uac8c\uc784 \uc911\ub3c5<\/a>. \ub610\ud55c ITAA\uc5d0 \ub300\ud55c \uc790\uc138\ud55c \ub0b4\uc6a9\uc740&nbsp;<a href=\"https:\/\/internetaddictsanonymous.org\/ko\/%ec%83%88%eb%a1%9c-%ec%98%a8-%ec%82%ac%eb%9e%8c%eb%93%a4%ec%9d%84-%ec%9c%84%ed%95%9c-%ea%b0%80%ec%9d%b4%eb%93%9c\/\">\uc0c8\ub85c \uc628 \uc0ac\ub78c\ub4e4\uc744 \uc704\ud55c \uac00\uc774\ub4dc<\/a>\ub97c \uac80\ud1a0\ud558\uace0 <a href=\"https:\/\/internetaddictsanonymous.org\/ko\/%eb%a6%ac%ec%86%8c%ec%8a%a4\/%eb%b3%b5%ea%b5%ac-%eb%8f%84%ea%b5%ac\/\">\ubcf5\uad6c \ub3c4\uad6c<\/a>\ub97c \ub4e3\uac70\ub098 <a href=\"https:\/\/internetaddictsanonymous.org\/ko\/%eb%b3%b5%ea%b5%ac-%ec%82%ac%eb%a1%80\/\">\ud68c\uc6d0\ub4e4\uc758 \ud68c\ubcf5 \uc2a4\ud1a0\ub9ac<\/a>.<\/p>\n\n\n\n<p>ITAA\ub294 \uc5b4\ub5a0\ud55c \uc815\uce58\uc801 \uc758\uc81c, \uc885\uad50 \ub610\ub294 \uc678\ubd80 \uc774\ud574\uad00\uacc4\uc640\ub3c4 \uad00\ub828\uc774 \uc5c6\uc2b5\ub2c8\ub2e4. \uc6b0\ub9ac\ub294 \uc644\uc804\ud788 \uc790\ub9bd\ud558\uc5ec \ud544\uc694\ud55c \ubaa8\ub4e0 \uc0ac\ub78c\uc5d0\uac8c \ubb34\ub8cc\ub85c \uc11c\ube44\uc2a4\ub97c \uc81c\uacf5\ud569\ub2c8\ub2e4. \uc6b0\ub9ac\uc758 \uc720\uc77c\ud55c \ubaa9\uc801\uc740 \uac15\ubc15\uc801\uc778 \uc778\ud130\ub137 \ubc0f \uae30\uc220 \uc0ac\uc6a9\uc744 \uc790\uc81c\ud558\uace0 \ub2e4\ub978 \uc0ac\ub78c\ub4e4\uc774 \uc774\ub7ec\ud55c \uc911\ub3c5\uc73c\ub85c\ubd80\ud130 \uc790\uc720\ub97c \ucc3e\uc744 \uc218 \uc788\ub3c4\ub85d \ub3d5\ub294 \uac83\uc785\ub2c8\ub2e4.<\/p>\n\n\n\n<p>\ub2e4\uc2dc \ud55c\ubc88 \ud658\uc601\ud569\ub2c8\ub2e4! \uc774 \ucee4\ubba4\ub2c8\ud2f0\uac00 \uc778\ud130\ub137 \ubc0f \uae30\uc220 \uc911\ub3c5\uc5d0\uc11c \ud68c\ubcf5\ud558\ub294 \ub370 \ud544\uc694\ud55c \uc9c0\uc6d0\uc744 \uc81c\uacf5\ud574 \ub4dc\ub9b4 \uc218 \uc788\uae30\ub97c \ubc14\ub78d\ub2c8\ub2e4. \uc9c8\ubb38\uc774 \uc788\uc73c\uc2dc\uba74 \uc5b8\uc81c\ub4e0\uc9c0 \uc800\ud76c\uc5d0\uac8c \uc5f0\ub77d\ud574 \uc8fc\uc138\uc694.<\/p>\n\n\n\n<p><\/p>\n<!-- PMB print buttons is only displayed on a single post\/page URLs-->","protected":false},"excerpt":{"rendered":"<p>\uc778\ud130\ub137 \ubc0f \uae30\uc220 \uc911\ub3c5\uc790 \uc775\uba85 \ubaa8\uc784(ITAA)\uc5d0 \uc624\uc2e0 \uac83\uc744 \ud658\uc601\ud569\ub2c8\ub2e4! \uc800\ud76c\ub97c \ucc3e\uc544\uc8fc\uc154\uc11c \uae30\uc058\uace0, \uc800\ud76c \ucee4\ubba4\ub2c8\ud2f0\uac00 \uc800\ud76c\uc5d0\uac8c \uadf8\ub7ac\ub358 \uac83\ucc98\ub7fc \uc5ec\ub7ec\ubd84\uaed8\ub3c4 \ub3c4\uc6c0\uc774 \ub418\uae30\ub97c \ubc14\ub78d\ub2c8\ub2e4. ITAA\ub294 \uc778\ud130\ub137 \ubc0f \uae30\uc220 \uc911\ub3c5\uc5d0\uc11c \ud68c\ubcf5\ud558\ub294 \uacfc\uc815\uc5d0\uc11c \uc11c\ub85c\ub97c \uc9c0\uc9c0\ud558\ub294 12\ub2e8\uacc4 \ubaa8\uc784\uc785\ub2c8\ub2e4. \uc5ec\uae30\uc5d0\ub294 \uc18c\uc15c \ubbf8\ub514\uc5b4, \uc2a4\ub9c8\ud2b8\ud3f0, \uc2a4\ud2b8\ub9ac\ubc0d \uc11c\ube44\uc2a4 \ub4f1\uc758 \uc911\ub3c5\uc774 \ud3ec\ud568\ub429\ub2c8\ub2e4. <a href=\"https:\/\/internetaddictsanonymous.org\/ko\/in-person-meetings\/france\/\" class=\"more-link\">\uacc4\uc18d \uc77d\uae30 <span class=\"screen-reader-text\">\ud504\ub791\uc2a4\uc758 ITAA<\/span><\/a><\/p>","protected":false},"author":35194291,"featured_media":0,"parent":148,"menu_order":0,"comment_status":"closed","ping_status":"closed","template":"full-width-page.php","meta":{"inline_featured_image":false,"_lmt_disableupdate":"","_lmt_disable":"","jetpack_post_was_ever_published":false,"footnotes":""},"tags":[655524913,655525132,307668,655524904,534293,1410996],"class_list":["post-19769","page","type-page","status-publish","hentry","tag-12-steps","tag-france","tag-internet-addiction","tag-internet-addicts-anonymous","tag-support-group","tag-technology-addiction"],"yoast_head":"<!-- This site is optimized with the Yoast SEO plugin v27.3 - https:\/\/yoast.com\/product\/yoast-seo-wordpress\/ -->\n<title>ITAA in France &#8211; Internet and Technology Addicts Anonymous<\/title>\n<meta name=\"robots\" content=\"index, follow, max-snippet:-1, max-image-preview:large, max-video-preview:-1\" \/>\n<link rel=\"canonical\" href=\"https:\/\/internetaddictsanonymous.org\/ko\/\ub300\uba74-\ud68c\uc758\/\ud504\ub791\uc2a4\/\" \/>\n<meta property=\"og:locale\" content=\"ko_KR\" \/>\n<meta property=\"og:type\" content=\"article\" \/>\n<meta property=\"og:title\" content=\"ITAA in France &#8211; Internet and Technology Addicts Anonymous\" \/>\n<meta property=\"og:description\" content=\"Welcome to Internet and Technology Addicts Anonymous! We\u2019re glad you\u2019ve found us, and we hope our community can be as helpful to you as it has been for us. ITAA is a Twelve-Step fellowship of individuals who support each other in recovering from internet and technology addiction. This includes addiction to social media, smartphones, streaming &hellip; Continue reading ITAA in France\" \/>\n<meta property=\"og:url\" content=\"https:\/\/internetaddictsanonymous.org\/ko\/\ub300\uba74-\ud68c\uc758\/\ud504\ub791\uc2a4\/\" \/>\n<meta property=\"og:site_name\" content=\"Internet and Technology Addicts Anonymous\" \/>\n<meta property=\"article:modified_time\" content=\"2025-11-27T20:53:21+00:00\" \/>\n<meta name=\"twitter:card\" content=\"summary_large_image\" \/>\n<meta name=\"twitter:label1\" content=\"\uc608\uc0c1 \ub418\ub294 \ud310\ub3c5 \uc2dc\uac04\" \/>\n\t<meta name=\"twitter:data1\" content=\"3\ubd84\" \/>\n<script type=\"application\/ld+json\" class=\"yoast-schema-graph\">{\"@context\":\"https:\\\/\\\/schema.org\",\"@graph\":[{\"@type\":\"WebPage\",\"@id\":\"https:\\\/\\\/internetaddictsanonymous.org\\\/in-person-meetings\\\/france\\\/\",\"url\":\"https:\\\/\\\/internetaddictsanonymous.org\\\/in-person-meetings\\\/france\\\/\",\"name\":\"ITAA in France &#8211; Internet and Technology Addicts Anonymous\",\"isPartOf\":{\"@id\":\"https:\\\/\\\/internetaddictsanonymous.org\\\/#website\"},\"datePublished\":\"2025-05-24T01:10:52+00:00\",\"dateModified\":\"2025-11-27T20:53:21+00:00\",\"breadcrumb\":{\"@id\":\"https:\\\/\\\/internetaddictsanonymous.org\\\/in-person-meetings\\\/france\\\/#breadcrumb\"},\"inLanguage\":\"ko-KR\",\"potentialAction\":[{\"@type\":\"ReadAction\",\"target\":[\"https:\\\/\\\/internetaddictsanonymous.org\\\/in-person-meetings\\\/france\\\/\"]}]},{\"@type\":\"BreadcrumbList\",\"@id\":\"https:\\\/\\\/internetaddictsanonymous.org\\\/in-person-meetings\\\/france\\\/#breadcrumb\",\"itemListElement\":[{\"@type\":\"ListItem\",\"position\":1,\"name\":\"Home\",\"item\":\"https:\\\/\\\/internetaddictsanonymous.org\\\/\"},{\"@type\":\"ListItem\",\"position\":2,\"name\":\"In-Person Meetings\",\"item\":\"https:\\\/\\\/internetaddictsanonymous.org\\\/in-person-meetings\\\/\"},{\"@type\":\"ListItem\",\"position\":3,\"name\":\"ITAA in France\"}]},{\"@type\":\"WebSite\",\"@id\":\"https:\\\/\\\/internetaddictsanonymous.org\\\/#website\",\"url\":\"https:\\\/\\\/internetaddictsanonymous.org\\\/\",\"name\":\"Internet and Technology Addicts Anonymous\",\"description\":\"Worldwide 12-step Fellowship for Internet and Technology Addiction\",\"publisher\":{\"@id\":\"https:\\\/\\\/internetaddictsanonymous.org\\\/#organization\"},\"potentialAction\":[{\"@type\":\"SearchAction\",\"target\":{\"@type\":\"EntryPoint\",\"urlTemplate\":\"https:\\\/\\\/internetaddictsanonymous.org\\\/?s={search_term_string}\"},\"query-input\":{\"@type\":\"PropertyValueSpecification\",\"valueRequired\":true,\"valueName\":\"search_term_string\"}}],\"inLanguage\":\"ko-KR\"},{\"@type\":\"Organization\",\"@id\":\"https:\\\/\\\/internetaddictsanonymous.org\\\/#organization\",\"name\":\"Internet and Technology Addicts Anonymous\",\"url\":\"https:\\\/\\\/internetaddictsanonymous.org\\\/\",\"logo\":{\"@type\":\"ImageObject\",\"inLanguage\":\"ko-KR\",\"@id\":\"https:\\\/\\\/internetaddictsanonymous.org\\\/#\\\/schema\\\/logo\\\/image\\\/\",\"url\":\"https:\\\/\\\/internetaddictsanonymous.org\\\/wp-content\\\/uploads\\\/2023\\\/01\\\/cropped-ITAA-logo-480px.png\",\"contentUrl\":\"https:\\\/\\\/internetaddictsanonymous.org\\\/wp-content\\\/uploads\\\/2023\\\/01\\\/cropped-ITAA-logo-480px.png\",\"width\":480,\"height\":480,\"caption\":\"Internet and Technology Addicts Anonymous\"},\"image\":{\"@id\":\"https:\\\/\\\/internetaddictsanonymous.org\\\/#\\\/schema\\\/logo\\\/image\\\/\"}}]}<\/script>\n<!-- \/ Yoast SEO plugin. -->","yoast_head_json":{"title":"\ud504\ub791\uc2a4\uc758 ITAA \u2013 \uc778\ud130\ub137 \ubc0f \uae30\uc220 \uc911\ub3c5\uc790 \uc775\uba85 \ubaa8\uc784","robots":{"index":"index","follow":"follow","max-snippet":"max-snippet:-1","max-image-preview":"max-image-preview:large","max-video-preview":"max-video-preview:-1"},"canonical":"https:\/\/internetaddictsanonymous.org\/ko\/\ub300\uba74-\ud68c\uc758\/\ud504\ub791\uc2a4\/","og_locale":"ko_KR","og_type":"article","og_title":"ITAA in France &#8211; Internet and Technology Addicts Anonymous","og_description":"Welcome to Internet and Technology Addicts Anonymous! We\u2019re glad you\u2019ve found us, and we hope our community can be as helpful to you as it has been for us. ITAA is a Twelve-Step fellowship of individuals who support each other in recovering from internet and technology addiction. This includes addiction to social media, smartphones, streaming &hellip; Continue reading ITAA in France","og_url":"https:\/\/internetaddictsanonymous.org\/ko\/\ub300\uba74-\ud68c\uc758\/\ud504\ub791\uc2a4\/","og_site_name":"Internet and Technology Addicts Anonymous","article_modified_time":"2025-11-27T20:53:21+00:00","twitter_card":"summary_large_image","twitter_misc":{"\uc608\uc0c1 \ub418\ub294 \ud310\ub3c5 \uc2dc\uac04":"3\ubd84"},"schema":{"@context":"https:\/\/schema.org","@graph":[{"@type":"WebPage","@id":"https:\/\/internetaddictsanonymous.org\/in-person-meetings\/france\/","url":"https:\/\/internetaddictsanonymous.org\/in-person-meetings\/france\/","name":"\ud504\ub791\uc2a4\uc758 ITAA \u2013 \uc778\ud130\ub137 \ubc0f \uae30\uc220 \uc911\ub3c5\uc790 \uc775\uba85 \ubaa8\uc784","isPartOf":{"@id":"https:\/\/internetaddictsanonymous.org\/#website"},"datePublished":"2025-05-24T01:10:52+00:00","dateModified":"2025-11-27T20:53:21+00:00","breadcrumb":{"@id":"https:\/\/internetaddictsanonymous.org\/in-person-meetings\/france\/#breadcrumb"},"inLanguage":"ko-KR","potentialAction":[{"@type":"ReadAction","target":["https:\/\/internetaddictsanonymous.org\/in-person-meetings\/france\/"]}]},{"@type":"BreadcrumbList","@id":"https:\/\/internetaddictsanonymous.org\/in-person-meetings\/france\/#breadcrumb","itemListElement":[{"@type":"ListItem","position":1,"name":"Home","item":"https:\/\/internetaddictsanonymous.org\/"},{"@type":"ListItem","position":2,"name":"In-Person Meetings","item":"https:\/\/internetaddictsanonymous.org\/in-person-meetings\/"},{"@type":"ListItem","position":3,"name":"ITAA in France"}]},{"@type":"WebSite","@id":"https:\/\/internetaddictsanonymous.org\/#website","url":"https:\/\/internetaddictsanonymous.org\/","name":"\uc778\ud130\ub137 \ubc0f \uae30\uc220 \uc911\ub3c5\uc790 \uc775\uba85","description":"\uc778\ud130\ub137 \ubc0f \uae30\uc220 \uc911\ub3c5\uc744 \uc704\ud55c \uc804 \uc138\uacc4 12\ub2e8\uacc4 \ud3a0\ub85c\uc6b0\uc2ed","publisher":{"@id":"https:\/\/internetaddictsanonymous.org\/#organization"},"potentialAction":[{"@type":"SearchAction","target":{"@type":"EntryPoint","urlTemplate":"https:\/\/internetaddictsanonymous.org\/?s={search_term_string}"},"query-input":{"@type":"PropertyValueSpecification","valueRequired":true,"valueName":"search_term_string"}}],"inLanguage":"ko-KR"},{"@type":"Organization","@id":"https:\/\/internetaddictsanonymous.org\/#organization","name":"\uc778\ud130\ub137 \ubc0f \uae30\uc220 \uc911\ub3c5\uc790 \uc775\uba85","url":"https:\/\/internetaddictsanonymous.org\/","logo":{"@type":"ImageObject","inLanguage":"ko-KR","@id":"https:\/\/internetaddictsanonymous.org\/#\/schema\/logo\/image\/","url":"https:\/\/internetaddictsanonymous.org\/wp-content\/uploads\/2023\/01\/cropped-ITAA-logo-480px.png","contentUrl":"https:\/\/internetaddictsanonymous.org\/wp-content\/uploads\/2023\/01\/cropped-ITAA-logo-480px.png","width":480,"height":480,"caption":"Internet and Technology Addicts Anonymous"},"image":{"@id":"https:\/\/internetaddictsanonymous.org\/#\/schema\/logo\/image\/"}}]}},"jetpack_sharing_enabled":true,"jetpack_shortlink":"https:\/\/wp.me\/P9Fwob-58R","_links":{"self":[{"href":"https:\/\/internetaddictsanonymous.org\/ko\/wp-json\/wp\/v2\/pages\/19769","targetHints":{"allow":["GET"]}}],"collection":[{"href":"https:\/\/internetaddictsanonymous.org\/ko\/wp-json\/wp\/v2\/pages"}],"about":[{"href":"https:\/\/internetaddictsanonymous.org\/ko\/wp-json\/wp\/v2\/types\/page"}],"author":[{"embeddable":true,"href":"https:\/\/internetaddictsanonymous.org\/ko\/wp-json\/wp\/v2\/users\/35194291"}],"replies":[{"embeddable":true,"href":"https:\/\/internetaddictsanonymous.org\/ko\/wp-json\/wp\/v2\/comments?post=19769"}],"version-history":[{"count":8,"href":"https:\/\/internetaddictsanonymous.org\/ko\/wp-json\/wp\/v2\/pages\/19769\/revisions"}],"predecessor-version":[{"id":20712,"href":"https:\/\/internetaddictsanonymous.org\/ko\/wp-json\/wp\/v2\/pages\/19769\/revisions\/20712"}],"up":[{"embeddable":true,"href":"https:\/\/internetaddictsanonymous.org\/ko\/wp-json\/wp\/v2\/pages\/148"}],"wp:attachment":[{"href":"https:\/\/internetaddictsanonymous.org\/ko\/wp-json\/wp\/v2\/media?parent=19769"}],"wp:term":[{"taxonomy":"post_tag","embeddable":true,"href":"https:\/\/internetaddictsanonymous.org\/ko\/wp-json\/wp\/v2\/tags?post=19769"}],"curies":[{"name":"wp","href":"https:\/\/api.w.org\/{rel}","templated":true}]}}