{"id":11348,"date":"2020-07-12T07:06:35","date_gmt":"2020-07-12T07:06:35","guid":{"rendered":"https:\/\/internetaddictsanonymous.org\/?page_id=11348"},"modified":"2025-09-14T11:35:18","modified_gmt":"2025-09-14T18:35:18","slug":"openstaande-serviceplaatsen","status":"publish","type":"page","link":"https:\/\/internetaddictsanonymous.org\/nl\/open-service-positions\/","title":{"rendered":"Serviceposities en commissies"},"content":{"rendered":"<p>Hartelijk dank voor je interesse om dienstbaar te zijn op het niveau van de ITAA-gemeenschap! Dienstbaarheid is niet alleen van onschatbare waarde voor ons eigen herstel, het helpt ook de hele ITAA-gemeenschap - van nieuwkomers op hun eerste bijeenkomst tot oudgedienden, de groepen en de gemeenschap als geheel. Hieronder vind je een lijst van onze internationale functies en commissies.<\/p>\n\n\n\n<p><strong>Komende ITAA commissievergaderingen en internationale servicebijeenkomsten<\/strong><\/p>\n\n\n<p><iframe style=\"height: 600px; width: 100%;\" src=\"https:\/\/teamup.com\/ks4ag6i7z1xynrk5ra?view=m&amp;showHeader=0&amp;showLogo=0&amp;showTitle=0&amp;showSidepanel=0&amp;showViewSelector=1\" width=\"100%\" height=\"600\" frameborder=\"0\"><\/iframe><\/p>\n\n\n<h5 class=\"wp-block-heading\" id=\"fellowship-level\"><strong>Vacatures op fellowshipniveau <\/strong><\/h5>\n\n\n\n<ul class=\"wp-block-list\">\n<li><strong>Voorzitters<\/strong>Er zijn twee co-voorzitters voor de Internationale Servicebijeenkomsten (ISM&#039;s), die voor een termijn van \u00e9\u00e9n jaar worden gekozen. Elke co-voorzitter leidt eens in de twee maanden een ISM. De taken van de voorzitters bestaan uit het voorzitten van de ISM en het bijwerken en onderhouden van deze schriftelijke richtlijnen, zodat ze actueel blijven. Ze werken samen met de secretarissen om de agenda definitief vast te stellen. <strong>Als je ge\u00efnteresseerd bent om medevoorzitter te worden, stuur dan een e-mail naar secretaries.itaa@gmail.com of woon een ISM bij.<\/strong><br><br><\/li>\n\n\n\n<li><strong>Secretaresses<\/strong>Er zijn twee co-secretarissen voor de internationale servicebijeenkomsten (ISM&#039;s) die voor een termijn van \u00e9\u00e9n jaar worden gekozen. Elke co-secretaris beheert eens in de twee maanden een ISM. De secretarissen maken de notulen tijdens de ISM en stellen de agenda voor de bijeenkomst op. Ze werken samen met de voorzitters om de agenda definitief vast te stellen. <strong>Als je interesse hebt om mede-secretaris te worden, stuur dan een e-mail naar secretaries.itaa@gmail.com of kom naar een ISM.<\/strong><br><br><\/li>\n\n\n\n<li><strong>Co-Webmaster<\/strong>: ITAA heeft ten minste 2 co-webmasters (hoewel er meer dan 2 kunnen zijn) die gekozen kunnen worden voor termijnen van maximaal 2 jaar (kortere termijnen zijn ook aanvaardbaar). De co-webmasters onderhouden, updaten en wijzigen de website van ITAA ten dienste van het geweten van de fellowshipgroep. De webmasters beheren ook ITAA's Zoom-accounts, Google Ads-account en vergaderkalender. De co-webmasters hebben de bevoegdheid om kleine veranderingen aan te brengen aan de website die in de geest zijn van de bestaande website. Alle drastische veranderingen, nieuwe secties of substanti\u00eble meningsverschillen kunnen worden doorverwezen naar de ISM. <strong>Als je ge\u00efnteresseerd bent om co-webmaster te worden, stuur dan een e-mail naar webmaster.itaa@gmail.com.<\/strong><br><br> <\/li>\n\n\n\n<li><strong>Co-penningmeester<\/strong>Er zijn twee co-penningmeesters die voor een termijn van 12 maanden worden gekozen. De penningmeesters beheren de boekhouding van ITAA en registreren alle uitgaven en donaties. De penningmeesters brengen doorgaans verslag uit aan de internationale servicebijeenkomsten in het derde weekend van elke maand. De penningmeesters hebben niet de bevoegdheid om zelfstandig beslissingen over uitgaven te nemen. Een besluit om een nieuwe uitgave aan te gaan, moet worden genomen door de internationale servicebijeenkomst. <strong>Als u interesse heeft om mede-penningmeester te worden, kunt u een e-mail sturen naar itaa.business@gmail.com.<\/strong><br><br><\/li>\n\n\n\n<li><strong>E-mail responder<\/strong>De e-mailbeantwoorders van ITAA helpen bij het beantwoorden van algemene vragen die via de ITAA-website worden gesteld. Dit kan inhouden dat ze informatie verstrekken over ITAA, onze vergaderagenda, de bronnen op onze website, of berichten doorsturen naar andere vertrouwde contactpersonen (bijv. de secretarissen, webmasters, een specifieke commissie of een specifieke groep). De wekelijkse tijdsinvestering voor elke e-mailbeantwoorder bedraagt doorgaans 15 tot 30 minuten. E-mailbeantwoorders moeten minimaal 3 maanden lid zijn van ITAA en elke gekozen e-mailbeantwoorder kan zelf de duur van zijn of haar termijn bepalen, van 3 maanden tot 2 jaar. <strong>Als je interesse hebt om e-mails te beantwoorden, stuur dan een e-mail naar internetandtechaa@gmail.com.<span style=\"color: initial; font-family: -apple-system, BlinkMacSystemFont, &quot;Segoe UI&quot;, Roboto, Oxygen-Sans, Ubuntu, Cantarell, &quot;Helvetica Neue&quot;, sans-serif;\">.<\/span><\/strong><br><br><\/li>\n\n\n\n<li><strong>Group Service Representative (GSR's)<\/strong>: GSR's worden gekozen door groepen om hen te vertegenwoordigen op ITAA's internationale servicevergaderingen en ze zorgen ervoor dat de stem van onze groepen wordt gehoord bij het maken van beslissingen op fellowshipniveau. Groepen worden aangemoedigd om groepsgeweten te houden om GSR's te kiezen en om de vereisten, verantwoordelijkheden en termijnen te bepalen. De volgende bron bevat meer informatie over GSR's:<br><a href=\"https:\/\/internetaddictsanonymous.org\/nl\/gsr\/\" target=\"_blank\" rel=\"noreferrer noopener\">Wat is een 'Group Service Representative' in ITAA?<\/a><br><\/li>\n<\/ul>\n\n\n\n<h5 class=\"wp-block-heading\" id=\"fellowship-level\">Fellowship-niveau<strong> commissies<\/strong><\/h5>\n\n\n\n<ul class=\"wp-block-list\">\n<li><strong>Juridische en financi\u00eble commissie<\/strong>Deze commissie bespreekt juridische en financi\u00eble kwesties die relevant zijn voor de gehele ITAA-gemeenschap, ontwikkelt en stelt oplossingen voor deze kwesties voor ter beoordeling door de ISM, onderhoudt contact met advocaten, accountants en andere relevante professionals waar nodig, en produceert materiaal en hulpmiddelen met betrekking tot juridische en financi\u00eble kwesties die groepen en individuele leden kunnen ondersteunen. Deelname staat open voor iedereen. <strong>Als u wilt bijdragen, kunt u een e-mail sturen naar legalaffairs.itaa@gmail.com.<\/strong><br><br><\/li>\n\n\n\n<li><strong>Literatuurcommissie<\/strong>: De Literatuurcommissie schrijft gedrukte en lange literatuur ter ondersteuning van het hoofddoel van onze fellowship. Deelname staat open voor iedereen. Als je de vergadering niet kunt bijwonen vanwege tijdzoneproblemen, neem dan contact op met de contactpersoon. We zijn momenteel bezig met het schrijven van ons eerste ITAA-boek, en we zijn op zoek naar verhalen over herstel van leden die minstens 6 maanden in ITAA zitten, stabiel nuchter zijn zoals zij het begrijpen, en die de Stappen doen - meer informatie is te vinden op <a href=\"https:\/\/docs.google.com\/document\/d\/1WkjCP1kEapF_RhWaTpPk6nmuVHrNbohQVA2TJIpbDtQ\/edit?usp=sharing\">hier<\/a>. Elk lid van ITAA kan zich ook aanmelden als recensent en feedback geven op concepten van ons boek. U kunt de huidige versie van het boek vinden en u aanmelden om regelmatig updates te ontvangen wanneer nieuwe hoofdstukken verschijnen door het formulier in te vullen. <a href=\"https:\/\/forms.gle\/xUyrY5BUxropNELWA\">dit formulier<\/a>. <strong>Voor vragen of opmerkingen kunt u een e-mail sturen naar literature.itaa@gmail.com. <\/strong><br><br><\/li>\n\n\n\n<li><strong>Commissie Public Relations<\/strong>Deze commissie heeft twee taken: Organisatoren en Ge\u00efnterviewden. Organisatoren beheren binnenkomende interviewverzoeken, doen aan publieksvoorlichting, schrijven en onderhouden informatiemateriaal voor journalisten en houden de Internationale Servicebijeenkomst op de hoogte met rapporten. Elk lid is welkom om Organisator te zijn en onze bijeenkomsten bij te wonen. Ge\u00efnterviewden zijn leden die een melding ontvangen wanneer er via de website een verzoek binnenkomt om een ITAA-lid te interviewen over onze gemeenschap of ons herstelprogramma. Om in aanmerking te komen voor een interview, moeten leden minimaal 5 maanden lid zijn van ITAA, regelmatig bijeenkomsten bijwonen, de 12 stappen doorlopen en ten minste enige mate van nuchterheid hebben bereikt, zoals zij dat zelf defini\u00ebren. Commissieleden kunnen \u00e9\u00e9n of beide taken op zich nemen. <strong>Als u interesse heeft om deel uit te maken van de Public Relations-commissie, kunt u een e-mail sturen naar inquiries.itaa@gmail.com.<\/strong> <strong>We hebben meer organisatoren en interviewkandidaten nodig. Als u publieksvoorlichting in uw regio wilt geven, kunt u contact opnemen met onze organisatie. <a href=\"https:\/\/docs.google.com\/document\/d\/1aRALvNCgyFK4UUpQHtJfsWbFT4WthLxQqeuzJhA2bM0\/edit?usp=sharing\">sjabloon voor publieksvoorlichting<\/a>.<\/strong><br><\/li>\n<\/ul>\n\n\n\n<ul class=\"wp-block-list\">\n<li><strong>SEO \/ Google Ads subcommissie<\/strong>: Deze subcommissie richt zich op het verbeteren van onze Google Ads en zoekmachineoptimalisatie om ervoor te zorgen dat onze fellowship zo toegankelijk mogelijk is voor degenen die het nodig hebben. Deze groep is een subcommissie van de Web Content Committee. <strong>Voor vragen kunt u een e-mail sturen naar mask.itaa@gmail.com.<\/strong><br><\/li>\n<\/ul>\n\n\n\n<ul class=\"wp-block-list\">\n<li><strong>Commissie Webinhoud<\/strong>In deze commissie bespreken, redigeren en schrijven we content voor onze website. Iedereen is welkom om deel te nemen, met als voorwaarde voor lidmaatschap dat je minimaal 6 ITAA-vergaderingen hebt bijgewoond. Je kunt vragen per e-mail sturen naar webcontent.itaa@gmail.com.<br><br><\/li>\n\n\n\n<li><strong>Vertaling website<\/strong>Als u de ITAA-website in een andere taal wilt vertalen, kunt u ons helpen onze boodschap over te brengen aan niet-Engelstalige verslaafden. <strong>Als je interesse hebt om te helpen met het vertalen van de site, stuur dan een e-mail naar webmaster.itaa@gmail.com.<\/strong><\/li>\n<\/ul>\n<!-- PMB print buttons is only displayed on a single post\/page URLs-->","protected":false},"excerpt":{"rendered":"<p>Bedankt voor je interesse om van dienst te zijn op fellowshipniveau in ITAA! Service is niet alleen een hulpmiddel van onschatbare waarde voor ons eigen herstel, het helpt ook de hele ITAA-fellowship \u2013 van nieuwkomers bij hun eerste ontmoeting, tot oldtimers, tot de groepen en de fellowship als geheel. Hieronder vindt u een lijst van onze\u2026 <a href=\"https:\/\/internetaddictsanonymous.org\/nl\/open-service-positions\/\" class=\"more-link\">Lees verder <span class=\"screen-reader-text\">Serviceposities en commissies<\/span><\/a><\/p>","protected":false},"author":35194237,"featured_media":0,"parent":0,"menu_order":0,"comment_status":"closed","ping_status":"closed","template":"full-width-page.php","meta":{"inline_featured_image":false,"_lmt_disableupdate":"no","_lmt_disable":"","footnotes":""},"tags":[],"class_list":["post-11348","page","type-page","status-publish","hentry"],"yoast_head":"<!-- This site is optimized with the Yoast SEO plugin v27.4 - https:\/\/yoast.com\/product\/yoast-seo-wordpress\/ -->\n<title>Service Positions and Committees &#8211; Internet and Technology Addicts Anonymous<\/title>\n<meta name=\"robots\" content=\"index, follow, max-snippet:-1, max-image-preview:large, max-video-preview:-1\" \/>\n<link rel=\"canonical\" href=\"https:\/\/internetaddictsanonymous.org\/nl\/openstaande-serviceplaatsen\/\" \/>\n<meta property=\"og:locale\" content=\"nl_NL\" \/>\n<meta property=\"og:type\" content=\"article\" \/>\n<meta property=\"og:title\" content=\"Service Positions and Committees &#8211; Internet and Technology Addicts Anonymous\" \/>\n<meta property=\"og:description\" content=\"Thank you for your interest in being of service at the fellowship level in ITAA! Service is not only an invaluable tool for our own recoveries, it also helps the entire ITAA fellowship\u2014from newcomers at their first meeting, to old-timers, to the groups, and the fellowship as a whole. Below is a list of our &hellip; Lees verder Service Positions and Committees\" \/>\n<meta property=\"og:url\" content=\"https:\/\/internetaddictsanonymous.org\/nl\/openstaande-serviceplaatsen\/\" \/>\n<meta property=\"og:site_name\" content=\"Internet and Technology Addicts Anonymous\" \/>\n<meta property=\"article:modified_time\" content=\"2025-09-14T18:35:18+00:00\" \/>\n<meta name=\"twitter:card\" content=\"summary_large_image\" \/>\n<meta name=\"twitter:label1\" content=\"Geschatte leestijd\" \/>\n\t<meta name=\"twitter:data1\" content=\"5 minuten\" \/>\n<script type=\"application\/ld+json\" class=\"yoast-schema-graph\">{\"@context\":\"https:\\\/\\\/schema.org\",\"@graph\":[{\"@type\":\"WebPage\",\"@id\":\"https:\\\/\\\/internetaddictsanonymous.org\\\/open-service-positions\\\/\",\"url\":\"https:\\\/\\\/internetaddictsanonymous.org\\\/open-service-positions\\\/\",\"name\":\"Service Positions and Committees &#8211; Internet and Technology Addicts Anonymous\",\"isPartOf\":{\"@id\":\"https:\\\/\\\/internetaddictsanonymous.org\\\/#website\"},\"datePublished\":\"2020-07-12T07:06:35+00:00\",\"dateModified\":\"2025-09-14T18:35:18+00:00\",\"breadcrumb\":{\"@id\":\"https:\\\/\\\/internetaddictsanonymous.org\\\/open-service-positions\\\/#breadcrumb\"},\"inLanguage\":\"nl-NL\",\"potentialAction\":[{\"@type\":\"ReadAction\",\"target\":[\"https:\\\/\\\/internetaddictsanonymous.org\\\/open-service-positions\\\/\"]}]},{\"@type\":\"BreadcrumbList\",\"@id\":\"https:\\\/\\\/internetaddictsanonymous.org\\\/open-service-positions\\\/#breadcrumb\",\"itemListElement\":[{\"@type\":\"ListItem\",\"position\":1,\"name\":\"Home\",\"item\":\"https:\\\/\\\/internetaddictsanonymous.org\\\/\"},{\"@type\":\"ListItem\",\"position\":2,\"name\":\"Service Positions and Committees\"}]},{\"@type\":\"WebSite\",\"@id\":\"https:\\\/\\\/internetaddictsanonymous.org\\\/#website\",\"url\":\"https:\\\/\\\/internetaddictsanonymous.org\\\/\",\"name\":\"Internet and Technology Addicts Anonymous\",\"description\":\"Worldwide 12-step Fellowship for Internet and Technology Addiction\",\"publisher\":{\"@id\":\"https:\\\/\\\/internetaddictsanonymous.org\\\/#organization\"},\"potentialAction\":[{\"@type\":\"SearchAction\",\"target\":{\"@type\":\"EntryPoint\",\"urlTemplate\":\"https:\\\/\\\/internetaddictsanonymous.org\\\/?s={search_term_string}\"},\"query-input\":{\"@type\":\"PropertyValueSpecification\",\"valueRequired\":true,\"valueName\":\"search_term_string\"}}],\"inLanguage\":\"nl-NL\"},{\"@type\":\"Organization\",\"@id\":\"https:\\\/\\\/internetaddictsanonymous.org\\\/#organization\",\"name\":\"Internet and Technology Addicts Anonymous\",\"url\":\"https:\\\/\\\/internetaddictsanonymous.org\\\/\",\"logo\":{\"@type\":\"ImageObject\",\"inLanguage\":\"nl-NL\",\"@id\":\"https:\\\/\\\/internetaddictsanonymous.org\\\/#\\\/schema\\\/logo\\\/image\\\/\",\"url\":\"https:\\\/\\\/internetaddictsanonymous.org\\\/wp-content\\\/uploads\\\/2023\\\/01\\\/cropped-ITAA-logo-480px.png\",\"contentUrl\":\"https:\\\/\\\/internetaddictsanonymous.org\\\/wp-content\\\/uploads\\\/2023\\\/01\\\/cropped-ITAA-logo-480px.png\",\"width\":480,\"height\":480,\"caption\":\"Internet and Technology Addicts Anonymous\"},\"image\":{\"@id\":\"https:\\\/\\\/internetaddictsanonymous.org\\\/#\\\/schema\\\/logo\\\/image\\\/\"}}]}<\/script>\n<!-- \/ Yoast SEO plugin. -->","yoast_head_json":{"title":"Serviceposities en commissies - Anonieme internet- en technologieverslaafden","robots":{"index":"index","follow":"follow","max-snippet":"max-snippet:-1","max-image-preview":"max-image-preview:large","max-video-preview":"max-video-preview:-1"},"canonical":"https:\/\/internetaddictsanonymous.org\/nl\/openstaande-serviceplaatsen\/","og_locale":"nl_NL","og_type":"article","og_title":"Service Positions and Committees &#8211; Internet and Technology Addicts Anonymous","og_description":"Thank you for your interest in being of service at the fellowship level in ITAA! Service is not only an invaluable tool for our own recoveries, it also helps the entire ITAA fellowship\u2014from newcomers at their first meeting, to old-timers, to the groups, and the fellowship as a whole. Below is a list of our &hellip; Lees verder Service Positions and Committees","og_url":"https:\/\/internetaddictsanonymous.org\/nl\/openstaande-serviceplaatsen\/","og_site_name":"Internet and Technology Addicts Anonymous","article_modified_time":"2025-09-14T18:35:18+00:00","twitter_card":"summary_large_image","twitter_misc":{"Geschatte leestijd":"5 minuten"},"schema":{"@context":"https:\/\/schema.org","@graph":[{"@type":"WebPage","@id":"https:\/\/internetaddictsanonymous.org\/open-service-positions\/","url":"https:\/\/internetaddictsanonymous.org\/open-service-positions\/","name":"Serviceposities en commissies - Anonieme internet- en technologieverslaafden","isPartOf":{"@id":"https:\/\/internetaddictsanonymous.org\/#website"},"datePublished":"2020-07-12T07:06:35+00:00","dateModified":"2025-09-14T18:35:18+00:00","breadcrumb":{"@id":"https:\/\/internetaddictsanonymous.org\/open-service-positions\/#breadcrumb"},"inLanguage":"nl-NL","potentialAction":[{"@type":"ReadAction","target":["https:\/\/internetaddictsanonymous.org\/open-service-positions\/"]}]},{"@type":"BreadcrumbList","@id":"https:\/\/internetaddictsanonymous.org\/open-service-positions\/#breadcrumb","itemListElement":[{"@type":"ListItem","position":1,"name":"Home","item":"https:\/\/internetaddictsanonymous.org\/"},{"@type":"ListItem","position":2,"name":"Service Positions and Committees"}]},{"@type":"WebSite","@id":"https:\/\/internetaddictsanonymous.org\/#website","url":"https:\/\/internetaddictsanonymous.org\/","name":"Internet and Technology Addicts Anonymous","description":"Wereldwijde 12-stappen-vereniging voor internet- en technologieverslaving","publisher":{"@id":"https:\/\/internetaddictsanonymous.org\/#organization"},"potentialAction":[{"@type":"SearchAction","target":{"@type":"EntryPoint","urlTemplate":"https:\/\/internetaddictsanonymous.org\/?s={search_term_string}"},"query-input":{"@type":"PropertyValueSpecification","valueRequired":true,"valueName":"search_term_string"}}],"inLanguage":"nl-NL"},{"@type":"Organization","@id":"https:\/\/internetaddictsanonymous.org\/#organization","name":"Internet and Technology Addicts Anonymous","url":"https:\/\/internetaddictsanonymous.org\/","logo":{"@type":"ImageObject","inLanguage":"nl-NL","@id":"https:\/\/internetaddictsanonymous.org\/#\/schema\/logo\/image\/","url":"https:\/\/internetaddictsanonymous.org\/wp-content\/uploads\/2023\/01\/cropped-ITAA-logo-480px.png","contentUrl":"https:\/\/internetaddictsanonymous.org\/wp-content\/uploads\/2023\/01\/cropped-ITAA-logo-480px.png","width":480,"height":480,"caption":"Internet and Technology Addicts Anonymous"},"image":{"@id":"https:\/\/internetaddictsanonymous.org\/#\/schema\/logo\/image\/"}}]}},"jetpack_sharing_enabled":true,"jetpack_shortlink":"https:\/\/wp.me\/P9Fwob-2X2","_links":{"self":[{"href":"https:\/\/internetaddictsanonymous.org\/nl\/wp-json\/wp\/v2\/pages\/11348","targetHints":{"allow":["GET"]}}],"collection":[{"href":"https:\/\/internetaddictsanonymous.org\/nl\/wp-json\/wp\/v2\/pages"}],"about":[{"href":"https:\/\/internetaddictsanonymous.org\/nl\/wp-json\/wp\/v2\/types\/page"}],"author":[{"embeddable":true,"href":"https:\/\/internetaddictsanonymous.org\/nl\/wp-json\/wp\/v2\/users\/35194237"}],"replies":[{"embeddable":true,"href":"https:\/\/internetaddictsanonymous.org\/nl\/wp-json\/wp\/v2\/comments?post=11348"}],"version-history":[{"count":99,"href":"https:\/\/internetaddictsanonymous.org\/nl\/wp-json\/wp\/v2\/pages\/11348\/revisions"}],"predecessor-version":[{"id":20440,"href":"https:\/\/internetaddictsanonymous.org\/nl\/wp-json\/wp\/v2\/pages\/11348\/revisions\/20440"}],"wp:attachment":[{"href":"https:\/\/internetaddictsanonymous.org\/nl\/wp-json\/wp\/v2\/media?parent=11348"}],"wp:term":[{"taxonomy":"post_tag","embeddable":true,"href":"https:\/\/internetaddictsanonymous.org\/nl\/wp-json\/wp\/v2\/tags?post=11348"}],"curies":[{"name":"wp","href":"https:\/\/api.w.org\/{rel}","templated":true}]}}