{"id":20226,"date":"2025-07-31T20:39:39","date_gmt":"2025-08-01T03:39:39","guid":{"rendered":"https:\/\/internetaddictsanonymous.org\/?page_id=20226"},"modified":"2025-11-27T12:49:39","modified_gmt":"2025-11-27T20:49:39","slug":"brazilie-sao-paulo","status":"publish","type":"page","link":"https:\/\/internetaddictsanonymous.org\/nl\/in-person-meetings\/brazil-saopaulo\/","title":{"rendered":"ITAA in Brazili\u00eb"},"content":{"rendered":"<p>\u00a1Bienvenido a verslaafden aan internet en de An\u00f3nimos-technologie!&nbsp;<strong>ITAA is een gemeenschap van Doce Pasos die gevormd wordt door mensen die elkaar kunnen helpen om de internetverslaving en de technologie te recupereren.<\/strong>&nbsp;Dit omvat de toevoeging aan sociale redes, mobiele telefoons, online video&#039;s, videogames, meldingen, pornografie, citasapplicaties, online onderzoek, online vergelijken of andere digitale activiteiten die dwangmatig zijn problematisch.&nbsp;<\/p>\n\n\n\n<h3 class=\"wp-block-heading\">Bijeenkomsten in S\u00e3o Paulo<\/h3>\n\n\n\n<p>Convidamos todos para a nossa reuni\u00e3o da sala presencial de Afhankelijken van de technologie en internet in S\u00e3o Paulo.<\/p>\n\n\n\n<p>Gegevens: Vrijdag 23 augustus 2025.<br>Tijdstip: 13:00 \u2013 14:00<br>Lokaal: Rua Sampaio Vidal, 1055 Jardim Paulistano (op 10 minuten van de metro naar Faria Lima)<br>Neem contact op met&nbsp;<a href=\"mailto:marcoz.12steps@gmail.com\" target=\"_blank\" rel=\"noreferrer noopener\">marcoz.12steps@gmail.com<\/a>&nbsp;of +5511957108927.<\/p>\n\n\n\n<h3 class=\"wp-block-heading\"><strong>Hoe werken meetings?<\/strong><\/h3>\n\n\n\n<p>Als je voor het eerst een bijeenkomst bijwoont, hoef je niet zenuwachtig te zijn. De meeste van onze bijeenkomsten zijn heel eenvoudig; elke bijeenkomst heeft een voorzitter die de bijeenkomst leidt en de meeste bijeenkomsten duren een uur. De voorzitter en andere vrijwilligers lezen enkele openingsverklaringen voor, voordat we de vergadering openen voor leden om te delen. Het is niet verplicht om iets te delen en je mag ook gewoon luisteren. Als je je op je gemak voelt, kun je jezelf voorstellen en vertellen wat je bij ITAA heeft gebracht. Tenzij het lid dat deelt daarom vraagt, geven we geen suggesties of commentaar als reactie op wat anderen delen; we luisteren gewoon zonder te oordelen. Aan het eind van het uur wordt de bijeenkomst afgesloten met enkele slotverklaringen, waarna de leden meestal nog wat napraten, vragen stellen en contactgegevens uitwisselen.<\/p>\n\n\n\n<h3 class=\"wp-block-heading\">Bronnen voor internet- en technologieverslaving<\/h3>\n\n\n\n<p>Als je je afvraagt of je misschien een internet- en technologieverslaving hebt, kun je onze vragenlijsten bekijken voor <a href=\"https:\/\/internetaddictsanonymous.org\/nl\/internet-en-technologieverslaving\/\">internetverslaving<\/a>, <a href=\"https:\/\/internetaddictsanonymous.org\/nl\/internet-en-technologieverslaving\/verslaving-aan-sociale-media\/\">verslaving aan sociale media<\/a>, <a href=\"https:\/\/internetaddictsanonymous.org\/nl\/internetverslaving\/streamingverslaving\/\">streamingverslaving<\/a>, <a href=\"https:\/\/internetaddictsanonymous.org\/nl\/internet-en-technologieverslaving\/telefoonverslaving\/\">telefoonverslaving<\/a>of <a href=\"https:\/\/internetaddictsanonymous.org\/nl\/internet-en-technologieverslaving\/verslaving-aan-videospellen\/\">verslaving aan videospellen<\/a>Je kan hier meer te weten komen over ITAA:&nbsp;<a href=\"https:\/\/internetaddictsanonymous.org\/nl\/gids-voor-nieuwkomers\/\">gids voor nieuwkomers<\/a>of <a href=\"https:\/\/internetaddictsanonymous.org\/nl\/middelen\/hulpmiddelen-voor-herstel\/\">hulpmiddelen voor herstel<\/a>of je kan luisteren naar <a href=\"https:\/\/internetaddictsanonymous.org\/nl\/verhalen-over-herstel\/\">verhalen van leden<\/a>.<\/p>\n\n\n\n<p>ITAA is niet verbonden aan een politieke agenda, religie  en dient ook geen externe belangen. We zijn volledig zelfvoorzienend en gratis voor iedereen die het nodig heeft. Ons enige doel is om te stoppen met dwangmatig internet- en technologie gebruik en om anderen te helpen om deze verslaving te overwinnen.<\/p>\n\n\n\n<p>Nogmaals, welkom! We hopen dat deze community je de steun kan bieden die je nodig hebt bij je herstel van internet- en technologieverslaving. Aarzel niet om contact met ons op te nemen als je vragen hebt.<\/p>\n<!-- PMB print buttons is only displayed on a single post\/page URLs-->","protected":false},"excerpt":{"rendered":"<p>\u00a1Bienvenido a verslaafden aan internet en de An\u00f3nimos-technologie! ITAA is een gemeenschap van Doce Pasos die gevormd wordt door mensen die elkaar kunnen helpen om de internetverslaving en de technologie te recupereren. Dit omvat de toevoeging aan sociale redes, mobiele telefoons, online video&#039;s, videogames, meldingen, pornografie, citasapplicaties, ... <a href=\"https:\/\/internetaddictsanonymous.org\/nl\/in-person-meetings\/brazil-saopaulo\/\" class=\"more-link\">Lees verder <span class=\"screen-reader-text\">ITAA in Brazili\u00eb<\/span><\/a><\/p>","protected":false},"author":35194285,"featured_media":0,"parent":148,"menu_order":0,"comment_status":"closed","ping_status":"closed","template":"","meta":{"inline_featured_image":false,"_lmt_disableupdate":"","_lmt_disable":"","jetpack_post_was_ever_published":false,"footnotes":""},"tags":[],"class_list":["post-20226","page","type-page","status-publish","hentry"],"yoast_head":"<!-- This site is optimized with the Yoast SEO plugin v27.3 - https:\/\/yoast.com\/product\/yoast-seo-wordpress\/ -->\n<title>ITAA en Brazil &#8211; Internet and Technology Addicts Anonymous<\/title>\n<meta name=\"robots\" content=\"index, follow, max-snippet:-1, max-image-preview:large, max-video-preview:-1\" \/>\n<link rel=\"canonical\" href=\"https:\/\/internetaddictsanonymous.org\/nl\/in-person-meetings\/brazilie-sao-paulo\/\" \/>\n<meta property=\"og:locale\" content=\"nl_NL\" \/>\n<meta property=\"og:type\" content=\"article\" \/>\n<meta property=\"og:title\" content=\"ITAA en Brazil &#8211; Internet and Technology Addicts Anonymous\" \/>\n<meta property=\"og:description\" content=\"\u00a1Bienvenido a Adictos a Internet y la Tecnolog\u00eda An\u00f3nimos!&nbsp;ITAA es una comunidad de Doce Pasos formada por personas que se apoyan mutuamente para recuperarse de la adicci\u00f3n a Internet y a la tecnolog\u00eda.&nbsp;Esto incluye la adicci\u00f3n a las redes sociales, los celulares, los v\u00eddeos online, los videojuegos, las noticias, la pornograf\u00eda, las aplicaciones de citas, &hellip; Lees verder ITAA en Brazil\" \/>\n<meta property=\"og:url\" content=\"https:\/\/internetaddictsanonymous.org\/nl\/in-person-meetings\/brazilie-sao-paulo\/\" \/>\n<meta property=\"og:site_name\" content=\"Internet and Technology Addicts Anonymous\" \/>\n<meta property=\"article:modified_time\" content=\"2025-11-27T20:49:39+00:00\" \/>\n<meta name=\"twitter:card\" content=\"summary_large_image\" \/>\n<meta name=\"twitter:label1\" content=\"Geschatte leestijd\" \/>\n\t<meta name=\"twitter:data1\" content=\"2 minuten\" \/>\n<script type=\"application\/ld+json\" class=\"yoast-schema-graph\">{\"@context\":\"https:\\\/\\\/schema.org\",\"@graph\":[{\"@type\":\"WebPage\",\"@id\":\"https:\\\/\\\/internetaddictsanonymous.org\\\/in-person-meetings\\\/brazil-saopaulo\\\/\",\"url\":\"https:\\\/\\\/internetaddictsanonymous.org\\\/in-person-meetings\\\/brazil-saopaulo\\\/\",\"name\":\"ITAA en Brazil &#8211; Internet and Technology Addicts Anonymous\",\"isPartOf\":{\"@id\":\"https:\\\/\\\/internetaddictsanonymous.org\\\/#website\"},\"datePublished\":\"2025-08-01T03:39:39+00:00\",\"dateModified\":\"2025-11-27T20:49:39+00:00\",\"breadcrumb\":{\"@id\":\"https:\\\/\\\/internetaddictsanonymous.org\\\/in-person-meetings\\\/brazil-saopaulo\\\/#breadcrumb\"},\"inLanguage\":\"nl-NL\",\"potentialAction\":[{\"@type\":\"ReadAction\",\"target\":[\"https:\\\/\\\/internetaddictsanonymous.org\\\/in-person-meetings\\\/brazil-saopaulo\\\/\"]}]},{\"@type\":\"BreadcrumbList\",\"@id\":\"https:\\\/\\\/internetaddictsanonymous.org\\\/in-person-meetings\\\/brazil-saopaulo\\\/#breadcrumb\",\"itemListElement\":[{\"@type\":\"ListItem\",\"position\":1,\"name\":\"Home\",\"item\":\"https:\\\/\\\/internetaddictsanonymous.org\\\/\"},{\"@type\":\"ListItem\",\"position\":2,\"name\":\"In-Person Meetings\",\"item\":\"https:\\\/\\\/internetaddictsanonymous.org\\\/in-person-meetings\\\/\"},{\"@type\":\"ListItem\",\"position\":3,\"name\":\"ITAA en Brazil\"}]},{\"@type\":\"WebSite\",\"@id\":\"https:\\\/\\\/internetaddictsanonymous.org\\\/#website\",\"url\":\"https:\\\/\\\/internetaddictsanonymous.org\\\/\",\"name\":\"Internet and Technology Addicts Anonymous\",\"description\":\"Worldwide 12-step Fellowship for Internet and Technology Addiction\",\"publisher\":{\"@id\":\"https:\\\/\\\/internetaddictsanonymous.org\\\/#organization\"},\"potentialAction\":[{\"@type\":\"SearchAction\",\"target\":{\"@type\":\"EntryPoint\",\"urlTemplate\":\"https:\\\/\\\/internetaddictsanonymous.org\\\/?s={search_term_string}\"},\"query-input\":{\"@type\":\"PropertyValueSpecification\",\"valueRequired\":true,\"valueName\":\"search_term_string\"}}],\"inLanguage\":\"nl-NL\"},{\"@type\":\"Organization\",\"@id\":\"https:\\\/\\\/internetaddictsanonymous.org\\\/#organization\",\"name\":\"Internet and Technology Addicts Anonymous\",\"url\":\"https:\\\/\\\/internetaddictsanonymous.org\\\/\",\"logo\":{\"@type\":\"ImageObject\",\"inLanguage\":\"nl-NL\",\"@id\":\"https:\\\/\\\/internetaddictsanonymous.org\\\/#\\\/schema\\\/logo\\\/image\\\/\",\"url\":\"https:\\\/\\\/internetaddictsanonymous.org\\\/wp-content\\\/uploads\\\/2023\\\/01\\\/cropped-ITAA-logo-480px.png\",\"contentUrl\":\"https:\\\/\\\/internetaddictsanonymous.org\\\/wp-content\\\/uploads\\\/2023\\\/01\\\/cropped-ITAA-logo-480px.png\",\"width\":480,\"height\":480,\"caption\":\"Internet and Technology Addicts Anonymous\"},\"image\":{\"@id\":\"https:\\\/\\\/internetaddictsanonymous.org\\\/#\\\/schema\\\/logo\\\/image\\\/\"}}]}<\/script>\n<!-- \/ Yoast SEO plugin. -->","yoast_head_json":{"title":"ITAA en Brazil \u2013 Internet and Technology Addicts Anonymous","robots":{"index":"index","follow":"follow","max-snippet":"max-snippet:-1","max-image-preview":"max-image-preview:large","max-video-preview":"max-video-preview:-1"},"canonical":"https:\/\/internetaddictsanonymous.org\/nl\/in-person-meetings\/brazilie-sao-paulo\/","og_locale":"nl_NL","og_type":"article","og_title":"ITAA en Brazil &#8211; Internet and Technology Addicts Anonymous","og_description":"\u00a1Bienvenido a Adictos a Internet y la Tecnolog\u00eda An\u00f3nimos!&nbsp;ITAA es una comunidad de Doce Pasos formada por personas que se apoyan mutuamente para recuperarse de la adicci\u00f3n a Internet y a la tecnolog\u00eda.&nbsp;Esto incluye la adicci\u00f3n a las redes sociales, los celulares, los v\u00eddeos online, los videojuegos, las noticias, la pornograf\u00eda, las aplicaciones de citas, &hellip; Lees verder ITAA en Brazil","og_url":"https:\/\/internetaddictsanonymous.org\/nl\/in-person-meetings\/brazilie-sao-paulo\/","og_site_name":"Internet and Technology Addicts Anonymous","article_modified_time":"2025-11-27T20:49:39+00:00","twitter_card":"summary_large_image","twitter_misc":{"Geschatte leestijd":"2 minuten"},"schema":{"@context":"https:\/\/schema.org","@graph":[{"@type":"WebPage","@id":"https:\/\/internetaddictsanonymous.org\/in-person-meetings\/brazil-saopaulo\/","url":"https:\/\/internetaddictsanonymous.org\/in-person-meetings\/brazil-saopaulo\/","name":"ITAA en Brazil \u2013 Internet and Technology Addicts Anonymous","isPartOf":{"@id":"https:\/\/internetaddictsanonymous.org\/#website"},"datePublished":"2025-08-01T03:39:39+00:00","dateModified":"2025-11-27T20:49:39+00:00","breadcrumb":{"@id":"https:\/\/internetaddictsanonymous.org\/in-person-meetings\/brazil-saopaulo\/#breadcrumb"},"inLanguage":"nl-NL","potentialAction":[{"@type":"ReadAction","target":["https:\/\/internetaddictsanonymous.org\/in-person-meetings\/brazil-saopaulo\/"]}]},{"@type":"BreadcrumbList","@id":"https:\/\/internetaddictsanonymous.org\/in-person-meetings\/brazil-saopaulo\/#breadcrumb","itemListElement":[{"@type":"ListItem","position":1,"name":"Home","item":"https:\/\/internetaddictsanonymous.org\/"},{"@type":"ListItem","position":2,"name":"In-Person Meetings","item":"https:\/\/internetaddictsanonymous.org\/in-person-meetings\/"},{"@type":"ListItem","position":3,"name":"ITAA en Brazil"}]},{"@type":"WebSite","@id":"https:\/\/internetaddictsanonymous.org\/#website","url":"https:\/\/internetaddictsanonymous.org\/","name":"Internet and Technology Addicts Anonymous","description":"Wereldwijde 12-stappen-vereniging voor internet- en technologieverslaving","publisher":{"@id":"https:\/\/internetaddictsanonymous.org\/#organization"},"potentialAction":[{"@type":"SearchAction","target":{"@type":"EntryPoint","urlTemplate":"https:\/\/internetaddictsanonymous.org\/?s={search_term_string}"},"query-input":{"@type":"PropertyValueSpecification","valueRequired":true,"valueName":"search_term_string"}}],"inLanguage":"nl-NL"},{"@type":"Organization","@id":"https:\/\/internetaddictsanonymous.org\/#organization","name":"Internet and Technology Addicts Anonymous","url":"https:\/\/internetaddictsanonymous.org\/","logo":{"@type":"ImageObject","inLanguage":"nl-NL","@id":"https:\/\/internetaddictsanonymous.org\/#\/schema\/logo\/image\/","url":"https:\/\/internetaddictsanonymous.org\/wp-content\/uploads\/2023\/01\/cropped-ITAA-logo-480px.png","contentUrl":"https:\/\/internetaddictsanonymous.org\/wp-content\/uploads\/2023\/01\/cropped-ITAA-logo-480px.png","width":480,"height":480,"caption":"Internet and Technology Addicts Anonymous"},"image":{"@id":"https:\/\/internetaddictsanonymous.org\/#\/schema\/logo\/image\/"}}]}},"jetpack_sharing_enabled":true,"jetpack_shortlink":"https:\/\/wp.me\/P9Fwob-5ge","_links":{"self":[{"href":"https:\/\/internetaddictsanonymous.org\/nl\/wp-json\/wp\/v2\/pages\/20226","targetHints":{"allow":["GET"]}}],"collection":[{"href":"https:\/\/internetaddictsanonymous.org\/nl\/wp-json\/wp\/v2\/pages"}],"about":[{"href":"https:\/\/internetaddictsanonymous.org\/nl\/wp-json\/wp\/v2\/types\/page"}],"author":[{"embeddable":true,"href":"https:\/\/internetaddictsanonymous.org\/nl\/wp-json\/wp\/v2\/users\/35194285"}],"replies":[{"embeddable":true,"href":"https:\/\/internetaddictsanonymous.org\/nl\/wp-json\/wp\/v2\/comments?post=20226"}],"version-history":[{"count":7,"href":"https:\/\/internetaddictsanonymous.org\/nl\/wp-json\/wp\/v2\/pages\/20226\/revisions"}],"predecessor-version":[{"id":20709,"href":"https:\/\/internetaddictsanonymous.org\/nl\/wp-json\/wp\/v2\/pages\/20226\/revisions\/20709"}],"up":[{"embeddable":true,"href":"https:\/\/internetaddictsanonymous.org\/nl\/wp-json\/wp\/v2\/pages\/148"}],"wp:attachment":[{"href":"https:\/\/internetaddictsanonymous.org\/nl\/wp-json\/wp\/v2\/media?parent=20226"}],"wp:term":[{"taxonomy":"post_tag","embeddable":true,"href":"https:\/\/internetaddictsanonymous.org\/nl\/wp-json\/wp\/v2\/tags?post=20226"}],"curies":[{"name":"wp","href":"https:\/\/api.w.org\/{rel}","templated":true}]}}