{"id":10139,"date":"2020-03-05T21:40:58","date_gmt":"2020-03-05T21:40:58","guid":{"rendered":"https:\/\/internetaddictsanonymous.org\/?page_id=10139"},"modified":"2024-11-24T12:50:03","modified_gmt":"2024-11-24T20:50:03","slug":"podarowac","status":"publish","type":"page","link":"https:\/\/internetaddictsanonymous.org\/pl\/donate\/","title":{"rendered":"Dokonaj wk\u0142adu"},"content":{"rendered":"<p>Zgodnie z 7<sup>t<\/sup>\u00a0Tradycyjnie, ITAA jest w pe\u0142ni samowystarczalne i opiera si\u0119 wy\u0142\u0105cznie na darowiznach od cz\u0142onk\u00f3w. Je\u015bli uzna\u0142e\u015b, \u017ce ITAA pomog\u0142o Ci w powrocie do zdrowia, prosimy o rozwa\u017cenie wp\u0142aty cyklicznej, miesi\u0119cznej sk\u0142adki, kt\u00f3ra pomo\u017ce naszej wsp\u00f3lnocie w dalszym efektywnym funkcjonowaniu. Ka\u017cda kwota jest wa\u017cna i jeste\u015bmy niezmiernie wdzi\u0119czni za Tw\u00f3j udzia\u0142 w niesieniu przes\u0142ania osobom uzale\u017cnionym od internetu i technologii, kt\u00f3re wci\u0105\u017c cierpi\u0105. <\/p>\n\n\n\n<p>Mo\u017cesz dokona\u0107 wp\u0142aty za pomoc\u0105 karty debetowej lub kredytowej, przelewu bankowego, PayPal lub Venmo. Pami\u0119taj, \u017ce je\u015bli chcesz zachowa\u0107 anonimowo\u015b\u0107, mo\u017cesz po prostu wpisa\u0107 inicja\u0142 w polu \u201cnazwisko\u201d i\/lub u\u017cy\u0107 anonimowego adresu e-mail.<\/p>\n\n\n\n<script src=\"https:\/\/donorbox.org\/widget.js\" type=\"text\/javascript\"><\/script><iframe src=\"https:\/\/donorbox.org\/embed\/itaa\" width=\"100%\" style=\"max-width:500px; min-width:310px;\" seamless=\"seamless\" id=\"dbox-form-embed\" name=\"donorbox\" frameborder=\"0\" scrolling=\"no\" allowpaymentrequest><\/iframe>\n\n\n\n<p>ITAA stosuje rachunkowo\u015b\u0107 jawn\u0105. Mo\u017cesz zapozna\u0107 si\u0119 z naszymi poprzednimi raportami skarbowymi. <a href=\"https:\/\/drive.google.com\/drive\/folders\/116fSRg_xja1Fjo72RUP2-Cp3anwWK6LD?usp=sharing\" target=\"_blank\" rel=\"noreferrer noopener nofollow\">tutaj<\/a>. Jeste\u015bmy ameryka\u0144sk\u0105, federaln\u0105 organizacj\u0105 non-profit 501(c)(3) zarejestrowan\u0105 w stanie Kolorado, zwolnion\u0105 z podatku.<\/p>\n<!-- PMB print buttons is only displayed on a single post\/page URLs-->","protected":false},"excerpt":{"rendered":"<p>In keeping with the 7th\u00a0tradition, ITAA is fully self-supporting and relies entirely on donations from members. If you have found ITAA beneficial in your recovery, we ask that you consider setting up a recurring monthly contribution to help our fellowship continue to operate effectively. Any amount helps, and we are truly grateful for your participation &hellip; <a href=\"https:\/\/internetaddictsanonymous.org\/pl\/donate\/\" class=\"more-link\">Kontynuuj czytanie <span class=\"screen-reader-text\">Dokonaj wk\u0142adu<\/span><\/a><\/p>","protected":false},"author":35194237,"featured_media":0,"parent":0,"menu_order":0,"comment_status":"closed","ping_status":"closed","template":"full-width-page.php","meta":{"inline_featured_image":false,"_lmt_disableupdate":"","_lmt_disable":"","footnotes":""},"tags":[],"class_list":["post-10139","page","type-page","status-publish","hentry"],"yoast_head":"<!-- This site is optimized with the Yoast SEO plugin v27.5 - https:\/\/yoast.com\/product\/yoast-seo-wordpress\/ -->\n<title>Make a Contribution &#8211; Internet and Technology Addicts Anonymous<\/title>\n<meta name=\"robots\" content=\"index, follow, max-snippet:-1, max-image-preview:large, max-video-preview:-1\" \/>\n<link rel=\"canonical\" href=\"https:\/\/internetaddictsanonymous.org\/pl\/podarowac\/\" \/>\n<meta property=\"og:locale\" content=\"pl_PL\" \/>\n<meta property=\"og:type\" content=\"article\" \/>\n<meta property=\"og:title\" content=\"Make a Contribution &#8211; Internet and Technology Addicts Anonymous\" \/>\n<meta property=\"og:description\" content=\"In keeping with the 7th\u00a0tradition, ITAA is fully self-supporting and relies entirely on donations from members. If you have found ITAA beneficial in your recovery, we ask that you consider setting up a recurring monthly contribution to help our fellowship continue to operate effectively. Any amount helps, and we are truly grateful for your participation &hellip; Continue reading Make a Contribution\" \/>\n<meta property=\"og:url\" content=\"https:\/\/internetaddictsanonymous.org\/pl\/podarowac\/\" \/>\n<meta property=\"og:site_name\" content=\"Internet and Technology Addicts Anonymous\" \/>\n<meta property=\"article:modified_time\" content=\"2024-11-24T20:50:03+00:00\" \/>\n<meta name=\"twitter:card\" content=\"summary_large_image\" \/>\n<meta name=\"twitter:label1\" content=\"Szacowany czas czytania\" \/>\n\t<meta name=\"twitter:data1\" content=\"1 minuta\" \/>\n<script type=\"application\/ld+json\" class=\"yoast-schema-graph\">{\"@context\":\"https:\\\/\\\/schema.org\",\"@graph\":[{\"@type\":\"WebPage\",\"@id\":\"https:\\\/\\\/internetaddictsanonymous.org\\\/donate\\\/\",\"url\":\"https:\\\/\\\/internetaddictsanonymous.org\\\/donate\\\/\",\"name\":\"Make a Contribution &#8211; Internet and Technology Addicts Anonymous\",\"isPartOf\":{\"@id\":\"https:\\\/\\\/internetaddictsanonymous.org\\\/#website\"},\"datePublished\":\"2020-03-05T21:40:58+00:00\",\"dateModified\":\"2024-11-24T20:50:03+00:00\",\"breadcrumb\":{\"@id\":\"https:\\\/\\\/internetaddictsanonymous.org\\\/donate\\\/#breadcrumb\"},\"inLanguage\":\"pl-PL\",\"potentialAction\":[{\"@type\":\"ReadAction\",\"target\":[\"https:\\\/\\\/internetaddictsanonymous.org\\\/donate\\\/\"]}]},{\"@type\":\"BreadcrumbList\",\"@id\":\"https:\\\/\\\/internetaddictsanonymous.org\\\/donate\\\/#breadcrumb\",\"itemListElement\":[{\"@type\":\"ListItem\",\"position\":1,\"name\":\"Home\",\"item\":\"https:\\\/\\\/internetaddictsanonymous.org\\\/\"},{\"@type\":\"ListItem\",\"position\":2,\"name\":\"Make a Contribution\"}]},{\"@type\":\"WebSite\",\"@id\":\"https:\\\/\\\/internetaddictsanonymous.org\\\/#website\",\"url\":\"https:\\\/\\\/internetaddictsanonymous.org\\\/\",\"name\":\"Internet and Technology Addicts Anonymous\",\"description\":\"Worldwide 12-step Fellowship for Internet and Technology Addiction\",\"publisher\":{\"@id\":\"https:\\\/\\\/internetaddictsanonymous.org\\\/#organization\"},\"potentialAction\":[{\"@type\":\"SearchAction\",\"target\":{\"@type\":\"EntryPoint\",\"urlTemplate\":\"https:\\\/\\\/internetaddictsanonymous.org\\\/?s={search_term_string}\"},\"query-input\":{\"@type\":\"PropertyValueSpecification\",\"valueRequired\":true,\"valueName\":\"search_term_string\"}}],\"inLanguage\":\"pl-PL\"},{\"@type\":\"Organization\",\"@id\":\"https:\\\/\\\/internetaddictsanonymous.org\\\/#organization\",\"name\":\"Internet and Technology Addicts Anonymous\",\"url\":\"https:\\\/\\\/internetaddictsanonymous.org\\\/\",\"logo\":{\"@type\":\"ImageObject\",\"inLanguage\":\"pl-PL\",\"@id\":\"https:\\\/\\\/internetaddictsanonymous.org\\\/#\\\/schema\\\/logo\\\/image\\\/\",\"url\":\"https:\\\/\\\/internetaddictsanonymous.org\\\/wp-content\\\/uploads\\\/2023\\\/01\\\/cropped-ITAA-logo-480px.png\",\"contentUrl\":\"https:\\\/\\\/internetaddictsanonymous.org\\\/wp-content\\\/uploads\\\/2023\\\/01\\\/cropped-ITAA-logo-480px.png\",\"width\":480,\"height\":480,\"caption\":\"Internet and Technology Addicts Anonymous\"},\"image\":{\"@id\":\"https:\\\/\\\/internetaddictsanonymous.org\\\/#\\\/schema\\\/logo\\\/image\\\/\"}}]}<\/script>\n<!-- \/ Yoast SEO plugin. -->","yoast_head_json":{"title":"Wesprzyj nas - Anonimowi Uzale\u017cnieni od Internetu i Technologii","robots":{"index":"index","follow":"follow","max-snippet":"max-snippet:-1","max-image-preview":"max-image-preview:large","max-video-preview":"max-video-preview:-1"},"canonical":"https:\/\/internetaddictsanonymous.org\/pl\/podarowac\/","og_locale":"pl_PL","og_type":"article","og_title":"Make a Contribution &#8211; Internet and Technology Addicts Anonymous","og_description":"In keeping with the 7th\u00a0tradition, ITAA is fully self-supporting and relies entirely on donations from members. If you have found ITAA beneficial in your recovery, we ask that you consider setting up a recurring monthly contribution to help our fellowship continue to operate effectively. Any amount helps, and we are truly grateful for your participation &hellip; Continue reading Make a Contribution","og_url":"https:\/\/internetaddictsanonymous.org\/pl\/podarowac\/","og_site_name":"Internet and Technology Addicts Anonymous","article_modified_time":"2024-11-24T20:50:03+00:00","twitter_card":"summary_large_image","twitter_misc":{"Szacowany czas czytania":"1 minuta"},"schema":{"@context":"https:\/\/schema.org","@graph":[{"@type":"WebPage","@id":"https:\/\/internetaddictsanonymous.org\/donate\/","url":"https:\/\/internetaddictsanonymous.org\/donate\/","name":"Wesprzyj nas - Anonimowi Uzale\u017cnieni od Internetu i Technologii","isPartOf":{"@id":"https:\/\/internetaddictsanonymous.org\/#website"},"datePublished":"2020-03-05T21:40:58+00:00","dateModified":"2024-11-24T20:50:03+00:00","breadcrumb":{"@id":"https:\/\/internetaddictsanonymous.org\/donate\/#breadcrumb"},"inLanguage":"pl-PL","potentialAction":[{"@type":"ReadAction","target":["https:\/\/internetaddictsanonymous.org\/donate\/"]}]},{"@type":"BreadcrumbList","@id":"https:\/\/internetaddictsanonymous.org\/donate\/#breadcrumb","itemListElement":[{"@type":"ListItem","position":1,"name":"Home","item":"https:\/\/internetaddictsanonymous.org\/"},{"@type":"ListItem","position":2,"name":"Make a Contribution"}]},{"@type":"WebSite","@id":"https:\/\/internetaddictsanonymous.org\/#website","url":"https:\/\/internetaddictsanonymous.org\/","name":"Anonimowi uzale\u017cnieni od Internetu i technologii","description":"\u015awiatowa wsp\u00f3lnota 12 krok\u00f3w dla uzale\u017cnionych od Internetu i technologii","publisher":{"@id":"https:\/\/internetaddictsanonymous.org\/#organization"},"potentialAction":[{"@type":"SearchAction","target":{"@type":"EntryPoint","urlTemplate":"https:\/\/internetaddictsanonymous.org\/?s={search_term_string}"},"query-input":{"@type":"PropertyValueSpecification","valueRequired":true,"valueName":"search_term_string"}}],"inLanguage":"pl-PL"},{"@type":"Organization","@id":"https:\/\/internetaddictsanonymous.org\/#organization","name":"Anonimowi uzale\u017cnieni od Internetu i technologii","url":"https:\/\/internetaddictsanonymous.org\/","logo":{"@type":"ImageObject","inLanguage":"pl-PL","@id":"https:\/\/internetaddictsanonymous.org\/#\/schema\/logo\/image\/","url":"https:\/\/internetaddictsanonymous.org\/wp-content\/uploads\/2023\/01\/cropped-ITAA-logo-480px.png","contentUrl":"https:\/\/internetaddictsanonymous.org\/wp-content\/uploads\/2023\/01\/cropped-ITAA-logo-480px.png","width":480,"height":480,"caption":"Internet and Technology Addicts Anonymous"},"image":{"@id":"https:\/\/internetaddictsanonymous.org\/#\/schema\/logo\/image\/"}}]}},"jetpack_sharing_enabled":true,"jetpack_shortlink":"https:\/\/wp.me\/P9Fwob-2Dx","_links":{"self":[{"href":"https:\/\/internetaddictsanonymous.org\/pl\/wp-json\/wp\/v2\/pages\/10139","targetHints":{"allow":["GET"]}}],"collection":[{"href":"https:\/\/internetaddictsanonymous.org\/pl\/wp-json\/wp\/v2\/pages"}],"about":[{"href":"https:\/\/internetaddictsanonymous.org\/pl\/wp-json\/wp\/v2\/types\/page"}],"author":[{"embeddable":true,"href":"https:\/\/internetaddictsanonymous.org\/pl\/wp-json\/wp\/v2\/users\/35194237"}],"replies":[{"embeddable":true,"href":"https:\/\/internetaddictsanonymous.org\/pl\/wp-json\/wp\/v2\/comments?post=10139"}],"version-history":[{"count":36,"href":"https:\/\/internetaddictsanonymous.org\/pl\/wp-json\/wp\/v2\/pages\/10139\/revisions"}],"predecessor-version":[{"id":18966,"href":"https:\/\/internetaddictsanonymous.org\/pl\/wp-json\/wp\/v2\/pages\/10139\/revisions\/18966"}],"wp:attachment":[{"href":"https:\/\/internetaddictsanonymous.org\/pl\/wp-json\/wp\/v2\/media?parent=10139"}],"wp:term":[{"taxonomy":"post_tag","embeddable":true,"href":"https:\/\/internetaddictsanonymous.org\/pl\/wp-json\/wp\/v2\/tags?post=10139"}],"curies":[{"name":"wp","href":"https:\/\/api.w.org\/{rel}","templated":true}]}}