{"id":10858,"date":"2020-05-31T09:19:27","date_gmt":"2020-05-31T09:19:27","guid":{"rendered":"https:\/\/internetaddictsanonymous.org\/?page_id=10858"},"modified":"2026-04-24T12:56:41","modified_gmt":"2026-04-24T19:56:41","slug":"ogloszenia-i-uslugi-tablica-biuletynowa","status":"publish","type":"page","link":"https:\/\/internetaddictsanonymous.org\/pl\/announcements-and-service-bulletin-board\/","title":{"rendered":"Tablica og\u0142osze\u0144"},"content":{"rendered":"<p>Jest to regularnie aktualizowana tablica og\u0142osze\u0144 z og\u0142oszeniami dotycz\u0105cymi ca\u0142o\u015bci ITAA.<br><a href=\"https:\/\/internetaddictsanonymous.org\/pl\/ogloszenia-archiwum\/\">Archiwum og\u0142osze\u0144 og\u0142oszeniowych<\/a><\/p>\n\n\n\n<p><strong>Og\u0142oszenia<\/strong><\/p>\n\n\n\n<p><br>Thank you to everyone who submitted designs for the 2026 North American Convention T-shirt Contest! We invite the fellowship to share feedback to help artists refine their work before the final vote. Please submit your input by Sunday April 26: <a href=\"https:\/\/forms.gle\/52E3K5pGMH5PfoSCA\" target=\"_blank\" rel=\"noreferrer noopener\">https:\/\/forms.gle\/52E3K5pGMH5PfoSCA<\/a><\/p>\n\n\n\n<p>Ponadto formularz zam\u00f3wie\u0144 koszulek NAC3 zosta\u0142 ponownie otwarty, a termin sk\u0142adania zam\u00f3wie\u0144 przed\u0142u\u017cono do 31 maja:&nbsp;<a href=\"https:\/\/bit.ly\/NAC3Shirt\">https:\/\/bit.ly\/NAC3Shirt<\/a><\/p>\n\n\n\n<p class=\"has-text-align-center\">-~-<\/p>\n\n\n\n<p>The NAC3 Auction Party FUNdraiser closes Sunday, April 26 at 11:59pm! Place your bids soon!: <a href=\"https:\/\/www.zeffy.com\/en-US\/ticketing\/itaa-naccs-auction-fundraiser-nac-night--3\">https:\/\/www.zeffy.com\/en-US\/ticketing\/itaa-naccs-auction-fundraiser-nac-night&#8211;3<\/a> <br>Also!!!!! commuter tickets are now available &#8211; you can find them on our webpage: <a href=\"https:\/\/bit.ly\/4tAXMcr\">https:\/\/bit.ly\/4tAXMcr<\/a><\/p>\n<!-- PMB print buttons is only displayed on a single post\/page URLs-->","protected":false},"excerpt":{"rendered":"<p>This is a regularly updated bulletin board with announcements pertaining to ITAA as a whole.Announcements Bulletin Board Archive Announcements Thank you to everyone who submitted designs for the 2026 North American Convention T-shirt Contest! We invite the fellowship to share feedback to help artists refine their work before the final vote. Please submit your input &hellip; <a href=\"https:\/\/internetaddictsanonymous.org\/pl\/announcements-and-service-bulletin-board\/\" class=\"more-link\">Kontynuuj czytanie <span class=\"screen-reader-text\">Tablica og\u0142osze\u0144<\/span><\/a><\/p>","protected":false},"author":35194237,"featured_media":0,"parent":0,"menu_order":0,"comment_status":"closed","ping_status":"closed","template":"full-width-page.php","meta":{"inline_featured_image":false,"_lmt_disableupdate":"no","_lmt_disable":"","footnotes":""},"tags":[],"class_list":["post-10858","page","type-page","status-publish","hentry"],"yoast_head":"<!-- This site is optimized with the Yoast SEO plugin v27.4 - https:\/\/yoast.com\/product\/yoast-seo-wordpress\/ -->\n<title>Announcements Bulletin Board &#8211; Internet and Technology Addicts Anonymous<\/title>\n<meta name=\"robots\" content=\"index, follow, max-snippet:-1, max-image-preview:large, max-video-preview:-1\" \/>\n<link rel=\"canonical\" href=\"https:\/\/internetaddictsanonymous.org\/pl\/ogloszenia-i-uslugi-tablica-biuletynowa\/\" \/>\n<meta property=\"og:locale\" content=\"pl_PL\" \/>\n<meta property=\"og:type\" content=\"article\" \/>\n<meta property=\"og:title\" content=\"Announcements Bulletin Board &#8211; Internet and Technology Addicts Anonymous\" \/>\n<meta property=\"og:description\" content=\"This is a regularly updated bulletin board with announcements pertaining to ITAA as a whole.Announcements Bulletin Board Archive Announcements Thank you to everyone who submitted designs for the 2026 North American Convention T-shirt Contest! We invite the fellowship to share feedback to help artists refine their work before the final vote. Please submit your input &hellip; Continue reading Announcements Bulletin Board\" \/>\n<meta property=\"og:url\" content=\"https:\/\/internetaddictsanonymous.org\/pl\/ogloszenia-i-uslugi-tablica-biuletynowa\/\" \/>\n<meta property=\"og:site_name\" content=\"Internet and Technology Addicts Anonymous\" \/>\n<meta property=\"article:modified_time\" content=\"2026-04-24T19:56:41+00:00\" \/>\n<meta name=\"twitter:card\" content=\"summary_large_image\" \/>\n<meta name=\"twitter:label1\" content=\"Szacowany czas czytania\" \/>\n\t<meta name=\"twitter:data1\" content=\"1 minuta\" \/>\n<script type=\"application\/ld+json\" class=\"yoast-schema-graph\">{\"@context\":\"https:\\\/\\\/schema.org\",\"@graph\":[{\"@type\":\"WebPage\",\"@id\":\"https:\\\/\\\/internetaddictsanonymous.org\\\/announcements-and-service-bulletin-board\\\/\",\"url\":\"https:\\\/\\\/internetaddictsanonymous.org\\\/announcements-and-service-bulletin-board\\\/\",\"name\":\"Announcements Bulletin Board &#8211; Internet and Technology Addicts Anonymous\",\"isPartOf\":{\"@id\":\"https:\\\/\\\/internetaddictsanonymous.org\\\/#website\"},\"datePublished\":\"2020-05-31T09:19:27+00:00\",\"dateModified\":\"2026-04-24T19:56:41+00:00\",\"breadcrumb\":{\"@id\":\"https:\\\/\\\/internetaddictsanonymous.org\\\/announcements-and-service-bulletin-board\\\/#breadcrumb\"},\"inLanguage\":\"pl-PL\",\"potentialAction\":[{\"@type\":\"ReadAction\",\"target\":[\"https:\\\/\\\/internetaddictsanonymous.org\\\/announcements-and-service-bulletin-board\\\/\"]}]},{\"@type\":\"BreadcrumbList\",\"@id\":\"https:\\\/\\\/internetaddictsanonymous.org\\\/announcements-and-service-bulletin-board\\\/#breadcrumb\",\"itemListElement\":[{\"@type\":\"ListItem\",\"position\":1,\"name\":\"Home\",\"item\":\"https:\\\/\\\/internetaddictsanonymous.org\\\/\"},{\"@type\":\"ListItem\",\"position\":2,\"name\":\"Announcements Bulletin Board\"}]},{\"@type\":\"WebSite\",\"@id\":\"https:\\\/\\\/internetaddictsanonymous.org\\\/#website\",\"url\":\"https:\\\/\\\/internetaddictsanonymous.org\\\/\",\"name\":\"Internet and Technology Addicts Anonymous\",\"description\":\"Worldwide 12-step Fellowship for Internet and Technology Addiction\",\"publisher\":{\"@id\":\"https:\\\/\\\/internetaddictsanonymous.org\\\/#organization\"},\"potentialAction\":[{\"@type\":\"SearchAction\",\"target\":{\"@type\":\"EntryPoint\",\"urlTemplate\":\"https:\\\/\\\/internetaddictsanonymous.org\\\/?s={search_term_string}\"},\"query-input\":{\"@type\":\"PropertyValueSpecification\",\"valueRequired\":true,\"valueName\":\"search_term_string\"}}],\"inLanguage\":\"pl-PL\"},{\"@type\":\"Organization\",\"@id\":\"https:\\\/\\\/internetaddictsanonymous.org\\\/#organization\",\"name\":\"Internet and Technology Addicts Anonymous\",\"url\":\"https:\\\/\\\/internetaddictsanonymous.org\\\/\",\"logo\":{\"@type\":\"ImageObject\",\"inLanguage\":\"pl-PL\",\"@id\":\"https:\\\/\\\/internetaddictsanonymous.org\\\/#\\\/schema\\\/logo\\\/image\\\/\",\"url\":\"https:\\\/\\\/internetaddictsanonymous.org\\\/wp-content\\\/uploads\\\/2023\\\/01\\\/cropped-ITAA-logo-480px.png\",\"contentUrl\":\"https:\\\/\\\/internetaddictsanonymous.org\\\/wp-content\\\/uploads\\\/2023\\\/01\\\/cropped-ITAA-logo-480px.png\",\"width\":480,\"height\":480,\"caption\":\"Internet and Technology Addicts Anonymous\"},\"image\":{\"@id\":\"https:\\\/\\\/internetaddictsanonymous.org\\\/#\\\/schema\\\/logo\\\/image\\\/\"}}]}<\/script>\n<!-- \/ Yoast SEO plugin. -->","yoast_head_json":{"title":"Tablica og\u0142osze\u0144 - Anonimowi Uzale\u017cnieni od Internetu i Technologii","robots":{"index":"index","follow":"follow","max-snippet":"max-snippet:-1","max-image-preview":"max-image-preview:large","max-video-preview":"max-video-preview:-1"},"canonical":"https:\/\/internetaddictsanonymous.org\/pl\/ogloszenia-i-uslugi-tablica-biuletynowa\/","og_locale":"pl_PL","og_type":"article","og_title":"Announcements Bulletin Board &#8211; Internet and Technology Addicts Anonymous","og_description":"This is a regularly updated bulletin board with announcements pertaining to ITAA as a whole.Announcements Bulletin Board Archive Announcements Thank you to everyone who submitted designs for the 2026 North American Convention T-shirt Contest! We invite the fellowship to share feedback to help artists refine their work before the final vote. Please submit your input &hellip; Continue reading Announcements Bulletin Board","og_url":"https:\/\/internetaddictsanonymous.org\/pl\/ogloszenia-i-uslugi-tablica-biuletynowa\/","og_site_name":"Internet and Technology Addicts Anonymous","article_modified_time":"2026-04-24T19:56:41+00:00","twitter_card":"summary_large_image","twitter_misc":{"Szacowany czas czytania":"1 minuta"},"schema":{"@context":"https:\/\/schema.org","@graph":[{"@type":"WebPage","@id":"https:\/\/internetaddictsanonymous.org\/announcements-and-service-bulletin-board\/","url":"https:\/\/internetaddictsanonymous.org\/announcements-and-service-bulletin-board\/","name":"Tablica og\u0142osze\u0144 - Anonimowi Uzale\u017cnieni od Internetu i Technologii","isPartOf":{"@id":"https:\/\/internetaddictsanonymous.org\/#website"},"datePublished":"2020-05-31T09:19:27+00:00","dateModified":"2026-04-24T19:56:41+00:00","breadcrumb":{"@id":"https:\/\/internetaddictsanonymous.org\/announcements-and-service-bulletin-board\/#breadcrumb"},"inLanguage":"pl-PL","potentialAction":[{"@type":"ReadAction","target":["https:\/\/internetaddictsanonymous.org\/announcements-and-service-bulletin-board\/"]}]},{"@type":"BreadcrumbList","@id":"https:\/\/internetaddictsanonymous.org\/announcements-and-service-bulletin-board\/#breadcrumb","itemListElement":[{"@type":"ListItem","position":1,"name":"Home","item":"https:\/\/internetaddictsanonymous.org\/"},{"@type":"ListItem","position":2,"name":"Announcements Bulletin Board"}]},{"@type":"WebSite","@id":"https:\/\/internetaddictsanonymous.org\/#website","url":"https:\/\/internetaddictsanonymous.org\/","name":"Anonimowi uzale\u017cnieni od Internetu i technologii","description":"\u015awiatowa wsp\u00f3lnota 12 krok\u00f3w dla uzale\u017cnionych od Internetu i technologii","publisher":{"@id":"https:\/\/internetaddictsanonymous.org\/#organization"},"potentialAction":[{"@type":"SearchAction","target":{"@type":"EntryPoint","urlTemplate":"https:\/\/internetaddictsanonymous.org\/?s={search_term_string}"},"query-input":{"@type":"PropertyValueSpecification","valueRequired":true,"valueName":"search_term_string"}}],"inLanguage":"pl-PL"},{"@type":"Organization","@id":"https:\/\/internetaddictsanonymous.org\/#organization","name":"Anonimowi uzale\u017cnieni od Internetu i technologii","url":"https:\/\/internetaddictsanonymous.org\/","logo":{"@type":"ImageObject","inLanguage":"pl-PL","@id":"https:\/\/internetaddictsanonymous.org\/#\/schema\/logo\/image\/","url":"https:\/\/internetaddictsanonymous.org\/wp-content\/uploads\/2023\/01\/cropped-ITAA-logo-480px.png","contentUrl":"https:\/\/internetaddictsanonymous.org\/wp-content\/uploads\/2023\/01\/cropped-ITAA-logo-480px.png","width":480,"height":480,"caption":"Internet and Technology Addicts Anonymous"},"image":{"@id":"https:\/\/internetaddictsanonymous.org\/#\/schema\/logo\/image\/"}}]}},"jetpack_sharing_enabled":true,"jetpack_shortlink":"https:\/\/wp.me\/P9Fwob-2P8","_links":{"self":[{"href":"https:\/\/internetaddictsanonymous.org\/pl\/wp-json\/wp\/v2\/pages\/10858","targetHints":{"allow":["GET"]}}],"collection":[{"href":"https:\/\/internetaddictsanonymous.org\/pl\/wp-json\/wp\/v2\/pages"}],"about":[{"href":"https:\/\/internetaddictsanonymous.org\/pl\/wp-json\/wp\/v2\/types\/page"}],"author":[{"embeddable":true,"href":"https:\/\/internetaddictsanonymous.org\/pl\/wp-json\/wp\/v2\/users\/35194237"}],"replies":[{"embeddable":true,"href":"https:\/\/internetaddictsanonymous.org\/pl\/wp-json\/wp\/v2\/comments?post=10858"}],"version-history":[{"count":99,"href":"https:\/\/internetaddictsanonymous.org\/pl\/wp-json\/wp\/v2\/pages\/10858\/revisions"}],"predecessor-version":[{"id":21249,"href":"https:\/\/internetaddictsanonymous.org\/pl\/wp-json\/wp\/v2\/pages\/10858\/revisions\/21249"}],"wp:attachment":[{"href":"https:\/\/internetaddictsanonymous.org\/pl\/wp-json\/wp\/v2\/media?parent=10858"}],"wp:term":[{"taxonomy":"post_tag","embeddable":true,"href":"https:\/\/internetaddictsanonymous.org\/pl\/wp-json\/wp\/v2\/tags?post=10858"}],"curies":[{"name":"wp","href":"https:\/\/api.w.org\/{rel}","templated":true}]}}