{"id":11139,"date":"2020-06-14T09:30:42","date_gmt":"2020-06-14T09:30:42","guid":{"rendered":"https:\/\/internetaddictsanonymous.org\/?page_id=11139"},"modified":"2024-04-21T11:01:29","modified_gmt":"2024-04-21T15:01:29","slug":"serwis-2","status":"publish","type":"page","link":"https:\/\/internetaddictsanonymous.org\/pl\/service-2\/","title":{"rendered":"Us\u0142uga"},"content":{"rendered":"<p>S\u0142u\u017cba to dobrowolne po\u015bwi\u0119cenie naszego czasu i energii, aby pom\u00f3c innym cz\u0142onkom ITAA, tak jak sami zostali\u015bmy przez nich wspomo\u017ceni. Jest to pot\u0119\u017cne narz\u0119dzie w umacnianiu naszej w\u0142asnej trze\u017awo\u015bci, a mo\u017cliwo\u015b\u0107 wywarcia tak znacz\u0105cego wp\u0142ywu na \u017cycie innej osoby jest dla nas darem.<\/p>\n\n\n\n<p>Poni\u017cej znajduj\u0105 si\u0119 r\u00f3\u017cne zasoby dotycz\u0105ce tego, jak dzia\u0142a serwis w ITAA i jak mo\u017cesz si\u0119 zaanga\u017cowa\u0107:<\/p>\n\n\n\n<p><strong><a href=\"https:\/\/internetaddictsanonymous.org\/pl\/ism\/\">Mi\u0119dzynarodowe spotkania s\u0142u\u017cbowe<\/a><\/strong><br>Szczeg\u00f3\u0142y i informacje o naszych Mi\u0119dzynarodowych Spotkaniach S\u0142u\u017cbowych (ISM), podczas kt\u00f3rych omawiamy wa\u017cne kwestie i wypracowujemy rozwi\u0105zania, by wzmocni\u0107 wzrost naszej wsp\u00f3lnoty. <\/p>\n\n\n\n<p><strong><a href=\"https:\/\/internetaddictsanonymous.org\/pl\/otwarte-stanowiska-serwisowe\/\">Stanowiska obs\u0142ugi i komitety<\/a><\/strong><br>Szczeg\u00f3\u0142y i informacje o spotkaniach z r\u00f3\u017cnymi komitetami s\u0142u\u017cby, dzi\u0119ki kt\u00f3rym piszemy literatur\u0119, utrzymujemy us\u0142ugi dla ca\u0142ej spo\u0142eczno\u015bci i pracujemy razem, by nadal ulepsza\u0107 ITAA.<\/p>\n\n\n\n<p><a href=\"https:\/\/internetaddictsanonymous.org\/pl\/leading-and-strengthening-meetings\/\"><strong>Jak dzia\u0142aj\u0105 spotkania<\/strong><\/a><br>Kompleksowy przewodnik po tworzeniu silnych, zdrowych i rozwijaj\u0105cych si\u0119 spotka\u0144.<\/p>\n\n\n\n<p><strong><a href=\"https:\/\/internetaddictsanonymous.org\/pl\/przewodnik-po-naukach-o-grupie\/\">Przewodnik po naukach grupowych<\/a><\/strong><br>Szczeg\u00f3\u0142owy przegl\u0105d procesu grupowego sumienia, dzi\u0119ki kt\u00f3remu podejmujemy decyzje grupowe.<\/p>\n\n\n\n<p><strong><a href=\"https:\/\/internetaddictsanonymous.org\/pl\/sponsoring\/\">Znaczenie sponsoringu<\/a><\/strong><br>Om\u00f3wienie sponsoringu, w kt\u00f3rym trze\u017awy cz\u0142onek, kt\u00f3ry przepracowa\u0142 Dwana\u015bcie Krok\u00f3w, wspiera innego cz\u0142onka w jego zdrowieniu.<\/p>\n\n\n\n<p><strong><a href=\"https:\/\/internetaddictsanonymous.org\/pl\/safety-in-itaa\/\">Bezpiecze\u0144stwo w ITAA<\/a><br><\/strong>Poradnik reagowania na niebezpieczne lub nieodpowiednie zachowanie.<\/p>\n\n\n\n<p><strong><a href=\"https:\/\/internetaddictsanonymous.org\/pl\/gsr\/\">Co to jest \u201eprzedstawiciel serwisu grupy\u201d w ITAA?<\/a><\/strong><br>Przegl\u0105d tego, co oznacza bycie przedstawicielem s\u0142u\u017cby grupowej: cz\u0142onek, kt\u00f3ry pomaga reprezentowa\u0107 konkretn\u0105 grup\u0119 ITAA na naszych og\u00f3lnozwi\u0105zkowych ISM.<\/p>\n<!-- PMB print buttons is only displayed on a single post\/page URLs-->","protected":false},"excerpt":{"rendered":"<p>S\u0142u\u017cba to dobrowolny wk\u0142ad naszego czasu i energii w pomoc innym cz\u0142onkom ITAA, tak jak nam pomogli inni. Jest to pot\u0119\u017cne narz\u0119dzie wzmacniania w\u0142asnej trze\u017awo\u015bci i uznali\u015bmy za dar mo\u017cliwo\u015b\u0107 wywarcia tak znacz\u0105cego wp\u0142ywu na \u017cycie innej osoby\u2026 <a href=\"https:\/\/internetaddictsanonymous.org\/pl\/service-2\/\" class=\"more-link\">Kontynuuj czytanie <span class=\"screen-reader-text\">Us\u0142uga<\/span><\/a><\/p>","protected":false},"author":35194237,"featured_media":0,"parent":0,"menu_order":0,"comment_status":"closed","ping_status":"closed","template":"full-width-page.php","meta":{"inline_featured_image":false,"_lmt_disableupdate":"","_lmt_disable":"","footnotes":""},"tags":[],"class_list":["post-11139","page","type-page","status-publish","hentry"],"yoast_head":"<!-- This site is optimized with the Yoast SEO plugin v27.4 - https:\/\/yoast.com\/product\/yoast-seo-wordpress\/ -->\n<title>Service &#8211; Internet and Technology Addicts Anonymous<\/title>\n<meta name=\"robots\" content=\"index, follow, max-snippet:-1, max-image-preview:large, max-video-preview:-1\" \/>\n<link rel=\"canonical\" href=\"https:\/\/internetaddictsanonymous.org\/pl\/serwis-2\/\" \/>\n<meta property=\"og:locale\" content=\"pl_PL\" \/>\n<meta property=\"og:type\" content=\"article\" \/>\n<meta property=\"og:title\" content=\"Service &#8211; Internet and Technology Addicts Anonymous\" \/>\n<meta property=\"og:description\" content=\"Service is the voluntary contribution of our time and energy to help other members of ITAA, just as we have been helped by others. It is a powerful tool in strengthening our own sobriety, and we have found it a gift to be able to make such a meaningful impact in the life of another &hellip; Continue reading Service\" \/>\n<meta property=\"og:url\" content=\"https:\/\/internetaddictsanonymous.org\/pl\/serwis-2\/\" \/>\n<meta property=\"og:site_name\" content=\"Internet and Technology Addicts Anonymous\" \/>\n<meta property=\"article:modified_time\" content=\"2024-04-21T15:01:29+00:00\" \/>\n<meta name=\"twitter:card\" content=\"summary_large_image\" \/>\n<meta name=\"twitter:label1\" content=\"Szacowany czas czytania\" \/>\n\t<meta name=\"twitter:data1\" content=\"2 minuty\" \/>\n<script type=\"application\/ld+json\" class=\"yoast-schema-graph\">{\"@context\":\"https:\\\/\\\/schema.org\",\"@graph\":[{\"@type\":\"WebPage\",\"@id\":\"https:\\\/\\\/internetaddictsanonymous.org\\\/service-2\\\/\",\"url\":\"https:\\\/\\\/internetaddictsanonymous.org\\\/service-2\\\/\",\"name\":\"Service &#8211; Internet and Technology Addicts Anonymous\",\"isPartOf\":{\"@id\":\"https:\\\/\\\/internetaddictsanonymous.org\\\/#website\"},\"datePublished\":\"2020-06-14T09:30:42+00:00\",\"dateModified\":\"2024-04-21T15:01:29+00:00\",\"breadcrumb\":{\"@id\":\"https:\\\/\\\/internetaddictsanonymous.org\\\/service-2\\\/#breadcrumb\"},\"inLanguage\":\"pl-PL\",\"potentialAction\":[{\"@type\":\"ReadAction\",\"target\":[\"https:\\\/\\\/internetaddictsanonymous.org\\\/service-2\\\/\"]}]},{\"@type\":\"BreadcrumbList\",\"@id\":\"https:\\\/\\\/internetaddictsanonymous.org\\\/service-2\\\/#breadcrumb\",\"itemListElement\":[{\"@type\":\"ListItem\",\"position\":1,\"name\":\"Home\",\"item\":\"https:\\\/\\\/internetaddictsanonymous.org\\\/\"},{\"@type\":\"ListItem\",\"position\":2,\"name\":\"Service\"}]},{\"@type\":\"WebSite\",\"@id\":\"https:\\\/\\\/internetaddictsanonymous.org\\\/#website\",\"url\":\"https:\\\/\\\/internetaddictsanonymous.org\\\/\",\"name\":\"Internet and Technology Addicts Anonymous\",\"description\":\"Worldwide 12-step Fellowship for Internet and Technology Addiction\",\"publisher\":{\"@id\":\"https:\\\/\\\/internetaddictsanonymous.org\\\/#organization\"},\"potentialAction\":[{\"@type\":\"SearchAction\",\"target\":{\"@type\":\"EntryPoint\",\"urlTemplate\":\"https:\\\/\\\/internetaddictsanonymous.org\\\/?s={search_term_string}\"},\"query-input\":{\"@type\":\"PropertyValueSpecification\",\"valueRequired\":true,\"valueName\":\"search_term_string\"}}],\"inLanguage\":\"pl-PL\"},{\"@type\":\"Organization\",\"@id\":\"https:\\\/\\\/internetaddictsanonymous.org\\\/#organization\",\"name\":\"Internet and Technology Addicts Anonymous\",\"url\":\"https:\\\/\\\/internetaddictsanonymous.org\\\/\",\"logo\":{\"@type\":\"ImageObject\",\"inLanguage\":\"pl-PL\",\"@id\":\"https:\\\/\\\/internetaddictsanonymous.org\\\/#\\\/schema\\\/logo\\\/image\\\/\",\"url\":\"https:\\\/\\\/internetaddictsanonymous.org\\\/wp-content\\\/uploads\\\/2023\\\/01\\\/cropped-ITAA-logo-480px.png\",\"contentUrl\":\"https:\\\/\\\/internetaddictsanonymous.org\\\/wp-content\\\/uploads\\\/2023\\\/01\\\/cropped-ITAA-logo-480px.png\",\"width\":480,\"height\":480,\"caption\":\"Internet and Technology Addicts Anonymous\"},\"image\":{\"@id\":\"https:\\\/\\\/internetaddictsanonymous.org\\\/#\\\/schema\\\/logo\\\/image\\\/\"}}]}<\/script>\n<!-- \/ Yoast SEO plugin. -->","yoast_head_json":{"title":"Serwis - Anonimowi Uzale\u017cnieni od Internetu i Technologii","robots":{"index":"index","follow":"follow","max-snippet":"max-snippet:-1","max-image-preview":"max-image-preview:large","max-video-preview":"max-video-preview:-1"},"canonical":"https:\/\/internetaddictsanonymous.org\/pl\/serwis-2\/","og_locale":"pl_PL","og_type":"article","og_title":"Service &#8211; Internet and Technology Addicts Anonymous","og_description":"Service is the voluntary contribution of our time and energy to help other members of ITAA, just as we have been helped by others. It is a powerful tool in strengthening our own sobriety, and we have found it a gift to be able to make such a meaningful impact in the life of another &hellip; Continue reading Service","og_url":"https:\/\/internetaddictsanonymous.org\/pl\/serwis-2\/","og_site_name":"Internet and Technology Addicts Anonymous","article_modified_time":"2024-04-21T15:01:29+00:00","twitter_card":"summary_large_image","twitter_misc":{"Szacowany czas czytania":"2 minuty"},"schema":{"@context":"https:\/\/schema.org","@graph":[{"@type":"WebPage","@id":"https:\/\/internetaddictsanonymous.org\/service-2\/","url":"https:\/\/internetaddictsanonymous.org\/service-2\/","name":"Serwis - Anonimowi Uzale\u017cnieni od Internetu i Technologii","isPartOf":{"@id":"https:\/\/internetaddictsanonymous.org\/#website"},"datePublished":"2020-06-14T09:30:42+00:00","dateModified":"2024-04-21T15:01:29+00:00","breadcrumb":{"@id":"https:\/\/internetaddictsanonymous.org\/service-2\/#breadcrumb"},"inLanguage":"pl-PL","potentialAction":[{"@type":"ReadAction","target":["https:\/\/internetaddictsanonymous.org\/service-2\/"]}]},{"@type":"BreadcrumbList","@id":"https:\/\/internetaddictsanonymous.org\/service-2\/#breadcrumb","itemListElement":[{"@type":"ListItem","position":1,"name":"Home","item":"https:\/\/internetaddictsanonymous.org\/"},{"@type":"ListItem","position":2,"name":"Service"}]},{"@type":"WebSite","@id":"https:\/\/internetaddictsanonymous.org\/#website","url":"https:\/\/internetaddictsanonymous.org\/","name":"Anonimowi uzale\u017cnieni od Internetu i technologii","description":"\u015awiatowa wsp\u00f3lnota 12 krok\u00f3w dla uzale\u017cnionych od Internetu i technologii","publisher":{"@id":"https:\/\/internetaddictsanonymous.org\/#organization"},"potentialAction":[{"@type":"SearchAction","target":{"@type":"EntryPoint","urlTemplate":"https:\/\/internetaddictsanonymous.org\/?s={search_term_string}"},"query-input":{"@type":"PropertyValueSpecification","valueRequired":true,"valueName":"search_term_string"}}],"inLanguage":"pl-PL"},{"@type":"Organization","@id":"https:\/\/internetaddictsanonymous.org\/#organization","name":"Anonimowi uzale\u017cnieni od Internetu i technologii","url":"https:\/\/internetaddictsanonymous.org\/","logo":{"@type":"ImageObject","inLanguage":"pl-PL","@id":"https:\/\/internetaddictsanonymous.org\/#\/schema\/logo\/image\/","url":"https:\/\/internetaddictsanonymous.org\/wp-content\/uploads\/2023\/01\/cropped-ITAA-logo-480px.png","contentUrl":"https:\/\/internetaddictsanonymous.org\/wp-content\/uploads\/2023\/01\/cropped-ITAA-logo-480px.png","width":480,"height":480,"caption":"Internet and Technology Addicts Anonymous"},"image":{"@id":"https:\/\/internetaddictsanonymous.org\/#\/schema\/logo\/image\/"}}]}},"jetpack_sharing_enabled":true,"jetpack_shortlink":"https:\/\/wp.me\/P9Fwob-2TF","_links":{"self":[{"href":"https:\/\/internetaddictsanonymous.org\/pl\/wp-json\/wp\/v2\/pages\/11139","targetHints":{"allow":["GET"]}}],"collection":[{"href":"https:\/\/internetaddictsanonymous.org\/pl\/wp-json\/wp\/v2\/pages"}],"about":[{"href":"https:\/\/internetaddictsanonymous.org\/pl\/wp-json\/wp\/v2\/types\/page"}],"author":[{"embeddable":true,"href":"https:\/\/internetaddictsanonymous.org\/pl\/wp-json\/wp\/v2\/users\/35194237"}],"replies":[{"embeddable":true,"href":"https:\/\/internetaddictsanonymous.org\/pl\/wp-json\/wp\/v2\/comments?post=11139"}],"version-history":[{"count":9,"href":"https:\/\/internetaddictsanonymous.org\/pl\/wp-json\/wp\/v2\/pages\/11139\/revisions"}],"predecessor-version":[{"id":17892,"href":"https:\/\/internetaddictsanonymous.org\/pl\/wp-json\/wp\/v2\/pages\/11139\/revisions\/17892"}],"wp:attachment":[{"href":"https:\/\/internetaddictsanonymous.org\/pl\/wp-json\/wp\/v2\/media?parent=11139"}],"wp:term":[{"taxonomy":"post_tag","embeddable":true,"href":"https:\/\/internetaddictsanonymous.org\/pl\/wp-json\/wp\/v2\/tags?post=11139"}],"curies":[{"name":"wp","href":"https:\/\/api.w.org\/{rel}","templated":true}]}}