{"id":11348,"date":"2020-07-12T07:06:35","date_gmt":"2020-07-12T07:06:35","guid":{"rendered":"https:\/\/internetaddictsanonymous.org\/?page_id=11348"},"modified":"2025-09-14T11:35:18","modified_gmt":"2025-09-14T18:35:18","slug":"otwarte-stanowiska-serwisowe","status":"publish","type":"page","link":"https:\/\/internetaddictsanonymous.org\/pl\/open-service-positions\/","title":{"rendered":"Stanowiska obs\u0142ugi i komitety"},"content":{"rendered":"<p>Dzi\u0119kujemy za zainteresowanie s\u0142u\u017cb\u0105 na poziomie spo\u0142eczno\u015bci ITAA! S\u0142u\u017cba jest nie tylko nieocenionym narz\u0119dziem dla naszego w\u0142asnego powrotu do zdrowia, ale tak\u017ce pomaga ca\u0142ej spo\u0142eczno\u015bci ITAA - od nowicjuszy na ich pierwszym spotkaniu, przez starych wyjadaczy, po grupy i spo\u0142eczno\u015b\u0107 jako ca\u0142o\u015b\u0107. Poni\u017cej znajduje si\u0119 lista naszych mi\u0119dzynarodowych stanowisk i komitet\u00f3w.<\/p>\n\n\n\n<p><strong>Nadchodz\u0105ce spotkania komisji ITAA i Mi\u0119dzynarodowe Spotkania S\u0142u\u017cbowe<\/strong><\/p>\n\n\n<p><iframe style=\"height: 600px; width: 100%;\" src=\"https:\/\/teamup.com\/ks4ag6i7z1xynrk5ra?view=m&amp;showHeader=0&amp;showLogo=0&amp;showTitle=0&amp;showSidepanel=0&amp;showViewSelector=1\" width=\"100%\" height=\"600\" frameborder=\"0\"><\/iframe><\/p>\n\n\n<h5 class=\"wp-block-heading\" id=\"fellowship-level\"><strong>Stanowiska us\u0142ugowe na poziomie stypendialnym <\/strong><\/h5>\n\n\n\n<ul class=\"wp-block-list\">\n<li><strong>Przewodnicz\u0105cy<\/strong>:Mi\u0119dzynarodowym Spotkaniom S\u0142u\u017cby przys\u0142uguje dw\u00f3ch wsp\u00f3\u0142przewodnicz\u0105cych, wybieranych na roczn\u0105 kadencj\u0119. Ka\u017cdy wsp\u00f3\u0142przewodnicz\u0105cy zarz\u0105dza jednym ISM co drugi miesi\u0105c. Obowi\u0105zkiem przewodnicz\u0105cych jest przewodniczenie ISM oraz aktualizacja i utrzymanie niniejszych pisemnych wytycznych, aby by\u0142y one zawsze aktualne. Wsp\u00f3\u0142pracuj\u0105 z sekretarzami w celu sfinalizowania programu. <strong>Je\u015bli jeste\u015b zainteresowany byciem wsp\u00f3\u0142przewodnicz\u0105cym, napisz na adres secretaries.itaa@gmail.com lub we\u017a udzia\u0142 w nadchodz\u0105cym ISM.<\/strong><br><br><\/li>\n\n\n\n<li><strong>Sekretarze<\/strong>:Mi\u0119dzynarodowe Spotkania S\u0142u\u017cbowe powo\u0142uj\u0105 dw\u00f3ch wsp\u00f3\u0142sekretarzy, wybieranych na roczn\u0105 kadencj\u0119. Ka\u017cdy wsp\u00f3\u0142sekretarz zarz\u0105dza jednym ISM co dwa miesi\u0105ce. Sekretarze sporz\u0105dzaj\u0105 protoko\u0142y z ISM i ustalaj\u0105 porz\u0105dek obrad. Wsp\u00f3\u0142pracuj\u0105 z przewodnicz\u0105cymi w celu sfinalizowania porz\u0105dku obrad. <strong>Je\u015bli jeste\u015b zainteresowany pe\u0142nieniem funkcji wsp\u00f3\u0142sekretarza, napisz na adres secretaries.itaa@gmail.com lub we\u017a udzia\u0142 w nadchodz\u0105cym ISM.<\/strong><br><br><\/li>\n\n\n\n<li><strong>Wsp\u00f3\u0142administrator<\/strong>: ITAA ma co najmniej 2 Co-Webmaster\u00f3w (cho\u0107 mo\u017ce by\u0107 ich wi\u0119cej), kt\u00f3rzy mog\u0105 by\u0107 wybierani na kadencje do 2 lat (kr\u00f3tsze kadencje s\u0105 r\u00f3wnie\u017c dopuszczalne). Webmasterzy utrzymuj\u0105, aktualizuj\u0105 i modyfikuj\u0105 stron\u0119 internetow\u0105 ITAA w s\u0142u\u017cbie sumienia grupy kole\u017ce\u0144skiej. Webmasterzy zarz\u0105dzaj\u0105 r\u00f3wnie\u017c kontami Zoom, Google Ads i kalendarzem spotka\u0144 ITAA. Webmasterzy maj\u0105 prawo do wprowadzania drobnych zmian na stronie, kt\u00f3re s\u0105 zgodne z duchem istniej\u0105cej strony. Wszelkie drastyczne zmiany, nowe sekcje lub istotne r\u00f3\u017cnice zda\u0144 mog\u0105 by\u0107 kierowane do ISM. <strong>Je\u015bli chcesz zosta\u0107 wsp\u00f3\u0142webmasterem, wy\u015blij e-mail na adres webmaster.itaa@gmail.com.<\/strong><br><br> <\/li>\n\n\n\n<li><strong>Wsp\u00f3\u0142skarbnik<\/strong>: W sk\u0142ad Stowarzyszenia wchodz\u0105 dwaj wsp\u00f3\u0142skarbnicy wybierani na 12-miesi\u0119czn\u0105 kadencj\u0119. Skarbnicy prowadz\u0105 rachunkowo\u015b\u0107 ITAA oraz rejestruj\u0105 wszelkie wydatki i darowizny. Zazwyczaj przedstawiaj\u0105 sprawozdanie na Mi\u0119dzynarodowych Spotkaniach S\u0142u\u017cby w trzeci weekend ka\u017cdego miesi\u0105ca. Skarbnicy nie maj\u0105 uprawnie\u0144 do samodzielnego podejmowania decyzji o wydatkach. Decyzja o pokryciu nowego wydatku musi zosta\u0107 podj\u0119ta przez Mi\u0119dzynarodowe Spotkanie S\u0142u\u017cby. <strong>Je\u015bli jeste\u015b zainteresowany funkcj\u0105 wsp\u00f3\u0142skarbnika, wy\u015blij wiadomo\u015b\u0107 e-mail na adres itaa.business@gmail.com.<\/strong><br><br><\/li>\n\n\n\n<li><strong>Odpowiadaj\u0105cy na e-mail<\/strong>:Autorzy odpowiedzi e-mail ITAA pomagaj\u0105 odpowiada\u0107 na og\u00f3lne zapytania przesy\u0142ane za po\u015brednictwem strony internetowej ITAA. Mo\u017ce to obejmowa\u0107 dostarczanie informacji o ITAA, harmonogramie spotka\u0144, zasobach na naszej stronie internetowej lub przekierowywanie wiadomo\u015bci do innych zaufanych os\u00f3b (np. sekretarzy, webmaster\u00f3w, konkretnego komitetu lub grupy). Zazwyczaj tygodniowe zaanga\u017cowanie czasowe ka\u017cdego asystenta odpowiedzi e-mail wynosi od 15 do 30 minut. Asystenci odpowiedzi e-mail musz\u0105 mie\u0107 co najmniej 3-miesi\u0119czny sta\u017c w ITAA, a ka\u017cdy wybrany asystent mo\u017ce wybra\u0107 d\u0142ugo\u015b\u0107 swojej kadencji, od 3 miesi\u0119cy do 2 lat. <strong>Je\u015bli jeste\u015b zainteresowany prac\u0105 jako osoba odpowiadaj\u0105ca na wiadomo\u015bci e-mail, wy\u015blij wiadomo\u015b\u0107 e-mail na adres internetandtechaa@gmail.com<span style=\"color: initial; font-family: -apple-system, BlinkMacSystemFont, &quot;Segoe UI&quot;, Roboto, Oxygen-Sans, Ubuntu, Cantarell, &quot;Helvetica Neue&quot;, sans-serif;\">.<\/span><\/strong><br><br><\/li>\n\n\n\n<li><strong>Przedstawiciel Serwisu Grupy (GSR)<\/strong>: GSR s\u0105 wybierani przez grupy, aby pom\u00f3c reprezentowa\u0107 je na Mi\u0119dzynarodowych Spotkaniach S\u0142u\u017cbowych ITAA i zapewniaj\u0105, \u017ce g\u0142osy naszych grup s\u0105 s\u0142yszalne podczas podejmowania decyzji na poziomie wsp\u00f3lnoty. Zach\u0119ca si\u0119 grupy do przeprowadzenia sumienia grupowego w celu wybrania GSR i okre\u015blenia wymaga\u0144 dotycz\u0105cych s\u0142u\u017cby, odpowiedzialno\u015bci i d\u0142ugo\u015bci kadencji. Poni\u017csze \u017ar\u00f3d\u0142o zawiera wi\u0119cej informacji na temat GSR:<br><a href=\"https:\/\/internetaddictsanonymous.org\/pl\/gsr\/\" target=\"_blank\" rel=\"noreferrer noopener\">Co to jest \u201eprzedstawiciel serwisu grupy\u201d w ITAA?<\/a><br><\/li>\n<\/ul>\n\n\n\n<h5 class=\"wp-block-heading\" id=\"fellowship-level\">Poziom stypendialny<strong> komisje<\/strong><\/h5>\n\n\n\n<ul class=\"wp-block-list\">\n<li><strong>Komisja Prawno-Finansowa<\/strong>:Komitet ten omawia kwestie prawne i finansowe istotne dla ca\u0142ego stowarzyszenia ITAA, opracowuje i proponuje rozwi\u0105zania tych kwestii do rozpatrzenia przez ISM, w razie potrzeby wsp\u00f3\u0142pracuje z prawnikami, ksi\u0119gowymi i innymi odpowiednimi specjalistami oraz opracowuje materia\u0142y i zasoby zwi\u0105zane z kwestiami prawnymi i finansowymi, kt\u00f3re mog\u0105 by\u0107 pomocne zar\u00f3wno grupom, jak i indywidualnym cz\u0142onkom. Udzia\u0142 jest otwarty dla wszystkich. <strong>Je\u015bli jeste\u015b zainteresowany wsp\u00f3\u0142prac\u0105, wy\u015blij wiadomo\u015b\u0107 e-mail na adres legalaffairs.itaa@gmail.com.<\/strong><br><br><\/li>\n\n\n\n<li><strong>Komitet Literacki<\/strong>: Komitet ds. Literatury zajmuje si\u0119 tworzeniem literatury d\u0142ugiej i drukowanej, aby wspiera\u0107 g\u0142\u00f3wny cel naszej spo\u0142eczno\u015bci. Uczestnictwo jest otwarte dla wszystkich. Je\u015bli nie mo\u017cesz uczestniczy\u0107 w spotkaniu ze wzgl\u0119du na stref\u0119 czasow\u0105, skontaktuj si\u0119 z osob\u0105 kontaktow\u0105. Obecnie piszemy nasz\u0105 pierwsz\u0105 ksi\u0105\u017ck\u0119 ITAA i szukamy historii powrotu do zdrowia od cz\u0142onk\u00f3w, kt\u00f3rzy maj\u0105 co najmniej 6 miesi\u0119cy w ITAA, stabiln\u0105 trze\u017awo\u015b\u0107, tak jak j\u0105 rozumiej\u0105, i kt\u00f3rzy pracuj\u0105 nad Krokami - wi\u0119cej informacji mo\u017cna znale\u017a\u0107 na stronie <a href=\"https:\/\/docs.google.com\/document\/d\/1WkjCP1kEapF_RhWaTpPk6nmuVHrNbohQVA2TJIpbDtQ\/edit?usp=sharing\">tutaj<\/a>. Ka\u017cdy cz\u0142onek ITAA mo\u017ce r\u00f3wnie\u017c zarejestrowa\u0107 si\u0119 jako recenzent i przesy\u0142a\u0107 opinie na temat wersji roboczych naszej ksi\u0105\u017cki. Aktualn\u0105 wersj\u0119 robocz\u0105 ksi\u0105\u017cki i regularne aktualizacje dotycz\u0105ce nowych rozdzia\u0142\u00f3w mo\u017cna znale\u017a\u0107, wype\u0142niaj\u0105c formularz. <a href=\"https:\/\/forms.gle\/xUyrY5BUxropNELWA\">ten formularz<\/a>. <strong>Wszelkie pytania lub uwagi prosimy kierowa\u0107 na adres e-mail literature.itaa@gmail.com. <\/strong><br><br><\/li>\n\n\n\n<li><strong>Komitet ds. Public Relations<\/strong>: Komitet ten pe\u0142ni dwie role: Organizator\u00f3w i Osoby udzielaj\u0105ce wywiad\u00f3w. Organizatorzy zarz\u0105dzaj\u0105 nap\u0142ywaj\u0105cymi pro\u015bbami o wywiady, prowadz\u0105 dzia\u0142ania informacyjne, opracowuj\u0105 i aktualizuj\u0105 materia\u0142y dla dziennikarzy oraz aktualizuj\u0105 raporty na Mi\u0119dzynarodowym Spotkaniu S\u0142u\u017cby. Ka\u017cdy cz\u0142onek mo\u017ce zosta\u0107 Organizatorem i do\u0142\u0105czy\u0107 do naszych spotka\u0144. Osoby udzielaj\u0105ce wywiad\u00f3w to cz\u0142onkowie, kt\u00f3rzy otrzymuj\u0105 powiadomienie o otrzymaniu wiadomo\u015bci za po\u015brednictwem strony internetowej z pro\u015bb\u0105 o wywiad z cz\u0142onkiem ITAA na temat naszego stowarzyszenia lub programu zdrowienia. Aby zosta\u0107 osob\u0105 udzielaj\u0105c\u0105 wywiadu, cz\u0142onkowie powinni mie\u0107 5-miesi\u0119czny sta\u017c w ITAA, regularnie uczestniczy\u0107 w spotkaniach, realizowa\u0107 program 12 krok\u00f3w oraz by\u0107 w stanie trze\u017awo\u015bci, zgodnie z ich definicj\u0105. Cz\u0142onkowie komitetu mog\u0105 wybra\u0107 jedn\u0105 lub obie z tych r\u00f3l. <strong>Je\u015bli jeste\u015b zainteresowany prac\u0105 w Komitecie ds. Public Relations, wy\u015blij wiadomo\u015b\u0107 e-mail na adres inquiries.itaa@gmail.com.<\/strong> <strong>Potrzebujemy wi\u0119cej organizator\u00f3w i os\u00f3b udzielaj\u0105cych wywiad\u00f3w. Je\u015bli chcesz przeprowadzi\u0107 dzia\u0142ania informacyjne w swojej okolicy, mo\u017cesz skorzysta\u0107 z naszego <a href=\"https:\/\/docs.google.com\/document\/d\/1aRALvNCgyFK4UUpQHtJfsWbFT4WthLxQqeuzJhA2bM0\/edit?usp=sharing\">szablon do udost\u0119pniania informacji publicznej<\/a>.<\/strong><br><\/li>\n<\/ul>\n\n\n\n<ul class=\"wp-block-list\">\n<li><strong>Podkomisja SEO \/ Google Ads<\/strong>: Ten podkomitet koncentruje si\u0119 na poprawie naszych Google Ads i optymalizacji wyszukiwarek, aby pom\u00f3c zapewni\u0107, \u017ce nasza wsp\u00f3lnota jest tak dost\u0119pna, jak to mo\u017cliwe dla tych, kt\u00f3rzy potrzebuj\u0105. Ta grupa jest podkomitetem Komitetu ds. zawarto\u015bci stron internetowych. <strong>W razie pyta\u0144 prosimy o kontakt mailowy pod adresem tomask.itaa@gmail.com.<\/strong><br><\/li>\n<\/ul>\n\n\n\n<ul class=\"wp-block-list\">\n<li><strong>Komitet ds. Tre\u015bci Internetowych<\/strong>W tym komitecie omawiamy, edytujemy i tworzymy tre\u015bci na nasz\u0105 stron\u0119 internetow\u0105. Ka\u017cdy cz\u0142onek jest zaproszony do udzia\u0142u, a warunkiem cz\u0142onkostwa w komitecie jest obecno\u015b\u0107 na co najmniej 6 spotkaniach ITAA. Wszelkie pytania prosimy kierowa\u0107 na adres webcontent.itaa@gmail.com.<br><br><\/li>\n\n\n\n<li><strong>T\u0142umaczenie stron internetowych<\/strong>:Je\u015bli chcesz przet\u0142umaczy\u0107 stron\u0119 internetow\u0105 ITAA na inny j\u0119zyk, mo\u017cesz pom\u00f3c w przekazaniu naszego przes\u0142ania osobom uzale\u017cnionym, kt\u00f3re nie m\u00f3wi\u0105 po angielsku. <strong>Je\u015bli jeste\u015b zainteresowany pomoc\u0105 w t\u0142umaczeniu strony, napisz na adres webmaster.itaa@gmail.com<\/strong><\/li>\n<\/ul>\n<!-- PMB print buttons is only displayed on a single post\/page URLs-->","protected":false},"excerpt":{"rendered":"<p>Dzi\u0119kujemy za zainteresowanie s\u0142u\u017ceniem na poziomie wsp\u00f3lnotowym w ITAA! S\u0142u\u017cba jest nie tylko nieocenionym narz\u0119dziem do naszego w\u0142asnego powrotu do zdrowia, ale tak\u017ce pomaga ca\u0142ej wsp\u00f3lnocie ITAA \u2013 od nowoprzyby\u0142ych na pierwszym spotkaniu, przez weteran\u00f3w, po grupy i wsp\u00f3lnot\u0119 jako ca\u0142o\u015b\u0107. Poni\u017cej znajduje si\u0119 lista naszych\u2026 <a href=\"https:\/\/internetaddictsanonymous.org\/pl\/open-service-positions\/\" class=\"more-link\">Kontynuuj czytanie <span class=\"screen-reader-text\">Stanowiska obs\u0142ugi i komitety<\/span><\/a><\/p>","protected":false},"author":35194237,"featured_media":0,"parent":0,"menu_order":0,"comment_status":"closed","ping_status":"closed","template":"full-width-page.php","meta":{"inline_featured_image":false,"_lmt_disableupdate":"no","_lmt_disable":"","jetpack_post_was_ever_published":false,"footnotes":""},"tags":[],"class_list":["post-11348","page","type-page","status-publish","hentry"],"yoast_head":"<!-- This site is optimized with the Yoast SEO plugin v27.3 - https:\/\/yoast.com\/product\/yoast-seo-wordpress\/ -->\n<title>Service Positions and Committees &#8211; Internet and Technology Addicts Anonymous<\/title>\n<meta name=\"robots\" content=\"index, follow, max-snippet:-1, max-image-preview:large, max-video-preview:-1\" \/>\n<link rel=\"canonical\" href=\"https:\/\/internetaddictsanonymous.org\/pl\/otwarte-stanowiska-serwisowe\/\" \/>\n<meta property=\"og:locale\" content=\"pl_PL\" \/>\n<meta property=\"og:type\" content=\"article\" \/>\n<meta property=\"og:title\" content=\"Service Positions and Committees &#8211; Internet and Technology Addicts Anonymous\" \/>\n<meta property=\"og:description\" content=\"Thank you for your interest in being of service at the fellowship level in ITAA! Service is not only an invaluable tool for our own recoveries, it also helps the entire ITAA fellowship\u2014from newcomers at their first meeting, to old-timers, to the groups, and the fellowship as a whole. Below is a list of our &hellip; Continue reading Service Positions and Committees\" \/>\n<meta property=\"og:url\" content=\"https:\/\/internetaddictsanonymous.org\/pl\/otwarte-stanowiska-serwisowe\/\" \/>\n<meta property=\"og:site_name\" content=\"Internet and Technology Addicts Anonymous\" \/>\n<meta property=\"article:modified_time\" content=\"2025-09-14T18:35:18+00:00\" \/>\n<meta name=\"twitter:card\" content=\"summary_large_image\" \/>\n<meta name=\"twitter:label1\" content=\"Szacowany czas czytania\" \/>\n\t<meta name=\"twitter:data1\" content=\"5 minut\" \/>\n<script type=\"application\/ld+json\" class=\"yoast-schema-graph\">{\"@context\":\"https:\\\/\\\/schema.org\",\"@graph\":[{\"@type\":\"WebPage\",\"@id\":\"https:\\\/\\\/internetaddictsanonymous.org\\\/open-service-positions\\\/\",\"url\":\"https:\\\/\\\/internetaddictsanonymous.org\\\/open-service-positions\\\/\",\"name\":\"Service Positions and Committees &#8211; Internet and Technology Addicts Anonymous\",\"isPartOf\":{\"@id\":\"https:\\\/\\\/internetaddictsanonymous.org\\\/#website\"},\"datePublished\":\"2020-07-12T07:06:35+00:00\",\"dateModified\":\"2025-09-14T18:35:18+00:00\",\"breadcrumb\":{\"@id\":\"https:\\\/\\\/internetaddictsanonymous.org\\\/open-service-positions\\\/#breadcrumb\"},\"inLanguage\":\"pl-PL\",\"potentialAction\":[{\"@type\":\"ReadAction\",\"target\":[\"https:\\\/\\\/internetaddictsanonymous.org\\\/open-service-positions\\\/\"]}]},{\"@type\":\"BreadcrumbList\",\"@id\":\"https:\\\/\\\/internetaddictsanonymous.org\\\/open-service-positions\\\/#breadcrumb\",\"itemListElement\":[{\"@type\":\"ListItem\",\"position\":1,\"name\":\"Home\",\"item\":\"https:\\\/\\\/internetaddictsanonymous.org\\\/\"},{\"@type\":\"ListItem\",\"position\":2,\"name\":\"Service Positions and Committees\"}]},{\"@type\":\"WebSite\",\"@id\":\"https:\\\/\\\/internetaddictsanonymous.org\\\/#website\",\"url\":\"https:\\\/\\\/internetaddictsanonymous.org\\\/\",\"name\":\"Internet and Technology Addicts Anonymous\",\"description\":\"Worldwide 12-step Fellowship for Internet and Technology Addiction\",\"publisher\":{\"@id\":\"https:\\\/\\\/internetaddictsanonymous.org\\\/#organization\"},\"potentialAction\":[{\"@type\":\"SearchAction\",\"target\":{\"@type\":\"EntryPoint\",\"urlTemplate\":\"https:\\\/\\\/internetaddictsanonymous.org\\\/?s={search_term_string}\"},\"query-input\":{\"@type\":\"PropertyValueSpecification\",\"valueRequired\":true,\"valueName\":\"search_term_string\"}}],\"inLanguage\":\"pl-PL\"},{\"@type\":\"Organization\",\"@id\":\"https:\\\/\\\/internetaddictsanonymous.org\\\/#organization\",\"name\":\"Internet and Technology Addicts Anonymous\",\"url\":\"https:\\\/\\\/internetaddictsanonymous.org\\\/\",\"logo\":{\"@type\":\"ImageObject\",\"inLanguage\":\"pl-PL\",\"@id\":\"https:\\\/\\\/internetaddictsanonymous.org\\\/#\\\/schema\\\/logo\\\/image\\\/\",\"url\":\"https:\\\/\\\/internetaddictsanonymous.org\\\/wp-content\\\/uploads\\\/2023\\\/01\\\/cropped-ITAA-logo-480px.png\",\"contentUrl\":\"https:\\\/\\\/internetaddictsanonymous.org\\\/wp-content\\\/uploads\\\/2023\\\/01\\\/cropped-ITAA-logo-480px.png\",\"width\":480,\"height\":480,\"caption\":\"Internet and Technology Addicts Anonymous\"},\"image\":{\"@id\":\"https:\\\/\\\/internetaddictsanonymous.org\\\/#\\\/schema\\\/logo\\\/image\\\/\"}}]}<\/script>\n<!-- \/ Yoast SEO plugin. -->","yoast_head_json":{"title":"Stanowiska i komitety - Anonimowi Uzale\u017cnieni od Internetu i Technologii","robots":{"index":"index","follow":"follow","max-snippet":"max-snippet:-1","max-image-preview":"max-image-preview:large","max-video-preview":"max-video-preview:-1"},"canonical":"https:\/\/internetaddictsanonymous.org\/pl\/otwarte-stanowiska-serwisowe\/","og_locale":"pl_PL","og_type":"article","og_title":"Service Positions and Committees &#8211; Internet and Technology Addicts Anonymous","og_description":"Thank you for your interest in being of service at the fellowship level in ITAA! Service is not only an invaluable tool for our own recoveries, it also helps the entire ITAA fellowship\u2014from newcomers at their first meeting, to old-timers, to the groups, and the fellowship as a whole. Below is a list of our &hellip; Continue reading Service Positions and Committees","og_url":"https:\/\/internetaddictsanonymous.org\/pl\/otwarte-stanowiska-serwisowe\/","og_site_name":"Internet and Technology Addicts Anonymous","article_modified_time":"2025-09-14T18:35:18+00:00","twitter_card":"summary_large_image","twitter_misc":{"Szacowany czas czytania":"5 minut"},"schema":{"@context":"https:\/\/schema.org","@graph":[{"@type":"WebPage","@id":"https:\/\/internetaddictsanonymous.org\/open-service-positions\/","url":"https:\/\/internetaddictsanonymous.org\/open-service-positions\/","name":"Stanowiska i komitety - Anonimowi Uzale\u017cnieni od Internetu i Technologii","isPartOf":{"@id":"https:\/\/internetaddictsanonymous.org\/#website"},"datePublished":"2020-07-12T07:06:35+00:00","dateModified":"2025-09-14T18:35:18+00:00","breadcrumb":{"@id":"https:\/\/internetaddictsanonymous.org\/open-service-positions\/#breadcrumb"},"inLanguage":"pl-PL","potentialAction":[{"@type":"ReadAction","target":["https:\/\/internetaddictsanonymous.org\/open-service-positions\/"]}]},{"@type":"BreadcrumbList","@id":"https:\/\/internetaddictsanonymous.org\/open-service-positions\/#breadcrumb","itemListElement":[{"@type":"ListItem","position":1,"name":"Home","item":"https:\/\/internetaddictsanonymous.org\/"},{"@type":"ListItem","position":2,"name":"Service Positions and Committees"}]},{"@type":"WebSite","@id":"https:\/\/internetaddictsanonymous.org\/#website","url":"https:\/\/internetaddictsanonymous.org\/","name":"Anonimowi uzale\u017cnieni od Internetu i technologii","description":"\u015awiatowa wsp\u00f3lnota 12 krok\u00f3w dla uzale\u017cnionych od Internetu i technologii","publisher":{"@id":"https:\/\/internetaddictsanonymous.org\/#organization"},"potentialAction":[{"@type":"SearchAction","target":{"@type":"EntryPoint","urlTemplate":"https:\/\/internetaddictsanonymous.org\/?s={search_term_string}"},"query-input":{"@type":"PropertyValueSpecification","valueRequired":true,"valueName":"search_term_string"}}],"inLanguage":"pl-PL"},{"@type":"Organization","@id":"https:\/\/internetaddictsanonymous.org\/#organization","name":"Anonimowi uzale\u017cnieni od Internetu i technologii","url":"https:\/\/internetaddictsanonymous.org\/","logo":{"@type":"ImageObject","inLanguage":"pl-PL","@id":"https:\/\/internetaddictsanonymous.org\/#\/schema\/logo\/image\/","url":"https:\/\/internetaddictsanonymous.org\/wp-content\/uploads\/2023\/01\/cropped-ITAA-logo-480px.png","contentUrl":"https:\/\/internetaddictsanonymous.org\/wp-content\/uploads\/2023\/01\/cropped-ITAA-logo-480px.png","width":480,"height":480,"caption":"Internet and Technology Addicts Anonymous"},"image":{"@id":"https:\/\/internetaddictsanonymous.org\/#\/schema\/logo\/image\/"}}]}},"jetpack_sharing_enabled":true,"jetpack_shortlink":"https:\/\/wp.me\/P9Fwob-2X2","_links":{"self":[{"href":"https:\/\/internetaddictsanonymous.org\/pl\/wp-json\/wp\/v2\/pages\/11348","targetHints":{"allow":["GET"]}}],"collection":[{"href":"https:\/\/internetaddictsanonymous.org\/pl\/wp-json\/wp\/v2\/pages"}],"about":[{"href":"https:\/\/internetaddictsanonymous.org\/pl\/wp-json\/wp\/v2\/types\/page"}],"author":[{"embeddable":true,"href":"https:\/\/internetaddictsanonymous.org\/pl\/wp-json\/wp\/v2\/users\/35194237"}],"replies":[{"embeddable":true,"href":"https:\/\/internetaddictsanonymous.org\/pl\/wp-json\/wp\/v2\/comments?post=11348"}],"version-history":[{"count":99,"href":"https:\/\/internetaddictsanonymous.org\/pl\/wp-json\/wp\/v2\/pages\/11348\/revisions"}],"predecessor-version":[{"id":20440,"href":"https:\/\/internetaddictsanonymous.org\/pl\/wp-json\/wp\/v2\/pages\/11348\/revisions\/20440"}],"wp:attachment":[{"href":"https:\/\/internetaddictsanonymous.org\/pl\/wp-json\/wp\/v2\/media?parent=11348"}],"wp:term":[{"taxonomy":"post_tag","embeddable":true,"href":"https:\/\/internetaddictsanonymous.org\/pl\/wp-json\/wp\/v2\/tags?post=11348"}],"curies":[{"name":"wp","href":"https:\/\/api.w.org\/{rel}","templated":true}]}}