{"id":14759,"date":"2023-01-09T14:03:10","date_gmt":"2023-01-09T19:03:10","guid":{"rendered":"https:\/\/internetaddictsanonymous.org\/?page_id=14759"},"modified":"2023-11-18T13:51:03","modified_gmt":"2023-11-18T18:51:03","slug":"o","status":"publish","type":"page","link":"https:\/\/internetaddictsanonymous.org\/pl\/about\/","title":{"rendered":"O"},"content":{"rendered":"<p>Anonimowi Uzale\u017cnieni od Internetu i Technologii to wsp\u00f3lnota dwunastu krok\u00f3w oparta na zasadach zapocz\u0105tkowanych przez Anonimowych Alkoholik\u00f3w. Nasza wsp\u00f3lnota jest ca\u0142kowicie nieprofesjonalna i samowystarczalna, a jedynym wymogiem cz\u0142onkostwa w ITAA jest ch\u0119\u0107 zaprzestania kompulsywnego korzystania z Internetu i technologii. Dzielimy si\u0119 naszym do\u015bwiadczeniem, si\u0142\u0105 i nadziej\u0105 poprzez spotkania grupowe i relacje jeden na jeden, a tak\u017ce pracujemy nad programem zdrowienia opartym na Dwunastu Krokach Anonimowych Alkoholik\u00f3w. Nie mamy opinii na tematy zewn\u0119trzne i nie pot\u0119piamy ani nie akceptujemy \u017cadnej konkretnej technologii. Nie jeste\u015bmy powi\u0105zani z \u017cadnym programem politycznym, ruchem religijnym ani zewn\u0119trznymi interesami. Naszym jedynym celem jest powstrzymanie si\u0119 od kompulsywnego korzystania z Internetu i technologii oraz pomoc innym w uwolnieniu si\u0119 od tego uzale\u017cnienia.<\/p>\n\n\n\n<p>Stowarzyszenie ITAA powsta\u0142o w czerwcu 2017 roku po tym, jak jego cz\u0142onkowie spotkali si\u0119 w innej organizacji. Uznali oni, \u017ce maj\u0105 powa\u017cny problem z kompulsywnym korzystaniem z Internetu i technologii i zdecydowali si\u0119 po\u0142\u0105czy\u0107 w celu wzajemnej pomocy. Poniewa\u017c mieszkali w r\u00f3\u017cnych cz\u0119\u015bciach \u015bwiata, pierwsze spotkania odbywa\u0142y si\u0119 przez telefon. Pocz\u0105tkowo cz\u0142onkowie do\u0142\u0105czali do grupy poczt\u0105 pantoflow\u0105, dop\u00f3ki nowa strona internetowa nie umo\u017cliwi\u0142a wi\u0119kszej liczbie os\u00f3b szukaj\u0105cych pomocy odnalezienie wsp\u00f3lnoty. W ci\u0105gu pierwszego roku odbywa\u0142y si\u0119 dwa spotkania telefoniczne tygodniowo z zaledwie garstk\u0105 uczestnicz\u0105cych cz\u0142onk\u00f3w, a tak\u017ce spotkanie osobiste w Bellevue w stanie Waszyngton. W ci\u0105gu 2019 roku liczba spotka\u0144 wzros\u0142a do siedmiu tygodniowo, w tym kolejne spotkanie twarz\u0105 w twarz w Amsterdamie, a pierwsza mi\u0119dzynarodowa konwencja odby\u0142a si\u0119 w listopadzie w Berlinie. Nast\u0119pnie rozpocz\u0119to osobiste spotkania w Berlinie, a wkr\u00f3tce potem w Nowym Jorku i Moskwie. Bractwo zacz\u0119\u0142o si\u0119 szybko rozrasta\u0107 i obecnie odbywa si\u0119 prawie 100 cotygodniowych spotka\u0144 online i 30 spotka\u0144 twarz\u0105 w twarz na ca\u0142ym \u015bwiecie. Nasi cz\u0142onkowie pochodz\u0105 z ponad 80 kraj\u00f3w, a spotkania odbywaj\u0105 si\u0119 w j\u0119zyku angielskim, hiszpa\u0144skim, niemieckim, rosyjskim, francuskim, holenderskim, portugalskim, hebrajskim i polskim.<\/p>\n\n\n\n<p>ITAA jest ameryka\u0144sk\u0105 organizacj\u0105 non-profit zwolnion\u0105 z podatku federalnego 501(c)(3) zarejestrowan\u0105 w stanie Kolorado.<\/p>\n<!-- PMB print buttons is only displayed on a single post\/page URLs-->","protected":false},"excerpt":{"rendered":"<p>Anonimowi Uzale\u017cnieni od Internetu i Technologii to wsp\u00f3lnota Dwunastu Krok\u00f3w oparta na zasadach zapocz\u0105tkowanych przez Anonimowych Alkoholik\u00f3w. Nasza wsp\u00f3lnota ma charakter ca\u0142kowicie nieprofesjonalny i samowystarczalny, a jedynym wymogiem cz\u0142onkostwa w ITAA jest ch\u0119\u0107 zaprzestania kompulsywnego korzystania z Internetu i technologii. Dzielimy si\u0119 swoim do\u015bwiadczeniem, si\u0142\u0105 i nadziej\u0105 poprzez spotkania grupowe i\u2026 <a href=\"https:\/\/internetaddictsanonymous.org\/pl\/about\/\" class=\"more-link\">Kontynuuj czytanie <span class=\"screen-reader-text\">O<\/span><\/a><\/p>","protected":false},"author":35194237,"featured_media":0,"parent":0,"menu_order":0,"comment_status":"closed","ping_status":"closed","template":"full-width-page.php","meta":{"inline_featured_image":false,"_lmt_disableupdate":"","_lmt_disable":"","footnotes":""},"tags":[],"class_list":["post-14759","page","type-page","status-publish","hentry"],"yoast_head":"<!-- This site is optimized with the Yoast SEO plugin v27.5 - https:\/\/yoast.com\/product\/yoast-seo-wordpress\/ -->\n<title>About &#8211; Internet and Technology Addicts Anonymous<\/title>\n<meta name=\"robots\" content=\"index, follow, max-snippet:-1, max-image-preview:large, max-video-preview:-1\" \/>\n<link rel=\"canonical\" href=\"https:\/\/internetaddictsanonymous.org\/pl\/o\/\" \/>\n<meta property=\"og:locale\" content=\"pl_PL\" \/>\n<meta property=\"og:type\" content=\"article\" \/>\n<meta property=\"og:title\" content=\"About &#8211; Internet and Technology Addicts Anonymous\" \/>\n<meta property=\"og:description\" content=\"Internet and Technology Addicts Anonymous is a Twelve-Step fellowship based on the principles pioneered by Alcoholics Anonymous. Our fellowship is entirely nonprofessional and self-supporting, and the only requirement for ITAA membership is a desire to stop using internet and technology compulsively. We share our experience, strength, and hope with each other through group meetings and &hellip; Continue reading About\" \/>\n<meta property=\"og:url\" content=\"https:\/\/internetaddictsanonymous.org\/pl\/o\/\" \/>\n<meta property=\"og:site_name\" content=\"Internet and Technology Addicts Anonymous\" \/>\n<meta property=\"article:modified_time\" content=\"2023-11-18T18:51:03+00:00\" \/>\n<meta name=\"twitter:card\" content=\"summary_large_image\" \/>\n<meta name=\"twitter:label1\" content=\"Szacowany czas czytania\" \/>\n\t<meta name=\"twitter:data1\" content=\"2 minuty\" \/>\n<script type=\"application\/ld+json\" class=\"yoast-schema-graph\">{\"@context\":\"https:\\\/\\\/schema.org\",\"@graph\":[{\"@type\":\"WebPage\",\"@id\":\"https:\\\/\\\/internetaddictsanonymous.org\\\/about\\\/\",\"url\":\"https:\\\/\\\/internetaddictsanonymous.org\\\/about\\\/\",\"name\":\"About &#8211; Internet and Technology Addicts Anonymous\",\"isPartOf\":{\"@id\":\"https:\\\/\\\/internetaddictsanonymous.org\\\/#website\"},\"datePublished\":\"2023-01-09T19:03:10+00:00\",\"dateModified\":\"2023-11-18T18:51:03+00:00\",\"breadcrumb\":{\"@id\":\"https:\\\/\\\/internetaddictsanonymous.org\\\/about\\\/#breadcrumb\"},\"inLanguage\":\"pl-PL\",\"potentialAction\":[{\"@type\":\"ReadAction\",\"target\":[\"https:\\\/\\\/internetaddictsanonymous.org\\\/about\\\/\"]}]},{\"@type\":\"BreadcrumbList\",\"@id\":\"https:\\\/\\\/internetaddictsanonymous.org\\\/about\\\/#breadcrumb\",\"itemListElement\":[{\"@type\":\"ListItem\",\"position\":1,\"name\":\"Home\",\"item\":\"https:\\\/\\\/internetaddictsanonymous.org\\\/\"},{\"@type\":\"ListItem\",\"position\":2,\"name\":\"About\"}]},{\"@type\":\"WebSite\",\"@id\":\"https:\\\/\\\/internetaddictsanonymous.org\\\/#website\",\"url\":\"https:\\\/\\\/internetaddictsanonymous.org\\\/\",\"name\":\"Internet and Technology Addicts Anonymous\",\"description\":\"Worldwide 12-step Fellowship for Internet and Technology Addiction\",\"publisher\":{\"@id\":\"https:\\\/\\\/internetaddictsanonymous.org\\\/#organization\"},\"potentialAction\":[{\"@type\":\"SearchAction\",\"target\":{\"@type\":\"EntryPoint\",\"urlTemplate\":\"https:\\\/\\\/internetaddictsanonymous.org\\\/?s={search_term_string}\"},\"query-input\":{\"@type\":\"PropertyValueSpecification\",\"valueRequired\":true,\"valueName\":\"search_term_string\"}}],\"inLanguage\":\"pl-PL\"},{\"@type\":\"Organization\",\"@id\":\"https:\\\/\\\/internetaddictsanonymous.org\\\/#organization\",\"name\":\"Internet and Technology Addicts Anonymous\",\"url\":\"https:\\\/\\\/internetaddictsanonymous.org\\\/\",\"logo\":{\"@type\":\"ImageObject\",\"inLanguage\":\"pl-PL\",\"@id\":\"https:\\\/\\\/internetaddictsanonymous.org\\\/#\\\/schema\\\/logo\\\/image\\\/\",\"url\":\"https:\\\/\\\/internetaddictsanonymous.org\\\/wp-content\\\/uploads\\\/2023\\\/01\\\/cropped-ITAA-logo-480px.png\",\"contentUrl\":\"https:\\\/\\\/internetaddictsanonymous.org\\\/wp-content\\\/uploads\\\/2023\\\/01\\\/cropped-ITAA-logo-480px.png\",\"width\":480,\"height\":480,\"caption\":\"Internet and Technology Addicts Anonymous\"},\"image\":{\"@id\":\"https:\\\/\\\/internetaddictsanonymous.org\\\/#\\\/schema\\\/logo\\\/image\\\/\"}}]}<\/script>\n<!-- \/ Yoast SEO plugin. -->","yoast_head_json":{"title":"Informacje - Anonimowi Uzale\u017cnieni od Internetu i Technologii","robots":{"index":"index","follow":"follow","max-snippet":"max-snippet:-1","max-image-preview":"max-image-preview:large","max-video-preview":"max-video-preview:-1"},"canonical":"https:\/\/internetaddictsanonymous.org\/pl\/o\/","og_locale":"pl_PL","og_type":"article","og_title":"About &#8211; Internet and Technology Addicts Anonymous","og_description":"Internet and Technology Addicts Anonymous is a Twelve-Step fellowship based on the principles pioneered by Alcoholics Anonymous. Our fellowship is entirely nonprofessional and self-supporting, and the only requirement for ITAA membership is a desire to stop using internet and technology compulsively. We share our experience, strength, and hope with each other through group meetings and &hellip; Continue reading About","og_url":"https:\/\/internetaddictsanonymous.org\/pl\/o\/","og_site_name":"Internet and Technology Addicts Anonymous","article_modified_time":"2023-11-18T18:51:03+00:00","twitter_card":"summary_large_image","twitter_misc":{"Szacowany czas czytania":"2 minuty"},"schema":{"@context":"https:\/\/schema.org","@graph":[{"@type":"WebPage","@id":"https:\/\/internetaddictsanonymous.org\/about\/","url":"https:\/\/internetaddictsanonymous.org\/about\/","name":"Informacje - Anonimowi Uzale\u017cnieni od Internetu i Technologii","isPartOf":{"@id":"https:\/\/internetaddictsanonymous.org\/#website"},"datePublished":"2023-01-09T19:03:10+00:00","dateModified":"2023-11-18T18:51:03+00:00","breadcrumb":{"@id":"https:\/\/internetaddictsanonymous.org\/about\/#breadcrumb"},"inLanguage":"pl-PL","potentialAction":[{"@type":"ReadAction","target":["https:\/\/internetaddictsanonymous.org\/about\/"]}]},{"@type":"BreadcrumbList","@id":"https:\/\/internetaddictsanonymous.org\/about\/#breadcrumb","itemListElement":[{"@type":"ListItem","position":1,"name":"Home","item":"https:\/\/internetaddictsanonymous.org\/"},{"@type":"ListItem","position":2,"name":"About"}]},{"@type":"WebSite","@id":"https:\/\/internetaddictsanonymous.org\/#website","url":"https:\/\/internetaddictsanonymous.org\/","name":"Anonimowi uzale\u017cnieni od Internetu i technologii","description":"\u015awiatowa wsp\u00f3lnota 12 krok\u00f3w dla uzale\u017cnionych od Internetu i technologii","publisher":{"@id":"https:\/\/internetaddictsanonymous.org\/#organization"},"potentialAction":[{"@type":"SearchAction","target":{"@type":"EntryPoint","urlTemplate":"https:\/\/internetaddictsanonymous.org\/?s={search_term_string}"},"query-input":{"@type":"PropertyValueSpecification","valueRequired":true,"valueName":"search_term_string"}}],"inLanguage":"pl-PL"},{"@type":"Organization","@id":"https:\/\/internetaddictsanonymous.org\/#organization","name":"Anonimowi uzale\u017cnieni od Internetu i technologii","url":"https:\/\/internetaddictsanonymous.org\/","logo":{"@type":"ImageObject","inLanguage":"pl-PL","@id":"https:\/\/internetaddictsanonymous.org\/#\/schema\/logo\/image\/","url":"https:\/\/internetaddictsanonymous.org\/wp-content\/uploads\/2023\/01\/cropped-ITAA-logo-480px.png","contentUrl":"https:\/\/internetaddictsanonymous.org\/wp-content\/uploads\/2023\/01\/cropped-ITAA-logo-480px.png","width":480,"height":480,"caption":"Internet and Technology Addicts Anonymous"},"image":{"@id":"https:\/\/internetaddictsanonymous.org\/#\/schema\/logo\/image\/"}}]}},"jetpack_sharing_enabled":true,"jetpack_shortlink":"https:\/\/wp.me\/P9Fwob-3Q3","_links":{"self":[{"href":"https:\/\/internetaddictsanonymous.org\/pl\/wp-json\/wp\/v2\/pages\/14759","targetHints":{"allow":["GET"]}}],"collection":[{"href":"https:\/\/internetaddictsanonymous.org\/pl\/wp-json\/wp\/v2\/pages"}],"about":[{"href":"https:\/\/internetaddictsanonymous.org\/pl\/wp-json\/wp\/v2\/types\/page"}],"author":[{"embeddable":true,"href":"https:\/\/internetaddictsanonymous.org\/pl\/wp-json\/wp\/v2\/users\/35194237"}],"replies":[{"embeddable":true,"href":"https:\/\/internetaddictsanonymous.org\/pl\/wp-json\/wp\/v2\/comments?post=14759"}],"version-history":[{"count":6,"href":"https:\/\/internetaddictsanonymous.org\/pl\/wp-json\/wp\/v2\/pages\/14759\/revisions"}],"predecessor-version":[{"id":17173,"href":"https:\/\/internetaddictsanonymous.org\/pl\/wp-json\/wp\/v2\/pages\/14759\/revisions\/17173"}],"wp:attachment":[{"href":"https:\/\/internetaddictsanonymous.org\/pl\/wp-json\/wp\/v2\/media?parent=14759"}],"wp:term":[{"taxonomy":"post_tag","embeddable":true,"href":"https:\/\/internetaddictsanonymous.org\/pl\/wp-json\/wp\/v2\/tags?post=14759"}],"curies":[{"name":"wp","href":"https:\/\/api.w.org\/{rel}","templated":true}]}}