{"id":15697,"date":"2023-04-02T16:03:08","date_gmt":"2023-04-02T20:03:08","guid":{"rendered":"https:\/\/internetaddictsanonymous.org\/?page_id=15697"},"modified":"2024-10-02T19:43:14","modified_gmt":"2024-10-03T02:43:14","slug":"warsztaty-otwarte-path-step","status":"publish","type":"page","link":"https:\/\/internetaddictsanonymous.org\/pl\/step-workshops\/","title":{"rendered":"Warsztaty \"Otwarta \u015bcie\u017cka"},"content":{"rendered":"<p>Ta strona zawiera list\u0119 nadchodz\u0105cych warsztat\u00f3w krok\u00f3w Open Path, ustrukturyzowanych ustawie\u0144 do pracy przez Dwana\u015bcie Krok\u00f3w ITAA w grupie z du\u017cym wbudowanym wsparciem. Spotkania s\u0105 zorganizowane w taki spos\u00f3b, aby ca\u0142a praca nad krokami mog\u0142a zosta\u0107 wykonana w czasie naszych spotka\u0144 (cho\u0107 co tydzie\u0144 dost\u0119pne s\u0105 opcjonalne dodatkowe \u0107wiczenia w pisaniu, je\u015bli chcesz pog\u0142\u0119bi\u0107 swoj\u0105 prac\u0119). B\u0119dziesz mie\u0107 r\u00f3wnie\u017c mo\u017cliwo\u015b\u0107 dopasowania si\u0119 do partnera do dzielenia si\u0119, aby\u015b mi\u0119dzy spotkaniami m\u00f3g\u0142 dzieli\u0107 si\u0119 swoj\u0105 prac\u0105, a wielu sponsor\u00f3w grupy b\u0119dzie r\u00f3wnie\u017c dost\u0119pnych do rozm\u00f3w telefonicznych i dodatkowego wsparcia.<\/p>\n\n\n\n<p>Istnieje kilka warsztat\u00f3w, kt\u00f3re spotykaj\u0105 si\u0119 o r\u00f3\u017cnych porach i cyklach, a nowe warsztaty zazwyczaj rozpoczynaj\u0105 si\u0119 co miesi\u0105c lub dwa. Aby wzi\u0105\u0107 udzia\u0142 w nadchodz\u0105cym cyklu warsztat\u00f3w nale\u017cy wzi\u0105\u0107 udzia\u0142 w pierwszym spotkaniu, kt\u00f3re znajdziesz w kalendarzu poni\u017cej. W ten spos\u00f3b ka\u017cdy warsztat przejdzie przez Kroki jako kameralna, konsekwentna i zaanga\u017cowana grupa. <mark style=\"background-color:rgba(0, 0, 0, 0);color:#000000\" class=\"has-inline-color\">Szczeg\u00f3\u0142owe informacje na temat warsztat\u00f3w mo\u017cna wy\u015bwietli\u0107, klikaj\u0105c przycisk <\/mark><mark style=\"background-color:rgba(0, 0, 0, 0);color:#a35555\" class=\"has-inline-color\">br\u0105zowy<\/mark><mark style=\"background-color:rgba(0, 0, 0, 0);color:#000000\" class=\"has-inline-color\"> tytu\u0142y. <\/mark><strong><mark style=\"background-color:rgba(0, 0, 0, 0)\" class=\"has-inline-color has-blue-color\">Nale\u017cy pami\u0119ta\u0107, \u017ce warsztaty pojawi\u0105 si\u0119 w poni\u017cszym kalendarzu dopiero na kilka tygodni przed ich rozpocz\u0119ciem<\/mark><\/strong>Spotkania odbywaj\u0105 si\u0119 zgodnie ze zmianami stref czasowych w USA w marcu i listopadzie.<\/p>\n\n\n\n<p><strong>Je\u015bli chcesz wzi\u0105\u0107 udzia\u0142 w warsztatach (lub pom\u00f3c w ich rozpocz\u0119ciu), a \u017caden z nadchodz\u0105cych harmonogram\u00f3w warsztat\u00f3w Ci nie odpowiada, prosimy o wype\u0142nienie <a href=\"https:\/\/forms.gle\/HCqduhu715LUnaPs9\">ten formularz zainteresowania<\/a> <strong>\u2665<\/strong><\/strong><\/p>\n\n\n<p><iframe style=\"height: 500px; width: 100%;\" src=\"https:\/\/teamup.com\/ksnufp4vvpv65w7wno?view=a&amp;showHeader=0&amp;showLogo=0&amp;showTitle=0&amp;disableSidepanel=1&amp;showViewSelector=1\" width=\"100%\" height=\"500\" frameborder=\"0\"><\/iframe><\/p>\n\n\n<p>Nie ma potrzeby zapisywania si\u0119 na warsztaty - wystarczy wzi\u0105\u0107 udzia\u0142 w pierwszym spotkaniu, na kt\u00f3rym zostan\u0105 przekazane wszystkie dodatkowe informacje.<br><br> <\/p>\n\n\n\n<h3 class=\"wp-block-heading\"><strong>Co zrobi\u0107, je\u015bli nie ma odpowiednich dla mnie godzin warsztat\u00f3w?<\/strong><\/h3>\n\n\n\n<p>By\u0107 mo\u017ce nadchodz\u0105ce warsztaty w dogodnym dla Twojego harmonogramu terminie nie b\u0119d\u0105 dost\u0119pne. Je\u015bli jeste\u015b zainteresowany uczestnictwem lub przewodnictwem warsztatom z innym cotygodniowym harmonogramem spotka\u0144, prosimy o wype\u0142nienie <a href=\"https:\/\/forms.gle\/HCqduhu715LUnaPs9\">ten formularz zainteresowania<\/a>. Dodatkowo, je\u015bli chcesz po prostu przerobi\u0107 materia\u0142y ze swoim sponsorem lub innym cz\u0142onkiem programu, wszystkie skrypty warsztat\u00f3w znajdziesz <a href=\"https:\/\/drive.google.com\/drive\/folders\/1SLvfAX3EbAwG0LMB7j8dXCfTt_0Y_b69?usp=drive_link\">tutaj<\/a>. Mo\u017cesz r\u00f3wnie\u017c skontaktowa\u0107 si\u0119 z openpathstepworkshop@gmail.com w razie jakichkolwiek pyta\u0144, a my pomo\u017cemy Ci zacz\u0105\u0107.<br><br><\/p>\n\n\n\n<h3 class=\"wp-block-heading\"><strong>Czy mog\u0119 wzi\u0105\u0107 udzia\u0142, je\u015bli nie m\u00f3wi\u0119 po angielsku?<\/strong><\/h3>\n\n\n\n<p>Tak, zapraszamy ka\u017cdego, kto nie m\u00f3wi po angielsku, do wzi\u0119cia udzia\u0142u w programie poprzez w\u0142\u0105czenie przet\u0142umaczonych napis\u00f3w. Mo\u017cesz w\u0142\u0105czy\u0107 przet\u0142umaczone napisy na sw\u00f3j j\u0119zyk, wchodz\u0105c na spotkanie, klikaj\u0105c przycisk \u201eNapisy\u201d u do\u0142u ekranu i w\u0142\u0105czaj\u0105c t\u0142umaczenie. Dodatkowo, je\u015bli jeste\u015b zainteresowany pomoc\u0105 w t\u0142umaczeniu scenariuszy warsztat\u00f3w, czy to dla w\u0142asnej korzy\u015bci, czy dla innych os\u00f3b m\u00f3wi\u0105cych w Twoim j\u0119zyku, mamy poradnik, jak to zrobi\u0107 <a href=\"https:\/\/docs.google.com\/document\/d\/1OJ3uzB_MhSd5IrNQd430qMLXHy3vvqV1lu-dr8x7jsI\/edit?usp=drive_link\">tutaj<\/a>.<br><br><\/p>\n\n\n\n<h3 class=\"wp-block-heading\"><strong>Co zrobi\u0107, je\u015bli nie mog\u0119 dotrze\u0107 na pierwsze spotkanie?<\/strong><\/h3>\n\n\n\n<p>W takim przypadku zach\u0119camy do zaczekania do uruchomienia kolejnego cyklu. Ka\u017cde spotkanie opiera si\u0119 na poprzednim, dlatego wa\u017cne jest, aby by\u0107 obecnym na nim od samego pocz\u0105tku. Je\u015bli z nieuniknionego powodu koniecznie musisz opu\u015bci\u0107 pierwsze spotkanie, skontaktuj si\u0119 z nami pod adresem openpathstepworkshop@gmail.com z mo\u017cliwie najwi\u0119kszym wyprzedzeniem.<br><br><\/p>\n\n\n\n<h3 class=\"wp-block-heading\"><strong>Co je\u015bli b\u0119d\u0119 musia\u0142 opu\u015bci\u0107 spotkanie w po\u0142owie jego trwania?<\/strong><\/h3>\n\n\n\n<p>Je\u015bli musisz opu\u015bci\u0107 sesj\u0119 z nieuniknionego powodu, prosimy o zapoznanie si\u0119 z notatkami po jej zako\u0144czeniu i nadrobienie zaleg\u0142o\u015bci w pisaniu.&nbsp;<br><br> <\/p>\n\n\n\n<h3 class=\"wp-block-heading\"><strong>Czy musz\u0119 mie\u0107 sponsora, aby wzi\u0105\u0107 udzia\u0142 w konkursie?<\/strong><\/h3>\n\n\n\n<p>Wcale nie - warsztat jest specjalnie zaprojektowany, aby da\u0107 ludziom mo\u017cliwo\u015b\u0107 pracy przez Kroki, nawet je\u015bli nie maj\u0105 sponsora. W ramach warsztatu b\u0119dziesz mia\u0142 mo\u017cliwo\u015b\u0107 nawi\u0105zania kontaktu z jednym lub kilkoma partnerami, z kt\u00f3rymi b\u0119dziesz m\u00f3g\u0142 dzieli\u0107 si\u0119 swoj\u0105 prac\u0105 nad krokami, a tak\u017ce b\u0119dziemy mieli kilku sponsor\u00f3w grupowych, kt\u00f3rzy b\u0119d\u0105 dost\u0119pni, aby odbiera\u0107 telefony i udziela\u0107 dodatkowego wsparcia. Wspaniale jest te\u017c, je\u015bli masz ju\u017c sponsora i mo\u017cesz podzieli\u0107 si\u0119 z nim swoj\u0105 prac\u0105. Wszyscy s\u0105 mile widziani.<br><br> <\/p>\n\n\n\n<h3 class=\"wp-block-heading\"><strong>Czy mo\u017cna wzi\u0105\u0107 udzia\u0142 w konkursie, je\u015bli nie jestem jeszcze pewna, czy chc\u0119 pracowa\u0107 w Stepach?<\/strong><\/h3>\n\n\n\n<p>Absolutnie. Dobrze jest po prostu uczestniczy\u0107 jako obserwator, je\u015bli jeste\u015b ciekaw, czym s\u0105 Kroki i jak dzia\u0142aj\u0105.<br><br> <\/p>\n\n\n\n<h3 class=\"wp-block-heading\"><strong>Czy mog\u0119 wnie\u015b\u0107 sw\u00f3j wk\u0142ad w warsztat poprzez przyj\u0119cie roli us\u0142ugowej?<\/strong><\/h3>\n\n\n\n<p>S\u0142u\u017cba jest \u015bwietnym sposobem na wzmocnienie naszej w\u0142asnej trze\u017awo\u015bci, a tak\u017ce mo\u017ce pom\u00f3c nam w pojawieniu si\u0119 i utrzymaniu zaanga\u017cowania w warsztaty. Na spotkaniu wprowadzaj\u0105cym b\u0119dzie mo\u017cliwo\u015b\u0107 zg\u0142oszenia si\u0119 do pe\u0142nienia funkcji s\u0142u\u017cebnych.<br><br> <\/p>\n\n\n\n<h3 class=\"wp-block-heading\"><strong>Czy jest co\u015b, co mog\u0119 zrobi\u0107, aby przygotowa\u0107 si\u0119 do warsztat\u00f3w przed ich rozpocz\u0119ciem?<\/strong><\/h3>\n\n\n\n<p>Na naszym pierwszym spotkaniu zaproponujemy kilka zobowi\u0105za\u0144 do praktykowania na czas trwania warsztat\u00f3w. Je\u015bli chcesz, mo\u017cesz zacz\u0105\u0107 je realizowa\u0107 z g\u0142ow\u0105:<\/p>\n\n\n\n<ol class=\"wp-block-list\">\n<li>We\u017a udzia\u0142 w 90 spotkaniach w ci\u0105gu 90 dni (licz\u0105 si\u0119 spotkania warsztatowe)<\/li>\n\n\n\n<li>Wykonaj 90 telefon\u00f3w do programu w 90 dni<\/li>\n\n\n\n<li>Wstrzymaj si\u0119 od wszelkich dennych dzia\u0142a\u0144.<\/li>\n\n\n\n<li>\u0106wicz obserwacj\u0119 i\/lub rezygnacj\u0119 z niepotrzebnego korzystania z Internetu i technologii.<\/li>\n<\/ol>\n\n\n\n<p>W przypadku czwartej sugestii mo\u017cesz te\u017c uzna\u0107, \u017ce jakie\u015b s\u0142owo inne ni\u017c \"niepotrzebne\" lepiej pasuje, np. \"nie\u015bwiadome\", \"bez celu\", \"niezdrowe\", \"kompulsywne\", \"nadmierne\" itp. Zauwa\u017c, \u017ce s\u0105 to tylko sugestie, a nie wymagania. Mo\u017cesz je wykorzysta\u0107, dostosowa\u0107 lub od\u0142o\u017cy\u0107 na bok.<\/p>\n\n\n\n<p>Opr\u00f3cz tych sugestii, mo\u017cesz napisa\u0107 1-2 stronicowy \"Spis Krok\u00f3w\" opisuj\u0105cy histori\u0119 twojego uzale\u017cnienia: kiedy si\u0119 zacz\u0119\u0142o, jak zmienia\u0142o si\u0119 w czasie i jak jest teraz. W szczeg\u00f3lno\u015bci mo\u017cesz zwr\u00f3ci\u0107 uwag\u0119 na to, gdzie w swojej historii zauwa\u017casz bezsilno\u015b\u0107 lub nieopanowanie.&nbsp;<br><br> <\/p>\n\n\n\n<h3 class=\"wp-block-heading\"><strong>W razie dodatkowych pyta\u0144<\/strong><\/h3>\n\n\n\n<p>Zapraszam do kontaktu z openpathstepworkshop@gmail.com.<\/p>\n\n\n\n<div style=\"height:100px\" aria-hidden=\"true\" class=\"wp-block-spacer\"><\/div>\n\n\n\n<hr class=\"wp-block-separator has-alpha-channel-opacity is-style-wide\"\/>\n<!-- PMB print buttons is only displayed on a single post\/page URLs-->","protected":false},"excerpt":{"rendered":"<p>Ta strona zawiera list\u0119 nadchodz\u0105cych warsztat\u00f3w Open Path Step, uporz\u0105dkowane ustawienia umo\u017cliwiaj\u0105ce prac\u0119 nad Dwunastoma Krokami ITAA w grupie z du\u017c\u0105 ilo\u015bci\u0105 wbudowanego wsparcia. Spotkania s\u0105 zorganizowane w taki spos\u00f3b, aby ca\u0142\u0105 prac\u0119 mo\u017cna by\u0142o wykona\u0107 w ustalonych godzinach spotka\u0144 (chocia\u017c w ka\u017cdym tygodniu dost\u0119pne s\u0105 opcjonalne dodatkowe \u0107wiczenia z pisania\u2026 <a href=\"https:\/\/internetaddictsanonymous.org\/pl\/step-workshops\/\" class=\"more-link\">Kontynuuj czytanie <span class=\"screen-reader-text\">Warsztaty \"Otwarta \u015bcie\u017cka<\/span><\/a><\/p>","protected":false},"author":35194237,"featured_media":0,"parent":0,"menu_order":0,"comment_status":"closed","ping_status":"closed","template":"full-width-page.php","meta":{"inline_featured_image":false,"_lmt_disableupdate":"","_lmt_disable":"","footnotes":""},"tags":[],"class_list":["post-15697","page","type-page","status-publish","hentry"],"yoast_head":"<!-- This site is optimized with the Yoast SEO plugin v27.5 - https:\/\/yoast.com\/product\/yoast-seo-wordpress\/ -->\n<title>Open Path Step Workshops &#8211; Internet and Technology Addicts Anonymous<\/title>\n<meta name=\"robots\" content=\"index, follow, max-snippet:-1, max-image-preview:large, max-video-preview:-1\" \/>\n<link rel=\"canonical\" href=\"https:\/\/internetaddictsanonymous.org\/pl\/warsztaty-otwarte-path-step\/\" \/>\n<meta property=\"og:locale\" content=\"pl_PL\" \/>\n<meta property=\"og:type\" content=\"article\" \/>\n<meta property=\"og:title\" content=\"Open Path Step Workshops &#8211; Internet and Technology Addicts Anonymous\" \/>\n<meta property=\"og:description\" content=\"This page contains a list of upcoming Open Path Step Workshops, structured settings for working through the Twelve Steps of ITAA in a group with lots of built in support. The meetings are set up so that all stepwork can be done within our meeting times (though there are optional additional writing exercises each week &hellip; Continue reading Open Path Step Workshops\" \/>\n<meta property=\"og:url\" content=\"https:\/\/internetaddictsanonymous.org\/pl\/warsztaty-otwarte-path-step\/\" \/>\n<meta property=\"og:site_name\" content=\"Internet and Technology Addicts Anonymous\" \/>\n<meta property=\"article:modified_time\" content=\"2024-10-03T02:43:14+00:00\" \/>\n<meta name=\"twitter:card\" content=\"summary_large_image\" \/>\n<meta name=\"twitter:label1\" content=\"Szacowany czas czytania\" \/>\n\t<meta name=\"twitter:data1\" content=\"4 minuty\" \/>\n<script type=\"application\/ld+json\" class=\"yoast-schema-graph\">{\"@context\":\"https:\\\/\\\/schema.org\",\"@graph\":[{\"@type\":\"WebPage\",\"@id\":\"https:\\\/\\\/internetaddictsanonymous.org\\\/step-workshops\\\/\",\"url\":\"https:\\\/\\\/internetaddictsanonymous.org\\\/step-workshops\\\/\",\"name\":\"Open Path Step Workshops &#8211; Internet and Technology Addicts Anonymous\",\"isPartOf\":{\"@id\":\"https:\\\/\\\/internetaddictsanonymous.org\\\/#website\"},\"datePublished\":\"2023-04-02T20:03:08+00:00\",\"dateModified\":\"2024-10-03T02:43:14+00:00\",\"breadcrumb\":{\"@id\":\"https:\\\/\\\/internetaddictsanonymous.org\\\/step-workshops\\\/#breadcrumb\"},\"inLanguage\":\"pl-PL\",\"potentialAction\":[{\"@type\":\"ReadAction\",\"target\":[\"https:\\\/\\\/internetaddictsanonymous.org\\\/step-workshops\\\/\"]}]},{\"@type\":\"BreadcrumbList\",\"@id\":\"https:\\\/\\\/internetaddictsanonymous.org\\\/step-workshops\\\/#breadcrumb\",\"itemListElement\":[{\"@type\":\"ListItem\",\"position\":1,\"name\":\"Home\",\"item\":\"https:\\\/\\\/internetaddictsanonymous.org\\\/\"},{\"@type\":\"ListItem\",\"position\":2,\"name\":\"Open Path Step Workshops\"}]},{\"@type\":\"WebSite\",\"@id\":\"https:\\\/\\\/internetaddictsanonymous.org\\\/#website\",\"url\":\"https:\\\/\\\/internetaddictsanonymous.org\\\/\",\"name\":\"Internet and Technology Addicts Anonymous\",\"description\":\"Worldwide 12-step Fellowship for Internet and Technology Addiction\",\"publisher\":{\"@id\":\"https:\\\/\\\/internetaddictsanonymous.org\\\/#organization\"},\"potentialAction\":[{\"@type\":\"SearchAction\",\"target\":{\"@type\":\"EntryPoint\",\"urlTemplate\":\"https:\\\/\\\/internetaddictsanonymous.org\\\/?s={search_term_string}\"},\"query-input\":{\"@type\":\"PropertyValueSpecification\",\"valueRequired\":true,\"valueName\":\"search_term_string\"}}],\"inLanguage\":\"pl-PL\"},{\"@type\":\"Organization\",\"@id\":\"https:\\\/\\\/internetaddictsanonymous.org\\\/#organization\",\"name\":\"Internet and Technology Addicts Anonymous\",\"url\":\"https:\\\/\\\/internetaddictsanonymous.org\\\/\",\"logo\":{\"@type\":\"ImageObject\",\"inLanguage\":\"pl-PL\",\"@id\":\"https:\\\/\\\/internetaddictsanonymous.org\\\/#\\\/schema\\\/logo\\\/image\\\/\",\"url\":\"https:\\\/\\\/internetaddictsanonymous.org\\\/wp-content\\\/uploads\\\/2023\\\/01\\\/cropped-ITAA-logo-480px.png\",\"contentUrl\":\"https:\\\/\\\/internetaddictsanonymous.org\\\/wp-content\\\/uploads\\\/2023\\\/01\\\/cropped-ITAA-logo-480px.png\",\"width\":480,\"height\":480,\"caption\":\"Internet and Technology Addicts Anonymous\"},\"image\":{\"@id\":\"https:\\\/\\\/internetaddictsanonymous.org\\\/#\\\/schema\\\/logo\\\/image\\\/\"}}]}<\/script>\n<!-- \/ Yoast SEO plugin. -->","yoast_head_json":{"title":"Warsztaty Krok\u00f3w Otwartej \u015acie\u017cki - Anonimowi Uzale\u017cnieni od Internetu i Technologii","robots":{"index":"index","follow":"follow","max-snippet":"max-snippet:-1","max-image-preview":"max-image-preview:large","max-video-preview":"max-video-preview:-1"},"canonical":"https:\/\/internetaddictsanonymous.org\/pl\/warsztaty-otwarte-path-step\/","og_locale":"pl_PL","og_type":"article","og_title":"Open Path Step Workshops &#8211; Internet and Technology Addicts Anonymous","og_description":"This page contains a list of upcoming Open Path Step Workshops, structured settings for working through the Twelve Steps of ITAA in a group with lots of built in support. The meetings are set up so that all stepwork can be done within our meeting times (though there are optional additional writing exercises each week &hellip; Continue reading Open Path Step Workshops","og_url":"https:\/\/internetaddictsanonymous.org\/pl\/warsztaty-otwarte-path-step\/","og_site_name":"Internet and Technology Addicts Anonymous","article_modified_time":"2024-10-03T02:43:14+00:00","twitter_card":"summary_large_image","twitter_misc":{"Szacowany czas czytania":"4 minuty"},"schema":{"@context":"https:\/\/schema.org","@graph":[{"@type":"WebPage","@id":"https:\/\/internetaddictsanonymous.org\/step-workshops\/","url":"https:\/\/internetaddictsanonymous.org\/step-workshops\/","name":"Warsztaty Krok\u00f3w Otwartej \u015acie\u017cki - Anonimowi Uzale\u017cnieni od Internetu i Technologii","isPartOf":{"@id":"https:\/\/internetaddictsanonymous.org\/#website"},"datePublished":"2023-04-02T20:03:08+00:00","dateModified":"2024-10-03T02:43:14+00:00","breadcrumb":{"@id":"https:\/\/internetaddictsanonymous.org\/step-workshops\/#breadcrumb"},"inLanguage":"pl-PL","potentialAction":[{"@type":"ReadAction","target":["https:\/\/internetaddictsanonymous.org\/step-workshops\/"]}]},{"@type":"BreadcrumbList","@id":"https:\/\/internetaddictsanonymous.org\/step-workshops\/#breadcrumb","itemListElement":[{"@type":"ListItem","position":1,"name":"Home","item":"https:\/\/internetaddictsanonymous.org\/"},{"@type":"ListItem","position":2,"name":"Open Path Step Workshops"}]},{"@type":"WebSite","@id":"https:\/\/internetaddictsanonymous.org\/#website","url":"https:\/\/internetaddictsanonymous.org\/","name":"Anonimowi uzale\u017cnieni od Internetu i technologii","description":"\u015awiatowa wsp\u00f3lnota 12 krok\u00f3w dla uzale\u017cnionych od Internetu i technologii","publisher":{"@id":"https:\/\/internetaddictsanonymous.org\/#organization"},"potentialAction":[{"@type":"SearchAction","target":{"@type":"EntryPoint","urlTemplate":"https:\/\/internetaddictsanonymous.org\/?s={search_term_string}"},"query-input":{"@type":"PropertyValueSpecification","valueRequired":true,"valueName":"search_term_string"}}],"inLanguage":"pl-PL"},{"@type":"Organization","@id":"https:\/\/internetaddictsanonymous.org\/#organization","name":"Anonimowi uzale\u017cnieni od Internetu i technologii","url":"https:\/\/internetaddictsanonymous.org\/","logo":{"@type":"ImageObject","inLanguage":"pl-PL","@id":"https:\/\/internetaddictsanonymous.org\/#\/schema\/logo\/image\/","url":"https:\/\/internetaddictsanonymous.org\/wp-content\/uploads\/2023\/01\/cropped-ITAA-logo-480px.png","contentUrl":"https:\/\/internetaddictsanonymous.org\/wp-content\/uploads\/2023\/01\/cropped-ITAA-logo-480px.png","width":480,"height":480,"caption":"Internet and Technology Addicts Anonymous"},"image":{"@id":"https:\/\/internetaddictsanonymous.org\/#\/schema\/logo\/image\/"}}]}},"jetpack_sharing_enabled":true,"jetpack_shortlink":"https:\/\/wp.me\/P9Fwob-45b","_links":{"self":[{"href":"https:\/\/internetaddictsanonymous.org\/pl\/wp-json\/wp\/v2\/pages\/15697","targetHints":{"allow":["GET"]}}],"collection":[{"href":"https:\/\/internetaddictsanonymous.org\/pl\/wp-json\/wp\/v2\/pages"}],"about":[{"href":"https:\/\/internetaddictsanonymous.org\/pl\/wp-json\/wp\/v2\/types\/page"}],"author":[{"embeddable":true,"href":"https:\/\/internetaddictsanonymous.org\/pl\/wp-json\/wp\/v2\/users\/35194237"}],"replies":[{"embeddable":true,"href":"https:\/\/internetaddictsanonymous.org\/pl\/wp-json\/wp\/v2\/comments?post=15697"}],"version-history":[{"count":57,"href":"https:\/\/internetaddictsanonymous.org\/pl\/wp-json\/wp\/v2\/pages\/15697\/revisions"}],"predecessor-version":[{"id":18760,"href":"https:\/\/internetaddictsanonymous.org\/pl\/wp-json\/wp\/v2\/pages\/15697\/revisions\/18760"}],"wp:attachment":[{"href":"https:\/\/internetaddictsanonymous.org\/pl\/wp-json\/wp\/v2\/media?parent=15697"}],"wp:term":[{"taxonomy":"post_tag","embeddable":true,"href":"https:\/\/internetaddictsanonymous.org\/pl\/wp-json\/wp\/v2\/tags?post=15697"}],"curies":[{"name":"wp","href":"https:\/\/api.w.org\/{rel}","templated":true}]}}