{"id":16726,"date":"2023-09-02T13:40:49","date_gmt":"2023-09-02T17:40:49","guid":{"rendered":"https:\/\/internetaddictsanonymous.org\/?page_id=16726"},"modified":"2023-09-02T13:48:45","modified_gmt":"2023-09-02T17:48:45","slug":"dla-ateistow-i-agnostykow","status":"publish","type":"page","link":"https:\/\/internetaddictsanonymous.org\/pl\/for-atheists-and-agnostics\/","title":{"rendered":"Dla ateist\u00f3w i agnostyk\u00f3w"},"content":{"rendered":"<p>Wchodz\u0105c do ITAA, wielu z nas, kt\u00f3rzy s\u0105 ateistami lub agnostykami, zastanawia\u0142o si\u0119, czy jest to program religijny. Nawet gdy zostali\u015bmy poinformowani, \u017ce ITAA nie jest powi\u0105zana z \u017cadn\u0105 religi\u0105, niekt\u00f3rzy z nas wci\u0105\u017c zastanawiali si\u0119, czy gdzie\u015b poza zasi\u0119giem wzroku nie czaj\u0105 si\u0119 subtelne zobowi\u0105zania religijne.<\/p>\n\n\n\n<p>Faktem jest, \u017ce nie ma \u017cadnych przekona\u0144 religijnych, kt\u00f3re s\u0105 wymagane, aby do\u0142\u0105czy\u0107 do naszego programu, pracowa\u0107 nad Krokami i znale\u017a\u0107 d\u0142ugoterminow\u0105 trze\u017awo\u015b\u0107. Nasza wsp\u00f3lnota zdecydowanie stoi na stra\u017cy wolno\u015bci ka\u017cdego cz\u0142onka do anga\u017cowania si\u0119 w dowoln\u0105 tradycj\u0119 wiary lub jej brak, co jest dla niego najbardziej pomocne na jego w\u0142asnej drodze do wyzdrowienia. Nasz ateizm i agnostycyzm nie przeszkodzi\u0142y nam w uwolnieniu si\u0119 od na\u0142ogu, a dzi\u0119ki wyzdrowieniu rozwin\u0119li\u015bmy g\u0142\u0119bsz\u0105 wi\u0119\u017a z samym sob\u0105, innymi i otaczaj\u0105cym nas \u015bwiatem.&nbsp;<\/p>\n\n\n\n<p>Co zatem oznacza wyra\u017cenie \"Si\u0142a Wy\u017csza\", kt\u00f3re cz\u0119sto pojawia si\u0119 w naszym programie? Dwana\u015bcie Krok\u00f3w koncentruje si\u0119 wok\u00f3\u0142 naszego poddania si\u0119 sile wi\u0119kszej ni\u017c my sami, a my jeste\u015bmy zaproszeni do zbadania, jaka koncepcja Si\u0142y Wy\u017cszej jest dla nas najbardziej pomocna w naszym w\u0142asnym zdrowieniu. Istnieje ogromna r\u00f3\u017cnorodno\u015b\u0107 w tym, jak r\u00f3\u017cni cz\u0142onkowie rozumiej\u0105 swoj\u0105 Si\u0142\u0119 Wy\u017csz\u0105, a my czerpiemy korzy\u015bci z pytania innych o ich do\u015bwiadczenia. Niekt\u00f3rzy cz\u0142onkowie rozumiej\u0105 swoj\u0105 Si\u0142\u0119 Wy\u017csz\u0105 jako natur\u0119, wszech\u015bwiat, rzeczywisto\u015b\u0107, koncepcje takie jak mi\u0142o\u015b\u0107 lub s\u0142u\u017cba, chwil\u0119 obecn\u0105, spo\u0142eczno\u015b\u0107 ITAA, si\u0142\u0119 wi\u0119zi mi\u0119dzyludzkich, zbiorow\u0105 m\u0105dro\u015b\u0107 wszystkich ludzi na odwyku, naszego wewn\u0119trznego kochaj\u0105cego rodzica, nasz\u0105 wewn\u0119trzn\u0105 si\u0142\u0119 lub nasze wy\u017csze ja. Inni znajduj\u0105 rezonans z duchow\u0105 istot\u0105, si\u0142\u0105 lub energi\u0105. Niekt\u00f3rzy cz\u0142onkowie mog\u0105 u\u017cywa\u0107 s\u0142owa B\u00f3g, aby nazwa\u0107 t\u0119 moc. Ka\u017cdy z nas jest zaproszony do odkrycia jakiejkolwiek Si\u0142y Wy\u017cszej, kt\u00f3ra najbardziej sprzyja naszemu osobistemu rozwojowi i wychodzeniu z uzale\u017cnienia.<\/p>\n\n\n\n<p>Cz\u0119sto wspomina si\u0119, \u017ce nie musimy wierzy\u0107 w Boga, aby pracowa\u0107 nad Krokami; musimy po prostu uwierzy\u0107, \u017ce nie jeste\u015bmy Bogiem. W drodze do trze\u017awo\u015bci najpierw godzimy si\u0119 z faktem, \u017ce mamy powa\u017cny problem, kt\u00f3rego nie mo\u017cemy rozwi\u0105za\u0107 w\u0142asn\u0105 wol\u0105. Nast\u0119pnie zaczynamy wierzy\u0107, \u017ce mo\u017ce istnie\u0107 co\u015b poza nami, co mo\u017ce pom\u00f3c nam w d\u0142ugotrwa\u0142ym wyzdrowieniu z naszych obsesyjnych i autodestrukcyjnych zachowa\u0144, o czym \u015bwiadczy fakt, \u017ce miliony innych os\u00f3b cierpi\u0105cych na chorob\u0119 uzale\u017cnienia odnalaz\u0142y wolno\u015b\u0107 dzi\u0119ki programom Dwunastu Krok\u00f3w. Nast\u0119pnie zobowi\u0105zujemy si\u0119 do zaufania procesowi i przyjmowania pomocy od innych, dzie\u0144 po dniu.<\/p>\n\n\n\n<p>W zdrowieniu kierujemy si\u0119 mi\u0142o\u015bci\u0105, tolerancj\u0105 i otwarto\u015bci\u0105 umys\u0142u, a tak\u017ce celebrujemy r\u00f3\u017cnorodno\u015b\u0107 \u015bcie\u017cek duchowych, kt\u00f3rymi pod\u0105\u017caj\u0105 r\u00f3\u017cni cz\u0142onkowie. Mamy nadziej\u0119, \u017ce poczujesz si\u0119 mile widziany w ITAA i zach\u0119camy do spr\u00f3bowania uczestnictwa w sze\u015bciu r\u00f3\u017cnych spotkaniach w kr\u00f3tkim okresie czasu, aby odkry\u0107, czy nasz program mo\u017ce by\u0107 dla ciebie pomocny.<br><br> <\/p>\n\n\n\n<h3 class=\"wp-block-heading\"><strong>Cz\u0142onkowie dziel\u0105 si\u0119 swoim do\u015bwiadczeniem, si\u0142\u0105 i nadziej\u0105 na powr\u00f3t do zdrowia jako atei\u015bci i agnostycy:<\/strong><\/h3>\n\n\n\n<p><em>Chocia\u017c nie praktykuj\u0119 \u017cadnej religii, by\u0142em w stanie pracowa\u0107 nad Krokami, mie\u0107 Si\u0142\u0119 Wy\u017csz\u0105 i znale\u017a\u0107 d\u0142ugoterminow\u0105 wolno\u015b\u0107 od na\u0142ogu. Zinterpretowa\u0142em duchowy wymiar naszego programu jako zaproszenie do zaanga\u017cowania si\u0119 w co\u015b wi\u0119kszego ni\u017c ja sam i rozwini\u0119cia sensownej egzystencji. Dzi\u0119ki wyzdrowieniu odnalaz\u0142em znacznie bogatszy i bardziej satysfakcjonuj\u0105cy spos\u00f3b \u017cycia, ni\u017c mia\u0142em na pocz\u0105tku, kiedy wszed\u0142em do programu. Dzi\u015b czuj\u0119 si\u0119 komfortowo, gdy s\u0142ysz\u0119, jak inni cz\u0142onkowie m\u00f3wi\u0105 o swoich duchowych \u015bcie\u017ckach - czuj\u0119, \u017ce mog\u0119 odnosi\u0107 si\u0119 do ich do\u015bwiadcze\u0144 bez os\u0105dzania.&nbsp;<\/em><\/p>\n\n\n\n<p class=\"has-text-align-center\"><em>***<\/em><\/p>\n\n\n\n<p><em>Mia\u0142em du\u017cy problem z Krokami, dop\u00f3ki w ko\u0144cu nie zrozumia\u0142em, \u017ce nie musz\u0119 wierzy\u0107 w \u017cadn\u0105 religi\u0119 ani mie\u0107 \u017cadnych duchowych przekona\u0144, aby przez nie przej\u015b\u0107. Kroki k\u0142ad\u0105 nacisk na \"Si\u0142\u0119 Wy\u017csz\u0105 <\/em>naszego w\u0142asnego zrozumienia<em>\". Dla mnie moj\u0105 Si\u0142\u0105 Wy\u017csz\u0105 jest moc szczerego dzielenia si\u0119 z innymi i wsp\u00f3\u0142czuj\u0105cej wi\u0119zi mi\u0119dzyludzkiej.<\/em><\/p>\n\n\n\n<p class=\"has-text-align-center\">***<\/p>\n\n\n\n<p><em>Jestem ateist\u0105 i kiedy do\u0142\u0105czy\u0142em do ITAA, mia\u0142em obawy przed nawr\u00f3ceniem. Musia\u0142em znale\u017a\u0107 co\u015b, czemu m\u00f3g\u0142bym zaufa\u0107. Zacz\u0105\u0142em ucz\u0119szcza\u0107 na spotkania ateist\u00f3w i agnostyk\u00f3w i uzna\u0142em je za bardzo pomocne. Da\u0142y mi one pozwolenie na wiar\u0119 w Si\u0142\u0119 Wy\u017csz\u0105, kt\u00f3r\u0105 teraz mam.&nbsp;<\/em><\/p>\n\n\n\n<p class=\"has-text-align-center\">***<\/p>\n\n\n\n<p><em>Wa\u017cnym aspektem mojego ateizmu jest przywi\u0105zanie do prawdy. Powr\u00f3t do zdrowia pom\u00f3g\u0142 mi pozby\u0107 si\u0119 iluzji, \u017ce mog\u0119 pokona\u0107 chorob\u0119 neurologiczn\u0105. Nie mog\u0119. Potrzebuj\u0119 pomocy, czasami w spos\u00f3b, kt\u00f3rego nie rozumiem. Dzi\u0119ki wyzdrowieniu i wsparciu innych rozwin\u0105\u0142em g\u0142\u0119bsze zrozumienie siebie i jestem w stanie lepiej \u017cy\u0107 zgodnie z rzeczywisto\u015bci\u0105. W tym procesie uda\u0142o mi si\u0119 osi\u0105gn\u0105\u0107 i utrzyma\u0107 ci\u0105g\u0142\u0105 abstynencj\u0119 od moich uzale\u017cniaj\u0105cych zachowa\u0144 przez ponad trzy lata.&nbsp;<\/em><\/p>\n\n\n\n<p class=\"has-text-align-center\">***<\/p>\n\n\n\n<p>W procesie zdrowienia ka\u017cdy z nas jest proszony o przet\u0142umaczenie j\u0119zyka naszego programu na co\u015b, co dzia\u0142a dla nas, i mo\u017cemy od\u0142o\u017cy\u0107 na bok wszystko, co nie jest dla nas pomocne. Wszystko w naszym programie jest tylko sugesti\u0105. Je\u015bli chcesz przesta\u0107 kompulsywnie korzysta\u0107 z technologii i jeste\u015b zainteresowany wypr\u00f3bowaniem naszego programu, zalecamy udzia\u0142 w sze\u015bciu spotkaniach w kr\u00f3tkim czasie, aby sprawdzi\u0107, czy ITAA mo\u017ce by\u0107 dla Ciebie pomocna. Mamy nadziej\u0119, \u017ce nasze spotkania przynios\u0105 ci tak\u0105 sam\u0105 ulg\u0119 i wolno\u015b\u0107, jakiej do\u015bwiadczy\u0142o tak wielu z nas.<\/p>\n\n\n\n<div class=\"wp-block-buttons is-content-justification-left is-layout-flex wp-container-core-buttons-is-layout-fdcfc74e wp-block-buttons-is-layout-flex\">\n<div class=\"wp-block-button has-custom-width wp-block-button__width-50 has-custom-font-size is-style-fill\" style=\"font-size:25px;font-style:normal;font-weight:900\"><a class=\"wp-block-button__link has-white-color has-blue-background-color has-text-color has-background wp-element-button\" href=\"https:\/\/internetaddictsanonymous.org\/pl\/spotkania-online\/\" style=\"border-radius:100px\">Do\u0142\u0105cz do spotkania<\/a><\/div>\n\n\n<\/div>\n\n\n\n<div style=\"height:75px\" aria-hidden=\"true\" class=\"wp-block-spacer\"><\/div>\n<!-- PMB print buttons is only displayed on a single post\/page URLs-->","protected":false},"excerpt":{"rendered":"<p>Po przyst\u0105pieniu do ITAA wielu z nas, ateist\u00f3w lub agnostyk\u00f3w, zastanawia\u0142o si\u0119, czy jest to program religijny. Nawet gdy zostali\u015bmy poinformowani, \u017ce ITAA nie jest powi\u0105zana z \u017cadn\u0105 religi\u0105, niekt\u00f3rzy z nas nadal mieli w\u0105tpliwo\u015bci, czy gdzie\u015b poza zasi\u0119giem wzroku czaj\u0105 si\u0119 subtelne zobowi\u0105zania religijne. Faktem jest, \u017ce nie ma \u017cadnych przekona\u0144 religijnych\u2026 <a href=\"https:\/\/internetaddictsanonymous.org\/pl\/for-atheists-and-agnostics\/\" class=\"more-link\">Kontynuuj czytanie <span class=\"screen-reader-text\">Dla ateist\u00f3w i agnostyk\u00f3w<\/span><\/a><\/p>","protected":false},"author":35194237,"featured_media":0,"parent":0,"menu_order":0,"comment_status":"closed","ping_status":"closed","template":"full-width-page.php","meta":{"inline_featured_image":false,"_lmt_disableupdate":"","_lmt_disable":"","jetpack_post_was_ever_published":false,"footnotes":""},"tags":[],"class_list":["post-16726","page","type-page","status-publish","hentry"],"yoast_head":"<!-- This site is optimized with the Yoast SEO plugin v27.3 - https:\/\/yoast.com\/product\/yoast-seo-wordpress\/ -->\n<title>For Atheists and Agnostics &#8211; Internet and Technology Addicts Anonymous<\/title>\n<meta name=\"robots\" content=\"index, follow, max-snippet:-1, max-image-preview:large, max-video-preview:-1\" \/>\n<link rel=\"canonical\" href=\"https:\/\/internetaddictsanonymous.org\/pl\/dla-ateistow-i-agnostykow\/\" \/>\n<meta property=\"og:locale\" content=\"pl_PL\" \/>\n<meta property=\"og:type\" content=\"article\" \/>\n<meta property=\"og:title\" content=\"For Atheists and Agnostics &#8211; Internet and Technology Addicts Anonymous\" \/>\n<meta property=\"og:description\" content=\"Upon entering ITAA, many of us who are atheists or agnostics wondered whether this was a religious program. Even when we were informed that ITAA isn\u2019t affiliated with any religion, some of us still questioned whether there were subtle religious commitments lurking somewhere out of sight. The fact is that there are no religious beliefs &hellip; Continue reading For Atheists and Agnostics\" \/>\n<meta property=\"og:url\" content=\"https:\/\/internetaddictsanonymous.org\/pl\/dla-ateistow-i-agnostykow\/\" \/>\n<meta property=\"og:site_name\" content=\"Internet and Technology Addicts Anonymous\" \/>\n<meta property=\"article:modified_time\" content=\"2023-09-02T17:48:45+00:00\" \/>\n<meta name=\"twitter:card\" content=\"summary_large_image\" \/>\n<meta name=\"twitter:label1\" content=\"Szacowany czas czytania\" \/>\n\t<meta name=\"twitter:data1\" content=\"4 minuty\" \/>\n<script type=\"application\/ld+json\" class=\"yoast-schema-graph\">{\"@context\":\"https:\\\/\\\/schema.org\",\"@graph\":[{\"@type\":\"WebPage\",\"@id\":\"https:\\\/\\\/internetaddictsanonymous.org\\\/for-atheists-and-agnostics\\\/\",\"url\":\"https:\\\/\\\/internetaddictsanonymous.org\\\/for-atheists-and-agnostics\\\/\",\"name\":\"For Atheists and Agnostics &#8211; Internet and Technology Addicts Anonymous\",\"isPartOf\":{\"@id\":\"https:\\\/\\\/internetaddictsanonymous.org\\\/#website\"},\"datePublished\":\"2023-09-02T17:40:49+00:00\",\"dateModified\":\"2023-09-02T17:48:45+00:00\",\"breadcrumb\":{\"@id\":\"https:\\\/\\\/internetaddictsanonymous.org\\\/for-atheists-and-agnostics\\\/#breadcrumb\"},\"inLanguage\":\"pl-PL\",\"potentialAction\":[{\"@type\":\"ReadAction\",\"target\":[\"https:\\\/\\\/internetaddictsanonymous.org\\\/for-atheists-and-agnostics\\\/\"]}]},{\"@type\":\"BreadcrumbList\",\"@id\":\"https:\\\/\\\/internetaddictsanonymous.org\\\/for-atheists-and-agnostics\\\/#breadcrumb\",\"itemListElement\":[{\"@type\":\"ListItem\",\"position\":1,\"name\":\"Home\",\"item\":\"https:\\\/\\\/internetaddictsanonymous.org\\\/\"},{\"@type\":\"ListItem\",\"position\":2,\"name\":\"For Atheists and Agnostics\"}]},{\"@type\":\"WebSite\",\"@id\":\"https:\\\/\\\/internetaddictsanonymous.org\\\/#website\",\"url\":\"https:\\\/\\\/internetaddictsanonymous.org\\\/\",\"name\":\"Internet and Technology Addicts Anonymous\",\"description\":\"Worldwide 12-step Fellowship for Internet and Technology Addiction\",\"publisher\":{\"@id\":\"https:\\\/\\\/internetaddictsanonymous.org\\\/#organization\"},\"potentialAction\":[{\"@type\":\"SearchAction\",\"target\":{\"@type\":\"EntryPoint\",\"urlTemplate\":\"https:\\\/\\\/internetaddictsanonymous.org\\\/?s={search_term_string}\"},\"query-input\":{\"@type\":\"PropertyValueSpecification\",\"valueRequired\":true,\"valueName\":\"search_term_string\"}}],\"inLanguage\":\"pl-PL\"},{\"@type\":\"Organization\",\"@id\":\"https:\\\/\\\/internetaddictsanonymous.org\\\/#organization\",\"name\":\"Internet and Technology Addicts Anonymous\",\"url\":\"https:\\\/\\\/internetaddictsanonymous.org\\\/\",\"logo\":{\"@type\":\"ImageObject\",\"inLanguage\":\"pl-PL\",\"@id\":\"https:\\\/\\\/internetaddictsanonymous.org\\\/#\\\/schema\\\/logo\\\/image\\\/\",\"url\":\"https:\\\/\\\/internetaddictsanonymous.org\\\/wp-content\\\/uploads\\\/2023\\\/01\\\/cropped-ITAA-logo-480px.png\",\"contentUrl\":\"https:\\\/\\\/internetaddictsanonymous.org\\\/wp-content\\\/uploads\\\/2023\\\/01\\\/cropped-ITAA-logo-480px.png\",\"width\":480,\"height\":480,\"caption\":\"Internet and Technology Addicts Anonymous\"},\"image\":{\"@id\":\"https:\\\/\\\/internetaddictsanonymous.org\\\/#\\\/schema\\\/logo\\\/image\\\/\"}}]}<\/script>\n<!-- \/ Yoast SEO plugin. -->","yoast_head_json":{"title":"Dla ateist\u00f3w i agnostyk\u00f3w - Anonimowi Uzale\u017cnieni od Internetu i Technologii","robots":{"index":"index","follow":"follow","max-snippet":"max-snippet:-1","max-image-preview":"max-image-preview:large","max-video-preview":"max-video-preview:-1"},"canonical":"https:\/\/internetaddictsanonymous.org\/pl\/dla-ateistow-i-agnostykow\/","og_locale":"pl_PL","og_type":"article","og_title":"For Atheists and Agnostics &#8211; Internet and Technology Addicts Anonymous","og_description":"Upon entering ITAA, many of us who are atheists or agnostics wondered whether this was a religious program. Even when we were informed that ITAA isn\u2019t affiliated with any religion, some of us still questioned whether there were subtle religious commitments lurking somewhere out of sight. The fact is that there are no religious beliefs &hellip; Continue reading For Atheists and Agnostics","og_url":"https:\/\/internetaddictsanonymous.org\/pl\/dla-ateistow-i-agnostykow\/","og_site_name":"Internet and Technology Addicts Anonymous","article_modified_time":"2023-09-02T17:48:45+00:00","twitter_card":"summary_large_image","twitter_misc":{"Szacowany czas czytania":"4 minuty"},"schema":{"@context":"https:\/\/schema.org","@graph":[{"@type":"WebPage","@id":"https:\/\/internetaddictsanonymous.org\/for-atheists-and-agnostics\/","url":"https:\/\/internetaddictsanonymous.org\/for-atheists-and-agnostics\/","name":"Dla ateist\u00f3w i agnostyk\u00f3w - Anonimowi Uzale\u017cnieni od Internetu i Technologii","isPartOf":{"@id":"https:\/\/internetaddictsanonymous.org\/#website"},"datePublished":"2023-09-02T17:40:49+00:00","dateModified":"2023-09-02T17:48:45+00:00","breadcrumb":{"@id":"https:\/\/internetaddictsanonymous.org\/for-atheists-and-agnostics\/#breadcrumb"},"inLanguage":"pl-PL","potentialAction":[{"@type":"ReadAction","target":["https:\/\/internetaddictsanonymous.org\/for-atheists-and-agnostics\/"]}]},{"@type":"BreadcrumbList","@id":"https:\/\/internetaddictsanonymous.org\/for-atheists-and-agnostics\/#breadcrumb","itemListElement":[{"@type":"ListItem","position":1,"name":"Home","item":"https:\/\/internetaddictsanonymous.org\/"},{"@type":"ListItem","position":2,"name":"For Atheists and Agnostics"}]},{"@type":"WebSite","@id":"https:\/\/internetaddictsanonymous.org\/#website","url":"https:\/\/internetaddictsanonymous.org\/","name":"Anonimowi uzale\u017cnieni od Internetu i technologii","description":"\u015awiatowa wsp\u00f3lnota 12 krok\u00f3w dla uzale\u017cnionych od Internetu i technologii","publisher":{"@id":"https:\/\/internetaddictsanonymous.org\/#organization"},"potentialAction":[{"@type":"SearchAction","target":{"@type":"EntryPoint","urlTemplate":"https:\/\/internetaddictsanonymous.org\/?s={search_term_string}"},"query-input":{"@type":"PropertyValueSpecification","valueRequired":true,"valueName":"search_term_string"}}],"inLanguage":"pl-PL"},{"@type":"Organization","@id":"https:\/\/internetaddictsanonymous.org\/#organization","name":"Anonimowi uzale\u017cnieni od Internetu i technologii","url":"https:\/\/internetaddictsanonymous.org\/","logo":{"@type":"ImageObject","inLanguage":"pl-PL","@id":"https:\/\/internetaddictsanonymous.org\/#\/schema\/logo\/image\/","url":"https:\/\/internetaddictsanonymous.org\/wp-content\/uploads\/2023\/01\/cropped-ITAA-logo-480px.png","contentUrl":"https:\/\/internetaddictsanonymous.org\/wp-content\/uploads\/2023\/01\/cropped-ITAA-logo-480px.png","width":480,"height":480,"caption":"Internet and Technology Addicts Anonymous"},"image":{"@id":"https:\/\/internetaddictsanonymous.org\/#\/schema\/logo\/image\/"}}]}},"jetpack_sharing_enabled":true,"jetpack_shortlink":"https:\/\/wp.me\/P9Fwob-4lM","_links":{"self":[{"href":"https:\/\/internetaddictsanonymous.org\/pl\/wp-json\/wp\/v2\/pages\/16726","targetHints":{"allow":["GET"]}}],"collection":[{"href":"https:\/\/internetaddictsanonymous.org\/pl\/wp-json\/wp\/v2\/pages"}],"about":[{"href":"https:\/\/internetaddictsanonymous.org\/pl\/wp-json\/wp\/v2\/types\/page"}],"author":[{"embeddable":true,"href":"https:\/\/internetaddictsanonymous.org\/pl\/wp-json\/wp\/v2\/users\/35194237"}],"replies":[{"embeddable":true,"href":"https:\/\/internetaddictsanonymous.org\/pl\/wp-json\/wp\/v2\/comments?post=16726"}],"version-history":[{"count":5,"href":"https:\/\/internetaddictsanonymous.org\/pl\/wp-json\/wp\/v2\/pages\/16726\/revisions"}],"predecessor-version":[{"id":16733,"href":"https:\/\/internetaddictsanonymous.org\/pl\/wp-json\/wp\/v2\/pages\/16726\/revisions\/16733"}],"wp:attachment":[{"href":"https:\/\/internetaddictsanonymous.org\/pl\/wp-json\/wp\/v2\/media?parent=16726"}],"wp:term":[{"taxonomy":"post_tag","embeddable":true,"href":"https:\/\/internetaddictsanonymous.org\/pl\/wp-json\/wp\/v2\/tags?post=16726"}],"curies":[{"name":"wp","href":"https:\/\/api.w.org\/{rel}","templated":true}]}}