{"id":17186,"date":"2023-11-19T19:41:19","date_gmt":"2023-11-20T00:41:19","guid":{"rendered":"https:\/\/internetaddictsanonymous.org\/?page_id=17186"},"modified":"2023-12-09T23:32:10","modified_gmt":"2023-12-10T04:32:10","slug":"spotkania-prelegentow","status":"publish","type":"page","link":"https:\/\/internetaddictsanonymous.org\/pl\/speaker-share-meetings\/","title":{"rendered":"Spotkania z udzia\u0142em prelegent\u00f3w"},"content":{"rendered":"<p>Witamy! Poni\u017cej znajduje si\u0119 kalendarz pokazuj\u0105cy wszystkie nasze spotkania online z udzia\u0142em prelegent\u00f3w. Spotkania te rozpoczynaj\u0105 si\u0119 od tego, \u017ce do\u015bwiadczony cz\u0142onek ITAA opowiada o swojej drodze do wyzdrowienia, po czym zwykle nast\u0119puje okres dzielenia si\u0119 do\u015bwiadczeniami. Spotkania z prelegentami s\u0105 wspania\u0142\u0105 okazj\u0105 do dog\u0142\u0119bnego wys\u0142uchania do\u015bwiadcze\u0144, si\u0142y i nadziei innych cz\u0142onk\u00f3w.<\/p>\n\n\n\n<p><strong><mark style=\"background-color:rgba(0, 0, 0, 0)\" class=\"has-inline-color has-dark-gray-color\">Godziny spotka\u0144 s\u0105 wy\u015bwietlane w Twojej lokalnej strefie czasowej.<\/mark> <\/strong>Szczeg\u00f3\u0142y ka\u017cdego spotkania mo\u017cna znale\u017a\u0107, klikaj\u0105c wydarzenie w kalendarzu. Pami\u0119taj, \u017ce mo\u017cesz potrzebowa\u0107 konta Zoom, aby do\u0142\u0105czy\u0107. <\/p>\n\n\n<p><iframe style=\"height: 1150px; width: 100%;\" src=\"https:\/\/teamup.com\/ksor7s7g2r9rgphwo3?view=w&amp;showHeader=0&amp;showLogo=0&amp;showTitle=0&amp;disableSidepanel=1&amp;showViewSelector=1\" width=\"100%\" height=\"1150\" frameborder=\"0\"><\/iframe><\/p>\n\n\n<h3 class=\"wp-block-heading\"><strong>Dodawanie udzia\u0142u prelegenta do kalendarza<\/strong><\/h3>\n\n\n\n<p>Je\u015bli chcesz doda\u0107 prelegenta do tego kalendarza, skontaktuj si\u0119 z <strong>speakercalendar.itaa@gmail.com<\/strong> wraz z godzin\u0105 i dniem spotkania, a tak\u017ce imieniem i nazwiskiem cz\u0142onka, kt\u00f3ry b\u0119dzie si\u0119 nim dzieli\u0142.<\/p>\n\n\n\n<h3 class=\"wp-block-heading\"><strong>Zasoby zwi\u0105zane z dost\u0119pno\u015bci\u0105<\/strong><\/h3>\n\n\n\n<p><a href=\"https:\/\/internetaddictsanonymous.org\/pl\/dostepnosc\/\">Dost\u0119pno\u015b\u0107 dla cz\u0142onk\u00f3w z zaburzeniami mowy i s\u0142uchu<\/a><\/p>\n\n\n\n<p><a href=\"https:\/\/support.zoom.us\/hc\/en-us\/articles\/201362893-How-much-bandwidth-do-I-need-when-using-3G-or-4G-LTE\">Potrzeba przepustowo\u015bci podczas korzystania z 3G, 4G\/LTE lub 5G (support.zoom.us)<\/a><\/p>\n\n\n\n<p><a href=\"https:\/\/support.zoom.us\/hc\/en-us\/articles\/4409500570381-Stopping-all-incoming-video-in-a-meeting-or-webinar\">Jak zatrzyma\u0107 wszystkie przychodz\u0105ce wideo (support.zoom.us<\/a>)<\/p>\n<!-- PMB print buttons is only displayed on a single post\/page URLs-->","protected":false},"excerpt":{"rendered":"<p>Powitanie! Poni\u017cej znajduje si\u0119 kalendarz pokazuj\u0105cy wszystkie nasze spotkania online, podczas kt\u00f3rych pojawiaj\u0105 si\u0119 prelegenci. Spotkania te rozpoczynaj\u0105 si\u0119 od do\u015bwiadczonego cz\u0142onka ITAA, kt\u00f3ry szczeg\u00f3\u0142owo opowiada o swojej drodze do powrotu do zdrowia, po czym zwykle nast\u0119puje okres dzielenia si\u0119 informacjami. Spotkania prelegent\u00f3w to wspania\u0142a okazja, aby us\u0142ysze\u0107 do\u015bwiadczenie, si\u0142\u0119 i\u2026 <a href=\"https:\/\/internetaddictsanonymous.org\/pl\/speaker-share-meetings\/\" class=\"more-link\">Kontynuuj czytanie <span class=\"screen-reader-text\">Spotkania z udzia\u0142em prelegent\u00f3w<\/span><\/a><\/p>","protected":false},"author":35194237,"featured_media":0,"parent":0,"menu_order":0,"comment_status":"closed","ping_status":"closed","template":"full-width-page.php","meta":{"inline_featured_image":false,"_lmt_disableupdate":"","_lmt_disable":"","footnotes":""},"tags":[],"class_list":["post-17186","page","type-page","status-publish","hentry"],"yoast_head":"<!-- This site is optimized with the Yoast SEO plugin v27.6 - https:\/\/yoast.com\/product\/yoast-seo-wordpress\/ -->\n<title>Speaker share meetings &#8211; Internet and Technology Addicts Anonymous<\/title>\n<meta name=\"robots\" content=\"index, follow, max-snippet:-1, max-image-preview:large, max-video-preview:-1\" \/>\n<link rel=\"canonical\" href=\"https:\/\/internetaddictsanonymous.org\/pl\/spotkania-prelegentow\/\" \/>\n<meta property=\"og:locale\" content=\"pl_PL\" \/>\n<meta property=\"og:type\" content=\"article\" \/>\n<meta property=\"og:title\" content=\"Speaker share meetings &#8211; Internet and Technology Addicts Anonymous\" \/>\n<meta property=\"og:description\" content=\"Welcome! Below is a calendar showing all of our online meetings that feature speaker shares. These meetings start with an experienced member of ITAA giving an extended share about their journey in recovery, and this is usually followed by a period of sharing. Speaker share meetings are wonderful opportunities to hear the experience, strength and &hellip; Continue reading Speaker share meetings\" \/>\n<meta property=\"og:url\" content=\"https:\/\/internetaddictsanonymous.org\/pl\/spotkania-prelegentow\/\" \/>\n<meta property=\"og:site_name\" content=\"Internet and Technology Addicts Anonymous\" \/>\n<meta property=\"article:modified_time\" content=\"2023-12-10T04:32:10+00:00\" \/>\n<meta name=\"twitter:card\" content=\"summary_large_image\" \/>\n<meta name=\"twitter:label1\" content=\"Szacowany czas czytania\" \/>\n\t<meta name=\"twitter:data1\" content=\"1 minuta\" \/>\n<script type=\"application\/ld+json\" class=\"yoast-schema-graph\">{\"@context\":\"https:\\\/\\\/schema.org\",\"@graph\":[{\"@type\":\"WebPage\",\"@id\":\"https:\\\/\\\/internetaddictsanonymous.org\\\/speaker-share-meetings\\\/\",\"url\":\"https:\\\/\\\/internetaddictsanonymous.org\\\/speaker-share-meetings\\\/\",\"name\":\"Speaker share meetings &#8211; Internet and Technology Addicts Anonymous\",\"isPartOf\":{\"@id\":\"https:\\\/\\\/internetaddictsanonymous.org\\\/#website\"},\"datePublished\":\"2023-11-20T00:41:19+00:00\",\"dateModified\":\"2023-12-10T04:32:10+00:00\",\"breadcrumb\":{\"@id\":\"https:\\\/\\\/internetaddictsanonymous.org\\\/speaker-share-meetings\\\/#breadcrumb\"},\"inLanguage\":\"pl-PL\",\"potentialAction\":[{\"@type\":\"ReadAction\",\"target\":[\"https:\\\/\\\/internetaddictsanonymous.org\\\/speaker-share-meetings\\\/\"]}]},{\"@type\":\"BreadcrumbList\",\"@id\":\"https:\\\/\\\/internetaddictsanonymous.org\\\/speaker-share-meetings\\\/#breadcrumb\",\"itemListElement\":[{\"@type\":\"ListItem\",\"position\":1,\"name\":\"Home\",\"item\":\"https:\\\/\\\/internetaddictsanonymous.org\\\/\"},{\"@type\":\"ListItem\",\"position\":2,\"name\":\"Speaker share meetings\"}]},{\"@type\":\"WebSite\",\"@id\":\"https:\\\/\\\/internetaddictsanonymous.org\\\/#website\",\"url\":\"https:\\\/\\\/internetaddictsanonymous.org\\\/\",\"name\":\"Internet and Technology Addicts Anonymous\",\"description\":\"Worldwide 12-step Fellowship for Internet and Technology Addiction\",\"publisher\":{\"@id\":\"https:\\\/\\\/internetaddictsanonymous.org\\\/#organization\"},\"potentialAction\":[{\"@type\":\"SearchAction\",\"target\":{\"@type\":\"EntryPoint\",\"urlTemplate\":\"https:\\\/\\\/internetaddictsanonymous.org\\\/?s={search_term_string}\"},\"query-input\":{\"@type\":\"PropertyValueSpecification\",\"valueRequired\":true,\"valueName\":\"search_term_string\"}}],\"inLanguage\":\"pl-PL\"},{\"@type\":\"Organization\",\"@id\":\"https:\\\/\\\/internetaddictsanonymous.org\\\/#organization\",\"name\":\"Internet and Technology Addicts Anonymous\",\"url\":\"https:\\\/\\\/internetaddictsanonymous.org\\\/\",\"logo\":{\"@type\":\"ImageObject\",\"inLanguage\":\"pl-PL\",\"@id\":\"https:\\\/\\\/internetaddictsanonymous.org\\\/#\\\/schema\\\/logo\\\/image\\\/\",\"url\":\"https:\\\/\\\/internetaddictsanonymous.org\\\/wp-content\\\/uploads\\\/2023\\\/01\\\/cropped-ITAA-logo-480px.png\",\"contentUrl\":\"https:\\\/\\\/internetaddictsanonymous.org\\\/wp-content\\\/uploads\\\/2023\\\/01\\\/cropped-ITAA-logo-480px.png\",\"width\":480,\"height\":480,\"caption\":\"Internet and Technology Addicts Anonymous\"},\"image\":{\"@id\":\"https:\\\/\\\/internetaddictsanonymous.org\\\/#\\\/schema\\\/logo\\\/image\\\/\"}}]}<\/script>\n<!-- \/ Yoast SEO plugin. -->","yoast_head_json":{"title":"Spotkania z prelegentami - Anonimowi Uzale\u017cnieni od Internetu i Technologii","robots":{"index":"index","follow":"follow","max-snippet":"max-snippet:-1","max-image-preview":"max-image-preview:large","max-video-preview":"max-video-preview:-1"},"canonical":"https:\/\/internetaddictsanonymous.org\/pl\/spotkania-prelegentow\/","og_locale":"pl_PL","og_type":"article","og_title":"Speaker share meetings &#8211; Internet and Technology Addicts Anonymous","og_description":"Welcome! Below is a calendar showing all of our online meetings that feature speaker shares. These meetings start with an experienced member of ITAA giving an extended share about their journey in recovery, and this is usually followed by a period of sharing. Speaker share meetings are wonderful opportunities to hear the experience, strength and &hellip; Continue reading Speaker share meetings","og_url":"https:\/\/internetaddictsanonymous.org\/pl\/spotkania-prelegentow\/","og_site_name":"Internet and Technology Addicts Anonymous","article_modified_time":"2023-12-10T04:32:10+00:00","twitter_card":"summary_large_image","twitter_misc":{"Szacowany czas czytania":"1 minuta"},"schema":{"@context":"https:\/\/schema.org","@graph":[{"@type":"WebPage","@id":"https:\/\/internetaddictsanonymous.org\/speaker-share-meetings\/","url":"https:\/\/internetaddictsanonymous.org\/speaker-share-meetings\/","name":"Spotkania z prelegentami - Anonimowi Uzale\u017cnieni od Internetu i Technologii","isPartOf":{"@id":"https:\/\/internetaddictsanonymous.org\/#website"},"datePublished":"2023-11-20T00:41:19+00:00","dateModified":"2023-12-10T04:32:10+00:00","breadcrumb":{"@id":"https:\/\/internetaddictsanonymous.org\/speaker-share-meetings\/#breadcrumb"},"inLanguage":"pl-PL","potentialAction":[{"@type":"ReadAction","target":["https:\/\/internetaddictsanonymous.org\/speaker-share-meetings\/"]}]},{"@type":"BreadcrumbList","@id":"https:\/\/internetaddictsanonymous.org\/speaker-share-meetings\/#breadcrumb","itemListElement":[{"@type":"ListItem","position":1,"name":"Home","item":"https:\/\/internetaddictsanonymous.org\/"},{"@type":"ListItem","position":2,"name":"Speaker share meetings"}]},{"@type":"WebSite","@id":"https:\/\/internetaddictsanonymous.org\/#website","url":"https:\/\/internetaddictsanonymous.org\/","name":"Anonimowi uzale\u017cnieni od Internetu i technologii","description":"\u015awiatowa wsp\u00f3lnota 12 krok\u00f3w dla uzale\u017cnionych od Internetu i technologii","publisher":{"@id":"https:\/\/internetaddictsanonymous.org\/#organization"},"potentialAction":[{"@type":"SearchAction","target":{"@type":"EntryPoint","urlTemplate":"https:\/\/internetaddictsanonymous.org\/?s={search_term_string}"},"query-input":{"@type":"PropertyValueSpecification","valueRequired":true,"valueName":"search_term_string"}}],"inLanguage":"pl-PL"},{"@type":"Organization","@id":"https:\/\/internetaddictsanonymous.org\/#organization","name":"Anonimowi uzale\u017cnieni od Internetu i technologii","url":"https:\/\/internetaddictsanonymous.org\/","logo":{"@type":"ImageObject","inLanguage":"pl-PL","@id":"https:\/\/internetaddictsanonymous.org\/#\/schema\/logo\/image\/","url":"https:\/\/internetaddictsanonymous.org\/wp-content\/uploads\/2023\/01\/cropped-ITAA-logo-480px.png","contentUrl":"https:\/\/internetaddictsanonymous.org\/wp-content\/uploads\/2023\/01\/cropped-ITAA-logo-480px.png","width":480,"height":480,"caption":"Internet and Technology Addicts Anonymous"},"image":{"@id":"https:\/\/internetaddictsanonymous.org\/#\/schema\/logo\/image\/"}}]}},"jetpack_sharing_enabled":true,"jetpack_shortlink":"https:\/\/wp.me\/P9Fwob-4tc","_links":{"self":[{"href":"https:\/\/internetaddictsanonymous.org\/pl\/wp-json\/wp\/v2\/pages\/17186","targetHints":{"allow":["GET"]}}],"collection":[{"href":"https:\/\/internetaddictsanonymous.org\/pl\/wp-json\/wp\/v2\/pages"}],"about":[{"href":"https:\/\/internetaddictsanonymous.org\/pl\/wp-json\/wp\/v2\/types\/page"}],"author":[{"embeddable":true,"href":"https:\/\/internetaddictsanonymous.org\/pl\/wp-json\/wp\/v2\/users\/35194237"}],"replies":[{"embeddable":true,"href":"https:\/\/internetaddictsanonymous.org\/pl\/wp-json\/wp\/v2\/comments?post=17186"}],"version-history":[{"count":9,"href":"https:\/\/internetaddictsanonymous.org\/pl\/wp-json\/wp\/v2\/pages\/17186\/revisions"}],"predecessor-version":[{"id":17309,"href":"https:\/\/internetaddictsanonymous.org\/pl\/wp-json\/wp\/v2\/pages\/17186\/revisions\/17309"}],"wp:attachment":[{"href":"https:\/\/internetaddictsanonymous.org\/pl\/wp-json\/wp\/v2\/media?parent=17186"}],"wp:term":[{"taxonomy":"post_tag","embeddable":true,"href":"https:\/\/internetaddictsanonymous.org\/pl\/wp-json\/wp\/v2\/tags?post=17186"}],"curies":[{"name":"wp","href":"https:\/\/api.w.org\/{rel}","templated":true}]}}