{"id":17595,"date":"2024-02-18T19:47:54","date_gmt":"2024-02-19T00:47:54","guid":{"rendered":"https:\/\/internetaddictsanonymous.org\/?page_id=17595"},"modified":"2026-03-03T07:04:04","modified_gmt":"2026-03-03T15:04:04","slug":"usa-ca","status":"publish","type":"page","link":"https:\/\/internetaddictsanonymous.org\/pl\/in-person-meetings\/usa-ca\/","title":{"rendered":"ITAA w Kalifornii, USA"},"content":{"rendered":"<p>Witamy w Anonimowych Uzale\u017cnionych od Internetu i Technologii! Cieszymy si\u0119, \u017ce nas znalaz\u0142e\u015b i mamy nadziej\u0119, \u017ce nasza spo\u0142eczno\u015b\u0107 mo\u017ce by\u0107 dla Ciebie tak pomocna, jak by\u0142a dla nas.<strong> <mark style=\"background-color:rgba(0, 0, 0, 0)\" class=\"has-inline-color has-dark-gray-color\">ITAA to dwunastostopniowa wsp\u00f3lnota os\u00f3b, kt\u00f3re wspieraj\u0105 si\u0119 wzajemnie w wychodzeniu z uzale\u017cnienia od Internetu i technologii.<\/mark><\/strong> Obejmuje to uzale\u017cnienie od medi\u00f3w spo\u0142eczno\u015bciowych, smartfon\u00f3w, strumieniowego przesy\u0142ania tre\u015bci wideo lub audio, gier, wiadomo\u015bci, pornografii, aplikacji randkowych, wyszukiwania informacji online, zakup\u00f3w online lub jakiejkolwiek innej aktywno\u015bci cyfrowej, kt\u00f3ra staje si\u0119 kompulsywna i problematyczna.&nbsp;<\/p>\n\n\n\n<h4 class=\"wp-block-heading has-text-align-center\">~ <em><strong>W p\u00f3\u0142nocnej Kalifornii <\/strong><\/em>~<\/h4>\n\n\n\n<h3 class=\"wp-block-heading\">Spotkania w Chico (potencjalne)<\/h3>\n\n\n\n<p>Je\u015bli jeste\u015b zainteresowany nawi\u0105zaniem kontaktu z innymi cz\u0142onkami ITAA w Chico w Kalifornii, skontaktuj si\u0119 z nami pod adresem e-mail.<br>Kontakt: <a href=\"mailto:Chico.ITAA@gmail.com\" target=\"_blank\" rel=\"noreferrer noopener\">Chico.ITAA@gmail.com<\/a><\/p>\n\n\n\n<h3 class=\"wp-block-heading\">Spotkania w Berkeley<\/h3>\n\n\n\n<p>Kiedy: Niedziele, godz. 1-2<br>Gdzie: Berkeley Unitarian Universalist Church, 1606 Bonita Ave, Berkeley, CA<br>Kontakt:&nbsp;<a href=\"mailto:nolan.s.itaa@gmail.com\" target=\"_blank\" rel=\"noreferrer noopener\">nolan.s.itaa@gmail.com<\/a><\/p>\n\n\n\n<h3 class=\"wp-block-heading\">Spotkania w San Francisco<\/h3>\n\n\n\n<p>Kiedy: Soboty, 13:00-14:00.<br>Gdzie: Pierwszy Ko\u015bci\u00f3\u0142 Unitaria\u0144ski i Centrum Uniwersalistyczne (UUSF), 1187 Franklin Street, San Francisco, Kalifornia<br>Pok\u00f3j: Pok\u00f3j Fahsa<br>Informacje dodatkowe: Prosimy zadzwoni\u0107 dzwonkiem do drzwi SZKLANYMI za schodami wej\u015bciowymi (nie do drzwi drewnianych). Po wej\u015bciu do budynku skr\u0119\u0107 w lewo i id\u017a ca\u0142y czas korytarzem biegn\u0105cym wok\u00f3\u0142 dziedzi\u0144ca. Sala Fahs b\u0119dzie na samym ko\u0144cu, po lewej stronie, za kaplic\u0105. Je\u015bli drzwi s\u0105 zamkni\u0119te, po prostu wejd\u017a! Czekamy na Ciebie.<br>Kontakt: Tom\u00e1s K, tomask.itaa@gmail.com, 917 725 2192 (w razie problem\u00f3w ze znalezieniem pokoju mo\u017cesz zadzwoni\u0107 bezpo\u015brednio)<\/p>\n\n\n\n<h4 class=\"wp-block-heading has-text-align-center\">~ <strong><em>W po\u0142udniowej Kalifornii<\/em><\/strong> ~<\/h4>\n\n\n\n<h3 class=\"wp-block-heading\">Spotkania w Los Angeles, Kalifornia<\/h3>\n\n\n\n<h4 class=\"wp-block-heading\">\u201cSpotkanie ITAA w Hollywood \u201dKrok 11 o 11:11\u201d<\/h4>\n\n\n\n<p>Kiedy: soboty 11:00-12:30<br>Gdzie: Plummer Park przy 7377 Santa Monica Blvd, West Hollywood, CA 90046<br>E-mail:&nbsp;<a href=\"mailto:Hollywood.ITAA@gmail.com\" target=\"_blank\" rel=\"noreferrer noopener\">Hollywood.ITAA@gmail.com<\/a><br>Sygna\u0142: <a href=\"https:\/\/signal.group\/#CjQKIH-GZ6WbWSa6lwfAKdOepX8k4djVGaUHOwAdyez5Cu5eEhCnuuYB18fbYFqkoxdGW3hp\" target=\"_blank\" rel=\"noreferrer noopener\">https:\/\/signal.group\/#CjQKIH-GZ6WbWSa6lwfAKdOepX8k4djVGaUHOwAdyez5Cu5eEhCnuuYB18fbYFqkoxdGW3hp<\/a><\/p>\n\n\n\n<p>To spotkanie jest otwarte i zapraszamy wszystkich ch\u0119tnych. Prosimy o uszanowanie g\u0142\u00f3wnego celu spotkania, kt\u00f3rym jest niesienie przes\u0142ania o powrocie do zdrowia osobom uzale\u017cnionym od internetu i technologii, kt\u00f3re wci\u0105\u017c cierpi\u0105.<\/p>\n\n\n\n<p>Dok\u0142adna lokalizacja: Spotykamy si\u0119 na trawiastym terenie na po\u0142udnie od kort\u00f3w tenisowych. Dok\u0142adne wsp\u00f3\u0142rz\u0119dne GPS to:&nbsp;<br>(34.0929888, -118.3514780).<\/p>\n\n\n\n<p>Parking: Po p\u00f3\u0142nocnej i po\u0142udniowej stronie parku go\u015bcie mog\u0105 bezp\u0142atnie parkowa\u0107 przez 3 godziny. Mo\u017cliwe jest r\u00f3wnie\u017c parkowanie na ulicy, jednak prosimy o zapoznanie si\u0119 z miejskimi ograniczeniami dotycz\u0105cymi parkowania na ulicy.<\/p>\n\n\n\n<p>Dodatkowe informacje:<br>1) Je\u015bli masz jakiekolwiek pytania, mo\u017cesz si\u0119 z nami skontaktowa\u0107 za po\u015brednictwem poczty e-mail lub grupy WhatsApp, ale ze wzgl\u0119du na charakter spotkania na \u015bwie\u017cym powietrzu, mile widziane s\u0105 r\u00f3wnie\u017c osoby, kt\u00f3re przyjd\u0105 spontanicznie.<\/p>\n\n\n\n<p>2) Prosimy o przybycie na godzin\u0119 11:00 i uwzgl\u0119dnienie czasu parkowania. Spotkanie rozpoczyna si\u0119 o godzinie 11:11, po czym wst\u0119p na spotkanie zostanie zamkni\u0119ty do czasu rozpocz\u0119cia cz\u0119\u015bci dzielenia si\u0119 po medytacji oko\u0142o 12:00. Je\u015bli przyjedziesz w tym czasie, zadzwo\u0144 do osoby kontaktowej, a zostaniesz przyj\u0119ty po medytacji<\/p>\n\n\n\n<p>3) Dodatkowo, je\u015bli wolisz nie siedzie\u0107 na trawie, zabierz ze sob\u0105 w\u0142asne krzes\u0142o lub koc. Je\u015bli nie posiadasz w\u0142asnego, mo\u017cemy zapewni\u0107 Ci udogodnienia.<\/p>\n\n\n\n<p><\/p>\n\n\n\n<h4 class=\"wp-block-heading\">Spotkania w Pasadenie<\/h4>\n\n\n\n<p>Kiedy: Czwartki o 11:00<br>Gdzie: Central Park, Pasadena. Prosimy o przybycie pi\u0119\u0107 minut wcze\u015bniej, aby spotka\u0107 si\u0119 przy fontannie National Humane Alliance, na rogu Raymond Ave i E Dayton Street. Siedzimy w cieniu du\u017cych drzew \u2013 je\u015bli chcesz, zabierz ze sob\u0105 krzes\u0142o, r\u0119cznik lub koc.<br>Kontakt:&nbsp;<a href=\"mailto:mishainla.itaa@gmail.com\" target=\"_blank\" rel=\"noreferrer noopener\">mishainla.itaa@gmail.com<\/a><br><\/p>\n\n\n\n<p>Dodatkowe informacje:<br>1) Parking uliczny na ulicach E Dayton Street, S Raymond Ave i Fair Oaks Avenue kosztuje $1,25 za godzin\u0119. Dost\u0119pny jest r\u00f3wnie\u017c parking w gara\u017cu na stacji Del Mar (230 S Raymond Ave) za $1,00 za 90 minut. Podr\u00f3\u017cuj\u0105c metrem, warto wybra\u0107 lini\u0119 A (niebiesk\u0105) zatrzymuj\u0105c\u0105 si\u0119 na pobliskiej stacji Del Mar.<br>2) To spotkanie jest rzadko, ale sporadycznie odwo\u0142ywane lub przenoszone z powodu z\u0142ej pogody. Nowoprzybyli proszeni s\u0105 o kontakt z Mish\u0105 przed przybyciem, ale nie jest to wymagane:&nbsp;<a href=\"mailto:mishainla.itaa@gmail.com\" target=\"_blank\" rel=\"noreferrer noopener\">mishainla.itaa@gmail.com<\/a><\/p>\n\n\n\n<p><\/p>\n\n\n\n<h4 class=\"wp-block-heading\">Spotkanie studyjne Wielkiej Ksi\u0119gi w Santa Monica<\/h4>\n\n\n\n<p>Kiedy: w \u015brody wieczorem w godzinach 17:30-18:30<br>Gdzie: 3301 Pico Blvd, Santa Monica, CA 90405 (wjazd od Urban Ave)<\/p>\n\n\n\n<p>To spotkanie jest otwarte i zapraszamy wszystkich ch\u0119tnych. Prosimy o uszanowanie g\u0142\u00f3wnego celu spotkania, kt\u00f3rym jest niesienie przes\u0142ania o powrocie do zdrowia osobom uzale\u017cnionym od internetu i technologii, kt\u00f3re wci\u0105\u017c cierpi\u0105.<\/p>\n\n\n\n<p>Format: To spotkanie po\u015bwi\u0119cone studiowaniu literatury i dzieleniu si\u0119 wiedz\u0105. Czytamy z Wielkiej Ksi\u0119gi Anonimowych Alkoholik\u00f3w i dzielimy si\u0119 przemy\u015bleniami na temat lektury lub tym, co przychodzi nam do g\u0142owy.<\/p>\n\n\n\n<p>Spotkanie odb\u0119dzie si\u0119 w kawiarni na rogu \u2013 wej\u015bcie znajduje si\u0119 od Urban Ave. Parking znajduje si\u0119 na ulicy, prosimy o zwr\u00f3cenie uwagi na ograniczenia dotycz\u0105ce parkowania.<\/p>\n\n\n\n<p>Kontakt: <a href=\"mailto:Westside.ITAA@gmail.com\" target=\"_blank\" rel=\"noreferrer noopener\">Westside.ITAA@gmail.com<\/a>.<\/p>\n\n\n\n<p class=\"has-text-align-center\">-~-<\/p>\n\n\n\n<h3 class=\"wp-block-heading\">Dodatkowe spotkania<\/h3>\n\n\n\n<p>Je\u015bli jeste\u015b nowym u\u017cytkownikiem, zach\u0119camy do wzi\u0119cia udzia\u0142u w sze\u015bciu spotkaniach w kr\u00f3tkim okresie czasu, aby sprawdzi\u0107, czy nasz program mo\u017ce by\u0107 dla Ciebie pomocny. Opr\u00f3cz naszych lokalnych spotka\u0144 osobistych, mo\u017cesz r\u00f3wnie\u017c zapozna\u0107 si\u0119 z naszymi <a href=\"https:\/\/internetaddictsanonymous.org\/pl\/lokalne-spotkania-internetowe-uzaleznienia\/\">inne spotkania osobiste<\/a> oraz <a href=\"https:\/\/internetaddictsanonymous.org\/pl\/spotkania-online\/\">Pe\u0142ny harmonogram spotka\u0144 online<\/a>. Wszystkie spotkania s\u0105 ca\u0142kowicie bezp\u0142atne i anonimowe.<\/p>\n\n\n\n<h3 class=\"wp-block-heading\"><strong>Jak dzia\u0142aj\u0105 spotkania?<\/strong><\/h3>\n\n\n\n<p>Je\u015bli do\u0142\u0105czasz do spotkania po raz pierwszy, nie musisz si\u0119 denerwowa\u0107. Wi\u0119kszo\u015b\u0107 naszych spotka\u0144 jest bardzo prosta; ka\u017cde spotkanie ma przewodnicz\u0105cego, kt\u00f3ry je prowadzi, a wi\u0119kszo\u015b\u0107 spotka\u0144 trwa godzin\u0119. Przewodnicz\u0105cy i inni wolontariusze czytaj\u0105 kilka wst\u0119pnych o\u015bwiadcze\u0144, zanim otworzymy spotkanie, aby cz\u0142onkowie mogli si\u0119 podzieli\u0107. Nie ma wymogu dzielenia si\u0119 i mo\u017cna po prostu s\u0142ucha\u0107. Je\u015bli czujesz si\u0119 komfortowo, mo\u017cesz si\u0119 przedstawi\u0107 i podzieli\u0107 si\u0119 tym, co przywiod\u0142o Ci\u0119 do ITAA. O ile nie poprosi o to osoba, kt\u00f3ra dzieli si\u0119 swoimi do\u015bwiadczeniami, nie oferujemy sugestii ani komentarzy w odpowiedzi na wypowiedzi innych; po prostu s\u0142uchamy, nie oceniaj\u0105c. Pod koniec godziny spotkanie zako\u0144czy si\u0119 kilkoma o\u015bwiadczeniami ko\u0144cowymi, po kt\u00f3rych cz\u0142onkowie zwykle rozmawiaj\u0105 swobodnie, zadaj\u0105 pytania i wymieniaj\u0105 si\u0119 danymi kontaktowymi.<\/p>\n\n\n\n<h3 class=\"wp-block-heading\">Zasoby dotycz\u0105ce uzale\u017cnienia od Internetu i technologii<\/h3>\n\n\n\n<p>Je\u015bli zastanawiasz si\u0119, czy mo\u017cesz mie\u0107 uzale\u017cnienie od internetu i technologii, mo\u017cesz przejrze\u0107 nasze kwestionariusze dla <a href=\"https:\/\/internetaddictsanonymous.org\/pl\/uzaleznienie-od-internetu-i-technologii\/\">uzale\u017cnienie od internetu<\/a>, <a href=\"https:\/\/internetaddictsanonymous.org\/pl\/uzaleznienie-od-internetu-i-technologii\/uzaleznienie-od-mediow-spolecznosciowych\/\">uzale\u017cnienie od medi\u00f3w spo\u0142eczno\u015bciowych<\/a>, <a href=\"https:\/\/internetaddictsanonymous.org\/pl\/uzaleznienie-od-internetu\/uzaleznienie-od-streamingu\/\">uzale\u017cnienie od streamingu<\/a>, <a href=\"https:\/\/internetaddictsanonymous.org\/pl\/uzaleznienie-od-internetu-i-technologii\/uzaleznienie-od-telefonu\/\">uzale\u017cnienie od telefonu<\/a>lub <a href=\"https:\/\/internetaddictsanonymous.org\/pl\/uzaleznienie-od-internetu-i-technologii\/uzaleznienie-od-gier-wideo\/\">uzale\u017cnienie od gier wideo<\/a>. Mo\u017cesz r\u00f3wnie\u017c dowiedzie\u0107 si\u0119 wi\u0119cej o ITAA czytaj\u0105c nasze&nbsp;<a href=\"https:\/\/internetaddictsanonymous.org\/pl\/przewodnik-dla-nowicjuszy\/\">przewodnik dla nowicjuszy<\/a>, przegl\u0105daj\u0105c nasze <a href=\"https:\/\/internetaddictsanonymous.org\/pl\/zasoby\/narzedzia-odzyskiwania\/\">narz\u0119dzia odzyskiwania<\/a>, lub s\u0142uchaj\u0105c <a href=\"https:\/\/internetaddictsanonymous.org\/pl\/historie-powrotu-do-zdrowia\/\">historie powrotu do zdrowia cz\u0142onk\u00f3w<\/a>.<\/p>\n\n\n\n<p>ITAA nie jest powi\u0105zana z \u017cadn\u0105 agend\u0105 polityczn\u0105, religi\u0105 czy interesami zewn\u0119trznymi. Jeste\u015bmy w pe\u0142ni samowystarczalni i bezp\u0142atni dla wszystkich, kt\u00f3rzy tego potrzebuj\u0105. Naszym jedynym celem jest powstrzymanie si\u0119 od kompulsywnego korzystania z Internetu i technologii oraz pomoc innym w znalezieniu wolno\u015bci od tego uzale\u017cnienia.<\/p>\n\n\n\n<p>Witamy ponownie! Mamy nadziej\u0119, \u017ce ta spo\u0142eczno\u015b\u0107 jest w stanie zapewni\u0107 wsparcie, kt\u00f3rego potrzebujesz w wychodzeniu z uzale\u017cnienia od Internetu i technologii. Nie wahaj si\u0119 z nami skontaktowa\u0107, je\u015bli masz jakiekolwiek pytania.<\/p>\n<!-- PMB print buttons is only displayed on a single post\/page URLs-->","protected":false},"excerpt":{"rendered":"<p>Witamy na stronie Anonimowych Uzale\u017cnionych od Internetu i Technologii! Cieszymy si\u0119, \u017ce nas znalaz\u0142e\u015b i mamy nadziej\u0119, \u017ce nasza spo\u0142eczno\u015b\u0107 b\u0119dzie dla Ciebie tak pomocna, jak by\u0142a dla nas. ITAA to wsp\u00f3lnota Dwunastu Krok\u00f3w zrzeszaj\u0105ca osoby, kt\u00f3re wspieraj\u0105 si\u0119 nawzajem w wychodzeniu z uzale\u017cnienia od Internetu i technologii. Obejmuje to uzale\u017cnienie od medi\u00f3w spo\u0142eczno\u015bciowych, smartfon\u00f3w, ... <a href=\"https:\/\/internetaddictsanonymous.org\/pl\/in-person-meetings\/usa-ca\/\" class=\"more-link\">Kontynuuj czytanie <span class=\"screen-reader-text\">ITAA w Kalifornii, USA<\/span><\/a><\/p>","protected":false},"author":35194255,"featured_media":0,"parent":148,"menu_order":0,"comment_status":"closed","ping_status":"closed","template":"full-width-page.php","meta":{"inline_featured_image":false,"_lmt_disableupdate":"","_lmt_disable":"","jetpack_post_was_ever_published":false,"footnotes":""},"tags":[],"class_list":["post-17595","page","type-page","status-publish","hentry"],"yoast_head":"<!-- This site is optimized with the Yoast SEO plugin v27.1.1 - https:\/\/yoast.com\/product\/yoast-seo-wordpress\/ -->\n<title>ITAA in California, US &#8211; Internet and Technology Addicts Anonymous<\/title>\n<meta name=\"description\" content=\"There are several in-person ITAA meetings in Southern California including in Santa Monica, Pasadena, and Hollywood. More coming soon!\" \/>\n<meta name=\"robots\" content=\"index, follow, max-snippet:-1, max-image-preview:large, max-video-preview:-1\" \/>\n<link rel=\"canonical\" href=\"https:\/\/internetaddictsanonymous.org\/pl\/lokalne-spotkania-internetowe-uzaleznienia\/usa-ca\/\" \/>\n<meta property=\"og:locale\" content=\"pl_PL\" \/>\n<meta property=\"og:type\" content=\"article\" \/>\n<meta property=\"og:title\" content=\"ITAA in California, US &#8211; Internet and Technology Addicts Anonymous\" \/>\n<meta property=\"og:description\" content=\"There are several in-person ITAA meetings in Southern California including in Santa Monica, Pasadena, and Hollywood. More coming soon!\" \/>\n<meta property=\"og:url\" content=\"https:\/\/internetaddictsanonymous.org\/pl\/lokalne-spotkania-internetowe-uzaleznienia\/usa-ca\/\" \/>\n<meta property=\"og:site_name\" content=\"Internet and Technology Addicts Anonymous\" \/>\n<meta property=\"article:modified_time\" content=\"2026-03-03T15:04:04+00:00\" \/>\n<meta name=\"twitter:card\" content=\"summary_large_image\" \/>\n<meta name=\"twitter:label1\" content=\"Szacowany czas czytania\" \/>\n\t<meta name=\"twitter:data1\" content=\"5 minut\" \/>\n<script type=\"application\/ld+json\" class=\"yoast-schema-graph\">{\"@context\":\"https:\/\/schema.org\",\"@graph\":[{\"@type\":\"WebPage\",\"@id\":\"https:\/\/internetaddictsanonymous.org\/in-person-meetings\/usa-ca\/\",\"url\":\"https:\/\/internetaddictsanonymous.org\/in-person-meetings\/usa-ca\/\",\"name\":\"ITAA in California, US &#8211; Internet and Technology Addicts Anonymous\",\"isPartOf\":{\"@id\":\"https:\/\/internetaddictsanonymous.org\/#website\"},\"datePublished\":\"2024-02-19T00:47:54+00:00\",\"dateModified\":\"2026-03-03T15:04:04+00:00\",\"description\":\"There are several in-person ITAA meetings in Southern California including in Santa Monica, Pasadena, and Hollywood. More coming soon!\",\"breadcrumb\":{\"@id\":\"https:\/\/internetaddictsanonymous.org\/in-person-meetings\/usa-ca\/#breadcrumb\"},\"inLanguage\":\"pl-PL\",\"potentialAction\":[{\"@type\":\"ReadAction\",\"target\":[\"https:\/\/internetaddictsanonymous.org\/in-person-meetings\/usa-ca\/\"]}]},{\"@type\":\"BreadcrumbList\",\"@id\":\"https:\/\/internetaddictsanonymous.org\/in-person-meetings\/usa-ca\/#breadcrumb\",\"itemListElement\":[{\"@type\":\"ListItem\",\"position\":1,\"name\":\"Home\",\"item\":\"https:\/\/internetaddictsanonymous.org\/\"},{\"@type\":\"ListItem\",\"position\":2,\"name\":\"In-Person Meetings\",\"item\":\"https:\/\/internetaddictsanonymous.org\/in-person-meetings\/\"},{\"@type\":\"ListItem\",\"position\":3,\"name\":\"ITAA in California, US\"}]},{\"@type\":\"WebSite\",\"@id\":\"https:\/\/internetaddictsanonymous.org\/#website\",\"url\":\"https:\/\/internetaddictsanonymous.org\/\",\"name\":\"Internet and Technology Addicts Anonymous\",\"description\":\"Worldwide 12-step Fellowship for Internet and Technology Addiction\",\"publisher\":{\"@id\":\"https:\/\/internetaddictsanonymous.org\/#organization\"},\"potentialAction\":[{\"@type\":\"SearchAction\",\"target\":{\"@type\":\"EntryPoint\",\"urlTemplate\":\"https:\/\/internetaddictsanonymous.org\/?s={search_term_string}\"},\"query-input\":{\"@type\":\"PropertyValueSpecification\",\"valueRequired\":true,\"valueName\":\"search_term_string\"}}],\"inLanguage\":\"pl-PL\"},{\"@type\":\"Organization\",\"@id\":\"https:\/\/internetaddictsanonymous.org\/#organization\",\"name\":\"Internet and Technology Addicts Anonymous\",\"url\":\"https:\/\/internetaddictsanonymous.org\/\",\"logo\":{\"@type\":\"ImageObject\",\"inLanguage\":\"pl-PL\",\"@id\":\"https:\/\/internetaddictsanonymous.org\/#\/schema\/logo\/image\/\",\"url\":\"https:\/\/internetaddictsanonymous.org\/wp-content\/uploads\/2023\/01\/cropped-ITAA-logo-480px.png\",\"contentUrl\":\"https:\/\/internetaddictsanonymous.org\/wp-content\/uploads\/2023\/01\/cropped-ITAA-logo-480px.png\",\"width\":480,\"height\":480,\"caption\":\"Internet and Technology Addicts Anonymous\"},\"image\":{\"@id\":\"https:\/\/internetaddictsanonymous.org\/#\/schema\/logo\/image\/\"}}]}<\/script>\n<!-- \/ Yoast SEO plugin. -->","yoast_head_json":{"title":"ITAA w Kalifornii, USA \u2013 Anonimowi Uzale\u017cnieni od Internetu i Technologii","description":"W Po\u0142udniowej Kalifornii odbywa si\u0119 kilka spotka\u0144 ITAA, m.in. w Santa Monica, Pasadenie i Hollywood. Wkr\u00f3tce wi\u0119cej!","robots":{"index":"index","follow":"follow","max-snippet":"max-snippet:-1","max-image-preview":"max-image-preview:large","max-video-preview":"max-video-preview:-1"},"canonical":"https:\/\/internetaddictsanonymous.org\/pl\/lokalne-spotkania-internetowe-uzaleznienia\/usa-ca\/","og_locale":"pl_PL","og_type":"article","og_title":"ITAA in California, US &#8211; Internet and Technology Addicts Anonymous","og_description":"There are several in-person ITAA meetings in Southern California including in Santa Monica, Pasadena, and Hollywood. More coming soon!","og_url":"https:\/\/internetaddictsanonymous.org\/pl\/lokalne-spotkania-internetowe-uzaleznienia\/usa-ca\/","og_site_name":"Internet and Technology Addicts Anonymous","article_modified_time":"2026-03-03T15:04:04+00:00","twitter_card":"summary_large_image","twitter_misc":{"Szacowany czas czytania":"5 minut"},"schema":{"@context":"https:\/\/schema.org","@graph":[{"@type":"WebPage","@id":"https:\/\/internetaddictsanonymous.org\/in-person-meetings\/usa-ca\/","url":"https:\/\/internetaddictsanonymous.org\/in-person-meetings\/usa-ca\/","name":"ITAA w Kalifornii, USA \u2013 Anonimowi Uzale\u017cnieni od Internetu i Technologii","isPartOf":{"@id":"https:\/\/internetaddictsanonymous.org\/#website"},"datePublished":"2024-02-19T00:47:54+00:00","dateModified":"2026-03-03T15:04:04+00:00","description":"W Po\u0142udniowej Kalifornii odbywa si\u0119 kilka spotka\u0144 ITAA, m.in. w Santa Monica, Pasadenie i Hollywood. Wkr\u00f3tce wi\u0119cej!","breadcrumb":{"@id":"https:\/\/internetaddictsanonymous.org\/in-person-meetings\/usa-ca\/#breadcrumb"},"inLanguage":"pl-PL","potentialAction":[{"@type":"ReadAction","target":["https:\/\/internetaddictsanonymous.org\/in-person-meetings\/usa-ca\/"]}]},{"@type":"BreadcrumbList","@id":"https:\/\/internetaddictsanonymous.org\/in-person-meetings\/usa-ca\/#breadcrumb","itemListElement":[{"@type":"ListItem","position":1,"name":"Home","item":"https:\/\/internetaddictsanonymous.org\/"},{"@type":"ListItem","position":2,"name":"In-Person Meetings","item":"https:\/\/internetaddictsanonymous.org\/in-person-meetings\/"},{"@type":"ListItem","position":3,"name":"ITAA in California, US"}]},{"@type":"WebSite","@id":"https:\/\/internetaddictsanonymous.org\/#website","url":"https:\/\/internetaddictsanonymous.org\/","name":"Anonimowi uzale\u017cnieni od Internetu i technologii","description":"\u015awiatowa wsp\u00f3lnota 12 krok\u00f3w dla uzale\u017cnionych od Internetu i technologii","publisher":{"@id":"https:\/\/internetaddictsanonymous.org\/#organization"},"potentialAction":[{"@type":"SearchAction","target":{"@type":"EntryPoint","urlTemplate":"https:\/\/internetaddictsanonymous.org\/?s={search_term_string}"},"query-input":{"@type":"PropertyValueSpecification","valueRequired":true,"valueName":"search_term_string"}}],"inLanguage":"pl-PL"},{"@type":"Organization","@id":"https:\/\/internetaddictsanonymous.org\/#organization","name":"Anonimowi uzale\u017cnieni od Internetu i technologii","url":"https:\/\/internetaddictsanonymous.org\/","logo":{"@type":"ImageObject","inLanguage":"pl-PL","@id":"https:\/\/internetaddictsanonymous.org\/#\/schema\/logo\/image\/","url":"https:\/\/internetaddictsanonymous.org\/wp-content\/uploads\/2023\/01\/cropped-ITAA-logo-480px.png","contentUrl":"https:\/\/internetaddictsanonymous.org\/wp-content\/uploads\/2023\/01\/cropped-ITAA-logo-480px.png","width":480,"height":480,"caption":"Internet and Technology Addicts Anonymous"},"image":{"@id":"https:\/\/internetaddictsanonymous.org\/#\/schema\/logo\/image\/"}}]}},"jetpack_sharing_enabled":true,"jetpack_shortlink":"https:\/\/wp.me\/P9Fwob-4zN","_links":{"self":[{"href":"https:\/\/internetaddictsanonymous.org\/pl\/wp-json\/wp\/v2\/pages\/17595","targetHints":{"allow":["GET"]}}],"collection":[{"href":"https:\/\/internetaddictsanonymous.org\/pl\/wp-json\/wp\/v2\/pages"}],"about":[{"href":"https:\/\/internetaddictsanonymous.org\/pl\/wp-json\/wp\/v2\/types\/page"}],"author":[{"embeddable":true,"href":"https:\/\/internetaddictsanonymous.org\/pl\/wp-json\/wp\/v2\/users\/35194255"}],"replies":[{"embeddable":true,"href":"https:\/\/internetaddictsanonymous.org\/pl\/wp-json\/wp\/v2\/comments?post=17595"}],"version-history":[{"count":79,"href":"https:\/\/internetaddictsanonymous.org\/pl\/wp-json\/wp\/v2\/pages\/17595\/revisions"}],"predecessor-version":[{"id":21089,"href":"https:\/\/internetaddictsanonymous.org\/pl\/wp-json\/wp\/v2\/pages\/17595\/revisions\/21089"}],"up":[{"embeddable":true,"href":"https:\/\/internetaddictsanonymous.org\/pl\/wp-json\/wp\/v2\/pages\/148"}],"wp:attachment":[{"href":"https:\/\/internetaddictsanonymous.org\/pl\/wp-json\/wp\/v2\/media?parent=17595"}],"wp:term":[{"taxonomy":"post_tag","embeddable":true,"href":"https:\/\/internetaddictsanonymous.org\/pl\/wp-json\/wp\/v2\/tags?post=17595"}],"curies":[{"name":"wp","href":"https:\/\/api.w.org\/{rel}","templated":true}]}}