{"id":18078,"date":"2024-06-03T01:33:23","date_gmt":"2024-06-03T05:33:23","guid":{"rendered":"https:\/\/internetaddictsanonymous.org\/?page_id=18078"},"modified":"2024-06-03T01:33:25","modified_gmt":"2024-06-03T05:33:25","slug":"poglebianie-naszych-zasobow-naprawczych","status":"publish","type":"page","link":"https:\/\/internetaddictsanonymous.org\/pl\/resources\/deepening-our-recovery-resources\/","title":{"rendered":"Pog\u0142\u0119bianie naszego powrotu do zdrowia"},"content":{"rendered":"<p><a href=\"https:\/\/internetaddictsanonymous.org\/pl\/a-guide-to-withdrawals\/\"><strong>Nawigacja po wyp\u0142atach<\/strong><\/a><br>Opis procesu wycofywania si\u0119, wraz z historiami odzyskiwania od czterech cz\u0142onk\u00f3w.<\/p>\n\n\n\n<p><a href=\"https:\/\/internetaddictsanonymous.org\/pl\/a-guide-to-sobriety-slips-and-relapses-in-itaa\/\"><strong>Zrozumienie trze\u017awo\u015bci, po\u015blizgni\u0119\u0107 i nawrot\u00f3w<\/strong><\/a><br>Przegl\u0105d tego, co oznacza trze\u017awo\u015b\u0107 w ITAA, jak r\u00f3wnie\u017c jak zapobiega\u0107 i rozwija\u0107 si\u0119 z po\u015blizg\u00f3w i nawrot\u00f3w.<\/p>\n\n\n\n<p><strong><a href=\"https:\/\/internetaddictsanonymous.org\/pl\/a-guide-to-outreach-calls-in-itaa\/\">Wykonywanie po\u0142\u0105cze\u0144 informacyjnych<\/a><br><\/strong>Przewodnik po dzwonieniu do innych cz\u0142onk\u00f3w poza spotkaniami, jednym z najwa\u017cniejszych narz\u0119dzi naszego powrotu do zdrowia.<\/p>\n\n\n\n<p><a href=\"https:\/\/internetaddictsanonymous.org\/pl\/sponsoring\/\"><strong>Znaczenie sponsoringu<\/strong><\/a><br>Sponsoring to nieformalna relacja, w kt\u00f3rej bardziej do\u015bwiadczony cz\u0142onek ITAA pomaga nam poprowadzi\u0107 si\u0119 przez proces zdrowienia.<\/p>\n\n\n\n<p><a href=\"https:\/\/internetaddictsanonymous.org\/pl\/zasoby\/literatura\/\"><strong>Jak pracowa\u0107 z krokami<\/strong><br><\/a>Zasoby, kt\u00f3rych mo\u017cemy u\u017cy\u0107 do pracy nad Dwunastoma Krokami.<\/p>\n\n\n\n<p><a href=\"https:\/\/internetaddictsanonymous.org\/pl\/the-doctors-opinion\/\"><strong>Dowody naukowe dotycz\u0105ce uzale\u017cnienia od Internetu i technologii<\/strong><\/a><br>Przegl\u0105d skutk\u00f3w i konsekwencji uzale\u017cnienia od Internetu i technologii.<\/p>\n<!-- PMB print buttons is only displayed on a single post\/page URLs-->","protected":false},"excerpt":{"rendered":"<p>Nawigacja po wyp\u0142atach Opis procesu wyp\u0142at wraz z historiami powrotu do zdrowia od czterech cz\u0142onk\u00f3w. Zrozumienie trze\u017awo\u015bci, potkni\u0119\u0107 i nawrot\u00f3w. Przegl\u0105d tego, co oznacza trze\u017awo\u015b\u0107 w ITAA, a tak\u017ce tego, jak zapobiega\u0107 potkni\u0119ciom i nawrotom. Wykonywanie po\u0142\u0105cze\u0144 informacyjnych Przewodnik po dzwonieniu do innych cz\u0142onk\u00f3w poza spotkaniami, jedno z najwa\u017cniejszych narz\u0119dzi\u2026 <a href=\"https:\/\/internetaddictsanonymous.org\/pl\/resources\/deepening-our-recovery-resources\/\" class=\"more-link\">Kontynuuj czytanie <span class=\"screen-reader-text\">Pog\u0142\u0119bianie naszego powrotu do zdrowia<\/span><\/a><\/p>","protected":false},"author":35194237,"featured_media":0,"parent":42,"menu_order":0,"comment_status":"closed","ping_status":"closed","template":"full-width-page.php","meta":{"inline_featured_image":false,"_lmt_disableupdate":"","_lmt_disable":"","footnotes":""},"tags":[],"class_list":["post-18078","page","type-page","status-publish","hentry"],"yoast_head":"<!-- This site is optimized with the Yoast SEO plugin v27.5 - https:\/\/yoast.com\/product\/yoast-seo-wordpress\/ -->\n<title>Deepening our recovery &#8211; Internet and Technology Addicts Anonymous<\/title>\n<meta name=\"robots\" content=\"index, follow, max-snippet:-1, max-image-preview:large, max-video-preview:-1\" \/>\n<link rel=\"canonical\" href=\"https:\/\/internetaddictsanonymous.org\/pl\/zasoby\/poglebianie-naszych-zasobow-naprawczych\/\" \/>\n<meta property=\"og:locale\" content=\"pl_PL\" \/>\n<meta property=\"og:type\" content=\"article\" \/>\n<meta property=\"og:title\" content=\"Deepening our recovery &#8211; Internet and Technology Addicts Anonymous\" \/>\n<meta property=\"og:description\" content=\"Navigating WithdrawalsA description of the withdrawals process, along with recovery stories from four members. Understanding Sobriety, Slips, and RelapsesAn overview of what sobriety means in ITAA, as well as how to prevent and grow from slips and relapses. Making Outreach CallsA guide to calling other members outside of meetings, one of the vital tools of &hellip; Continue reading Deepening our recovery\" \/>\n<meta property=\"og:url\" content=\"https:\/\/internetaddictsanonymous.org\/pl\/zasoby\/poglebianie-naszych-zasobow-naprawczych\/\" \/>\n<meta property=\"og:site_name\" content=\"Internet and Technology Addicts Anonymous\" \/>\n<meta property=\"article:modified_time\" content=\"2024-06-03T05:33:25+00:00\" \/>\n<meta name=\"twitter:card\" content=\"summary_large_image\" \/>\n<meta name=\"twitter:label1\" content=\"Szacowany czas czytania\" \/>\n\t<meta name=\"twitter:data1\" content=\"1 minuta\" \/>\n<script type=\"application\/ld+json\" class=\"yoast-schema-graph\">{\"@context\":\"https:\\\/\\\/schema.org\",\"@graph\":[{\"@type\":\"WebPage\",\"@id\":\"https:\\\/\\\/internetaddictsanonymous.org\\\/resources\\\/deepening-our-recovery-resources\\\/\",\"url\":\"https:\\\/\\\/internetaddictsanonymous.org\\\/resources\\\/deepening-our-recovery-resources\\\/\",\"name\":\"Deepening our recovery &#8211; Internet and Technology Addicts Anonymous\",\"isPartOf\":{\"@id\":\"https:\\\/\\\/internetaddictsanonymous.org\\\/#website\"},\"datePublished\":\"2024-06-03T05:33:23+00:00\",\"dateModified\":\"2024-06-03T05:33:25+00:00\",\"breadcrumb\":{\"@id\":\"https:\\\/\\\/internetaddictsanonymous.org\\\/resources\\\/deepening-our-recovery-resources\\\/#breadcrumb\"},\"inLanguage\":\"pl-PL\",\"potentialAction\":[{\"@type\":\"ReadAction\",\"target\":[\"https:\\\/\\\/internetaddictsanonymous.org\\\/resources\\\/deepening-our-recovery-resources\\\/\"]}]},{\"@type\":\"BreadcrumbList\",\"@id\":\"https:\\\/\\\/internetaddictsanonymous.org\\\/resources\\\/deepening-our-recovery-resources\\\/#breadcrumb\",\"itemListElement\":[{\"@type\":\"ListItem\",\"position\":1,\"name\":\"Home\",\"item\":\"https:\\\/\\\/internetaddictsanonymous.org\\\/\"},{\"@type\":\"ListItem\",\"position\":2,\"name\":\"Resources\",\"item\":\"https:\\\/\\\/internetaddictsanonymous.org\\\/resources\\\/\"},{\"@type\":\"ListItem\",\"position\":3,\"name\":\"Deepening our recovery\"}]},{\"@type\":\"WebSite\",\"@id\":\"https:\\\/\\\/internetaddictsanonymous.org\\\/#website\",\"url\":\"https:\\\/\\\/internetaddictsanonymous.org\\\/\",\"name\":\"Internet and Technology Addicts Anonymous\",\"description\":\"Worldwide 12-step Fellowship for Internet and Technology Addiction\",\"publisher\":{\"@id\":\"https:\\\/\\\/internetaddictsanonymous.org\\\/#organization\"},\"potentialAction\":[{\"@type\":\"SearchAction\",\"target\":{\"@type\":\"EntryPoint\",\"urlTemplate\":\"https:\\\/\\\/internetaddictsanonymous.org\\\/?s={search_term_string}\"},\"query-input\":{\"@type\":\"PropertyValueSpecification\",\"valueRequired\":true,\"valueName\":\"search_term_string\"}}],\"inLanguage\":\"pl-PL\"},{\"@type\":\"Organization\",\"@id\":\"https:\\\/\\\/internetaddictsanonymous.org\\\/#organization\",\"name\":\"Internet and Technology Addicts Anonymous\",\"url\":\"https:\\\/\\\/internetaddictsanonymous.org\\\/\",\"logo\":{\"@type\":\"ImageObject\",\"inLanguage\":\"pl-PL\",\"@id\":\"https:\\\/\\\/internetaddictsanonymous.org\\\/#\\\/schema\\\/logo\\\/image\\\/\",\"url\":\"https:\\\/\\\/internetaddictsanonymous.org\\\/wp-content\\\/uploads\\\/2023\\\/01\\\/cropped-ITAA-logo-480px.png\",\"contentUrl\":\"https:\\\/\\\/internetaddictsanonymous.org\\\/wp-content\\\/uploads\\\/2023\\\/01\\\/cropped-ITAA-logo-480px.png\",\"width\":480,\"height\":480,\"caption\":\"Internet and Technology Addicts Anonymous\"},\"image\":{\"@id\":\"https:\\\/\\\/internetaddictsanonymous.org\\\/#\\\/schema\\\/logo\\\/image\\\/\"}}]}<\/script>\n<!-- \/ Yoast SEO plugin. -->","yoast_head_json":{"title":"Pog\u0142\u0119bianie naszego powrotu do zdrowia \u2013 Anonimowi Osoby Uzale\u017cnieni od Internetu i Technologii","robots":{"index":"index","follow":"follow","max-snippet":"max-snippet:-1","max-image-preview":"max-image-preview:large","max-video-preview":"max-video-preview:-1"},"canonical":"https:\/\/internetaddictsanonymous.org\/pl\/zasoby\/poglebianie-naszych-zasobow-naprawczych\/","og_locale":"pl_PL","og_type":"article","og_title":"Deepening our recovery &#8211; Internet and Technology Addicts Anonymous","og_description":"Navigating WithdrawalsA description of the withdrawals process, along with recovery stories from four members. Understanding Sobriety, Slips, and RelapsesAn overview of what sobriety means in ITAA, as well as how to prevent and grow from slips and relapses. Making Outreach CallsA guide to calling other members outside of meetings, one of the vital tools of &hellip; Continue reading Deepening our recovery","og_url":"https:\/\/internetaddictsanonymous.org\/pl\/zasoby\/poglebianie-naszych-zasobow-naprawczych\/","og_site_name":"Internet and Technology Addicts Anonymous","article_modified_time":"2024-06-03T05:33:25+00:00","twitter_card":"summary_large_image","twitter_misc":{"Szacowany czas czytania":"1 minuta"},"schema":{"@context":"https:\/\/schema.org","@graph":[{"@type":"WebPage","@id":"https:\/\/internetaddictsanonymous.org\/resources\/deepening-our-recovery-resources\/","url":"https:\/\/internetaddictsanonymous.org\/resources\/deepening-our-recovery-resources\/","name":"Pog\u0142\u0119bianie naszego powrotu do zdrowia \u2013 Anonimowi Osoby Uzale\u017cnieni od Internetu i Technologii","isPartOf":{"@id":"https:\/\/internetaddictsanonymous.org\/#website"},"datePublished":"2024-06-03T05:33:23+00:00","dateModified":"2024-06-03T05:33:25+00:00","breadcrumb":{"@id":"https:\/\/internetaddictsanonymous.org\/resources\/deepening-our-recovery-resources\/#breadcrumb"},"inLanguage":"pl-PL","potentialAction":[{"@type":"ReadAction","target":["https:\/\/internetaddictsanonymous.org\/resources\/deepening-our-recovery-resources\/"]}]},{"@type":"BreadcrumbList","@id":"https:\/\/internetaddictsanonymous.org\/resources\/deepening-our-recovery-resources\/#breadcrumb","itemListElement":[{"@type":"ListItem","position":1,"name":"Home","item":"https:\/\/internetaddictsanonymous.org\/"},{"@type":"ListItem","position":2,"name":"Resources","item":"https:\/\/internetaddictsanonymous.org\/resources\/"},{"@type":"ListItem","position":3,"name":"Deepening our recovery"}]},{"@type":"WebSite","@id":"https:\/\/internetaddictsanonymous.org\/#website","url":"https:\/\/internetaddictsanonymous.org\/","name":"Anonimowi uzale\u017cnieni od Internetu i technologii","description":"\u015awiatowa wsp\u00f3lnota 12 krok\u00f3w dla uzale\u017cnionych od Internetu i technologii","publisher":{"@id":"https:\/\/internetaddictsanonymous.org\/#organization"},"potentialAction":[{"@type":"SearchAction","target":{"@type":"EntryPoint","urlTemplate":"https:\/\/internetaddictsanonymous.org\/?s={search_term_string}"},"query-input":{"@type":"PropertyValueSpecification","valueRequired":true,"valueName":"search_term_string"}}],"inLanguage":"pl-PL"},{"@type":"Organization","@id":"https:\/\/internetaddictsanonymous.org\/#organization","name":"Anonimowi uzale\u017cnieni od Internetu i technologii","url":"https:\/\/internetaddictsanonymous.org\/","logo":{"@type":"ImageObject","inLanguage":"pl-PL","@id":"https:\/\/internetaddictsanonymous.org\/#\/schema\/logo\/image\/","url":"https:\/\/internetaddictsanonymous.org\/wp-content\/uploads\/2023\/01\/cropped-ITAA-logo-480px.png","contentUrl":"https:\/\/internetaddictsanonymous.org\/wp-content\/uploads\/2023\/01\/cropped-ITAA-logo-480px.png","width":480,"height":480,"caption":"Internet and Technology Addicts Anonymous"},"image":{"@id":"https:\/\/internetaddictsanonymous.org\/#\/schema\/logo\/image\/"}}]}},"jetpack_sharing_enabled":true,"jetpack_shortlink":"https:\/\/wp.me\/P9Fwob-4HA","_links":{"self":[{"href":"https:\/\/internetaddictsanonymous.org\/pl\/wp-json\/wp\/v2\/pages\/18078","targetHints":{"allow":["GET"]}}],"collection":[{"href":"https:\/\/internetaddictsanonymous.org\/pl\/wp-json\/wp\/v2\/pages"}],"about":[{"href":"https:\/\/internetaddictsanonymous.org\/pl\/wp-json\/wp\/v2\/types\/page"}],"author":[{"embeddable":true,"href":"https:\/\/internetaddictsanonymous.org\/pl\/wp-json\/wp\/v2\/users\/35194237"}],"replies":[{"embeddable":true,"href":"https:\/\/internetaddictsanonymous.org\/pl\/wp-json\/wp\/v2\/comments?post=18078"}],"version-history":[{"count":1,"href":"https:\/\/internetaddictsanonymous.org\/pl\/wp-json\/wp\/v2\/pages\/18078\/revisions"}],"predecessor-version":[{"id":18079,"href":"https:\/\/internetaddictsanonymous.org\/pl\/wp-json\/wp\/v2\/pages\/18078\/revisions\/18079"}],"up":[{"embeddable":true,"href":"https:\/\/internetaddictsanonymous.org\/pl\/wp-json\/wp\/v2\/pages\/42"}],"wp:attachment":[{"href":"https:\/\/internetaddictsanonymous.org\/pl\/wp-json\/wp\/v2\/media?parent=18078"}],"wp:term":[{"taxonomy":"post_tag","embeddable":true,"href":"https:\/\/internetaddictsanonymous.org\/pl\/wp-json\/wp\/v2\/tags?post=18078"}],"curies":[{"name":"wp","href":"https:\/\/api.w.org\/{rel}","templated":true}]}}