{"id":18080,"date":"2024-06-03T01:34:14","date_gmt":"2024-06-03T05:34:14","guid":{"rendered":"https:\/\/internetaddictsanonymous.org\/?page_id=18080"},"modified":"2024-06-16T20:38:00","modified_gmt":"2024-06-17T00:38:00","slug":"bedace-zasobami-uslugowymi","status":"publish","type":"page","link":"https:\/\/internetaddictsanonymous.org\/pl\/resources\/being-of-service-resources\/","title":{"rendered":"Bycie u\u017cytecznym"},"content":{"rendered":"<p><a href=\"https:\/\/internetaddictsanonymous.org\/pl\/leading-and-strengthening-meetings\/\"><strong>Jak dzia\u0142aj\u0105 spotkania<\/strong><\/a><br>Kompleksowy przewodnik po tworzeniu silnych, zdrowych i rozwijaj\u0105cych si\u0119 spotka\u0144.<\/p>\n\n\n\n<p><strong><a href=\"https:\/\/internetaddictsanonymous.org\/pl\/przewodnik-po-naukach-o-grupie\/\">Przewodnik po naukach grupowych<\/a><\/strong><br>Szczeg\u00f3\u0142owy przegl\u0105d procesu grupowego sumienia, dzi\u0119ki kt\u00f3remu podejmujemy decyzje grupowe.<\/p>\n\n\n\n<p><strong><a href=\"https:\/\/internetaddictsanonymous.org\/pl\/safety-in-itaa\/\">Bezpiecze\u0144stwo w ITAA<\/a><br><\/strong>Poradnik reagowania na niebezpieczne lub nieodpowiednie zachowanie.<\/p>\n\n\n\n<p><strong><a href=\"https:\/\/internetaddictsanonymous.org\/pl\/zasoby\/bedace-zasobami-uslugowymi\/zasady-grup-czatowych\/\">Zasady dotycz\u0105ce grup czatowych<\/a><\/strong><br>Poradnik pokazuj\u0105cy, jak zapewni\u0107, \u017ce grupy czatu ITAA b\u0119d\u0105 zdrowym narz\u0119dziem niesienia przes\u0142ania powrotu do zdrowia.<\/p>\n\n\n\n<p><strong><a href=\"https:\/\/internetaddictsanonymous.org\/pl\/gsr\/\">Przedstawiciele ds. obs\u0142ugi grup<\/a><\/strong><br>GSR reprezentuje indywidualn\u0105 grup\u0119 na naszych Mi\u0119dzynarodowych Spotkaniach S\u0142u\u017cb.<\/p>\n<!-- PMB print buttons is only displayed on a single post\/page URLs-->","protected":false},"excerpt":{"rendered":"<p>Jak dzia\u0142aj\u0105 spotkania Obszerny przewodnik po tworzeniu silnych, zdrowych i rozwijaj\u0105cych si\u0119 spotka\u0144. Przewodnik po sumieniach grupowych Szczeg\u00f3\u0142owy przegl\u0105d procesu sumienia grupowego, poprzez kt\u00f3ry podejmujemy grupowe decyzje. Bezpiecze\u0144stwo w przewodniku ITAAA dotycz\u0105cym reagowania na niebezpieczne lub niew\u0142a\u015bciwe zachowanie. Zasady dotycz\u0105ce grup czatowych Przewodnik, jak zapewni\u0107 prawid\u0142owe dzia\u0142anie grup czatowych ITAA\u2026 <a href=\"https:\/\/internetaddictsanonymous.org\/pl\/resources\/being-of-service-resources\/\" class=\"more-link\">Kontynuuj czytanie <span class=\"screen-reader-text\">Bycie u\u017cytecznym<\/span><\/a><\/p>","protected":false},"author":35194237,"featured_media":0,"parent":42,"menu_order":0,"comment_status":"closed","ping_status":"closed","template":"full-width-page.php","meta":{"inline_featured_image":false,"_lmt_disableupdate":"","_lmt_disable":"","jetpack_post_was_ever_published":false,"footnotes":""},"tags":[],"class_list":["post-18080","page","type-page","status-publish","hentry"],"yoast_head":"<!-- This site is optimized with the Yoast SEO plugin v27.1.1 - https:\/\/yoast.com\/product\/yoast-seo-wordpress\/ -->\n<title>Being of service &#8211; Internet and Technology Addicts Anonymous<\/title>\n<meta name=\"robots\" content=\"index, follow, max-snippet:-1, max-image-preview:large, max-video-preview:-1\" \/>\n<link rel=\"canonical\" href=\"https:\/\/internetaddictsanonymous.org\/pl\/zasoby\/bedace-zasobami-uslugowymi\/\" \/>\n<meta property=\"og:locale\" content=\"pl_PL\" \/>\n<meta property=\"og:type\" content=\"article\" \/>\n<meta property=\"og:title\" content=\"Being of service &#8211; Internet and Technology Addicts Anonymous\" \/>\n<meta property=\"og:description\" content=\"How Meetings WorkA comprehensive guide to creating strong, healthy, and growing meetings. A Guide to Group ConsciencesA detailed overview of the group conscience process through which we make group decisions. Safety in ITAAA guide to responding to unsafe or inappropriate behavior. Principles for chat groupsA guide for how to ensure ITAA chat groups are healthy &hellip; Continue reading Being of service\" \/>\n<meta property=\"og:url\" content=\"https:\/\/internetaddictsanonymous.org\/pl\/zasoby\/bedace-zasobami-uslugowymi\/\" \/>\n<meta property=\"og:site_name\" content=\"Internet and Technology Addicts Anonymous\" \/>\n<meta property=\"article:modified_time\" content=\"2024-06-17T00:38:00+00:00\" \/>\n<meta name=\"twitter:card\" content=\"summary_large_image\" \/>\n<meta name=\"twitter:label1\" content=\"Szacowany czas czytania\" \/>\n\t<meta name=\"twitter:data1\" content=\"1 minuta\" \/>\n<script type=\"application\/ld+json\" class=\"yoast-schema-graph\">{\"@context\":\"https:\/\/schema.org\",\"@graph\":[{\"@type\":\"WebPage\",\"@id\":\"https:\/\/internetaddictsanonymous.org\/resources\/being-of-service-resources\/\",\"url\":\"https:\/\/internetaddictsanonymous.org\/resources\/being-of-service-resources\/\",\"name\":\"Being of service &#8211; Internet and Technology Addicts Anonymous\",\"isPartOf\":{\"@id\":\"https:\/\/internetaddictsanonymous.org\/#website\"},\"datePublished\":\"2024-06-03T05:34:14+00:00\",\"dateModified\":\"2024-06-17T00:38:00+00:00\",\"breadcrumb\":{\"@id\":\"https:\/\/internetaddictsanonymous.org\/resources\/being-of-service-resources\/#breadcrumb\"},\"inLanguage\":\"pl-PL\",\"potentialAction\":[{\"@type\":\"ReadAction\",\"target\":[\"https:\/\/internetaddictsanonymous.org\/resources\/being-of-service-resources\/\"]}]},{\"@type\":\"BreadcrumbList\",\"@id\":\"https:\/\/internetaddictsanonymous.org\/resources\/being-of-service-resources\/#breadcrumb\",\"itemListElement\":[{\"@type\":\"ListItem\",\"position\":1,\"name\":\"Home\",\"item\":\"https:\/\/internetaddictsanonymous.org\/\"},{\"@type\":\"ListItem\",\"position\":2,\"name\":\"Resources\",\"item\":\"https:\/\/internetaddictsanonymous.org\/resources\/\"},{\"@type\":\"ListItem\",\"position\":3,\"name\":\"Being of service\"}]},{\"@type\":\"WebSite\",\"@id\":\"https:\/\/internetaddictsanonymous.org\/#website\",\"url\":\"https:\/\/internetaddictsanonymous.org\/\",\"name\":\"Internet and Technology Addicts Anonymous\",\"description\":\"Worldwide 12-step Fellowship for Internet and Technology Addiction\",\"publisher\":{\"@id\":\"https:\/\/internetaddictsanonymous.org\/#organization\"},\"potentialAction\":[{\"@type\":\"SearchAction\",\"target\":{\"@type\":\"EntryPoint\",\"urlTemplate\":\"https:\/\/internetaddictsanonymous.org\/?s={search_term_string}\"},\"query-input\":{\"@type\":\"PropertyValueSpecification\",\"valueRequired\":true,\"valueName\":\"search_term_string\"}}],\"inLanguage\":\"pl-PL\"},{\"@type\":\"Organization\",\"@id\":\"https:\/\/internetaddictsanonymous.org\/#organization\",\"name\":\"Internet and Technology Addicts Anonymous\",\"url\":\"https:\/\/internetaddictsanonymous.org\/\",\"logo\":{\"@type\":\"ImageObject\",\"inLanguage\":\"pl-PL\",\"@id\":\"https:\/\/internetaddictsanonymous.org\/#\/schema\/logo\/image\/\",\"url\":\"https:\/\/internetaddictsanonymous.org\/wp-content\/uploads\/2023\/01\/cropped-ITAA-logo-480px.png\",\"contentUrl\":\"https:\/\/internetaddictsanonymous.org\/wp-content\/uploads\/2023\/01\/cropped-ITAA-logo-480px.png\",\"width\":480,\"height\":480,\"caption\":\"Internet and Technology Addicts Anonymous\"},\"image\":{\"@id\":\"https:\/\/internetaddictsanonymous.org\/#\/schema\/logo\/image\/\"}}]}<\/script>\n<!-- \/ Yoast SEO plugin. -->","yoast_head_json":{"title":"Bycie w s\u0142u\u017cbie \u2013 Anonimowi uzale\u017cnieni od Internetu i technologii","robots":{"index":"index","follow":"follow","max-snippet":"max-snippet:-1","max-image-preview":"max-image-preview:large","max-video-preview":"max-video-preview:-1"},"canonical":"https:\/\/internetaddictsanonymous.org\/pl\/zasoby\/bedace-zasobami-uslugowymi\/","og_locale":"pl_PL","og_type":"article","og_title":"Being of service &#8211; Internet and Technology Addicts Anonymous","og_description":"How Meetings WorkA comprehensive guide to creating strong, healthy, and growing meetings. A Guide to Group ConsciencesA detailed overview of the group conscience process through which we make group decisions. Safety in ITAAA guide to responding to unsafe or inappropriate behavior. Principles for chat groupsA guide for how to ensure ITAA chat groups are healthy &hellip; Continue reading Being of service","og_url":"https:\/\/internetaddictsanonymous.org\/pl\/zasoby\/bedace-zasobami-uslugowymi\/","og_site_name":"Internet and Technology Addicts Anonymous","article_modified_time":"2024-06-17T00:38:00+00:00","twitter_card":"summary_large_image","twitter_misc":{"Szacowany czas czytania":"1 minuta"},"schema":{"@context":"https:\/\/schema.org","@graph":[{"@type":"WebPage","@id":"https:\/\/internetaddictsanonymous.org\/resources\/being-of-service-resources\/","url":"https:\/\/internetaddictsanonymous.org\/resources\/being-of-service-resources\/","name":"Bycie w s\u0142u\u017cbie \u2013 Anonimowi uzale\u017cnieni od Internetu i technologii","isPartOf":{"@id":"https:\/\/internetaddictsanonymous.org\/#website"},"datePublished":"2024-06-03T05:34:14+00:00","dateModified":"2024-06-17T00:38:00+00:00","breadcrumb":{"@id":"https:\/\/internetaddictsanonymous.org\/resources\/being-of-service-resources\/#breadcrumb"},"inLanguage":"pl-PL","potentialAction":[{"@type":"ReadAction","target":["https:\/\/internetaddictsanonymous.org\/resources\/being-of-service-resources\/"]}]},{"@type":"BreadcrumbList","@id":"https:\/\/internetaddictsanonymous.org\/resources\/being-of-service-resources\/#breadcrumb","itemListElement":[{"@type":"ListItem","position":1,"name":"Home","item":"https:\/\/internetaddictsanonymous.org\/"},{"@type":"ListItem","position":2,"name":"Resources","item":"https:\/\/internetaddictsanonymous.org\/resources\/"},{"@type":"ListItem","position":3,"name":"Being of service"}]},{"@type":"WebSite","@id":"https:\/\/internetaddictsanonymous.org\/#website","url":"https:\/\/internetaddictsanonymous.org\/","name":"Anonimowi uzale\u017cnieni od Internetu i technologii","description":"\u015awiatowa wsp\u00f3lnota 12 krok\u00f3w dla uzale\u017cnionych od Internetu i technologii","publisher":{"@id":"https:\/\/internetaddictsanonymous.org\/#organization"},"potentialAction":[{"@type":"SearchAction","target":{"@type":"EntryPoint","urlTemplate":"https:\/\/internetaddictsanonymous.org\/?s={search_term_string}"},"query-input":{"@type":"PropertyValueSpecification","valueRequired":true,"valueName":"search_term_string"}}],"inLanguage":"pl-PL"},{"@type":"Organization","@id":"https:\/\/internetaddictsanonymous.org\/#organization","name":"Anonimowi uzale\u017cnieni od Internetu i technologii","url":"https:\/\/internetaddictsanonymous.org\/","logo":{"@type":"ImageObject","inLanguage":"pl-PL","@id":"https:\/\/internetaddictsanonymous.org\/#\/schema\/logo\/image\/","url":"https:\/\/internetaddictsanonymous.org\/wp-content\/uploads\/2023\/01\/cropped-ITAA-logo-480px.png","contentUrl":"https:\/\/internetaddictsanonymous.org\/wp-content\/uploads\/2023\/01\/cropped-ITAA-logo-480px.png","width":480,"height":480,"caption":"Internet and Technology Addicts Anonymous"},"image":{"@id":"https:\/\/internetaddictsanonymous.org\/#\/schema\/logo\/image\/"}}]}},"jetpack_sharing_enabled":true,"jetpack_shortlink":"https:\/\/wp.me\/P9Fwob-4HC","_links":{"self":[{"href":"https:\/\/internetaddictsanonymous.org\/pl\/wp-json\/wp\/v2\/pages\/18080","targetHints":{"allow":["GET"]}}],"collection":[{"href":"https:\/\/internetaddictsanonymous.org\/pl\/wp-json\/wp\/v2\/pages"}],"about":[{"href":"https:\/\/internetaddictsanonymous.org\/pl\/wp-json\/wp\/v2\/types\/page"}],"author":[{"embeddable":true,"href":"https:\/\/internetaddictsanonymous.org\/pl\/wp-json\/wp\/v2\/users\/35194237"}],"replies":[{"embeddable":true,"href":"https:\/\/internetaddictsanonymous.org\/pl\/wp-json\/wp\/v2\/comments?post=18080"}],"version-history":[{"count":2,"href":"https:\/\/internetaddictsanonymous.org\/pl\/wp-json\/wp\/v2\/pages\/18080\/revisions"}],"predecessor-version":[{"id":18153,"href":"https:\/\/internetaddictsanonymous.org\/pl\/wp-json\/wp\/v2\/pages\/18080\/revisions\/18153"}],"up":[{"embeddable":true,"href":"https:\/\/internetaddictsanonymous.org\/pl\/wp-json\/wp\/v2\/pages\/42"}],"wp:attachment":[{"href":"https:\/\/internetaddictsanonymous.org\/pl\/wp-json\/wp\/v2\/media?parent=18080"}],"wp:term":[{"taxonomy":"post_tag","embeddable":true,"href":"https:\/\/internetaddictsanonymous.org\/pl\/wp-json\/wp\/v2\/tags?post=18080"}],"curies":[{"name":"wp","href":"https:\/\/api.w.org\/{rel}","templated":true}]}}