{"id":18148,"date":"2024-06-16T20:35:42","date_gmt":"2024-06-17T00:35:42","guid":{"rendered":"https:\/\/internetaddictsanonymous.org\/?page_id=18148"},"modified":"2024-07-28T14:35:31","modified_gmt":"2024-07-28T18:35:31","slug":"zasady-grup-czatowych","status":"publish","type":"page","link":"https:\/\/internetaddictsanonymous.org\/pl\/resources\/being-of-service-resources\/principles-for-chat-groups\/","title":{"rendered":"Zasady grup czatowych ITAA"},"content":{"rendered":"<p>Jako uzale\u017cnieni od Internetu musimy szczeg\u00f3lnie uwa\u017ca\u0107, w jaki spos\u00f3b wykorzystujemy technologi\u0119 do wspierania naszego powrotu do zdrowia i naszych spotka\u0144. Na przyk\u0142ad Zoom i nasza strona internetowa okaza\u0142y si\u0119 niezb\u0119dnymi narz\u0119dziami pomagaj\u0105cymi naszej wsp\u00f3lnocie dotrze\u0107 do os\u00f3b uzale\u017cnionych, kt\u00f3re nie maj\u0105 dost\u0119pu do osobistych spotka\u0144. Tymczasem na inne technologie \u2013 platformy do przesy\u0142ania strumieniowego, kana\u0142y medi\u00f3w spo\u0142eczno\u015bciowych, aplikacje randkowe, gry wideo \u2013 najwyra\u017aniej nie ma miejsca w naszej wsp\u00f3lnocie. Grupy czatu mog\u0105 plasowa\u0107 si\u0119 gdzie\u015b pomi\u0119dzy: mog\u0105 by\u0107 przydatne do utrzymywania koordynacji poza spotkaniami, ale mog\u0105 r\u00f3wnie\u017c sprzyja\u0107 niezdrowym sk\u0142onno\u015bciom do uzale\u017cnie\u0144. Celem tego dokumentu jest zasugerowanie zasad, kt\u00f3re pomog\u0105 grupom czatowym ITAA zapewni\u0107, \u017ce s\u0142u\u017c\u0105 naszemu g\u0142\u00f3wnemu celowi: niesieniu przes\u0142ania kompulsywnemu u\u017cytkownikowi Internetu i technologii, kt\u00f3ry wci\u0105\u017c cierpi.<\/p>\n\n\n\n<p>Og\u00f3lnie rzecz bior\u0105c, zalecamy, aby grupy czatowe ITAA przestrzega\u0142y nast\u0119puj\u0105cych zasad:<\/p>\n\n\n\n<ol class=\"wp-block-list\">\n<li><strong>Kieruj\u0105c si\u0119 Dwunastoma Tradycjami: <\/strong>Grupy czatu cz\u0119sto dobrze funkcjonuj\u0105, je\u015bli s\u0105 powi\u0105zane z indywidualnym spotkaniem ITAA, kt\u00f3re zarz\u0105dza czatem z korzy\u015bci\u0105 dla swoich cz\u0142onk\u00f3w i mo\u017ce omawia\u0107 tematy zwi\u0105zane z grupami czatu wed\u0142ug w\u0142asnego sumienia. Je\u015bli nasza grupa na czacie nie jest powi\u0105zana z konkretnym spotkaniem ITAA, mo\u017cemy regularnie przeprowadza\u0107 grupowe sumienie (najlepiej podczas dyskusji na \u017cywo osobi\u015bcie lub na Zoomie), wybiera\u0107 zaufanych pracownik\u00f3w i \u0107wiczy\u0107 <a href=\"https:\/\/internetaddictsanonymous.org\/pl\/12-krokow-doitaa\/\">Dwunastu Tradycji<\/a>tak jak ka\u017cde inne spotkanie. W przeciwnym razie zach\u0119camy do pozostania w grupie czatu <em>nieformalny<\/em>, co oznacza, \u017ce nie u\u017cywa nazwy ani logo ITAA, a cz\u0142onkowie nie powinni promowa\u0107 jej w\u015br\u00f3d nowicjuszy i innych cz\u0142onk\u00f3w ITAA.<br><\/li>\n\n\n\n<li><strong>Jasny cel: <\/strong>Grupy czatu ITAA mog\u0105 odnie\u015b\u0107 korzy\u015b\u0107 dzi\u0119ki jasnemu celowi, kt\u00f3ry jest zgodny z g\u0142\u00f3wnym celem naszej wsp\u00f3lnoty: <em>nie\u015b\u0107 przes\u0142anie kompulsywnemu u\u017cytkownikowi Internetu i technologii, kt\u00f3ry wci\u0105\u017c cierpi<\/em>. Przyk\u0142adowe cele mog\u0105 obejmowa\u0107 koordynowanie zaufanych pracownik\u00f3w na spotkanie lub wykonywanie po\u0142\u0105cze\u0144 telefonicznych. Oficjalne grupy czatowe ITAA s\u0105 mniej odpowiednie jako fora do nieustrukturyzowanego dzielenia si\u0119, wzajemnych rozm\u00f3w lub nieformalnych dyskusji, kt\u00f3re mog\u0105 sta\u0107 si\u0119 narz\u0119dziem do kompulsywnego publikowania, sprawdzania powiadomie\u0144, powi\u0105za\u0144 paraspo\u0142ecznych i konflikt\u00f3w interpersonalnych. Podczas gdy ka\u017cda grupa jest zach\u0119cana do samodzielnego okre\u015blenia konkretnego celu swojego czatu, jako osoby uzale\u017cnione od Internetu i technologii dobrze jest zachowa\u0107 ostro\u017cno\u015b\u0107 podczas korzystania z platformy medi\u00f3w spo\u0142eczno\u015bciowych do przekazywania wiadomo\u015bci nowym osobom. Mo\u017cemy pami\u0119ta\u0107, \u017ce osoby uzale\u017cnione w spo\u0142eczno\u015bciach Dwunastu Krok\u00f3w odwykowych trze\u017awiej\u0105 bez grup czatowych od prawie 100 lat. Wraz z rosn\u0105c\u0105 liczb\u0105 spotka\u0144 twarz\u0105 w twarz, setkami spotka\u0144 online i tysi\u0105cami cz\u0142onk\u00f3w dost\u0119pnych do rozm\u00f3w telefonicznych, istnieje wiele sprawdzonych medi\u00f3w poza czatem dla uzale\u017cnionych od Internetu i technologii, kt\u00f3rzy szukaj\u0105 sposobu na dzielenie si\u0119.<br><\/li>\n\n\n\n<li><strong>Jasno okre\u015blone granice i uprawnienia administratora:<\/strong> Nasze grupy czatu korzystaj\u0105 z pisemnych granic okre\u015blaj\u0105cych cel grupy i szczeg\u00f3\u0142owych wytycznych dotycz\u0105cych publikowania, a my przekazujemy te wytyczne nowym u\u017cytkownikom. Przyk\u0142ad takich granic mo\u017cna znale\u017a\u0107 na dole tej strony. Wybieramy zaufanych pracownik\u00f3w z okre\u015blonymi terminami, kt\u00f3rzy stosuj\u0105 rotacj\u0119 us\u0142ug i kt\u00f3rzy mog\u0105 podejmowa\u0107 dzia\u0142ania w celu utrzymania granic. Mo\u017ce okaza\u0107 si\u0119 korzystne przyj\u0119cie polityki trzech ostrze\u017ce\u0144 za regularne naruszenia (posty poza granicami grupy, raporty o niechcianym flircie itp.), po czym cz\u0142onek mo\u017ce zosta\u0107 usuni\u0119ty na okres 3-6 miesi\u0119cy przed zaproszenia do ponownego przy\u0142\u0105czenia si\u0119, je\u015bli chc\u0105 szanowa\u0107 granice grupy. W przypadku powa\u017cnych wykrocze\u0144 (brutalne obelgi, wiadomo\u015bci lub obrazy o charakterze seksualnym itp.) cz\u0142onek mo\u017ce zosta\u0107 natychmiastowo tymczasowo usuni\u0119ty, dop\u00f3ki sumienie grupy nie ustali, jak d\u0142ugo powinno trwa\u0107 usuni\u0119cie, zazwyczaj od 6 miesi\u0119cy do czasu nieokre\u015blonego. Decyzj\u0119 o usuni\u0119ciu cz\u0142onka z grupy, nawet na ograniczony okres czasu, nale\u017cy traktowa\u0107 bardzo powa\u017cnie, a ka\u017cde usuni\u0119cie powinno by\u0107 zawsze om\u00f3wione w sumieniu grupy (najlepiej wcze\u015bniej). Dalsze sugestie dotycz\u0105ce radzenia sobie z trudnymi zachowaniami mo\u017cna znale\u017a\u0107 w naszym poradniku <a href=\"https:\/\/internetaddictsanonymous.org\/pl\/safety-in-itaa\/\">Przewodnik po bezpiecze\u0144stwie w ITAA<\/a>.<br><\/li>\n\n\n\n<li><strong>Grupy czatu nie powinny by\u0107 pierwszym punktem kontaktu:<\/strong> Podczas niekt\u00f3rych spotka\u0144 pr\u00f3bowano opublikowa\u0107 link do swojej grupy czatu w Internecie, aby u\u0142atwi\u0107 nowym uczestnikom zadawanie pyta\u0144 na temat spotkania. Cz\u0119sto odkrywali\u015bmy, \u017ce nowicjusze, kt\u00f3rzy nigdy nie byli na mityngu ani nie rozmawiali z innym cz\u0142onkiem, mog\u0105 nie mie\u0107 \u015bwiadomo\u015bci lub trze\u017awo\u015bci, aby utrzyma\u0107 bezpieczne granice w grupie lub w stosunku do innych cz\u0142onk\u00f3w. Ponadto publiczne opublikowanie linku do naszej grupy czatu nara\u017ca nas na ataki spamer\u00f3w i trolli. Zach\u0119camy do podawania kontaktowych adres\u00f3w e-mail i numer\u00f3w telefon\u00f3w nowicjuszom, kt\u00f3rzy s\u0105 zainteresowani uczestnictwem, a nie link\u00f3w do grup czatowych. Je\u015bli nieznany cz\u0142onek prosi o do\u0142\u0105czenie do grupy czatu, nale\u017cy najpierw zada\u0107 kilka pyta\u0144 na temat tego, sk\u0105d dowiedzia\u0142 si\u0119 o grupie czatu, aby odfiltrowa\u0107 z\u0142ych aktor\u00f3w.<\/li>\n<\/ol>\n\n\n\n<p>Zasadniczo zasady te zalecaj\u0105, aby grupy czatu by\u0142y dobrze zorganizowane, mia\u0142y ograniczony zakres i kierowa\u0142y si\u0119 naszymi Dwunastoma Tradycjami. S\u0105 to jedynie zalecenia i ufamy cz\u0142onkom i grupom, \u017ce odkryj\u0105 w\u0142asn\u0105 \u015bcie\u017ck\u0119 naprz\u00f3d poprzez proces sumienia grupy. Mamy nadziej\u0119, \u017ce jako wsp\u00f3lnota te zasady mog\u0105 poprowadzi\u0107 nas do relacji z grupami czatowymi, kt\u00f3re pomog\u0105 wi\u0119kszej liczbie uzale\u017cnionych na ca\u0142ym \u015bwiecie znale\u017a\u0107 stabiln\u0105, bezpieczn\u0105 i bezpieczn\u0105 spo\u0142eczno\u015b\u0107, w kt\u00f3rej b\u0119d\u0105 mogli doj\u015b\u0107 do siebie.<\/p>\n\n\n\n<h2 class=\"wp-block-heading\"><strong>Przyk\u0142adowy opis i granice grupy czatu:<\/strong><\/h2>\n\n\n\n<p>Celem tego czatu jest u\u0142atwienie rozm\u00f3w informacyjnych pomi\u0119dzy cz\u0142onkami grupy {Meeting name} ITAA. Mo\u017cesz opublikowa\u0107 post na czacie, je\u015bli potrzebujesz rozmowy telefonicznej, a inny cz\u0142onek odpowie na Twoj\u0105 wiadomo\u015b\u0107, je\u015bli b\u0119dzie dost\u0119pny, i nast\u0119pnie zadzwoni do Ciebie. Nale\u017cy pami\u0119ta\u0107 o nast\u0119puj\u0105cych granicach:<\/p>\n\n\n\n<ul class=\"wp-block-list\">\n<li>Udost\u0119pniaj t\u0119 grup\u0119 tylko innym cz\u0142onkom ITAA.<\/li>\n\n\n\n<li>Celem tej grupy jest wy\u0142\u0105cznie \u017c\u0105danie po\u0142\u0105cze\u0144 telefonicznych od innych cz\u0142onk\u00f3w. Trzymaj si\u0119 tematu i unikaj dzielenia si\u0119 nieistotnymi wiadomo\u015bciami. Je\u015bli chcesz si\u0119 podzieli\u0107, zadzwo\u0144 do cz\u0142onka lub we\u017a udzia\u0142 w spotkaniu.<\/li>\n\n\n\n<li>Dbaj o anonimowo\u015b\u0107 innych cz\u0142onk\u00f3w. Nigdy nie udost\u0119pniaj imienia i nazwiska, numeru telefonu ani to\u017csamo\u015bci innego cz\u0142onka bez jego zgody.&nbsp;<\/li>\n\n\n\n<li>Powstrzymaj si\u0119 od publikowania link\u00f3w, film\u00f3w, mem\u00f3w, gif\u00f3w i innych tre\u015bci zewn\u0119trznych.<\/li>\n\n\n\n<li>Unikaj promowania jakichkolwiek profesjonalnych us\u0142ug oferowanych przez Ciebie lub inne osoby.<\/li>\n\n\n\n<li>Unikaj spamowania, dumpingu i tyrad. Pomy\u015bl zanim opublikujesz post i unikaj pochopnych odpowiedzi. Pami\u0119taj, \u017ce jeste\u015bmy uzale\u017cnieni od Internetu i \u017ce Twoje wiadomo\u015bci wp\u0142ywaj\u0105 na zdrowie psychiczne wszystkich pozosta\u0142ych uczestnik\u00f3w.<\/li>\n\n\n\n<li>Nigdy nie wykorzystuj grupy do krytykowania kogo\u015b lub wyra\u017cania \u017calu. Zwracaj si\u0119 do odpowiedniej osoby prywatnie, z szacunkiem, najlepiej po sporz\u0105dzeniu spisu inwentarza i rozmowie ze sponsorem.<\/li>\n\n\n\n<li>To nie jest miejsce na poznawanie partner\u00f3w randkowych. Unikaj wszelkiego rodzaju flirtu, w tym nieproszonych o komplementy, ostrych \u017cart\u00f3w lub pr\u00f3b nawi\u0105zania kontaktu z cz\u0142onkiem, kt\u00f3ry o\u015bwiadczy\u0142, \u017ce jest niedost\u0119pny.<\/li>\n<\/ul>\n\n\n\n<p>Stosujemy zasad\u0119 3 ostrze\u017ce\u0144, co oznacza, \u017ce je\u015bli z\u0142amiesz te granice 3 razy, administrator mo\u017ce Ci\u0119 usun\u0105\u0107 na okres 3-6 miesi\u0119cy. Natomiast podstaw\u0105 do natychmiastowego i potencjalnie trwa\u0142ego usuni\u0119cia s\u0105 nast\u0119puj\u0105ce zachowania:<\/p>\n\n\n\n<ul class=\"wp-block-list\">\n<li>Brutalne lub agresywne zachowanie, w tym wyzwiska, obelgi, poni\u017canie, drwiny lub gro\u017aby.&nbsp;<\/li>\n\n\n\n<li>Zachowania o charakterze seksualnym, w tym kierowanie komentarzy lub pr\u00f3\u015bb o charakterze seksualnym do innych cz\u0142onk\u00f3w lub wysy\u0142anie tre\u015bci o charakterze seksualnym.<\/li>\n\n\n\n<li>Wszelkiego rodzaju dyskryminacja, w tym ze wzgl\u0119du na ras\u0119, p\u0142e\u0107, to\u017csamo\u015b\u0107 p\u0142ciow\u0105, wyznanie, religi\u0119, orientacj\u0119 seksualn\u0105, budow\u0119 cia\u0142a, niepe\u0142nosprawno\u015b\u0107 lub r\u00f3\u017cnorodno\u015b\u0107 neurologiczn\u0105.<\/li>\n\n\n\n<li>N\u0119kanie, prze\u015bladowanie lub inne zachowanie przest\u0119pcze.<\/li>\n<\/ul>\n\n\n\n<p>Czat ten jest zgodny z Dwunastoma Tradycjami i podlega zbiorowemu sumieniu naszego spotkania, kt\u00f3re odbywa si\u0119 podczas pierwszego spotkania ka\u017cdego miesi\u0105ca o godzinie 13:00 czasu lokalnego.<\/p>\n<!-- PMB print buttons is only displayed on a single post\/page URLs-->","protected":false},"excerpt":{"rendered":"<p>Jako uzale\u017cnieni od Internetu musimy szczeg\u00f3lnie uwa\u017ca\u0107, w jaki spos\u00f3b wykorzystujemy technologi\u0119 do wspierania naszego powrotu do zdrowia i naszych spotka\u0144. Na przyk\u0142ad Zoom i nasza strona internetowa okaza\u0142y si\u0119 niezb\u0119dnymi narz\u0119dziami pomagaj\u0105cymi naszej wsp\u00f3lnocie dotrze\u0107 do os\u00f3b uzale\u017cnionych, kt\u00f3re nie maj\u0105 dost\u0119pu do osobistych spotka\u0144. Tymczasem inne technologie \u2013 platformy do przesy\u0142ania strumieniowego, kana\u0142y medi\u00f3w spo\u0142eczno\u015bciowych, aplikacje randkowe, gry wideo \u2013 najwyra\u017aniej nie maj\u0105\u2026 <a href=\"https:\/\/internetaddictsanonymous.org\/pl\/resources\/being-of-service-resources\/principles-for-chat-groups\/\" class=\"more-link\">Kontynuuj czytanie <span class=\"screen-reader-text\">Zasady grup czatowych ITAA<\/span><\/a><\/p>","protected":false},"author":35194237,"featured_media":0,"parent":18080,"menu_order":0,"comment_status":"closed","ping_status":"closed","template":"full-width-page.php","meta":{"inline_featured_image":false,"_lmt_disableupdate":"","_lmt_disable":"","footnotes":""},"tags":[],"class_list":["post-18148","page","type-page","status-publish","hentry"],"yoast_head":"<!-- This site is optimized with the Yoast SEO plugin v27.4 - https:\/\/yoast.com\/product\/yoast-seo-wordpress\/ -->\n<title>Principles for ITAA chat groups &#8211; Internet and Technology Addicts Anonymous<\/title>\n<meta name=\"robots\" content=\"index, follow, max-snippet:-1, max-image-preview:large, max-video-preview:-1\" \/>\n<link rel=\"canonical\" href=\"https:\/\/internetaddictsanonymous.org\/pl\/zasoby\/bedace-zasobami-uslugowymi\/zasady-grup-czatowych\/\" \/>\n<meta property=\"og:locale\" content=\"pl_PL\" \/>\n<meta property=\"og:type\" content=\"article\" \/>\n<meta property=\"og:title\" content=\"Principles for ITAA chat groups &#8211; Internet and Technology Addicts Anonymous\" \/>\n<meta property=\"og:description\" content=\"As internet addicts, we need take special care how we use technology to support our recoveries and our meetings. For example, Zoom and our website have been essential tools to help our fellowship reach addicts who don\u2019t have access to in-person meetings. Meanwhile, other technologies\u2014streaming platforms, social media feeds, dating apps, video games\u2014clearly have no &hellip; Continue reading Principles for ITAA chat groups\" \/>\n<meta property=\"og:url\" content=\"https:\/\/internetaddictsanonymous.org\/pl\/zasoby\/bedace-zasobami-uslugowymi\/zasady-grup-czatowych\/\" \/>\n<meta property=\"og:site_name\" content=\"Internet and Technology Addicts Anonymous\" \/>\n<meta property=\"article:modified_time\" content=\"2024-07-28T18:35:31+00:00\" \/>\n<meta name=\"twitter:card\" content=\"summary_large_image\" \/>\n<meta name=\"twitter:label1\" content=\"Szacowany czas czytania\" \/>\n\t<meta name=\"twitter:data1\" content=\"6 minut\" \/>\n<script type=\"application\/ld+json\" class=\"yoast-schema-graph\">{\"@context\":\"https:\\\/\\\/schema.org\",\"@graph\":[{\"@type\":\"WebPage\",\"@id\":\"https:\\\/\\\/internetaddictsanonymous.org\\\/resources\\\/being-of-service-resources\\\/principles-for-chat-groups\\\/\",\"url\":\"https:\\\/\\\/internetaddictsanonymous.org\\\/resources\\\/being-of-service-resources\\\/principles-for-chat-groups\\\/\",\"name\":\"Principles for ITAA chat groups &#8211; Internet and Technology Addicts Anonymous\",\"isPartOf\":{\"@id\":\"https:\\\/\\\/internetaddictsanonymous.org\\\/#website\"},\"datePublished\":\"2024-06-17T00:35:42+00:00\",\"dateModified\":\"2024-07-28T18:35:31+00:00\",\"breadcrumb\":{\"@id\":\"https:\\\/\\\/internetaddictsanonymous.org\\\/resources\\\/being-of-service-resources\\\/principles-for-chat-groups\\\/#breadcrumb\"},\"inLanguage\":\"pl-PL\",\"potentialAction\":[{\"@type\":\"ReadAction\",\"target\":[\"https:\\\/\\\/internetaddictsanonymous.org\\\/resources\\\/being-of-service-resources\\\/principles-for-chat-groups\\\/\"]}]},{\"@type\":\"BreadcrumbList\",\"@id\":\"https:\\\/\\\/internetaddictsanonymous.org\\\/resources\\\/being-of-service-resources\\\/principles-for-chat-groups\\\/#breadcrumb\",\"itemListElement\":[{\"@type\":\"ListItem\",\"position\":1,\"name\":\"Home\",\"item\":\"https:\\\/\\\/internetaddictsanonymous.org\\\/\"},{\"@type\":\"ListItem\",\"position\":2,\"name\":\"Resources\",\"item\":\"https:\\\/\\\/internetaddictsanonymous.org\\\/resources\\\/\"},{\"@type\":\"ListItem\",\"position\":3,\"name\":\"Being of service\",\"item\":\"https:\\\/\\\/internetaddictsanonymous.org\\\/resources\\\/being-of-service-resources\\\/\"},{\"@type\":\"ListItem\",\"position\":4,\"name\":\"Principles for ITAA chat groups\"}]},{\"@type\":\"WebSite\",\"@id\":\"https:\\\/\\\/internetaddictsanonymous.org\\\/#website\",\"url\":\"https:\\\/\\\/internetaddictsanonymous.org\\\/\",\"name\":\"Internet and Technology Addicts Anonymous\",\"description\":\"Worldwide 12-step Fellowship for Internet and Technology Addiction\",\"publisher\":{\"@id\":\"https:\\\/\\\/internetaddictsanonymous.org\\\/#organization\"},\"potentialAction\":[{\"@type\":\"SearchAction\",\"target\":{\"@type\":\"EntryPoint\",\"urlTemplate\":\"https:\\\/\\\/internetaddictsanonymous.org\\\/?s={search_term_string}\"},\"query-input\":{\"@type\":\"PropertyValueSpecification\",\"valueRequired\":true,\"valueName\":\"search_term_string\"}}],\"inLanguage\":\"pl-PL\"},{\"@type\":\"Organization\",\"@id\":\"https:\\\/\\\/internetaddictsanonymous.org\\\/#organization\",\"name\":\"Internet and Technology Addicts Anonymous\",\"url\":\"https:\\\/\\\/internetaddictsanonymous.org\\\/\",\"logo\":{\"@type\":\"ImageObject\",\"inLanguage\":\"pl-PL\",\"@id\":\"https:\\\/\\\/internetaddictsanonymous.org\\\/#\\\/schema\\\/logo\\\/image\\\/\",\"url\":\"https:\\\/\\\/internetaddictsanonymous.org\\\/wp-content\\\/uploads\\\/2023\\\/01\\\/cropped-ITAA-logo-480px.png\",\"contentUrl\":\"https:\\\/\\\/internetaddictsanonymous.org\\\/wp-content\\\/uploads\\\/2023\\\/01\\\/cropped-ITAA-logo-480px.png\",\"width\":480,\"height\":480,\"caption\":\"Internet and Technology Addicts Anonymous\"},\"image\":{\"@id\":\"https:\\\/\\\/internetaddictsanonymous.org\\\/#\\\/schema\\\/logo\\\/image\\\/\"}}]}<\/script>\n<!-- \/ Yoast SEO plugin. -->","yoast_head_json":{"title":"Zasady grup czatowych ITAA \u2013 Anonimowi Osoby Uzale\u017cnieni od Internetu i Technologii","robots":{"index":"index","follow":"follow","max-snippet":"max-snippet:-1","max-image-preview":"max-image-preview:large","max-video-preview":"max-video-preview:-1"},"canonical":"https:\/\/internetaddictsanonymous.org\/pl\/zasoby\/bedace-zasobami-uslugowymi\/zasady-grup-czatowych\/","og_locale":"pl_PL","og_type":"article","og_title":"Principles for ITAA chat groups &#8211; Internet and Technology Addicts Anonymous","og_description":"As internet addicts, we need take special care how we use technology to support our recoveries and our meetings. For example, Zoom and our website have been essential tools to help our fellowship reach addicts who don\u2019t have access to in-person meetings. Meanwhile, other technologies\u2014streaming platforms, social media feeds, dating apps, video games\u2014clearly have no &hellip; Continue reading Principles for ITAA chat groups","og_url":"https:\/\/internetaddictsanonymous.org\/pl\/zasoby\/bedace-zasobami-uslugowymi\/zasady-grup-czatowych\/","og_site_name":"Internet and Technology Addicts Anonymous","article_modified_time":"2024-07-28T18:35:31+00:00","twitter_card":"summary_large_image","twitter_misc":{"Szacowany czas czytania":"6 minut"},"schema":{"@context":"https:\/\/schema.org","@graph":[{"@type":"WebPage","@id":"https:\/\/internetaddictsanonymous.org\/resources\/being-of-service-resources\/principles-for-chat-groups\/","url":"https:\/\/internetaddictsanonymous.org\/resources\/being-of-service-resources\/principles-for-chat-groups\/","name":"Zasady grup czatowych ITAA \u2013 Anonimowi Osoby Uzale\u017cnieni od Internetu i Technologii","isPartOf":{"@id":"https:\/\/internetaddictsanonymous.org\/#website"},"datePublished":"2024-06-17T00:35:42+00:00","dateModified":"2024-07-28T18:35:31+00:00","breadcrumb":{"@id":"https:\/\/internetaddictsanonymous.org\/resources\/being-of-service-resources\/principles-for-chat-groups\/#breadcrumb"},"inLanguage":"pl-PL","potentialAction":[{"@type":"ReadAction","target":["https:\/\/internetaddictsanonymous.org\/resources\/being-of-service-resources\/principles-for-chat-groups\/"]}]},{"@type":"BreadcrumbList","@id":"https:\/\/internetaddictsanonymous.org\/resources\/being-of-service-resources\/principles-for-chat-groups\/#breadcrumb","itemListElement":[{"@type":"ListItem","position":1,"name":"Home","item":"https:\/\/internetaddictsanonymous.org\/"},{"@type":"ListItem","position":2,"name":"Resources","item":"https:\/\/internetaddictsanonymous.org\/resources\/"},{"@type":"ListItem","position":3,"name":"Being of service","item":"https:\/\/internetaddictsanonymous.org\/resources\/being-of-service-resources\/"},{"@type":"ListItem","position":4,"name":"Principles for ITAA chat groups"}]},{"@type":"WebSite","@id":"https:\/\/internetaddictsanonymous.org\/#website","url":"https:\/\/internetaddictsanonymous.org\/","name":"Anonimowi uzale\u017cnieni od Internetu i technologii","description":"\u015awiatowa wsp\u00f3lnota 12 krok\u00f3w dla uzale\u017cnionych od Internetu i technologii","publisher":{"@id":"https:\/\/internetaddictsanonymous.org\/#organization"},"potentialAction":[{"@type":"SearchAction","target":{"@type":"EntryPoint","urlTemplate":"https:\/\/internetaddictsanonymous.org\/?s={search_term_string}"},"query-input":{"@type":"PropertyValueSpecification","valueRequired":true,"valueName":"search_term_string"}}],"inLanguage":"pl-PL"},{"@type":"Organization","@id":"https:\/\/internetaddictsanonymous.org\/#organization","name":"Anonimowi uzale\u017cnieni od Internetu i technologii","url":"https:\/\/internetaddictsanonymous.org\/","logo":{"@type":"ImageObject","inLanguage":"pl-PL","@id":"https:\/\/internetaddictsanonymous.org\/#\/schema\/logo\/image\/","url":"https:\/\/internetaddictsanonymous.org\/wp-content\/uploads\/2023\/01\/cropped-ITAA-logo-480px.png","contentUrl":"https:\/\/internetaddictsanonymous.org\/wp-content\/uploads\/2023\/01\/cropped-ITAA-logo-480px.png","width":480,"height":480,"caption":"Internet and Technology Addicts Anonymous"},"image":{"@id":"https:\/\/internetaddictsanonymous.org\/#\/schema\/logo\/image\/"}}]}},"jetpack_sharing_enabled":true,"jetpack_shortlink":"https:\/\/wp.me\/P9Fwob-4II","_links":{"self":[{"href":"https:\/\/internetaddictsanonymous.org\/pl\/wp-json\/wp\/v2\/pages\/18148","targetHints":{"allow":["GET"]}}],"collection":[{"href":"https:\/\/internetaddictsanonymous.org\/pl\/wp-json\/wp\/v2\/pages"}],"about":[{"href":"https:\/\/internetaddictsanonymous.org\/pl\/wp-json\/wp\/v2\/types\/page"}],"author":[{"embeddable":true,"href":"https:\/\/internetaddictsanonymous.org\/pl\/wp-json\/wp\/v2\/users\/35194237"}],"replies":[{"embeddable":true,"href":"https:\/\/internetaddictsanonymous.org\/pl\/wp-json\/wp\/v2\/comments?post=18148"}],"version-history":[{"count":3,"href":"https:\/\/internetaddictsanonymous.org\/pl\/wp-json\/wp\/v2\/pages\/18148\/revisions"}],"predecessor-version":[{"id":18354,"href":"https:\/\/internetaddictsanonymous.org\/pl\/wp-json\/wp\/v2\/pages\/18148\/revisions\/18354"}],"up":[{"embeddable":true,"href":"https:\/\/internetaddictsanonymous.org\/pl\/wp-json\/wp\/v2\/pages\/18080"}],"wp:attachment":[{"href":"https:\/\/internetaddictsanonymous.org\/pl\/wp-json\/wp\/v2\/media?parent=18148"}],"wp:term":[{"taxonomy":"post_tag","embeddable":true,"href":"https:\/\/internetaddictsanonymous.org\/pl\/wp-json\/wp\/v2\/tags?post=18148"}],"curies":[{"name":"wp","href":"https:\/\/api.w.org\/{rel}","templated":true}]}}