{"id":25,"date":"2018-02-17T01:54:04","date_gmt":"2018-02-17T01:54:04","guid":{"rendered":"https:\/\/internetandtechaa.wordpress.com\/?page_id=25"},"modified":"2024-05-23T23:38:38","modified_gmt":"2024-05-24T03:38:38","slug":"is-internet-and-technology-addicts-anonymous-for-me","status":"publish","type":"page","link":"https:\/\/internetaddictsanonymous.org\/pl\/is-internet-and-technology-addicts-anonymous-for-me\/","title":{"rendered":"Pierwsze kroki"},"content":{"rendered":"<p>Witamy! Je\u015bli jeste\u015b nowy w ITAA, zach\u0119camy do wzi\u0119cia udzia\u0142u <a href=\"https:\/\/internetaddictsanonymous.org\/pl\/phone-online-meetings\/\">sze\u015b\u0107 spotka\u0144<\/a> w kr\u00f3tkim czasie, aby ustali\u0107, czy nasz program mo\u017ce by\u0107 dla Ciebie pomocny. Nasze spotkania opieraj\u0105 si\u0119 na nieos\u0105dzaj\u0105cym, wsp\u00f3\u0142czuj\u0105cym s\u0142uchaniu, a spotkania daj\u0105 nowicjuszom okazj\u0119 do zadawania pyta\u0144.<\/p>\n<p>Pomocne mo\u017ce okaza\u0107 si\u0119 r\u00f3wnie\u017c zapoznanie si\u0119 z niekt\u00f3rymi typowymi wzorcami i objawami do\u015bwiadczanymi przez innych uzale\u017cnionych od Internetu i technologii:<\/p>\n<p><a href=\"https:\/\/internetaddictsanonymous.org\/pl\/uzaleznienie-od-internetu-i-technologii\/\">Uzale\u017cnienie od Internetu i technologii<\/a><br \/>\n<a href=\"https:\/\/internetaddictsanonymous.org\/pl\/uzaleznienie-od-mediow-spolecznosciowych\/\">Uzale\u017cnienie od medi\u00f3w spo\u0142eczno\u015bciowych<\/a><br \/>\n<a href=\"https:\/\/internetaddictsanonymous.org\/pl\/uzaleznienie-od-smartfona\/\">Uzale\u017cnienie od smartfona<\/a><br \/>\n<a href=\"https:\/\/internetaddictsanonymous.org\/pl\/uzaleznienie-od-streamingu\/\">Uzale\u017cnienie od strumieniowania<\/a><br \/>\n<a href=\"https:\/\/internetaddictsanonymous.org\/pl\/uzaleznienie-od-internetu-i-technologii\/uzaleznienie-od-gier-wideo\/\">Uzale\u017cnienie od gier wideo<\/a><\/p>\n<p><span style=\"font-weight: 400;\">Zapraszamy do kontaktu za po\u015brednictwem naszego <a href=\"https:\/\/internetaddictsanonymous.org\/pl\/kontakt\/\">Formularz kontaktowy<\/a> zada\u0107 jakiekolwiek pytania lub um\u00f3wi\u0107 si\u0119 na rozmow\u0119 telefoniczn\u0105 z innym zdrowiej\u0105cym cz\u0142onkiem. Oczekujemy na kontakt zwrotny!<\/span><\/p>\n<!-- PMB print buttons is only displayed on a single post\/page URLs-->","protected":false},"excerpt":{"rendered":"<p>Powitanie! Je\u015bli jeste\u015b nowy w ITAA, zach\u0119camy Ci\u0119 do wzi\u0119cia udzia\u0142u w sze\u015bciu spotkaniach w kr\u00f3tkim czasie, aby ustali\u0107, czy nasz program mo\u017ce by\u0107 dla Ciebie pomocny. Nasze spotkania opieraj\u0105 si\u0119 na nieoceniaj\u0105cym, pe\u0142nym wsp\u00f3\u0142czucia s\u0142uchaniu, a nowe osoby maj\u0105 okazj\u0119 do zadawania pyta\u0144. Pomocne mo\u017ce okaza\u0107 si\u0119 tak\u017ce przejrzenie niekt\u00f3rych\u2026 <a href=\"https:\/\/internetaddictsanonymous.org\/pl\/is-internet-and-technology-addicts-anonymous-for-me\/\" class=\"more-link\">Kontynuuj czytanie <span class=\"screen-reader-text\">Pierwsze kroki<\/span><\/a><\/p>","protected":false},"author":35194237,"featured_media":0,"parent":0,"menu_order":0,"comment_status":"closed","ping_status":"closed","template":"full-width-page.php","meta":{"inline_featured_image":false,"_lmt_disableupdate":"no","_lmt_disable":"","footnotes":""},"tags":[],"class_list":["post-25","page","type-page","status-publish","hentry"],"yoast_head":"<!-- This site is optimized with the Yoast SEO plugin v27.4 - https:\/\/yoast.com\/product\/yoast-seo-wordpress\/ -->\n<title>Getting Started &#8211; Internet and Technology Addicts Anonymous<\/title>\n<meta name=\"robots\" content=\"index, follow, max-snippet:-1, max-image-preview:large, max-video-preview:-1\" \/>\n<link rel=\"canonical\" href=\"https:\/\/internetaddictsanonymous.org\/pl\/is-internet-and-technology-addicts-anonymous-for-me\/\" \/>\n<meta property=\"og:locale\" content=\"pl_PL\" \/>\n<meta property=\"og:type\" content=\"article\" \/>\n<meta property=\"og:title\" content=\"Getting Started &#8211; Internet and Technology Addicts Anonymous\" \/>\n<meta property=\"og:description\" content=\"Welcome! If you&#8217;re new to ITAA, we encourage you to attend six meetings within a short period of time to determine whether our program may be helpful for you. Our meetings are based on non-judgmental, compassionate listening, and meetings have opportunities for newcomers to ask questions. You may also find it helpful to review some &hellip; Continue reading Getting Started\" \/>\n<meta property=\"og:url\" content=\"https:\/\/internetaddictsanonymous.org\/pl\/is-internet-and-technology-addicts-anonymous-for-me\/\" \/>\n<meta property=\"og:site_name\" content=\"Internet and Technology Addicts Anonymous\" \/>\n<meta property=\"article:modified_time\" content=\"2024-05-24T03:38:38+00:00\" \/>\n<meta name=\"twitter:card\" content=\"summary_large_image\" \/>\n<meta name=\"twitter:label1\" content=\"Szacowany czas czytania\" \/>\n\t<meta name=\"twitter:data1\" content=\"1 minuta\" \/>\n<script type=\"application\/ld+json\" class=\"yoast-schema-graph\">{\"@context\":\"https:\\\/\\\/schema.org\",\"@graph\":[{\"@type\":\"WebPage\",\"@id\":\"https:\\\/\\\/internetaddictsanonymous.org\\\/is-internet-and-technology-addicts-anonymous-for-me\\\/\",\"url\":\"https:\\\/\\\/internetaddictsanonymous.org\\\/is-internet-and-technology-addicts-anonymous-for-me\\\/\",\"name\":\"Getting Started &#8211; Internet and Technology Addicts Anonymous\",\"isPartOf\":{\"@id\":\"https:\\\/\\\/internetaddictsanonymous.org\\\/#website\"},\"datePublished\":\"2018-02-17T01:54:04+00:00\",\"dateModified\":\"2024-05-24T03:38:38+00:00\",\"breadcrumb\":{\"@id\":\"https:\\\/\\\/internetaddictsanonymous.org\\\/is-internet-and-technology-addicts-anonymous-for-me\\\/#breadcrumb\"},\"inLanguage\":\"pl-PL\",\"potentialAction\":[{\"@type\":\"ReadAction\",\"target\":[\"https:\\\/\\\/internetaddictsanonymous.org\\\/is-internet-and-technology-addicts-anonymous-for-me\\\/\"]}]},{\"@type\":\"BreadcrumbList\",\"@id\":\"https:\\\/\\\/internetaddictsanonymous.org\\\/is-internet-and-technology-addicts-anonymous-for-me\\\/#breadcrumb\",\"itemListElement\":[{\"@type\":\"ListItem\",\"position\":1,\"name\":\"Home\",\"item\":\"https:\\\/\\\/internetaddictsanonymous.org\\\/\"},{\"@type\":\"ListItem\",\"position\":2,\"name\":\"Getting Started\"}]},{\"@type\":\"WebSite\",\"@id\":\"https:\\\/\\\/internetaddictsanonymous.org\\\/#website\",\"url\":\"https:\\\/\\\/internetaddictsanonymous.org\\\/\",\"name\":\"Internet and Technology Addicts Anonymous\",\"description\":\"Worldwide 12-step Fellowship for Internet and Technology Addiction\",\"publisher\":{\"@id\":\"https:\\\/\\\/internetaddictsanonymous.org\\\/#organization\"},\"potentialAction\":[{\"@type\":\"SearchAction\",\"target\":{\"@type\":\"EntryPoint\",\"urlTemplate\":\"https:\\\/\\\/internetaddictsanonymous.org\\\/?s={search_term_string}\"},\"query-input\":{\"@type\":\"PropertyValueSpecification\",\"valueRequired\":true,\"valueName\":\"search_term_string\"}}],\"inLanguage\":\"pl-PL\"},{\"@type\":\"Organization\",\"@id\":\"https:\\\/\\\/internetaddictsanonymous.org\\\/#organization\",\"name\":\"Internet and Technology Addicts Anonymous\",\"url\":\"https:\\\/\\\/internetaddictsanonymous.org\\\/\",\"logo\":{\"@type\":\"ImageObject\",\"inLanguage\":\"pl-PL\",\"@id\":\"https:\\\/\\\/internetaddictsanonymous.org\\\/#\\\/schema\\\/logo\\\/image\\\/\",\"url\":\"https:\\\/\\\/internetaddictsanonymous.org\\\/wp-content\\\/uploads\\\/2023\\\/01\\\/cropped-ITAA-logo-480px.png\",\"contentUrl\":\"https:\\\/\\\/internetaddictsanonymous.org\\\/wp-content\\\/uploads\\\/2023\\\/01\\\/cropped-ITAA-logo-480px.png\",\"width\":480,\"height\":480,\"caption\":\"Internet and Technology Addicts Anonymous\"},\"image\":{\"@id\":\"https:\\\/\\\/internetaddictsanonymous.org\\\/#\\\/schema\\\/logo\\\/image\\\/\"}}]}<\/script>\n<!-- \/ Yoast SEO plugin. -->","yoast_head_json":{"title":"Pierwsze kroki - Anonimowi Uzale\u017cnieni od Internetu i Technologii","robots":{"index":"index","follow":"follow","max-snippet":"max-snippet:-1","max-image-preview":"max-image-preview:large","max-video-preview":"max-video-preview:-1"},"canonical":"https:\/\/internetaddictsanonymous.org\/pl\/is-internet-and-technology-addicts-anonymous-for-me\/","og_locale":"pl_PL","og_type":"article","og_title":"Getting Started &#8211; Internet and Technology Addicts Anonymous","og_description":"Welcome! If you&#8217;re new to ITAA, we encourage you to attend six meetings within a short period of time to determine whether our program may be helpful for you. Our meetings are based on non-judgmental, compassionate listening, and meetings have opportunities for newcomers to ask questions. You may also find it helpful to review some &hellip; Continue reading Getting Started","og_url":"https:\/\/internetaddictsanonymous.org\/pl\/is-internet-and-technology-addicts-anonymous-for-me\/","og_site_name":"Internet and Technology Addicts Anonymous","article_modified_time":"2024-05-24T03:38:38+00:00","twitter_card":"summary_large_image","twitter_misc":{"Szacowany czas czytania":"1 minuta"},"schema":{"@context":"https:\/\/schema.org","@graph":[{"@type":"WebPage","@id":"https:\/\/internetaddictsanonymous.org\/is-internet-and-technology-addicts-anonymous-for-me\/","url":"https:\/\/internetaddictsanonymous.org\/is-internet-and-technology-addicts-anonymous-for-me\/","name":"Pierwsze kroki - Anonimowi Uzale\u017cnieni od Internetu i Technologii","isPartOf":{"@id":"https:\/\/internetaddictsanonymous.org\/#website"},"datePublished":"2018-02-17T01:54:04+00:00","dateModified":"2024-05-24T03:38:38+00:00","breadcrumb":{"@id":"https:\/\/internetaddictsanonymous.org\/is-internet-and-technology-addicts-anonymous-for-me\/#breadcrumb"},"inLanguage":"pl-PL","potentialAction":[{"@type":"ReadAction","target":["https:\/\/internetaddictsanonymous.org\/is-internet-and-technology-addicts-anonymous-for-me\/"]}]},{"@type":"BreadcrumbList","@id":"https:\/\/internetaddictsanonymous.org\/is-internet-and-technology-addicts-anonymous-for-me\/#breadcrumb","itemListElement":[{"@type":"ListItem","position":1,"name":"Home","item":"https:\/\/internetaddictsanonymous.org\/"},{"@type":"ListItem","position":2,"name":"Getting Started"}]},{"@type":"WebSite","@id":"https:\/\/internetaddictsanonymous.org\/#website","url":"https:\/\/internetaddictsanonymous.org\/","name":"Anonimowi uzale\u017cnieni od Internetu i technologii","description":"\u015awiatowa wsp\u00f3lnota 12 krok\u00f3w dla uzale\u017cnionych od Internetu i technologii","publisher":{"@id":"https:\/\/internetaddictsanonymous.org\/#organization"},"potentialAction":[{"@type":"SearchAction","target":{"@type":"EntryPoint","urlTemplate":"https:\/\/internetaddictsanonymous.org\/?s={search_term_string}"},"query-input":{"@type":"PropertyValueSpecification","valueRequired":true,"valueName":"search_term_string"}}],"inLanguage":"pl-PL"},{"@type":"Organization","@id":"https:\/\/internetaddictsanonymous.org\/#organization","name":"Anonimowi uzale\u017cnieni od Internetu i technologii","url":"https:\/\/internetaddictsanonymous.org\/","logo":{"@type":"ImageObject","inLanguage":"pl-PL","@id":"https:\/\/internetaddictsanonymous.org\/#\/schema\/logo\/image\/","url":"https:\/\/internetaddictsanonymous.org\/wp-content\/uploads\/2023\/01\/cropped-ITAA-logo-480px.png","contentUrl":"https:\/\/internetaddictsanonymous.org\/wp-content\/uploads\/2023\/01\/cropped-ITAA-logo-480px.png","width":480,"height":480,"caption":"Internet and Technology Addicts Anonymous"},"image":{"@id":"https:\/\/internetaddictsanonymous.org\/#\/schema\/logo\/image\/"}}]}},"jetpack_sharing_enabled":false,"jetpack_shortlink":"https:\/\/wp.me\/P9Fwob-p","_links":{"self":[{"href":"https:\/\/internetaddictsanonymous.org\/pl\/wp-json\/wp\/v2\/pages\/25","targetHints":{"allow":["GET"]}}],"collection":[{"href":"https:\/\/internetaddictsanonymous.org\/pl\/wp-json\/wp\/v2\/pages"}],"about":[{"href":"https:\/\/internetaddictsanonymous.org\/pl\/wp-json\/wp\/v2\/types\/page"}],"author":[{"embeddable":true,"href":"https:\/\/internetaddictsanonymous.org\/pl\/wp-json\/wp\/v2\/users\/35194237"}],"replies":[{"embeddable":true,"href":"https:\/\/internetaddictsanonymous.org\/pl\/wp-json\/wp\/v2\/comments?post=25"}],"version-history":[{"count":24,"href":"https:\/\/internetaddictsanonymous.org\/pl\/wp-json\/wp\/v2\/pages\/25\/revisions"}],"predecessor-version":[{"id":18045,"href":"https:\/\/internetaddictsanonymous.org\/pl\/wp-json\/wp\/v2\/pages\/25\/revisions\/18045"}],"wp:attachment":[{"href":"https:\/\/internetaddictsanonymous.org\/pl\/wp-json\/wp\/v2\/media?parent=25"}],"wp:term":[{"taxonomy":"post_tag","embeddable":true,"href":"https:\/\/internetaddictsanonymous.org\/pl\/wp-json\/wp\/v2\/tags?post=25"}],"curies":[{"name":"wp","href":"https:\/\/api.w.org\/{rel}","templated":true}]}}