{"id":42,"date":"2018-02-17T02:04:58","date_gmt":"2018-02-17T02:04:58","guid":{"rendered":"https:\/\/internetandtechaa.wordpress.com\/?page_id=42"},"modified":"2023-01-30T20:17:53","modified_gmt":"2023-01-31T01:17:53","slug":"zasoby","status":"publish","type":"page","link":"https:\/\/internetaddictsanonymous.org\/pl\/zasoby\/","title":{"rendered":"Zasoby"},"content":{"rendered":"<p>Witamy w ITAA! Tutaj znajdziesz list\u0119 pomocnych zasob\u00f3w, kt\u00f3re mog\u0105 Ci pom\u00f3c w rozpocz\u0119ciu podr\u00f3\u017cy do zdrowia.<\/p>\n<p><strong><a href=\"https:\/\/internetaddictsanonymous.org\/pl\/12-krokow-doitaa\/\">Dwana\u015bcie Krok\u00f3w i Dwana\u015bcie Tradycji ITAA<\/a><br \/>\n<\/strong>Zasady przewodnie naszego programu.<\/p>\n<p><strong><a href=\"https:\/\/internetaddictsanonymous.org\/pl\/przewodnik-dla-nowicjuszy\/\">Przewodnik dla nowicjuszy<\/a><br \/>\n<\/strong>Lista sze\u015bciu prostych sugestii dotycz\u0105cych rozpocz\u0119cia dzia\u0142alno\u015bci w ITAA.<\/p>\n<p><strong><a href=\"https:\/\/internetaddictsanonymous.org\/pl\/historie-powrotu-do-zdrowia\/\">Historie odzyskiwania<\/a><br \/>\n<\/strong>Nagrane i napisane historie odzyskanych cz\u0142onk\u00f3w ITAA.<\/p>\n<p><strong><a href=\"https:\/\/internetaddictsanonymous.org\/pl\/zasoby\/narzedzia-odzyskiwania\/\">Narz\u0119dzia odzyskiwania<\/a><br \/>\n<\/strong>Sprawdzone w czasie narz\u0119dzia i strategie, kt\u00f3re mog\u0105 nam pom\u00f3c w utrzymaniu trze\u017awo\u015bci.<\/p>\n<p><strong><a href=\"https:\/\/internetaddictsanonymous.org\/pl\/discovering-sobriety-worksheet-an-introduction-to-internet-addiction-recovery\/\">Arkusz odkrywania trze\u017awo\u015bci<\/a><\/strong><br \/>\nArkusz roboczy zaprojektowany, aby pom\u00f3c nam mapowa\u0107 nasz plan odzyskiwania uzale\u017cnienia od Internetu z pytaniami i podpowiedziami do na\u015bladowania.<\/p>\n<p><a href=\"https:\/\/internetaddictsanonymous.org\/pl\/a-guide-to-sobriety-slips-and-relapses-in-itaa\/\"><strong>Zrozumienie trze\u017awo\u015bci, po\u015blizgni\u0119\u0107 i nawrot\u00f3w<\/strong><\/a><br \/>\nPrzegl\u0105d tego, co oznacza trze\u017awo\u015b\u0107 w ITAA, jak r\u00f3wnie\u017c jak zapobiega\u0107 i rozwija\u0107 si\u0119 z po\u015blizg\u00f3w i nawrot\u00f3w.<\/p>\n<p><a href=\"https:\/\/internetaddictsanonymous.org\/pl\/a-guide-to-withdrawals\/\"><strong>Nawigacja po wyp\u0142atach<\/strong><\/a><br \/>\nOpis procesu wycofywania si\u0119, wraz z historiami odzyskiwania od czterech cz\u0142onk\u00f3w.<\/p>\n<p><strong><a href=\"https:\/\/internetaddictsanonymous.org\/pl\/a-guide-to-outreach-calls-in-itaa\/\">Wykonywanie po\u0142\u0105cze\u0144 informacyjnych<\/a><br \/>\n<\/strong>Poradnik jak dzwoni\u0107 do innych cz\u0142onk\u00f3w poza spotkaniami.<\/p>\n<p><a href=\"https:\/\/internetaddictsanonymous.org\/pl\/sponsoring\/\"><strong>Znaczenie sponsoringu<\/strong><\/a><br \/>\nSponsoring to nieformalna relacja, w kt\u00f3rej bardziej do\u015bwiadczony cz\u0142onek ITAA pomaga nam poprowadzi\u0107 si\u0119 przez proces zdrowienia.<\/p>\n<p><a href=\"https:\/\/internetaddictsanonymous.org\/pl\/zasoby\/literature\/\"><strong>Zasoby do pracy krokowej<\/strong><\/a><br \/>\nTa strona zawiera linki do literatury z innych program\u00f3w, kt\u00f3re mo\u017cemy wykorzysta\u0107 w pracy nad Krokami, jak r\u00f3wnie\u017c kilka dodatkowych nieformalnych zasob\u00f3w opracowanych przez cz\u0142onk\u00f3w ITAA.<\/p>\n<p><a href=\"https:\/\/internetaddictsanonymous.org\/pl\/serwis\/\"><strong>Przewodnik po s\u0142u\u017cbie<\/strong><\/a><br \/>\nPrzegl\u0105d sposob\u00f3w, w jaki mo\u017cemy pe\u0142ni\u0107 s\u0142u\u017cb\u0119 i wspiera\u0107 zdrowienie innych cz\u0142onk\u00f3w.<\/p>\n<p><strong><a href=\"https:\/\/internetaddictsanonymous.org\/pl\/safety-in-itaa\/\">Bezpiecze\u0144stwo w ITAA<\/a><br \/>\n<\/strong>Poradnik reagowania na niebezpieczne lub nieodpowiednie zachowanie.<\/p>\n<p><a href=\"https:\/\/internetaddictsanonymous.org\/pl\/the-doctors-opinion\/\"><strong>Dowody naukowe dotycz\u0105ce uzale\u017cnienia od Internetu i technologii<\/strong><\/a><br \/>\nPrzegl\u0105d literatury naukowej dotycz\u0105cej skutk\u00f3w i konsekwencji uzale\u017cnienia od Internetu i technologii.<\/p>\n<!-- PMB print buttons is only displayed on a single post\/page URLs-->","protected":false},"excerpt":{"rendered":"<p>Witamy w ITAA! Tutaj znajdziesz list\u0119 przydatnych zasob\u00f3w, kt\u00f3re mog\u0105 Ci pom\u00f3c na drodze do powrotu do zdrowia. Dwana\u015bcie Krok\u00f3w i Dwana\u015bcie Tradycji ITAA Zasady przewodnie naszego programu. Przewodnik dla nowicjuszy Lista sze\u015bciu prostych sugestii dotycz\u0105cych rozpocz\u0119cia pracy w ITAA. Historie zdrowienia zapisane\u2026 <a href=\"https:\/\/internetaddictsanonymous.org\/pl\/zasoby\/\" class=\"more-link\">Kontynuuj czytanie <span class=\"screen-reader-text\">Zasoby<\/span><\/a><\/p>","protected":false},"author":35194237,"featured_media":0,"parent":0,"menu_order":0,"comment_status":"closed","ping_status":"closed","template":"full-width-page.php","meta":{"inline_featured_image":false,"_lmt_disableupdate":"","_lmt_disable":"","jetpack_post_was_ever_published":false,"footnotes":""},"tags":[],"class_list":["post-42","page","type-page","status-publish","hentry"],"yoast_head":"<!-- This site is optimized with the Yoast SEO plugin v27.0 - https:\/\/yoast.com\/product\/yoast-seo-wordpress\/ -->\n<title>Resources &#8211; Internet and Technology Addicts Anonymous<\/title>\n<meta name=\"robots\" content=\"index, follow, max-snippet:-1, max-image-preview:large, max-video-preview:-1\" \/>\n<link rel=\"canonical\" href=\"https:\/\/internetaddictsanonymous.org\/pl\/zasoby\/\" \/>\n<meta property=\"og:locale\" content=\"pl_PL\" \/>\n<meta property=\"og:type\" content=\"article\" \/>\n<meta property=\"og:title\" content=\"Resources &#8211; Internet and Technology Addicts Anonymous\" \/>\n<meta property=\"og:description\" content=\"Welcome to ITAA! Here you can find a list of helpful resources that may help you as you embark on your recovery journey. The Twelve Steps and Twelve Traditions of ITAA The guiding principles of our program. A Guide For Newcomers A list of six simple suggestions for getting started in ITAA. Recovery Stories Recorded &hellip; Continue reading Resources\" \/>\n<meta property=\"og:url\" content=\"https:\/\/internetaddictsanonymous.org\/pl\/zasoby\/\" \/>\n<meta property=\"og:site_name\" content=\"Internet and Technology Addicts Anonymous\" \/>\n<meta property=\"article:modified_time\" content=\"2023-01-31T01:17:53+00:00\" \/>\n<meta name=\"twitter:card\" content=\"summary_large_image\" \/>\n<meta name=\"twitter:label1\" content=\"Szacowany czas czytania\" \/>\n\t<meta name=\"twitter:data1\" content=\"2 minuty\" \/>\n<script type=\"application\/ld+json\" class=\"yoast-schema-graph\">{\"@context\":\"https:\/\/schema.org\",\"@graph\":[{\"@type\":\"WebPage\",\"@id\":\"https:\/\/internetaddictsanonymous.org\/resources\/\",\"url\":\"https:\/\/internetaddictsanonymous.org\/resources\/\",\"name\":\"Resources &#8211; Internet and Technology Addicts Anonymous\",\"isPartOf\":{\"@id\":\"https:\/\/internetaddictsanonymous.org\/#website\"},\"datePublished\":\"2018-02-17T02:04:58+00:00\",\"dateModified\":\"2023-01-31T01:17:53+00:00\",\"breadcrumb\":{\"@id\":\"https:\/\/internetaddictsanonymous.org\/resources\/#breadcrumb\"},\"inLanguage\":\"pl-PL\",\"potentialAction\":[{\"@type\":\"ReadAction\",\"target\":[\"https:\/\/internetaddictsanonymous.org\/resources\/\"]}]},{\"@type\":\"BreadcrumbList\",\"@id\":\"https:\/\/internetaddictsanonymous.org\/resources\/#breadcrumb\",\"itemListElement\":[{\"@type\":\"ListItem\",\"position\":1,\"name\":\"Home\",\"item\":\"https:\/\/internetaddictsanonymous.org\/\"},{\"@type\":\"ListItem\",\"position\":2,\"name\":\"Resources\"}]},{\"@type\":\"WebSite\",\"@id\":\"https:\/\/internetaddictsanonymous.org\/#website\",\"url\":\"https:\/\/internetaddictsanonymous.org\/\",\"name\":\"Internet and Technology Addicts Anonymous\",\"description\":\"Worldwide 12-step Fellowship for Internet and Technology Addiction\",\"publisher\":{\"@id\":\"https:\/\/internetaddictsanonymous.org\/#organization\"},\"potentialAction\":[{\"@type\":\"SearchAction\",\"target\":{\"@type\":\"EntryPoint\",\"urlTemplate\":\"https:\/\/internetaddictsanonymous.org\/?s={search_term_string}\"},\"query-input\":{\"@type\":\"PropertyValueSpecification\",\"valueRequired\":true,\"valueName\":\"search_term_string\"}}],\"inLanguage\":\"pl-PL\"},{\"@type\":\"Organization\",\"@id\":\"https:\/\/internetaddictsanonymous.org\/#organization\",\"name\":\"Internet and Technology Addicts Anonymous\",\"url\":\"https:\/\/internetaddictsanonymous.org\/\",\"logo\":{\"@type\":\"ImageObject\",\"inLanguage\":\"pl-PL\",\"@id\":\"https:\/\/internetaddictsanonymous.org\/#\/schema\/logo\/image\/\",\"url\":\"https:\/\/internetaddictsanonymous.org\/wp-content\/uploads\/2023\/01\/cropped-ITAA-logo-480px.png\",\"contentUrl\":\"https:\/\/internetaddictsanonymous.org\/wp-content\/uploads\/2023\/01\/cropped-ITAA-logo-480px.png\",\"width\":480,\"height\":480,\"caption\":\"Internet and Technology Addicts Anonymous\"},\"image\":{\"@id\":\"https:\/\/internetaddictsanonymous.org\/#\/schema\/logo\/image\/\"}}]}<\/script>\n<!-- \/ Yoast SEO plugin. -->","yoast_head_json":{"title":"Zasoby - Anonimowi Uzale\u017cnieni od Internetu i Technologii","robots":{"index":"index","follow":"follow","max-snippet":"max-snippet:-1","max-image-preview":"max-image-preview:large","max-video-preview":"max-video-preview:-1"},"canonical":"https:\/\/internetaddictsanonymous.org\/pl\/zasoby\/","og_locale":"pl_PL","og_type":"article","og_title":"Resources &#8211; Internet and Technology Addicts Anonymous","og_description":"Welcome to ITAA! Here you can find a list of helpful resources that may help you as you embark on your recovery journey. The Twelve Steps and Twelve Traditions of ITAA The guiding principles of our program. A Guide For Newcomers A list of six simple suggestions for getting started in ITAA. Recovery Stories Recorded &hellip; Continue reading Resources","og_url":"https:\/\/internetaddictsanonymous.org\/pl\/zasoby\/","og_site_name":"Internet and Technology Addicts Anonymous","article_modified_time":"2023-01-31T01:17:53+00:00","twitter_card":"summary_large_image","twitter_misc":{"Szacowany czas czytania":"2 minuty"},"schema":{"@context":"https:\/\/schema.org","@graph":[{"@type":"WebPage","@id":"https:\/\/internetaddictsanonymous.org\/resources\/","url":"https:\/\/internetaddictsanonymous.org\/resources\/","name":"Zasoby - Anonimowi Uzale\u017cnieni od Internetu i Technologii","isPartOf":{"@id":"https:\/\/internetaddictsanonymous.org\/#website"},"datePublished":"2018-02-17T02:04:58+00:00","dateModified":"2023-01-31T01:17:53+00:00","breadcrumb":{"@id":"https:\/\/internetaddictsanonymous.org\/resources\/#breadcrumb"},"inLanguage":"pl-PL","potentialAction":[{"@type":"ReadAction","target":["https:\/\/internetaddictsanonymous.org\/resources\/"]}]},{"@type":"BreadcrumbList","@id":"https:\/\/internetaddictsanonymous.org\/resources\/#breadcrumb","itemListElement":[{"@type":"ListItem","position":1,"name":"Home","item":"https:\/\/internetaddictsanonymous.org\/"},{"@type":"ListItem","position":2,"name":"Resources"}]},{"@type":"WebSite","@id":"https:\/\/internetaddictsanonymous.org\/#website","url":"https:\/\/internetaddictsanonymous.org\/","name":"Anonimowi uzale\u017cnieni od Internetu i technologii","description":"\u015awiatowa wsp\u00f3lnota 12 krok\u00f3w dla uzale\u017cnionych od Internetu i technologii","publisher":{"@id":"https:\/\/internetaddictsanonymous.org\/#organization"},"potentialAction":[{"@type":"SearchAction","target":{"@type":"EntryPoint","urlTemplate":"https:\/\/internetaddictsanonymous.org\/?s={search_term_string}"},"query-input":{"@type":"PropertyValueSpecification","valueRequired":true,"valueName":"search_term_string"}}],"inLanguage":"pl-PL"},{"@type":"Organization","@id":"https:\/\/internetaddictsanonymous.org\/#organization","name":"Anonimowi uzale\u017cnieni od Internetu i technologii","url":"https:\/\/internetaddictsanonymous.org\/","logo":{"@type":"ImageObject","inLanguage":"pl-PL","@id":"https:\/\/internetaddictsanonymous.org\/#\/schema\/logo\/image\/","url":"https:\/\/internetaddictsanonymous.org\/wp-content\/uploads\/2023\/01\/cropped-ITAA-logo-480px.png","contentUrl":"https:\/\/internetaddictsanonymous.org\/wp-content\/uploads\/2023\/01\/cropped-ITAA-logo-480px.png","width":480,"height":480,"caption":"Internet and Technology Addicts Anonymous"},"image":{"@id":"https:\/\/internetaddictsanonymous.org\/#\/schema\/logo\/image\/"}}]}},"jetpack_sharing_enabled":false,"jetpack_shortlink":"https:\/\/wp.me\/P9Fwob-G","_links":{"self":[{"href":"https:\/\/internetaddictsanonymous.org\/pl\/wp-json\/wp\/v2\/pages\/42","targetHints":{"allow":["GET"]}}],"collection":[{"href":"https:\/\/internetaddictsanonymous.org\/pl\/wp-json\/wp\/v2\/pages"}],"about":[{"href":"https:\/\/internetaddictsanonymous.org\/pl\/wp-json\/wp\/v2\/types\/page"}],"author":[{"embeddable":true,"href":"https:\/\/internetaddictsanonymous.org\/pl\/wp-json\/wp\/v2\/users\/35194237"}],"replies":[{"embeddable":true,"href":"https:\/\/internetaddictsanonymous.org\/pl\/wp-json\/wp\/v2\/comments?post=42"}],"version-history":[{"count":23,"href":"https:\/\/internetaddictsanonymous.org\/pl\/wp-json\/wp\/v2\/pages\/42\/revisions"}],"predecessor-version":[{"id":15258,"href":"https:\/\/internetaddictsanonymous.org\/pl\/wp-json\/wp\/v2\/pages\/42\/revisions\/15258"}],"wp:attachment":[{"href":"https:\/\/internetaddictsanonymous.org\/pl\/wp-json\/wp\/v2\/media?parent=42"}],"wp:term":[{"taxonomy":"post_tag","embeddable":true,"href":"https:\/\/internetaddictsanonymous.org\/pl\/wp-json\/wp\/v2\/tags?post=42"}],"curies":[{"name":"wp","href":"https:\/\/api.w.org\/{rel}","templated":true}]}}