{"id":9095,"date":"2019-11-12T19:19:38","date_gmt":"2019-11-12T19:19:38","guid":{"rendered":"https:\/\/internetaddictsanonymous.org\/?page_id=9095"},"modified":"2024-03-02T10:03:10","modified_gmt":"2024-03-02T15:03:10","slug":"rozpoczecie-nowego-spotkania-twarza-w-twarz","status":"publish","type":"page","link":"https:\/\/internetaddictsanonymous.org\/pl\/starting-a-new-face-to-face-meeting\/","title":{"rendered":"Rozpocz\u0119cie nowego spotkania"},"content":{"rendered":"<p>Tutaj znajdziesz kilka sugestii, jak rozpocz\u0105\u0107 nowe spotkanie, czy to online, czy spotkanie twarz\u0105 w twarz w Twojej okolicy. Rozpocz\u0119cie nowego spotkania to niesamowity akt s\u0142u\u017cby, kt\u00f3ry mo\u017ce pom\u00f3c nie tylko Tobie, ale tak\u017ce innym zmagaj\u0105cym si\u0119 z problemami uzale\u017cnionym w Twojej okolicy.<\/p>\n\n\n\n<p>\u2022 Dobra wiadomo\u015b\u0107 jest taka, \u017ce rozpocz\u0119cie nowego spotkania jest bardzo proste! Spotkanie ITAA mo\u017ce rozpocz\u0105\u0107 ka\u017cdy i wsz\u0119dzie \u2013 nie ma potrzeby uzyskiwania zgody od nikogo. <\/p>\n\n\n\n<p>\u2022 Zalecamy przeczytanie \u201e<a href=\"https:\/\/www.aa.org\/assets\/en_US\/en_bigbook_chapt11.pdf\">Wizja dla Ciebie<\/a>\u201d w Wielkiej Ksi\u0119dze AA. Rozdzia\u0142 jest niezwykle inspiruj\u0105cy i zawiera praktyczne porady i wskaz\u00f3wki dla os\u00f3b pragn\u0105cych rozpocz\u0105\u0107 nowe spotkania.<\/p>\n\n\n\n<p>\u2022 <a href=\"https:\/\/internetaddictsanonymous.org\/pl\/12-krokow-doitaa\/\">Dwana\u015bcie tradycji ITAA<\/a> s\u0105 przydatnymi przewodnikami w zarz\u0105dzaniu nowym spotkaniem.<\/p>\n\n\n\n<p>- Do rozpocz\u0119cia spotkania potrzebne s\u0105 tylko dwie osoby pragn\u0105ce wyleczy\u0107 si\u0119 z uzale\u017cnienia od Internetu i technologii.<\/p>\n\n\n\n<p>\u2022 Je\u015bli rozpoczynasz spotkanie twarz\u0105 w twarz, dobrym pomys\u0142em mo\u017ce by\u0107 przyjrzenie si\u0119 miejscom, w kt\u00f3rych odbywaj\u0105 si\u0119 inne 12-etapowe spotkania i spytanie, czy maj\u0105 miejsce na rozpocz\u0119cie nowego spotkania ITAA. Gdy ju\u017c zdecydujesz si\u0119 na lokalizacj\u0119, mo\u017cesz poda\u0107 nam miejsce spotkania, godzin\u0119 i dane kontaktowe, a my mo\u017cemy je wy\u015bwietli\u0107 na stronie spotka\u0144 twarz\u0105 w twarz. Mo\u017cesz r\u00f3wnie\u017c za\u017c\u0105da\u0107 dodania og\u0142oszenia do tablicy og\u0142osze\u0144.<\/p>\n\n\n\n<p>\u2022 Je\u015bli rozpoczynasz spotkanie online, wy\u015blij nam wiadomo\u015b\u0107 przez formularz kontaktowy na stronie internetowej, a my mo\u017cemy j\u0105 doda\u0107 do kalendarza, a je\u015bli chcesz, do tablicy og\u0142osze\u0144. W swojej wiadomo\u015bci podaj dzie\u0144 i godzin\u0119 spotkania, nazw\u0119 spotkania oraz kr\u00f3tki opis, kt\u00f3ry nale\u017cy zawrze\u0107 na wydarzeniu. Prosimy r\u00f3wnie\u017c o zaznaczenie w wiadomo\u015bci, czy chcieliby Pa\u0144stwo skorzysta\u0107 z jednego z dw\u00f3ch&nbsp;<a href=\"https:\/\/internetaddictsanonymous.org\/pl\/itaa-zoom-rooms\/\">\u0141\u0105cza do powi\u0119kszania ITAA<\/a>&nbsp;(z kt\u00f3rego mo\u017ce skorzysta\u0107 ka\u017cdy cz\u0142onek ITAA) lub alternatywne \u0142\u0105cze do spotkania. Zach\u0119camy r\u00f3wnie\u017c do lektury <a href=\"https:\/\/internetaddictsanonymous.org\/pl\/security-guidelines-for-itaa-meeting-hosts\/\">Sugestie ITAA dotycz\u0105ce bezpiecze\u0144stwa spotka\u0144<\/a>.<\/p>\n\n\n\n<p>\u2022 Przydatn\u0105 form\u0105 ma\u0142ych spotka\u0144 z kilkoma osobami jest czytanie literatury 12 krok\u00f3w. Mo\u017cesz na zmian\u0119 czyta\u0107 fragmenty i dzieli\u0107 si\u0119 refleksjami. Mo\u017cesz r\u00f3wnie\u017c u\u017cy\u0107 lub dostosowa\u0107 <a href=\"https:\/\/internetaddictsanonymous.org\/pl\/online-meeting-schedule\/scenariusz-spotkania\/\">format<\/a> tradycyjnie u\u017cywamy w spotkaniach telefonicznych.<\/p>\n\n\n\n<p>\u2022 W przypadku spotka\u0144 twarz\u0105 w twarz mo\u017cna znosi\u0107 <a href=\"https:\/\/www.canva.com\/design\/DADrBuzE8Jo\/vhANeFLQMqW3fv3_ndWp0w\/edit?utm_content=DADrBuzE8Jo&amp;utm_campaign=designshare&amp;utm_medium=link2&amp;utm_source=sharebutton\" target=\"_blank\" rel=\"noreferrer noopener\">ulotki<\/a>; wi\u0119kszo\u015b\u0107 12-krokowych klub\u00f3w ma miejsce, w kt\u00f3rym mo\u017cesz zostawi\u0107 ulotk\u0119 lub poda\u0107 szczeg\u00f3\u0142y spotkania.\u00a0<\/p>\n\n\n\n<p>\u2022 Je\u015bli rozpoczynasz spotkanie twarz\u0105 w twarz, mo\u017cesz zastanowi\u0107 si\u0119, jak zapewni\u0107 zdrowie i bezpiecze\u0144stwo wszystkim uczestnikom spotkania. Zach\u0119camy do przestrzegania lokalnych przepis\u00f3w, regulacji i polityki zdrowotnej. Mo\u017cesz r\u00f3wnie\u017c rozwa\u017cy\u0107 spotkanie w plenerze.<\/p>\n\n\n\n<p>\u2022 Miej wytrwa\u0142o\u015b\u0107, cierpliwo\u015b\u0107 i zaufanie do si\u0142y wy\u017cszej.<\/p>\n\n\n\n<p><\/p>\n<!-- PMB print buttons is only displayed on a single post\/page URLs-->","protected":false},"excerpt":{"rendered":"<p>Tutaj znajdziesz kilka sugestii, jak rozpocz\u0105\u0107 nowe spotkanie, czy to online, czy spotkanie twarz\u0105 w twarz w Twojej okolicy. Rozpocz\u0119cie nowego mityngu jest niesamowitym aktem s\u0142u\u017cby, kt\u00f3ry mo\u017ce pom\u00f3c nie tylko tobie, ale tak\u017ce innym zmagaj\u0105cym si\u0119 z problemem uzale\u017cnionym w twojej okolicy. \u2022 Dobra wiadomo\u015b\u0107 jest taka, \u017ce rozpocz\u0119cie nowego\u2026 <a href=\"https:\/\/internetaddictsanonymous.org\/pl\/starting-a-new-face-to-face-meeting\/\" class=\"more-link\">Kontynuuj czytanie <span class=\"screen-reader-text\">Rozpocz\u0119cie nowego spotkania<\/span><\/a><\/p>","protected":false},"author":35194237,"featured_media":0,"parent":0,"menu_order":0,"comment_status":"closed","ping_status":"closed","template":"full-width-page.php","meta":{"inline_featured_image":false,"_lmt_disableupdate":"no","_lmt_disable":"","footnotes":""},"tags":[],"class_list":["post-9095","page","type-page","status-publish","hentry"],"yoast_head":"<!-- This site is optimized with the Yoast SEO plugin v27.5 - https:\/\/yoast.com\/product\/yoast-seo-wordpress\/ -->\n<title>Starting a new meeting &#8211; Internet and Technology Addicts Anonymous<\/title>\n<meta name=\"robots\" content=\"index, follow, max-snippet:-1, max-image-preview:large, max-video-preview:-1\" \/>\n<link rel=\"canonical\" href=\"https:\/\/internetaddictsanonymous.org\/pl\/rozpoczecie-nowego-spotkania-twarza-w-twarz\/\" \/>\n<meta property=\"og:locale\" content=\"pl_PL\" \/>\n<meta property=\"og:type\" content=\"article\" \/>\n<meta property=\"og:title\" content=\"Starting a new meeting &#8211; Internet and Technology Addicts Anonymous\" \/>\n<meta property=\"og:description\" content=\"Here you can find some suggestions for how to start a new meeting, whether online or a face-to-face meeting in your area. Starting a new meeting is an incredible act of service which can help not only you, but also other struggling addicts in your area. \u2022 The good news is that starting a new &hellip; Continue reading Starting a new meeting\" \/>\n<meta property=\"og:url\" content=\"https:\/\/internetaddictsanonymous.org\/pl\/rozpoczecie-nowego-spotkania-twarza-w-twarz\/\" \/>\n<meta property=\"og:site_name\" content=\"Internet and Technology Addicts Anonymous\" \/>\n<meta property=\"article:modified_time\" content=\"2024-03-02T15:03:10+00:00\" \/>\n<meta name=\"twitter:card\" content=\"summary_large_image\" \/>\n<meta name=\"twitter:label1\" content=\"Szacowany czas czytania\" \/>\n\t<meta name=\"twitter:data1\" content=\"2 minuty\" \/>\n<script type=\"application\/ld+json\" class=\"yoast-schema-graph\">{\"@context\":\"https:\\\/\\\/schema.org\",\"@graph\":[{\"@type\":\"WebPage\",\"@id\":\"https:\\\/\\\/internetaddictsanonymous.org\\\/starting-a-new-face-to-face-meeting\\\/\",\"url\":\"https:\\\/\\\/internetaddictsanonymous.org\\\/starting-a-new-face-to-face-meeting\\\/\",\"name\":\"Starting a new meeting &#8211; Internet and Technology Addicts Anonymous\",\"isPartOf\":{\"@id\":\"https:\\\/\\\/internetaddictsanonymous.org\\\/#website\"},\"datePublished\":\"2019-11-12T19:19:38+00:00\",\"dateModified\":\"2024-03-02T15:03:10+00:00\",\"breadcrumb\":{\"@id\":\"https:\\\/\\\/internetaddictsanonymous.org\\\/starting-a-new-face-to-face-meeting\\\/#breadcrumb\"},\"inLanguage\":\"pl-PL\",\"potentialAction\":[{\"@type\":\"ReadAction\",\"target\":[\"https:\\\/\\\/internetaddictsanonymous.org\\\/starting-a-new-face-to-face-meeting\\\/\"]}]},{\"@type\":\"BreadcrumbList\",\"@id\":\"https:\\\/\\\/internetaddictsanonymous.org\\\/starting-a-new-face-to-face-meeting\\\/#breadcrumb\",\"itemListElement\":[{\"@type\":\"ListItem\",\"position\":1,\"name\":\"Home\",\"item\":\"https:\\\/\\\/internetaddictsanonymous.org\\\/\"},{\"@type\":\"ListItem\",\"position\":2,\"name\":\"Starting a new meeting\"}]},{\"@type\":\"WebSite\",\"@id\":\"https:\\\/\\\/internetaddictsanonymous.org\\\/#website\",\"url\":\"https:\\\/\\\/internetaddictsanonymous.org\\\/\",\"name\":\"Internet and Technology Addicts Anonymous\",\"description\":\"Worldwide 12-step Fellowship for Internet and Technology Addiction\",\"publisher\":{\"@id\":\"https:\\\/\\\/internetaddictsanonymous.org\\\/#organization\"},\"potentialAction\":[{\"@type\":\"SearchAction\",\"target\":{\"@type\":\"EntryPoint\",\"urlTemplate\":\"https:\\\/\\\/internetaddictsanonymous.org\\\/?s={search_term_string}\"},\"query-input\":{\"@type\":\"PropertyValueSpecification\",\"valueRequired\":true,\"valueName\":\"search_term_string\"}}],\"inLanguage\":\"pl-PL\"},{\"@type\":\"Organization\",\"@id\":\"https:\\\/\\\/internetaddictsanonymous.org\\\/#organization\",\"name\":\"Internet and Technology Addicts Anonymous\",\"url\":\"https:\\\/\\\/internetaddictsanonymous.org\\\/\",\"logo\":{\"@type\":\"ImageObject\",\"inLanguage\":\"pl-PL\",\"@id\":\"https:\\\/\\\/internetaddictsanonymous.org\\\/#\\\/schema\\\/logo\\\/image\\\/\",\"url\":\"https:\\\/\\\/internetaddictsanonymous.org\\\/wp-content\\\/uploads\\\/2023\\\/01\\\/cropped-ITAA-logo-480px.png\",\"contentUrl\":\"https:\\\/\\\/internetaddictsanonymous.org\\\/wp-content\\\/uploads\\\/2023\\\/01\\\/cropped-ITAA-logo-480px.png\",\"width\":480,\"height\":480,\"caption\":\"Internet and Technology Addicts Anonymous\"},\"image\":{\"@id\":\"https:\\\/\\\/internetaddictsanonymous.org\\\/#\\\/schema\\\/logo\\\/image\\\/\"}}]}<\/script>\n<!-- \/ Yoast SEO plugin. -->","yoast_head_json":{"title":"Rozpocz\u0119cie nowego spotkania - Anonimowi Uzale\u017cnieni od Internetu i Technologii","robots":{"index":"index","follow":"follow","max-snippet":"max-snippet:-1","max-image-preview":"max-image-preview:large","max-video-preview":"max-video-preview:-1"},"canonical":"https:\/\/internetaddictsanonymous.org\/pl\/rozpoczecie-nowego-spotkania-twarza-w-twarz\/","og_locale":"pl_PL","og_type":"article","og_title":"Starting a new meeting &#8211; Internet and Technology Addicts Anonymous","og_description":"Here you can find some suggestions for how to start a new meeting, whether online or a face-to-face meeting in your area. Starting a new meeting is an incredible act of service which can help not only you, but also other struggling addicts in your area. \u2022 The good news is that starting a new &hellip; Continue reading Starting a new meeting","og_url":"https:\/\/internetaddictsanonymous.org\/pl\/rozpoczecie-nowego-spotkania-twarza-w-twarz\/","og_site_name":"Internet and Technology Addicts Anonymous","article_modified_time":"2024-03-02T15:03:10+00:00","twitter_card":"summary_large_image","twitter_misc":{"Szacowany czas czytania":"2 minuty"},"schema":{"@context":"https:\/\/schema.org","@graph":[{"@type":"WebPage","@id":"https:\/\/internetaddictsanonymous.org\/starting-a-new-face-to-face-meeting\/","url":"https:\/\/internetaddictsanonymous.org\/starting-a-new-face-to-face-meeting\/","name":"Rozpocz\u0119cie nowego spotkania - Anonimowi Uzale\u017cnieni od Internetu i Technologii","isPartOf":{"@id":"https:\/\/internetaddictsanonymous.org\/#website"},"datePublished":"2019-11-12T19:19:38+00:00","dateModified":"2024-03-02T15:03:10+00:00","breadcrumb":{"@id":"https:\/\/internetaddictsanonymous.org\/starting-a-new-face-to-face-meeting\/#breadcrumb"},"inLanguage":"pl-PL","potentialAction":[{"@type":"ReadAction","target":["https:\/\/internetaddictsanonymous.org\/starting-a-new-face-to-face-meeting\/"]}]},{"@type":"BreadcrumbList","@id":"https:\/\/internetaddictsanonymous.org\/starting-a-new-face-to-face-meeting\/#breadcrumb","itemListElement":[{"@type":"ListItem","position":1,"name":"Home","item":"https:\/\/internetaddictsanonymous.org\/"},{"@type":"ListItem","position":2,"name":"Starting a new meeting"}]},{"@type":"WebSite","@id":"https:\/\/internetaddictsanonymous.org\/#website","url":"https:\/\/internetaddictsanonymous.org\/","name":"Anonimowi uzale\u017cnieni od Internetu i technologii","description":"\u015awiatowa wsp\u00f3lnota 12 krok\u00f3w dla uzale\u017cnionych od Internetu i technologii","publisher":{"@id":"https:\/\/internetaddictsanonymous.org\/#organization"},"potentialAction":[{"@type":"SearchAction","target":{"@type":"EntryPoint","urlTemplate":"https:\/\/internetaddictsanonymous.org\/?s={search_term_string}"},"query-input":{"@type":"PropertyValueSpecification","valueRequired":true,"valueName":"search_term_string"}}],"inLanguage":"pl-PL"},{"@type":"Organization","@id":"https:\/\/internetaddictsanonymous.org\/#organization","name":"Anonimowi uzale\u017cnieni od Internetu i technologii","url":"https:\/\/internetaddictsanonymous.org\/","logo":{"@type":"ImageObject","inLanguage":"pl-PL","@id":"https:\/\/internetaddictsanonymous.org\/#\/schema\/logo\/image\/","url":"https:\/\/internetaddictsanonymous.org\/wp-content\/uploads\/2023\/01\/cropped-ITAA-logo-480px.png","contentUrl":"https:\/\/internetaddictsanonymous.org\/wp-content\/uploads\/2023\/01\/cropped-ITAA-logo-480px.png","width":480,"height":480,"caption":"Internet and Technology Addicts Anonymous"},"image":{"@id":"https:\/\/internetaddictsanonymous.org\/#\/schema\/logo\/image\/"}}]}},"jetpack_sharing_enabled":true,"jetpack_shortlink":"https:\/\/wp.me\/P9Fwob-2mH","_links":{"self":[{"href":"https:\/\/internetaddictsanonymous.org\/pl\/wp-json\/wp\/v2\/pages\/9095","targetHints":{"allow":["GET"]}}],"collection":[{"href":"https:\/\/internetaddictsanonymous.org\/pl\/wp-json\/wp\/v2\/pages"}],"about":[{"href":"https:\/\/internetaddictsanonymous.org\/pl\/wp-json\/wp\/v2\/types\/page"}],"author":[{"embeddable":true,"href":"https:\/\/internetaddictsanonymous.org\/pl\/wp-json\/wp\/v2\/users\/35194237"}],"replies":[{"embeddable":true,"href":"https:\/\/internetaddictsanonymous.org\/pl\/wp-json\/wp\/v2\/comments?post=9095"}],"version-history":[{"count":18,"href":"https:\/\/internetaddictsanonymous.org\/pl\/wp-json\/wp\/v2\/pages\/9095\/revisions"}],"predecessor-version":[{"id":17641,"href":"https:\/\/internetaddictsanonymous.org\/pl\/wp-json\/wp\/v2\/pages\/9095\/revisions\/17641"}],"wp:attachment":[{"href":"https:\/\/internetaddictsanonymous.org\/pl\/wp-json\/wp\/v2\/media?parent=9095"}],"wp:term":[{"taxonomy":"post_tag","embeddable":true,"href":"https:\/\/internetaddictsanonymous.org\/pl\/wp-json\/wp\/v2\/tags?post=9095"}],"curies":[{"name":"wp","href":"https:\/\/api.w.org\/{rel}","templated":true}]}}