{"id":9457,"date":"2020-01-05T20:45:38","date_gmt":"2020-01-05T20:45:38","guid":{"rendered":"https:\/\/internetaddictsanonymous.org\/?page_id=9457"},"modified":"2026-01-18T11:11:47","modified_gmt":"2026-01-18T19:11:47","slug":"sponsoring","status":"publish","type":"page","link":"https:\/\/internetaddictsanonymous.org\/pl\/sponsorship\/","title":{"rendered":"Znaczenie sponsoringu"},"content":{"rendered":"<h4 class=\"wp-block-heading\"><strong>Co to jest sponsorowanie?<\/strong><\/h4>\n\n\n\n<p>Sponsoring ma d\u0142ug\u0105 tradycj\u0119 w 12-stopniowych stypendiach. Sponsor to bardziej do\u015bwiadczony cz\u0142onek, kt\u00f3ry mo\u017ce pom\u00f3c poprowadzi\u0107 nowszego cz\u0142onka przez 12 krok\u00f3w do powrotu do zdrowia. Sponsor mo\u017ce r\u00f3wnie\u017c pom\u00f3c w okre\u015bleniu g\u00f3rnej, \u015brodkowej i dolnej linii lub zasugerowa\u0107, jak wprowadzi\u0107 trze\u017awo\u015b\u0107 lub przywr\u00f3ci\u0107 j\u0105 po okresie nawrotu. W tej nieformalnej i dobrowolnej relacji sponsor dzieli si\u0119 swoim do\u015bwiadczeniem, si\u0142\u0105 i nadziej\u0105. Posiadanie sponsora daje sponsorowi mo\u017cliwo\u015b\u0107 zadawania pyta\u0144 oraz uzyskania wsparcia i odpowiedzialno\u015bci. Wielu z nas przekona\u0142o si\u0119, \u017ce nasz powr\u00f3t do zdrowia sta\u0142 si\u0119 bardziej stabilny dopiero po znalezieniu sponsora i przepracowaniu z nim dwunastu krok\u00f3w.<br><br> <\/p>\n\n\n\n<h4 class=\"wp-block-heading\"><strong>Jak znale\u017a\u0107 sponsora?<\/strong><\/h4>\n\n\n\n<p>Jednym z najlepszych sposob\u00f3w nawi\u0105zania kontaktu ze sponsorem s\u0105 rozmowy z innymi cz\u0142onkami. Uczestnicz\u0105c w spotkaniach, s\u0142uchamy os\u00f3b, kt\u00f3re \u201emaj\u0105 to, czego chcemy\u201d i docieramy do nich. Pytamy ich, jak d\u0142ugo s\u0105 we wsp\u00f3lnocie, czy sami maj\u0105 sponsora i czy przepracowali etapy lub aktywnie pracuj\u0105 nad etapami. Po zapoznaniu si\u0119 z nimi troch\u0119 poprzez rozmowy informacyjne, mo\u017cemy zdecydowa\u0107 si\u0119 zapyta\u0107 ich, czy s\u0105 w stanie nas sponsorowa\u0107. W naszym programie stawiamy na post\u0119p, a nie na perfekcj\u0119 i prawdopodobnie nigdy nie znajdziemy \u201eidealnego\u201d sponsora. Wa\u017cne jest to, \u017ce potencjalny sponsor jest szczery w kwestii swojego powrotu do zdrowia i uzyska\u0142 pewn\u0105 stabiln\u0105 trze\u017awo\u015b\u0107.<\/p>\n\n\n\n<p>Wa\u017cne jest, aby mie\u0107 dobre relacje z naszym sponsorem, aby mog\u0142y odbywa\u0107 si\u0119 otwarte i szczere rozmowy. R\u00f3\u017cni ludzie potrzebuj\u0105 r\u00f3\u017cnych rzeczy w relacji sponsorskiej \u2013 niekt\u00f3rzy potrzebuj\u0105 \u0142agodniejszego podej\u015bcia, podczas gdy inni potrzebuj\u0105 kogo\u015b, kto mo\u017ce ich popchn\u0105\u0107. Dla niekt\u00f3rych os\u00f3b wa\u017cne jest, aby ich sponsor korzysta\u0142 z IT w podobny spos\u00f3b. Te potrzeby mog\u0105 si\u0119 zmienia\u0107 w miar\u0119 rozwoju programu. Zbadanie oczekiwa\u0144 zar\u00f3wno sponsora, jak i osoby sponsorowanej ma kluczowe znaczenie dla zdrowego zwi\u0105zku. Jest to relacja poufna, kt\u00f3ra r\u00f3wnie\u017c wymaga silnych granic. Dobrze jest wiedzie\u0107, \u017ce po kilku spotkaniach, je\u015bli nie wydaje si\u0119 to by\u0107 dobrym dopasowaniem, obie osoby mog\u0105 to powiedzie\u0107 i polubownie rozsta\u0107 si\u0119.<\/p>\n\n\n\n<p>Poniewa\u017c w ITAA nie ma jeszcze zbyt wielu sponsor\u00f3w, niekt\u00f3rzy cz\u0142onkowie znale\u017ali sponsor\u00f3w w innych programach dwunastoetapowych. W takich przypadkach wa\u017cne jest, aby sponsor by\u0142 otwarty na ide\u0119 uzale\u017cnienia od Internetu i technologii. Wielu z nas cz\u0119sto nie jest w stanie porusza\u0107 si\u0119 w \u017cyciu bez u\u017cycia technologii, wi\u0119c trze\u017awo\u015b\u0107 w ITAA zwykle nie jest tak absolutna, jak w przypadku alkoholu lub substancji. Z tego powodu pomocne mo\u017ce by\u0107 znalezienie sponsora z do\u015bwiadczeniem wychodzenia z uzale\u017cnienia, takiego jak jedzenie, seks lub mi\u0142o\u015b\u0107. Wiele narz\u0119dzi, kt\u00f3rych u\u017cywamy w ITAA, jest podobnych do narz\u0119dzi w tych programach.&nbsp;<\/p>\n\n\n\n<p>Historycznie w 12-etapowych stypendiach sugerowano, \u017ce cz\u0142onkowie zwracaj\u0105 uwag\u0119 na p\u0142e\u0107, orientacj\u0119 seksualn\u0105 i wszelkie uczucia romantycznego poci\u0105gu przy wyborze sponsora \/ sponsora. Na przyk\u0142ad heteroseksualna kobieta mo\u017ce unika\u0107 sponsorowania heteroseksualnego m\u0119\u017cczyzny. Je\u015bli istnieje nawet niewielka mo\u017cliwo\u015b\u0107, \u017ce mo\u017cemy rozwin\u0105\u0107 uczucia do drugiej strony, jest to pow\u00f3d do powa\u017cnego rozwa\u017cenia, czy i\u015b\u0107 dalej.&nbsp;<br><br> <\/p>\n\n\n\n<h4 class=\"wp-block-heading\"><strong>Co to jest wsp\u00f3\u0142sponsorowanie? Jak to dzia\u0142a?<\/strong><\/h4>\n\n\n\n<p>We wsp\u00f3\u0142sponsorowaniu dwie osoby sponsoruj\u0105 si\u0119 nawzajem w pracy nad krokami. Zwykle pomaga, je\u015bli jedna lub obie osoby mia\u0142y do\u015bwiadczenie w pracy z dwunastoma krokami w innym programie. Cz\u0142onek mo\u017ce by\u0107 nowy w ITAA, ale mie\u0107 lata trze\u017awo\u015bci w innych dwunastostopniowych stypendiach. Cz\u0142onkowie ci maj\u0105 cenne do\u015bwiadczenie, si\u0142\u0119 i nadziej\u0119, \u017ce b\u0119d\u0105 mogli dzieli\u0107 si\u0119 z innymi i wnie\u015b\u0107 do w\u0142asnego powrotu do zdrowia ITAA.<br><br> <\/p>\n\n\n\n<h4 class=\"wp-block-heading\"><strong>Kiedy jestem got\u00f3w zasponsorowa\u0107 kogo\u015b innego?<\/strong><\/h4>\n\n\n\n<p>Rozpocz\u0119cie sponsorowania jest w porz\u0105dku, zanim poczujemy si\u0119 w pe\u0142ni gotowi. To mo\u017ce wydawa\u0107 si\u0119 onie\u015bmielaj\u0105ce, a czasami mo\u017cemy czu\u0107, \u017ce nie wiemy wystarczaj\u0105co du\u017co lub wci\u0105\u017c walczymy. Om\u00f3wienie tego z naszym sponsorem przed rozpocz\u0119ciem sponsorowania innych mo\u017ce by\u0107 pomocne w uzyskaniu jasno\u015bci. Zazwyczaj pozwalamy innym pyta\u0107 nas, czy jeste\u015bmy dost\u0119pni do sponsorowania, zamiast dociera\u0107 do poszczeg\u00f3lnych os\u00f3b i sami zg\u0142asza\u0107 si\u0119 na wolontariat.&nbsp;<\/p>\n\n\n\n<p>Mo\u017cemy spr\u00f3bowa\u0107 by\u0107 dla kogo\u015b tymczasowym sponsorem przez okres 1-3 miesi\u0119cy, aby zobaczy\u0107, jak to jest. Kiedy zaczynamy sponsorowa\u0107, szczere i szczere informowanie o tym, gdzie jeste\u015bmy z naszym zdrowieniem i brakiem do\u015bwiadczenia, mo\u017ce pom\u00f3c zmniejszy\u0107 presj\u0119, jak\u0105 mo\u017cemy odczuwa\u0107. Jako sponsorzy nie jeste\u015bmy idealni i dobrze jest nie zna\u0107 wszystkich odpowiedzi. Zawsze mo\u017cemy zwr\u00f3ci\u0107 si\u0119 do innych cz\u0142onk\u00f3w, kt\u00f3rzy maj\u0105 do\u015bwiadczenie w sponsorowaniu w tej lub innej wsp\u00f3lnocie i poprosi\u0107 o pomoc lub zadawa\u0107 pytania. Wa\u017cne jest, aby\u015bmy przed rozpocz\u0119ciem sponsorowania posiadali silne relacje ze sponsorem lub wsp\u00f3\u0142sponsorem. Powinni\u015bmy r\u00f3wnie\u017c by\u0107 wystarczaj\u0105co daleko w naszej w\u0142asnej pracy krokowej, aby\u015bmy mogli pom\u00f3c poprowadzi\u0107 osob\u0119, kt\u00f3r\u0105 sponsorujemy, przez te kroki.<\/p>\n\n\n\n<p>Gdy zdob\u0119dziemy wi\u0119cej do\u015bwiadczenia w sponsorowaniu innych, staniemy si\u0119 bardziej pewni siebie i wra\u017cliwi na to, jakie sposoby sponsorowania s\u0105 dla nas najbardziej naturalne. Odbieranie telefon\u00f3w kontaktowych, zw\u0142aszcza z nowoprzyby\u0142ymi, mo\u017ce by\u0107 sposobem na rozpocz\u0119cie nauki, jak by\u0107 pomocnym poprzez empatyczne s\u0142uchanie i dzielenie si\u0119 w\u0142asnym do\u015bwiadczeniem.<br><br> <\/p>\n\n\n\n<h4 class=\"wp-block-heading\"><strong>Dlaczego sponsorowa\u0107?<\/strong><\/h4>\n\n\n\n<p>W 12. kroku ITAA staramy si\u0119 \u201ezanie\u015b\u0107 t\u0119 wiadomo\u015b\u0107 osobom uzale\u017cnionym od internetu i technologii\u201d. Sponsoring wzmacnia nasz powr\u00f3t do zdrowia. Zosta\u0142o to udowodnione w historii wszystkich program\u00f3w 12-krokowych, a tak\u017ce w ITAA. Sponsoruj\u0105c innych, analizujemy nasz w\u0142asny program, a to sprawia, \u017ce pracujemy i idziemy do przodu. Chocia\u017c jest to zobowi\u0105zanie, nagroda za do\u015bwiadczenie jest tego warta!<br><br> <\/p>\n\n\n\n<h4 class=\"wp-block-heading\"><strong>Co si\u0119 stanie, je\u015bli m\u00f3j sponsee nawr\u00f3ci?<\/strong><\/h4>\n\n\n\n<p>Nale\u017cy pami\u0119ta\u0107, \u017ce nie jeste\u015bmy odpowiedzialni za powr\u00f3t do zdrowia osoby, kt\u00f3r\u0105 sponsorujemy. Naszym jedynym obowi\u0105zkiem jako sponsora jest oferowanie programu ITAA tak, jak go rozumiemy i dzielenie si\u0119 w\u0142asnym do\u015bwiadczeniem. Wa\u017cne jest, aby uwolni\u0107 si\u0119 od oczekiwa\u0144 i by\u0107 czujnym na wsp\u00f3\u0142zale\u017cno\u015b\u0107 lub pr\u00f3by \u201enaprawienia\u201d drugiej osoby. Nie jest nasz\u0105 rol\u0105 nie\u015b\u0107 tego, kt\u00f3rego sponsorujemy, ani by\u0107 ich Si\u0142\u0105 Wy\u017csz\u0105. Ich do\u015bwiadczenie zdrowienia jest ich w\u0142asnym; mo\u017cemy by\u0107 ich \u015bwiadkami i wspiera\u0107, ale nie mo\u017cemy ich odzyska\u0107.<br><br> <\/p>\n\n\n\n<h4 class=\"wp-block-heading\"><strong>Co si\u0119 stanie, je\u015bli zaczn\u0119 rozwija\u0107 uczucia do mojego sponsora\/podopiecznego?&nbsp;<\/strong><\/h4>\n\n\n\n<p>Romantyczny poci\u0105g lub zwi\u0105zek mi\u0119dzy sponsorem a sponsorem mo\u017ce rozprasza\u0107, dezorientowa\u0107, bolesny, a nawet niszcz\u0105cy. Wa\u017cne jest ustalenie i utrzymanie silnych granic w zwi\u0105zku, aby zminimalizowa\u0107 szanse wyrz\u0105dzenia krzywdy. Je\u015bli w dowolnym momencie sponsor lub osoba sponsoruj\u0105ca zauwa\u017cy, \u017ce rozwija si\u0119 romantyczna atrakcja, zaleca si\u0119, aby przedyskutowali to z zaufanym facetem. Cz\u0119sto w takich przypadkach najbardziej sensowne mo\u017ce by\u0107 polubowne zako\u0144czenie sponsoringu w spos\u00f3b wspieraj\u0105cy. Uczciwa dyskusja jest wa\u017cna, aby zobaczy\u0107, jak mo\u017cna sobie z tym poradzi\u0107 bez zak\u0142\u00f3cania powrotu do zdrowia kt\u00f3rejkolwiek z os\u00f3b.<br><br> <\/p>\n\n\n\n<h4 class=\"wp-block-heading\"><strong>Czym jest trzynasty krok?\u00a0<\/strong><\/h4>\n\n\n\n<p id=\"block-f4cc2ef5-469a-47b7-9d20-bcd09a8478d0\">W programach Dwunastu Krok\u00f3w, \u201cTrzynasty Krok\u201d polega na manipulowaniu inn\u0105 osob\u0105 w trakcie zdrowienia, zw\u0142aszcza nowicjuszem lub podopiecznym, w celu nawi\u0105zania relacji seksualnej lub romantycznej. Takie zachowanie jest niew\u0142a\u015bciwe i stanowczo odradzane w ITAA. Zach\u0119camy nowicjuszy do unikania wsp\u00f3\u0142pracy ze sponsorami lub nawi\u0105zywania relacji telefonicznych z cz\u0142onkami, z kt\u00f3rymi mogliby\u015bmy nawi\u0105za\u0107 poci\u0105g seksualny lub romantyczny. Je\u015bli czujesz, \u017ce jeste\u015b obiektem niew\u0142a\u015bciwej lub niechcianej uwagi seksualnej lub romantycznej, porozmawiaj z zaufanym cz\u0142onkiem \u2013 anonimowo\u015b\u0107 i poufno\u015b\u0107 nie stanowi\u0105 kamufla\u017cu dla niew\u0142a\u015bciwego zachowania.<\/p>\n\n\n\n<p id=\"block-f4cc2ef5-469a-47b7-9d20-bcd09a8478d0\">Aby uzyska\u0107 wi\u0119cej informacji na temat reagowania na niew\u0142a\u015bciwe zachowanie, zapoznaj si\u0119 z nasz\u0105 <a href=\"https:\/\/internetaddictsanonymous.org\/pl\/safety-in-itaa\/\">przewodnik po bezpiecze\u0144stwie w ITAA<\/a>.<br><br><br><\/p>\n\n\n\n<h4 class=\"wp-block-heading\"><strong>W jaki spos\u00f3b mog\u0119 pom\u00f3c nowoprzyby\u0142ym, je\u015bli nie czuj\u0119, \u017ce jestem jeszcze gotowy do sponsorowania?&nbsp;<\/strong><\/h4>\n\n\n\n<p>Wykonywanie s\u0142u\u017cby jest g\u0142\u00f3wn\u0105 zasad\u0105 12-stopniowych stypendi\u00f3w. Ch\u0119\u0107 porozmawiania z nowoprzyby\u0142ymi poprzez pozostanie po spotkaniu lub podanie im naszego numeru telefonu w przypadku dalszych pyta\u0144 to wspania\u0142y spos\u00f3b na s\u0142u\u017cenie pomoc\u0105. S\u0142uchanie, dzielenie si\u0119 w\u0142asnymi do\u015bwiadczeniami i proponowanie sugestii opartych na tym, co nam pomog\u0142o, s\u0105 niezwykle wa\u017cne dla nowicjusza w ITAA. Daje r\u00f3wnie\u017c nasz w\u0142asny program i si\u0142\u0119 regeneracji oraz utrzymuje \u015bwie\u017co\u015b\u0107. Na stronie ITAA znajduje si\u0119 r\u00f3wnie\u017c lista wolnych stanowisk serwisowych. Cz\u0119sto s\u0142ycha\u0107 to w 12-stopniowych pokojach: \u201eZachowujemy tylko to, co mamy, oddaj\u0105c to!\u201d&nbsp;<\/p>\n\n\n\n<hr class=\"wp-block-separator has-alpha-channel-opacity\"\/>\n\n\n\n<p><em>Ta strona zosta\u0142a napisana przez Komitet ds. zawarto\u015bci stron internetowych ITAA. Je\u015bli chcia\u0142by\u015b podzieli\u0107 si\u0119 z nami swoimi uwagami lub wnie\u015b\u0107 sw\u00f3j wk\u0142ad w nasze wysi\u0142ki, z przyjemno\u015bci\u0105 wys\u0142uchamy Ci\u0119 lub we\u017amiesz udzia\u0142 w jednym z naszych spotka\u0144. Wi\u0119cej szczeg\u00f3\u0142\u00f3w mo\u017cna znale\u017a\u0107 na stronie&nbsp;<a href=\"https:\/\/internetaddictsanonymous.org\/pl\/otwarte-stanowiska-serwisowe\/\">Komitety S\u0142u\u017cby<\/a>&nbsp;strona.<\/em><\/p>\n<!-- PMB print buttons is only displayed on a single post\/page URLs-->","protected":false},"excerpt":{"rendered":"<p>Co to jest sponsoring? Sponsoring ma d\u0142ug\u0105 tradycj\u0119 w ramach 12-stopniowych stypendi\u00f3w. Sponsor to bardziej do\u015bwiadczony cz\u0142onek, kt\u00f3ry mo\u017ce pom\u00f3c nowicjuszowi przej\u015b\u0107 przez 12 krok\u00f3w i powr\u00f3ci\u0107 do zdrowia. Sponsor mo\u017ce r\u00f3wnie\u017c pom\u00f3c w okre\u015bleniu g\u0142\u00f3wnych, \u015brodkowych i ko\u0144cowych cel\u00f3w lub zasugerowa\u0107, jak osi\u0105gn\u0105\u0107 trze\u017awo\u015b\u0107 lub przywr\u00f3ci\u0107 j\u0105 po\u2026 <a href=\"https:\/\/internetaddictsanonymous.org\/pl\/sponsorship\/\" class=\"more-link\">Kontynuuj czytanie <span class=\"screen-reader-text\">Znaczenie sponsoringu<\/span><\/a><\/p>","protected":false},"author":35194237,"featured_media":0,"parent":0,"menu_order":0,"comment_status":"closed","ping_status":"closed","template":"full-width-page.php","meta":{"inline_featured_image":false,"_lmt_disableupdate":"no","_lmt_disable":"","footnotes":""},"tags":[],"class_list":["post-9457","page","type-page","status-publish","hentry"],"yoast_head":"<!-- This site is optimized with the Yoast SEO plugin v27.4 - https:\/\/yoast.com\/product\/yoast-seo-wordpress\/ -->\n<title>The Importance of Sponsorship &#8211; Internet and Technology Addicts Anonymous<\/title>\n<meta name=\"robots\" content=\"index, follow, max-snippet:-1, max-image-preview:large, max-video-preview:-1\" \/>\n<link rel=\"canonical\" href=\"https:\/\/internetaddictsanonymous.org\/pl\/sponsoring\/\" \/>\n<meta property=\"og:locale\" content=\"pl_PL\" \/>\n<meta property=\"og:type\" content=\"article\" \/>\n<meta property=\"og:title\" content=\"The Importance of Sponsorship &#8211; Internet and Technology Addicts Anonymous\" \/>\n<meta property=\"og:description\" content=\"What is sponsorship? Sponsorship has a long-standing tradition in 12-step fellowships. A sponsor is a more experienced member who can help guide a newer member through the 12 steps and towards recovery. A sponsor may also help define top, middle, and bottom lines or make suggestions about how to establish sobriety or reestablish it after &hellip; Continue reading The Importance of Sponsorship\" \/>\n<meta property=\"og:url\" content=\"https:\/\/internetaddictsanonymous.org\/pl\/sponsoring\/\" \/>\n<meta property=\"og:site_name\" content=\"Internet and Technology Addicts Anonymous\" \/>\n<meta property=\"article:modified_time\" content=\"2026-01-18T19:11:47+00:00\" \/>\n<meta name=\"twitter:card\" content=\"summary_large_image\" \/>\n<meta name=\"twitter:label1\" content=\"Szacowany czas czytania\" \/>\n\t<meta name=\"twitter:data1\" content=\"7 minut\" \/>\n<script type=\"application\/ld+json\" class=\"yoast-schema-graph\">{\"@context\":\"https:\\\/\\\/schema.org\",\"@graph\":[{\"@type\":\"WebPage\",\"@id\":\"https:\\\/\\\/internetaddictsanonymous.org\\\/sponsorship\\\/\",\"url\":\"https:\\\/\\\/internetaddictsanonymous.org\\\/sponsorship\\\/\",\"name\":\"The Importance of Sponsorship &#8211; Internet and Technology Addicts Anonymous\",\"isPartOf\":{\"@id\":\"https:\\\/\\\/internetaddictsanonymous.org\\\/#website\"},\"datePublished\":\"2020-01-05T20:45:38+00:00\",\"dateModified\":\"2026-01-18T19:11:47+00:00\",\"breadcrumb\":{\"@id\":\"https:\\\/\\\/internetaddictsanonymous.org\\\/sponsorship\\\/#breadcrumb\"},\"inLanguage\":\"pl-PL\",\"potentialAction\":[{\"@type\":\"ReadAction\",\"target\":[\"https:\\\/\\\/internetaddictsanonymous.org\\\/sponsorship\\\/\"]}]},{\"@type\":\"BreadcrumbList\",\"@id\":\"https:\\\/\\\/internetaddictsanonymous.org\\\/sponsorship\\\/#breadcrumb\",\"itemListElement\":[{\"@type\":\"ListItem\",\"position\":1,\"name\":\"Home\",\"item\":\"https:\\\/\\\/internetaddictsanonymous.org\\\/\"},{\"@type\":\"ListItem\",\"position\":2,\"name\":\"The Importance of Sponsorship\"}]},{\"@type\":\"WebSite\",\"@id\":\"https:\\\/\\\/internetaddictsanonymous.org\\\/#website\",\"url\":\"https:\\\/\\\/internetaddictsanonymous.org\\\/\",\"name\":\"Internet and Technology Addicts Anonymous\",\"description\":\"Worldwide 12-step Fellowship for Internet and Technology Addiction\",\"publisher\":{\"@id\":\"https:\\\/\\\/internetaddictsanonymous.org\\\/#organization\"},\"potentialAction\":[{\"@type\":\"SearchAction\",\"target\":{\"@type\":\"EntryPoint\",\"urlTemplate\":\"https:\\\/\\\/internetaddictsanonymous.org\\\/?s={search_term_string}\"},\"query-input\":{\"@type\":\"PropertyValueSpecification\",\"valueRequired\":true,\"valueName\":\"search_term_string\"}}],\"inLanguage\":\"pl-PL\"},{\"@type\":\"Organization\",\"@id\":\"https:\\\/\\\/internetaddictsanonymous.org\\\/#organization\",\"name\":\"Internet and Technology Addicts Anonymous\",\"url\":\"https:\\\/\\\/internetaddictsanonymous.org\\\/\",\"logo\":{\"@type\":\"ImageObject\",\"inLanguage\":\"pl-PL\",\"@id\":\"https:\\\/\\\/internetaddictsanonymous.org\\\/#\\\/schema\\\/logo\\\/image\\\/\",\"url\":\"https:\\\/\\\/internetaddictsanonymous.org\\\/wp-content\\\/uploads\\\/2023\\\/01\\\/cropped-ITAA-logo-480px.png\",\"contentUrl\":\"https:\\\/\\\/internetaddictsanonymous.org\\\/wp-content\\\/uploads\\\/2023\\\/01\\\/cropped-ITAA-logo-480px.png\",\"width\":480,\"height\":480,\"caption\":\"Internet and Technology Addicts Anonymous\"},\"image\":{\"@id\":\"https:\\\/\\\/internetaddictsanonymous.org\\\/#\\\/schema\\\/logo\\\/image\\\/\"}}]}<\/script>\n<!-- \/ Yoast SEO plugin. -->","yoast_head_json":{"title":"Znaczenie sponsorowania - Anonimowi Uzale\u017cnieni od Internetu i Technologii","robots":{"index":"index","follow":"follow","max-snippet":"max-snippet:-1","max-image-preview":"max-image-preview:large","max-video-preview":"max-video-preview:-1"},"canonical":"https:\/\/internetaddictsanonymous.org\/pl\/sponsoring\/","og_locale":"pl_PL","og_type":"article","og_title":"The Importance of Sponsorship &#8211; Internet and Technology Addicts Anonymous","og_description":"What is sponsorship? Sponsorship has a long-standing tradition in 12-step fellowships. A sponsor is a more experienced member who can help guide a newer member through the 12 steps and towards recovery. A sponsor may also help define top, middle, and bottom lines or make suggestions about how to establish sobriety or reestablish it after &hellip; Continue reading The Importance of Sponsorship","og_url":"https:\/\/internetaddictsanonymous.org\/pl\/sponsoring\/","og_site_name":"Internet and Technology Addicts Anonymous","article_modified_time":"2026-01-18T19:11:47+00:00","twitter_card":"summary_large_image","twitter_misc":{"Szacowany czas czytania":"7 minut"},"schema":{"@context":"https:\/\/schema.org","@graph":[{"@type":"WebPage","@id":"https:\/\/internetaddictsanonymous.org\/sponsorship\/","url":"https:\/\/internetaddictsanonymous.org\/sponsorship\/","name":"Znaczenie sponsorowania - Anonimowi Uzale\u017cnieni od Internetu i Technologii","isPartOf":{"@id":"https:\/\/internetaddictsanonymous.org\/#website"},"datePublished":"2020-01-05T20:45:38+00:00","dateModified":"2026-01-18T19:11:47+00:00","breadcrumb":{"@id":"https:\/\/internetaddictsanonymous.org\/sponsorship\/#breadcrumb"},"inLanguage":"pl-PL","potentialAction":[{"@type":"ReadAction","target":["https:\/\/internetaddictsanonymous.org\/sponsorship\/"]}]},{"@type":"BreadcrumbList","@id":"https:\/\/internetaddictsanonymous.org\/sponsorship\/#breadcrumb","itemListElement":[{"@type":"ListItem","position":1,"name":"Home","item":"https:\/\/internetaddictsanonymous.org\/"},{"@type":"ListItem","position":2,"name":"The Importance of Sponsorship"}]},{"@type":"WebSite","@id":"https:\/\/internetaddictsanonymous.org\/#website","url":"https:\/\/internetaddictsanonymous.org\/","name":"Anonimowi uzale\u017cnieni od Internetu i technologii","description":"\u015awiatowa wsp\u00f3lnota 12 krok\u00f3w dla uzale\u017cnionych od Internetu i technologii","publisher":{"@id":"https:\/\/internetaddictsanonymous.org\/#organization"},"potentialAction":[{"@type":"SearchAction","target":{"@type":"EntryPoint","urlTemplate":"https:\/\/internetaddictsanonymous.org\/?s={search_term_string}"},"query-input":{"@type":"PropertyValueSpecification","valueRequired":true,"valueName":"search_term_string"}}],"inLanguage":"pl-PL"},{"@type":"Organization","@id":"https:\/\/internetaddictsanonymous.org\/#organization","name":"Anonimowi uzale\u017cnieni od Internetu i technologii","url":"https:\/\/internetaddictsanonymous.org\/","logo":{"@type":"ImageObject","inLanguage":"pl-PL","@id":"https:\/\/internetaddictsanonymous.org\/#\/schema\/logo\/image\/","url":"https:\/\/internetaddictsanonymous.org\/wp-content\/uploads\/2023\/01\/cropped-ITAA-logo-480px.png","contentUrl":"https:\/\/internetaddictsanonymous.org\/wp-content\/uploads\/2023\/01\/cropped-ITAA-logo-480px.png","width":480,"height":480,"caption":"Internet and Technology Addicts Anonymous"},"image":{"@id":"https:\/\/internetaddictsanonymous.org\/#\/schema\/logo\/image\/"}}]}},"jetpack_sharing_enabled":true,"jetpack_shortlink":"https:\/\/wp.me\/P9Fwob-2sx","_links":{"self":[{"href":"https:\/\/internetaddictsanonymous.org\/pl\/wp-json\/wp\/v2\/pages\/9457","targetHints":{"allow":["GET"]}}],"collection":[{"href":"https:\/\/internetaddictsanonymous.org\/pl\/wp-json\/wp\/v2\/pages"}],"about":[{"href":"https:\/\/internetaddictsanonymous.org\/pl\/wp-json\/wp\/v2\/types\/page"}],"author":[{"embeddable":true,"href":"https:\/\/internetaddictsanonymous.org\/pl\/wp-json\/wp\/v2\/users\/35194237"}],"replies":[{"embeddable":true,"href":"https:\/\/internetaddictsanonymous.org\/pl\/wp-json\/wp\/v2\/comments?post=9457"}],"version-history":[{"count":46,"href":"https:\/\/internetaddictsanonymous.org\/pl\/wp-json\/wp\/v2\/pages\/9457\/revisions"}],"predecessor-version":[{"id":20908,"href":"https:\/\/internetaddictsanonymous.org\/pl\/wp-json\/wp\/v2\/pages\/9457\/revisions\/20908"}],"wp:attachment":[{"href":"https:\/\/internetaddictsanonymous.org\/pl\/wp-json\/wp\/v2\/media?parent=9457"}],"wp:term":[{"taxonomy":"post_tag","embeddable":true,"href":"https:\/\/internetaddictsanonymous.org\/pl\/wp-json\/wp\/v2\/tags?post=9457"}],"curies":[{"name":"wp","href":"https:\/\/api.w.org\/{rel}","templated":true}]}}